{"id":18143,"date":"2022-09-28T16:42:33","date_gmt":"2022-09-28T16:42:33","guid":{"rendered":"https:\/\/boutique-one-piece.com\/?page_id=18143"},"modified":"2024-09-16T16:20:10","modified_gmt":"2024-09-16T16:20:10","slug":"returpolitik","status":"publish","type":"page","link":"https:\/\/boutique-one-piece.com\/da\/returpolitik\/","title":{"rendered":"RETUR- OG REFUNDERINGSPOLITIK"},"content":{"rendered":"<div data-elementor-type=\"wp-page\" data-elementor-id=\"18143\" class=\"elementor elementor-18143\">\n\t\t\t\t\t\t<section class=\"elementor-section elementor-top-section elementor-element elementor-element-953f58b elementor-section-boxed elementor-section-height-default elementor-section-height-default\" data-id=\"953f58b\" data-element_type=\"section\" data-e-type=\"section\">\n\t\t\t\t\t\t<div class=\"elementor-container elementor-column-gap-default\">\n\t\t\t\t\t<div class=\"elementor-column elementor-col-100 elementor-top-column elementor-element elementor-element-529c7010\" data-id=\"529c7010\" data-element_type=\"column\" data-e-type=\"column\">\n\t\t\t<div class=\"elementor-widget-wrap elementor-element-populated\">\n\t\t\t\t\t\t<div class=\"elementor-element elementor-element-3997c122 elementor-widget elementor-widget-text-editor\" data-id=\"3997c122\" data-element_type=\"widget\" data-e-type=\"widget\" data-widget_type=\"text-editor.default\">\n\t\t\t\t<div class=\"elementor-widget-container\">\n\t\t\t\t\t\t\t\t\t\n<p>RETURER<br \/><br \/>\u2014-<br \/><br \/>Vores politik g\u00e6lder i 30 dage. Hvis der er g\u00e5et 30 dage siden dit k\u00f8b, kan vi desv\u00e6rre ikke tilbyde dig refusion eller ombytning.<br \/><br \/>For at v\u00e6re berettiget til returnering skal din vare v\u00e6re ubrugt og i samme stand, som du modtog den. Den skal ogs\u00e5 v\u00e6re i original emballage.<br \/><br \/>Flere typer produkter kan ikke returneres. Letford\u00e6rvelige varer s\u00e5som mad, blomster eller blade kan ikke returneres. Vi accepterer heller ikke intime eller hygiejneprodukter, farlige materialer eller brandfarlige v\u00e6sker eller gasser.<br \/><br \/>Andre varer, der ikke kan returneres:<br \/>Gavekort<br \/>* Software, der kan downloades<br \/>* Visse sundheds- og personlig plejeprodukter<br \/><br \/>For at returnere varen skal du fremvise en kvittering eller et k\u00f8bsbevis.<br \/><br \/>Returner venligst ikke dit k\u00f8b til producenten.<br \/><br \/>Der er visse situationer, hvor der kun ydes en delvis refusion: (hvis relevant)<br \/>* B\u00f8ger med tydelige brugsspor.<br \/>* \u00c5bnet cd, dvd, VHS-kassette, software, videospil, kassette eller vinylplade.<br \/>* Enhver vare, der ikke er i sin oprindelige stand, er beskadiget eller har manglende dele, som ikke skyldes en fejl fra vores side.<br \/>* Enhver vare, der returneres mere end 30 dage efter levering.<br \/><br \/>Refusioner (hvis relevant)<br \/>N\u00e5r vi har modtaget og inspiceret den returnerede vare, sender vi dig en e-mail for at bekr\u00e6fte modtagelsen. Vi vil ogs\u00e5 informere dig om vores beslutning om godkendelse eller afvisning af din refusionsanmodning.<br \/>Hvis din anmodning godkendes, vil din refusion blive behandlet, og der vil automatisk blive fratrukket et bel\u00f8b p\u00e5 dit kreditkort eller din oprindelige betalingsmetode inden for 10 hverdage.<br \/><br \/>Forsinkede eller manglende refusioner (hvis relevant)<br \/>Hvis du endnu ikke har modtaget din refusion, bedes du f\u00f8rst tjekke din bankkonto igen.<br \/>Kontakt derefter din kreditkortudsteder, da der kan v\u00e6re en forsinkelse, f\u00f8r din refusion officielt bogf\u00f8res.<br \/>Kontakt derefter din bank. Der er ofte en behandlingstid, f\u00f8r en refusion bogf\u00f8res.<br \/>Hvis du stadig ikke har modtaget din refusion efter at have gennemf\u00f8rt alle disse trin, bedes du kontakte os p\u00e5 contact@boutique-one-piece.com. .<br \/><br \/>Udsalgsvarer (hvis relevant)<br \/>Kun varer til fuld pris er berettiget til refusion. Udsalgsvarer refunderes desv\u00e6rre ikke.<br \/><br \/>Byttehandel (hvis relevant)<br \/>Vi erstatter kun varer, hvis de er defekte eller beskadigede. Hvis du \u00f8nsker at bytte den til den samme vare, bedes du sende os en e-mail p\u00e5 contact@boutique-one-piece.com.<\/p>\n\n\n\n<p><br \/>Gaver<br \/>Hvis den returnerede vare var markeret som en gave, da den blev k\u00f8bt og sendt direkte til dig, modtager du en gavekredit svarende til v\u00e6rdien af din returnering. N\u00e5r vi modtager den returnerede vare, sender vi dig et gavekort.<br \/><br \/>Hvis varen ikke var markeret som en gave p\u00e5 k\u00f8bstidspunktet, eller hvis gavegiveren foretrak at modtage varen f\u00f8rst for at give den til dig senere, sender vi en refusion til gavegiveren, og de vil blive underrettet om, at du har returneret varen.<br \/><br \/>Forsendelse<br \/>For at returnere et produkt skal du sende det med posten.<br \/><br \/>Du er ansvarlig for at betale dine egne forsendelsesomkostninger for returnering af din vare. Forsendelsesomkostninger refunderes ikke. Hvis du modtager en refusion, vil returforsendelsesomkostningerne blive fratrukket denne.<br \/><br \/>Afh\u00e6ngigt af hvor du bor, kan den tid det tager at modtage dit ombyttede produkt variere.<br \/><br \/>Hvis du sender en vare til en v\u00e6rdi af mere end $75, b\u00f8r du overveje at bruge en sporbar fragttjeneste eller k\u00f8be en fragtforsikring. Vi kan ikke garantere, at vi modtager din returnerede vare.<\/p>\n\n\t\t\t\t\t\t\t\t<\/div>\n\t\t\t\t<\/div>\n\t\t\t\t\t<\/div>\n\t\t<\/div>\n\t\t\t\t\t<\/div>\n\t\t<\/section>\n\t\t\t\t<\/div>","protected":false},"excerpt":{"rendered":"<p>RETOURS &#8212;- Notre politique dure 30 jours. Si 30 jours se sont \u00e9coul\u00e9s depuis votre achat, nous ne pouvons malheureusement pas vous offrir un remboursement ou un \u00e9change. Pour pouvoir b\u00e9n\u00e9ficier d\u2019un retour, votre article doit \u00eatre inutilis\u00e9 et dans le m\u00eame \u00e9tat o\u00f9 vous l\u2019avez re\u00e7u. Il doit \u00eatre \u00e9galement dans l\u2019emballage d\u2019origine. Plusieurs [&hellip;]<\/p>","protected":false},"author":2,"featured_media":0,"parent":0,"menu_order":0,"comment_status":"closed","ping_status":"closed","template":"","meta":{"footnotes":""},"class_list":["post-18143","page","type-page","status-publish","hentry"],"yoast_head":"<!-- This site is optimized with the Yoast SEO plugin v27.5 - https:\/\/yoast.com\/product\/yoast-seo-wordpress\/ -->\n<title>POLITIQUE DE RETOURS &amp; REMBOURSEMENTS | Boutique One Piece<\/title>\n<meta name=\"robots\" content=\"noindex, follow\" \/>\n<meta property=\"og:locale\" content=\"da_DK\" \/>\n<meta property=\"og:type\" content=\"article\" \/>\n<meta property=\"og:title\" content=\"POLITIQUE DE RETOURS &amp; REMBOURSEMENTS | Boutique One Piece\" \/>\n<meta property=\"og:description\" content=\"RETOURS &#8212;- Notre politique dure 30 jours. Si 30 jours se sont \u00e9coul\u00e9s depuis votre achat, nous ne pouvons malheureusement pas vous offrir un remboursement ou un \u00e9change. Pour pouvoir b\u00e9n\u00e9ficier d\u2019un retour, votre article doit \u00eatre inutilis\u00e9 et dans le m\u00eame \u00e9tat o\u00f9 vous l\u2019avez re\u00e7u. Il doit \u00eatre \u00e9galement dans l\u2019emballage d\u2019origine. Plusieurs [&hellip;]\" \/>\n<meta property=\"og:url\" content=\"https:\/\/boutique-one-piece.com\/da\/returpolitik\/\" \/>\n<meta property=\"og:site_name\" content=\"Boutique One Piece\" \/>\n<meta property=\"article:modified_time\" content=\"2024-09-16T16:20:10+00:00\" \/>\n<meta name=\"twitter:card\" content=\"summary_large_image\" \/>\n<meta name=\"twitter:label1\" content=\"Estimeret l\u00e6setid\" \/>\n\t<meta name=\"twitter:data1\" content=\"4 minutter\" \/>\n<script type=\"application\/ld+json\" class=\"yoast-schema-graph\">{\"@context\":\"https:\\\/\\\/schema.org\",\"@graph\":[{\"@type\":\"WebPage\",\"@id\":\"https:\\\/\\\/boutique-one-piece.com\\\/politique-de-retours\\\/\",\"url\":\"https:\\\/\\\/boutique-one-piece.com\\\/politique-de-retours\\\/\",\"name\":\"POLITIQUE DE RETOURS & REMBOURSEMENTS | Boutique One Piece\",\"isPartOf\":{\"@id\":\"https:\\\/\\\/boutique-one-piece.com\\\/#website\"},\"datePublished\":\"2022-09-28T16:42:33+00:00\",\"dateModified\":\"2024-09-16T16:20:10+00:00\",\"breadcrumb\":{\"@id\":\"https:\\\/\\\/boutique-one-piece.com\\\/politique-de-retours\\\/#breadcrumb\"},\"inLanguage\":\"da-DK\",\"potentialAction\":[{\"@type\":\"ReadAction\",\"target\":[\"https:\\\/\\\/boutique-one-piece.com\\\/politique-de-retours\\\/\"]}]},{\"@type\":\"BreadcrumbList\",\"@id\":\"https:\\\/\\\/boutique-one-piece.com\\\/politique-de-retours\\\/#breadcrumb\",\"itemListElement\":[{\"@type\":\"ListItem\",\"position\":1,\"name\":\"Home\",\"item\":\"https:\\\/\\\/boutique-one-piece.com\\\/\"},{\"@type\":\"ListItem\",\"position\":2,\"name\":\"POLITIQUE DE RETOURS &#038; REMBOURSEMENTS\"}]},{\"@type\":\"WebSite\",\"@id\":\"https:\\\/\\\/boutique-one-piece.com\\\/#website\",\"url\":\"https:\\\/\\\/boutique-one-piece.com\\\/\",\"name\":\"Boutique One Piece\",\"description\":\"Magasin Sp\u00e9cialis\u00e9 du Manga et l&#039;Anime One Piece\",\"publisher\":{\"@id\":\"https:\\\/\\\/boutique-one-piece.com\\\/#organization\"},\"potentialAction\":[{\"@type\":\"SearchAction\",\"target\":{\"@type\":\"EntryPoint\",\"urlTemplate\":\"https:\\\/\\\/boutique-one-piece.com\\\/?s={search_term_string}\"},\"query-input\":{\"@type\":\"PropertyValueSpecification\",\"valueRequired\":true,\"valueName\":\"search_term_string\"}}],\"inLanguage\":\"da-DK\"},{\"@type\":\"Organization\",\"@id\":\"https:\\\/\\\/boutique-one-piece.com\\\/#organization\",\"name\":\"Boutique One Piece\",\"url\":\"https:\\\/\\\/boutique-one-piece.com\\\/\",\"logo\":{\"@type\":\"ImageObject\",\"inLanguage\":\"da-DK\",\"@id\":\"https:\\\/\\\/boutique-one-piece.com\\\/#\\\/schema\\\/logo\\\/image\\\/\",\"url\":\"https:\\\/\\\/boutique-one-piece.com\\\/wp-content\\\/uploads\\\/2022\\\/09\\\/Logo-01.png\",\"contentUrl\":\"https:\\\/\\\/boutique-one-piece.com\\\/wp-content\\\/uploads\\\/2022\\\/09\\\/Logo-01.png\",\"width\":2318,\"height\":957,\"caption\":\"Boutique One Piece\"},\"image\":{\"@id\":\"https:\\\/\\\/boutique-one-piece.com\\\/#\\\/schema\\\/logo\\\/image\\\/\"}}]}<\/script>\n<!-- \/ Yoast SEO plugin. -->","yoast_head_json":{"title":"RETUR- OG REFUNDERINGSPOLITIK | One Piece Shop","robots":{"index":"noindex","follow":"follow"},"og_locale":"da_DK","og_type":"article","og_title":"POLITIQUE DE RETOURS & REMBOURSEMENTS | Boutique One Piece","og_description":"RETOURS &#8212;- Notre politique dure 30 jours. Si 30 jours se sont \u00e9coul\u00e9s depuis votre achat, nous ne pouvons malheureusement pas vous offrir un remboursement ou un \u00e9change. Pour pouvoir b\u00e9n\u00e9ficier d\u2019un retour, votre article doit \u00eatre inutilis\u00e9 et dans le m\u00eame \u00e9tat o\u00f9 vous l\u2019avez re\u00e7u. Il doit \u00eatre \u00e9galement dans l\u2019emballage d\u2019origine. Plusieurs [&hellip;]","og_url":"https:\/\/boutique-one-piece.com\/da\/returpolitik\/","og_site_name":"Boutique One Piece","article_modified_time":"2024-09-16T16:20:10+00:00","twitter_card":"summary_large_image","twitter_misc":{"Estimeret l\u00e6setid":"4 minutter"},"schema":{"@context":"https:\/\/schema.org","@graph":[{"@type":"WebPage","@id":"https:\/\/boutique-one-piece.com\/politique-de-retours\/","url":"https:\/\/boutique-one-piece.com\/politique-de-retours\/","name":"RETUR- OG REFUNDERINGSPOLITIK | One Piece Shop","isPartOf":{"@id":"https:\/\/boutique-one-piece.com\/#website"},"datePublished":"2022-09-28T16:42:33+00:00","dateModified":"2024-09-16T16:20:10+00:00","breadcrumb":{"@id":"https:\/\/boutique-one-piece.com\/politique-de-retours\/#breadcrumb"},"inLanguage":"da-DK","potentialAction":[{"@type":"ReadAction","target":["https:\/\/boutique-one-piece.com\/politique-de-retours\/"]}]},{"@type":"BreadcrumbList","@id":"https:\/\/boutique-one-piece.com\/politique-de-retours\/#breadcrumb","itemListElement":[{"@type":"ListItem","position":1,"name":"Home","item":"https:\/\/boutique-one-piece.com\/"},{"@type":"ListItem","position":2,"name":"POLITIQUE DE RETOURS &#038; REMBOURSEMENTS"}]},{"@type":"WebSite","@id":"https:\/\/boutique-one-piece.com\/#website","url":"https:\/\/boutique-one-piece.com\/","name":"One Piece Shop","description":"Specialbutik for One Piece Manga og Anime","publisher":{"@id":"https:\/\/boutique-one-piece.com\/#organization"},"potentialAction":[{"@type":"SearchAction","target":{"@type":"EntryPoint","urlTemplate":"https:\/\/boutique-one-piece.com\/?s={search_term_string}"},"query-input":{"@type":"PropertyValueSpecification","valueRequired":true,"valueName":"search_term_string"}}],"inLanguage":"da-DK"},{"@type":"Organization","@id":"https:\/\/boutique-one-piece.com\/#organization","name":"One Piece Shop","url":"https:\/\/boutique-one-piece.com\/","logo":{"@type":"ImageObject","inLanguage":"da-DK","@id":"https:\/\/boutique-one-piece.com\/#\/schema\/logo\/image\/","url":"https:\/\/boutique-one-piece.com\/wp-content\/uploads\/2022\/09\/Logo-01.png","contentUrl":"https:\/\/boutique-one-piece.com\/wp-content\/uploads\/2022\/09\/Logo-01.png","width":2318,"height":957,"caption":"Boutique One Piece"},"image":{"@id":"https:\/\/boutique-one-piece.com\/#\/schema\/logo\/image\/"}}]}},"_links":{"self":[{"href":"https:\/\/boutique-one-piece.com\/da\/wp-json\/wp\/v2\/pages\/18143","targetHints":{"allow":["GET"]}}],"collection":[{"href":"https:\/\/boutique-one-piece.com\/da\/wp-json\/wp\/v2\/pages"}],"about":[{"href":"https:\/\/boutique-one-piece.com\/da\/wp-json\/wp\/v2\/types\/page"}],"author":[{"embeddable":true,"href":"https:\/\/boutique-one-piece.com\/da\/wp-json\/wp\/v2\/users\/2"}],"replies":[{"embeddable":true,"href":"https:\/\/boutique-one-piece.com\/da\/wp-json\/wp\/v2\/comments?post=18143"}],"version-history":[{"count":7,"href":"https:\/\/boutique-one-piece.com\/da\/wp-json\/wp\/v2\/pages\/18143\/revisions"}],"predecessor-version":[{"id":19791,"href":"https:\/\/boutique-one-piece.com\/da\/wp-json\/wp\/v2\/pages\/18143\/revisions\/19791"}],"wp:attachment":[{"href":"https:\/\/boutique-one-piece.com\/da\/wp-json\/wp\/v2\/media?parent=18143"}],"curies":[{"name":"wp","href":"https:\/\/api.w.org\/{rel}","templated":true}]}}