{"id":18145,"date":"2022-09-28T16:43:16","date_gmt":"2022-09-28T16:43:16","guid":{"rendered":"https:\/\/boutique-one-piece.com\/?page_id=18145"},"modified":"2024-09-16T16:25:24","modified_gmt":"2024-09-16T16:25:24","slug":"privatlivspolitik","status":"publish","type":"page","link":"https:\/\/boutique-one-piece.com\/da\/privatlivspolitik\/","title":{"rendered":"PRIVATLIVSPOLITIK"},"content":{"rendered":"<div data-elementor-type=\"wp-page\" data-elementor-id=\"18145\" class=\"elementor elementor-18145\">\n\t\t\t\t\t\t<section class=\"elementor-section elementor-top-section elementor-element elementor-element-8831766 elementor-section-boxed elementor-section-height-default elementor-section-height-default\" data-id=\"8831766\" data-element_type=\"section\" data-e-type=\"section\">\n\t\t\t\t\t\t<div class=\"elementor-container elementor-column-gap-default\">\n\t\t\t\t\t<div class=\"elementor-column elementor-col-100 elementor-top-column elementor-element elementor-element-3c0935e0\" data-id=\"3c0935e0\" data-element_type=\"column\" data-e-type=\"column\">\n\t\t\t<div class=\"elementor-widget-wrap elementor-element-populated\">\n\t\t\t\t\t\t<div class=\"elementor-element elementor-element-5c388b30 elementor-widget elementor-widget-text-editor\" data-id=\"5c388b30\" data-element_type=\"widget\" data-e-type=\"widget\" data-widget_type=\"text-editor.default\">\n\t\t\t\t<div class=\"elementor-widget-container\">\n\t\t\t\t\t\t\t\t\t\n<p>PRIVATLIVSERKL\u00c6RING<br \/><br \/>\u2014-<br \/><br \/>ARTIKEL 1 \u2013 INDSAMLET PERSONLIG OPLYSNING<br \/><br \/>N\u00e5r du foretager et k\u00f8b i vores butik, indsamler vi som en del af vores k\u00f8bs- og salgsproces de personlige oplysninger, du giver os, s\u00e5som dit navn, adresse og e-mailadresse.<br \/><br \/>N\u00e5r du bruger vores butik, modtager vi ogs\u00e5 automatisk din computers IP-adresse (internetprotokol), hvilket giver os mulighed for at f\u00e5 flere oplysninger om den browser og det operativsystem, du bruger.<br \/><br \/>E-mailmarkedsf\u00f8ring (hvis relevant): Med din tilladelse kan vi sende dig e-mails om vores butik, nye produkter og andre opdateringer.<br \/><br \/><br \/>ARTIKEL 2 \u2013 SAMTYKKE<br \/><br \/>Hvordan indhenter I mit samtykke?<br \/><br \/>N\u00e5r du giver os dine personlige oplysninger for at gennemf\u00f8re en transaktion, bekr\u00e6fte dit kreditkort, afgive en ordre, arrangere en levering eller returnere et k\u00f8b, antager vi, at du giver samtykke til, at vi indsamler og bruger dine oplysninger udelukkende til det specifikke form\u00e5l.<br \/><br \/>Hvis vi beder dig om at give dine personlige oplysninger af en anden grund, for eksempel til markedsf\u00f8ringsform\u00e5l, vil vi enten direkte bede om dit udtrykkelige samtykke, eller vi vil give dig mulighed for at afsl\u00e5.<br \/><br \/><br \/>Hvordan kan jeg tr\u00e6kke mit samtykke tilbage?<br \/><br \/>Hvis du, efter at have givet os dit samtykke, \u00e6ndrer mening og ikke l\u00e6ngere giver samtykke til, at vi kontakter dig, indsamler dine oplysninger eller videregiver dem, kan du give os besked ved at kontakte os p\u00e5 contact@boutique-one-piece.com<br \/><br \/><br \/>ARTIKEL 3 \u2013 OFFENTLIGG\u00d8RELSE<br \/><br \/>Vi kan videregive dine personlige oplysninger, hvis det er p\u00e5kr\u00e6vet ved lov, eller hvis du overtr\u00e6der vores salgs- og brugsbetingelser.<br \/><br \/><br \/>ARTIKEL 4 \u2013 SHOPIFY<br \/><br \/>Vores butik hostes p\u00e5 Shopify Inc. De leverer den online e-handelsplatform, der giver os mulighed for at s\u00e6lge dig vores tjenester og produkter.<br \/><br \/>Dine data gemmes i Shopifys datalagringssystem og databaser samt i den generelle Shopify-applikation. Dine data opbevares p\u00e5 en sikker server beskyttet af en firewall.<br \/><br \/><br \/>Betaling:<br \/><br \/>Hvis du gennemf\u00f8rer dit k\u00f8b via en direkte betalingsgateway, gemmer Shopify dine kreditkortoplysninger. Disse oplysninger krypteres i henhold til Payment Card Industry Data Security Standard (PCI-DSS). Dine k\u00f8bstransaktionsoplysninger opbevares kun, s\u00e5 l\u00e6nge det er n\u00f8dvendigt for at gennemf\u00f8re din ordre. N\u00e5r din ordre er gennemf\u00f8rt, slettes k\u00f8bstransaktionsoplysningerne.<br \/><br \/>Alle direkte betalingsgateways overholder PCI-DSS-standarden, der administreres af PCI Security Standards Council, og som er resultatet af en f\u00e6lles indsats fra virksomheder som Visa, MasterCard, American Express og Discover.<br \/><br \/>PCI-DSS-standardkravene sikrer sikker behandling af kreditkortdata af vores butik og dens tjenesteudbydere.<br \/><br \/>For mere information, se venligst Shopifys servicevilk\u00e5r her eller privatlivspolitik her.<br \/><br \/><br \/>ARTIKEL 5 \u2013 TJENESTER LEVERET AF TREDJEPARTER<br \/><br \/><br \/>Generelt vil de tredjepartsudbydere, vi bruger, kun indsamle, bruge og videregive dine oplysninger i det omfang, det er n\u00f8dvendigt for at udf\u00f8re de tjenester, de leverer til os.<br \/><br \/>Nogle tredjepartsudbydere, s\u00e5som betalingsgateways og andre betalingstransaktionsprocessorer, har dog deres egne privatlivspolitikker vedr\u00f8rende de oplysninger, vi skal give dem i forbindelse med dine k\u00f8bstransaktioner.<br \/><br \/>Hvad ang\u00e5r disse udbydere, anbefaler vi, at du l\u00e6ser deres privatlivspolitikker omhyggeligt, s\u00e5 du kan forst\u00e5, hvordan de h\u00e5ndterer dine personlige oplysninger.<br \/><br \/>Det er vigtigt at huske, at nogle leverand\u00f8rer kan v\u00e6re placeret eller have faciliteter i en anden jurisdiktion end din eller vores. Hvis du derfor beslutter dig for at forts\u00e6tte med en transaktion, der kr\u00e6ver en tredjepartsleverand\u00f8rs tjenester, kan dine oplysninger v\u00e6re underlagt lovgivningen i den jurisdiktion, hvor den p\u00e5g\u00e6ldende leverand\u00f8r er placeret, eller hvor dennes faciliteter er placeret.<br \/><br \/>Hvis du for eksempel befinder dig i Canada, og din transaktion behandles af en betalingsgateway i USA, kan dine oplysninger, der bruges til at gennemf\u00f8re transaktionen, blive videregivet i henhold til amerikansk lov, herunder Patriot Act.<br \/><br \/>N\u00e5r du forlader vores butiks hjemmeside eller bliver omdirigeret til en tredjeparts hjemmeside eller applikation, er du ikke l\u00e6ngere underlagt denne privatlivspolitik eller vores hjemmesides salgs- og brugsbetingelser.<br \/><br \/><br \/>Links<br \/><br \/>Du kan blive omdirigeret til andre websteder ved at klikke p\u00e5 bestemte links p\u00e5 vores side. Vi er ikke ansvarlige for disse andre websteders privatlivspraksis og anbefaler, at du omhyggeligt gennemg\u00e5r deres privatlivspolitikker.<br \/><br \/><br \/>ARTIKEL 6 \u2013 SIKKERHED<br \/><br \/>For at beskytte dine personoplysninger tager vi rimelige forholdsregler og f\u00f8lger branchens bedste praksis for at sikre, at de ikke g\u00e5r tabt, misbruges, tilg\u00e5s, videregives, \u00e6ndres eller \u00f8del\u00e6gges p\u00e5 en upassende m\u00e5de.<br \/><br \/>Hvis du giver os dine kreditkortoplysninger, vil de blive krypteret med SSL og gemt med AES-256-kryptering. Selvom ingen metode til transmission via internettet eller elektronisk lagring er 100 % sikker, f\u00f8lger vi alle PCI-DSS-krav og implementerer yderligere sikkerhedsforanstaltninger i henhold til branchestandarder.<br \/>COOKIES<br \/><br \/>Her er en liste over de cookies, vi bruger. Vi har listet dem her, s\u00e5 du kan v\u00e6lge, om du vil tillade dem eller ej.<br \/><br \/>_session_id, et unikt sessionsidentifikator, giver Shopify mulighed for at gemme oplysninger relateret til din session (henvisning, landingsside osv.).<br \/><br \/>_shopify_visit, ingen data gemmes, forbliver i 30 minutter fra det sidste bes\u00f8g. Bruges af vores hjemmesideudbyders interne statistiksporingssystem til at registrere antallet af bes\u00f8g.<br \/><br \/>_shopify_uniq, ingen data gemmes, udl\u00f8ber ved midnat (baseret p\u00e5 den bes\u00f8gendes placering) den f\u00f8lgende dag. Beregner antallet af bes\u00f8g i en butik af en unik kunde.<br \/><br \/>kurv, unik identifikator, gemmes i 2 uger, gemmer oplysninger relateret til din indk\u00f8bskurv.<br \/><br \/>_secure_session_id, unik sessionsidentifikator<br \/><br \/>storefront_digest, unik identifikator, udefineret hvis butikken har en adgangskode, bruges den til at vide om den aktuelle bes\u00f8gende har adgang.<br \/><br \/><br \/>ARTIKEL 7 \u2013 SAMTYKKEALDER<br \/><br \/>Ved at bruge dette websted erkl\u00e6rer du, at du er mindst myndig i din bop\u00e6lsstat eller -provins, og at du har givet os dit samtykke til at tillade enhver mindre\u00e5rig, der er fors\u00f8rget af dig, at bruge dette websted.<br \/><br \/><br \/>ARTIKEL 8 \u2013 \u00c6NDRINGER AF DENNE PRIVATLIVSPOLITIK<br \/><br \/>Vi forbeholder os retten til at \u00e6ndre denne privatlivspolitik n\u00e5r som helst, s\u00e5 gennemg\u00e5 den venligst ofte. \u00c6ndringer og pr\u00e6ciseringer tr\u00e6der i kraft \u00f8jeblikkeligt efter offentligg\u00f8relsen p\u00e5 hjemmesiden. Hvis vi foretager \u00e6ndringer i denne politik, vil vi give dig besked her om, at den er blevet opdateret, s\u00e5 du er opm\u00e6rksom p\u00e5, hvilke oplysninger vi indsamler, hvordan vi bruger dem, og under hvilke omst\u00e6ndigheder, om nogen, vi videregiver dem.<br \/><br \/>Hvis vores butik opk\u00f8bes af eller fusioneres med en anden virksomhed, kan dine oplysninger blive overf\u00f8rt til de nye ejere, s\u00e5 vi kan forts\u00e6tte med at s\u00e6lge dig produkter.<br \/><br \/><br \/>SP\u00d8RGSM\u00c5L OG KONTAKTINFORMATION<br \/><br \/>Hvis du \u00f8nsker at: f\u00e5 adgang til, rette, \u00e6ndre eller slette personlige oplysninger, vi har om dig, indgive en klage, eller hvis du blot \u00f8nsker yderligere oplysninger, kan du kontakte vores databeskyttelsesansvarlige p\u00e5 contact@boutique-one-piece.com<\/p>\n\t\t\t\t\t\t\t\t<\/div>\n\t\t\t\t<\/div>\n\t\t\t\t\t<\/div>\n\t\t<\/div>\n\t\t\t\t\t<\/div>\n\t\t<\/section>\n\t\t\t\t<\/div>","protected":false},"excerpt":{"rendered":"<p>D\u00c9CLARATION DE CONFIDENTIALIT\u00c9 &#8212;- ARTICLE 1 \u2013 RENSEIGNEMENTS PERSONNELS RECUEILLIS Lorsque vous effectuez un achat sur notre boutique, dans le cadre de notre processus d\u2019achat et de vente, nous recueillons les renseignements personnels que vous nous fournissez, tels que votre nom, votre adresse et votre adresse e-mail. Lorsque vous naviguez sur notre boutique, nous recevons [&hellip;]<\/p>","protected":false},"author":2,"featured_media":0,"parent":0,"menu_order":0,"comment_status":"closed","ping_status":"closed","template":"","meta":{"footnotes":""},"class_list":["post-18145","page","type-page","status-publish","hentry"],"yoast_head":"<!-- This site is optimized with the Yoast SEO plugin v27.5 - https:\/\/yoast.com\/product\/yoast-seo-wordpress\/ -->\n<title>POLITIQUE DE CONFIDENTIALIT\u00c9 | Boutique One Piece<\/title>\n<meta name=\"robots\" content=\"noindex, follow\" \/>\n<meta property=\"og:locale\" content=\"da_DK\" \/>\n<meta property=\"og:type\" content=\"article\" \/>\n<meta property=\"og:title\" content=\"POLITIQUE DE CONFIDENTIALIT\u00c9 | Boutique One Piece\" \/>\n<meta property=\"og:description\" content=\"D\u00c9CLARATION DE CONFIDENTIALIT\u00c9 &#8212;- ARTICLE 1 \u2013 RENSEIGNEMENTS PERSONNELS RECUEILLIS Lorsque vous effectuez un achat sur notre boutique, dans le cadre de notre processus d\u2019achat et de vente, nous recueillons les renseignements personnels que vous nous fournissez, tels que votre nom, votre adresse et votre adresse e-mail. Lorsque vous naviguez sur notre boutique, nous recevons [&hellip;]\" \/>\n<meta property=\"og:url\" content=\"https:\/\/boutique-one-piece.com\/da\/privatlivspolitik\/\" \/>\n<meta property=\"og:site_name\" content=\"Boutique One Piece\" \/>\n<meta property=\"article:modified_time\" content=\"2024-09-16T16:25:24+00:00\" \/>\n<meta name=\"twitter:card\" content=\"summary_large_image\" \/>\n<meta name=\"twitter:label1\" content=\"Estimeret l\u00e6setid\" \/>\n\t<meta name=\"twitter:data1\" content=\"7 minutter\" \/>\n<script type=\"application\/ld+json\" class=\"yoast-schema-graph\">{\"@context\":\"https:\\\/\\\/schema.org\",\"@graph\":[{\"@type\":\"WebPage\",\"@id\":\"https:\\\/\\\/boutique-one-piece.com\\\/politique-de-confidentialite\\\/\",\"url\":\"https:\\\/\\\/boutique-one-piece.com\\\/politique-de-confidentialite\\\/\",\"name\":\"POLITIQUE DE CONFIDENTIALIT\u00c9 | Boutique One Piece\",\"isPartOf\":{\"@id\":\"https:\\\/\\\/boutique-one-piece.com\\\/#website\"},\"datePublished\":\"2022-09-28T16:43:16+00:00\",\"dateModified\":\"2024-09-16T16:25:24+00:00\",\"breadcrumb\":{\"@id\":\"https:\\\/\\\/boutique-one-piece.com\\\/politique-de-confidentialite\\\/#breadcrumb\"},\"inLanguage\":\"da-DK\",\"potentialAction\":[{\"@type\":\"ReadAction\",\"target\":[\"https:\\\/\\\/boutique-one-piece.com\\\/politique-de-confidentialite\\\/\"]}]},{\"@type\":\"BreadcrumbList\",\"@id\":\"https:\\\/\\\/boutique-one-piece.com\\\/politique-de-confidentialite\\\/#breadcrumb\",\"itemListElement\":[{\"@type\":\"ListItem\",\"position\":1,\"name\":\"Home\",\"item\":\"https:\\\/\\\/boutique-one-piece.com\\\/\"},{\"@type\":\"ListItem\",\"position\":2,\"name\":\"POLITIQUE DE CONFIDENTIALIT\u00c9\"}]},{\"@type\":\"WebSite\",\"@id\":\"https:\\\/\\\/boutique-one-piece.com\\\/#website\",\"url\":\"https:\\\/\\\/boutique-one-piece.com\\\/\",\"name\":\"Boutique One Piece\",\"description\":\"Magasin Sp\u00e9cialis\u00e9 du Manga et l&#039;Anime One Piece\",\"publisher\":{\"@id\":\"https:\\\/\\\/boutique-one-piece.com\\\/#organization\"},\"potentialAction\":[{\"@type\":\"SearchAction\",\"target\":{\"@type\":\"EntryPoint\",\"urlTemplate\":\"https:\\\/\\\/boutique-one-piece.com\\\/?s={search_term_string}\"},\"query-input\":{\"@type\":\"PropertyValueSpecification\",\"valueRequired\":true,\"valueName\":\"search_term_string\"}}],\"inLanguage\":\"da-DK\"},{\"@type\":\"Organization\",\"@id\":\"https:\\\/\\\/boutique-one-piece.com\\\/#organization\",\"name\":\"Boutique One Piece\",\"url\":\"https:\\\/\\\/boutique-one-piece.com\\\/\",\"logo\":{\"@type\":\"ImageObject\",\"inLanguage\":\"da-DK\",\"@id\":\"https:\\\/\\\/boutique-one-piece.com\\\/#\\\/schema\\\/logo\\\/image\\\/\",\"url\":\"https:\\\/\\\/boutique-one-piece.com\\\/wp-content\\\/uploads\\\/2022\\\/09\\\/Logo-01.png\",\"contentUrl\":\"https:\\\/\\\/boutique-one-piece.com\\\/wp-content\\\/uploads\\\/2022\\\/09\\\/Logo-01.png\",\"width\":2318,\"height\":957,\"caption\":\"Boutique One Piece\"},\"image\":{\"@id\":\"https:\\\/\\\/boutique-one-piece.com\\\/#\\\/schema\\\/logo\\\/image\\\/\"}}]}<\/script>\n<!-- \/ Yoast SEO plugin. -->","yoast_head_json":{"title":"PRIVATLIVSPOLITIK | One Piece Shop","robots":{"index":"noindex","follow":"follow"},"og_locale":"da_DK","og_type":"article","og_title":"POLITIQUE DE CONFIDENTIALIT\u00c9 | Boutique One Piece","og_description":"D\u00c9CLARATION DE CONFIDENTIALIT\u00c9 &#8212;- ARTICLE 1 \u2013 RENSEIGNEMENTS PERSONNELS RECUEILLIS Lorsque vous effectuez un achat sur notre boutique, dans le cadre de notre processus d\u2019achat et de vente, nous recueillons les renseignements personnels que vous nous fournissez, tels que votre nom, votre adresse et votre adresse e-mail. Lorsque vous naviguez sur notre boutique, nous recevons [&hellip;]","og_url":"https:\/\/boutique-one-piece.com\/da\/privatlivspolitik\/","og_site_name":"Boutique One Piece","article_modified_time":"2024-09-16T16:25:24+00:00","twitter_card":"summary_large_image","twitter_misc":{"Estimeret l\u00e6setid":"7 minutter"},"schema":{"@context":"https:\/\/schema.org","@graph":[{"@type":"WebPage","@id":"https:\/\/boutique-one-piece.com\/politique-de-confidentialite\/","url":"https:\/\/boutique-one-piece.com\/politique-de-confidentialite\/","name":"PRIVATLIVSPOLITIK | One Piece Shop","isPartOf":{"@id":"https:\/\/boutique-one-piece.com\/#website"},"datePublished":"2022-09-28T16:43:16+00:00","dateModified":"2024-09-16T16:25:24+00:00","breadcrumb":{"@id":"https:\/\/boutique-one-piece.com\/politique-de-confidentialite\/#breadcrumb"},"inLanguage":"da-DK","potentialAction":[{"@type":"ReadAction","target":["https:\/\/boutique-one-piece.com\/politique-de-confidentialite\/"]}]},{"@type":"BreadcrumbList","@id":"https:\/\/boutique-one-piece.com\/politique-de-confidentialite\/#breadcrumb","itemListElement":[{"@type":"ListItem","position":1,"name":"Home","item":"https:\/\/boutique-one-piece.com\/"},{"@type":"ListItem","position":2,"name":"POLITIQUE DE CONFIDENTIALIT\u00c9"}]},{"@type":"WebSite","@id":"https:\/\/boutique-one-piece.com\/#website","url":"https:\/\/boutique-one-piece.com\/","name":"One Piece Shop","description":"Specialbutik for One Piece Manga og Anime","publisher":{"@id":"https:\/\/boutique-one-piece.com\/#organization"},"potentialAction":[{"@type":"SearchAction","target":{"@type":"EntryPoint","urlTemplate":"https:\/\/boutique-one-piece.com\/?s={search_term_string}"},"query-input":{"@type":"PropertyValueSpecification","valueRequired":true,"valueName":"search_term_string"}}],"inLanguage":"da-DK"},{"@type":"Organization","@id":"https:\/\/boutique-one-piece.com\/#organization","name":"One Piece Shop","url":"https:\/\/boutique-one-piece.com\/","logo":{"@type":"ImageObject","inLanguage":"da-DK","@id":"https:\/\/boutique-one-piece.com\/#\/schema\/logo\/image\/","url":"https:\/\/boutique-one-piece.com\/wp-content\/uploads\/2022\/09\/Logo-01.png","contentUrl":"https:\/\/boutique-one-piece.com\/wp-content\/uploads\/2022\/09\/Logo-01.png","width":2318,"height":957,"caption":"Boutique One Piece"},"image":{"@id":"https:\/\/boutique-one-piece.com\/#\/schema\/logo\/image\/"}}]}},"_links":{"self":[{"href":"https:\/\/boutique-one-piece.com\/da\/wp-json\/wp\/v2\/pages\/18145","targetHints":{"allow":["GET"]}}],"collection":[{"href":"https:\/\/boutique-one-piece.com\/da\/wp-json\/wp\/v2\/pages"}],"about":[{"href":"https:\/\/boutique-one-piece.com\/da\/wp-json\/wp\/v2\/types\/page"}],"author":[{"embeddable":true,"href":"https:\/\/boutique-one-piece.com\/da\/wp-json\/wp\/v2\/users\/2"}],"replies":[{"embeddable":true,"href":"https:\/\/boutique-one-piece.com\/da\/wp-json\/wp\/v2\/comments?post=18145"}],"version-history":[{"count":5,"href":"https:\/\/boutique-one-piece.com\/da\/wp-json\/wp\/v2\/pages\/18145\/revisions"}],"predecessor-version":[{"id":19794,"href":"https:\/\/boutique-one-piece.com\/da\/wp-json\/wp\/v2\/pages\/18145\/revisions\/19794"}],"wp:attachment":[{"href":"https:\/\/boutique-one-piece.com\/da\/wp-json\/wp\/v2\/media?parent=18145"}],"curies":[{"name":"wp","href":"https:\/\/api.w.org\/{rel}","templated":true}]}}