{"id":19161,"date":"2023-01-30T16:40:45","date_gmt":"2023-01-30T16:40:45","guid":{"rendered":"https:\/\/boutique-one-piece.com\/?page_id=19161"},"modified":"2023-01-30T16:40:47","modified_gmt":"2023-01-30T16:40:47","slug":"leveringspolitik","status":"publish","type":"page","link":"https:\/\/boutique-one-piece.com\/da\/leveringspolitik\/","title":{"rendered":"LEVERINGSPOLITIK"},"content":{"rendered":"<p>Produktforsendelse tager cirka 1 til 3 dage. Levering tager derefter 7 til 12 dage for EU-lande. For andre lande tager leveringen mellem 10 og 20 dage.<\/p>\n\n\n\n<p>Disse tider er kun vejledende; der kan forekomme forsinkelser i spidsbelastningsperioder s\u00e5som Black Friday, men ogs\u00e5 p\u00e5 grund af force majeure-begivenheder s\u00e5som Covid-19.<\/p>\n\n\n\n<p>Vi er ikke ansvarlige for leveringsforsinkelser p\u00e5 grund af forkerte oplysninger indtastet under bestillingsprocessen. S\u00f8rg venligst for at angive de korrekte oplysninger, n\u00e5r du afgiver din ordre.<\/p>\n\n\n\n<p><br><\/p>","protected":false},"excerpt":{"rendered":"<p>Le temps d\u2019exp\u00e9dition des produits sont d\u2019environ 1 \u00e0 3 jours. Pour la livraison, il faut ensuite compter 7 \u00e0 12 jours pour les pays de l\u2019UE. Pour les autres pays, il faut compter entre 10 \u00e0 20 jours de livraison. Ces d\u00e9lais sont \u00e0 titre indicatif, il peut survenir des retards pendant les p\u00e9riodes [&hellip;]<\/p>","protected":false},"author":1,"featured_media":0,"parent":0,"menu_order":0,"comment_status":"closed","ping_status":"closed","template":"","meta":{"footnotes":""},"class_list":["post-19161","page","type-page","status-publish","hentry"],"yoast_head":"<!-- This site is optimized with the Yoast SEO plugin v27.5 - https:\/\/yoast.com\/product\/yoast-seo-wordpress\/ -->\n<title>POLITIQUE DE LIVRAISON | Boutique One Piece<\/title>\n<meta name=\"robots\" content=\"noindex, follow\" \/>\n<meta property=\"og:locale\" content=\"da_DK\" \/>\n<meta property=\"og:type\" content=\"article\" \/>\n<meta property=\"og:title\" content=\"POLITIQUE DE LIVRAISON | Boutique One Piece\" \/>\n<meta property=\"og:description\" content=\"Le temps d\u2019exp\u00e9dition des produits sont d\u2019environ 1 \u00e0 3 jours. Pour la livraison, il faut ensuite compter 7 \u00e0 12 jours pour les pays de l\u2019UE. Pour les autres pays, il faut compter entre 10 \u00e0 20 jours de livraison. Ces d\u00e9lais sont \u00e0 titre indicatif, il peut survenir des retards pendant les p\u00e9riodes [&hellip;]\" \/>\n<meta property=\"og:url\" content=\"https:\/\/boutique-one-piece.com\/da\/leveringspolitik\/\" \/>\n<meta property=\"og:site_name\" content=\"Boutique One Piece\" \/>\n<meta property=\"article:modified_time\" content=\"2023-01-30T16:40:47+00:00\" \/>\n<meta name=\"twitter:card\" content=\"summary_large_image\" \/>\n<meta name=\"twitter:label1\" content=\"Estimeret l\u00e6setid\" \/>\n\t<meta name=\"twitter:data1\" content=\"1 minut\" \/>\n<script type=\"application\/ld+json\" class=\"yoast-schema-graph\">{\"@context\":\"https:\\\/\\\/schema.org\",\"@graph\":[{\"@type\":\"WebPage\",\"@id\":\"https:\\\/\\\/boutique-one-piece.com\\\/politique-de-livraison\\\/\",\"url\":\"https:\\\/\\\/boutique-one-piece.com\\\/politique-de-livraison\\\/\",\"name\":\"POLITIQUE DE LIVRAISON | Boutique One Piece\",\"isPartOf\":{\"@id\":\"https:\\\/\\\/boutique-one-piece.com\\\/#website\"},\"datePublished\":\"2023-01-30T16:40:45+00:00\",\"dateModified\":\"2023-01-30T16:40:47+00:00\",\"breadcrumb\":{\"@id\":\"https:\\\/\\\/boutique-one-piece.com\\\/politique-de-livraison\\\/#breadcrumb\"},\"inLanguage\":\"da-DK\",\"potentialAction\":[{\"@type\":\"ReadAction\",\"target\":[\"https:\\\/\\\/boutique-one-piece.com\\\/politique-de-livraison\\\/\"]}]},{\"@type\":\"BreadcrumbList\",\"@id\":\"https:\\\/\\\/boutique-one-piece.com\\\/politique-de-livraison\\\/#breadcrumb\",\"itemListElement\":[{\"@type\":\"ListItem\",\"position\":1,\"name\":\"Home\",\"item\":\"https:\\\/\\\/boutique-one-piece.com\\\/\"},{\"@type\":\"ListItem\",\"position\":2,\"name\":\"POLITIQUE DE LIVRAISON\"}]},{\"@type\":\"WebSite\",\"@id\":\"https:\\\/\\\/boutique-one-piece.com\\\/#website\",\"url\":\"https:\\\/\\\/boutique-one-piece.com\\\/\",\"name\":\"Boutique One Piece\",\"description\":\"Magasin Sp\u00e9cialis\u00e9 du Manga et l&#039;Anime One Piece\",\"publisher\":{\"@id\":\"https:\\\/\\\/boutique-one-piece.com\\\/#organization\"},\"potentialAction\":[{\"@type\":\"SearchAction\",\"target\":{\"@type\":\"EntryPoint\",\"urlTemplate\":\"https:\\\/\\\/boutique-one-piece.com\\\/?s={search_term_string}\"},\"query-input\":{\"@type\":\"PropertyValueSpecification\",\"valueRequired\":true,\"valueName\":\"search_term_string\"}}],\"inLanguage\":\"da-DK\"},{\"@type\":\"Organization\",\"@id\":\"https:\\\/\\\/boutique-one-piece.com\\\/#organization\",\"name\":\"Boutique One Piece\",\"url\":\"https:\\\/\\\/boutique-one-piece.com\\\/\",\"logo\":{\"@type\":\"ImageObject\",\"inLanguage\":\"da-DK\",\"@id\":\"https:\\\/\\\/boutique-one-piece.com\\\/#\\\/schema\\\/logo\\\/image\\\/\",\"url\":\"https:\\\/\\\/boutique-one-piece.com\\\/wp-content\\\/uploads\\\/2022\\\/09\\\/Logo-01.png\",\"contentUrl\":\"https:\\\/\\\/boutique-one-piece.com\\\/wp-content\\\/uploads\\\/2022\\\/09\\\/Logo-01.png\",\"width\":2318,\"height\":957,\"caption\":\"Boutique One Piece\"},\"image\":{\"@id\":\"https:\\\/\\\/boutique-one-piece.com\\\/#\\\/schema\\\/logo\\\/image\\\/\"}}]}<\/script>\n<!-- \/ Yoast SEO plugin. -->","yoast_head_json":{"title":"FORSENDELSESPOLITIK | One Piece Shop","robots":{"index":"noindex","follow":"follow"},"og_locale":"da_DK","og_type":"article","og_title":"POLITIQUE DE LIVRAISON | Boutique One Piece","og_description":"Le temps d\u2019exp\u00e9dition des produits sont d\u2019environ 1 \u00e0 3 jours. Pour la livraison, il faut ensuite compter 7 \u00e0 12 jours pour les pays de l\u2019UE. Pour les autres pays, il faut compter entre 10 \u00e0 20 jours de livraison. Ces d\u00e9lais sont \u00e0 titre indicatif, il peut survenir des retards pendant les p\u00e9riodes [&hellip;]","og_url":"https:\/\/boutique-one-piece.com\/da\/leveringspolitik\/","og_site_name":"Boutique One Piece","article_modified_time":"2023-01-30T16:40:47+00:00","twitter_card":"summary_large_image","twitter_misc":{"Estimeret l\u00e6setid":"1 minut"},"schema":{"@context":"https:\/\/schema.org","@graph":[{"@type":"WebPage","@id":"https:\/\/boutique-one-piece.com\/politique-de-livraison\/","url":"https:\/\/boutique-one-piece.com\/politique-de-livraison\/","name":"FORSENDELSESPOLITIK | One Piece Shop","isPartOf":{"@id":"https:\/\/boutique-one-piece.com\/#website"},"datePublished":"2023-01-30T16:40:45+00:00","dateModified":"2023-01-30T16:40:47+00:00","breadcrumb":{"@id":"https:\/\/boutique-one-piece.com\/politique-de-livraison\/#breadcrumb"},"inLanguage":"da-DK","potentialAction":[{"@type":"ReadAction","target":["https:\/\/boutique-one-piece.com\/politique-de-livraison\/"]}]},{"@type":"BreadcrumbList","@id":"https:\/\/boutique-one-piece.com\/politique-de-livraison\/#breadcrumb","itemListElement":[{"@type":"ListItem","position":1,"name":"Home","item":"https:\/\/boutique-one-piece.com\/"},{"@type":"ListItem","position":2,"name":"POLITIQUE DE LIVRAISON"}]},{"@type":"WebSite","@id":"https:\/\/boutique-one-piece.com\/#website","url":"https:\/\/boutique-one-piece.com\/","name":"One Piece Shop","description":"Specialbutik for One Piece Manga og Anime","publisher":{"@id":"https:\/\/boutique-one-piece.com\/#organization"},"potentialAction":[{"@type":"SearchAction","target":{"@type":"EntryPoint","urlTemplate":"https:\/\/boutique-one-piece.com\/?s={search_term_string}"},"query-input":{"@type":"PropertyValueSpecification","valueRequired":true,"valueName":"search_term_string"}}],"inLanguage":"da-DK"},{"@type":"Organization","@id":"https:\/\/boutique-one-piece.com\/#organization","name":"One Piece Shop","url":"https:\/\/boutique-one-piece.com\/","logo":{"@type":"ImageObject","inLanguage":"da-DK","@id":"https:\/\/boutique-one-piece.com\/#\/schema\/logo\/image\/","url":"https:\/\/boutique-one-piece.com\/wp-content\/uploads\/2022\/09\/Logo-01.png","contentUrl":"https:\/\/boutique-one-piece.com\/wp-content\/uploads\/2022\/09\/Logo-01.png","width":2318,"height":957,"caption":"Boutique One Piece"},"image":{"@id":"https:\/\/boutique-one-piece.com\/#\/schema\/logo\/image\/"}}]}},"_links":{"self":[{"href":"https:\/\/boutique-one-piece.com\/da\/wp-json\/wp\/v2\/pages\/19161","targetHints":{"allow":["GET"]}}],"collection":[{"href":"https:\/\/boutique-one-piece.com\/da\/wp-json\/wp\/v2\/pages"}],"about":[{"href":"https:\/\/boutique-one-piece.com\/da\/wp-json\/wp\/v2\/types\/page"}],"author":[{"embeddable":true,"href":"https:\/\/boutique-one-piece.com\/da\/wp-json\/wp\/v2\/users\/1"}],"replies":[{"embeddable":true,"href":"https:\/\/boutique-one-piece.com\/da\/wp-json\/wp\/v2\/comments?post=19161"}],"version-history":[{"count":1,"href":"https:\/\/boutique-one-piece.com\/da\/wp-json\/wp\/v2\/pages\/19161\/revisions"}],"predecessor-version":[{"id":19162,"href":"https:\/\/boutique-one-piece.com\/da\/wp-json\/wp\/v2\/pages\/19161\/revisions\/19162"}],"wp:attachment":[{"href":"https:\/\/boutique-one-piece.com\/da\/wp-json\/wp\/v2\/media?parent=19161"}],"curies":[{"name":"wp","href":"https:\/\/api.w.org\/{rel}","templated":true}]}}