{"id":10206,"date":"2022-09-27T20:33:02","date_gmt":"2022-09-27T20:33:02","guid":{"rendered":"https:\/\/boutique-one-piece.com\/uncategorized\/avis-de-recherche-donquixote-doflamingo-wanted\/"},"modified":"2024-09-16T15:25:23","modified_gmt":"2024-09-16T15:25:23","slug":"donquixote-doflamingo-efterlysningsplakat","status":"publish","type":"product","link":"https:\/\/boutique-one-piece.com\/da\/one-piece-efterlysningsplakat\/donquixote-doflamingo-efterlysningsplakat\/","title":{"rendered":"Donquixote Doflamingo efterlysning"},"content":{"rendered":"<h2>Hvis du nyder at hade en karakter, vil denne Donquixote Doflamingo Wanted-plakat g\u00f8re dig glad.<\/h2>\n<p>Donquixote Doflamingo er den vigtigste antagonist i buen <strong>Dressrosa<\/strong>, Han er ogs\u00e5 en af Marinefords antagonister. Han er lederen af en <strong>Smil trafik<\/strong>, kunstige dj\u00e6vlefrugter, som han s\u00e6lger til Kaido. Doflamingo hersker over Dressrosa, hvortil han ankom i skikkelse af \u00f8ens frelser for at vinde indbyggernes gunst, mens han havde manipuleret kongen som en marionetdukke ved at bruge sin dj\u00e6vlefrugt til at angribe folket, derefter besejret ham og blevet en helt for folket.<\/p>\n<p>Han spiste Dj\u00e6velens frugt af <strong>Ito Ito, ikke mig<\/strong>, hvilket giver ham mulighed for at bruge de stramme wirer til at stige op i luften, udf\u00f8re huggende angreb p\u00e5 afstand, men ogs\u00e5 manipulere nogen som en marionetdukke ved hj\u00e6lp af wirer fastgjort til alle lemmerne p\u00e5 den person, der manipuleres.<\/p>\n<h3>Beskyt dit v\u00e6relse med et &quot;Fuglebur&quot; med denne Doflamingo-efterlysningsplakat.<\/h3>\n<p>Donquixote Doflamingo har ogs\u00e5 en st\u00e6rk fortid med <strong>Trafalgar Law<\/strong>, Fordi han ville slutte sig til Doflamingos bes\u00e6tning og blev taget under sine vinger af sin bror, Rossinante. Rossinante passede altid p\u00e5 Trafalgar og fors\u00f8gte at kurere ham for hans sygdom for enhver pris. Han blev dr\u00e6bt af Doflamingo efter at have fundet ud af, at Rossinante var en marineinfiltrator, og Trafalgar ville altid h\u00e6vne sig p\u00e5 Doflamingo. Doflamingo har en dus\u00f8r p\u00e5 340 millioner b\u00e6r p\u00e5 sit hoved.<\/p>\n<p>Hvis du er stor fan af dus\u00f8rer, s\u00e5 tag et kig p\u00e5\u2019<a title=\"\u00d8nsket meddelelse om str\u00e5tag\" href=\"https:\/\/boutique-one-piece.com\/da\/avis-de-recherche-thatch-wanted\/\" target=\"_blank\" rel=\"noopener noreferrer\">Thatch \u00f8nskede besked<\/a>.<\/p>\n<h2>Information om One Piece Wanted Donquixote Doflamingo-plakaten<\/h2>\n<ul>\n<li><b><u>One Piece Wanted-plakat<\/u><\/b> En \u00e6gte One Piece-efterlysningsplakat til \u00e6gte pirater<\/li>\n<\/ul>\n<ul>\n<li><b><u>Donquixote Doflamingos dus\u00f8r<\/u><\/b> 340.000.000 b\u00e6r<\/li>\n<\/ul>\n<ul>\n<li><strong>Udskrivning i h\u00f8j kvalitet<\/strong> pr\u00e6cise farver<\/li>\n<\/ul>\n<ul>\n<li><strong>GRATIS LEVERING<\/strong><\/li>\n<\/ul>","protected":false},"excerpt":{"rendered":"<p>Si tu aimes d\u00e9tester un personnage, cet Avis de Recherche de Donquixote Doflamingo va faire ton bonheur. Donquixote Doflamingo est l&rsquo;antagoniste principal de l&rsquo;arc Dressrosa, il fait \u00e9galement partie des antagonistes de Marineford. Il est \u00e0 la t\u00eate d&rsquo;un trafic de Smile, des fruits du d\u00e9mon artificiels qu&rsquo;il vend \u00e0 Kaido. Doflamingo r\u00e8gne sur Dressrosa [&hellip;]<\/p>","protected":false},"featured_media":10208,"comment_status":"open","ping_status":"open","template":"","meta":[],"product_brand":[],"product_cat":[171],"product_tag":[325],"class_list":{"0":"post-10206","1":"product","2":"type-product","3":"status-publish","4":"has-post-thumbnail","6":"product_cat-avis-de-recherche-one-piece","7":"product_tag-avalo-pizarro","9":"first","10":"instock","11":"purchasable","12":"product-type-variable"},"yoast_head":"<!-- This site is optimized with the Yoast SEO plugin v27.5 - https:\/\/yoast.com\/product\/yoast-seo-wordpress\/ -->\n<title>Avis De Recherche Donquixote Doflamingo Wanted | Boutique One Piece<\/title>\n<meta name=\"description\" content=\"Si tu aimes d\u00e9tester un personnage, cet Avis de Recherche de Donquixote Doflamingo va faire ton bonheur. Donquixote Doflamingo est l&#039;antagoniste principal de l&#039;arc Dressrosa, il fait \u00e9galement partie des antagonistes de Marineford. Il est \u00e0 la t\u00eate d&#039;un trafic de Smile, des fruits du d\u00e9mon artificiels qu&#039;il vend \u00e0 Kaid\" \/>\n<meta name=\"robots\" content=\"index, follow, max-snippet:-1, max-image-preview:large, max-video-preview:-1\" \/>\n<link rel=\"canonical\" href=\"https:\/\/boutique-one-piece.com\/da\/one-piece-efterlysningsplakat\/donquixote-doflamingo-efterlysningsplakat\/\" \/>\n<meta property=\"og:locale\" content=\"da_DK\" \/>\n<meta property=\"og:type\" content=\"article\" \/>\n<meta property=\"og:title\" content=\"Avis De Recherche Donquixote Doflamingo Wanted | Boutique One Piece\" \/>\n<meta property=\"og:description\" content=\"Si tu aimes d\u00e9tester un personnage, cet Avis de Recherche de Donquixote Doflamingo va faire ton bonheur. Donquixote Doflamingo est l&#039;antagoniste principal de l&#039;arc Dressrosa, il fait \u00e9galement partie des antagonistes de Marineford. Il est \u00e0 la t\u00eate d&#039;un trafic de Smile, des fruits du d\u00e9mon artificiels qu&#039;il vend \u00e0 Kaid\" \/>\n<meta property=\"og:url\" content=\"https:\/\/boutique-one-piece.com\/da\/one-piece-efterlysningsplakat\/donquixote-doflamingo-efterlysningsplakat\/\" \/>\n<meta property=\"og:site_name\" content=\"Boutique One Piece\" \/>\n<meta property=\"article:modified_time\" content=\"2024-09-16T15:25:23+00:00\" \/>\n<meta property=\"og:image\" content=\"https:\/\/boutique-one-piece.com\/wp-content\/uploads\/2022\/09\/Avis-De-Recherche-Donquixote-Doflamingo-Wanted-1.jpg\" \/>\n\t<meta property=\"og:image:width\" content=\"799\" \/>\n\t<meta property=\"og:image:height\" content=\"798\" \/>\n\t<meta property=\"og:image:type\" content=\"image\/jpeg\" \/>\n<meta name=\"twitter:card\" content=\"summary_large_image\" \/>\n<meta name=\"twitter:label1\" content=\"Estimeret l\u00e6setid\" \/>\n\t<meta name=\"twitter:data1\" content=\"3 minutter\" \/>\n<script type=\"application\/ld+json\" class=\"yoast-schema-graph\">{\"@context\":\"https:\\\/\\\/schema.org\",\"@graph\":[{\"@type\":\"WebPage\",\"@id\":\"https:\\\/\\\/boutique-one-piece.com\\\/avis-de-recherche-one-piece\\\/avis-de-recherche-donquixote-doflamingo-wanted\\\/\",\"url\":\"https:\\\/\\\/boutique-one-piece.com\\\/avis-de-recherche-one-piece\\\/avis-de-recherche-donquixote-doflamingo-wanted\\\/\",\"name\":\"Avis De Recherche Donquixote Doflamingo Wanted | Boutique One Piece\",\"isPartOf\":{\"@id\":\"https:\\\/\\\/boutique-one-piece.com\\\/#website\"},\"primaryImageOfPage\":{\"@id\":\"https:\\\/\\\/boutique-one-piece.com\\\/avis-de-recherche-one-piece\\\/avis-de-recherche-donquixote-doflamingo-wanted\\\/#primaryimage\"},\"image\":{\"@id\":\"https:\\\/\\\/boutique-one-piece.com\\\/avis-de-recherche-one-piece\\\/avis-de-recherche-donquixote-doflamingo-wanted\\\/#primaryimage\"},\"thumbnailUrl\":\"https:\\\/\\\/boutique-one-piece.com\\\/wp-content\\\/uploads\\\/2022\\\/09\\\/Avis-De-Recherche-Donquixote-Doflamingo-Wanted-1.jpg\",\"datePublished\":\"2022-09-27T20:33:02+00:00\",\"dateModified\":\"2024-09-16T15:25:23+00:00\",\"description\":\"Si tu aimes d\u00e9tester un personnage, cet Avis de Recherche de Donquixote Doflamingo va faire ton bonheur. Donquixote Doflamingo est l'antagoniste principal de l'arc Dressrosa, il fait \u00e9galement partie des antagonistes de Marineford. Il est \u00e0 la t\u00eate d'un trafic de Smile, des fruits du d\u00e9mon artificiels qu'il vend \u00e0 Kaid\",\"breadcrumb\":{\"@id\":\"https:\\\/\\\/boutique-one-piece.com\\\/avis-de-recherche-one-piece\\\/avis-de-recherche-donquixote-doflamingo-wanted\\\/#breadcrumb\"},\"inLanguage\":\"da-DK\",\"potentialAction\":[{\"@type\":\"ReadAction\",\"target\":[\"https:\\\/\\\/boutique-one-piece.com\\\/avis-de-recherche-one-piece\\\/avis-de-recherche-donquixote-doflamingo-wanted\\\/\"]}]},{\"@type\":\"ImageObject\",\"inLanguage\":\"da-DK\",\"@id\":\"https:\\\/\\\/boutique-one-piece.com\\\/avis-de-recherche-one-piece\\\/avis-de-recherche-donquixote-doflamingo-wanted\\\/#primaryimage\",\"url\":\"https:\\\/\\\/boutique-one-piece.com\\\/wp-content\\\/uploads\\\/2022\\\/09\\\/Avis-De-Recherche-Donquixote-Doflamingo-Wanted-1.jpg\",\"contentUrl\":\"https:\\\/\\\/boutique-one-piece.com\\\/wp-content\\\/uploads\\\/2022\\\/09\\\/Avis-De-Recherche-Donquixote-Doflamingo-Wanted-1.jpg\",\"width\":799,\"height\":798},{\"@type\":\"BreadcrumbList\",\"@id\":\"https:\\\/\\\/boutique-one-piece.com\\\/avis-de-recherche-one-piece\\\/avis-de-recherche-donquixote-doflamingo-wanted\\\/#breadcrumb\",\"itemListElement\":[{\"@type\":\"ListItem\",\"position\":1,\"name\":\"Home\",\"item\":\"https:\\\/\\\/boutique-one-piece.com\\\/\"},{\"@type\":\"ListItem\",\"position\":2,\"name\":\"Shop\",\"item\":\"https:\\\/\\\/boutique-one-piece.com\\\/shop\\\/\"},{\"@type\":\"ListItem\",\"position\":3,\"name\":\"Avis De Recherche Donquixote Doflamingo Wanted\"}]},{\"@type\":\"WebSite\",\"@id\":\"https:\\\/\\\/boutique-one-piece.com\\\/#website\",\"url\":\"https:\\\/\\\/boutique-one-piece.com\\\/\",\"name\":\"Boutique One Piece\",\"description\":\"Magasin Sp\u00e9cialis\u00e9 du Manga et l&#039;Anime One Piece\",\"publisher\":{\"@id\":\"https:\\\/\\\/boutique-one-piece.com\\\/#organization\"},\"potentialAction\":[{\"@type\":\"SearchAction\",\"target\":{\"@type\":\"EntryPoint\",\"urlTemplate\":\"https:\\\/\\\/boutique-one-piece.com\\\/?s={search_term_string}\"},\"query-input\":{\"@type\":\"PropertyValueSpecification\",\"valueRequired\":true,\"valueName\":\"search_term_string\"}}],\"inLanguage\":\"da-DK\"},{\"@type\":\"Organization\",\"@id\":\"https:\\\/\\\/boutique-one-piece.com\\\/#organization\",\"name\":\"Boutique One Piece\",\"url\":\"https:\\\/\\\/boutique-one-piece.com\\\/\",\"logo\":{\"@type\":\"ImageObject\",\"inLanguage\":\"da-DK\",\"@id\":\"https:\\\/\\\/boutique-one-piece.com\\\/#\\\/schema\\\/logo\\\/image\\\/\",\"url\":\"https:\\\/\\\/boutique-one-piece.com\\\/wp-content\\\/uploads\\\/2022\\\/09\\\/Logo-01.png\",\"contentUrl\":\"https:\\\/\\\/boutique-one-piece.com\\\/wp-content\\\/uploads\\\/2022\\\/09\\\/Logo-01.png\",\"width\":2318,\"height\":957,\"caption\":\"Boutique One Piece\"},\"image\":{\"@id\":\"https:\\\/\\\/boutique-one-piece.com\\\/#\\\/schema\\\/logo\\\/image\\\/\"}}]}<\/script>\n<!-- \/ Yoast SEO plugin. -->","yoast_head_json":{"title":"Donquixote Doflamingo efterlysning | One Piece Shop","description":"Hvis du nyder at hade en karakter, vil denne Donquixote Doflamingo Wanted Poster g\u00f8re din dag bedre. Donquixote Doflamingo er hovedantagonisten i Dressrosa-buen og ogs\u00e5 en af Marinefords antagonister. Han driver en SMILE-handelsring, hvor han s\u00e6lger kunstige dj\u00e6vlefrugter til Kong Kai.","robots":{"index":"index","follow":"follow","max-snippet":"max-snippet:-1","max-image-preview":"max-image-preview:large","max-video-preview":"max-video-preview:-1"},"canonical":"https:\/\/boutique-one-piece.com\/da\/one-piece-efterlysningsplakat\/donquixote-doflamingo-efterlysningsplakat\/","og_locale":"da_DK","og_type":"article","og_title":"Avis De Recherche Donquixote Doflamingo Wanted | Boutique One Piece","og_description":"Si tu aimes d\u00e9tester un personnage, cet Avis de Recherche de Donquixote Doflamingo va faire ton bonheur. Donquixote Doflamingo est l'antagoniste principal de l'arc Dressrosa, il fait \u00e9galement partie des antagonistes de Marineford. Il est \u00e0 la t\u00eate d'un trafic de Smile, des fruits du d\u00e9mon artificiels qu'il vend \u00e0 Kaid","og_url":"https:\/\/boutique-one-piece.com\/da\/one-piece-efterlysningsplakat\/donquixote-doflamingo-efterlysningsplakat\/","og_site_name":"Boutique One Piece","article_modified_time":"2024-09-16T15:25:23+00:00","og_image":[{"width":799,"height":798,"url":"https:\/\/boutique-one-piece.com\/wp-content\/uploads\/2022\/09\/Avis-De-Recherche-Donquixote-Doflamingo-Wanted-1.jpg","type":"image\/jpeg"}],"twitter_card":"summary_large_image","twitter_misc":{"Estimeret l\u00e6setid":"3 minutter"},"schema":{"@context":"https:\/\/schema.org","@graph":[{"@type":"WebPage","@id":"https:\/\/boutique-one-piece.com\/avis-de-recherche-one-piece\/avis-de-recherche-donquixote-doflamingo-wanted\/","url":"https:\/\/boutique-one-piece.com\/avis-de-recherche-one-piece\/avis-de-recherche-donquixote-doflamingo-wanted\/","name":"Donquixote Doflamingo efterlysning | One Piece Shop","isPartOf":{"@id":"https:\/\/boutique-one-piece.com\/#website"},"primaryImageOfPage":{"@id":"https:\/\/boutique-one-piece.com\/avis-de-recherche-one-piece\/avis-de-recherche-donquixote-doflamingo-wanted\/#primaryimage"},"image":{"@id":"https:\/\/boutique-one-piece.com\/avis-de-recherche-one-piece\/avis-de-recherche-donquixote-doflamingo-wanted\/#primaryimage"},"thumbnailUrl":"https:\/\/boutique-one-piece.com\/wp-content\/uploads\/2022\/09\/Avis-De-Recherche-Donquixote-Doflamingo-Wanted-1.jpg","datePublished":"2022-09-27T20:33:02+00:00","dateModified":"2024-09-16T15:25:23+00:00","description":"Hvis du nyder at hade en karakter, vil denne Donquixote Doflamingo Wanted Poster g\u00f8re din dag bedre. Donquixote Doflamingo er hovedantagonisten i Dressrosa-buen og ogs\u00e5 en af Marinefords antagonister. Han driver en SMILE-handelsring, hvor han s\u00e6lger kunstige dj\u00e6vlefrugter til Kong Kai.","breadcrumb":{"@id":"https:\/\/boutique-one-piece.com\/avis-de-recherche-one-piece\/avis-de-recherche-donquixote-doflamingo-wanted\/#breadcrumb"},"inLanguage":"da-DK","potentialAction":[{"@type":"ReadAction","target":["https:\/\/boutique-one-piece.com\/avis-de-recherche-one-piece\/avis-de-recherche-donquixote-doflamingo-wanted\/"]}]},{"@type":"ImageObject","inLanguage":"da-DK","@id":"https:\/\/boutique-one-piece.com\/avis-de-recherche-one-piece\/avis-de-recherche-donquixote-doflamingo-wanted\/#primaryimage","url":"https:\/\/boutique-one-piece.com\/wp-content\/uploads\/2022\/09\/Avis-De-Recherche-Donquixote-Doflamingo-Wanted-1.jpg","contentUrl":"https:\/\/boutique-one-piece.com\/wp-content\/uploads\/2022\/09\/Avis-De-Recherche-Donquixote-Doflamingo-Wanted-1.jpg","width":799,"height":798},{"@type":"BreadcrumbList","@id":"https:\/\/boutique-one-piece.com\/avis-de-recherche-one-piece\/avis-de-recherche-donquixote-doflamingo-wanted\/#breadcrumb","itemListElement":[{"@type":"ListItem","position":1,"name":"Home","item":"https:\/\/boutique-one-piece.com\/"},{"@type":"ListItem","position":2,"name":"Shop","item":"https:\/\/boutique-one-piece.com\/shop\/"},{"@type":"ListItem","position":3,"name":"Avis De Recherche Donquixote Doflamingo Wanted"}]},{"@type":"WebSite","@id":"https:\/\/boutique-one-piece.com\/#website","url":"https:\/\/boutique-one-piece.com\/","name":"One Piece Shop","description":"Specialbutik for One Piece Manga og Anime","publisher":{"@id":"https:\/\/boutique-one-piece.com\/#organization"},"potentialAction":[{"@type":"SearchAction","target":{"@type":"EntryPoint","urlTemplate":"https:\/\/boutique-one-piece.com\/?s={search_term_string}"},"query-input":{"@type":"PropertyValueSpecification","valueRequired":true,"valueName":"search_term_string"}}],"inLanguage":"da-DK"},{"@type":"Organization","@id":"https:\/\/boutique-one-piece.com\/#organization","name":"One Piece Shop","url":"https:\/\/boutique-one-piece.com\/","logo":{"@type":"ImageObject","inLanguage":"da-DK","@id":"https:\/\/boutique-one-piece.com\/#\/schema\/logo\/image\/","url":"https:\/\/boutique-one-piece.com\/wp-content\/uploads\/2022\/09\/Logo-01.png","contentUrl":"https:\/\/boutique-one-piece.com\/wp-content\/uploads\/2022\/09\/Logo-01.png","width":2318,"height":957,"caption":"Boutique One Piece"},"image":{"@id":"https:\/\/boutique-one-piece.com\/#\/schema\/logo\/image\/"}}]}},"_links":{"self":[{"href":"https:\/\/boutique-one-piece.com\/da\/wp-json\/wp\/v2\/product\/10206","targetHints":{"allow":["GET"]}}],"collection":[{"href":"https:\/\/boutique-one-piece.com\/da\/wp-json\/wp\/v2\/product"}],"about":[{"href":"https:\/\/boutique-one-piece.com\/da\/wp-json\/wp\/v2\/types\/product"}],"replies":[{"embeddable":true,"href":"https:\/\/boutique-one-piece.com\/da\/wp-json\/wp\/v2\/comments?post=10206"}],"wp:featuredmedia":[{"embeddable":true,"href":"https:\/\/boutique-one-piece.com\/da\/wp-json\/wp\/v2\/media\/10208"}],"wp:attachment":[{"href":"https:\/\/boutique-one-piece.com\/da\/wp-json\/wp\/v2\/media?parent=10206"}],"wp:term":[{"taxonomy":"product_brand","embeddable":true,"href":"https:\/\/boutique-one-piece.com\/da\/wp-json\/wp\/v2\/product_brand?post=10206"},{"taxonomy":"product_cat","embeddable":true,"href":"https:\/\/boutique-one-piece.com\/da\/wp-json\/wp\/v2\/product_cat?post=10206"},{"taxonomy":"product_tag","embeddable":true,"href":"https:\/\/boutique-one-piece.com\/da\/wp-json\/wp\/v2\/product_tag?post=10206"}],"curies":[{"name":"wp","href":"https:\/\/api.w.org\/{rel}","templated":true}]}}