{"id":10257,"date":"2022-09-27T20:33:22","date_gmt":"2022-09-27T20:33:22","guid":{"rendered":"https:\/\/boutique-one-piece.com\/uncategorized\/figurine-one-piece-charlotte-katakuri\/"},"modified":"2024-09-16T12:01:43","modified_gmt":"2024-09-16T12:01:43","slug":"charlotte-katakuri-figur-i-et-stykke","status":"publish","type":"product","link":"https:\/\/boutique-one-piece.com\/da\/one-piece-figurer-2\/charlotte-katakuri-figur-i-et-stykke\/","title":{"rendered":"One Piece Charlotte Katakuri-figur"},"content":{"rendered":"<h2>Unge pirat, tiden er kommet til, at du f\u00e5r fat i denne One Piece Charlotte Katakuri-figur.<\/h2>\n<p>Her er hvad du beh\u00f8ver at vide om ham; ; <strong>Charlotte Katakuri<\/strong> Han er den anden s\u00f8n og det tredje barn i Charlotte-familien. Han er ogs\u00e5 en af trillingerne, der blev f\u00f8dt samtidig med Oven og Daifuku. Han er en af de tre s\u00f8de kommand\u00f8rer i Piraternes <strong>Big Mom<\/strong>, samt melministeren, der styrer Hvede\u00f8en.<\/p>\n<p>En kort sidebem\u00e6rkning om Big Mom, ogs\u00e5 kendt som Charlotte Linlin: hun er kaptajn for Big Mom Pirates og det eneste kvindelige medlem af <strong>Fire kejsere<\/strong>. Hun er matriarken i Charlotte-familien, som danner rygraden i hendes bes\u00e6tning. Hvis du ogs\u00e5 gerne vil udvide din figursamling, er <a title=\"ONE PIECE BIG MOM ON HER THRONE FIGUR\" href=\"https:\/\/boutique-one-piece.com\/da\/one-piece-big-mom-figur-pa-sin-trone-26-cm\/\" target=\"_blank\" rel=\"noopener\">Big Mom-figur p\u00e5 sin trone<\/a> er inden for din r\u00e6kkevidde.<\/p>\n<h3>S\u00e5 er du betaget af Charlotte Katakuri-figuren? Hvis ja, s\u00e5 t\u00f8v ikke l\u00e6ngere og grib chancen for at blive en del af Big Mom Pirates.<\/h3>\n<p>Uanset om du er en inkarneret fan eller en erfaren samler, er disse genstande helt sikkert noget for dig. Perfekte til at give i gave, samle p\u00e5 eller dekorere, disse genstande vil forbedre din samling. <strong>dit One Piece-univers<\/strong>. Tag din sk\u00e6bne i dine egne h\u00e6nder, unge pirat, og begiv dig ud p\u00e5 jagt efter <strong>One Piece-skat<\/strong>.<\/p>\n<h2>Information om Charlotte Katakuri-figur\u00a0<\/h2>\n<ul>\n<li><span><b><u>One Piece-figur<\/u><\/b>\u00a0Premium One Piece-figur til \u00e6gte pirater<\/span><\/li>\n<\/ul>\n<ul>\n<li>\n<b>Materie<\/b><span>\u00a0<\/span>PVC<\/li>\n<\/ul>\n<ul>\n<li><span><strong>Dimension<\/strong>\u00a022 cm<\/span><\/li>\n<\/ul>\n<ul>\n<li><span><strong>GRATIS LEVERING<\/strong><\/span><\/li>\n<\/ul>","protected":false},"excerpt":{"rendered":"<p>Jeune pirate, le moment est venu pour toi de te procurer cette Figurine One Piece Charlotte Katakuri. Voici ce que tu dois savoir \u00e0 son sujet ; Charlotte Katakuri est le 2e fils et le 3e enfant de la Famille Charlotte. C&rsquo;est aussi un des tripl\u00e9s n\u00e9s en m\u00eame temps qu&rsquo;Oven et Daifuku. Il est [&hellip;]<\/p>","protected":false},"featured_media":10259,"comment_status":"open","ping_status":"open","template":"","meta":[],"product_brand":[],"product_cat":[76],"product_tag":[330],"class_list":{"0":"post-10257","1":"product","2":"type-product","3":"status-publish","4":"has-post-thumbnail","6":"product_cat-figurines-one-piece","7":"product_tag-katakuri","9":"first","10":"instock","11":"purchasable","12":"product-type-simple"},"yoast_head":"<!-- This site is optimized with the Yoast SEO plugin v27.5 - https:\/\/yoast.com\/product\/yoast-seo-wordpress\/ -->\n<title>Figurine One Piece Charlotte Katakuri | Figurine One Piece \u2013 Boutique One Piece<\/title>\n<meta name=\"description\" content=\"Jeune pirate, le moment est venu pour toi de te procurer cette Figurine One Piece Charlotte Katakuri. Voici ce que tu dois savoir \u00e0 son sujet ; Charlotte Katakuri est le 2e fils et le 3e enfant de la Famille Charlotte. C&#039;est aussi un des tripl\u00e9s n\u00e9s en m\u00eame temps qu&#039;Oven et Daifuku. Il est l&#039;un des trois Sweet Commande\" \/>\n<meta name=\"robots\" content=\"index, follow, max-snippet:-1, max-image-preview:large, max-video-preview:-1\" \/>\n<link rel=\"canonical\" href=\"https:\/\/boutique-one-piece.com\/da\/one-piece-figurer-2\/charlotte-katakuri-figur-i-et-stykke\/\" \/>\n<meta property=\"og:locale\" content=\"da_DK\" \/>\n<meta property=\"og:type\" content=\"article\" \/>\n<meta property=\"og:title\" content=\"Figurine One Piece Charlotte Katakuri | Figurine One Piece \u2013 Boutique One Piece\" \/>\n<meta property=\"og:description\" content=\"Jeune pirate, le moment est venu pour toi de te procurer cette Figurine One Piece Charlotte Katakuri. Voici ce que tu dois savoir \u00e0 son sujet ; Charlotte Katakuri est le 2e fils et le 3e enfant de la Famille Charlotte. C&#039;est aussi un des tripl\u00e9s n\u00e9s en m\u00eame temps qu&#039;Oven et Daifuku. Il est l&#039;un des trois Sweet Commande\" \/>\n<meta property=\"og:url\" content=\"https:\/\/boutique-one-piece.com\/da\/one-piece-figurer-2\/charlotte-katakuri-figur-i-et-stykke\/\" \/>\n<meta property=\"og:site_name\" content=\"Boutique One Piece\" \/>\n<meta property=\"article:modified_time\" content=\"2024-09-16T12:01:43+00:00\" \/>\n<meta property=\"og:image\" content=\"https:\/\/boutique-one-piece.com\/wp-content\/uploads\/2022\/09\/Figurine-One-Piece-Charlotte-Katakuri-1.jpg\" \/>\n\t<meta property=\"og:image:width\" content=\"600\" \/>\n\t<meta property=\"og:image:height\" content=\"600\" \/>\n\t<meta property=\"og:image:type\" content=\"image\/jpeg\" \/>\n<meta name=\"twitter:card\" content=\"summary_large_image\" \/>\n<meta name=\"twitter:label1\" content=\"Estimeret l\u00e6setid\" \/>\n\t<meta name=\"twitter:data1\" content=\"1 minut\" \/>\n<script type=\"application\/ld+json\" class=\"yoast-schema-graph\">{\"@context\":\"https:\\\/\\\/schema.org\",\"@graph\":[{\"@type\":\"WebPage\",\"@id\":\"https:\\\/\\\/boutique-one-piece.com\\\/figurines-one-piece\\\/figurine-one-piece-charlotte-katakuri\\\/\",\"url\":\"https:\\\/\\\/boutique-one-piece.com\\\/figurines-one-piece\\\/figurine-one-piece-charlotte-katakuri\\\/\",\"name\":\"Figurine One Piece Charlotte Katakuri | Figurine One Piece \u2013 Boutique One Piece\",\"isPartOf\":{\"@id\":\"https:\\\/\\\/boutique-one-piece.com\\\/#website\"},\"primaryImageOfPage\":{\"@id\":\"https:\\\/\\\/boutique-one-piece.com\\\/figurines-one-piece\\\/figurine-one-piece-charlotte-katakuri\\\/#primaryimage\"},\"image\":{\"@id\":\"https:\\\/\\\/boutique-one-piece.com\\\/figurines-one-piece\\\/figurine-one-piece-charlotte-katakuri\\\/#primaryimage\"},\"thumbnailUrl\":\"https:\\\/\\\/boutique-one-piece.com\\\/wp-content\\\/uploads\\\/2022\\\/09\\\/Figurine-One-Piece-Charlotte-Katakuri-1.jpg\",\"datePublished\":\"2022-09-27T20:33:22+00:00\",\"dateModified\":\"2024-09-16T12:01:43+00:00\",\"description\":\"Jeune pirate, le moment est venu pour toi de te procurer cette Figurine One Piece Charlotte Katakuri. Voici ce que tu dois savoir \u00e0 son sujet ; Charlotte Katakuri est le 2e fils et le 3e enfant de la Famille Charlotte. C'est aussi un des tripl\u00e9s n\u00e9s en m\u00eame temps qu'Oven et Daifuku. Il est l'un des trois Sweet Commande\",\"breadcrumb\":{\"@id\":\"https:\\\/\\\/boutique-one-piece.com\\\/figurines-one-piece\\\/figurine-one-piece-charlotte-katakuri\\\/#breadcrumb\"},\"inLanguage\":\"da-DK\",\"potentialAction\":[{\"@type\":\"ReadAction\",\"target\":[\"https:\\\/\\\/boutique-one-piece.com\\\/figurines-one-piece\\\/figurine-one-piece-charlotte-katakuri\\\/\"]}]},{\"@type\":\"ImageObject\",\"inLanguage\":\"da-DK\",\"@id\":\"https:\\\/\\\/boutique-one-piece.com\\\/figurines-one-piece\\\/figurine-one-piece-charlotte-katakuri\\\/#primaryimage\",\"url\":\"https:\\\/\\\/boutique-one-piece.com\\\/wp-content\\\/uploads\\\/2022\\\/09\\\/Figurine-One-Piece-Charlotte-Katakuri-1.jpg\",\"contentUrl\":\"https:\\\/\\\/boutique-one-piece.com\\\/wp-content\\\/uploads\\\/2022\\\/09\\\/Figurine-One-Piece-Charlotte-Katakuri-1.jpg\",\"width\":600,\"height\":600},{\"@type\":\"BreadcrumbList\",\"@id\":\"https:\\\/\\\/boutique-one-piece.com\\\/figurines-one-piece\\\/figurine-one-piece-charlotte-katakuri\\\/#breadcrumb\",\"itemListElement\":[{\"@type\":\"ListItem\",\"position\":1,\"name\":\"Home\",\"item\":\"https:\\\/\\\/boutique-one-piece.com\\\/\"},{\"@type\":\"ListItem\",\"position\":2,\"name\":\"Shop\",\"item\":\"https:\\\/\\\/boutique-one-piece.com\\\/shop\\\/\"},{\"@type\":\"ListItem\",\"position\":3,\"name\":\"Figurine One Piece Charlotte Katakuri\"}]},{\"@type\":\"WebSite\",\"@id\":\"https:\\\/\\\/boutique-one-piece.com\\\/#website\",\"url\":\"https:\\\/\\\/boutique-one-piece.com\\\/\",\"name\":\"Boutique One Piece\",\"description\":\"Magasin Sp\u00e9cialis\u00e9 du Manga et l&#039;Anime One Piece\",\"publisher\":{\"@id\":\"https:\\\/\\\/boutique-one-piece.com\\\/#organization\"},\"potentialAction\":[{\"@type\":\"SearchAction\",\"target\":{\"@type\":\"EntryPoint\",\"urlTemplate\":\"https:\\\/\\\/boutique-one-piece.com\\\/?s={search_term_string}\"},\"query-input\":{\"@type\":\"PropertyValueSpecification\",\"valueRequired\":true,\"valueName\":\"search_term_string\"}}],\"inLanguage\":\"da-DK\"},{\"@type\":\"Organization\",\"@id\":\"https:\\\/\\\/boutique-one-piece.com\\\/#organization\",\"name\":\"Boutique One Piece\",\"url\":\"https:\\\/\\\/boutique-one-piece.com\\\/\",\"logo\":{\"@type\":\"ImageObject\",\"inLanguage\":\"da-DK\",\"@id\":\"https:\\\/\\\/boutique-one-piece.com\\\/#\\\/schema\\\/logo\\\/image\\\/\",\"url\":\"https:\\\/\\\/boutique-one-piece.com\\\/wp-content\\\/uploads\\\/2022\\\/09\\\/Logo-01.png\",\"contentUrl\":\"https:\\\/\\\/boutique-one-piece.com\\\/wp-content\\\/uploads\\\/2022\\\/09\\\/Logo-01.png\",\"width\":2318,\"height\":957,\"caption\":\"Boutique One Piece\"},\"image\":{\"@id\":\"https:\\\/\\\/boutique-one-piece.com\\\/#\\\/schema\\\/logo\\\/image\\\/\"}}]}<\/script>\n<!-- \/ Yoast SEO plugin. -->","yoast_head_json":{"title":"One Piece Charlotte Katakari Figur | One Piece Figur \u2013 One Piece Shop","description":"Unge pirat, tiden er kommet til at f\u00e5 fingrene i denne One Piece Charlotte Katakuri-figur. Her er hvad du beh\u00f8ver at vide om hende: Charlotte Katakuri er den anden s\u00f8n og tredje barn i Charlotte-familien. Hun er ogs\u00e5 en af trillingerne, der er f\u00f8dt samtidig med Oven og Daifuku. Hun er en af de tre s\u00f8de bud.","robots":{"index":"index","follow":"follow","max-snippet":"max-snippet:-1","max-image-preview":"max-image-preview:large","max-video-preview":"max-video-preview:-1"},"canonical":"https:\/\/boutique-one-piece.com\/da\/one-piece-figurer-2\/charlotte-katakuri-figur-i-et-stykke\/","og_locale":"da_DK","og_type":"article","og_title":"Figurine One Piece Charlotte Katakuri | Figurine One Piece \u2013 Boutique One Piece","og_description":"Jeune pirate, le moment est venu pour toi de te procurer cette Figurine One Piece Charlotte Katakuri. Voici ce que tu dois savoir \u00e0 son sujet ; Charlotte Katakuri est le 2e fils et le 3e enfant de la Famille Charlotte. C'est aussi un des tripl\u00e9s n\u00e9s en m\u00eame temps qu'Oven et Daifuku. Il est l'un des trois Sweet Commande","og_url":"https:\/\/boutique-one-piece.com\/da\/one-piece-figurer-2\/charlotte-katakuri-figur-i-et-stykke\/","og_site_name":"Boutique One Piece","article_modified_time":"2024-09-16T12:01:43+00:00","og_image":[{"width":600,"height":600,"url":"https:\/\/boutique-one-piece.com\/wp-content\/uploads\/2022\/09\/Figurine-One-Piece-Charlotte-Katakuri-1.jpg","type":"image\/jpeg"}],"twitter_card":"summary_large_image","twitter_misc":{"Estimeret l\u00e6setid":"1 minut"},"schema":{"@context":"https:\/\/schema.org","@graph":[{"@type":"WebPage","@id":"https:\/\/boutique-one-piece.com\/figurines-one-piece\/figurine-one-piece-charlotte-katakuri\/","url":"https:\/\/boutique-one-piece.com\/figurines-one-piece\/figurine-one-piece-charlotte-katakuri\/","name":"One Piece Charlotte Katakari Figur | One Piece Figur \u2013 One Piece Shop","isPartOf":{"@id":"https:\/\/boutique-one-piece.com\/#website"},"primaryImageOfPage":{"@id":"https:\/\/boutique-one-piece.com\/figurines-one-piece\/figurine-one-piece-charlotte-katakuri\/#primaryimage"},"image":{"@id":"https:\/\/boutique-one-piece.com\/figurines-one-piece\/figurine-one-piece-charlotte-katakuri\/#primaryimage"},"thumbnailUrl":"https:\/\/boutique-one-piece.com\/wp-content\/uploads\/2022\/09\/Figurine-One-Piece-Charlotte-Katakuri-1.jpg","datePublished":"2022-09-27T20:33:22+00:00","dateModified":"2024-09-16T12:01:43+00:00","description":"Unge pirat, tiden er kommet til at f\u00e5 fingrene i denne One Piece Charlotte Katakuri-figur. Her er hvad du beh\u00f8ver at vide om hende: Charlotte Katakuri er den anden s\u00f8n og tredje barn i Charlotte-familien. Hun er ogs\u00e5 en af trillingerne, der er f\u00f8dt samtidig med Oven og Daifuku. Hun er en af de tre s\u00f8de bud.","breadcrumb":{"@id":"https:\/\/boutique-one-piece.com\/figurines-one-piece\/figurine-one-piece-charlotte-katakuri\/#breadcrumb"},"inLanguage":"da-DK","potentialAction":[{"@type":"ReadAction","target":["https:\/\/boutique-one-piece.com\/figurines-one-piece\/figurine-one-piece-charlotte-katakuri\/"]}]},{"@type":"ImageObject","inLanguage":"da-DK","@id":"https:\/\/boutique-one-piece.com\/figurines-one-piece\/figurine-one-piece-charlotte-katakuri\/#primaryimage","url":"https:\/\/boutique-one-piece.com\/wp-content\/uploads\/2022\/09\/Figurine-One-Piece-Charlotte-Katakuri-1.jpg","contentUrl":"https:\/\/boutique-one-piece.com\/wp-content\/uploads\/2022\/09\/Figurine-One-Piece-Charlotte-Katakuri-1.jpg","width":600,"height":600},{"@type":"BreadcrumbList","@id":"https:\/\/boutique-one-piece.com\/figurines-one-piece\/figurine-one-piece-charlotte-katakuri\/#breadcrumb","itemListElement":[{"@type":"ListItem","position":1,"name":"Home","item":"https:\/\/boutique-one-piece.com\/"},{"@type":"ListItem","position":2,"name":"Shop","item":"https:\/\/boutique-one-piece.com\/shop\/"},{"@type":"ListItem","position":3,"name":"Figurine One Piece Charlotte Katakuri"}]},{"@type":"WebSite","@id":"https:\/\/boutique-one-piece.com\/#website","url":"https:\/\/boutique-one-piece.com\/","name":"One Piece Shop","description":"Specialbutik for One Piece Manga og Anime","publisher":{"@id":"https:\/\/boutique-one-piece.com\/#organization"},"potentialAction":[{"@type":"SearchAction","target":{"@type":"EntryPoint","urlTemplate":"https:\/\/boutique-one-piece.com\/?s={search_term_string}"},"query-input":{"@type":"PropertyValueSpecification","valueRequired":true,"valueName":"search_term_string"}}],"inLanguage":"da-DK"},{"@type":"Organization","@id":"https:\/\/boutique-one-piece.com\/#organization","name":"One Piece Shop","url":"https:\/\/boutique-one-piece.com\/","logo":{"@type":"ImageObject","inLanguage":"da-DK","@id":"https:\/\/boutique-one-piece.com\/#\/schema\/logo\/image\/","url":"https:\/\/boutique-one-piece.com\/wp-content\/uploads\/2022\/09\/Logo-01.png","contentUrl":"https:\/\/boutique-one-piece.com\/wp-content\/uploads\/2022\/09\/Logo-01.png","width":2318,"height":957,"caption":"Boutique One Piece"},"image":{"@id":"https:\/\/boutique-one-piece.com\/#\/schema\/logo\/image\/"}}]}},"_links":{"self":[{"href":"https:\/\/boutique-one-piece.com\/da\/wp-json\/wp\/v2\/product\/10257","targetHints":{"allow":["GET"]}}],"collection":[{"href":"https:\/\/boutique-one-piece.com\/da\/wp-json\/wp\/v2\/product"}],"about":[{"href":"https:\/\/boutique-one-piece.com\/da\/wp-json\/wp\/v2\/types\/product"}],"replies":[{"embeddable":true,"href":"https:\/\/boutique-one-piece.com\/da\/wp-json\/wp\/v2\/comments?post=10257"}],"wp:featuredmedia":[{"embeddable":true,"href":"https:\/\/boutique-one-piece.com\/da\/wp-json\/wp\/v2\/media\/10259"}],"wp:attachment":[{"href":"https:\/\/boutique-one-piece.com\/da\/wp-json\/wp\/v2\/media?parent=10257"}],"wp:term":[{"taxonomy":"product_brand","embeddable":true,"href":"https:\/\/boutique-one-piece.com\/da\/wp-json\/wp\/v2\/product_brand?post=10257"},{"taxonomy":"product_cat","embeddable":true,"href":"https:\/\/boutique-one-piece.com\/da\/wp-json\/wp\/v2\/product_cat?post=10257"},{"taxonomy":"product_tag","embeddable":true,"href":"https:\/\/boutique-one-piece.com\/da\/wp-json\/wp\/v2\/product_tag?post=10257"}],"curies":[{"name":"wp","href":"https:\/\/api.w.org\/{rel}","templated":true}]}}