{"id":10390,"date":"2022-09-27T20:34:13","date_gmt":"2022-09-27T20:34:13","guid":{"rendered":"https:\/\/boutique-one-piece.com\/uncategorized\/porte-clef-one-piece-symbole-brook\/"},"modified":"2024-09-16T12:04:44","modified_gmt":"2024-09-16T12:04:44","slug":"one-piece-brook-symbolnoglering","status":"publish","type":"product","link":"https:\/\/boutique-one-piece.com\/da\/one-piece-tilbehor\/one-piece-nogleringe\/one-piece-brook-symbolnoglering\/","title":{"rendered":"One Piece Brook Symbol-n\u00f8glering"},"content":{"rendered":"<ul>\n<li><span><b><u>One Piece N\u00f8glering<\/u><\/b>\u00a0One Piece universn\u00f8glering til \u00e6gte pirater<\/span><\/li>\n<\/ul>\n<ul>\n<li>\n<b>Materialer<\/b><span>\u00a0<\/span>Harpiks<\/li>\n<\/ul>\n<ul>\n<li><span><strong>GRATIS LEVERING<\/strong><\/span><\/li>\n<\/ul>","protected":false},"excerpt":{"rendered":"<p>One Piece n\u00f8glering: One Piece universn\u00f8glering til \u00e6gte pirater. Materiale: Harpiks. GRATIS FRAGT<\/p>","protected":false},"featured_media":10392,"comment_status":"open","ping_status":"open","template":"","meta":[],"product_brand":[],"product_cat":[128],"product_tag":[],"class_list":{"0":"post-10390","1":"product","2":"type-product","3":"status-publish","4":"has-post-thumbnail","6":"product_cat-portes-cles-one-piece","8":"first","9":"instock","10":"purchasable","11":"product-type-simple"},"yoast_head":"<!-- This site is optimized with the Yoast SEO plugin v27.5 - https:\/\/yoast.com\/product\/yoast-seo-wordpress\/ -->\n<title>Porte Clef One Piece Symbole Brook | Porte Clef One Piece \u2013 Boutique One Piece<\/title>\n<meta name=\"description\" content=\"Porte Clef One Piece\u00a0: Porte clef de l&#039;univers One Piece pour les vrais pirates Mati\u00e8res\u00a0: R\u00e9sine LIVRAISON OFFERTE\" \/>\n<meta name=\"robots\" content=\"index, follow, max-snippet:-1, max-image-preview:large, max-video-preview:-1\" \/>\n<link rel=\"canonical\" href=\"https:\/\/boutique-one-piece.com\/da\/one-piece-tilbehor\/one-piece-nogleringe\/one-piece-brook-symbolnoglering\/\" \/>\n<meta property=\"og:locale\" content=\"da_DK\" \/>\n<meta property=\"og:type\" content=\"article\" \/>\n<meta property=\"og:title\" content=\"Porte Clef One Piece Symbole Brook | Porte Clef One Piece \u2013 Boutique One Piece\" \/>\n<meta property=\"og:description\" content=\"Porte Clef One Piece\u00a0: Porte clef de l&#039;univers One Piece pour les vrais pirates Mati\u00e8res\u00a0: R\u00e9sine LIVRAISON OFFERTE\" \/>\n<meta property=\"og:url\" content=\"https:\/\/boutique-one-piece.com\/da\/one-piece-tilbehor\/one-piece-nogleringe\/one-piece-brook-symbolnoglering\/\" \/>\n<meta property=\"og:site_name\" content=\"Boutique One Piece\" \/>\n<meta property=\"article:modified_time\" content=\"2024-09-16T12:04:44+00:00\" \/>\n<meta property=\"og:image\" content=\"https:\/\/boutique-one-piece.com\/wp-content\/uploads\/2022\/09\/Porte-Clef-One-Piece-Symbole-Brook.jpg\" \/>\n\t<meta property=\"og:image:width\" content=\"640\" \/>\n\t<meta property=\"og:image:height\" content=\"640\" \/>\n\t<meta property=\"og:image:type\" content=\"image\/jpeg\" \/>\n<meta name=\"twitter:card\" content=\"summary_large_image\" \/>\n<script type=\"application\/ld+json\" class=\"yoast-schema-graph\">{\"@context\":\"https:\\\/\\\/schema.org\",\"@graph\":[{\"@type\":\"WebPage\",\"@id\":\"https:\\\/\\\/boutique-one-piece.com\\\/accessoires-one-piece\\\/portes-cles-one-piece\\\/porte-clef-one-piece-symbole-brook\\\/\",\"url\":\"https:\\\/\\\/boutique-one-piece.com\\\/accessoires-one-piece\\\/portes-cles-one-piece\\\/porte-clef-one-piece-symbole-brook\\\/\",\"name\":\"Porte Clef One Piece Symbole Brook | Porte Clef One Piece \u2013 Boutique One Piece\",\"isPartOf\":{\"@id\":\"https:\\\/\\\/boutique-one-piece.com\\\/#website\"},\"primaryImageOfPage\":{\"@id\":\"https:\\\/\\\/boutique-one-piece.com\\\/accessoires-one-piece\\\/portes-cles-one-piece\\\/porte-clef-one-piece-symbole-brook\\\/#primaryimage\"},\"image\":{\"@id\":\"https:\\\/\\\/boutique-one-piece.com\\\/accessoires-one-piece\\\/portes-cles-one-piece\\\/porte-clef-one-piece-symbole-brook\\\/#primaryimage\"},\"thumbnailUrl\":\"https:\\\/\\\/boutique-one-piece.com\\\/wp-content\\\/uploads\\\/2022\\\/09\\\/Porte-Clef-One-Piece-Symbole-Brook.jpg\",\"datePublished\":\"2022-09-27T20:34:13+00:00\",\"dateModified\":\"2024-09-16T12:04:44+00:00\",\"description\":\"Porte Clef One Piece\u00a0: Porte clef de l'univers One Piece pour les vrais pirates Mati\u00e8res\u00a0: R\u00e9sine LIVRAISON OFFERTE\",\"breadcrumb\":{\"@id\":\"https:\\\/\\\/boutique-one-piece.com\\\/accessoires-one-piece\\\/portes-cles-one-piece\\\/porte-clef-one-piece-symbole-brook\\\/#breadcrumb\"},\"inLanguage\":\"da-DK\",\"potentialAction\":[{\"@type\":\"ReadAction\",\"target\":[\"https:\\\/\\\/boutique-one-piece.com\\\/accessoires-one-piece\\\/portes-cles-one-piece\\\/porte-clef-one-piece-symbole-brook\\\/\"]}]},{\"@type\":\"ImageObject\",\"inLanguage\":\"da-DK\",\"@id\":\"https:\\\/\\\/boutique-one-piece.com\\\/accessoires-one-piece\\\/portes-cles-one-piece\\\/porte-clef-one-piece-symbole-brook\\\/#primaryimage\",\"url\":\"https:\\\/\\\/boutique-one-piece.com\\\/wp-content\\\/uploads\\\/2022\\\/09\\\/Porte-Clef-One-Piece-Symbole-Brook.jpg\",\"contentUrl\":\"https:\\\/\\\/boutique-one-piece.com\\\/wp-content\\\/uploads\\\/2022\\\/09\\\/Porte-Clef-One-Piece-Symbole-Brook.jpg\",\"width\":640,\"height\":640,\"caption\":\"Porte Clef One Piece Symbole Brook Default Title\"},{\"@type\":\"BreadcrumbList\",\"@id\":\"https:\\\/\\\/boutique-one-piece.com\\\/accessoires-one-piece\\\/portes-cles-one-piece\\\/porte-clef-one-piece-symbole-brook\\\/#breadcrumb\",\"itemListElement\":[{\"@type\":\"ListItem\",\"position\":1,\"name\":\"Home\",\"item\":\"https:\\\/\\\/boutique-one-piece.com\\\/\"},{\"@type\":\"ListItem\",\"position\":2,\"name\":\"Shop\",\"item\":\"https:\\\/\\\/boutique-one-piece.com\\\/shop\\\/\"},{\"@type\":\"ListItem\",\"position\":3,\"name\":\"Porte Clef One Piece Symbole Brook\"}]},{\"@type\":\"WebSite\",\"@id\":\"https:\\\/\\\/boutique-one-piece.com\\\/#website\",\"url\":\"https:\\\/\\\/boutique-one-piece.com\\\/\",\"name\":\"Boutique One Piece\",\"description\":\"Magasin Sp\u00e9cialis\u00e9 du Manga et l&#039;Anime One Piece\",\"publisher\":{\"@id\":\"https:\\\/\\\/boutique-one-piece.com\\\/#organization\"},\"potentialAction\":[{\"@type\":\"SearchAction\",\"target\":{\"@type\":\"EntryPoint\",\"urlTemplate\":\"https:\\\/\\\/boutique-one-piece.com\\\/?s={search_term_string}\"},\"query-input\":{\"@type\":\"PropertyValueSpecification\",\"valueRequired\":true,\"valueName\":\"search_term_string\"}}],\"inLanguage\":\"da-DK\"},{\"@type\":\"Organization\",\"@id\":\"https:\\\/\\\/boutique-one-piece.com\\\/#organization\",\"name\":\"Boutique One Piece\",\"url\":\"https:\\\/\\\/boutique-one-piece.com\\\/\",\"logo\":{\"@type\":\"ImageObject\",\"inLanguage\":\"da-DK\",\"@id\":\"https:\\\/\\\/boutique-one-piece.com\\\/#\\\/schema\\\/logo\\\/image\\\/\",\"url\":\"https:\\\/\\\/boutique-one-piece.com\\\/wp-content\\\/uploads\\\/2022\\\/09\\\/Logo-01.png\",\"contentUrl\":\"https:\\\/\\\/boutique-one-piece.com\\\/wp-content\\\/uploads\\\/2022\\\/09\\\/Logo-01.png\",\"width\":2318,\"height\":957,\"caption\":\"Boutique One Piece\"},\"image\":{\"@id\":\"https:\\\/\\\/boutique-one-piece.com\\\/#\\\/schema\\\/logo\\\/image\\\/\"}}]}<\/script>\n<!-- \/ Yoast SEO plugin. -->","yoast_head_json":{"title":"One Piece B\u00e6ksymbol N\u00f8glering | One Piece N\u00f8glering \u2013 One Piece Shop","description":"One Piece n\u00f8glering: One Piece universn\u00f8glering til \u00e6gte pirater. Materiale: Harpiks. GRATIS FRAGT","robots":{"index":"index","follow":"follow","max-snippet":"max-snippet:-1","max-image-preview":"max-image-preview:large","max-video-preview":"max-video-preview:-1"},"canonical":"https:\/\/boutique-one-piece.com\/da\/one-piece-tilbehor\/one-piece-nogleringe\/one-piece-brook-symbolnoglering\/","og_locale":"da_DK","og_type":"article","og_title":"Porte Clef One Piece Symbole Brook | Porte Clef One Piece \u2013 Boutique One Piece","og_description":"Porte Clef One Piece\u00a0: Porte clef de l'univers One Piece pour les vrais pirates Mati\u00e8res\u00a0: R\u00e9sine LIVRAISON OFFERTE","og_url":"https:\/\/boutique-one-piece.com\/da\/one-piece-tilbehor\/one-piece-nogleringe\/one-piece-brook-symbolnoglering\/","og_site_name":"Boutique One Piece","article_modified_time":"2024-09-16T12:04:44+00:00","og_image":[{"width":640,"height":640,"url":"https:\/\/boutique-one-piece.com\/wp-content\/uploads\/2022\/09\/Porte-Clef-One-Piece-Symbole-Brook.jpg","type":"image\/jpeg"}],"twitter_card":"summary_large_image","schema":{"@context":"https:\/\/schema.org","@graph":[{"@type":"WebPage","@id":"https:\/\/boutique-one-piece.com\/accessoires-one-piece\/portes-cles-one-piece\/porte-clef-one-piece-symbole-brook\/","url":"https:\/\/boutique-one-piece.com\/accessoires-one-piece\/portes-cles-one-piece\/porte-clef-one-piece-symbole-brook\/","name":"One Piece B\u00e6ksymbol N\u00f8glering | One Piece N\u00f8glering \u2013 One Piece Shop","isPartOf":{"@id":"https:\/\/boutique-one-piece.com\/#website"},"primaryImageOfPage":{"@id":"https:\/\/boutique-one-piece.com\/accessoires-one-piece\/portes-cles-one-piece\/porte-clef-one-piece-symbole-brook\/#primaryimage"},"image":{"@id":"https:\/\/boutique-one-piece.com\/accessoires-one-piece\/portes-cles-one-piece\/porte-clef-one-piece-symbole-brook\/#primaryimage"},"thumbnailUrl":"https:\/\/boutique-one-piece.com\/wp-content\/uploads\/2022\/09\/Porte-Clef-One-Piece-Symbole-Brook.jpg","datePublished":"2022-09-27T20:34:13+00:00","dateModified":"2024-09-16T12:04:44+00:00","description":"One Piece n\u00f8glering: One Piece universn\u00f8glering til \u00e6gte pirater. Materiale: Harpiks. GRATIS FRAGT","breadcrumb":{"@id":"https:\/\/boutique-one-piece.com\/accessoires-one-piece\/portes-cles-one-piece\/porte-clef-one-piece-symbole-brook\/#breadcrumb"},"inLanguage":"da-DK","potentialAction":[{"@type":"ReadAction","target":["https:\/\/boutique-one-piece.com\/accessoires-one-piece\/portes-cles-one-piece\/porte-clef-one-piece-symbole-brook\/"]}]},{"@type":"ImageObject","inLanguage":"da-DK","@id":"https:\/\/boutique-one-piece.com\/accessoires-one-piece\/portes-cles-one-piece\/porte-clef-one-piece-symbole-brook\/#primaryimage","url":"https:\/\/boutique-one-piece.com\/wp-content\/uploads\/2022\/09\/Porte-Clef-One-Piece-Symbole-Brook.jpg","contentUrl":"https:\/\/boutique-one-piece.com\/wp-content\/uploads\/2022\/09\/Porte-Clef-One-Piece-Symbole-Brook.jpg","width":640,"height":640,"caption":"Porte Clef One Piece Symbole Brook Default Title"},{"@type":"BreadcrumbList","@id":"https:\/\/boutique-one-piece.com\/accessoires-one-piece\/portes-cles-one-piece\/porte-clef-one-piece-symbole-brook\/#breadcrumb","itemListElement":[{"@type":"ListItem","position":1,"name":"Home","item":"https:\/\/boutique-one-piece.com\/"},{"@type":"ListItem","position":2,"name":"Shop","item":"https:\/\/boutique-one-piece.com\/shop\/"},{"@type":"ListItem","position":3,"name":"Porte Clef One Piece Symbole Brook"}]},{"@type":"WebSite","@id":"https:\/\/boutique-one-piece.com\/#website","url":"https:\/\/boutique-one-piece.com\/","name":"One Piece Shop","description":"Specialbutik for One Piece Manga og Anime","publisher":{"@id":"https:\/\/boutique-one-piece.com\/#organization"},"potentialAction":[{"@type":"SearchAction","target":{"@type":"EntryPoint","urlTemplate":"https:\/\/boutique-one-piece.com\/?s={search_term_string}"},"query-input":{"@type":"PropertyValueSpecification","valueRequired":true,"valueName":"search_term_string"}}],"inLanguage":"da-DK"},{"@type":"Organization","@id":"https:\/\/boutique-one-piece.com\/#organization","name":"One Piece Shop","url":"https:\/\/boutique-one-piece.com\/","logo":{"@type":"ImageObject","inLanguage":"da-DK","@id":"https:\/\/boutique-one-piece.com\/#\/schema\/logo\/image\/","url":"https:\/\/boutique-one-piece.com\/wp-content\/uploads\/2022\/09\/Logo-01.png","contentUrl":"https:\/\/boutique-one-piece.com\/wp-content\/uploads\/2022\/09\/Logo-01.png","width":2318,"height":957,"caption":"Boutique One Piece"},"image":{"@id":"https:\/\/boutique-one-piece.com\/#\/schema\/logo\/image\/"}}]}},"_links":{"self":[{"href":"https:\/\/boutique-one-piece.com\/da\/wp-json\/wp\/v2\/product\/10390","targetHints":{"allow":["GET"]}}],"collection":[{"href":"https:\/\/boutique-one-piece.com\/da\/wp-json\/wp\/v2\/product"}],"about":[{"href":"https:\/\/boutique-one-piece.com\/da\/wp-json\/wp\/v2\/types\/product"}],"replies":[{"embeddable":true,"href":"https:\/\/boutique-one-piece.com\/da\/wp-json\/wp\/v2\/comments?post=10390"}],"wp:featuredmedia":[{"embeddable":true,"href":"https:\/\/boutique-one-piece.com\/da\/wp-json\/wp\/v2\/media\/10392"}],"wp:attachment":[{"href":"https:\/\/boutique-one-piece.com\/da\/wp-json\/wp\/v2\/media?parent=10390"}],"wp:term":[{"taxonomy":"product_brand","embeddable":true,"href":"https:\/\/boutique-one-piece.com\/da\/wp-json\/wp\/v2\/product_brand?post=10390"},{"taxonomy":"product_cat","embeddable":true,"href":"https:\/\/boutique-one-piece.com\/da\/wp-json\/wp\/v2\/product_cat?post=10390"},{"taxonomy":"product_tag","embeddable":true,"href":"https:\/\/boutique-one-piece.com\/da\/wp-json\/wp\/v2\/product_tag?post=10390"}],"curies":[{"name":"wp","href":"https:\/\/api.w.org\/{rel}","templated":true}]}}