{"id":10487,"date":"2022-09-27T20:34:48","date_gmt":"2022-09-27T20:34:48","guid":{"rendered":"https:\/\/boutique-one-piece.com\/uncategorized\/sweat-one-piece-mini-monkey-d-luffy\/"},"modified":"2024-09-16T12:07:40","modified_gmt":"2024-09-16T12:07:40","slug":"one-piece-mini-monkey-d-luffy-sweatshirt","status":"publish","type":"product","link":"https:\/\/boutique-one-piece.com\/da\/one-piece-toj\/sweatshirts-i-et-stykke\/one-piece-mini-monkey-d-luffy-sweatshirt\/","title":{"rendered":"One Piece Mini Monkey D. Luffy-sweatshirt"},"content":{"rendered":"<p><meta charset=\"utf-8\"><\/p>\n<h2>One Piece Lang\u00e6rmet H\u00e6ttetr\u00f8je med Mini Luffy<span>\u00a0<\/span>Str\u00e5hat! En kvalitetssweatshirt til en pirat som dig!<\/h2>\n<p>Hvis du er en\u00a0<strong>rigtig pirat<\/strong>, Du vil s\u00e6tte pris p\u00e5\u00a0<strong>kvalitet<\/strong>\u00a0stof og\u00a0<strong>3D-l\u00e6rredsprint<\/strong>\u00a0af dette<span>\u00a0<\/span><strong>One Piece-sweatshirt<\/strong>\u00a0Men vigtigst af alt, med dette\u00a0<strong>sweatshirt med tryk<\/strong>\u00a0det er fordi du vil v\u00e6re en del af\u00a0<strong>fanholdet<\/strong>\u00a0af\u00a0<strong>piratmanga<\/strong>\u00a0og du vil f\u00e5:<\/p>\n<ul>\n<li>\u00a0<strong>Beundring<\/strong>\u00a0af alle fans af\u00a0<strong>universet<\/strong>\u00a0af\u00a0<strong>licens<\/strong>\u00a0af\u00a0<strong>manga<\/strong>\u00a0som du vil m\u00f8de<\/li>\n<\/ul>\n<ul>\n<li>En \u00e6gte\u00a0<strong>h\u00e6ttetr\u00f8je<\/strong>\u00a0med hvilket du kan\u00a0<strong>dele<\/strong>\u00a0dine\u00a0<strong>passion<\/strong>\u00a0For\u00a0<strong>\u00c9t stykke<\/strong>\n<\/li>\n<\/ul>\n<p>S\u00e5, klar til at b\u00e6re\u00a0<strong>farver\u00a0<\/strong>af<strong>\u00a0<\/strong>dine<strong>\u00a0yndlingsmanga<\/strong>\u00a0?<\/p>\n<h2>Er du fan af One Piece manga eller anime? Vis det frem med denne One Piece sweatshirt!<\/h2>\n<p>Hvis du\u00a0<strong>l\u00e6se<\/strong>\u00a0eller hvor end du kigger hen\u00a0\u00a0<strong>Japansk anime<\/strong>, Der er en god chance for, at du er blevet\u00a0<strong>vild med One Piece<\/strong>\u00a0Med dette!\u00a0<strong>One Piece-sweatshirt<span>\u00a0Mini-abe D. Luffy<\/span><\/strong>, slutte sig til\u2019<strong>en gruppe fans af franchisen<\/strong><\/p>\n<p>Denne\u00a0<strong>Sweatshirt\u00a0<\/strong>\u00a0er tilg\u00e6ngelig i\u00a0<strong>Sort<\/strong>,\u00a0<strong>Hvid<\/strong>\u00a0Og\u00a0<b>Milit\u00e6r<\/b>\u00a0og i st\u00f8rrelser\u00a0<strong>XXS<\/strong>,\u00a0<strong>XS<\/strong>,\u00a0<strong>S<\/strong>,<strong>\u00a0M<\/strong>,<strong>\u00a0L<\/strong>,\u00a0<strong>XL<\/strong>,\u00a0<strong>XXL<\/strong>,\u00a0<strong>3XL<\/strong>,\u00a0<strong>4XL<\/strong>\u00a0Det vil passe til alle kategorier af pirater.,\u00a0<strong>mand<\/strong>\u00a0Eller\u00a0<strong>kvinder<\/strong>, selvom du ikke har\u00a0<strong>sv\u00e6rd<\/strong>\u00a0eller\u00a0<strong>dj\u00e6velfrugt<\/strong>\u00a0Du kan stadig b\u00e6re den med stolthed.<\/p>\n<h2>Information om sweatshirt:\u00a0<\/h2>\n<ul>\n<li>\n<strong>Sweatshirt i premiumkvalitet i \u00e9t stykke\u00a0<\/strong>har en<span>\u00a0<\/span><strong>h\u00f8j gramv\u00e6gt<\/strong><span>\u00a0<\/span>med kvalitetsmaterialer<\/li>\n<\/ul>\n<ul>\n<li>\n<strong>Stor fleksibilitet\u00a0<\/strong>: takket v\u00e6re dens sammens\u00e6tning g\u00f8r den det ikke<span>\u00a0<\/span><strong>kr\u00f8llet<\/strong><span>\u00a0<\/span>ikke<\/li>\n<\/ul>\n<ul>\n<li>\n<strong>Meget behagelig\u00a0<\/strong>med<span>\u00a0<\/span>hans<span>\u00a0<\/span><strong>fibre<\/strong><span>\u00a0<\/span>af<span>\u00a0<\/span><strong>bomuld<\/strong><span>\u00a0<\/span>stor<span>\u00a0<\/span><strong>bl\u00f8d<\/strong>, der er ingen<span>\u00a0<\/span><strong>friktion<\/strong>\n<\/li>\n<\/ul>\n<ul>\n<li>3D digitalprint, originalt design<\/li>\n<\/ul>\n<ul>\n<li>\n<strong>\u00d8kologisk bomuld\u00a0<\/strong>bomuld<span>\u00a0<\/span><strong>h\u00f8j kvalitet<\/strong>\u00a0med<span>\u00a0<\/span><strong>fibre<\/strong><span>\u00a0<\/span>ekstra<span>\u00a0<\/span><strong>lang<\/strong>\n<\/li>\n<\/ul>\n<ul>\n<li>\n<strong>Gratis levering\u00a0<\/strong>for ethvert k\u00f8b<strong>\u00a0<\/strong>\n<\/li>\n<\/ul>\n<p><strong>Glem ikke at tage et kig p\u00e5 st\u00f8rrelsesguiden nedenfor.<\/strong><\/p>\n<h2><img decoding=\"async\" src=\"https:\/\/cdn.shopify.com\/s\/files\/1\/0087\/7556\/5348\/files\/boutque_one_piece_tableau__taille_sweat_large.jpg?v=1559846386\" alt=\"St\u00f8rrelsesguide til One Piece sweatshirts\"><\/h2>\n<h3>Vaskeanvisning:<\/h3>\n<ul>\n<li>Maskinvask ved 30\u00b0C, sk\u00e5neprogram<\/li>\n<\/ul>\n<ul>\n<li>Stryges p\u00e5 bagsiden<\/li>\n<\/ul>\n<p>For<span>\u00a0<\/span><strong>bevare kvaliteten<\/strong><span>\u00a0<\/span>af dette<span>\u00a0<strong>sweatshirt<\/strong><\/span><strong>\u00a0\u00c9t stykke<\/strong>, anbefaler vi, at du<span>\u00a0<\/span><strong>respekt<\/strong><span>\u00a0<\/span>DE<span>\u00a0<\/span><strong>vaskeanvisninger<\/strong>.<\/p>","protected":false},"excerpt":{"rendered":"<p>Sweat\u00a0\u00e0 Capuche \u00e0 Manches Longues One Piece avec Mini Luffy au\u00a0Chapeau de Paille\u00a0\u00a0!\u00a0Un\u00a0Sweat\u00a0de Qualit\u00e9 pour un Pirate Comme Toi\u00a0! Si tu es un\u00a0v\u00e9ritable pirate, tu sauras appr\u00e9cier la\u00a0qualit\u00e9\u00a0du tissu et de\u00a0l&rsquo;impression 3D Canvas\u00a0de ce\u00a0sweat\u00a0One Piece\u00a0!\u00a0Mais le plus important, avec ce\u00a0sweat\u00a0imprim\u00e9\u00a0c\u0092est que tu\u00a0feras partie de\u00a0l&rsquo;\u00e9quipage\u00a0des fans\u00a0du\u00a0manga de pirates\u00a0et tu obtiendras\u00a0: \u00a0L&rsquo;admiration\u00a0de tous les fans de\u00a0l&rsquo;univers\u00a0de la\u00a0licence\u00a0du\u00a0manga\u00a0que [&hellip;]<\/p>","protected":false},"featured_media":10489,"comment_status":"open","ping_status":"open","template":"","meta":[],"product_brand":[],"product_cat":[149,54],"product_tag":[92],"class_list":{"0":"post-10487","1":"product","2":"type-product","3":"status-publish","4":"has-post-thumbnail","6":"product_cat-sweats-one-piece","7":"product_cat-vetements-one-piece","8":"product_tag-luffy","10":"first","11":"instock","12":"purchasable","13":"product-type-variable","14":"has-default-attributes"},"yoast_head":"<!-- This site is optimized with the Yoast SEO plugin v27.5 - https:\/\/yoast.com\/product\/yoast-seo-wordpress\/ -->\n<title>Sweat One Piece Mini Monkey D. Luffy | Boutique One Piece<\/title>\n<meta name=\"description\" content=\"Sweat \u00e0 Capuche One Piece King of Pirate avec le Chapeau de Paille en Noir, Blanc et Militaire de Haute Qualit\u00e9 Porte les couleurs de la Licence de ton Mange pr\u00e9f\u00e9r\u00e9\" \/>\n<meta name=\"robots\" content=\"index, follow, max-snippet:-1, max-image-preview:large, max-video-preview:-1\" \/>\n<link rel=\"canonical\" href=\"https:\/\/boutique-one-piece.com\/da\/one-piece-toj\/sweatshirts-i-et-stykke\/one-piece-mini-monkey-d-luffy-sweatshirt\/\" \/>\n<meta property=\"og:locale\" content=\"da_DK\" \/>\n<meta property=\"og:type\" content=\"article\" \/>\n<meta property=\"og:title\" content=\"Sweat One Piece Mini Monkey D. Luffy | Boutique One Piece\" \/>\n<meta property=\"og:description\" content=\"Sweat \u00e0 Capuche One Piece King of Pirate avec le Chapeau de Paille en Noir, Blanc et Militaire de Haute Qualit\u00e9 Porte les couleurs de la Licence de ton Mange pr\u00e9f\u00e9r\u00e9\" \/>\n<meta property=\"og:url\" content=\"https:\/\/boutique-one-piece.com\/da\/one-piece-toj\/sweatshirts-i-et-stykke\/one-piece-mini-monkey-d-luffy-sweatshirt\/\" \/>\n<meta property=\"og:site_name\" content=\"Boutique One Piece\" \/>\n<meta property=\"article:modified_time\" content=\"2024-09-16T12:07:40+00:00\" \/>\n<meta property=\"og:image\" content=\"https:\/\/boutique-one-piece.com\/wp-content\/uploads\/2022\/09\/Sweat-One-Piece-Mini-Monkey-D.-Luffy.jpg\" \/>\n\t<meta property=\"og:image:width\" content=\"640\" \/>\n\t<meta property=\"og:image:height\" content=\"640\" \/>\n\t<meta property=\"og:image:type\" content=\"image\/jpeg\" \/>\n<meta name=\"twitter:card\" content=\"summary_large_image\" \/>\n<meta name=\"twitter:label1\" content=\"Estimeret l\u00e6setid\" \/>\n\t<meta name=\"twitter:data1\" content=\"2 minutter\" \/>\n<script type=\"application\/ld+json\" class=\"yoast-schema-graph\">{\"@context\":\"https:\\\/\\\/schema.org\",\"@graph\":[{\"@type\":\"WebPage\",\"@id\":\"https:\\\/\\\/boutique-one-piece.com\\\/vetements-one-piece\\\/sweats-one-piece\\\/sweat-one-piece-mini-monkey-d-luffy\\\/\",\"url\":\"https:\\\/\\\/boutique-one-piece.com\\\/vetements-one-piece\\\/sweats-one-piece\\\/sweat-one-piece-mini-monkey-d-luffy\\\/\",\"name\":\"Sweat One Piece Mini Monkey D. Luffy | Boutique One Piece\",\"isPartOf\":{\"@id\":\"https:\\\/\\\/boutique-one-piece.com\\\/#website\"},\"primaryImageOfPage\":{\"@id\":\"https:\\\/\\\/boutique-one-piece.com\\\/vetements-one-piece\\\/sweats-one-piece\\\/sweat-one-piece-mini-monkey-d-luffy\\\/#primaryimage\"},\"image\":{\"@id\":\"https:\\\/\\\/boutique-one-piece.com\\\/vetements-one-piece\\\/sweats-one-piece\\\/sweat-one-piece-mini-monkey-d-luffy\\\/#primaryimage\"},\"thumbnailUrl\":\"https:\\\/\\\/boutique-one-piece.com\\\/wp-content\\\/uploads\\\/2022\\\/09\\\/Sweat-One-Piece-Mini-Monkey-D.-Luffy.jpg\",\"datePublished\":\"2022-09-27T20:34:48+00:00\",\"dateModified\":\"2024-09-16T12:07:40+00:00\",\"description\":\"Sweat \u00e0 Capuche One Piece King of Pirate avec le Chapeau de Paille en Noir, Blanc et Militaire de Haute Qualit\u00e9 Porte les couleurs de la Licence de ton Mange pr\u00e9f\u00e9r\u00e9\",\"breadcrumb\":{\"@id\":\"https:\\\/\\\/boutique-one-piece.com\\\/vetements-one-piece\\\/sweats-one-piece\\\/sweat-one-piece-mini-monkey-d-luffy\\\/#breadcrumb\"},\"inLanguage\":\"da-DK\",\"potentialAction\":[{\"@type\":\"ReadAction\",\"target\":[\"https:\\\/\\\/boutique-one-piece.com\\\/vetements-one-piece\\\/sweats-one-piece\\\/sweat-one-piece-mini-monkey-d-luffy\\\/\"]}]},{\"@type\":\"ImageObject\",\"inLanguage\":\"da-DK\",\"@id\":\"https:\\\/\\\/boutique-one-piece.com\\\/vetements-one-piece\\\/sweats-one-piece\\\/sweat-one-piece-mini-monkey-d-luffy\\\/#primaryimage\",\"url\":\"https:\\\/\\\/boutique-one-piece.com\\\/wp-content\\\/uploads\\\/2022\\\/09\\\/Sweat-One-Piece-Mini-Monkey-D.-Luffy.jpg\",\"contentUrl\":\"https:\\\/\\\/boutique-one-piece.com\\\/wp-content\\\/uploads\\\/2022\\\/09\\\/Sweat-One-Piece-Mini-Monkey-D.-Luffy.jpg\",\"width\":640,\"height\":640,\"caption\":\"Sweat One Piece Mini Monkey D. Luffy Noir 4XL\"},{\"@type\":\"BreadcrumbList\",\"@id\":\"https:\\\/\\\/boutique-one-piece.com\\\/vetements-one-piece\\\/sweats-one-piece\\\/sweat-one-piece-mini-monkey-d-luffy\\\/#breadcrumb\",\"itemListElement\":[{\"@type\":\"ListItem\",\"position\":1,\"name\":\"Home\",\"item\":\"https:\\\/\\\/boutique-one-piece.com\\\/\"},{\"@type\":\"ListItem\",\"position\":2,\"name\":\"Shop\",\"item\":\"https:\\\/\\\/boutique-one-piece.com\\\/shop\\\/\"},{\"@type\":\"ListItem\",\"position\":3,\"name\":\"Sweat One Piece Mini Monkey D. Luffy\"}]},{\"@type\":\"WebSite\",\"@id\":\"https:\\\/\\\/boutique-one-piece.com\\\/#website\",\"url\":\"https:\\\/\\\/boutique-one-piece.com\\\/\",\"name\":\"Boutique One Piece\",\"description\":\"Magasin Sp\u00e9cialis\u00e9 du Manga et l&#039;Anime One Piece\",\"publisher\":{\"@id\":\"https:\\\/\\\/boutique-one-piece.com\\\/#organization\"},\"potentialAction\":[{\"@type\":\"SearchAction\",\"target\":{\"@type\":\"EntryPoint\",\"urlTemplate\":\"https:\\\/\\\/boutique-one-piece.com\\\/?s={search_term_string}\"},\"query-input\":{\"@type\":\"PropertyValueSpecification\",\"valueRequired\":true,\"valueName\":\"search_term_string\"}}],\"inLanguage\":\"da-DK\"},{\"@type\":\"Organization\",\"@id\":\"https:\\\/\\\/boutique-one-piece.com\\\/#organization\",\"name\":\"Boutique One Piece\",\"url\":\"https:\\\/\\\/boutique-one-piece.com\\\/\",\"logo\":{\"@type\":\"ImageObject\",\"inLanguage\":\"da-DK\",\"@id\":\"https:\\\/\\\/boutique-one-piece.com\\\/#\\\/schema\\\/logo\\\/image\\\/\",\"url\":\"https:\\\/\\\/boutique-one-piece.com\\\/wp-content\\\/uploads\\\/2022\\\/09\\\/Logo-01.png\",\"contentUrl\":\"https:\\\/\\\/boutique-one-piece.com\\\/wp-content\\\/uploads\\\/2022\\\/09\\\/Logo-01.png\",\"width\":2318,\"height\":957,\"caption\":\"Boutique One Piece\"},\"image\":{\"@id\":\"https:\\\/\\\/boutique-one-piece.com\\\/#\\\/schema\\\/logo\\\/image\\\/\"}}]}<\/script>\n<!-- \/ Yoast SEO plugin. -->","yoast_head_json":{"title":"One Piece Mini Monkey D. Luffy Sweatshirt | One Piece Shop","description":"One Piece King of Pirate h\u00e6ttetr\u00f8je med str\u00e5hat i sort, hvid og milit\u00e6rstil. H\u00f8j kvalitet. Vis din st\u00f8tte til din yndlingsmanga!","robots":{"index":"index","follow":"follow","max-snippet":"max-snippet:-1","max-image-preview":"max-image-preview:large","max-video-preview":"max-video-preview:-1"},"canonical":"https:\/\/boutique-one-piece.com\/da\/one-piece-toj\/sweatshirts-i-et-stykke\/one-piece-mini-monkey-d-luffy-sweatshirt\/","og_locale":"da_DK","og_type":"article","og_title":"Sweat One Piece Mini Monkey D. Luffy | Boutique One Piece","og_description":"Sweat \u00e0 Capuche One Piece King of Pirate avec le Chapeau de Paille en Noir, Blanc et Militaire de Haute Qualit\u00e9 Porte les couleurs de la Licence de ton Mange pr\u00e9f\u00e9r\u00e9","og_url":"https:\/\/boutique-one-piece.com\/da\/one-piece-toj\/sweatshirts-i-et-stykke\/one-piece-mini-monkey-d-luffy-sweatshirt\/","og_site_name":"Boutique One Piece","article_modified_time":"2024-09-16T12:07:40+00:00","og_image":[{"width":640,"height":640,"url":"https:\/\/boutique-one-piece.com\/wp-content\/uploads\/2022\/09\/Sweat-One-Piece-Mini-Monkey-D.-Luffy.jpg","type":"image\/jpeg"}],"twitter_card":"summary_large_image","twitter_misc":{"Estimeret l\u00e6setid":"2 minutter"},"schema":{"@context":"https:\/\/schema.org","@graph":[{"@type":"WebPage","@id":"https:\/\/boutique-one-piece.com\/vetements-one-piece\/sweats-one-piece\/sweat-one-piece-mini-monkey-d-luffy\/","url":"https:\/\/boutique-one-piece.com\/vetements-one-piece\/sweats-one-piece\/sweat-one-piece-mini-monkey-d-luffy\/","name":"One Piece Mini Monkey D. Luffy Sweatshirt | One Piece Shop","isPartOf":{"@id":"https:\/\/boutique-one-piece.com\/#website"},"primaryImageOfPage":{"@id":"https:\/\/boutique-one-piece.com\/vetements-one-piece\/sweats-one-piece\/sweat-one-piece-mini-monkey-d-luffy\/#primaryimage"},"image":{"@id":"https:\/\/boutique-one-piece.com\/vetements-one-piece\/sweats-one-piece\/sweat-one-piece-mini-monkey-d-luffy\/#primaryimage"},"thumbnailUrl":"https:\/\/boutique-one-piece.com\/wp-content\/uploads\/2022\/09\/Sweat-One-Piece-Mini-Monkey-D.-Luffy.jpg","datePublished":"2022-09-27T20:34:48+00:00","dateModified":"2024-09-16T12:07:40+00:00","description":"One Piece King of Pirate h\u00e6ttetr\u00f8je med str\u00e5hat i sort, hvid og milit\u00e6rstil. H\u00f8j kvalitet. Vis din st\u00f8tte til din yndlingsmanga!","breadcrumb":{"@id":"https:\/\/boutique-one-piece.com\/vetements-one-piece\/sweats-one-piece\/sweat-one-piece-mini-monkey-d-luffy\/#breadcrumb"},"inLanguage":"da-DK","potentialAction":[{"@type":"ReadAction","target":["https:\/\/boutique-one-piece.com\/vetements-one-piece\/sweats-one-piece\/sweat-one-piece-mini-monkey-d-luffy\/"]}]},{"@type":"ImageObject","inLanguage":"da-DK","@id":"https:\/\/boutique-one-piece.com\/vetements-one-piece\/sweats-one-piece\/sweat-one-piece-mini-monkey-d-luffy\/#primaryimage","url":"https:\/\/boutique-one-piece.com\/wp-content\/uploads\/2022\/09\/Sweat-One-Piece-Mini-Monkey-D.-Luffy.jpg","contentUrl":"https:\/\/boutique-one-piece.com\/wp-content\/uploads\/2022\/09\/Sweat-One-Piece-Mini-Monkey-D.-Luffy.jpg","width":640,"height":640,"caption":"Sweat One Piece Mini Monkey D. Luffy Noir 4XL"},{"@type":"BreadcrumbList","@id":"https:\/\/boutique-one-piece.com\/vetements-one-piece\/sweats-one-piece\/sweat-one-piece-mini-monkey-d-luffy\/#breadcrumb","itemListElement":[{"@type":"ListItem","position":1,"name":"Home","item":"https:\/\/boutique-one-piece.com\/"},{"@type":"ListItem","position":2,"name":"Shop","item":"https:\/\/boutique-one-piece.com\/shop\/"},{"@type":"ListItem","position":3,"name":"Sweat One Piece Mini Monkey D. Luffy"}]},{"@type":"WebSite","@id":"https:\/\/boutique-one-piece.com\/#website","url":"https:\/\/boutique-one-piece.com\/","name":"One Piece Shop","description":"Specialbutik for One Piece Manga og Anime","publisher":{"@id":"https:\/\/boutique-one-piece.com\/#organization"},"potentialAction":[{"@type":"SearchAction","target":{"@type":"EntryPoint","urlTemplate":"https:\/\/boutique-one-piece.com\/?s={search_term_string}"},"query-input":{"@type":"PropertyValueSpecification","valueRequired":true,"valueName":"search_term_string"}}],"inLanguage":"da-DK"},{"@type":"Organization","@id":"https:\/\/boutique-one-piece.com\/#organization","name":"One Piece Shop","url":"https:\/\/boutique-one-piece.com\/","logo":{"@type":"ImageObject","inLanguage":"da-DK","@id":"https:\/\/boutique-one-piece.com\/#\/schema\/logo\/image\/","url":"https:\/\/boutique-one-piece.com\/wp-content\/uploads\/2022\/09\/Logo-01.png","contentUrl":"https:\/\/boutique-one-piece.com\/wp-content\/uploads\/2022\/09\/Logo-01.png","width":2318,"height":957,"caption":"Boutique One Piece"},"image":{"@id":"https:\/\/boutique-one-piece.com\/#\/schema\/logo\/image\/"}}]}},"_links":{"self":[{"href":"https:\/\/boutique-one-piece.com\/da\/wp-json\/wp\/v2\/product\/10487","targetHints":{"allow":["GET"]}}],"collection":[{"href":"https:\/\/boutique-one-piece.com\/da\/wp-json\/wp\/v2\/product"}],"about":[{"href":"https:\/\/boutique-one-piece.com\/da\/wp-json\/wp\/v2\/types\/product"}],"replies":[{"embeddable":true,"href":"https:\/\/boutique-one-piece.com\/da\/wp-json\/wp\/v2\/comments?post=10487"}],"wp:featuredmedia":[{"embeddable":true,"href":"https:\/\/boutique-one-piece.com\/da\/wp-json\/wp\/v2\/media\/10489"}],"wp:attachment":[{"href":"https:\/\/boutique-one-piece.com\/da\/wp-json\/wp\/v2\/media?parent=10487"}],"wp:term":[{"taxonomy":"product_brand","embeddable":true,"href":"https:\/\/boutique-one-piece.com\/da\/wp-json\/wp\/v2\/product_brand?post=10487"},{"taxonomy":"product_cat","embeddable":true,"href":"https:\/\/boutique-one-piece.com\/da\/wp-json\/wp\/v2\/product_cat?post=10487"},{"taxonomy":"product_tag","embeddable":true,"href":"https:\/\/boutique-one-piece.com\/da\/wp-json\/wp\/v2\/product_tag?post=10487"}],"curies":[{"name":"wp","href":"https:\/\/api.w.org\/{rel}","templated":true}]}}