{"id":10735,"date":"2022-09-27T20:36:20","date_gmt":"2022-09-27T20:36:20","guid":{"rendered":"https:\/\/boutique-one-piece.com\/uncategorized\/short-de-bain-one-piece-luffy-haki\/"},"modified":"2024-09-16T12:12:40","modified_gmt":"2024-09-16T12:12:40","slug":"luffy-haki-badeshorts-i-et-stykke","status":"publish","type":"product","link":"https:\/\/boutique-one-piece.com\/da\/one-piece-toj\/badeshorts-i-et-stykke\/luffy-haki-badeshorts-i-et-stykke\/","title":{"rendered":"One Piece Luffy Haki badeshorts"},"content":{"rendered":"<p><meta charset=\"utf-8\"><\/p>\n<h2>One Piece badebukser med Luffy if\u00f8rt Armament Haki, en kvalitetsbadedragt til en pirat som dig!<\/h2>\n<p>Hvis du er en <strong>rigtig pirat<\/strong>, Du vil blive v\u00e6rdsat <strong>materialernes kvalitet,<\/strong>\u00a0af <strong>design <\/strong>og<strong> 3D-printning<\/strong>\u00a0af dette <strong>Badebukser i \u00e9t stykke<\/strong> Men vigtigst af alt, med disse shorts bliver du en del af <strong>fanholdet<\/strong> af <strong>piratmanga<\/strong> og du vil f\u00e5:<\/p>\n<ul>\n<li>\u00a0<strong>Beundring<\/strong> af alle fans af <strong>mugiwara<\/strong> som du vil m\u00f8de<\/li>\n<\/ul>\n<ul>\n<li>En \u00e6gte <strong>badeshorts med tryk<\/strong> som du kan sv\u00f8mme med <strong>Grand Line<\/strong>, Men v\u00e6r forsigtig, det anbefales ikke at g\u00e5 i havet, hvis du har spist en. <strong>dj\u00e6velfrugt<\/strong>\n<\/li>\n<\/ul>\n<p>S\u00e5, klar til at tage p\u00e5 <strong>farverne p\u00e5 den fremtidige piratkonge<\/strong>\u00a0?<\/p>\n<h2>Er du fan af One Piece manga eller anime? Vis det frem med disse badeshorts!<\/h2>\n<p>Hvis du <strong>l\u00e6se<\/strong> eller hvor end du kigger hen\u00a0<strong>Japansk anime<\/strong>, Der er en god chance for, at du er blevet <strong>vild med One Piece<\/strong> Med dette! <strong>badeshorts<\/strong> <strong>Luffy Haki<\/strong>, slutte sig til hans <strong>mandskab<\/strong><\/p>\n<p>Disse shorts f\u00e5s i st\u00f8rrelser<span>\u00a0<\/span><strong>XXS, XS, S, M, L, XL<\/strong>, Det passer til alle typer pirater, selvom du ikke har <strong>sv\u00e6rd<\/strong>\u00a0eller <strong>dj\u00e6velfrugt<\/strong> du kan stadig have den p\u00e5\u00a0<\/p>\n<p>Under<strong> den to\u00e5rige ellips<\/strong>, <strong>Luffy<\/strong> gennemgik en <strong>intensiv tr\u00e6ning<\/strong> med <strong>Rayleigh<\/strong> p\u00e5 \u00f8en <strong>Ruskaina<\/strong>, hvor han mestrede sin <strong>Erobrerens Haki<\/strong>. <strong>Str\u00e5hat Luffy<\/strong> havde intet andet valg end at udvikle sin kontrol over <strong>v\u00e6ske<\/strong> for at kunne <strong>at g\u00f8re disse dr\u00f8mme til virkelighed<\/strong>\u00a0!<\/p>\n<p><meta charset=\"utf-8\"><\/p>\n<h3>Glem ikke at tage et kig p\u00e5 st\u00f8rrelsesguiden nedenfor.<\/h3>\n<p style=\"text-align: left;\"><span><img decoding=\"async\" alt=\"St\u00f8rrelsesguide Baim shorts i \u00e9t stykke xxs, xs, s, m, l, xl\" src=\"\/\/cdn.shopify.com\/s\/files\/1\/0087\/7556\/5348\/files\/boutque_one__piece_tableau_taille_short_de_bain_large.jpg?v=1560446518\" style=\"float: none;\"><\/span><\/p>\n<h3>Vaskeanvisning:<\/h3>\n<ul>\n<li>Maskinvask ved 30\u00b0C, sk\u00e5neprogram<\/li>\n<\/ul>\n<ul>\n<li>Stryges p\u00e5 bagsiden<\/li>\n<\/ul>\n<p>For <strong>bevare kvaliteten<\/strong> af dette\u00a0<strong>Badebukser i \u00e9t stykke<\/strong>, Vi anbefaler, at du <strong>respekt<\/strong> DE <strong>vaskeanvisninger<\/strong>.<\/p>","protected":false},"excerpt":{"rendered":"<p>One Piece badeshorts med Luffy i armene, en kvalitetsbadedragt til en pirat som dig! Hvis du er en sand pirat, vil du s\u00e6tte pris p\u00e5 kvaliteten af materialerne, designet og 3D-printningen af disse One Piece badeshorts! Men vigtigst af alt, med disse shorts vil du [\u2026]<\/p>","protected":false},"featured_media":10737,"comment_status":"open","ping_status":"open","template":"","meta":[],"product_brand":[],"product_cat":[66],"product_tag":[92],"class_list":{"0":"post-10735","1":"product","2":"type-product","3":"status-publish","4":"has-post-thumbnail","6":"product_cat-shorts-de-bain-one-piece","7":"product_tag-luffy","9":"first","10":"instock","11":"purchasable","12":"product-type-variable","13":"has-default-attributes"},"yoast_head":"<!-- This site is optimized with the Yoast SEO plugin v27.5 - https:\/\/yoast.com\/product\/yoast-seo-wordpress\/ -->\n<title>Short de Bain One Piece Luffy Haki \u2013 Boutique One Piece<\/title>\n<meta name=\"description\" content=\"Maillot de Bain du Manga One Piece Haute Qualit\u00e9 avec Monkey D. Luffy qui utilise le Fluide le Short parfait pour les Pirates qui vont \u00e0 la Mer ou \u00e0 la Piscine\" \/>\n<meta name=\"robots\" content=\"index, follow, max-snippet:-1, max-image-preview:large, max-video-preview:-1\" \/>\n<link rel=\"canonical\" href=\"https:\/\/boutique-one-piece.com\/da\/one-piece-toj\/badeshorts-i-et-stykke\/luffy-haki-badeshorts-i-et-stykke\/\" \/>\n<meta property=\"og:locale\" content=\"da_DK\" \/>\n<meta property=\"og:type\" content=\"article\" \/>\n<meta property=\"og:title\" content=\"Short de Bain One Piece Luffy Haki \u2013 Boutique One Piece\" \/>\n<meta property=\"og:description\" content=\"Maillot de Bain du Manga One Piece Haute Qualit\u00e9 avec Monkey D. Luffy qui utilise le Fluide le Short parfait pour les Pirates qui vont \u00e0 la Mer ou \u00e0 la Piscine\" \/>\n<meta property=\"og:url\" content=\"https:\/\/boutique-one-piece.com\/da\/one-piece-toj\/badeshorts-i-et-stykke\/luffy-haki-badeshorts-i-et-stykke\/\" \/>\n<meta property=\"og:site_name\" content=\"Boutique One Piece\" \/>\n<meta property=\"article:modified_time\" content=\"2024-09-16T12:12:40+00:00\" \/>\n<meta property=\"og:image\" content=\"https:\/\/boutique-one-piece.com\/wp-content\/uploads\/2022\/09\/Short-de-Bain-One-Piece-Luffy-Haki.jpg\" \/>\n\t<meta property=\"og:image:width\" content=\"640\" \/>\n\t<meta property=\"og:image:height\" content=\"636\" \/>\n\t<meta property=\"og:image:type\" content=\"image\/jpeg\" \/>\n<meta name=\"twitter:card\" content=\"summary_large_image\" \/>\n<meta name=\"twitter:label1\" content=\"Estimeret l\u00e6setid\" \/>\n\t<meta name=\"twitter:data1\" content=\"2 minutter\" \/>\n<script type=\"application\/ld+json\" class=\"yoast-schema-graph\">{\"@context\":\"https:\\\/\\\/schema.org\",\"@graph\":[{\"@type\":\"WebPage\",\"@id\":\"https:\\\/\\\/boutique-one-piece.com\\\/vetements-one-piece\\\/shorts-de-bain-one-piece\\\/short-de-bain-one-piece-luffy-haki\\\/\",\"url\":\"https:\\\/\\\/boutique-one-piece.com\\\/vetements-one-piece\\\/shorts-de-bain-one-piece\\\/short-de-bain-one-piece-luffy-haki\\\/\",\"name\":\"Short de Bain One Piece Luffy Haki \u2013 Boutique One Piece\",\"isPartOf\":{\"@id\":\"https:\\\/\\\/boutique-one-piece.com\\\/#website\"},\"primaryImageOfPage\":{\"@id\":\"https:\\\/\\\/boutique-one-piece.com\\\/vetements-one-piece\\\/shorts-de-bain-one-piece\\\/short-de-bain-one-piece-luffy-haki\\\/#primaryimage\"},\"image\":{\"@id\":\"https:\\\/\\\/boutique-one-piece.com\\\/vetements-one-piece\\\/shorts-de-bain-one-piece\\\/short-de-bain-one-piece-luffy-haki\\\/#primaryimage\"},\"thumbnailUrl\":\"https:\\\/\\\/boutique-one-piece.com\\\/wp-content\\\/uploads\\\/2022\\\/09\\\/Short-de-Bain-One-Piece-Luffy-Haki.jpg\",\"datePublished\":\"2022-09-27T20:36:20+00:00\",\"dateModified\":\"2024-09-16T12:12:40+00:00\",\"description\":\"Maillot de Bain du Manga One Piece Haute Qualit\u00e9 avec Monkey D. Luffy qui utilise le Fluide le Short parfait pour les Pirates qui vont \u00e0 la Mer ou \u00e0 la Piscine\",\"breadcrumb\":{\"@id\":\"https:\\\/\\\/boutique-one-piece.com\\\/vetements-one-piece\\\/shorts-de-bain-one-piece\\\/short-de-bain-one-piece-luffy-haki\\\/#breadcrumb\"},\"inLanguage\":\"da-DK\",\"potentialAction\":[{\"@type\":\"ReadAction\",\"target\":[\"https:\\\/\\\/boutique-one-piece.com\\\/vetements-one-piece\\\/shorts-de-bain-one-piece\\\/short-de-bain-one-piece-luffy-haki\\\/\"]}]},{\"@type\":\"ImageObject\",\"inLanguage\":\"da-DK\",\"@id\":\"https:\\\/\\\/boutique-one-piece.com\\\/vetements-one-piece\\\/shorts-de-bain-one-piece\\\/short-de-bain-one-piece-luffy-haki\\\/#primaryimage\",\"url\":\"https:\\\/\\\/boutique-one-piece.com\\\/wp-content\\\/uploads\\\/2022\\\/09\\\/Short-de-Bain-One-Piece-Luffy-Haki.jpg\",\"contentUrl\":\"https:\\\/\\\/boutique-one-piece.com\\\/wp-content\\\/uploads\\\/2022\\\/09\\\/Short-de-Bain-One-Piece-Luffy-Haki.jpg\",\"width\":640,\"height\":636,\"caption\":\"Short de Bain One Piece Luffy Haki xl\"},{\"@type\":\"BreadcrumbList\",\"@id\":\"https:\\\/\\\/boutique-one-piece.com\\\/vetements-one-piece\\\/shorts-de-bain-one-piece\\\/short-de-bain-one-piece-luffy-haki\\\/#breadcrumb\",\"itemListElement\":[{\"@type\":\"ListItem\",\"position\":1,\"name\":\"Home\",\"item\":\"https:\\\/\\\/boutique-one-piece.com\\\/\"},{\"@type\":\"ListItem\",\"position\":2,\"name\":\"Shop\",\"item\":\"https:\\\/\\\/boutique-one-piece.com\\\/shop\\\/\"},{\"@type\":\"ListItem\",\"position\":3,\"name\":\"Short de Bain One Piece Luffy Haki\"}]},{\"@type\":\"WebSite\",\"@id\":\"https:\\\/\\\/boutique-one-piece.com\\\/#website\",\"url\":\"https:\\\/\\\/boutique-one-piece.com\\\/\",\"name\":\"Boutique One Piece\",\"description\":\"Magasin Sp\u00e9cialis\u00e9 du Manga et l&#039;Anime One Piece\",\"publisher\":{\"@id\":\"https:\\\/\\\/boutique-one-piece.com\\\/#organization\"},\"potentialAction\":[{\"@type\":\"SearchAction\",\"target\":{\"@type\":\"EntryPoint\",\"urlTemplate\":\"https:\\\/\\\/boutique-one-piece.com\\\/?s={search_term_string}\"},\"query-input\":{\"@type\":\"PropertyValueSpecification\",\"valueRequired\":true,\"valueName\":\"search_term_string\"}}],\"inLanguage\":\"da-DK\"},{\"@type\":\"Organization\",\"@id\":\"https:\\\/\\\/boutique-one-piece.com\\\/#organization\",\"name\":\"Boutique One Piece\",\"url\":\"https:\\\/\\\/boutique-one-piece.com\\\/\",\"logo\":{\"@type\":\"ImageObject\",\"inLanguage\":\"da-DK\",\"@id\":\"https:\\\/\\\/boutique-one-piece.com\\\/#\\\/schema\\\/logo\\\/image\\\/\",\"url\":\"https:\\\/\\\/boutique-one-piece.com\\\/wp-content\\\/uploads\\\/2022\\\/09\\\/Logo-01.png\",\"contentUrl\":\"https:\\\/\\\/boutique-one-piece.com\\\/wp-content\\\/uploads\\\/2022\\\/09\\\/Logo-01.png\",\"width\":2318,\"height\":957,\"caption\":\"Boutique One Piece\"},\"image\":{\"@id\":\"https:\\\/\\\/boutique-one-piece.com\\\/#\\\/schema\\\/logo\\\/image\\\/\"}}]}<\/script>\n<!-- \/ Yoast SEO plugin. -->","yoast_head_json":{"title":"One Piece Luffy Haki Badebukser \u2013 One Piece Shop","description":"F\u00f8rsteklasses One Piece manga-badedragt med Monkey D. Luffy i Haki; de perfekte shorts til pirater, der skal til havet eller poolen.","robots":{"index":"index","follow":"follow","max-snippet":"max-snippet:-1","max-image-preview":"max-image-preview:large","max-video-preview":"max-video-preview:-1"},"canonical":"https:\/\/boutique-one-piece.com\/da\/one-piece-toj\/badeshorts-i-et-stykke\/luffy-haki-badeshorts-i-et-stykke\/","og_locale":"da_DK","og_type":"article","og_title":"Short de Bain One Piece Luffy Haki \u2013 Boutique One Piece","og_description":"Maillot de Bain du Manga One Piece Haute Qualit\u00e9 avec Monkey D. Luffy qui utilise le Fluide le Short parfait pour les Pirates qui vont \u00e0 la Mer ou \u00e0 la Piscine","og_url":"https:\/\/boutique-one-piece.com\/da\/one-piece-toj\/badeshorts-i-et-stykke\/luffy-haki-badeshorts-i-et-stykke\/","og_site_name":"Boutique One Piece","article_modified_time":"2024-09-16T12:12:40+00:00","og_image":[{"width":640,"height":636,"url":"https:\/\/boutique-one-piece.com\/wp-content\/uploads\/2022\/09\/Short-de-Bain-One-Piece-Luffy-Haki.jpg","type":"image\/jpeg"}],"twitter_card":"summary_large_image","twitter_misc":{"Estimeret l\u00e6setid":"2 minutter"},"schema":{"@context":"https:\/\/schema.org","@graph":[{"@type":"WebPage","@id":"https:\/\/boutique-one-piece.com\/vetements-one-piece\/shorts-de-bain-one-piece\/short-de-bain-one-piece-luffy-haki\/","url":"https:\/\/boutique-one-piece.com\/vetements-one-piece\/shorts-de-bain-one-piece\/short-de-bain-one-piece-luffy-haki\/","name":"One Piece Luffy Haki Badebukser \u2013 One Piece Shop","isPartOf":{"@id":"https:\/\/boutique-one-piece.com\/#website"},"primaryImageOfPage":{"@id":"https:\/\/boutique-one-piece.com\/vetements-one-piece\/shorts-de-bain-one-piece\/short-de-bain-one-piece-luffy-haki\/#primaryimage"},"image":{"@id":"https:\/\/boutique-one-piece.com\/vetements-one-piece\/shorts-de-bain-one-piece\/short-de-bain-one-piece-luffy-haki\/#primaryimage"},"thumbnailUrl":"https:\/\/boutique-one-piece.com\/wp-content\/uploads\/2022\/09\/Short-de-Bain-One-Piece-Luffy-Haki.jpg","datePublished":"2022-09-27T20:36:20+00:00","dateModified":"2024-09-16T12:12:40+00:00","description":"F\u00f8rsteklasses One Piece manga-badedragt med Monkey D. Luffy i Haki; de perfekte shorts til pirater, der skal til havet eller poolen.","breadcrumb":{"@id":"https:\/\/boutique-one-piece.com\/vetements-one-piece\/shorts-de-bain-one-piece\/short-de-bain-one-piece-luffy-haki\/#breadcrumb"},"inLanguage":"da-DK","potentialAction":[{"@type":"ReadAction","target":["https:\/\/boutique-one-piece.com\/vetements-one-piece\/shorts-de-bain-one-piece\/short-de-bain-one-piece-luffy-haki\/"]}]},{"@type":"ImageObject","inLanguage":"da-DK","@id":"https:\/\/boutique-one-piece.com\/vetements-one-piece\/shorts-de-bain-one-piece\/short-de-bain-one-piece-luffy-haki\/#primaryimage","url":"https:\/\/boutique-one-piece.com\/wp-content\/uploads\/2022\/09\/Short-de-Bain-One-Piece-Luffy-Haki.jpg","contentUrl":"https:\/\/boutique-one-piece.com\/wp-content\/uploads\/2022\/09\/Short-de-Bain-One-Piece-Luffy-Haki.jpg","width":640,"height":636,"caption":"Short de Bain One Piece Luffy Haki xl"},{"@type":"BreadcrumbList","@id":"https:\/\/boutique-one-piece.com\/vetements-one-piece\/shorts-de-bain-one-piece\/short-de-bain-one-piece-luffy-haki\/#breadcrumb","itemListElement":[{"@type":"ListItem","position":1,"name":"Home","item":"https:\/\/boutique-one-piece.com\/"},{"@type":"ListItem","position":2,"name":"Shop","item":"https:\/\/boutique-one-piece.com\/shop\/"},{"@type":"ListItem","position":3,"name":"Short de Bain One Piece Luffy Haki"}]},{"@type":"WebSite","@id":"https:\/\/boutique-one-piece.com\/#website","url":"https:\/\/boutique-one-piece.com\/","name":"One Piece Shop","description":"Specialbutik for One Piece Manga og Anime","publisher":{"@id":"https:\/\/boutique-one-piece.com\/#organization"},"potentialAction":[{"@type":"SearchAction","target":{"@type":"EntryPoint","urlTemplate":"https:\/\/boutique-one-piece.com\/?s={search_term_string}"},"query-input":{"@type":"PropertyValueSpecification","valueRequired":true,"valueName":"search_term_string"}}],"inLanguage":"da-DK"},{"@type":"Organization","@id":"https:\/\/boutique-one-piece.com\/#organization","name":"One Piece Shop","url":"https:\/\/boutique-one-piece.com\/","logo":{"@type":"ImageObject","inLanguage":"da-DK","@id":"https:\/\/boutique-one-piece.com\/#\/schema\/logo\/image\/","url":"https:\/\/boutique-one-piece.com\/wp-content\/uploads\/2022\/09\/Logo-01.png","contentUrl":"https:\/\/boutique-one-piece.com\/wp-content\/uploads\/2022\/09\/Logo-01.png","width":2318,"height":957,"caption":"Boutique One Piece"},"image":{"@id":"https:\/\/boutique-one-piece.com\/#\/schema\/logo\/image\/"}}]}},"_links":{"self":[{"href":"https:\/\/boutique-one-piece.com\/da\/wp-json\/wp\/v2\/product\/10735","targetHints":{"allow":["GET"]}}],"collection":[{"href":"https:\/\/boutique-one-piece.com\/da\/wp-json\/wp\/v2\/product"}],"about":[{"href":"https:\/\/boutique-one-piece.com\/da\/wp-json\/wp\/v2\/types\/product"}],"replies":[{"embeddable":true,"href":"https:\/\/boutique-one-piece.com\/da\/wp-json\/wp\/v2\/comments?post=10735"}],"wp:featuredmedia":[{"embeddable":true,"href":"https:\/\/boutique-one-piece.com\/da\/wp-json\/wp\/v2\/media\/10737"}],"wp:attachment":[{"href":"https:\/\/boutique-one-piece.com\/da\/wp-json\/wp\/v2\/media?parent=10735"}],"wp:term":[{"taxonomy":"product_brand","embeddable":true,"href":"https:\/\/boutique-one-piece.com\/da\/wp-json\/wp\/v2\/product_brand?post=10735"},{"taxonomy":"product_cat","embeddable":true,"href":"https:\/\/boutique-one-piece.com\/da\/wp-json\/wp\/v2\/product_cat?post=10735"},{"taxonomy":"product_tag","embeddable":true,"href":"https:\/\/boutique-one-piece.com\/da\/wp-json\/wp\/v2\/product_tag?post=10735"}],"curies":[{"name":"wp","href":"https:\/\/api.w.org\/{rel}","templated":true}]}}