{"id":10815,"date":"2022-09-27T20:36:46","date_gmt":"2022-09-27T20:36:46","guid":{"rendered":"https:\/\/boutique-one-piece.com\/uncategorized\/avis-de-recherche-sniperking-wanted\/"},"modified":"2025-12-02T21:43:41","modified_gmt":"2025-12-02T21:43:41","slug":"plakat-efterlyst-snigskytte","status":"publish","type":"product","link":"https:\/\/boutique-one-piece.com\/da\/one-piece-efterlysningsplakat\/plakat-efterlyst-snigskytte\/","title":{"rendered":"Sniper King \u00d8nskes Meddelelse"},"content":{"rendered":"<h2>Nyd plakaten af Usopp, n\u00e5r han er maskeret, takket v\u00e6re denne Sniper King Wanted-plakat.<\/h2>\n<p>Sniper King, ogs\u00e5 kendt som <strong>Sogeking<\/strong> Det er denne identitet, Usopp antager under Enies Lobby-historien. Han har endda sin egen sang, &quot;Sogeking no Uta&quot;, som han selv lovpriser. Det er en sang, der har v\u00e6ret meget popul\u00e6r blandt b\u00f8rn, der f\u00f8lger One Piece.<\/p>\n<p>Sniper King vil spille en stor rolle under buen <strong>Enies Lobby<\/strong> Da denne historiebue fokuserer p\u00e5 redningen af Nico Robin af Luffy og hans bes\u00e6tning, ankommer Sniper King som en midlertidig allieret med Luffy og oplever adskillige \u00f8jeblikke med stor succes. Det er ham, der br\u00e6nder verdensregeringens flag med en ildkugle, og det er ogs\u00e5 ham, der redder Robin ved at skyde fra stor afstand mod marinesoldater, der havde ordre til at dr\u00e6be hende.<\/p>\n<h3>Vis din passion for den st\u00f8rste snigskytte p\u00e5 alle have med denne Sniper King-efterlysningsplakat.<\/h3>\n<p>Opfindelsen af Sniper King-figuren kan betragtes som et smart plot-twist af Eiichiro Oda: ja, da Usopp har forladt bes\u00e6tningen, vender han tilbage under en anden identitet, s\u00e5 han kan hj\u00e6lpe Luffy og spille en uundv\u00e6rlig rolle i... <strong>Robins redning<\/strong> For at demonstrere sin betydning vil dette give Usopp mulighed for at vende tilbage efter at have undskyldt og forblive et legitimt medlem af Straw Hat-bes\u00e6tningen. Sniper King har endda en dus\u00f8r p\u00e5 30 millioner p\u00e5 sit hoved.<\/p>\n<p>Hvis du er fan af dus\u00f8rj\u00e6gere, s\u00e5 tag et kig p\u00e5 dette <a href=\"https:\/\/boutique-one-piece.com\/da\/avis-de-recherche-vasco-shot-wanted\/\" target=\"_blank\" title=\"Vasco Shot efterlyst plakat\" rel=\"noopener noreferrer\" class=\"broken_link\">Vasco Shot efterlyst plakat<\/a>.<\/p>\n<h2>Information om One Piece Wanted Sniper King-plakaten<\/h2>\n<ul>\n<li><span><b><u>One Piece Wanted-plakat<\/u><\/b>\u00a0En \u00e6gte One Piece-efterlysningsplakat til \u00e6gte pirater<\/span><\/li>\n<\/ul>\n<ul>\n<li>\n<b><u>Sniper King&#039;s Bounty<\/u><\/b>\u00a030.000.000 b\u00e6r<\/li>\n<\/ul>\n<ul>\n<li><span><strong>Udskrivning i h\u00f8j kvalitet<\/strong>\u00a0pr\u00e6cise farver<\/span><\/li>\n<\/ul>\n<ul>\n<li>\n<strong>Dimension<\/strong>\u00a0: 30 cm x 21 cm og 42 cm x 30 cm<\/li>\n<\/ul>\n<ul>\n<li><span><strong>GRATIS LEVERING<\/strong><\/span><\/li>\n<\/ul>\n<div id=\"gtx-trans\" style=\"position: absolute;left: 221px;top: 124.5px\">\n<div class=\"gtx-trans-icon\"><\/div>\n<\/div>","protected":false},"excerpt":{"rendered":"<p>Appr\u00e9cie le poster de Usopp lorsqu&rsquo;il est masqu\u00e9 gr\u00e2ce \u00e0 cet Avis de Recherche Sniper King Wanted. Sniper King, aussi appel\u00e9 Sogeking est l&rsquo;identit\u00e9 que prend Ussop durant l&rsquo;arc Enies Lobbie. Il a m\u00eame droit \u00e0 sa propre musique, \u00ab\u00a0Sogeking no uta\u00a0\u00bb pour chanter ses propres louanges. C&rsquo;est une chanson qui a \u00e9t\u00e9 tr\u00e8s appr\u00e9ci\u00e9e [&hellip;]<\/p>","protected":false},"featured_media":10817,"comment_status":"open","ping_status":"open","template":"","meta":[],"product_brand":[],"product_cat":[171],"product_tag":[],"class_list":{"0":"post-10815","1":"product","2":"type-product","3":"status-publish","4":"has-post-thumbnail","6":"product_cat-avis-de-recherche-one-piece","8":"first","9":"outofstock","10":"purchasable","11":"product-type-variable"},"yoast_head":"<!-- This site is optimized with the Yoast SEO plugin v27.5 - https:\/\/yoast.com\/product\/yoast-seo-wordpress\/ -->\n<title>Avis De Recherche Sniper King Wanted | D\u00e9coration One Piece \u2013 Boutique One Piece<\/title>\n<meta name=\"description\" content=\"Appr\u00e9cie le poster de Usopp lorsqu&#039;il est masqu\u00e9 gr\u00e2ce \u00e0 cet Avis de Recherche Sniper King Wanted. Sniper King, aussi appel\u00e9 Sogeking est l&#039;identit\u00e9 que prend Ussop durant l&#039;arc Enies Lobbie. Il a m\u00eame droit \u00e0 sa propre musique, &quot;Sogeking no uta&quot; pour chanter ses propres louanges. C&#039;est une chanson qui a \u00e9t\u00e9 tr\u00e8s appr\u00e9\" \/>\n<meta name=\"robots\" content=\"index, follow, max-snippet:-1, max-image-preview:large, max-video-preview:-1\" \/>\n<link rel=\"canonical\" href=\"https:\/\/boutique-one-piece.com\/da\/one-piece-efterlysningsplakat\/plakat-efterlyst-snigskytte\/\" \/>\n<meta property=\"og:locale\" content=\"da_DK\" \/>\n<meta property=\"og:type\" content=\"article\" \/>\n<meta property=\"og:title\" content=\"Avis De Recherche Sniper King Wanted | D\u00e9coration One Piece \u2013 Boutique One Piece\" \/>\n<meta property=\"og:description\" content=\"Appr\u00e9cie le poster de Usopp lorsqu&#039;il est masqu\u00e9 gr\u00e2ce \u00e0 cet Avis de Recherche Sniper King Wanted. Sniper King, aussi appel\u00e9 Sogeking est l&#039;identit\u00e9 que prend Ussop durant l&#039;arc Enies Lobbie. Il a m\u00eame droit \u00e0 sa propre musique, &quot;Sogeking no uta&quot; pour chanter ses propres louanges. C&#039;est une chanson qui a \u00e9t\u00e9 tr\u00e8s appr\u00e9\" \/>\n<meta property=\"og:url\" content=\"https:\/\/boutique-one-piece.com\/da\/one-piece-efterlysningsplakat\/plakat-efterlyst-snigskytte\/\" \/>\n<meta property=\"og:site_name\" content=\"Boutique One Piece\" \/>\n<meta property=\"article:modified_time\" content=\"2025-12-02T21:43:41+00:00\" \/>\n<meta property=\"og:image\" content=\"https:\/\/boutique-one-piece.com\/wp-content\/uploads\/2022\/09\/Avis-De-Recherche-Sniper-King-Wanted.jpg\" \/>\n\t<meta property=\"og:image:width\" content=\"800\" \/>\n\t<meta property=\"og:image:height\" content=\"800\" \/>\n\t<meta property=\"og:image:type\" content=\"image\/jpeg\" \/>\n<meta name=\"twitter:card\" content=\"summary_large_image\" \/>\n<meta name=\"twitter:label1\" content=\"Estimeret l\u00e6setid\" \/>\n\t<meta name=\"twitter:data1\" content=\"2 minutter\" \/>\n<script type=\"application\/ld+json\" class=\"yoast-schema-graph\">{\"@context\":\"https:\\\/\\\/schema.org\",\"@graph\":[{\"@type\":\"WebPage\",\"@id\":\"https:\\\/\\\/boutique-one-piece.com\\\/avis-de-recherche-one-piece\\\/avis-de-recherche-sniperking-wanted\\\/\",\"url\":\"https:\\\/\\\/boutique-one-piece.com\\\/avis-de-recherche-one-piece\\\/avis-de-recherche-sniperking-wanted\\\/\",\"name\":\"Avis De Recherche Sniper King Wanted | D\u00e9coration One Piece \u2013 Boutique One Piece\",\"isPartOf\":{\"@id\":\"https:\\\/\\\/boutique-one-piece.com\\\/#website\"},\"primaryImageOfPage\":{\"@id\":\"https:\\\/\\\/boutique-one-piece.com\\\/avis-de-recherche-one-piece\\\/avis-de-recherche-sniperking-wanted\\\/#primaryimage\"},\"image\":{\"@id\":\"https:\\\/\\\/boutique-one-piece.com\\\/avis-de-recherche-one-piece\\\/avis-de-recherche-sniperking-wanted\\\/#primaryimage\"},\"thumbnailUrl\":\"https:\\\/\\\/boutique-one-piece.com\\\/wp-content\\\/uploads\\\/2022\\\/09\\\/Avis-De-Recherche-Sniper-King-Wanted.jpg\",\"datePublished\":\"2022-09-27T20:36:46+00:00\",\"dateModified\":\"2025-12-02T21:43:41+00:00\",\"description\":\"Appr\u00e9cie le poster de Usopp lorsqu'il est masqu\u00e9 gr\u00e2ce \u00e0 cet Avis de Recherche Sniper King Wanted. Sniper King, aussi appel\u00e9 Sogeking est l'identit\u00e9 que prend Ussop durant l'arc Enies Lobbie. Il a m\u00eame droit \u00e0 sa propre musique, \\\"Sogeking no uta\\\" pour chanter ses propres louanges. C'est une chanson qui a \u00e9t\u00e9 tr\u00e8s appr\u00e9\",\"breadcrumb\":{\"@id\":\"https:\\\/\\\/boutique-one-piece.com\\\/avis-de-recherche-one-piece\\\/avis-de-recherche-sniperking-wanted\\\/#breadcrumb\"},\"inLanguage\":\"da-DK\",\"potentialAction\":[{\"@type\":\"ReadAction\",\"target\":[\"https:\\\/\\\/boutique-one-piece.com\\\/avis-de-recherche-one-piece\\\/avis-de-recherche-sniperking-wanted\\\/\"]}]},{\"@type\":\"ImageObject\",\"inLanguage\":\"da-DK\",\"@id\":\"https:\\\/\\\/boutique-one-piece.com\\\/avis-de-recherche-one-piece\\\/avis-de-recherche-sniperking-wanted\\\/#primaryimage\",\"url\":\"https:\\\/\\\/boutique-one-piece.com\\\/wp-content\\\/uploads\\\/2022\\\/09\\\/Avis-De-Recherche-Sniper-King-Wanted.jpg\",\"contentUrl\":\"https:\\\/\\\/boutique-one-piece.com\\\/wp-content\\\/uploads\\\/2022\\\/09\\\/Avis-De-Recherche-Sniper-King-Wanted.jpg\",\"width\":800,\"height\":800,\"caption\":\"Avis De Recherche Sniper King Wanted 42 X 30 cm\"},{\"@type\":\"BreadcrumbList\",\"@id\":\"https:\\\/\\\/boutique-one-piece.com\\\/avis-de-recherche-one-piece\\\/avis-de-recherche-sniperking-wanted\\\/#breadcrumb\",\"itemListElement\":[{\"@type\":\"ListItem\",\"position\":1,\"name\":\"Home\",\"item\":\"https:\\\/\\\/boutique-one-piece.com\\\/\"},{\"@type\":\"ListItem\",\"position\":2,\"name\":\"Shop\",\"item\":\"https:\\\/\\\/boutique-one-piece.com\\\/shop\\\/\"},{\"@type\":\"ListItem\",\"position\":3,\"name\":\"Avis De Recherche Sniper King Wanted\"}]},{\"@type\":\"WebSite\",\"@id\":\"https:\\\/\\\/boutique-one-piece.com\\\/#website\",\"url\":\"https:\\\/\\\/boutique-one-piece.com\\\/\",\"name\":\"Boutique One Piece\",\"description\":\"Magasin Sp\u00e9cialis\u00e9 du Manga et l&#039;Anime One Piece\",\"publisher\":{\"@id\":\"https:\\\/\\\/boutique-one-piece.com\\\/#organization\"},\"potentialAction\":[{\"@type\":\"SearchAction\",\"target\":{\"@type\":\"EntryPoint\",\"urlTemplate\":\"https:\\\/\\\/boutique-one-piece.com\\\/?s={search_term_string}\"},\"query-input\":{\"@type\":\"PropertyValueSpecification\",\"valueRequired\":true,\"valueName\":\"search_term_string\"}}],\"inLanguage\":\"da-DK\"},{\"@type\":\"Organization\",\"@id\":\"https:\\\/\\\/boutique-one-piece.com\\\/#organization\",\"name\":\"Boutique One Piece\",\"url\":\"https:\\\/\\\/boutique-one-piece.com\\\/\",\"logo\":{\"@type\":\"ImageObject\",\"inLanguage\":\"da-DK\",\"@id\":\"https:\\\/\\\/boutique-one-piece.com\\\/#\\\/schema\\\/logo\\\/image\\\/\",\"url\":\"https:\\\/\\\/boutique-one-piece.com\\\/wp-content\\\/uploads\\\/2022\\\/09\\\/Logo-01.png\",\"contentUrl\":\"https:\\\/\\\/boutique-one-piece.com\\\/wp-content\\\/uploads\\\/2022\\\/09\\\/Logo-01.png\",\"width\":2318,\"height\":957,\"caption\":\"Boutique One Piece\"},\"image\":{\"@id\":\"https:\\\/\\\/boutique-one-piece.com\\\/#\\\/schema\\\/logo\\\/image\\\/\"}}]}<\/script>\n<!-- \/ Yoast SEO plugin. -->","yoast_head_json":{"title":"Sniper King Wanted-plakat | One Piece-dekoration \u2013 One Piece Shop","description":"Nyd plakaten af Usopp, n\u00e5r han er maskeret, takket v\u00e6re denne Sniper King Wanted-plakat. Sniper King, ogs\u00e5 kendt som Sogeking, er den identitet, Usopp tager i Enies Lobby-buen. Han har endda sin egen sang, &quot;Sogeking no Uta&quot;, for at synge sin egen ros. Det er en sang, der har v\u00e6ret meget popul\u00e6r.","robots":{"index":"index","follow":"follow","max-snippet":"max-snippet:-1","max-image-preview":"max-image-preview:large","max-video-preview":"max-video-preview:-1"},"canonical":"https:\/\/boutique-one-piece.com\/da\/one-piece-efterlysningsplakat\/plakat-efterlyst-snigskytte\/","og_locale":"da_DK","og_type":"article","og_title":"Avis De Recherche Sniper King Wanted | D\u00e9coration One Piece \u2013 Boutique One Piece","og_description":"Appr\u00e9cie le poster de Usopp lorsqu'il est masqu\u00e9 gr\u00e2ce \u00e0 cet Avis de Recherche Sniper King Wanted. Sniper King, aussi appel\u00e9 Sogeking est l'identit\u00e9 que prend Ussop durant l'arc Enies Lobbie. Il a m\u00eame droit \u00e0 sa propre musique, \"Sogeking no uta\" pour chanter ses propres louanges. C'est une chanson qui a \u00e9t\u00e9 tr\u00e8s appr\u00e9","og_url":"https:\/\/boutique-one-piece.com\/da\/one-piece-efterlysningsplakat\/plakat-efterlyst-snigskytte\/","og_site_name":"Boutique One Piece","article_modified_time":"2025-12-02T21:43:41+00:00","og_image":[{"width":800,"height":800,"url":"https:\/\/boutique-one-piece.com\/wp-content\/uploads\/2022\/09\/Avis-De-Recherche-Sniper-King-Wanted.jpg","type":"image\/jpeg"}],"twitter_card":"summary_large_image","twitter_misc":{"Estimeret l\u00e6setid":"2 minutter"},"schema":{"@context":"https:\/\/schema.org","@graph":[{"@type":"WebPage","@id":"https:\/\/boutique-one-piece.com\/avis-de-recherche-one-piece\/avis-de-recherche-sniperking-wanted\/","url":"https:\/\/boutique-one-piece.com\/avis-de-recherche-one-piece\/avis-de-recherche-sniperking-wanted\/","name":"Sniper King Wanted-plakat | One Piece-dekoration \u2013 One Piece Shop","isPartOf":{"@id":"https:\/\/boutique-one-piece.com\/#website"},"primaryImageOfPage":{"@id":"https:\/\/boutique-one-piece.com\/avis-de-recherche-one-piece\/avis-de-recherche-sniperking-wanted\/#primaryimage"},"image":{"@id":"https:\/\/boutique-one-piece.com\/avis-de-recherche-one-piece\/avis-de-recherche-sniperking-wanted\/#primaryimage"},"thumbnailUrl":"https:\/\/boutique-one-piece.com\/wp-content\/uploads\/2022\/09\/Avis-De-Recherche-Sniper-King-Wanted.jpg","datePublished":"2022-09-27T20:36:46+00:00","dateModified":"2025-12-02T21:43:41+00:00","description":"Nyd plakaten af Usopp, n\u00e5r han er maskeret, takket v\u00e6re denne Sniper King Wanted-plakat. Sniper King, ogs\u00e5 kendt som Sogeking, er den identitet, Usopp tager i Enies Lobby-buen. Han har endda sin egen sang, &quot;Sogeking no Uta&quot;, for at synge sin egen ros. Det er en sang, der har v\u00e6ret meget popul\u00e6r.","breadcrumb":{"@id":"https:\/\/boutique-one-piece.com\/avis-de-recherche-one-piece\/avis-de-recherche-sniperking-wanted\/#breadcrumb"},"inLanguage":"da-DK","potentialAction":[{"@type":"ReadAction","target":["https:\/\/boutique-one-piece.com\/avis-de-recherche-one-piece\/avis-de-recherche-sniperking-wanted\/"]}]},{"@type":"ImageObject","inLanguage":"da-DK","@id":"https:\/\/boutique-one-piece.com\/avis-de-recherche-one-piece\/avis-de-recherche-sniperking-wanted\/#primaryimage","url":"https:\/\/boutique-one-piece.com\/wp-content\/uploads\/2022\/09\/Avis-De-Recherche-Sniper-King-Wanted.jpg","contentUrl":"https:\/\/boutique-one-piece.com\/wp-content\/uploads\/2022\/09\/Avis-De-Recherche-Sniper-King-Wanted.jpg","width":800,"height":800,"caption":"Avis De Recherche Sniper King Wanted 42 X 30 cm"},{"@type":"BreadcrumbList","@id":"https:\/\/boutique-one-piece.com\/avis-de-recherche-one-piece\/avis-de-recherche-sniperking-wanted\/#breadcrumb","itemListElement":[{"@type":"ListItem","position":1,"name":"Home","item":"https:\/\/boutique-one-piece.com\/"},{"@type":"ListItem","position":2,"name":"Shop","item":"https:\/\/boutique-one-piece.com\/shop\/"},{"@type":"ListItem","position":3,"name":"Avis De Recherche Sniper King Wanted"}]},{"@type":"WebSite","@id":"https:\/\/boutique-one-piece.com\/#website","url":"https:\/\/boutique-one-piece.com\/","name":"One Piece Shop","description":"Specialbutik for One Piece Manga og Anime","publisher":{"@id":"https:\/\/boutique-one-piece.com\/#organization"},"potentialAction":[{"@type":"SearchAction","target":{"@type":"EntryPoint","urlTemplate":"https:\/\/boutique-one-piece.com\/?s={search_term_string}"},"query-input":{"@type":"PropertyValueSpecification","valueRequired":true,"valueName":"search_term_string"}}],"inLanguage":"da-DK"},{"@type":"Organization","@id":"https:\/\/boutique-one-piece.com\/#organization","name":"One Piece Shop","url":"https:\/\/boutique-one-piece.com\/","logo":{"@type":"ImageObject","inLanguage":"da-DK","@id":"https:\/\/boutique-one-piece.com\/#\/schema\/logo\/image\/","url":"https:\/\/boutique-one-piece.com\/wp-content\/uploads\/2022\/09\/Logo-01.png","contentUrl":"https:\/\/boutique-one-piece.com\/wp-content\/uploads\/2022\/09\/Logo-01.png","width":2318,"height":957,"caption":"Boutique One Piece"},"image":{"@id":"https:\/\/boutique-one-piece.com\/#\/schema\/logo\/image\/"}}]}},"_links":{"self":[{"href":"https:\/\/boutique-one-piece.com\/da\/wp-json\/wp\/v2\/product\/10815","targetHints":{"allow":["GET"]}}],"collection":[{"href":"https:\/\/boutique-one-piece.com\/da\/wp-json\/wp\/v2\/product"}],"about":[{"href":"https:\/\/boutique-one-piece.com\/da\/wp-json\/wp\/v2\/types\/product"}],"replies":[{"embeddable":true,"href":"https:\/\/boutique-one-piece.com\/da\/wp-json\/wp\/v2\/comments?post=10815"}],"wp:featuredmedia":[{"embeddable":true,"href":"https:\/\/boutique-one-piece.com\/da\/wp-json\/wp\/v2\/media\/10817"}],"wp:attachment":[{"href":"https:\/\/boutique-one-piece.com\/da\/wp-json\/wp\/v2\/media?parent=10815"}],"wp:term":[{"taxonomy":"product_brand","embeddable":true,"href":"https:\/\/boutique-one-piece.com\/da\/wp-json\/wp\/v2\/product_brand?post=10815"},{"taxonomy":"product_cat","embeddable":true,"href":"https:\/\/boutique-one-piece.com\/da\/wp-json\/wp\/v2\/product_cat?post=10815"},{"taxonomy":"product_tag","embeddable":true,"href":"https:\/\/boutique-one-piece.com\/da\/wp-json\/wp\/v2\/product_tag?post=10815"}],"curies":[{"name":"wp","href":"https:\/\/api.w.org\/{rel}","templated":true}]}}