{"id":11091,"date":"2022-09-27T20:38:37","date_gmt":"2022-09-27T20:38:37","guid":{"rendered":"https:\/\/boutique-one-piece.com\/uncategorized\/figurine-one-piece-barbe-blanche\/"},"modified":"2024-09-16T12:21:36","modified_gmt":"2024-09-16T12:21:36","slug":"figur-i-et-stykke-med-hvidt-skaeg","status":"publish","type":"product","link":"https:\/\/boutique-one-piece.com\/da\/one-piece-figurer-2\/edward-newgate-figurer\/figur-i-et-stykke-med-hvidt-skaeg\/","title":{"rendered":"One Piece Whitebeard-figur"},"content":{"rendered":"<h2>Unge pirat, tiden er inde til, at du f\u00e5r fingrene i denne One Piece Whitebeard-figur lige nu.<\/h2>\n<p>Du er uden tvivl klar over, at Edward Newgate, ogs\u00e5 kendt som <strong>Hvidsk\u00e6g, &quot;Verdens st\u00e6rkeste mand&quot;\u00ab<\/strong>, ogs\u00e5 betragtet som manden &quot;t\u00e6ttest p\u00e5 One Piece&quot;, var kaptajnen for Whitebeard Pirates. Whitebeard var en af <strong>Fire kejsere<\/strong> i l\u00f8bet af sin levetid, men han blev dr\u00e6bt i slaget ved Marineford af sin tidligere underordnede, marskal D. Teach (og hans bes\u00e6tning). Han kendte betydningen af D.&#039;s testamente.<\/p>\n<p>Hans sidste ord var at forudsige, at \u00e9n person ville udfordre hele verden, en krig endnu st\u00f8rre end <strong>Marineford<\/strong> vil komme og endelig erkl\u00e6re, at One Piece virkelig eksisterede. Han er den f\u00f8rste hovedperson i Marineford-buen, efterfulgt af Luffy p\u00e5 andenpladsen og Ace p\u00e5 tredjepladsen. Hvis du forresten gerne vil udvide din figursamling, s\u00e5... <a title=\"ONE PIECE ACE KR\u00d8JENDE FIGUR\" href=\"https:\/\/boutique-one-piece.com\/da\/one-piece-ace-crouching-figur\/\" target=\"_blank\" rel=\"noopener\">Es-figur &quot;kr\u00f8bende&quot;\u00ab<\/a> er inden for din r\u00e6kkevidde.<\/p>\n<h3>S\u00e5 er du overbevist af Hvidsk\u00e6gsfiguren? Hvis ja, s\u00e5 vent ikke l\u00e6ngere og grib chancen for at genopleve Marineford-krigen sammen med ham.<\/h3>\n<p>Unge pirat, tiden er inde til at tage din sk\u00e6bne i egen h\u00e5nd. Uanset om du er en inkarneret fan eller en erfaren samler, beh\u00f8ver du ikke lede l\u00e6ngere. <strong>mytiske genstande<\/strong> er helt sikkert noget for dig. Perfekt til gave, dekoration eller samling, disse genstande vil forbedre <strong>dit One Piece-univers<\/strong>.<\/p>\n<h2>Information om Hvidsk\u00e6gsfigur\u00a0<\/h2>\n<ul>\n<li><span><b><u>One Piece-figur<\/u><\/b>\u00a0Premium One Piece-figur til \u00e6gte pirater<\/span><\/li>\n<\/ul>\n<ul>\n<li>\n<b>Materie<\/b><span>\u00a0<\/span>PVC<\/li>\n<\/ul>\n<ul>\n<li><span><strong>Dimension<\/strong>\u00a0: 23 cm<\/span><\/li>\n<\/ul>\n<ul>\n<li><span><strong>GRATIS LEVERING<\/strong><\/span><\/li>\n<\/ul>","protected":false},"excerpt":{"rendered":"<p>Jeune pirate, le moment est venu pour toi de te procurer d\u00e8s maintenant cette Figurine One Piece Barbe Blanche. Tu n&rsquo;es pas sans savoir qu&rsquo;Edward Newgate, aussi appel\u00e9 Barbe Blanche, \u00ab\u00a0L&rsquo;Homme le Plus Fort au Monde\u00a0\u00bb, \u00e9galement consid\u00e9r\u00e9 comme \u00e9tant l&rsquo;homme \u00ab\u00a0le plus proche du One Piece\u00a0\u00bb, \u00e9tait le capitaine de L&rsquo;\u00c9quipage de Barbe Blanche. [&hellip;]<\/p>","protected":false},"featured_media":11093,"comment_status":"open","ping_status":"open","template":"","meta":[],"product_brand":[],"product_cat":[310],"product_tag":[199],"class_list":{"0":"post-11091","1":"product","2":"type-product","3":"status-publish","4":"has-post-thumbnail","6":"product_cat-figurines-edward-newgate","7":"product_tag-barbe-blanche","9":"first","10":"instock","11":"purchasable","12":"product-type-simple"},"yoast_head":"<!-- This site is optimized with the Yoast SEO plugin v27.5 - https:\/\/yoast.com\/product\/yoast-seo-wordpress\/ -->\n<title>Figurine One Piece Barbe Blanche | Figurine One Piece \u2013 Boutique One Piece<\/title>\n<meta name=\"description\" content=\"Jeune pirate, le moment est venu pour toi de te procurer d\u00e8s maintenant cette Figurine One Piece Barbe Blanche. Tu n&#039;es pas sans savoir qu&#039;Edward Newgate, aussi appel\u00e9 Barbe Blanche, &quot;L&#039;Homme le Plus Fort au Monde&quot;, \u00e9galement consid\u00e9r\u00e9 comme \u00e9tant l&#039;homme &quot;le plus proche du One Piece&quot;, \u00e9tait le capitaine de L&#039;\u00c9quipage\" \/>\n<meta name=\"robots\" content=\"index, follow, max-snippet:-1, max-image-preview:large, max-video-preview:-1\" \/>\n<link rel=\"canonical\" href=\"https:\/\/boutique-one-piece.com\/da\/one-piece-figurer-2\/edward-newgate-figurer\/figur-i-et-stykke-med-hvidt-skaeg\/\" \/>\n<meta property=\"og:locale\" content=\"da_DK\" \/>\n<meta property=\"og:type\" content=\"article\" \/>\n<meta property=\"og:title\" content=\"Figurine One Piece Barbe Blanche | Figurine One Piece \u2013 Boutique One Piece\" \/>\n<meta property=\"og:description\" content=\"Jeune pirate, le moment est venu pour toi de te procurer d\u00e8s maintenant cette Figurine One Piece Barbe Blanche. Tu n&#039;es pas sans savoir qu&#039;Edward Newgate, aussi appel\u00e9 Barbe Blanche, &quot;L&#039;Homme le Plus Fort au Monde&quot;, \u00e9galement consid\u00e9r\u00e9 comme \u00e9tant l&#039;homme &quot;le plus proche du One Piece&quot;, \u00e9tait le capitaine de L&#039;\u00c9quipage\" \/>\n<meta property=\"og:url\" content=\"https:\/\/boutique-one-piece.com\/da\/one-piece-figurer-2\/edward-newgate-figurer\/figur-i-et-stykke-med-hvidt-skaeg\/\" \/>\n<meta property=\"og:site_name\" content=\"Boutique One Piece\" \/>\n<meta property=\"article:modified_time\" content=\"2024-09-16T12:21:36+00:00\" \/>\n<meta property=\"og:image\" content=\"https:\/\/boutique-one-piece.com\/wp-content\/uploads\/2022\/09\/Figurine-One-Piece-Barbe-Blanche.jpg\" \/>\n\t<meta property=\"og:image:width\" content=\"400\" \/>\n\t<meta property=\"og:image:height\" content=\"400\" \/>\n\t<meta property=\"og:image:type\" content=\"image\/jpeg\" \/>\n<meta name=\"twitter:card\" content=\"summary_large_image\" \/>\n<meta name=\"twitter:label1\" content=\"Estimeret l\u00e6setid\" \/>\n\t<meta name=\"twitter:data1\" content=\"1 minut\" \/>\n<script type=\"application\/ld+json\" class=\"yoast-schema-graph\">{\"@context\":\"https:\\\/\\\/schema.org\",\"@graph\":[{\"@type\":\"WebPage\",\"@id\":\"https:\\\/\\\/boutique-one-piece.com\\\/figurines-one-piece\\\/figurines-edward-newgate\\\/figurine-one-piece-barbe-blanche\\\/\",\"url\":\"https:\\\/\\\/boutique-one-piece.com\\\/figurines-one-piece\\\/figurines-edward-newgate\\\/figurine-one-piece-barbe-blanche\\\/\",\"name\":\"Figurine One Piece Barbe Blanche | Figurine One Piece \u2013 Boutique One Piece\",\"isPartOf\":{\"@id\":\"https:\\\/\\\/boutique-one-piece.com\\\/#website\"},\"primaryImageOfPage\":{\"@id\":\"https:\\\/\\\/boutique-one-piece.com\\\/figurines-one-piece\\\/figurines-edward-newgate\\\/figurine-one-piece-barbe-blanche\\\/#primaryimage\"},\"image\":{\"@id\":\"https:\\\/\\\/boutique-one-piece.com\\\/figurines-one-piece\\\/figurines-edward-newgate\\\/figurine-one-piece-barbe-blanche\\\/#primaryimage\"},\"thumbnailUrl\":\"https:\\\/\\\/boutique-one-piece.com\\\/wp-content\\\/uploads\\\/2022\\\/09\\\/Figurine-One-Piece-Barbe-Blanche.jpg\",\"datePublished\":\"2022-09-27T20:38:37+00:00\",\"dateModified\":\"2024-09-16T12:21:36+00:00\",\"description\":\"Jeune pirate, le moment est venu pour toi de te procurer d\u00e8s maintenant cette Figurine One Piece Barbe Blanche. Tu n'es pas sans savoir qu'Edward Newgate, aussi appel\u00e9 Barbe Blanche, \\\"L'Homme le Plus Fort au Monde\\\", \u00e9galement consid\u00e9r\u00e9 comme \u00e9tant l'homme \\\"le plus proche du One Piece\\\", \u00e9tait le capitaine de L'\u00c9quipage\",\"breadcrumb\":{\"@id\":\"https:\\\/\\\/boutique-one-piece.com\\\/figurines-one-piece\\\/figurines-edward-newgate\\\/figurine-one-piece-barbe-blanche\\\/#breadcrumb\"},\"inLanguage\":\"da-DK\",\"potentialAction\":[{\"@type\":\"ReadAction\",\"target\":[\"https:\\\/\\\/boutique-one-piece.com\\\/figurines-one-piece\\\/figurines-edward-newgate\\\/figurine-one-piece-barbe-blanche\\\/\"]}]},{\"@type\":\"ImageObject\",\"inLanguage\":\"da-DK\",\"@id\":\"https:\\\/\\\/boutique-one-piece.com\\\/figurines-one-piece\\\/figurines-edward-newgate\\\/figurine-one-piece-barbe-blanche\\\/#primaryimage\",\"url\":\"https:\\\/\\\/boutique-one-piece.com\\\/wp-content\\\/uploads\\\/2022\\\/09\\\/Figurine-One-Piece-Barbe-Blanche.jpg\",\"contentUrl\":\"https:\\\/\\\/boutique-one-piece.com\\\/wp-content\\\/uploads\\\/2022\\\/09\\\/Figurine-One-Piece-Barbe-Blanche.jpg\",\"width\":400,\"height\":400,\"caption\":\"Figurine One Piece Barbe Blanche Default Title\"},{\"@type\":\"BreadcrumbList\",\"@id\":\"https:\\\/\\\/boutique-one-piece.com\\\/figurines-one-piece\\\/figurines-edward-newgate\\\/figurine-one-piece-barbe-blanche\\\/#breadcrumb\",\"itemListElement\":[{\"@type\":\"ListItem\",\"position\":1,\"name\":\"Home\",\"item\":\"https:\\\/\\\/boutique-one-piece.com\\\/\"},{\"@type\":\"ListItem\",\"position\":2,\"name\":\"Shop\",\"item\":\"https:\\\/\\\/boutique-one-piece.com\\\/shop\\\/\"},{\"@type\":\"ListItem\",\"position\":3,\"name\":\"Figurine One Piece Barbe Blanche\"}]},{\"@type\":\"WebSite\",\"@id\":\"https:\\\/\\\/boutique-one-piece.com\\\/#website\",\"url\":\"https:\\\/\\\/boutique-one-piece.com\\\/\",\"name\":\"Boutique One Piece\",\"description\":\"Magasin Sp\u00e9cialis\u00e9 du Manga et l&#039;Anime One Piece\",\"publisher\":{\"@id\":\"https:\\\/\\\/boutique-one-piece.com\\\/#organization\"},\"potentialAction\":[{\"@type\":\"SearchAction\",\"target\":{\"@type\":\"EntryPoint\",\"urlTemplate\":\"https:\\\/\\\/boutique-one-piece.com\\\/?s={search_term_string}\"},\"query-input\":{\"@type\":\"PropertyValueSpecification\",\"valueRequired\":true,\"valueName\":\"search_term_string\"}}],\"inLanguage\":\"da-DK\"},{\"@type\":\"Organization\",\"@id\":\"https:\\\/\\\/boutique-one-piece.com\\\/#organization\",\"name\":\"Boutique One Piece\",\"url\":\"https:\\\/\\\/boutique-one-piece.com\\\/\",\"logo\":{\"@type\":\"ImageObject\",\"inLanguage\":\"da-DK\",\"@id\":\"https:\\\/\\\/boutique-one-piece.com\\\/#\\\/schema\\\/logo\\\/image\\\/\",\"url\":\"https:\\\/\\\/boutique-one-piece.com\\\/wp-content\\\/uploads\\\/2022\\\/09\\\/Logo-01.png\",\"contentUrl\":\"https:\\\/\\\/boutique-one-piece.com\\\/wp-content\\\/uploads\\\/2022\\\/09\\\/Logo-01.png\",\"width\":2318,\"height\":957,\"caption\":\"Boutique One Piece\"},\"image\":{\"@id\":\"https:\\\/\\\/boutique-one-piece.com\\\/#\\\/schema\\\/logo\\\/image\\\/\"}}]}<\/script>\n<!-- \/ Yoast SEO plugin. -->","yoast_head_json":{"title":"One Piece Whitebeard-figur | One Piece-figur \u2013 One Piece-butik","description":"Unge pirat, tiden er kommet til at f\u00e5 fingrene i denne One Piece Whitebeard-figur. Du ved sikkert, at Edward Newgate, ogs\u00e5 kendt som Whitebeard, &quot;Verdens st\u00e6rkeste mand&quot;, ogs\u00e5 betragtet som manden &quot;t\u00e6ttest p\u00e5 One Piece&quot;, var kaptajnen p\u00e5 piraterne.","robots":{"index":"index","follow":"follow","max-snippet":"max-snippet:-1","max-image-preview":"max-image-preview:large","max-video-preview":"max-video-preview:-1"},"canonical":"https:\/\/boutique-one-piece.com\/da\/one-piece-figurer-2\/edward-newgate-figurer\/figur-i-et-stykke-med-hvidt-skaeg\/","og_locale":"da_DK","og_type":"article","og_title":"Figurine One Piece Barbe Blanche | Figurine One Piece \u2013 Boutique One Piece","og_description":"Jeune pirate, le moment est venu pour toi de te procurer d\u00e8s maintenant cette Figurine One Piece Barbe Blanche. Tu n'es pas sans savoir qu'Edward Newgate, aussi appel\u00e9 Barbe Blanche, \"L'Homme le Plus Fort au Monde\", \u00e9galement consid\u00e9r\u00e9 comme \u00e9tant l'homme \"le plus proche du One Piece\", \u00e9tait le capitaine de L'\u00c9quipage","og_url":"https:\/\/boutique-one-piece.com\/da\/one-piece-figurer-2\/edward-newgate-figurer\/figur-i-et-stykke-med-hvidt-skaeg\/","og_site_name":"Boutique One Piece","article_modified_time":"2024-09-16T12:21:36+00:00","og_image":[{"width":400,"height":400,"url":"https:\/\/boutique-one-piece.com\/wp-content\/uploads\/2022\/09\/Figurine-One-Piece-Barbe-Blanche.jpg","type":"image\/jpeg"}],"twitter_card":"summary_large_image","twitter_misc":{"Estimeret l\u00e6setid":"1 minut"},"schema":{"@context":"https:\/\/schema.org","@graph":[{"@type":"WebPage","@id":"https:\/\/boutique-one-piece.com\/figurines-one-piece\/figurines-edward-newgate\/figurine-one-piece-barbe-blanche\/","url":"https:\/\/boutique-one-piece.com\/figurines-one-piece\/figurines-edward-newgate\/figurine-one-piece-barbe-blanche\/","name":"One Piece Whitebeard-figur | One Piece-figur \u2013 One Piece-butik","isPartOf":{"@id":"https:\/\/boutique-one-piece.com\/#website"},"primaryImageOfPage":{"@id":"https:\/\/boutique-one-piece.com\/figurines-one-piece\/figurines-edward-newgate\/figurine-one-piece-barbe-blanche\/#primaryimage"},"image":{"@id":"https:\/\/boutique-one-piece.com\/figurines-one-piece\/figurines-edward-newgate\/figurine-one-piece-barbe-blanche\/#primaryimage"},"thumbnailUrl":"https:\/\/boutique-one-piece.com\/wp-content\/uploads\/2022\/09\/Figurine-One-Piece-Barbe-Blanche.jpg","datePublished":"2022-09-27T20:38:37+00:00","dateModified":"2024-09-16T12:21:36+00:00","description":"Unge pirat, tiden er kommet til at f\u00e5 fingrene i denne One Piece Whitebeard-figur. Du ved sikkert, at Edward Newgate, ogs\u00e5 kendt som Whitebeard, &quot;Verdens st\u00e6rkeste mand&quot;, ogs\u00e5 betragtet som manden &quot;t\u00e6ttest p\u00e5 One Piece&quot;, var kaptajnen p\u00e5 piraterne.","breadcrumb":{"@id":"https:\/\/boutique-one-piece.com\/figurines-one-piece\/figurines-edward-newgate\/figurine-one-piece-barbe-blanche\/#breadcrumb"},"inLanguage":"da-DK","potentialAction":[{"@type":"ReadAction","target":["https:\/\/boutique-one-piece.com\/figurines-one-piece\/figurines-edward-newgate\/figurine-one-piece-barbe-blanche\/"]}]},{"@type":"ImageObject","inLanguage":"da-DK","@id":"https:\/\/boutique-one-piece.com\/figurines-one-piece\/figurines-edward-newgate\/figurine-one-piece-barbe-blanche\/#primaryimage","url":"https:\/\/boutique-one-piece.com\/wp-content\/uploads\/2022\/09\/Figurine-One-Piece-Barbe-Blanche.jpg","contentUrl":"https:\/\/boutique-one-piece.com\/wp-content\/uploads\/2022\/09\/Figurine-One-Piece-Barbe-Blanche.jpg","width":400,"height":400,"caption":"Figurine One Piece Barbe Blanche Default Title"},{"@type":"BreadcrumbList","@id":"https:\/\/boutique-one-piece.com\/figurines-one-piece\/figurines-edward-newgate\/figurine-one-piece-barbe-blanche\/#breadcrumb","itemListElement":[{"@type":"ListItem","position":1,"name":"Home","item":"https:\/\/boutique-one-piece.com\/"},{"@type":"ListItem","position":2,"name":"Shop","item":"https:\/\/boutique-one-piece.com\/shop\/"},{"@type":"ListItem","position":3,"name":"Figurine One Piece Barbe Blanche"}]},{"@type":"WebSite","@id":"https:\/\/boutique-one-piece.com\/#website","url":"https:\/\/boutique-one-piece.com\/","name":"One Piece Shop","description":"Specialbutik for One Piece Manga og Anime","publisher":{"@id":"https:\/\/boutique-one-piece.com\/#organization"},"potentialAction":[{"@type":"SearchAction","target":{"@type":"EntryPoint","urlTemplate":"https:\/\/boutique-one-piece.com\/?s={search_term_string}"},"query-input":{"@type":"PropertyValueSpecification","valueRequired":true,"valueName":"search_term_string"}}],"inLanguage":"da-DK"},{"@type":"Organization","@id":"https:\/\/boutique-one-piece.com\/#organization","name":"One Piece Shop","url":"https:\/\/boutique-one-piece.com\/","logo":{"@type":"ImageObject","inLanguage":"da-DK","@id":"https:\/\/boutique-one-piece.com\/#\/schema\/logo\/image\/","url":"https:\/\/boutique-one-piece.com\/wp-content\/uploads\/2022\/09\/Logo-01.png","contentUrl":"https:\/\/boutique-one-piece.com\/wp-content\/uploads\/2022\/09\/Logo-01.png","width":2318,"height":957,"caption":"Boutique One Piece"},"image":{"@id":"https:\/\/boutique-one-piece.com\/#\/schema\/logo\/image\/"}}]}},"_links":{"self":[{"href":"https:\/\/boutique-one-piece.com\/da\/wp-json\/wp\/v2\/product\/11091","targetHints":{"allow":["GET"]}}],"collection":[{"href":"https:\/\/boutique-one-piece.com\/da\/wp-json\/wp\/v2\/product"}],"about":[{"href":"https:\/\/boutique-one-piece.com\/da\/wp-json\/wp\/v2\/types\/product"}],"replies":[{"embeddable":true,"href":"https:\/\/boutique-one-piece.com\/da\/wp-json\/wp\/v2\/comments?post=11091"}],"wp:featuredmedia":[{"embeddable":true,"href":"https:\/\/boutique-one-piece.com\/da\/wp-json\/wp\/v2\/media\/11093"}],"wp:attachment":[{"href":"https:\/\/boutique-one-piece.com\/da\/wp-json\/wp\/v2\/media?parent=11091"}],"wp:term":[{"taxonomy":"product_brand","embeddable":true,"href":"https:\/\/boutique-one-piece.com\/da\/wp-json\/wp\/v2\/product_brand?post=11091"},{"taxonomy":"product_cat","embeddable":true,"href":"https:\/\/boutique-one-piece.com\/da\/wp-json\/wp\/v2\/product_cat?post=11091"},{"taxonomy":"product_tag","embeddable":true,"href":"https:\/\/boutique-one-piece.com\/da\/wp-json\/wp\/v2\/product_tag?post=11091"}],"curies":[{"name":"wp","href":"https:\/\/api.w.org\/{rel}","templated":true}]}}