{"id":11095,"date":"2022-09-27T20:38:47","date_gmt":"2022-09-27T20:38:47","guid":{"rendered":"https:\/\/boutique-one-piece.com\/uncategorized\/poster-en-noir-et-blanc-one-piece-luffy-au-chapeau-de-paille\/"},"modified":"2024-09-16T12:21:51","modified_gmt":"2024-09-16T12:21:51","slug":"one-piece-sort-hvid-plakat-af-luffy-i-strahat","status":"publish","type":"product","link":"https:\/\/boutique-one-piece.com\/da\/one-piece-dekorationer\/one-piece-plakater\/one-piece-sort-hvid-plakat-af-luffy-i-strahat\/","title":{"rendered":"Sort-hvid One Piece-plakat af Luffy str\u00e5hatten"},"content":{"rendered":"<ul>\n<li><span><b><u>One Piece-plakat<\/u><\/b>\u00a0En \u00e6gte One Piece-universplakat til \u00e6gte pirater<\/span><\/li>\n<\/ul>\n<ul>\n<li><span><strong>Udskrivning i h\u00f8j kvalitet<\/strong>\u00a0pr\u00e6cise farver<\/span><\/li>\n<\/ul>\n<ul>\n<li><span><strong>Dimension<\/strong>\u00a021x30cm 30x42cm 35x50cm 50x70cm 55x80cm 60x85cm<\/span><\/li>\n<\/ul>\n<ul>\n<li><span><strong>GRATIS LEVERING<\/strong><\/span><\/li>\n<\/ul>","protected":false},"excerpt":{"rendered":"<p>One Piece-plakat: Autentisk One Piece-plakat til \u00e6gte pirater. Tryk i h\u00f8j kvalitet: naturtro farver. M\u00e5l: 21x30cm, 30x42cm, 35x50cm, 50x70cm, 55x80cm, 60x85cm. Gratis fragt.<\/p>","protected":false},"featured_media":11097,"comment_status":"open","ping_status":"open","template":"","meta":[],"product_brand":[],"product_cat":[150,219],"product_tag":[],"class_list":{"0":"post-11095","1":"product","2":"type-product","3":"status-publish","4":"has-post-thumbnail","6":"product_cat-decorations-one-piece","7":"product_cat-posters-one-piece","9":"first","10":"instock","11":"purchasable","12":"product-type-variable","13":"has-default-attributes"},"yoast_head":"<!-- This site is optimized with the Yoast SEO plugin v27.5 - https:\/\/yoast.com\/product\/yoast-seo-wordpress\/ -->\n<title>Poster en Noir et Blanc One Piece Luffy au Chapeau de Paille | D\u00e9coration One Piece \u2013 Boutique One Piece<\/title>\n<meta name=\"description\" content=\"Poster One Piece\u00a0: v\u00e9ritable poster de l&#039;univers One Piece pour les vrais pirates Impression de Haute Qualit\u00e9\u00a0: couleurs fid\u00e8les Dimension\u00a0:\u00a021X30cm\u00a030X42cm\u00a035X50cm\u00a050x70cm\u00a055x80cm\u00a060x85cm LIVRAISON OFFERTE\" \/>\n<meta name=\"robots\" content=\"index, follow, max-snippet:-1, max-image-preview:large, max-video-preview:-1\" \/>\n<link rel=\"canonical\" href=\"https:\/\/boutique-one-piece.com\/da\/one-piece-dekorationer\/one-piece-plakater\/one-piece-sort-hvid-plakat-af-luffy-i-strahat\/\" \/>\n<meta property=\"og:locale\" content=\"da_DK\" \/>\n<meta property=\"og:type\" content=\"article\" \/>\n<meta property=\"og:title\" content=\"Poster en Noir et Blanc One Piece Luffy au Chapeau de Paille | D\u00e9coration One Piece \u2013 Boutique One Piece\" \/>\n<meta property=\"og:description\" content=\"Poster One Piece\u00a0: v\u00e9ritable poster de l&#039;univers One Piece pour les vrais pirates Impression de Haute Qualit\u00e9\u00a0: couleurs fid\u00e8les Dimension\u00a0:\u00a021X30cm\u00a030X42cm\u00a035X50cm\u00a050x70cm\u00a055x80cm\u00a060x85cm LIVRAISON OFFERTE\" \/>\n<meta property=\"og:url\" content=\"https:\/\/boutique-one-piece.com\/da\/one-piece-dekorationer\/one-piece-plakater\/one-piece-sort-hvid-plakat-af-luffy-i-strahat\/\" \/>\n<meta property=\"og:site_name\" content=\"Boutique One Piece\" \/>\n<meta property=\"article:modified_time\" content=\"2024-09-16T12:21:51+00:00\" \/>\n<meta property=\"og:image\" content=\"https:\/\/boutique-one-piece.com\/wp-content\/uploads\/2022\/09\/Poster-en-Noir-et-Blanc-One-Piece-Luffy-au-Chapeau-de-Paille.jpg\" \/>\n\t<meta property=\"og:image:width\" content=\"640\" \/>\n\t<meta property=\"og:image:height\" content=\"640\" \/>\n\t<meta property=\"og:image:type\" content=\"image\/jpeg\" \/>\n<meta name=\"twitter:card\" content=\"summary_large_image\" \/>\n<script type=\"application\/ld+json\" class=\"yoast-schema-graph\">{\"@context\":\"https:\\\/\\\/schema.org\",\"@graph\":[{\"@type\":\"WebPage\",\"@id\":\"https:\\\/\\\/boutique-one-piece.com\\\/decorations-one-piece\\\/posters-one-piece\\\/poster-en-noir-et-blanc-one-piece-luffy-au-chapeau-de-paille\\\/\",\"url\":\"https:\\\/\\\/boutique-one-piece.com\\\/decorations-one-piece\\\/posters-one-piece\\\/poster-en-noir-et-blanc-one-piece-luffy-au-chapeau-de-paille\\\/\",\"name\":\"Poster en Noir et Blanc One Piece Luffy au Chapeau de Paille | D\u00e9coration One Piece \u2013 Boutique One Piece\",\"isPartOf\":{\"@id\":\"https:\\\/\\\/boutique-one-piece.com\\\/#website\"},\"primaryImageOfPage\":{\"@id\":\"https:\\\/\\\/boutique-one-piece.com\\\/decorations-one-piece\\\/posters-one-piece\\\/poster-en-noir-et-blanc-one-piece-luffy-au-chapeau-de-paille\\\/#primaryimage\"},\"image\":{\"@id\":\"https:\\\/\\\/boutique-one-piece.com\\\/decorations-one-piece\\\/posters-one-piece\\\/poster-en-noir-et-blanc-one-piece-luffy-au-chapeau-de-paille\\\/#primaryimage\"},\"thumbnailUrl\":\"https:\\\/\\\/boutique-one-piece.com\\\/wp-content\\\/uploads\\\/2022\\\/09\\\/Poster-en-Noir-et-Blanc-One-Piece-Luffy-au-Chapeau-de-Paille.jpg\",\"datePublished\":\"2022-09-27T20:38:47+00:00\",\"dateModified\":\"2024-09-16T12:21:51+00:00\",\"description\":\"Poster One Piece\u00a0: v\u00e9ritable poster de l'univers One Piece pour les vrais pirates Impression de Haute Qualit\u00e9\u00a0: couleurs fid\u00e8les Dimension\u00a0:\u00a021X30cm\u00a030X42cm\u00a035X50cm\u00a050x70cm\u00a055x80cm\u00a060x85cm LIVRAISON OFFERTE\",\"breadcrumb\":{\"@id\":\"https:\\\/\\\/boutique-one-piece.com\\\/decorations-one-piece\\\/posters-one-piece\\\/poster-en-noir-et-blanc-one-piece-luffy-au-chapeau-de-paille\\\/#breadcrumb\"},\"inLanguage\":\"da-DK\",\"potentialAction\":[{\"@type\":\"ReadAction\",\"target\":[\"https:\\\/\\\/boutique-one-piece.com\\\/decorations-one-piece\\\/posters-one-piece\\\/poster-en-noir-et-blanc-one-piece-luffy-au-chapeau-de-paille\\\/\"]}]},{\"@type\":\"ImageObject\",\"inLanguage\":\"da-DK\",\"@id\":\"https:\\\/\\\/boutique-one-piece.com\\\/decorations-one-piece\\\/posters-one-piece\\\/poster-en-noir-et-blanc-one-piece-luffy-au-chapeau-de-paille\\\/#primaryimage\",\"url\":\"https:\\\/\\\/boutique-one-piece.com\\\/wp-content\\\/uploads\\\/2022\\\/09\\\/Poster-en-Noir-et-Blanc-One-Piece-Luffy-au-Chapeau-de-Paille.jpg\",\"contentUrl\":\"https:\\\/\\\/boutique-one-piece.com\\\/wp-content\\\/uploads\\\/2022\\\/09\\\/Poster-en-Noir-et-Blanc-One-Piece-Luffy-au-Chapeau-de-Paille.jpg\",\"width\":640,\"height\":640,\"caption\":\"Poster en Noir et Blanc One Piece Luffy au Chapeau de Paille 60 x 85cm\"},{\"@type\":\"BreadcrumbList\",\"@id\":\"https:\\\/\\\/boutique-one-piece.com\\\/decorations-one-piece\\\/posters-one-piece\\\/poster-en-noir-et-blanc-one-piece-luffy-au-chapeau-de-paille\\\/#breadcrumb\",\"itemListElement\":[{\"@type\":\"ListItem\",\"position\":1,\"name\":\"Home\",\"item\":\"https:\\\/\\\/boutique-one-piece.com\\\/\"},{\"@type\":\"ListItem\",\"position\":2,\"name\":\"Shop\",\"item\":\"https:\\\/\\\/boutique-one-piece.com\\\/shop\\\/\"},{\"@type\":\"ListItem\",\"position\":3,\"name\":\"Poster en Noir et Blanc One Piece Luffy au Chapeau de Paille\"}]},{\"@type\":\"WebSite\",\"@id\":\"https:\\\/\\\/boutique-one-piece.com\\\/#website\",\"url\":\"https:\\\/\\\/boutique-one-piece.com\\\/\",\"name\":\"Boutique One Piece\",\"description\":\"Magasin Sp\u00e9cialis\u00e9 du Manga et l&#039;Anime One Piece\",\"publisher\":{\"@id\":\"https:\\\/\\\/boutique-one-piece.com\\\/#organization\"},\"potentialAction\":[{\"@type\":\"SearchAction\",\"target\":{\"@type\":\"EntryPoint\",\"urlTemplate\":\"https:\\\/\\\/boutique-one-piece.com\\\/?s={search_term_string}\"},\"query-input\":{\"@type\":\"PropertyValueSpecification\",\"valueRequired\":true,\"valueName\":\"search_term_string\"}}],\"inLanguage\":\"da-DK\"},{\"@type\":\"Organization\",\"@id\":\"https:\\\/\\\/boutique-one-piece.com\\\/#organization\",\"name\":\"Boutique One Piece\",\"url\":\"https:\\\/\\\/boutique-one-piece.com\\\/\",\"logo\":{\"@type\":\"ImageObject\",\"inLanguage\":\"da-DK\",\"@id\":\"https:\\\/\\\/boutique-one-piece.com\\\/#\\\/schema\\\/logo\\\/image\\\/\",\"url\":\"https:\\\/\\\/boutique-one-piece.com\\\/wp-content\\\/uploads\\\/2022\\\/09\\\/Logo-01.png\",\"contentUrl\":\"https:\\\/\\\/boutique-one-piece.com\\\/wp-content\\\/uploads\\\/2022\\\/09\\\/Logo-01.png\",\"width\":2318,\"height\":957,\"caption\":\"Boutique One Piece\"},\"image\":{\"@id\":\"https:\\\/\\\/boutique-one-piece.com\\\/#\\\/schema\\\/logo\\\/image\\\/\"}}]}<\/script>\n<!-- \/ Yoast SEO plugin. -->","yoast_head_json":{"title":"One Piece str\u00e5hat Luffy sort-hvid plakat | One Piece dekoration \u2013 One Piece Shop","description":"One Piece-plakat: Autentisk One Piece-plakat til \u00e6gte pirater. Tryk i h\u00f8j kvalitet: naturtro farver. M\u00e5l: 21x30cm, 30x42cm, 35x50cm, 50x70cm, 55x80cm, 60x85cm. Gratis fragt.","robots":{"index":"index","follow":"follow","max-snippet":"max-snippet:-1","max-image-preview":"max-image-preview:large","max-video-preview":"max-video-preview:-1"},"canonical":"https:\/\/boutique-one-piece.com\/da\/one-piece-dekorationer\/one-piece-plakater\/one-piece-sort-hvid-plakat-af-luffy-i-strahat\/","og_locale":"da_DK","og_type":"article","og_title":"Poster en Noir et Blanc One Piece Luffy au Chapeau de Paille | D\u00e9coration One Piece \u2013 Boutique One Piece","og_description":"Poster One Piece\u00a0: v\u00e9ritable poster de l'univers One Piece pour les vrais pirates Impression de Haute Qualit\u00e9\u00a0: couleurs fid\u00e8les Dimension\u00a0:\u00a021X30cm\u00a030X42cm\u00a035X50cm\u00a050x70cm\u00a055x80cm\u00a060x85cm LIVRAISON OFFERTE","og_url":"https:\/\/boutique-one-piece.com\/da\/one-piece-dekorationer\/one-piece-plakater\/one-piece-sort-hvid-plakat-af-luffy-i-strahat\/","og_site_name":"Boutique One Piece","article_modified_time":"2024-09-16T12:21:51+00:00","og_image":[{"width":640,"height":640,"url":"https:\/\/boutique-one-piece.com\/wp-content\/uploads\/2022\/09\/Poster-en-Noir-et-Blanc-One-Piece-Luffy-au-Chapeau-de-Paille.jpg","type":"image\/jpeg"}],"twitter_card":"summary_large_image","schema":{"@context":"https:\/\/schema.org","@graph":[{"@type":"WebPage","@id":"https:\/\/boutique-one-piece.com\/decorations-one-piece\/posters-one-piece\/poster-en-noir-et-blanc-one-piece-luffy-au-chapeau-de-paille\/","url":"https:\/\/boutique-one-piece.com\/decorations-one-piece\/posters-one-piece\/poster-en-noir-et-blanc-one-piece-luffy-au-chapeau-de-paille\/","name":"One Piece str\u00e5hat Luffy sort-hvid plakat | One Piece dekoration \u2013 One Piece Shop","isPartOf":{"@id":"https:\/\/boutique-one-piece.com\/#website"},"primaryImageOfPage":{"@id":"https:\/\/boutique-one-piece.com\/decorations-one-piece\/posters-one-piece\/poster-en-noir-et-blanc-one-piece-luffy-au-chapeau-de-paille\/#primaryimage"},"image":{"@id":"https:\/\/boutique-one-piece.com\/decorations-one-piece\/posters-one-piece\/poster-en-noir-et-blanc-one-piece-luffy-au-chapeau-de-paille\/#primaryimage"},"thumbnailUrl":"https:\/\/boutique-one-piece.com\/wp-content\/uploads\/2022\/09\/Poster-en-Noir-et-Blanc-One-Piece-Luffy-au-Chapeau-de-Paille.jpg","datePublished":"2022-09-27T20:38:47+00:00","dateModified":"2024-09-16T12:21:51+00:00","description":"One Piece-plakat: Autentisk One Piece-plakat til \u00e6gte pirater. Tryk i h\u00f8j kvalitet: naturtro farver. M\u00e5l: 21x30cm, 30x42cm, 35x50cm, 50x70cm, 55x80cm, 60x85cm. Gratis fragt.","breadcrumb":{"@id":"https:\/\/boutique-one-piece.com\/decorations-one-piece\/posters-one-piece\/poster-en-noir-et-blanc-one-piece-luffy-au-chapeau-de-paille\/#breadcrumb"},"inLanguage":"da-DK","potentialAction":[{"@type":"ReadAction","target":["https:\/\/boutique-one-piece.com\/decorations-one-piece\/posters-one-piece\/poster-en-noir-et-blanc-one-piece-luffy-au-chapeau-de-paille\/"]}]},{"@type":"ImageObject","inLanguage":"da-DK","@id":"https:\/\/boutique-one-piece.com\/decorations-one-piece\/posters-one-piece\/poster-en-noir-et-blanc-one-piece-luffy-au-chapeau-de-paille\/#primaryimage","url":"https:\/\/boutique-one-piece.com\/wp-content\/uploads\/2022\/09\/Poster-en-Noir-et-Blanc-One-Piece-Luffy-au-Chapeau-de-Paille.jpg","contentUrl":"https:\/\/boutique-one-piece.com\/wp-content\/uploads\/2022\/09\/Poster-en-Noir-et-Blanc-One-Piece-Luffy-au-Chapeau-de-Paille.jpg","width":640,"height":640,"caption":"Poster en Noir et Blanc One Piece Luffy au Chapeau de Paille 60 x 85cm"},{"@type":"BreadcrumbList","@id":"https:\/\/boutique-one-piece.com\/decorations-one-piece\/posters-one-piece\/poster-en-noir-et-blanc-one-piece-luffy-au-chapeau-de-paille\/#breadcrumb","itemListElement":[{"@type":"ListItem","position":1,"name":"Home","item":"https:\/\/boutique-one-piece.com\/"},{"@type":"ListItem","position":2,"name":"Shop","item":"https:\/\/boutique-one-piece.com\/shop\/"},{"@type":"ListItem","position":3,"name":"Poster en Noir et Blanc One Piece Luffy au Chapeau de Paille"}]},{"@type":"WebSite","@id":"https:\/\/boutique-one-piece.com\/#website","url":"https:\/\/boutique-one-piece.com\/","name":"One Piece Shop","description":"Specialbutik for One Piece Manga og Anime","publisher":{"@id":"https:\/\/boutique-one-piece.com\/#organization"},"potentialAction":[{"@type":"SearchAction","target":{"@type":"EntryPoint","urlTemplate":"https:\/\/boutique-one-piece.com\/?s={search_term_string}"},"query-input":{"@type":"PropertyValueSpecification","valueRequired":true,"valueName":"search_term_string"}}],"inLanguage":"da-DK"},{"@type":"Organization","@id":"https:\/\/boutique-one-piece.com\/#organization","name":"One Piece Shop","url":"https:\/\/boutique-one-piece.com\/","logo":{"@type":"ImageObject","inLanguage":"da-DK","@id":"https:\/\/boutique-one-piece.com\/#\/schema\/logo\/image\/","url":"https:\/\/boutique-one-piece.com\/wp-content\/uploads\/2022\/09\/Logo-01.png","contentUrl":"https:\/\/boutique-one-piece.com\/wp-content\/uploads\/2022\/09\/Logo-01.png","width":2318,"height":957,"caption":"Boutique One Piece"},"image":{"@id":"https:\/\/boutique-one-piece.com\/#\/schema\/logo\/image\/"}}]}},"_links":{"self":[{"href":"https:\/\/boutique-one-piece.com\/da\/wp-json\/wp\/v2\/product\/11095","targetHints":{"allow":["GET"]}}],"collection":[{"href":"https:\/\/boutique-one-piece.com\/da\/wp-json\/wp\/v2\/product"}],"about":[{"href":"https:\/\/boutique-one-piece.com\/da\/wp-json\/wp\/v2\/types\/product"}],"replies":[{"embeddable":true,"href":"https:\/\/boutique-one-piece.com\/da\/wp-json\/wp\/v2\/comments?post=11095"}],"wp:featuredmedia":[{"embeddable":true,"href":"https:\/\/boutique-one-piece.com\/da\/wp-json\/wp\/v2\/media\/11097"}],"wp:attachment":[{"href":"https:\/\/boutique-one-piece.com\/da\/wp-json\/wp\/v2\/media?parent=11095"}],"wp:term":[{"taxonomy":"product_brand","embeddable":true,"href":"https:\/\/boutique-one-piece.com\/da\/wp-json\/wp\/v2\/product_brand?post=11095"},{"taxonomy":"product_cat","embeddable":true,"href":"https:\/\/boutique-one-piece.com\/da\/wp-json\/wp\/v2\/product_cat?post=11095"},{"taxonomy":"product_tag","embeddable":true,"href":"https:\/\/boutique-one-piece.com\/da\/wp-json\/wp\/v2\/product_tag?post=11095"}],"curies":[{"name":"wp","href":"https:\/\/api.w.org\/{rel}","templated":true}]}}