{"id":11550,"date":"2022-09-27T20:41:57","date_gmt":"2022-09-27T20:41:57","guid":{"rendered":"https:\/\/boutique-one-piece.com\/uncategorized\/avis-de-recherche-mr-2-wanted\/"},"modified":"2026-02-13T15:08:17","modified_gmt":"2026-02-13T15:08:17","slug":"onskede-meddelelse-hr-2-onskede","status":"publish","type":"product","link":"https:\/\/boutique-one-piece.com\/da\/one-piece-efterlysningsplakat\/onskede-meddelelse-hr-2-onskede\/","title":{"rendered":"\u00d8nsket besked: Bon Clay"},"content":{"rendered":"<h2>Hyld venskabets kraft med denne Bon Clay Wanted-plakat.<\/h2>\n<p>Bon Clay, hvis rigtige navn <strong>Bentham<\/strong>, er en meget popul\u00e6r figur i One Piece p\u00e5 grund af hans excentriske og muntre personlighed. Selvom han er en fjende af Luffy under deres f\u00f8rste m\u00f8de under aliaset <strong>Hr. To<\/strong> Han arbejder for Baroque Works, en kriminel organisation, og bliver hurtigt venner med historiens helt.<\/p>\n<p>Han beundrer hans loyalitet over for sine venner, og han g\u00e5r s\u00e5 langt som til at redde Luffy to gange, i Alabasta, men is\u00e6r i f\u00e6ngslet Impel Down, hvor han tillader alle de undslupne at flygte ved at ofre sig selv, selvom han ikke d\u00f8r.\u00a0<\/p>\n<h3>Dekorer dit v\u00e6relse med den r\u00f8rende figur Bon Clay takket v\u00e6re hans &quot;efterlysningsplakat&quot;.<\/h3>\n<p>Bon Clay er en farverig karakter, han er en <strong>transvestit<\/strong>. Han beundrer Ivankov, revolution\u00e6ren, som er lederen af Okamas. Hans hoved er 32 millioner b\u00e6r v\u00e6rd.<\/p>\n<p>Han spiste en dj\u00e6vlefrugt, der passede ham perfekt, <strong>Mane Mane no mi<\/strong> hvilket g\u00f8r det muligt for ham at antage udseendet af enhver, han har r\u00f8rt med sin venstre h\u00e5nd, ved hj\u00e6lp af sin h\u00f8jre h\u00e5nd. Det var takket v\u00e6re denne kraft, at han var i stand til at efterligne Magellan og lade de undslupne flygte fra Impel Down.<\/p>\n<p>Hvis du kan lide bonusser, b\u00f8r du tjekke dette ud. <a href=\"https:\/\/boutique-one-piece.com\/da\/one-piece-plakat-eftersporges-sabo-eftersporges\/\" target=\"_blank\" title=\"Sabo efterlyst plakat\" rel=\"noopener noreferrer\">Sabo efterlyst plakat<\/a>.<\/p>\n<p>\u00a0<\/p>\n<h2>Information om One Piece Wanted-plakaten: Bon Clay alias Mr. 2<\/h2>\n<ul>\n<li><span><b><u>One Piece Wanted-plakat<\/u><\/b>\u00a0En \u00e6gte One Piece-efterlysningsplakat til \u00e6gte pirater<\/span><\/li>\n<\/ul>\n<ul>\n<li>\n<b><u>Bon Clays Prime<\/u><\/b>\u00a036.000.000 b\u00e6r<\/li>\n<\/ul>\n<ul>\n<li><span><strong>Udskrivning i h\u00f8j kvalitet<\/strong>\u00a0pr\u00e6cise farver<\/span><\/li>\n<\/ul>\n<ul>\n<li>\n<strong>Dimension<\/strong>\u00a0: 51 cm x 36 cm<\/li>\n<\/ul>\n<ul>\n<li><span><strong>GRATIS LEVERING<\/strong><\/span><\/li>\n<\/ul>","protected":false},"excerpt":{"rendered":"<p>Rend hommage \u00e0 la puissance de l&rsquo;amiti\u00e9 avec cet Avis de Recherche Bon Clay Wanted. Bon Clay, de son vrai nom Bentham, est un personnage tr\u00e8s appr\u00e9ci\u00e9 dans One Piece par rapport \u00e0 son caract\u00e8re excentrique et enjou\u00e9. Bien qu&rsquo;il soit un ennemi de Luffy lors de leur premi\u00e8re rencontre sous le pseudonyme de Mister [&hellip;]<\/p>","protected":false},"featured_media":11552,"comment_status":"open","ping_status":"open","template":"","meta":[],"product_brand":[],"product_cat":[171],"product_tag":[],"class_list":{"0":"post-11550","1":"product","2":"type-product","3":"status-publish","4":"has-post-thumbnail","6":"product_cat-avis-de-recherche-one-piece","8":"first","9":"outofstock","10":"purchasable","11":"product-type-simple"},"yoast_head":"<!-- This site is optimized with the Yoast SEO plugin v27.5 - https:\/\/yoast.com\/product\/yoast-seo-wordpress\/ -->\n<title>Avis De Recherche Bon Clay Wanted | D\u00e9coration One Piece \u2013 Boutique One Piece<\/title>\n<meta name=\"description\" content=\"Rend hommage \u00e0 la puissance de l&#039;amiti\u00e9 avec cet Avis de Recherche Bon Clay Wanted. Bon Clay, de son vrai nom Bentham, est un personnage tr\u00e8s appr\u00e9ci\u00e9 dans One Piece par rapport \u00e0 son caract\u00e8re excentrique et enjou\u00e9. Bien qu&#039;il soit un ennemi de Luffy lors de leur premi\u00e8re rencontre sous le pseudonyme de Mister Two pou\" \/>\n<meta name=\"robots\" content=\"index, follow, max-snippet:-1, max-image-preview:large, max-video-preview:-1\" \/>\n<link rel=\"canonical\" href=\"https:\/\/boutique-one-piece.com\/da\/one-piece-efterlysningsplakat\/onskede-meddelelse-hr-2-onskede\/\" \/>\n<meta property=\"og:locale\" content=\"da_DK\" \/>\n<meta property=\"og:type\" content=\"article\" \/>\n<meta property=\"og:title\" content=\"Avis De Recherche Bon Clay Wanted | D\u00e9coration One Piece \u2013 Boutique One Piece\" \/>\n<meta property=\"og:description\" content=\"Rend hommage \u00e0 la puissance de l&#039;amiti\u00e9 avec cet Avis de Recherche Bon Clay Wanted. Bon Clay, de son vrai nom Bentham, est un personnage tr\u00e8s appr\u00e9ci\u00e9 dans One Piece par rapport \u00e0 son caract\u00e8re excentrique et enjou\u00e9. Bien qu&#039;il soit un ennemi de Luffy lors de leur premi\u00e8re rencontre sous le pseudonyme de Mister Two pou\" \/>\n<meta property=\"og:url\" content=\"https:\/\/boutique-one-piece.com\/da\/one-piece-efterlysningsplakat\/onskede-meddelelse-hr-2-onskede\/\" \/>\n<meta property=\"og:site_name\" content=\"Boutique One Piece\" \/>\n<meta property=\"article:modified_time\" content=\"2026-02-13T15:08:17+00:00\" \/>\n<meta property=\"og:image\" content=\"https:\/\/boutique-one-piece.com\/wp-content\/uploads\/2022\/09\/Avis-De-Recherche-Bon-Clay-Wanted-1.jpg\" \/>\n\t<meta property=\"og:image:width\" content=\"798\" \/>\n\t<meta property=\"og:image:height\" content=\"798\" \/>\n\t<meta property=\"og:image:type\" content=\"image\/jpeg\" \/>\n<meta name=\"twitter:card\" content=\"summary_large_image\" \/>\n<meta name=\"twitter:label1\" content=\"Estimeret l\u00e6setid\" \/>\n\t<meta name=\"twitter:data1\" content=\"2 minutter\" \/>\n<script type=\"application\/ld+json\" class=\"yoast-schema-graph\">{\"@context\":\"https:\\\/\\\/schema.org\",\"@graph\":[{\"@type\":\"WebPage\",\"@id\":\"https:\\\/\\\/boutique-one-piece.com\\\/avis-de-recherche-one-piece\\\/avis-de-recherche-mr-2-wanted\\\/\",\"url\":\"https:\\\/\\\/boutique-one-piece.com\\\/avis-de-recherche-one-piece\\\/avis-de-recherche-mr-2-wanted\\\/\",\"name\":\"Avis De Recherche Bon Clay Wanted | D\u00e9coration One Piece \u2013 Boutique One Piece\",\"isPartOf\":{\"@id\":\"https:\\\/\\\/boutique-one-piece.com\\\/#website\"},\"primaryImageOfPage\":{\"@id\":\"https:\\\/\\\/boutique-one-piece.com\\\/avis-de-recherche-one-piece\\\/avis-de-recherche-mr-2-wanted\\\/#primaryimage\"},\"image\":{\"@id\":\"https:\\\/\\\/boutique-one-piece.com\\\/avis-de-recherche-one-piece\\\/avis-de-recherche-mr-2-wanted\\\/#primaryimage\"},\"thumbnailUrl\":\"https:\\\/\\\/boutique-one-piece.com\\\/wp-content\\\/uploads\\\/2022\\\/09\\\/Avis-De-Recherche-Bon-Clay-Wanted-1.jpg\",\"datePublished\":\"2022-09-27T20:41:57+00:00\",\"dateModified\":\"2026-02-13T15:08:17+00:00\",\"description\":\"Rend hommage \u00e0 la puissance de l'amiti\u00e9 avec cet Avis de Recherche Bon Clay Wanted. Bon Clay, de son vrai nom Bentham, est un personnage tr\u00e8s appr\u00e9ci\u00e9 dans One Piece par rapport \u00e0 son caract\u00e8re excentrique et enjou\u00e9. Bien qu'il soit un ennemi de Luffy lors de leur premi\u00e8re rencontre sous le pseudonyme de Mister Two pou\",\"breadcrumb\":{\"@id\":\"https:\\\/\\\/boutique-one-piece.com\\\/avis-de-recherche-one-piece\\\/avis-de-recherche-mr-2-wanted\\\/#breadcrumb\"},\"inLanguage\":\"da-DK\",\"potentialAction\":[{\"@type\":\"ReadAction\",\"target\":[\"https:\\\/\\\/boutique-one-piece.com\\\/avis-de-recherche-one-piece\\\/avis-de-recherche-mr-2-wanted\\\/\"]}]},{\"@type\":\"ImageObject\",\"inLanguage\":\"da-DK\",\"@id\":\"https:\\\/\\\/boutique-one-piece.com\\\/avis-de-recherche-one-piece\\\/avis-de-recherche-mr-2-wanted\\\/#primaryimage\",\"url\":\"https:\\\/\\\/boutique-one-piece.com\\\/wp-content\\\/uploads\\\/2022\\\/09\\\/Avis-De-Recherche-Bon-Clay-Wanted-1.jpg\",\"contentUrl\":\"https:\\\/\\\/boutique-one-piece.com\\\/wp-content\\\/uploads\\\/2022\\\/09\\\/Avis-De-Recherche-Bon-Clay-Wanted-1.jpg\",\"width\":798,\"height\":798},{\"@type\":\"BreadcrumbList\",\"@id\":\"https:\\\/\\\/boutique-one-piece.com\\\/avis-de-recherche-one-piece\\\/avis-de-recherche-mr-2-wanted\\\/#breadcrumb\",\"itemListElement\":[{\"@type\":\"ListItem\",\"position\":1,\"name\":\"Home\",\"item\":\"https:\\\/\\\/boutique-one-piece.com\\\/\"},{\"@type\":\"ListItem\",\"position\":2,\"name\":\"Shop\",\"item\":\"https:\\\/\\\/boutique-one-piece.com\\\/shop\\\/\"},{\"@type\":\"ListItem\",\"position\":3,\"name\":\"Avis De Recherche Bon Clay Wanted\"}]},{\"@type\":\"WebSite\",\"@id\":\"https:\\\/\\\/boutique-one-piece.com\\\/#website\",\"url\":\"https:\\\/\\\/boutique-one-piece.com\\\/\",\"name\":\"Boutique One Piece\",\"description\":\"Magasin Sp\u00e9cialis\u00e9 du Manga et l&#039;Anime One Piece\",\"publisher\":{\"@id\":\"https:\\\/\\\/boutique-one-piece.com\\\/#organization\"},\"potentialAction\":[{\"@type\":\"SearchAction\",\"target\":{\"@type\":\"EntryPoint\",\"urlTemplate\":\"https:\\\/\\\/boutique-one-piece.com\\\/?s={search_term_string}\"},\"query-input\":{\"@type\":\"PropertyValueSpecification\",\"valueRequired\":true,\"valueName\":\"search_term_string\"}}],\"inLanguage\":\"da-DK\"},{\"@type\":\"Organization\",\"@id\":\"https:\\\/\\\/boutique-one-piece.com\\\/#organization\",\"name\":\"Boutique One Piece\",\"url\":\"https:\\\/\\\/boutique-one-piece.com\\\/\",\"logo\":{\"@type\":\"ImageObject\",\"inLanguage\":\"da-DK\",\"@id\":\"https:\\\/\\\/boutique-one-piece.com\\\/#\\\/schema\\\/logo\\\/image\\\/\",\"url\":\"https:\\\/\\\/boutique-one-piece.com\\\/wp-content\\\/uploads\\\/2022\\\/09\\\/Logo-01.png\",\"contentUrl\":\"https:\\\/\\\/boutique-one-piece.com\\\/wp-content\\\/uploads\\\/2022\\\/09\\\/Logo-01.png\",\"width\":2318,\"height\":957,\"caption\":\"Boutique One Piece\"},\"image\":{\"@id\":\"https:\\\/\\\/boutique-one-piece.com\\\/#\\\/schema\\\/logo\\\/image\\\/\"}}]}<\/script>\n<!-- \/ Yoast SEO plugin. -->","yoast_head_json":{"title":"\u00d8nskes meddelelse: God ler s\u00f8ges | Dekoration i \u00e9t stykke \u2013 One Piece Shop","description":"Hyld venskabets kraft med denne Bon Clay Wanted-plakat. Bon Clay, hvis rigtige navn er Bentham, er en elsket karakter i One Piece p\u00e5 grund af sin excentriske og muntre personlighed. Selvom han er en fjende af Luffy under deres f\u00f8rste m\u00f8de under aliaset Mister Two...","robots":{"index":"index","follow":"follow","max-snippet":"max-snippet:-1","max-image-preview":"max-image-preview:large","max-video-preview":"max-video-preview:-1"},"canonical":"https:\/\/boutique-one-piece.com\/da\/one-piece-efterlysningsplakat\/onskede-meddelelse-hr-2-onskede\/","og_locale":"da_DK","og_type":"article","og_title":"Avis De Recherche Bon Clay Wanted | D\u00e9coration One Piece \u2013 Boutique One Piece","og_description":"Rend hommage \u00e0 la puissance de l'amiti\u00e9 avec cet Avis de Recherche Bon Clay Wanted. Bon Clay, de son vrai nom Bentham, est un personnage tr\u00e8s appr\u00e9ci\u00e9 dans One Piece par rapport \u00e0 son caract\u00e8re excentrique et enjou\u00e9. Bien qu'il soit un ennemi de Luffy lors de leur premi\u00e8re rencontre sous le pseudonyme de Mister Two pou","og_url":"https:\/\/boutique-one-piece.com\/da\/one-piece-efterlysningsplakat\/onskede-meddelelse-hr-2-onskede\/","og_site_name":"Boutique One Piece","article_modified_time":"2026-02-13T15:08:17+00:00","og_image":[{"width":798,"height":798,"url":"https:\/\/boutique-one-piece.com\/wp-content\/uploads\/2022\/09\/Avis-De-Recherche-Bon-Clay-Wanted-1.jpg","type":"image\/jpeg"}],"twitter_card":"summary_large_image","twitter_misc":{"Estimeret l\u00e6setid":"2 minutter"},"schema":{"@context":"https:\/\/schema.org","@graph":[{"@type":"WebPage","@id":"https:\/\/boutique-one-piece.com\/avis-de-recherche-one-piece\/avis-de-recherche-mr-2-wanted\/","url":"https:\/\/boutique-one-piece.com\/avis-de-recherche-one-piece\/avis-de-recherche-mr-2-wanted\/","name":"\u00d8nskes meddelelse: God ler s\u00f8ges | Dekoration i \u00e9t stykke \u2013 One Piece Shop","isPartOf":{"@id":"https:\/\/boutique-one-piece.com\/#website"},"primaryImageOfPage":{"@id":"https:\/\/boutique-one-piece.com\/avis-de-recherche-one-piece\/avis-de-recherche-mr-2-wanted\/#primaryimage"},"image":{"@id":"https:\/\/boutique-one-piece.com\/avis-de-recherche-one-piece\/avis-de-recherche-mr-2-wanted\/#primaryimage"},"thumbnailUrl":"https:\/\/boutique-one-piece.com\/wp-content\/uploads\/2022\/09\/Avis-De-Recherche-Bon-Clay-Wanted-1.jpg","datePublished":"2022-09-27T20:41:57+00:00","dateModified":"2026-02-13T15:08:17+00:00","description":"Hyld venskabets kraft med denne Bon Clay Wanted-plakat. Bon Clay, hvis rigtige navn er Bentham, er en elsket karakter i One Piece p\u00e5 grund af sin excentriske og muntre personlighed. Selvom han er en fjende af Luffy under deres f\u00f8rste m\u00f8de under aliaset Mister Two...","breadcrumb":{"@id":"https:\/\/boutique-one-piece.com\/avis-de-recherche-one-piece\/avis-de-recherche-mr-2-wanted\/#breadcrumb"},"inLanguage":"da-DK","potentialAction":[{"@type":"ReadAction","target":["https:\/\/boutique-one-piece.com\/avis-de-recherche-one-piece\/avis-de-recherche-mr-2-wanted\/"]}]},{"@type":"ImageObject","inLanguage":"da-DK","@id":"https:\/\/boutique-one-piece.com\/avis-de-recherche-one-piece\/avis-de-recherche-mr-2-wanted\/#primaryimage","url":"https:\/\/boutique-one-piece.com\/wp-content\/uploads\/2022\/09\/Avis-De-Recherche-Bon-Clay-Wanted-1.jpg","contentUrl":"https:\/\/boutique-one-piece.com\/wp-content\/uploads\/2022\/09\/Avis-De-Recherche-Bon-Clay-Wanted-1.jpg","width":798,"height":798},{"@type":"BreadcrumbList","@id":"https:\/\/boutique-one-piece.com\/avis-de-recherche-one-piece\/avis-de-recherche-mr-2-wanted\/#breadcrumb","itemListElement":[{"@type":"ListItem","position":1,"name":"Home","item":"https:\/\/boutique-one-piece.com\/"},{"@type":"ListItem","position":2,"name":"Shop","item":"https:\/\/boutique-one-piece.com\/shop\/"},{"@type":"ListItem","position":3,"name":"Avis De Recherche Bon Clay Wanted"}]},{"@type":"WebSite","@id":"https:\/\/boutique-one-piece.com\/#website","url":"https:\/\/boutique-one-piece.com\/","name":"One Piece Shop","description":"Specialbutik for One Piece Manga og Anime","publisher":{"@id":"https:\/\/boutique-one-piece.com\/#organization"},"potentialAction":[{"@type":"SearchAction","target":{"@type":"EntryPoint","urlTemplate":"https:\/\/boutique-one-piece.com\/?s={search_term_string}"},"query-input":{"@type":"PropertyValueSpecification","valueRequired":true,"valueName":"search_term_string"}}],"inLanguage":"da-DK"},{"@type":"Organization","@id":"https:\/\/boutique-one-piece.com\/#organization","name":"One Piece Shop","url":"https:\/\/boutique-one-piece.com\/","logo":{"@type":"ImageObject","inLanguage":"da-DK","@id":"https:\/\/boutique-one-piece.com\/#\/schema\/logo\/image\/","url":"https:\/\/boutique-one-piece.com\/wp-content\/uploads\/2022\/09\/Logo-01.png","contentUrl":"https:\/\/boutique-one-piece.com\/wp-content\/uploads\/2022\/09\/Logo-01.png","width":2318,"height":957,"caption":"Boutique One Piece"},"image":{"@id":"https:\/\/boutique-one-piece.com\/#\/schema\/logo\/image\/"}}]}},"_links":{"self":[{"href":"https:\/\/boutique-one-piece.com\/da\/wp-json\/wp\/v2\/product\/11550","targetHints":{"allow":["GET"]}}],"collection":[{"href":"https:\/\/boutique-one-piece.com\/da\/wp-json\/wp\/v2\/product"}],"about":[{"href":"https:\/\/boutique-one-piece.com\/da\/wp-json\/wp\/v2\/types\/product"}],"replies":[{"embeddable":true,"href":"https:\/\/boutique-one-piece.com\/da\/wp-json\/wp\/v2\/comments?post=11550"}],"wp:featuredmedia":[{"embeddable":true,"href":"https:\/\/boutique-one-piece.com\/da\/wp-json\/wp\/v2\/media\/11552"}],"wp:attachment":[{"href":"https:\/\/boutique-one-piece.com\/da\/wp-json\/wp\/v2\/media?parent=11550"}],"wp:term":[{"taxonomy":"product_brand","embeddable":true,"href":"https:\/\/boutique-one-piece.com\/da\/wp-json\/wp\/v2\/product_brand?post=11550"},{"taxonomy":"product_cat","embeddable":true,"href":"https:\/\/boutique-one-piece.com\/da\/wp-json\/wp\/v2\/product_cat?post=11550"},{"taxonomy":"product_tag","embeddable":true,"href":"https:\/\/boutique-one-piece.com\/da\/wp-json\/wp\/v2\/product_tag?post=11550"}],"curies":[{"name":"wp","href":"https:\/\/api.w.org\/{rel}","templated":true}]}}