{"id":11620,"date":"2022-09-27T20:42:27","date_gmt":"2022-09-27T20:42:27","guid":{"rendered":"https:\/\/boutique-one-piece.com\/uncategorized\/figurine-one-piece-boa-hancock-kimono\/"},"modified":"2024-09-16T12:34:59","modified_gmt":"2024-09-16T12:34:59","slug":"one-piece-figur-af-boa-hancock-kimono","status":"publish","type":"product","link":"https:\/\/boutique-one-piece.com\/da\/one-piece-figurer-2\/boa-hancock-figurer\/one-piece-figur-af-boa-hancock-kimono\/","title":{"rendered":"One Piece Boa Hancock Kimono Figur"},"content":{"rendered":"<h2>Unge pirat, tiden er kommet til at du f\u00e5r fat i denne One Piece Boa Hancock Kimono-figur.<\/h2>\n<p><strong>Piratkejserinden Boa Hancock<\/strong> er Amazon Lily-slangeprinsessen, der hersker over Kuja-stammen med hj\u00e6lp fra sine to gorgon-s\u00f8stre, Boa Marigold og Boa Sandersonia. Hun er ogs\u00e5 den nuv\u00e6rende kaptajn for <strong>Kuja-piratholdet<\/strong>. Boa Hancock var det eneste kvindelige medlem af de Syv Krigsherrer fra Havet indtil gruppens opl\u00f8sning. Hun blev f\u00f8rst n\u00e6vnt af Risky Brothers i slutningen af Thriller Bark-historien, da de sammenlignede hendes legendariske sk\u00f8nhed med havfruer.<\/p>\n<p>Hun anses af mange for at v\u00e6re den smukkeste kvinde i verden, hovedsageligt p\u00e5 grund af hendes Dj\u00e6vlefrugt, som f\u00e5r n\u00e6sten alle, der ser p\u00e5 hende, til at forelske sig i hende.<\/p>\n<p>Selvom hun i \u00f8jeblikket er ansat i De Syv Krigsherrer fra Havet, er hendes k\u00e6rlighed til <strong>Abe D. Luffy<\/strong> Dette f\u00f8rte til, at hun ved adskillige lejligheder vendte sig mod verdensregeringen og dermed bragte hendes status som krigsherre over havet i fare. Desuden <a title=\"POK\u00c9MON FIGUR KAPTAJN STR\u00c5HAT LUFFY\" href=\"https:\/\/boutique-one-piece.com\/da\/one-piece-figurer-2\/produkter\/pokemon-figur-af-kaptajn-luffy-med-strahatten\/\" target=\"_blank\" rel=\"noopener\">Luffy str\u00e5hat figur<\/a> er inden for din r\u00e6kkevidde.<\/p>\n<h3>S\u00e5 er du betaget af figuren af den dejlige Boa Hancock? Hvis ja, s\u00e5 vent ikke l\u00e6ngere og tag med hende p\u00e5 hendes \u00f8, Amazonas-liljen.<\/h3>\n<p>Uanset om du er en inkarneret fan eller en erfaren samler, er disse genstande helt sikkert noget for dig. Perfekte til at give som gave, dekorere eller som et supplement til din samling, vil disse genstande forbedre din samling.<strong> dit One Piece-univers<\/strong>. S\u00e5 vent ikke l\u00e6ngere, og grib muligheden for at opleve mange sp\u00e6ndende eventyr i universet af <strong>Luffy<\/strong>.<\/p>\n<h2>Information om Boa Hancock Kimono Figur\u00a0<\/h2>\n<ul>\n<li><span><b><u>One Piece-figur<\/u><\/b>\u00a0Premium One Piece-figur til \u00e6gte pirater<\/span><\/li>\n<\/ul>\n<ul>\n<li>\n<b>Materie<\/b><span>\u00a0<\/span>PVC<\/li>\n<\/ul>\n<ul>\n<li><span><strong>Dimension<\/strong>\u00a0: 20 cm<\/span><\/li>\n<\/ul>\n<ul>\n<li><span><strong>GRATIS LEVERING<\/strong><\/span><\/li>\n<\/ul>","protected":false},"excerpt":{"rendered":"<p>Jeune pirate, le moment est venu pour toi de te procurer cette Figurine One Piece Boa Hancock Kimono. L&rsquo;Imp\u00e9ratrice Pirate Boa Hancock est la Princesse Serpent d&rsquo;Amazon Lily qui gouverne la tribu Kuja avec l&rsquo;aide de ses deux s\u009curs gorgones, Boa Marigold et Boa Sandersonia. Elle est \u00e9galement la capitaine actuelle de L&rsquo;\u00c9quipage des Pirates [&hellip;]<\/p>","protected":false},"featured_media":11622,"comment_status":"open","ping_status":"open","template":"","meta":[],"product_brand":[],"product_cat":[174,76],"product_tag":[175],"class_list":{"0":"post-11620","1":"product","2":"type-product","3":"status-publish","4":"has-post-thumbnail","6":"product_cat-figurines-boa-hancock","7":"product_cat-figurines-one-piece","8":"product_tag-boa-hancock","10":"first","11":"instock","12":"purchasable","13":"product-type-simple"},"yoast_head":"<!-- This site is optimized with the Yoast SEO plugin v27.5 - https:\/\/yoast.com\/product\/yoast-seo-wordpress\/ -->\n<title>Figurine One Piece Boa Hancock Kimono | Figurine One Piece \u2013 Boutique One Piece<\/title>\n<meta name=\"description\" content=\"Jeune pirate, le moment est venu pour toi de te procurer cette Figurine One Piece Boa Hancock Kimono. L&#039;Imp\u00e9ratrice Pirate Boa Hancock est la Princesse Serpent d&#039;Amazon Lily qui gouverne la tribu Kuja avec l&#039;aide de ses deux s\u0153urs gorgones, Boa Marigold et Boa Sandersonia. Elle est \u00e9galement la capitaine actuelle de L&#039;\" \/>\n<meta name=\"robots\" content=\"index, follow, max-snippet:-1, max-image-preview:large, max-video-preview:-1\" \/>\n<link rel=\"canonical\" href=\"https:\/\/boutique-one-piece.com\/da\/one-piece-figurer-2\/boa-hancock-figurer\/one-piece-figur-af-boa-hancock-kimono\/\" \/>\n<meta property=\"og:locale\" content=\"da_DK\" \/>\n<meta property=\"og:type\" content=\"article\" \/>\n<meta property=\"og:title\" content=\"Figurine One Piece Boa Hancock Kimono | Figurine One Piece \u2013 Boutique One Piece\" \/>\n<meta property=\"og:description\" content=\"Jeune pirate, le moment est venu pour toi de te procurer cette Figurine One Piece Boa Hancock Kimono. L&#039;Imp\u00e9ratrice Pirate Boa Hancock est la Princesse Serpent d&#039;Amazon Lily qui gouverne la tribu Kuja avec l&#039;aide de ses deux s\u0153urs gorgones, Boa Marigold et Boa Sandersonia. Elle est \u00e9galement la capitaine actuelle de L&#039;\" \/>\n<meta property=\"og:url\" content=\"https:\/\/boutique-one-piece.com\/da\/one-piece-figurer-2\/boa-hancock-figurer\/one-piece-figur-af-boa-hancock-kimono\/\" \/>\n<meta property=\"og:site_name\" content=\"Boutique One Piece\" \/>\n<meta property=\"article:modified_time\" content=\"2024-09-16T12:34:59+00:00\" \/>\n<meta property=\"og:image\" content=\"https:\/\/boutique-one-piece.com\/wp-content\/uploads\/2022\/09\/Figurine-One-Piece-Boa-Hancock-Kimono.jpg\" \/>\n\t<meta property=\"og:image:width\" content=\"640\" \/>\n\t<meta property=\"og:image:height\" content=\"640\" \/>\n\t<meta property=\"og:image:type\" content=\"image\/jpeg\" \/>\n<meta name=\"twitter:card\" content=\"summary_large_image\" \/>\n<meta name=\"twitter:label1\" content=\"Estimeret l\u00e6setid\" \/>\n\t<meta name=\"twitter:data1\" content=\"2 minutter\" \/>\n<script type=\"application\/ld+json\" class=\"yoast-schema-graph\">{\"@context\":\"https:\\\/\\\/schema.org\",\"@graph\":[{\"@type\":\"WebPage\",\"@id\":\"https:\\\/\\\/boutique-one-piece.com\\\/figurines-one-piece\\\/figurines-boa-hancock\\\/figurine-one-piece-boa-hancock-kimono\\\/\",\"url\":\"https:\\\/\\\/boutique-one-piece.com\\\/figurines-one-piece\\\/figurines-boa-hancock\\\/figurine-one-piece-boa-hancock-kimono\\\/\",\"name\":\"Figurine One Piece Boa Hancock Kimono | Figurine One Piece \u2013 Boutique One Piece\",\"isPartOf\":{\"@id\":\"https:\\\/\\\/boutique-one-piece.com\\\/#website\"},\"primaryImageOfPage\":{\"@id\":\"https:\\\/\\\/boutique-one-piece.com\\\/figurines-one-piece\\\/figurines-boa-hancock\\\/figurine-one-piece-boa-hancock-kimono\\\/#primaryimage\"},\"image\":{\"@id\":\"https:\\\/\\\/boutique-one-piece.com\\\/figurines-one-piece\\\/figurines-boa-hancock\\\/figurine-one-piece-boa-hancock-kimono\\\/#primaryimage\"},\"thumbnailUrl\":\"https:\\\/\\\/boutique-one-piece.com\\\/wp-content\\\/uploads\\\/2022\\\/09\\\/Figurine-One-Piece-Boa-Hancock-Kimono.jpg\",\"datePublished\":\"2022-09-27T20:42:27+00:00\",\"dateModified\":\"2024-09-16T12:34:59+00:00\",\"description\":\"Jeune pirate, le moment est venu pour toi de te procurer cette Figurine One Piece Boa Hancock Kimono. L'Imp\u00e9ratrice Pirate Boa Hancock est la Princesse Serpent d'Amazon Lily qui gouverne la tribu Kuja avec l'aide de ses deux s\u0153urs gorgones, Boa Marigold et Boa Sandersonia. Elle est \u00e9galement la capitaine actuelle de L'\",\"breadcrumb\":{\"@id\":\"https:\\\/\\\/boutique-one-piece.com\\\/figurines-one-piece\\\/figurines-boa-hancock\\\/figurine-one-piece-boa-hancock-kimono\\\/#breadcrumb\"},\"inLanguage\":\"da-DK\",\"potentialAction\":[{\"@type\":\"ReadAction\",\"target\":[\"https:\\\/\\\/boutique-one-piece.com\\\/figurines-one-piece\\\/figurines-boa-hancock\\\/figurine-one-piece-boa-hancock-kimono\\\/\"]}]},{\"@type\":\"ImageObject\",\"inLanguage\":\"da-DK\",\"@id\":\"https:\\\/\\\/boutique-one-piece.com\\\/figurines-one-piece\\\/figurines-boa-hancock\\\/figurine-one-piece-boa-hancock-kimono\\\/#primaryimage\",\"url\":\"https:\\\/\\\/boutique-one-piece.com\\\/wp-content\\\/uploads\\\/2022\\\/09\\\/Figurine-One-Piece-Boa-Hancock-Kimono.jpg\",\"contentUrl\":\"https:\\\/\\\/boutique-one-piece.com\\\/wp-content\\\/uploads\\\/2022\\\/09\\\/Figurine-One-Piece-Boa-Hancock-Kimono.jpg\",\"width\":640,\"height\":640,\"caption\":\"Figurine One Piece Boa Hancock Kimono Default Title\"},{\"@type\":\"BreadcrumbList\",\"@id\":\"https:\\\/\\\/boutique-one-piece.com\\\/figurines-one-piece\\\/figurines-boa-hancock\\\/figurine-one-piece-boa-hancock-kimono\\\/#breadcrumb\",\"itemListElement\":[{\"@type\":\"ListItem\",\"position\":1,\"name\":\"Home\",\"item\":\"https:\\\/\\\/boutique-one-piece.com\\\/\"},{\"@type\":\"ListItem\",\"position\":2,\"name\":\"Shop\",\"item\":\"https:\\\/\\\/boutique-one-piece.com\\\/shop\\\/\"},{\"@type\":\"ListItem\",\"position\":3,\"name\":\"Figurine One Piece Boa Hancock Kimono\"}]},{\"@type\":\"WebSite\",\"@id\":\"https:\\\/\\\/boutique-one-piece.com\\\/#website\",\"url\":\"https:\\\/\\\/boutique-one-piece.com\\\/\",\"name\":\"Boutique One Piece\",\"description\":\"Magasin Sp\u00e9cialis\u00e9 du Manga et l&#039;Anime One Piece\",\"publisher\":{\"@id\":\"https:\\\/\\\/boutique-one-piece.com\\\/#organization\"},\"potentialAction\":[{\"@type\":\"SearchAction\",\"target\":{\"@type\":\"EntryPoint\",\"urlTemplate\":\"https:\\\/\\\/boutique-one-piece.com\\\/?s={search_term_string}\"},\"query-input\":{\"@type\":\"PropertyValueSpecification\",\"valueRequired\":true,\"valueName\":\"search_term_string\"}}],\"inLanguage\":\"da-DK\"},{\"@type\":\"Organization\",\"@id\":\"https:\\\/\\\/boutique-one-piece.com\\\/#organization\",\"name\":\"Boutique One Piece\",\"url\":\"https:\\\/\\\/boutique-one-piece.com\\\/\",\"logo\":{\"@type\":\"ImageObject\",\"inLanguage\":\"da-DK\",\"@id\":\"https:\\\/\\\/boutique-one-piece.com\\\/#\\\/schema\\\/logo\\\/image\\\/\",\"url\":\"https:\\\/\\\/boutique-one-piece.com\\\/wp-content\\\/uploads\\\/2022\\\/09\\\/Logo-01.png\",\"contentUrl\":\"https:\\\/\\\/boutique-one-piece.com\\\/wp-content\\\/uploads\\\/2022\\\/09\\\/Logo-01.png\",\"width\":2318,\"height\":957,\"caption\":\"Boutique One Piece\"},\"image\":{\"@id\":\"https:\\\/\\\/boutique-one-piece.com\\\/#\\\/schema\\\/logo\\\/image\\\/\"}}]}<\/script>\n<!-- \/ Yoast SEO plugin. -->","yoast_head_json":{"title":"One Piece Boa Hancock Kimono Figur | One Piece Figur \u2013 One Piece Shop","description":"Unge pirat, tiden er kommet til at f\u00e5 fingrene i denne One Piece Boa Hancock Kimono Figur. Piratkejserinden Boa Hancock er Amazon Lilys slangeprinsesse, der hersker over Kuja-stammen med hj\u00e6lp fra sine to gorgon-s\u00f8stre, Boa Marigold og Boa Sandersonia. Hun er ogs\u00e5 den nuv\u00e6rende kaptajn for...'","robots":{"index":"index","follow":"follow","max-snippet":"max-snippet:-1","max-image-preview":"max-image-preview:large","max-video-preview":"max-video-preview:-1"},"canonical":"https:\/\/boutique-one-piece.com\/da\/one-piece-figurer-2\/boa-hancock-figurer\/one-piece-figur-af-boa-hancock-kimono\/","og_locale":"da_DK","og_type":"article","og_title":"Figurine One Piece Boa Hancock Kimono | Figurine One Piece \u2013 Boutique One Piece","og_description":"Jeune pirate, le moment est venu pour toi de te procurer cette Figurine One Piece Boa Hancock Kimono. L'Imp\u00e9ratrice Pirate Boa Hancock est la Princesse Serpent d'Amazon Lily qui gouverne la tribu Kuja avec l'aide de ses deux s\u0153urs gorgones, Boa Marigold et Boa Sandersonia. Elle est \u00e9galement la capitaine actuelle de L'","og_url":"https:\/\/boutique-one-piece.com\/da\/one-piece-figurer-2\/boa-hancock-figurer\/one-piece-figur-af-boa-hancock-kimono\/","og_site_name":"Boutique One Piece","article_modified_time":"2024-09-16T12:34:59+00:00","og_image":[{"width":640,"height":640,"url":"https:\/\/boutique-one-piece.com\/wp-content\/uploads\/2022\/09\/Figurine-One-Piece-Boa-Hancock-Kimono.jpg","type":"image\/jpeg"}],"twitter_card":"summary_large_image","twitter_misc":{"Estimeret l\u00e6setid":"2 minutter"},"schema":{"@context":"https:\/\/schema.org","@graph":[{"@type":"WebPage","@id":"https:\/\/boutique-one-piece.com\/figurines-one-piece\/figurines-boa-hancock\/figurine-one-piece-boa-hancock-kimono\/","url":"https:\/\/boutique-one-piece.com\/figurines-one-piece\/figurines-boa-hancock\/figurine-one-piece-boa-hancock-kimono\/","name":"One Piece Boa Hancock Kimono Figur | One Piece Figur \u2013 One Piece Shop","isPartOf":{"@id":"https:\/\/boutique-one-piece.com\/#website"},"primaryImageOfPage":{"@id":"https:\/\/boutique-one-piece.com\/figurines-one-piece\/figurines-boa-hancock\/figurine-one-piece-boa-hancock-kimono\/#primaryimage"},"image":{"@id":"https:\/\/boutique-one-piece.com\/figurines-one-piece\/figurines-boa-hancock\/figurine-one-piece-boa-hancock-kimono\/#primaryimage"},"thumbnailUrl":"https:\/\/boutique-one-piece.com\/wp-content\/uploads\/2022\/09\/Figurine-One-Piece-Boa-Hancock-Kimono.jpg","datePublished":"2022-09-27T20:42:27+00:00","dateModified":"2024-09-16T12:34:59+00:00","description":"Unge pirat, tiden er kommet til at f\u00e5 fingrene i denne One Piece Boa Hancock Kimono Figur. Piratkejserinden Boa Hancock er Amazon Lilys slangeprinsesse, der hersker over Kuja-stammen med hj\u00e6lp fra sine to gorgon-s\u00f8stre, Boa Marigold og Boa Sandersonia. Hun er ogs\u00e5 den nuv\u00e6rende kaptajn for...'","breadcrumb":{"@id":"https:\/\/boutique-one-piece.com\/figurines-one-piece\/figurines-boa-hancock\/figurine-one-piece-boa-hancock-kimono\/#breadcrumb"},"inLanguage":"da-DK","potentialAction":[{"@type":"ReadAction","target":["https:\/\/boutique-one-piece.com\/figurines-one-piece\/figurines-boa-hancock\/figurine-one-piece-boa-hancock-kimono\/"]}]},{"@type":"ImageObject","inLanguage":"da-DK","@id":"https:\/\/boutique-one-piece.com\/figurines-one-piece\/figurines-boa-hancock\/figurine-one-piece-boa-hancock-kimono\/#primaryimage","url":"https:\/\/boutique-one-piece.com\/wp-content\/uploads\/2022\/09\/Figurine-One-Piece-Boa-Hancock-Kimono.jpg","contentUrl":"https:\/\/boutique-one-piece.com\/wp-content\/uploads\/2022\/09\/Figurine-One-Piece-Boa-Hancock-Kimono.jpg","width":640,"height":640,"caption":"Figurine One Piece Boa Hancock Kimono Default Title"},{"@type":"BreadcrumbList","@id":"https:\/\/boutique-one-piece.com\/figurines-one-piece\/figurines-boa-hancock\/figurine-one-piece-boa-hancock-kimono\/#breadcrumb","itemListElement":[{"@type":"ListItem","position":1,"name":"Home","item":"https:\/\/boutique-one-piece.com\/"},{"@type":"ListItem","position":2,"name":"Shop","item":"https:\/\/boutique-one-piece.com\/shop\/"},{"@type":"ListItem","position":3,"name":"Figurine One Piece Boa Hancock Kimono"}]},{"@type":"WebSite","@id":"https:\/\/boutique-one-piece.com\/#website","url":"https:\/\/boutique-one-piece.com\/","name":"One Piece Shop","description":"Specialbutik for One Piece Manga og Anime","publisher":{"@id":"https:\/\/boutique-one-piece.com\/#organization"},"potentialAction":[{"@type":"SearchAction","target":{"@type":"EntryPoint","urlTemplate":"https:\/\/boutique-one-piece.com\/?s={search_term_string}"},"query-input":{"@type":"PropertyValueSpecification","valueRequired":true,"valueName":"search_term_string"}}],"inLanguage":"da-DK"},{"@type":"Organization","@id":"https:\/\/boutique-one-piece.com\/#organization","name":"One Piece Shop","url":"https:\/\/boutique-one-piece.com\/","logo":{"@type":"ImageObject","inLanguage":"da-DK","@id":"https:\/\/boutique-one-piece.com\/#\/schema\/logo\/image\/","url":"https:\/\/boutique-one-piece.com\/wp-content\/uploads\/2022\/09\/Logo-01.png","contentUrl":"https:\/\/boutique-one-piece.com\/wp-content\/uploads\/2022\/09\/Logo-01.png","width":2318,"height":957,"caption":"Boutique One Piece"},"image":{"@id":"https:\/\/boutique-one-piece.com\/#\/schema\/logo\/image\/"}}]}},"_links":{"self":[{"href":"https:\/\/boutique-one-piece.com\/da\/wp-json\/wp\/v2\/product\/11620","targetHints":{"allow":["GET"]}}],"collection":[{"href":"https:\/\/boutique-one-piece.com\/da\/wp-json\/wp\/v2\/product"}],"about":[{"href":"https:\/\/boutique-one-piece.com\/da\/wp-json\/wp\/v2\/types\/product"}],"replies":[{"embeddable":true,"href":"https:\/\/boutique-one-piece.com\/da\/wp-json\/wp\/v2\/comments?post=11620"}],"wp:featuredmedia":[{"embeddable":true,"href":"https:\/\/boutique-one-piece.com\/da\/wp-json\/wp\/v2\/media\/11622"}],"wp:attachment":[{"href":"https:\/\/boutique-one-piece.com\/da\/wp-json\/wp\/v2\/media?parent=11620"}],"wp:term":[{"taxonomy":"product_brand","embeddable":true,"href":"https:\/\/boutique-one-piece.com\/da\/wp-json\/wp\/v2\/product_brand?post=11620"},{"taxonomy":"product_cat","embeddable":true,"href":"https:\/\/boutique-one-piece.com\/da\/wp-json\/wp\/v2\/product_cat?post=11620"},{"taxonomy":"product_tag","embeddable":true,"href":"https:\/\/boutique-one-piece.com\/da\/wp-json\/wp\/v2\/product_tag?post=11620"}],"curies":[{"name":"wp","href":"https:\/\/api.w.org\/{rel}","templated":true}]}}