{"id":11759,"date":"2022-09-27T20:43:07","date_gmt":"2022-09-27T20:43:07","guid":{"rendered":"https:\/\/boutique-one-piece.com\/uncategorized\/ensemble-one-piece-avis-de-recherche-luffy\/"},"modified":"2024-09-16T12:39:16","modified_gmt":"2024-09-16T12:39:16","slug":"one-piece-luffy-plakatsaet","status":"publish","type":"product","link":"https:\/\/boutique-one-piece.com\/da\/one-piece-toj\/one-piece-saet-og-traeningsdragter\/one-piece-luffy-plakatsaet\/","title":{"rendered":"One Piece Luffy Wanted-plakats\u00e6t"},"content":{"rendered":"<h2 data-mce-fragment=\"1\">Information om One Piece tr\u00e6ningsdragten:\u00a0<\/h2>\n<ul data-mce-fragment=\"1\">\n<li data-mce-fragment=\"1\">\u00a0<strong data-mce-fragment=\"1\">S\u00e6t i premiumkvalitet\u00a0<\/strong>Lavet med kvalitetsmaterialer<\/li>\n<\/ul>\n<ul data-mce-fragment=\"1\">\n<li data-mce-fragment=\"1\">\n<strong data-mce-fragment=\"1\">L\u00f8s pasform<\/strong>\u00a0S\u00e6t med en l\u00f8s pasform for ekstra komfort<\/li>\n<\/ul>\n<ul data-mce-fragment=\"1\">\n<li data-mce-fragment=\"1\">\n<strong data-mce-fragment=\"1\">Meget behagelig\u00a0<\/strong>Med disse superbl\u00f8de bomuldsfibre er der ingen gnaven.<\/li>\n<\/ul>\n<ul data-mce-fragment=\"1\">\n<li data-mce-fragment=\"1\">\n<strong data-mce-fragment=\"1\">3D digital print<\/strong>\u00a0Trykt tr\u00e6ningsdragt med et originalt design, L\u00e6rredstryk<\/li>\n<\/ul>\n<ul data-mce-fragment=\"1\">\n<li data-mce-fragment=\"1\">\n<strong data-mce-fragment=\"1\">Gratis levering\u00a0<\/strong>for ethvert k\u00f8b<\/li>\n<\/ul>","protected":false},"excerpt":{"rendered":"<p>Information om tr\u00e6ningsdragt i \u00e9t stykke: S\u00e6t i premiumkvalitet: Lavet af materialer af h\u00f8j kvalitet. Afslappet pasform: S\u00e6t med en afslappet pasform for ekstra komfort. Meget behagelig: Takket v\u00e6re de superbl\u00f8de bomuldsfibre er der ingen gnaven. 3D digitalt print: Tr\u00e6ningsdragt trykt med et originalt design, l\u00e6rredstryk. Gratis fragt p\u00e5 alle k\u00f8b.<\/p>","protected":false},"featured_media":11761,"comment_status":"open","ping_status":"open","template":"","meta":[],"product_brand":[],"product_cat":[263],"product_tag":[],"class_list":{"0":"post-11759","1":"product","2":"type-product","3":"status-publish","4":"has-post-thumbnail","6":"product_cat-ensembles-et-survetements-one-piece","8":"first","9":"outofstock","10":"purchasable","11":"product-type-variable","12":"has-default-attributes"},"yoast_head":"<!-- This site is optimized with the Yoast SEO plugin v27.5 - https:\/\/yoast.com\/product\/yoast-seo-wordpress\/ -->\n<title>Ensemble One Piece Avis De Recherche Luffy | V\u00eatement One Piece<\/title>\n<meta name=\"description\" content=\"Informations sur le Surv\u00eatement One Piece :\u00a0 \u00a0Ensemble de qualit\u00e9 sup\u00e9rieure\u00a0:\u00a0fabriqu\u00e9 avec des mat\u00e9riaux de qualit\u00e9s Coupe Ample\u00a0:\u00a0 ensemble\u00a0avec une\u00a0coupe\u00a0large, pour plus de confort Tr\u00e8s confortable\u00a0: avec ces\u00a0fibres\u00a0de\u00a0coton super\u00a0doux, il n&#039;y a pas\u00a0de\u00a0frottements Impression digitale 3D\u00a0:\u00a0surv\u00eatement imprim\u00e9\u00a0avec\" \/>\n<meta name=\"robots\" content=\"index, follow, max-snippet:-1, max-image-preview:large, max-video-preview:-1\" \/>\n<link rel=\"canonical\" href=\"https:\/\/boutique-one-piece.com\/da\/one-piece-toj\/one-piece-saet-og-traeningsdragter\/one-piece-luffy-plakatsaet\/\" \/>\n<meta property=\"og:locale\" content=\"da_DK\" \/>\n<meta property=\"og:type\" content=\"article\" \/>\n<meta property=\"og:title\" content=\"Ensemble One Piece Avis De Recherche Luffy | V\u00eatement One Piece\" \/>\n<meta property=\"og:description\" content=\"Informations sur le Surv\u00eatement One Piece :\u00a0 \u00a0Ensemble de qualit\u00e9 sup\u00e9rieure\u00a0:\u00a0fabriqu\u00e9 avec des mat\u00e9riaux de qualit\u00e9s Coupe Ample\u00a0:\u00a0 ensemble\u00a0avec une\u00a0coupe\u00a0large, pour plus de confort Tr\u00e8s confortable\u00a0: avec ces\u00a0fibres\u00a0de\u00a0coton super\u00a0doux, il n&#039;y a pas\u00a0de\u00a0frottements Impression digitale 3D\u00a0:\u00a0surv\u00eatement imprim\u00e9\u00a0avec\" \/>\n<meta property=\"og:url\" content=\"https:\/\/boutique-one-piece.com\/da\/one-piece-toj\/one-piece-saet-og-traeningsdragter\/one-piece-luffy-plakatsaet\/\" \/>\n<meta property=\"og:site_name\" content=\"Boutique One Piece\" \/>\n<meta property=\"article:modified_time\" content=\"2024-09-16T12:39:16+00:00\" \/>\n<meta property=\"og:image\" content=\"https:\/\/boutique-one-piece.com\/wp-content\/uploads\/2022\/09\/Ensemble-One-Piece-Avis-De-Recherche-Luffy-1.jpg\" \/>\n\t<meta property=\"og:image:width\" content=\"1400\" \/>\n\t<meta property=\"og:image:height\" content=\"1400\" \/>\n\t<meta property=\"og:image:type\" content=\"image\/jpeg\" \/>\n<meta name=\"twitter:card\" content=\"summary_large_image\" \/>\n<script type=\"application\/ld+json\" class=\"yoast-schema-graph\">{\"@context\":\"https:\\\/\\\/schema.org\",\"@graph\":[{\"@type\":\"WebPage\",\"@id\":\"https:\\\/\\\/boutique-one-piece.com\\\/vetements-one-piece\\\/ensembles-et-survetements-one-piece\\\/ensemble-one-piece-avis-de-recherche-luffy\\\/\",\"url\":\"https:\\\/\\\/boutique-one-piece.com\\\/vetements-one-piece\\\/ensembles-et-survetements-one-piece\\\/ensemble-one-piece-avis-de-recherche-luffy\\\/\",\"name\":\"Ensemble One Piece Avis De Recherche Luffy | V\u00eatement One Piece\",\"isPartOf\":{\"@id\":\"https:\\\/\\\/boutique-one-piece.com\\\/#website\"},\"primaryImageOfPage\":{\"@id\":\"https:\\\/\\\/boutique-one-piece.com\\\/vetements-one-piece\\\/ensembles-et-survetements-one-piece\\\/ensemble-one-piece-avis-de-recherche-luffy\\\/#primaryimage\"},\"image\":{\"@id\":\"https:\\\/\\\/boutique-one-piece.com\\\/vetements-one-piece\\\/ensembles-et-survetements-one-piece\\\/ensemble-one-piece-avis-de-recherche-luffy\\\/#primaryimage\"},\"thumbnailUrl\":\"https:\\\/\\\/boutique-one-piece.com\\\/wp-content\\\/uploads\\\/2022\\\/09\\\/Ensemble-One-Piece-Avis-De-Recherche-Luffy-1.jpg\",\"datePublished\":\"2022-09-27T20:43:07+00:00\",\"dateModified\":\"2024-09-16T12:39:16+00:00\",\"description\":\"Informations sur le Surv\u00eatement One Piece :\u00a0 \u00a0Ensemble de qualit\u00e9 sup\u00e9rieure\u00a0:\u00a0fabriqu\u00e9 avec des mat\u00e9riaux de qualit\u00e9s Coupe Ample\u00a0:\u00a0 ensemble\u00a0avec une\u00a0coupe\u00a0large, pour plus de confort Tr\u00e8s confortable\u00a0: avec ces\u00a0fibres\u00a0de\u00a0coton super\u00a0doux, il n'y a pas\u00a0de\u00a0frottements Impression digitale 3D\u00a0:\u00a0surv\u00eatement imprim\u00e9\u00a0avec\",\"breadcrumb\":{\"@id\":\"https:\\\/\\\/boutique-one-piece.com\\\/vetements-one-piece\\\/ensembles-et-survetements-one-piece\\\/ensemble-one-piece-avis-de-recherche-luffy\\\/#breadcrumb\"},\"inLanguage\":\"da-DK\",\"potentialAction\":[{\"@type\":\"ReadAction\",\"target\":[\"https:\\\/\\\/boutique-one-piece.com\\\/vetements-one-piece\\\/ensembles-et-survetements-one-piece\\\/ensemble-one-piece-avis-de-recherche-luffy\\\/\"]}]},{\"@type\":\"ImageObject\",\"inLanguage\":\"da-DK\",\"@id\":\"https:\\\/\\\/boutique-one-piece.com\\\/vetements-one-piece\\\/ensembles-et-survetements-one-piece\\\/ensemble-one-piece-avis-de-recherche-luffy\\\/#primaryimage\",\"url\":\"https:\\\/\\\/boutique-one-piece.com\\\/wp-content\\\/uploads\\\/2022\\\/09\\\/Ensemble-One-Piece-Avis-De-Recherche-Luffy-1.jpg\",\"contentUrl\":\"https:\\\/\\\/boutique-one-piece.com\\\/wp-content\\\/uploads\\\/2022\\\/09\\\/Ensemble-One-Piece-Avis-De-Recherche-Luffy-1.jpg\",\"width\":1400,\"height\":1400},{\"@type\":\"BreadcrumbList\",\"@id\":\"https:\\\/\\\/boutique-one-piece.com\\\/vetements-one-piece\\\/ensembles-et-survetements-one-piece\\\/ensemble-one-piece-avis-de-recherche-luffy\\\/#breadcrumb\",\"itemListElement\":[{\"@type\":\"ListItem\",\"position\":1,\"name\":\"Home\",\"item\":\"https:\\\/\\\/boutique-one-piece.com\\\/\"},{\"@type\":\"ListItem\",\"position\":2,\"name\":\"Shop\",\"item\":\"https:\\\/\\\/boutique-one-piece.com\\\/shop\\\/\"},{\"@type\":\"ListItem\",\"position\":3,\"name\":\"Ensemble One Piece Avis De Recherche Luffy\"}]},{\"@type\":\"WebSite\",\"@id\":\"https:\\\/\\\/boutique-one-piece.com\\\/#website\",\"url\":\"https:\\\/\\\/boutique-one-piece.com\\\/\",\"name\":\"Boutique One Piece\",\"description\":\"Magasin Sp\u00e9cialis\u00e9 du Manga et l&#039;Anime One Piece\",\"publisher\":{\"@id\":\"https:\\\/\\\/boutique-one-piece.com\\\/#organization\"},\"potentialAction\":[{\"@type\":\"SearchAction\",\"target\":{\"@type\":\"EntryPoint\",\"urlTemplate\":\"https:\\\/\\\/boutique-one-piece.com\\\/?s={search_term_string}\"},\"query-input\":{\"@type\":\"PropertyValueSpecification\",\"valueRequired\":true,\"valueName\":\"search_term_string\"}}],\"inLanguage\":\"da-DK\"},{\"@type\":\"Organization\",\"@id\":\"https:\\\/\\\/boutique-one-piece.com\\\/#organization\",\"name\":\"Boutique One Piece\",\"url\":\"https:\\\/\\\/boutique-one-piece.com\\\/\",\"logo\":{\"@type\":\"ImageObject\",\"inLanguage\":\"da-DK\",\"@id\":\"https:\\\/\\\/boutique-one-piece.com\\\/#\\\/schema\\\/logo\\\/image\\\/\",\"url\":\"https:\\\/\\\/boutique-one-piece.com\\\/wp-content\\\/uploads\\\/2022\\\/09\\\/Logo-01.png\",\"contentUrl\":\"https:\\\/\\\/boutique-one-piece.com\\\/wp-content\\\/uploads\\\/2022\\\/09\\\/Logo-01.png\",\"width\":2318,\"height\":957,\"caption\":\"Boutique One Piece\"},\"image\":{\"@id\":\"https:\\\/\\\/boutique-one-piece.com\\\/#\\\/schema\\\/logo\\\/image\\\/\"}}]}<\/script>\n<!-- \/ Yoast SEO plugin. -->","yoast_head_json":{"title":"One Piece Luffy Wanted-plakats\u00e6t | One Piece-t\u00f8j","description":"Information om tr\u00e6ningsdragt i \u00e9t stykke: S\u00e6t i premiumkvalitet: Lavet af materialer af h\u00f8j kvalitet. Afslappet pasform: S\u00e6t med en afslappet pasform for ekstra komfort. Meget behagelig: Lavet med superbl\u00f8de bomuldsfibre for at forhindre gnaven. 3D digitalt print: Tr\u00e6ningsdragt trykt med","robots":{"index":"index","follow":"follow","max-snippet":"max-snippet:-1","max-image-preview":"max-image-preview:large","max-video-preview":"max-video-preview:-1"},"canonical":"https:\/\/boutique-one-piece.com\/da\/one-piece-toj\/one-piece-saet-og-traeningsdragter\/one-piece-luffy-plakatsaet\/","og_locale":"da_DK","og_type":"article","og_title":"Ensemble One Piece Avis De Recherche Luffy | V\u00eatement One Piece","og_description":"Informations sur le Surv\u00eatement One Piece :\u00a0 \u00a0Ensemble de qualit\u00e9 sup\u00e9rieure\u00a0:\u00a0fabriqu\u00e9 avec des mat\u00e9riaux de qualit\u00e9s Coupe Ample\u00a0:\u00a0 ensemble\u00a0avec une\u00a0coupe\u00a0large, pour plus de confort Tr\u00e8s confortable\u00a0: avec ces\u00a0fibres\u00a0de\u00a0coton super\u00a0doux, il n'y a pas\u00a0de\u00a0frottements Impression digitale 3D\u00a0:\u00a0surv\u00eatement imprim\u00e9\u00a0avec","og_url":"https:\/\/boutique-one-piece.com\/da\/one-piece-toj\/one-piece-saet-og-traeningsdragter\/one-piece-luffy-plakatsaet\/","og_site_name":"Boutique One Piece","article_modified_time":"2024-09-16T12:39:16+00:00","og_image":[{"width":1400,"height":1400,"url":"https:\/\/boutique-one-piece.com\/wp-content\/uploads\/2022\/09\/Ensemble-One-Piece-Avis-De-Recherche-Luffy-1.jpg","type":"image\/jpeg"}],"twitter_card":"summary_large_image","schema":{"@context":"https:\/\/schema.org","@graph":[{"@type":"WebPage","@id":"https:\/\/boutique-one-piece.com\/vetements-one-piece\/ensembles-et-survetements-one-piece\/ensemble-one-piece-avis-de-recherche-luffy\/","url":"https:\/\/boutique-one-piece.com\/vetements-one-piece\/ensembles-et-survetements-one-piece\/ensemble-one-piece-avis-de-recherche-luffy\/","name":"One Piece Luffy Wanted-plakats\u00e6t | One Piece-t\u00f8j","isPartOf":{"@id":"https:\/\/boutique-one-piece.com\/#website"},"primaryImageOfPage":{"@id":"https:\/\/boutique-one-piece.com\/vetements-one-piece\/ensembles-et-survetements-one-piece\/ensemble-one-piece-avis-de-recherche-luffy\/#primaryimage"},"image":{"@id":"https:\/\/boutique-one-piece.com\/vetements-one-piece\/ensembles-et-survetements-one-piece\/ensemble-one-piece-avis-de-recherche-luffy\/#primaryimage"},"thumbnailUrl":"https:\/\/boutique-one-piece.com\/wp-content\/uploads\/2022\/09\/Ensemble-One-Piece-Avis-De-Recherche-Luffy-1.jpg","datePublished":"2022-09-27T20:43:07+00:00","dateModified":"2024-09-16T12:39:16+00:00","description":"Information om tr\u00e6ningsdragt i \u00e9t stykke: S\u00e6t i premiumkvalitet: Lavet af materialer af h\u00f8j kvalitet. Afslappet pasform: S\u00e6t med en afslappet pasform for ekstra komfort. Meget behagelig: Lavet med superbl\u00f8de bomuldsfibre for at forhindre gnaven. 3D digitalt print: Tr\u00e6ningsdragt trykt med","breadcrumb":{"@id":"https:\/\/boutique-one-piece.com\/vetements-one-piece\/ensembles-et-survetements-one-piece\/ensemble-one-piece-avis-de-recherche-luffy\/#breadcrumb"},"inLanguage":"da-DK","potentialAction":[{"@type":"ReadAction","target":["https:\/\/boutique-one-piece.com\/vetements-one-piece\/ensembles-et-survetements-one-piece\/ensemble-one-piece-avis-de-recherche-luffy\/"]}]},{"@type":"ImageObject","inLanguage":"da-DK","@id":"https:\/\/boutique-one-piece.com\/vetements-one-piece\/ensembles-et-survetements-one-piece\/ensemble-one-piece-avis-de-recherche-luffy\/#primaryimage","url":"https:\/\/boutique-one-piece.com\/wp-content\/uploads\/2022\/09\/Ensemble-One-Piece-Avis-De-Recherche-Luffy-1.jpg","contentUrl":"https:\/\/boutique-one-piece.com\/wp-content\/uploads\/2022\/09\/Ensemble-One-Piece-Avis-De-Recherche-Luffy-1.jpg","width":1400,"height":1400},{"@type":"BreadcrumbList","@id":"https:\/\/boutique-one-piece.com\/vetements-one-piece\/ensembles-et-survetements-one-piece\/ensemble-one-piece-avis-de-recherche-luffy\/#breadcrumb","itemListElement":[{"@type":"ListItem","position":1,"name":"Home","item":"https:\/\/boutique-one-piece.com\/"},{"@type":"ListItem","position":2,"name":"Shop","item":"https:\/\/boutique-one-piece.com\/shop\/"},{"@type":"ListItem","position":3,"name":"Ensemble One Piece Avis De Recherche Luffy"}]},{"@type":"WebSite","@id":"https:\/\/boutique-one-piece.com\/#website","url":"https:\/\/boutique-one-piece.com\/","name":"One Piece Shop","description":"Specialbutik for One Piece Manga og Anime","publisher":{"@id":"https:\/\/boutique-one-piece.com\/#organization"},"potentialAction":[{"@type":"SearchAction","target":{"@type":"EntryPoint","urlTemplate":"https:\/\/boutique-one-piece.com\/?s={search_term_string}"},"query-input":{"@type":"PropertyValueSpecification","valueRequired":true,"valueName":"search_term_string"}}],"inLanguage":"da-DK"},{"@type":"Organization","@id":"https:\/\/boutique-one-piece.com\/#organization","name":"One Piece Shop","url":"https:\/\/boutique-one-piece.com\/","logo":{"@type":"ImageObject","inLanguage":"da-DK","@id":"https:\/\/boutique-one-piece.com\/#\/schema\/logo\/image\/","url":"https:\/\/boutique-one-piece.com\/wp-content\/uploads\/2022\/09\/Logo-01.png","contentUrl":"https:\/\/boutique-one-piece.com\/wp-content\/uploads\/2022\/09\/Logo-01.png","width":2318,"height":957,"caption":"Boutique One Piece"},"image":{"@id":"https:\/\/boutique-one-piece.com\/#\/schema\/logo\/image\/"}}]}},"_links":{"self":[{"href":"https:\/\/boutique-one-piece.com\/da\/wp-json\/wp\/v2\/product\/11759","targetHints":{"allow":["GET"]}}],"collection":[{"href":"https:\/\/boutique-one-piece.com\/da\/wp-json\/wp\/v2\/product"}],"about":[{"href":"https:\/\/boutique-one-piece.com\/da\/wp-json\/wp\/v2\/types\/product"}],"replies":[{"embeddable":true,"href":"https:\/\/boutique-one-piece.com\/da\/wp-json\/wp\/v2\/comments?post=11759"}],"wp:featuredmedia":[{"embeddable":true,"href":"https:\/\/boutique-one-piece.com\/da\/wp-json\/wp\/v2\/media\/11761"}],"wp:attachment":[{"href":"https:\/\/boutique-one-piece.com\/da\/wp-json\/wp\/v2\/media?parent=11759"}],"wp:term":[{"taxonomy":"product_brand","embeddable":true,"href":"https:\/\/boutique-one-piece.com\/da\/wp-json\/wp\/v2\/product_brand?post=11759"},{"taxonomy":"product_cat","embeddable":true,"href":"https:\/\/boutique-one-piece.com\/da\/wp-json\/wp\/v2\/product_cat?post=11759"},{"taxonomy":"product_tag","embeddable":true,"href":"https:\/\/boutique-one-piece.com\/da\/wp-json\/wp\/v2\/product_tag?post=11759"}],"curies":[{"name":"wp","href":"https:\/\/api.w.org\/{rel}","templated":true}]}}