{"id":11803,"date":"2022-09-27T20:43:27","date_gmt":"2022-09-27T20:43:27","guid":{"rendered":"https:\/\/boutique-one-piece.com\/uncategorized\/avis-de-recherche-charlotte-katakuri-wanted\/"},"modified":"2025-02-11T22:20:23","modified_gmt":"2025-02-11T22:20:23","slug":"charlotte-katakuri-onskede","status":"publish","type":"product","link":"https:\/\/boutique-one-piece.com\/da\/one-piece-efterlysningsplakat\/charlotte-katakuri-onskede\/","title":{"rendered":"Charlotte Katakuri \u00d8nsket Opsigelse"},"content":{"rendered":"<h2>Kunne du lide Totto Land-historien? Hvis ja, vil denne Charlotte Katakuri-efterlysningsplakat v\u00e6kke nogle gode minder.<\/h2>\n<p>Charlotte Katakuri er en af de st\u00f8rste antagonister af <strong>Totto Land<\/strong>. Han er en del af Big Moms bes\u00e6tning, da han er en af hendes s\u00f8nner, hvilket hans navn &quot;Charlotte&quot; antyder. Han er ogs\u00e5 en af hendes &quot;\u00ab\u00a0<strong>S\u00f8de kommand\u00f8rer<\/strong>\u00ab&quot;, hvilket indikerer stor magt. Han er en sl\u00e5ende figur, om ikke andet p\u00e5 grund af sin karisma og den styrke, han udstr\u00e5ler bare ved at se p\u00e5 ham.<\/p>\n<p>Charlotte Katakuri spiste frugten af <strong>Mochi Mochi no mi<\/strong>, Dette g\u00f8r det muligt for ham at forvandle sin krop til mochi, str\u00e6kke den ud eller affyre kugler. Denne unikke evne betyder, at n\u00e5r han fanger en fjende, sidder de fast og kan ikke undslippe.<\/p>\n<h3>Husk Katakuris fantastiske kamp med den efterlysningsplakat i hans navn.<\/h3>\n<p>Charlotte Katakuri vil mods\u00e6tte sig Luffy i en <strong>mindev\u00e6rdig kamp<\/strong> da han har lignende egenskaber som Luffy, men Katakuri kan g\u00f8re de samme ting som Luffy, bare bedre. Katakuri vil endda skade sig selv med sine <strong>trefork<\/strong> Da Luffy p\u00e5drager sig en skade, der ikke er hans egen, udlignes kampen. Han vil blive besejret af Luffys nye form, Snakeman, og Charlotte Katakuri har fortjent Luffys respekt. Katakuris dus\u00f8r er 1 milliard 57 millioner b\u00e6r.<\/p>\n<p>Hvis bonusser interesserer dig, s\u00e5 tjek lige ud\u2019<a title=\"Sicilien \u00f8nskede besked\" href=\"https:\/\/boutique-one-piece.com\/da\/avis-de-recherche-sicilion-wanted\/\" target=\"_blank\" rel=\"noopener\" class=\"broken_link\">\u00f8nskede besked fra Sicilien<\/a>.<\/p>\n<h2>Information om One Piece Wanted-plakaten med Charlotte Katakuri<\/h2>\n<ul>\n<li><b><u>One Piece Wanted-plakat<\/u><\/b>\u00a0En \u00e6gte One Piece-efterlysningsplakat til \u00e6gte pirater<\/li>\n<\/ul>\n<ul>\n<li><b><u>Charlotte Katakuri-dus\u00f8r<\/u><\/b>\u00a01.057.000.000 b\u00e6r<\/li>\n<\/ul>\n<ul>\n<li><strong>Udskrivning i h\u00f8j kvalitet<\/strong>\u00a0pr\u00e6cise farver<\/li>\n<\/ul>\n<ul>\n<li><strong>Dimension<\/strong> : 52 cm x 36 cm<\/li>\n<\/ul>\n<ul>\n<li><strong>GRATIS LEVERING<\/strong><\/li>\n<\/ul>","protected":false},"excerpt":{"rendered":"<p>Tu as aim\u00e9 l&rsquo;arc de Totto Land ? Dans ce cas, cet avis de recherche Charlotte Katakuri wanted va te rappeler des bons souvenirs. Charlotte Katakuri est un des principaux antagonistes de Totto Land. Il fait partie de l&rsquo;\u00e9quipage de Big Mom puisqu&rsquo;il est l&rsquo;un de ses fils, comme l&rsquo;indique son nom \u00ab\u00a0Charlotte\u00a0\u00bb. Il en [&hellip;]<\/p>","protected":false},"featured_media":11805,"comment_status":"open","ping_status":"open","template":"","meta":[],"product_brand":[],"product_cat":[171],"product_tag":[325],"class_list":{"0":"post-11803","1":"product","2":"type-product","3":"status-publish","4":"has-post-thumbnail","6":"product_cat-avis-de-recherche-one-piece","7":"product_tag-avalo-pizarro","9":"first","10":"instock","11":"purchasable","12":"product-type-simple"},"yoast_head":"<!-- This site is optimized with the Yoast SEO plugin v27.5 - https:\/\/yoast.com\/product\/yoast-seo-wordpress\/ -->\n<title>Avis De Recherche Charlotte Katakuri Wanted | D\u00e9coration One Piece \u2013 Boutique One Piece<\/title>\n<meta name=\"description\" content=\"Tu as aim\u00e9 l&#039;arc de Totto Land ? Dans ce cas, cet avis de recherche Charlotte Katakuri wanted va te rappeler des bons souvenirs. Charlotte Katakuri est un des principaux antagonistes de Totto Land. Il fait partie de l&#039;\u00e9quipage de Big Mom puisqu&#039;il est l&#039;un de ses fils, comme l&#039;indique son nom &quot;Charlotte&quot;. Il en est d&#039;a\" \/>\n<meta name=\"robots\" content=\"index, follow, max-snippet:-1, max-image-preview:large, max-video-preview:-1\" \/>\n<link rel=\"canonical\" href=\"https:\/\/boutique-one-piece.com\/da\/one-piece-efterlysningsplakat\/charlotte-katakuri-onskede\/\" \/>\n<meta property=\"og:locale\" content=\"da_DK\" \/>\n<meta property=\"og:type\" content=\"article\" \/>\n<meta property=\"og:title\" content=\"Avis De Recherche Charlotte Katakuri Wanted | D\u00e9coration One Piece \u2013 Boutique One Piece\" \/>\n<meta property=\"og:description\" content=\"Tu as aim\u00e9 l&#039;arc de Totto Land ? Dans ce cas, cet avis de recherche Charlotte Katakuri wanted va te rappeler des bons souvenirs. Charlotte Katakuri est un des principaux antagonistes de Totto Land. Il fait partie de l&#039;\u00e9quipage de Big Mom puisqu&#039;il est l&#039;un de ses fils, comme l&#039;indique son nom &quot;Charlotte&quot;. Il en est d&#039;a\" \/>\n<meta property=\"og:url\" content=\"https:\/\/boutique-one-piece.com\/da\/one-piece-efterlysningsplakat\/charlotte-katakuri-onskede\/\" \/>\n<meta property=\"og:site_name\" content=\"Boutique One Piece\" \/>\n<meta property=\"article:modified_time\" content=\"2025-02-11T22:20:23+00:00\" \/>\n<meta property=\"og:image\" content=\"https:\/\/boutique-one-piece.com\/wp-content\/uploads\/2022\/09\/Avis-De-Recherche-Charlotte-Katakuri-Wanted-1.jpg\" \/>\n\t<meta property=\"og:image:width\" content=\"799\" \/>\n\t<meta property=\"og:image:height\" content=\"797\" \/>\n\t<meta property=\"og:image:type\" content=\"image\/jpeg\" \/>\n<meta name=\"twitter:card\" content=\"summary_large_image\" \/>\n<meta name=\"twitter:label1\" content=\"Estimeret l\u00e6setid\" \/>\n\t<meta name=\"twitter:data1\" content=\"2 minutter\" \/>\n<script type=\"application\/ld+json\" class=\"yoast-schema-graph\">{\"@context\":\"https:\\\/\\\/schema.org\",\"@graph\":[{\"@type\":\"WebPage\",\"@id\":\"https:\\\/\\\/boutique-one-piece.com\\\/avis-de-recherche-one-piece\\\/avis-de-recherche-charlotte-katakuri-wanted\\\/\",\"url\":\"https:\\\/\\\/boutique-one-piece.com\\\/avis-de-recherche-one-piece\\\/avis-de-recherche-charlotte-katakuri-wanted\\\/\",\"name\":\"Avis De Recherche Charlotte Katakuri Wanted | D\u00e9coration One Piece \u2013 Boutique One Piece\",\"isPartOf\":{\"@id\":\"https:\\\/\\\/boutique-one-piece.com\\\/#website\"},\"primaryImageOfPage\":{\"@id\":\"https:\\\/\\\/boutique-one-piece.com\\\/avis-de-recherche-one-piece\\\/avis-de-recherche-charlotte-katakuri-wanted\\\/#primaryimage\"},\"image\":{\"@id\":\"https:\\\/\\\/boutique-one-piece.com\\\/avis-de-recherche-one-piece\\\/avis-de-recherche-charlotte-katakuri-wanted\\\/#primaryimage\"},\"thumbnailUrl\":\"https:\\\/\\\/boutique-one-piece.com\\\/wp-content\\\/uploads\\\/2022\\\/09\\\/Avis-De-Recherche-Charlotte-Katakuri-Wanted-1.jpg\",\"datePublished\":\"2022-09-27T20:43:27+00:00\",\"dateModified\":\"2025-02-11T22:20:23+00:00\",\"description\":\"Tu as aim\u00e9 l'arc de Totto Land ? Dans ce cas, cet avis de recherche Charlotte Katakuri wanted va te rappeler des bons souvenirs. Charlotte Katakuri est un des principaux antagonistes de Totto Land. Il fait partie de l'\u00e9quipage de Big Mom puisqu'il est l'un de ses fils, comme l'indique son nom \\\"Charlotte\\\". Il en est d'a\",\"breadcrumb\":{\"@id\":\"https:\\\/\\\/boutique-one-piece.com\\\/avis-de-recherche-one-piece\\\/avis-de-recherche-charlotte-katakuri-wanted\\\/#breadcrumb\"},\"inLanguage\":\"da-DK\",\"potentialAction\":[{\"@type\":\"ReadAction\",\"target\":[\"https:\\\/\\\/boutique-one-piece.com\\\/avis-de-recherche-one-piece\\\/avis-de-recherche-charlotte-katakuri-wanted\\\/\"]}]},{\"@type\":\"ImageObject\",\"inLanguage\":\"da-DK\",\"@id\":\"https:\\\/\\\/boutique-one-piece.com\\\/avis-de-recherche-one-piece\\\/avis-de-recherche-charlotte-katakuri-wanted\\\/#primaryimage\",\"url\":\"https:\\\/\\\/boutique-one-piece.com\\\/wp-content\\\/uploads\\\/2022\\\/09\\\/Avis-De-Recherche-Charlotte-Katakuri-Wanted-1.jpg\",\"contentUrl\":\"https:\\\/\\\/boutique-one-piece.com\\\/wp-content\\\/uploads\\\/2022\\\/09\\\/Avis-De-Recherche-Charlotte-Katakuri-Wanted-1.jpg\",\"width\":799,\"height\":797},{\"@type\":\"BreadcrumbList\",\"@id\":\"https:\\\/\\\/boutique-one-piece.com\\\/avis-de-recherche-one-piece\\\/avis-de-recherche-charlotte-katakuri-wanted\\\/#breadcrumb\",\"itemListElement\":[{\"@type\":\"ListItem\",\"position\":1,\"name\":\"Home\",\"item\":\"https:\\\/\\\/boutique-one-piece.com\\\/\"},{\"@type\":\"ListItem\",\"position\":2,\"name\":\"Shop\",\"item\":\"https:\\\/\\\/boutique-one-piece.com\\\/shop\\\/\"},{\"@type\":\"ListItem\",\"position\":3,\"name\":\"Avis De Recherche Charlotte Katakuri Wanted\"}]},{\"@type\":\"WebSite\",\"@id\":\"https:\\\/\\\/boutique-one-piece.com\\\/#website\",\"url\":\"https:\\\/\\\/boutique-one-piece.com\\\/\",\"name\":\"Boutique One Piece\",\"description\":\"Magasin Sp\u00e9cialis\u00e9 du Manga et l&#039;Anime One Piece\",\"publisher\":{\"@id\":\"https:\\\/\\\/boutique-one-piece.com\\\/#organization\"},\"potentialAction\":[{\"@type\":\"SearchAction\",\"target\":{\"@type\":\"EntryPoint\",\"urlTemplate\":\"https:\\\/\\\/boutique-one-piece.com\\\/?s={search_term_string}\"},\"query-input\":{\"@type\":\"PropertyValueSpecification\",\"valueRequired\":true,\"valueName\":\"search_term_string\"}}],\"inLanguage\":\"da-DK\"},{\"@type\":\"Organization\",\"@id\":\"https:\\\/\\\/boutique-one-piece.com\\\/#organization\",\"name\":\"Boutique One Piece\",\"url\":\"https:\\\/\\\/boutique-one-piece.com\\\/\",\"logo\":{\"@type\":\"ImageObject\",\"inLanguage\":\"da-DK\",\"@id\":\"https:\\\/\\\/boutique-one-piece.com\\\/#\\\/schema\\\/logo\\\/image\\\/\",\"url\":\"https:\\\/\\\/boutique-one-piece.com\\\/wp-content\\\/uploads\\\/2022\\\/09\\\/Logo-01.png\",\"contentUrl\":\"https:\\\/\\\/boutique-one-piece.com\\\/wp-content\\\/uploads\\\/2022\\\/09\\\/Logo-01.png\",\"width\":2318,\"height\":957,\"caption\":\"Boutique One Piece\"},\"image\":{\"@id\":\"https:\\\/\\\/boutique-one-piece.com\\\/#\\\/schema\\\/logo\\\/image\\\/\"}}]}<\/script>\n<!-- \/ Yoast SEO plugin. -->","yoast_head_json":{"title":"Charlotte Katakuri \u00d8nskes Opslag | One Piece Decor \u2013 One Piece Shop","description":"Kunne du lide Totto Land-historien? Hvis ja, vil denne Charlotte Katakuri-plakat v\u00e6kke gode minder. Charlotte Katakuri er en af hovedantagonisterne i Totto Land. Han er en del af Big Moms bes\u00e6tning, da han er en af hendes s\u00f8nner, hvilket hans navn &quot;Charlotte&quot; indikerer. Han er...","robots":{"index":"index","follow":"follow","max-snippet":"max-snippet:-1","max-image-preview":"max-image-preview:large","max-video-preview":"max-video-preview:-1"},"canonical":"https:\/\/boutique-one-piece.com\/da\/one-piece-efterlysningsplakat\/charlotte-katakuri-onskede\/","og_locale":"da_DK","og_type":"article","og_title":"Avis De Recherche Charlotte Katakuri Wanted | D\u00e9coration One Piece \u2013 Boutique One Piece","og_description":"Tu as aim\u00e9 l'arc de Totto Land ? Dans ce cas, cet avis de recherche Charlotte Katakuri wanted va te rappeler des bons souvenirs. Charlotte Katakuri est un des principaux antagonistes de Totto Land. Il fait partie de l'\u00e9quipage de Big Mom puisqu'il est l'un de ses fils, comme l'indique son nom \"Charlotte\". Il en est d'a","og_url":"https:\/\/boutique-one-piece.com\/da\/one-piece-efterlysningsplakat\/charlotte-katakuri-onskede\/","og_site_name":"Boutique One Piece","article_modified_time":"2025-02-11T22:20:23+00:00","og_image":[{"width":799,"height":797,"url":"https:\/\/boutique-one-piece.com\/wp-content\/uploads\/2022\/09\/Avis-De-Recherche-Charlotte-Katakuri-Wanted-1.jpg","type":"image\/jpeg"}],"twitter_card":"summary_large_image","twitter_misc":{"Estimeret l\u00e6setid":"2 minutter"},"schema":{"@context":"https:\/\/schema.org","@graph":[{"@type":"WebPage","@id":"https:\/\/boutique-one-piece.com\/avis-de-recherche-one-piece\/avis-de-recherche-charlotte-katakuri-wanted\/","url":"https:\/\/boutique-one-piece.com\/avis-de-recherche-one-piece\/avis-de-recherche-charlotte-katakuri-wanted\/","name":"Charlotte Katakuri \u00d8nskes Opslag | One Piece Decor \u2013 One Piece Shop","isPartOf":{"@id":"https:\/\/boutique-one-piece.com\/#website"},"primaryImageOfPage":{"@id":"https:\/\/boutique-one-piece.com\/avis-de-recherche-one-piece\/avis-de-recherche-charlotte-katakuri-wanted\/#primaryimage"},"image":{"@id":"https:\/\/boutique-one-piece.com\/avis-de-recherche-one-piece\/avis-de-recherche-charlotte-katakuri-wanted\/#primaryimage"},"thumbnailUrl":"https:\/\/boutique-one-piece.com\/wp-content\/uploads\/2022\/09\/Avis-De-Recherche-Charlotte-Katakuri-Wanted-1.jpg","datePublished":"2022-09-27T20:43:27+00:00","dateModified":"2025-02-11T22:20:23+00:00","description":"Kunne du lide Totto Land-historien? Hvis ja, vil denne Charlotte Katakuri-plakat v\u00e6kke gode minder. Charlotte Katakuri er en af hovedantagonisterne i Totto Land. Han er en del af Big Moms bes\u00e6tning, da han er en af hendes s\u00f8nner, hvilket hans navn &quot;Charlotte&quot; indikerer. Han er...","breadcrumb":{"@id":"https:\/\/boutique-one-piece.com\/avis-de-recherche-one-piece\/avis-de-recherche-charlotte-katakuri-wanted\/#breadcrumb"},"inLanguage":"da-DK","potentialAction":[{"@type":"ReadAction","target":["https:\/\/boutique-one-piece.com\/avis-de-recherche-one-piece\/avis-de-recherche-charlotte-katakuri-wanted\/"]}]},{"@type":"ImageObject","inLanguage":"da-DK","@id":"https:\/\/boutique-one-piece.com\/avis-de-recherche-one-piece\/avis-de-recherche-charlotte-katakuri-wanted\/#primaryimage","url":"https:\/\/boutique-one-piece.com\/wp-content\/uploads\/2022\/09\/Avis-De-Recherche-Charlotte-Katakuri-Wanted-1.jpg","contentUrl":"https:\/\/boutique-one-piece.com\/wp-content\/uploads\/2022\/09\/Avis-De-Recherche-Charlotte-Katakuri-Wanted-1.jpg","width":799,"height":797},{"@type":"BreadcrumbList","@id":"https:\/\/boutique-one-piece.com\/avis-de-recherche-one-piece\/avis-de-recherche-charlotte-katakuri-wanted\/#breadcrumb","itemListElement":[{"@type":"ListItem","position":1,"name":"Home","item":"https:\/\/boutique-one-piece.com\/"},{"@type":"ListItem","position":2,"name":"Shop","item":"https:\/\/boutique-one-piece.com\/shop\/"},{"@type":"ListItem","position":3,"name":"Avis De Recherche Charlotte Katakuri Wanted"}]},{"@type":"WebSite","@id":"https:\/\/boutique-one-piece.com\/#website","url":"https:\/\/boutique-one-piece.com\/","name":"One Piece Shop","description":"Specialbutik for One Piece Manga og Anime","publisher":{"@id":"https:\/\/boutique-one-piece.com\/#organization"},"potentialAction":[{"@type":"SearchAction","target":{"@type":"EntryPoint","urlTemplate":"https:\/\/boutique-one-piece.com\/?s={search_term_string}"},"query-input":{"@type":"PropertyValueSpecification","valueRequired":true,"valueName":"search_term_string"}}],"inLanguage":"da-DK"},{"@type":"Organization","@id":"https:\/\/boutique-one-piece.com\/#organization","name":"One Piece Shop","url":"https:\/\/boutique-one-piece.com\/","logo":{"@type":"ImageObject","inLanguage":"da-DK","@id":"https:\/\/boutique-one-piece.com\/#\/schema\/logo\/image\/","url":"https:\/\/boutique-one-piece.com\/wp-content\/uploads\/2022\/09\/Logo-01.png","contentUrl":"https:\/\/boutique-one-piece.com\/wp-content\/uploads\/2022\/09\/Logo-01.png","width":2318,"height":957,"caption":"Boutique One Piece"},"image":{"@id":"https:\/\/boutique-one-piece.com\/#\/schema\/logo\/image\/"}}]}},"_links":{"self":[{"href":"https:\/\/boutique-one-piece.com\/da\/wp-json\/wp\/v2\/product\/11803","targetHints":{"allow":["GET"]}}],"collection":[{"href":"https:\/\/boutique-one-piece.com\/da\/wp-json\/wp\/v2\/product"}],"about":[{"href":"https:\/\/boutique-one-piece.com\/da\/wp-json\/wp\/v2\/types\/product"}],"replies":[{"embeddable":true,"href":"https:\/\/boutique-one-piece.com\/da\/wp-json\/wp\/v2\/comments?post=11803"}],"wp:featuredmedia":[{"embeddable":true,"href":"https:\/\/boutique-one-piece.com\/da\/wp-json\/wp\/v2\/media\/11805"}],"wp:attachment":[{"href":"https:\/\/boutique-one-piece.com\/da\/wp-json\/wp\/v2\/media?parent=11803"}],"wp:term":[{"taxonomy":"product_brand","embeddable":true,"href":"https:\/\/boutique-one-piece.com\/da\/wp-json\/wp\/v2\/product_brand?post=11803"},{"taxonomy":"product_cat","embeddable":true,"href":"https:\/\/boutique-one-piece.com\/da\/wp-json\/wp\/v2\/product_cat?post=11803"},{"taxonomy":"product_tag","embeddable":true,"href":"https:\/\/boutique-one-piece.com\/da\/wp-json\/wp\/v2\/product_tag?post=11803"}],"curies":[{"name":"wp","href":"https:\/\/api.w.org\/{rel}","templated":true}]}}