{"id":12032,"date":"2022-09-27T20:53:01","date_gmt":"2022-09-27T20:53:01","guid":{"rendered":"https:\/\/boutique-one-piece.com\/uncategorized\/peluche-chopper-marine\/"},"modified":"2024-09-16T12:45:37","modified_gmt":"2024-09-16T12:45:37","slug":"marine-helikopter-plys","status":"publish","type":"product","link":"https:\/\/boutique-one-piece.com\/da\/one-piece-godter\/tony-goodies-tony-chopper-one-piece\/marine-helikopter-plys\/","title":{"rendered":"Chopper Marine Plysleget\u00f8j"},"content":{"rendered":"<h2>Unge pirat, grib chancen for at f\u00e5 fingrene i denne Chopper Marine Plys.<\/h2>\n<p>Du er uden tvivl klar over det <strong>Chopper<\/strong> Tony Tony Chopper er Straw Hat-holdets l\u00e6ge. Her er en anekdote om ham: Da Luffy og Sanji m\u00f8der Chopper f\u00f8rste gang, er de udmattede og sultne og beslutter sig for at spise ham. Men da Luffy indser Choppers formskiftende evner, beslutter han sig for at bringe ham ind i sin bes\u00e6tning. Han l\u00e6rer efter deres afrejse fra det gamle <strong>Tromme\u00f8en<\/strong> Nami fortalte, at Chopper er l\u00e6ge.<\/p>\n<p>I starten modvillig beslutter Chopper sig for at slutte sig til Straw Hat Pirates, efter de besejrer Wapol. Ombord p\u00e5 Going Merry bliver han venner med<strong> Usopp<\/strong>. De danner en komplement\u00e6r duo i kamp; Chopper bidrager med sin fysiske styrke, og Usopp med sin opfindsomhed. <strong>Marine<\/strong>, Du b\u00f8r vide, at dette er Verdensregeringens prim\u00e6re milit\u00e6rstyrke. Derudover kan du udvide din plyssamling ved at anskaffe dig <a title=\"Chopper Kawaii Plys\" href=\"https:\/\/boutique-one-piece.com\/da\/kawaii-chopper-plys\/\" target=\"_blank\" rel=\"noopener\">Chopper plysleget\u00f8j i sin Kawaii-version<\/a>.<\/p>\n<h3>Er du betaget af Chopper-plysset i marinebl\u00e5 farver? Hvis ja, s\u00e5 ved du, hvad du skal g\u00f8re. Adopter dette plys; det vil ledsage dig p\u00e5 alle dine pirateventyr.<\/h3>\n<p>Uanset om du er en inkarneret fan eller en seri\u00f8s samler, er disse genstande noget for dig. Perfekte til at give som gave, samle p\u00e5 eller bare for sjov, vil disse genstande forbedre din samling. <strong>dit One Piece-univers<\/strong>. \u00c9n ting er sikkert, pirateriets tidsalder er ikke forbi! Det er op til dig at opleve mange sp\u00e6ndende eventyr i den fantastiske verden af <strong>Luffy<\/strong>.<\/p>\n<h2>Information om One Piece Chopper Plush:<\/h2>\n<ul>\n<li>\u00a0<b>Produkttype<\/b><span>\u00a0<\/span>One Piece manga plysleget\u00f8j<\/li>\n<\/ul>\n<ul>\n<li>\n<b>Brug af Peluce<\/b>\u00a0Leget\u00f8j, dekorationer, samlerobjekter, gaver<\/li>\n<\/ul>\n<ul>\n<li>\n<b>Karakternavn<\/b>\u00a0Tony Chopper<\/li>\n<\/ul>\n<ul>\n<li>\n<b>Plysleget\u00f8j st\u00f8rrelse<\/b>\u00a0: 25 eller 30 centimeter<\/li>\n<\/ul>\n<ul>\n<li>\n<b>Materie<\/b>\u00a0Bomuld<\/li>\n<\/ul>\n<ul>\n<li>\n<b>Anbefalet alder<\/b>\u00a0mere end 3 \u00e5r<\/li>\n<\/ul>\n<ul>\n<li>\n<b>Gratis levering<\/b> for ethvert k\u00f8b<\/li>\n<\/ul>","protected":false},"excerpt":{"rendered":"<p>Jeune pirate, saute sur l&rsquo;occasion de pouvoir te procurer cette Peluche Chopper Marine. Tu n&rsquo;es pas sans savoir que Chopper ou Tony Tony Chopper est le docteur de l&rsquo;Equipage de Chapeau de Paille. Voici une anecdote le concernant ; Lorsque Luffy et Sanji rencontrent Chopper pour la premi\u00e8re fois, ils sont \u00e9puis\u00e9s et affam\u00e9s, et [&hellip;]<\/p>","protected":false},"featured_media":12034,"comment_status":"open","ping_status":"open","template":"","meta":[],"product_brand":[],"product_cat":[163,177],"product_tag":[165],"class_list":{"0":"post-12032","1":"product","2":"type-product","3":"status-publish","4":"has-post-thumbnail","6":"product_cat-goodies-tony-tony-chopper-one-piece","7":"product_cat-peluches-one-piece","8":"product_tag-chopper","10":"first","11":"instock","12":"purchasable","13":"product-type-simple"},"yoast_head":"<!-- This site is optimized with the Yoast SEO plugin v27.5 - https:\/\/yoast.com\/product\/yoast-seo-wordpress\/ -->\n<title>Peluche Chopper Marine | Boutique One Piece<\/title>\n<meta name=\"description\" content=\"D\u00e9couvrez la peluche One Piece Tony Chopper, elle est aussi douce que mignonne ! Commencez votre aventure de pirate \u00e0 la recherche du One Piece dans l&#039;\u00e9quipage du Chapeau de Paille\" \/>\n<meta name=\"robots\" content=\"index, follow, max-snippet:-1, max-image-preview:large, max-video-preview:-1\" \/>\n<link rel=\"canonical\" href=\"https:\/\/boutique-one-piece.com\/da\/one-piece-plyslegetoj\/marine-helikopter-plys\/\" \/>\n<meta property=\"og:locale\" content=\"da_DK\" \/>\n<meta property=\"og:type\" content=\"article\" \/>\n<meta property=\"og:title\" content=\"Peluche Chopper Marine | Boutique One Piece\" \/>\n<meta property=\"og:description\" content=\"D\u00e9couvrez la peluche One Piece Tony Chopper, elle est aussi douce que mignonne ! Commencez votre aventure de pirate \u00e0 la recherche du One Piece dans l&#039;\u00e9quipage du Chapeau de Paille\" \/>\n<meta property=\"og:url\" content=\"https:\/\/boutique-one-piece.com\/da\/one-piece-plyslegetoj\/marine-helikopter-plys\/\" \/>\n<meta property=\"og:site_name\" content=\"Boutique One Piece\" \/>\n<meta property=\"article:modified_time\" content=\"2024-09-16T12:45:37+00:00\" \/>\n<meta property=\"og:image\" content=\"https:\/\/boutique-one-piece.com\/wp-content\/uploads\/2022\/09\/Peluche-Chopper-Marine-1.png\" \/>\n\t<meta property=\"og:image:width\" content=\"500\" \/>\n\t<meta property=\"og:image:height\" content=\"500\" \/>\n\t<meta property=\"og:image:type\" content=\"image\/png\" \/>\n<meta name=\"twitter:card\" content=\"summary_large_image\" \/>\n<meta name=\"twitter:label1\" content=\"Estimeret l\u00e6setid\" \/>\n\t<meta name=\"twitter:data1\" content=\"2 minutter\" \/>\n<script type=\"application\/ld+json\" class=\"yoast-schema-graph\">{\"@context\":\"https:\\\/\\\/schema.org\",\"@graph\":[{\"@type\":\"WebPage\",\"@id\":\"https:\\\/\\\/boutique-one-piece.com\\\/peluches-one-piece\\\/peluche-chopper-marine\\\/\",\"url\":\"https:\\\/\\\/boutique-one-piece.com\\\/peluches-one-piece\\\/peluche-chopper-marine\\\/\",\"name\":\"Peluche Chopper Marine | Boutique One Piece\",\"isPartOf\":{\"@id\":\"https:\\\/\\\/boutique-one-piece.com\\\/#website\"},\"primaryImageOfPage\":{\"@id\":\"https:\\\/\\\/boutique-one-piece.com\\\/peluches-one-piece\\\/peluche-chopper-marine\\\/#primaryimage\"},\"image\":{\"@id\":\"https:\\\/\\\/boutique-one-piece.com\\\/peluches-one-piece\\\/peluche-chopper-marine\\\/#primaryimage\"},\"thumbnailUrl\":\"https:\\\/\\\/boutique-one-piece.com\\\/wp-content\\\/uploads\\\/2022\\\/09\\\/Peluche-Chopper-Marine-1.png\",\"datePublished\":\"2022-09-27T20:53:01+00:00\",\"dateModified\":\"2024-09-16T12:45:37+00:00\",\"description\":\"D\u00e9couvrez la peluche One Piece Tony Chopper, elle est aussi douce que mignonne ! Commencez votre aventure de pirate \u00e0 la recherche du One Piece dans l'\u00e9quipage du Chapeau de Paille\",\"breadcrumb\":{\"@id\":\"https:\\\/\\\/boutique-one-piece.com\\\/peluches-one-piece\\\/peluche-chopper-marine\\\/#breadcrumb\"},\"inLanguage\":\"da-DK\",\"potentialAction\":[{\"@type\":\"ReadAction\",\"target\":[\"https:\\\/\\\/boutique-one-piece.com\\\/peluches-one-piece\\\/peluche-chopper-marine\\\/\"]}]},{\"@type\":\"ImageObject\",\"inLanguage\":\"da-DK\",\"@id\":\"https:\\\/\\\/boutique-one-piece.com\\\/peluches-one-piece\\\/peluche-chopper-marine\\\/#primaryimage\",\"url\":\"https:\\\/\\\/boutique-one-piece.com\\\/wp-content\\\/uploads\\\/2022\\\/09\\\/Peluche-Chopper-Marine-1.png\",\"contentUrl\":\"https:\\\/\\\/boutique-one-piece.com\\\/wp-content\\\/uploads\\\/2022\\\/09\\\/Peluche-Chopper-Marine-1.png\",\"width\":500,\"height\":500},{\"@type\":\"BreadcrumbList\",\"@id\":\"https:\\\/\\\/boutique-one-piece.com\\\/peluches-one-piece\\\/peluche-chopper-marine\\\/#breadcrumb\",\"itemListElement\":[{\"@type\":\"ListItem\",\"position\":1,\"name\":\"Home\",\"item\":\"https:\\\/\\\/boutique-one-piece.com\\\/\"},{\"@type\":\"ListItem\",\"position\":2,\"name\":\"Shop\",\"item\":\"https:\\\/\\\/boutique-one-piece.com\\\/shop\\\/\"},{\"@type\":\"ListItem\",\"position\":3,\"name\":\"Peluche Chopper Marine\"}]},{\"@type\":\"WebSite\",\"@id\":\"https:\\\/\\\/boutique-one-piece.com\\\/#website\",\"url\":\"https:\\\/\\\/boutique-one-piece.com\\\/\",\"name\":\"Boutique One Piece\",\"description\":\"Magasin Sp\u00e9cialis\u00e9 du Manga et l&#039;Anime One Piece\",\"publisher\":{\"@id\":\"https:\\\/\\\/boutique-one-piece.com\\\/#organization\"},\"potentialAction\":[{\"@type\":\"SearchAction\",\"target\":{\"@type\":\"EntryPoint\",\"urlTemplate\":\"https:\\\/\\\/boutique-one-piece.com\\\/?s={search_term_string}\"},\"query-input\":{\"@type\":\"PropertyValueSpecification\",\"valueRequired\":true,\"valueName\":\"search_term_string\"}}],\"inLanguage\":\"da-DK\"},{\"@type\":\"Organization\",\"@id\":\"https:\\\/\\\/boutique-one-piece.com\\\/#organization\",\"name\":\"Boutique One Piece\",\"url\":\"https:\\\/\\\/boutique-one-piece.com\\\/\",\"logo\":{\"@type\":\"ImageObject\",\"inLanguage\":\"da-DK\",\"@id\":\"https:\\\/\\\/boutique-one-piece.com\\\/#\\\/schema\\\/logo\\\/image\\\/\",\"url\":\"https:\\\/\\\/boutique-one-piece.com\\\/wp-content\\\/uploads\\\/2022\\\/09\\\/Logo-01.png\",\"contentUrl\":\"https:\\\/\\\/boutique-one-piece.com\\\/wp-content\\\/uploads\\\/2022\\\/09\\\/Logo-01.png\",\"width\":2318,\"height\":957,\"caption\":\"Boutique One Piece\"},\"image\":{\"@id\":\"https:\\\/\\\/boutique-one-piece.com\\\/#\\\/schema\\\/logo\\\/image\\\/\"}}]}<\/script>\n<!-- \/ Yoast SEO plugin. -->","yoast_head_json":{"title":"Marinebl\u00e5 Chopper Plys | One Piece Shop","description":"Opdag One Piece Tony Chopper-bamset, det er lige s\u00e5 bl\u00f8dt, som det er nuttet! Start dit pirateventyr p\u00e5 jagt efter One Piece med Straw Hat-holdet.","robots":{"index":"index","follow":"follow","max-snippet":"max-snippet:-1","max-image-preview":"max-image-preview:large","max-video-preview":"max-video-preview:-1"},"canonical":"https:\/\/boutique-one-piece.com\/da\/one-piece-plyslegetoj\/marine-helikopter-plys\/","og_locale":"da_DK","og_type":"article","og_title":"Peluche Chopper Marine | Boutique One Piece","og_description":"D\u00e9couvrez la peluche One Piece Tony Chopper, elle est aussi douce que mignonne ! Commencez votre aventure de pirate \u00e0 la recherche du One Piece dans l'\u00e9quipage du Chapeau de Paille","og_url":"https:\/\/boutique-one-piece.com\/da\/one-piece-plyslegetoj\/marine-helikopter-plys\/","og_site_name":"Boutique One Piece","article_modified_time":"2024-09-16T12:45:37+00:00","og_image":[{"width":500,"height":500,"url":"https:\/\/boutique-one-piece.com\/wp-content\/uploads\/2022\/09\/Peluche-Chopper-Marine-1.png","type":"image\/png"}],"twitter_card":"summary_large_image","twitter_misc":{"Estimeret l\u00e6setid":"2 minutter"},"schema":{"@context":"https:\/\/schema.org","@graph":[{"@type":"WebPage","@id":"https:\/\/boutique-one-piece.com\/peluches-one-piece\/peluche-chopper-marine\/","url":"https:\/\/boutique-one-piece.com\/peluches-one-piece\/peluche-chopper-marine\/","name":"Marinebl\u00e5 Chopper Plys | One Piece Shop","isPartOf":{"@id":"https:\/\/boutique-one-piece.com\/#website"},"primaryImageOfPage":{"@id":"https:\/\/boutique-one-piece.com\/peluches-one-piece\/peluche-chopper-marine\/#primaryimage"},"image":{"@id":"https:\/\/boutique-one-piece.com\/peluches-one-piece\/peluche-chopper-marine\/#primaryimage"},"thumbnailUrl":"https:\/\/boutique-one-piece.com\/wp-content\/uploads\/2022\/09\/Peluche-Chopper-Marine-1.png","datePublished":"2022-09-27T20:53:01+00:00","dateModified":"2024-09-16T12:45:37+00:00","description":"Opdag One Piece Tony Chopper-bamset, det er lige s\u00e5 bl\u00f8dt, som det er nuttet! Start dit pirateventyr p\u00e5 jagt efter One Piece med Straw Hat-holdet.","breadcrumb":{"@id":"https:\/\/boutique-one-piece.com\/peluches-one-piece\/peluche-chopper-marine\/#breadcrumb"},"inLanguage":"da-DK","potentialAction":[{"@type":"ReadAction","target":["https:\/\/boutique-one-piece.com\/peluches-one-piece\/peluche-chopper-marine\/"]}]},{"@type":"ImageObject","inLanguage":"da-DK","@id":"https:\/\/boutique-one-piece.com\/peluches-one-piece\/peluche-chopper-marine\/#primaryimage","url":"https:\/\/boutique-one-piece.com\/wp-content\/uploads\/2022\/09\/Peluche-Chopper-Marine-1.png","contentUrl":"https:\/\/boutique-one-piece.com\/wp-content\/uploads\/2022\/09\/Peluche-Chopper-Marine-1.png","width":500,"height":500},{"@type":"BreadcrumbList","@id":"https:\/\/boutique-one-piece.com\/peluches-one-piece\/peluche-chopper-marine\/#breadcrumb","itemListElement":[{"@type":"ListItem","position":1,"name":"Home","item":"https:\/\/boutique-one-piece.com\/"},{"@type":"ListItem","position":2,"name":"Shop","item":"https:\/\/boutique-one-piece.com\/shop\/"},{"@type":"ListItem","position":3,"name":"Peluche Chopper Marine"}]},{"@type":"WebSite","@id":"https:\/\/boutique-one-piece.com\/#website","url":"https:\/\/boutique-one-piece.com\/","name":"One Piece Shop","description":"Specialbutik for One Piece Manga og Anime","publisher":{"@id":"https:\/\/boutique-one-piece.com\/#organization"},"potentialAction":[{"@type":"SearchAction","target":{"@type":"EntryPoint","urlTemplate":"https:\/\/boutique-one-piece.com\/?s={search_term_string}"},"query-input":{"@type":"PropertyValueSpecification","valueRequired":true,"valueName":"search_term_string"}}],"inLanguage":"da-DK"},{"@type":"Organization","@id":"https:\/\/boutique-one-piece.com\/#organization","name":"One Piece Shop","url":"https:\/\/boutique-one-piece.com\/","logo":{"@type":"ImageObject","inLanguage":"da-DK","@id":"https:\/\/boutique-one-piece.com\/#\/schema\/logo\/image\/","url":"https:\/\/boutique-one-piece.com\/wp-content\/uploads\/2022\/09\/Logo-01.png","contentUrl":"https:\/\/boutique-one-piece.com\/wp-content\/uploads\/2022\/09\/Logo-01.png","width":2318,"height":957,"caption":"Boutique One Piece"},"image":{"@id":"https:\/\/boutique-one-piece.com\/#\/schema\/logo\/image\/"}}]}},"_links":{"self":[{"href":"https:\/\/boutique-one-piece.com\/da\/wp-json\/wp\/v2\/product\/12032","targetHints":{"allow":["GET"]}}],"collection":[{"href":"https:\/\/boutique-one-piece.com\/da\/wp-json\/wp\/v2\/product"}],"about":[{"href":"https:\/\/boutique-one-piece.com\/da\/wp-json\/wp\/v2\/types\/product"}],"replies":[{"embeddable":true,"href":"https:\/\/boutique-one-piece.com\/da\/wp-json\/wp\/v2\/comments?post=12032"}],"wp:featuredmedia":[{"embeddable":true,"href":"https:\/\/boutique-one-piece.com\/da\/wp-json\/wp\/v2\/media\/12034"}],"wp:attachment":[{"href":"https:\/\/boutique-one-piece.com\/da\/wp-json\/wp\/v2\/media?parent=12032"}],"wp:term":[{"taxonomy":"product_brand","embeddable":true,"href":"https:\/\/boutique-one-piece.com\/da\/wp-json\/wp\/v2\/product_brand?post=12032"},{"taxonomy":"product_cat","embeddable":true,"href":"https:\/\/boutique-one-piece.com\/da\/wp-json\/wp\/v2\/product_cat?post=12032"},{"taxonomy":"product_tag","embeddable":true,"href":"https:\/\/boutique-one-piece.com\/da\/wp-json\/wp\/v2\/product_tag?post=12032"}],"curies":[{"name":"wp","href":"https:\/\/api.w.org\/{rel}","templated":true}]}}