{"id":12135,"date":"2022-09-27T20:53:44","date_gmt":"2022-09-27T20:53:44","guid":{"rendered":"https:\/\/boutique-one-piece.com\/uncategorized\/figurine-one-piece-lempereur-kaido-avec-son-kanabo\/"},"modified":"2024-09-16T12:48:08","modified_gmt":"2024-09-16T12:48:08","slug":"one-piece-figur-af-kejser-kaido-med-sin-kanabo","status":"publish","type":"product","link":"https:\/\/boutique-one-piece.com\/da\/one-piece-figurer-2\/one-piece-wano-kuni-figurer\/one-piece-figur-af-kejser-kaido-med-sin-kanabo\/","title":{"rendered":"One Piece-figur: Kejser Kaido med sin Kanabo"},"content":{"rendered":"<h2>Unge pirat, tiden er kommet til at du f\u00e5r fat i denne One Piece Emperor Kaido-figur med hans Kanabo.<\/h2>\n<p>Kaido med \u00f8genavnet &quot;\u00ab\u00a0<strong>Kaido af de hundrede b\u00e6ster<\/strong>\u00ab&quot;er kaptajnen p\u00e5 Beasts-bes\u00e6tningen. Han er ogs\u00e5 en af<strong> fire kejsere<\/strong>. Som en p\u00e5mindelse er de fire kejsere de fire mest berygtede og magtfulde piratkaptajner i verden, men de er hverken allierede eller fjender af hinanden og foretr\u00e6kker at forblive autonome under de fleste omst\u00e6ndigheder.<\/p>\n<p>Hvad ang\u00e5r hans Kanabo, skal du vide, at det er en k\u00f8lle, en knipling eller en spids knap, der blev brugt som v\u00e5ben af samurai og deres vasaller i det feudale Japan. Hvis du ogs\u00e5 gerne vil udvide din figursamling, er <a title=\"ONE PIECE-FIGUR: KEJSER SHANKS P\u00c5 SIN TRONE\" href=\"https:\/\/boutique-one-piece.com\/da\/one-piece-figur-af-kejser-shanks-pa-sin-trone\/\" target=\"_blank\" rel=\"noopener\">Kejser Shanks-figur p\u00e5 sin trone<\/a>er inden for din r\u00e6kkevidde.<\/p>\n<h3>S\u00e5 er du fascineret af Kaido Kejser-figuren? Hvis ja, s\u00e5 t\u00f8v ikke l\u00e6ngere og grib muligheden for at opleve mange eventyr sammen med ham.<\/h3>\n<p><strong>\u00c9t stykke<\/strong> er den bedst s\u00e6lgende manga i verden. V\u00e6r stolt af at v\u00e6re en del af eventyret og forts\u00e6t med at k\u00e6mpe for din passion for dette univers af sp\u00e6ndende eventyr. Disse mytiske genstande vil fordybe dig endnu engang i denne animerede serie. Tag din sk\u00e6bne i dine egne h\u00e6nder, unge pirat, og begiv dig ud p\u00e5 <strong>Tusind solrige<\/strong>, Mange eventyr venter dig der!<\/p>\n<h2>Information om Kejser Kaido-figuren med sin Kanabo\u00a0<\/h2>\n<ul>\n<li><span><b><u>One Piece-figur<\/u><\/b>\u00a0Premium One Piece-figur til \u00e6gte pirater<\/span><\/li>\n<\/ul>\n<ul>\n<li>\n<b>Materie<\/b><span>\u00a0<\/span>PVC<\/li>\n<\/ul>\n<ul>\n<li><span><strong>Dimension<\/strong>\u00a0: 19 cm<\/span><\/li>\n<\/ul>\n<ul>\n<li><span><strong>GRATIS LEVERING<\/strong><\/span><\/li>\n<\/ul>","protected":false},"excerpt":{"rendered":"<p>Jeune pirate, le moment est venu pour toi de te procurer cette Figurine One Piece L&#8217;empereur Kaido avec son Kanabo. Kaido surnomm\u00e9 \u00ab\u00a0Kaido aux Cent B\u00eates\u00ab\u00a0est le capitaine de l&rsquo;\u00e9quipage aux Cent B\u00eates. Il est \u00e9galement l&rsquo;un des quatre empereurs. Pour rappel, les Quatre Empereurs sont les quatre capitaines pirate les plus notoires et les [&hellip;]<\/p>","protected":false},"featured_media":12137,"comment_status":"open","ping_status":"open","template":"","meta":[],"product_brand":[],"product_cat":[76,215],"product_tag":[216,217],"class_list":{"0":"post-12135","1":"product","2":"type-product","3":"status-publish","4":"has-post-thumbnail","6":"product_cat-figurines-one-piece","7":"product_cat-figurines-one-piece-wano-kuni","8":"product_tag-kaido","9":"product_tag-wano-kuni","11":"first","12":"instock","13":"purchasable","14":"product-type-simple"},"yoast_head":"<!-- This site is optimized with the Yoast SEO plugin v27.5 - https:\/\/yoast.com\/product\/yoast-seo-wordpress\/ -->\n<title>Figurine One Piece L&#039;empereur Kaido avec son Kanabo | Figurine One Piece \u2013 Boutique One Piece<\/title>\n<meta name=\"description\" content=\"Jeune pirate, le moment est venu pour toi de te procurer cette Figurine One Piece L&#039;empereur Kaido avec son Kanabo.Kaido surnomm\u00e9 &quot;Kaido aux Cent B\u00eates&quot;est le capitaine de l&#039;\u00e9quipage aux Cent B\u00eates. Il est \u00e9galement l&#039;un des quatre empereurs. Pour rappel, les Quatre Empereurs sont les quatre capitaines pirate les plus\" \/>\n<meta name=\"robots\" content=\"index, follow, max-snippet:-1, max-image-preview:large, max-video-preview:-1\" \/>\n<link rel=\"canonical\" href=\"https:\/\/boutique-one-piece.com\/da\/one-piece-figurer-2\/one-piece-wano-kuni-figurer\/one-piece-figur-af-kejser-kaido-med-sin-kanabo\/\" \/>\n<meta property=\"og:locale\" content=\"da_DK\" \/>\n<meta property=\"og:type\" content=\"article\" \/>\n<meta property=\"og:title\" content=\"Figurine One Piece L&#039;empereur Kaido avec son Kanabo | Figurine One Piece \u2013 Boutique One Piece\" \/>\n<meta property=\"og:description\" content=\"Jeune pirate, le moment est venu pour toi de te procurer cette Figurine One Piece L&#039;empereur Kaido avec son Kanabo.Kaido surnomm\u00e9 &quot;Kaido aux Cent B\u00eates&quot;est le capitaine de l&#039;\u00e9quipage aux Cent B\u00eates. Il est \u00e9galement l&#039;un des quatre empereurs. Pour rappel, les Quatre Empereurs sont les quatre capitaines pirate les plus\" \/>\n<meta property=\"og:url\" content=\"https:\/\/boutique-one-piece.com\/da\/one-piece-figurer-2\/one-piece-wano-kuni-figurer\/one-piece-figur-af-kejser-kaido-med-sin-kanabo\/\" \/>\n<meta property=\"og:site_name\" content=\"Boutique One Piece\" \/>\n<meta property=\"article:modified_time\" content=\"2024-09-16T12:48:08+00:00\" \/>\n<meta property=\"og:image\" content=\"https:\/\/boutique-one-piece.com\/wp-content\/uploads\/2022\/09\/Figurine-One-Piece-Lempereur-Kaido-avec-son-Kanabo.jpg\" \/>\n\t<meta property=\"og:image:width\" content=\"640\" \/>\n\t<meta property=\"og:image:height\" content=\"640\" \/>\n\t<meta property=\"og:image:type\" content=\"image\/jpeg\" \/>\n<meta name=\"twitter:card\" content=\"summary_large_image\" \/>\n<meta name=\"twitter:label1\" content=\"Estimeret l\u00e6setid\" \/>\n\t<meta name=\"twitter:data1\" content=\"1 minut\" \/>\n<script type=\"application\/ld+json\" class=\"yoast-schema-graph\">{\"@context\":\"https:\\\/\\\/schema.org\",\"@graph\":[{\"@type\":\"WebPage\",\"@id\":\"https:\\\/\\\/boutique-one-piece.com\\\/figurines-one-piece\\\/figurines-one-piece-wano-kuni\\\/figurine-one-piece-lempereur-kaido-avec-son-kanabo\\\/\",\"url\":\"https:\\\/\\\/boutique-one-piece.com\\\/figurines-one-piece\\\/figurines-one-piece-wano-kuni\\\/figurine-one-piece-lempereur-kaido-avec-son-kanabo\\\/\",\"name\":\"Figurine One Piece L'empereur Kaido avec son Kanabo | Figurine One Piece \u2013 Boutique One Piece\",\"isPartOf\":{\"@id\":\"https:\\\/\\\/boutique-one-piece.com\\\/#website\"},\"primaryImageOfPage\":{\"@id\":\"https:\\\/\\\/boutique-one-piece.com\\\/figurines-one-piece\\\/figurines-one-piece-wano-kuni\\\/figurine-one-piece-lempereur-kaido-avec-son-kanabo\\\/#primaryimage\"},\"image\":{\"@id\":\"https:\\\/\\\/boutique-one-piece.com\\\/figurines-one-piece\\\/figurines-one-piece-wano-kuni\\\/figurine-one-piece-lempereur-kaido-avec-son-kanabo\\\/#primaryimage\"},\"thumbnailUrl\":\"https:\\\/\\\/boutique-one-piece.com\\\/wp-content\\\/uploads\\\/2022\\\/09\\\/Figurine-One-Piece-Lempereur-Kaido-avec-son-Kanabo.jpg\",\"datePublished\":\"2022-09-27T20:53:44+00:00\",\"dateModified\":\"2024-09-16T12:48:08+00:00\",\"description\":\"Jeune pirate, le moment est venu pour toi de te procurer cette Figurine One Piece L'empereur Kaido avec son Kanabo.Kaido surnomm\u00e9 \\\"Kaido aux Cent B\u00eates\\\"est le capitaine de l'\u00e9quipage aux Cent B\u00eates. Il est \u00e9galement l'un des quatre empereurs. Pour rappel, les Quatre Empereurs sont les quatre capitaines pirate les plus\",\"breadcrumb\":{\"@id\":\"https:\\\/\\\/boutique-one-piece.com\\\/figurines-one-piece\\\/figurines-one-piece-wano-kuni\\\/figurine-one-piece-lempereur-kaido-avec-son-kanabo\\\/#breadcrumb\"},\"inLanguage\":\"da-DK\",\"potentialAction\":[{\"@type\":\"ReadAction\",\"target\":[\"https:\\\/\\\/boutique-one-piece.com\\\/figurines-one-piece\\\/figurines-one-piece-wano-kuni\\\/figurine-one-piece-lempereur-kaido-avec-son-kanabo\\\/\"]}]},{\"@type\":\"ImageObject\",\"inLanguage\":\"da-DK\",\"@id\":\"https:\\\/\\\/boutique-one-piece.com\\\/figurines-one-piece\\\/figurines-one-piece-wano-kuni\\\/figurine-one-piece-lempereur-kaido-avec-son-kanabo\\\/#primaryimage\",\"url\":\"https:\\\/\\\/boutique-one-piece.com\\\/wp-content\\\/uploads\\\/2022\\\/09\\\/Figurine-One-Piece-Lempereur-Kaido-avec-son-Kanabo.jpg\",\"contentUrl\":\"https:\\\/\\\/boutique-one-piece.com\\\/wp-content\\\/uploads\\\/2022\\\/09\\\/Figurine-One-Piece-Lempereur-Kaido-avec-son-Kanabo.jpg\",\"width\":640,\"height\":640,\"caption\":\"Figurine One Piece L'empereur Kaido avec son Kanabo Default Title\"},{\"@type\":\"BreadcrumbList\",\"@id\":\"https:\\\/\\\/boutique-one-piece.com\\\/figurines-one-piece\\\/figurines-one-piece-wano-kuni\\\/figurine-one-piece-lempereur-kaido-avec-son-kanabo\\\/#breadcrumb\",\"itemListElement\":[{\"@type\":\"ListItem\",\"position\":1,\"name\":\"Home\",\"item\":\"https:\\\/\\\/boutique-one-piece.com\\\/\"},{\"@type\":\"ListItem\",\"position\":2,\"name\":\"Shop\",\"item\":\"https:\\\/\\\/boutique-one-piece.com\\\/shop\\\/\"},{\"@type\":\"ListItem\",\"position\":3,\"name\":\"Figurine One Piece L&#8217;empereur Kaido avec son Kanabo\"}]},{\"@type\":\"WebSite\",\"@id\":\"https:\\\/\\\/boutique-one-piece.com\\\/#website\",\"url\":\"https:\\\/\\\/boutique-one-piece.com\\\/\",\"name\":\"Boutique One Piece\",\"description\":\"Magasin Sp\u00e9cialis\u00e9 du Manga et l&#039;Anime One Piece\",\"publisher\":{\"@id\":\"https:\\\/\\\/boutique-one-piece.com\\\/#organization\"},\"potentialAction\":[{\"@type\":\"SearchAction\",\"target\":{\"@type\":\"EntryPoint\",\"urlTemplate\":\"https:\\\/\\\/boutique-one-piece.com\\\/?s={search_term_string}\"},\"query-input\":{\"@type\":\"PropertyValueSpecification\",\"valueRequired\":true,\"valueName\":\"search_term_string\"}}],\"inLanguage\":\"da-DK\"},{\"@type\":\"Organization\",\"@id\":\"https:\\\/\\\/boutique-one-piece.com\\\/#organization\",\"name\":\"Boutique One Piece\",\"url\":\"https:\\\/\\\/boutique-one-piece.com\\\/\",\"logo\":{\"@type\":\"ImageObject\",\"inLanguage\":\"da-DK\",\"@id\":\"https:\\\/\\\/boutique-one-piece.com\\\/#\\\/schema\\\/logo\\\/image\\\/\",\"url\":\"https:\\\/\\\/boutique-one-piece.com\\\/wp-content\\\/uploads\\\/2022\\\/09\\\/Logo-01.png\",\"contentUrl\":\"https:\\\/\\\/boutique-one-piece.com\\\/wp-content\\\/uploads\\\/2022\\\/09\\\/Logo-01.png\",\"width\":2318,\"height\":957,\"caption\":\"Boutique One Piece\"},\"image\":{\"@id\":\"https:\\\/\\\/boutique-one-piece.com\\\/#\\\/schema\\\/logo\\\/image\\\/\"}}]}<\/script>\n<!-- \/ Yoast SEO plugin. -->","yoast_head_json":{"title":"One Piece Figur: Kejser Kaido med sin Kanabo | One Piece Figur \u2013 One Piece Shop","description":"Unge pirat, tiden er kommet til at f\u00e5 fingrene i denne One Piece Emperor Kaido-figur med sin Kanabo. Kaido, med \u00f8genavnet &quot;Kaido of the Hundred Beasts&quot;, er kaptajnen for Beasts Pirates. Han er ogs\u00e5 en af de Fire Kejsere. Som en p\u00e5mindelse er de Fire Kejsere de fire mest magtfulde piratkaptajner.","robots":{"index":"index","follow":"follow","max-snippet":"max-snippet:-1","max-image-preview":"max-image-preview:large","max-video-preview":"max-video-preview:-1"},"canonical":"https:\/\/boutique-one-piece.com\/da\/one-piece-figurer-2\/one-piece-wano-kuni-figurer\/one-piece-figur-af-kejser-kaido-med-sin-kanabo\/","og_locale":"da_DK","og_type":"article","og_title":"Figurine One Piece L'empereur Kaido avec son Kanabo | Figurine One Piece \u2013 Boutique One Piece","og_description":"Jeune pirate, le moment est venu pour toi de te procurer cette Figurine One Piece L'empereur Kaido avec son Kanabo.Kaido surnomm\u00e9 \"Kaido aux Cent B\u00eates\"est le capitaine de l'\u00e9quipage aux Cent B\u00eates. Il est \u00e9galement l'un des quatre empereurs. Pour rappel, les Quatre Empereurs sont les quatre capitaines pirate les plus","og_url":"https:\/\/boutique-one-piece.com\/da\/one-piece-figurer-2\/one-piece-wano-kuni-figurer\/one-piece-figur-af-kejser-kaido-med-sin-kanabo\/","og_site_name":"Boutique One Piece","article_modified_time":"2024-09-16T12:48:08+00:00","og_image":[{"width":640,"height":640,"url":"https:\/\/boutique-one-piece.com\/wp-content\/uploads\/2022\/09\/Figurine-One-Piece-Lempereur-Kaido-avec-son-Kanabo.jpg","type":"image\/jpeg"}],"twitter_card":"summary_large_image","twitter_misc":{"Estimeret l\u00e6setid":"1 minut"},"schema":{"@context":"https:\/\/schema.org","@graph":[{"@type":"WebPage","@id":"https:\/\/boutique-one-piece.com\/figurines-one-piece\/figurines-one-piece-wano-kuni\/figurine-one-piece-lempereur-kaido-avec-son-kanabo\/","url":"https:\/\/boutique-one-piece.com\/figurines-one-piece\/figurines-one-piece-wano-kuni\/figurine-one-piece-lempereur-kaido-avec-son-kanabo\/","name":"One Piece Figur: Kejser Kaido med sin Kanabo | One Piece Figur \u2013 One Piece Shop","isPartOf":{"@id":"https:\/\/boutique-one-piece.com\/#website"},"primaryImageOfPage":{"@id":"https:\/\/boutique-one-piece.com\/figurines-one-piece\/figurines-one-piece-wano-kuni\/figurine-one-piece-lempereur-kaido-avec-son-kanabo\/#primaryimage"},"image":{"@id":"https:\/\/boutique-one-piece.com\/figurines-one-piece\/figurines-one-piece-wano-kuni\/figurine-one-piece-lempereur-kaido-avec-son-kanabo\/#primaryimage"},"thumbnailUrl":"https:\/\/boutique-one-piece.com\/wp-content\/uploads\/2022\/09\/Figurine-One-Piece-Lempereur-Kaido-avec-son-Kanabo.jpg","datePublished":"2022-09-27T20:53:44+00:00","dateModified":"2024-09-16T12:48:08+00:00","description":"Unge pirat, tiden er kommet til at f\u00e5 fingrene i denne One Piece Emperor Kaido-figur med sin Kanabo. Kaido, med \u00f8genavnet &quot;Kaido of the Hundred Beasts&quot;, er kaptajnen for Beasts Pirates. Han er ogs\u00e5 en af de Fire Kejsere. Som en p\u00e5mindelse er de Fire Kejsere de fire mest magtfulde piratkaptajner.","breadcrumb":{"@id":"https:\/\/boutique-one-piece.com\/figurines-one-piece\/figurines-one-piece-wano-kuni\/figurine-one-piece-lempereur-kaido-avec-son-kanabo\/#breadcrumb"},"inLanguage":"da-DK","potentialAction":[{"@type":"ReadAction","target":["https:\/\/boutique-one-piece.com\/figurines-one-piece\/figurines-one-piece-wano-kuni\/figurine-one-piece-lempereur-kaido-avec-son-kanabo\/"]}]},{"@type":"ImageObject","inLanguage":"da-DK","@id":"https:\/\/boutique-one-piece.com\/figurines-one-piece\/figurines-one-piece-wano-kuni\/figurine-one-piece-lempereur-kaido-avec-son-kanabo\/#primaryimage","url":"https:\/\/boutique-one-piece.com\/wp-content\/uploads\/2022\/09\/Figurine-One-Piece-Lempereur-Kaido-avec-son-Kanabo.jpg","contentUrl":"https:\/\/boutique-one-piece.com\/wp-content\/uploads\/2022\/09\/Figurine-One-Piece-Lempereur-Kaido-avec-son-Kanabo.jpg","width":640,"height":640,"caption":"Figurine One Piece L'empereur Kaido avec son Kanabo Default Title"},{"@type":"BreadcrumbList","@id":"https:\/\/boutique-one-piece.com\/figurines-one-piece\/figurines-one-piece-wano-kuni\/figurine-one-piece-lempereur-kaido-avec-son-kanabo\/#breadcrumb","itemListElement":[{"@type":"ListItem","position":1,"name":"Home","item":"https:\/\/boutique-one-piece.com\/"},{"@type":"ListItem","position":2,"name":"Shop","item":"https:\/\/boutique-one-piece.com\/shop\/"},{"@type":"ListItem","position":3,"name":"Figurine One Piece L&#8217;empereur Kaido avec son Kanabo"}]},{"@type":"WebSite","@id":"https:\/\/boutique-one-piece.com\/#website","url":"https:\/\/boutique-one-piece.com\/","name":"One Piece Shop","description":"Specialbutik for One Piece Manga og Anime","publisher":{"@id":"https:\/\/boutique-one-piece.com\/#organization"},"potentialAction":[{"@type":"SearchAction","target":{"@type":"EntryPoint","urlTemplate":"https:\/\/boutique-one-piece.com\/?s={search_term_string}"},"query-input":{"@type":"PropertyValueSpecification","valueRequired":true,"valueName":"search_term_string"}}],"inLanguage":"da-DK"},{"@type":"Organization","@id":"https:\/\/boutique-one-piece.com\/#organization","name":"One Piece Shop","url":"https:\/\/boutique-one-piece.com\/","logo":{"@type":"ImageObject","inLanguage":"da-DK","@id":"https:\/\/boutique-one-piece.com\/#\/schema\/logo\/image\/","url":"https:\/\/boutique-one-piece.com\/wp-content\/uploads\/2022\/09\/Logo-01.png","contentUrl":"https:\/\/boutique-one-piece.com\/wp-content\/uploads\/2022\/09\/Logo-01.png","width":2318,"height":957,"caption":"Boutique One Piece"},"image":{"@id":"https:\/\/boutique-one-piece.com\/#\/schema\/logo\/image\/"}}]}},"_links":{"self":[{"href":"https:\/\/boutique-one-piece.com\/da\/wp-json\/wp\/v2\/product\/12135","targetHints":{"allow":["GET"]}}],"collection":[{"href":"https:\/\/boutique-one-piece.com\/da\/wp-json\/wp\/v2\/product"}],"about":[{"href":"https:\/\/boutique-one-piece.com\/da\/wp-json\/wp\/v2\/types\/product"}],"replies":[{"embeddable":true,"href":"https:\/\/boutique-one-piece.com\/da\/wp-json\/wp\/v2\/comments?post=12135"}],"wp:featuredmedia":[{"embeddable":true,"href":"https:\/\/boutique-one-piece.com\/da\/wp-json\/wp\/v2\/media\/12137"}],"wp:attachment":[{"href":"https:\/\/boutique-one-piece.com\/da\/wp-json\/wp\/v2\/media?parent=12135"}],"wp:term":[{"taxonomy":"product_brand","embeddable":true,"href":"https:\/\/boutique-one-piece.com\/da\/wp-json\/wp\/v2\/product_brand?post=12135"},{"taxonomy":"product_cat","embeddable":true,"href":"https:\/\/boutique-one-piece.com\/da\/wp-json\/wp\/v2\/product_cat?post=12135"},{"taxonomy":"product_tag","embeddable":true,"href":"https:\/\/boutique-one-piece.com\/da\/wp-json\/wp\/v2\/product_tag?post=12135"}],"curies":[{"name":"wp","href":"https:\/\/api.w.org\/{rel}","templated":true}]}}