{"id":12232,"date":"2022-09-27T20:54:24","date_gmt":"2022-09-27T20:54:24","guid":{"rendered":"https:\/\/boutique-one-piece.com\/uncategorized\/tableau-one-piece-shanks-et-mihawk\/"},"modified":"2024-09-26T03:33:55","modified_gmt":"2024-09-26T03:33:55","slug":"malerskaft-og-mihawk-i-et-stykke","status":"publish","type":"product","link":"https:\/\/boutique-one-piece.com\/da\/one-piece-dekorationer\/one-piece-malerier\/malerskaft-og-mihawk-i-et-stykke\/","title":{"rendered":"One Piece Painting Shanks og Mihawk"},"content":{"rendered":"<h2>One Piece 5-panels l\u00e6rredstryk med forestilling om Shanks den R\u00f8de og Dracule Mihawk, de to gamle rivaler. Et kvalitetsl\u00e6rredstryk til en pirat som dig!<\/h2>\n<p>Hvis du er en\u00a0<strong>rigtig pirat<\/strong>, Du vil s\u00e6tte pris p\u00e5\u00a0<strong>kvalitet<\/strong>\u00a0l\u00e6rred, maling og en ramme til deres\u00a0<strong>design\u00a0<\/strong>Og\u00a0<strong>3D-l\u00e6rredsprint<\/strong>\u00a0af dette\u00a0<strong>One Piece 5-panel maleri<\/strong>\u00a0Men vigtigst af alt, med dette diagram vil du v\u00e6re en del af\u00a0<strong>fanholdet<\/strong>\u00a0af\u00a0<strong>piratmanga<\/strong>\u00a0og du vil f\u00e5:<\/p>\n<ul>\n<li>\u00a0<strong>Beundring<\/strong>\u00a0af alle fans af\u00a0<strong>mugiwara<\/strong>\u00a0som du vil invitere hjem til dig<\/li>\n<\/ul>\n<ul>\n<li>En \u00e6gte\u00a0<strong>5-delt trykt diagram<\/strong>\u00a0med hvilket du kan<strong>\u00a0at forestille sig <\/strong>kampen mellem<b>\u00a0<\/b>disse<b> to kraftfulde ure<\/b>\n<\/li>\n<\/ul>\n<p>S\u00e5, klar til at vise frem\u00a0<strong>farver <\/strong>af<strong><\/strong>s<strong>\u00a0<\/strong><strong>to br\u00f8dre<\/strong>\u00a0?<\/p>\n<h2>Er du fan af One Piece manga eller anime? Vis det frem med dette 5-delte One Piece l\u00e6rredstryk!<\/h2>\n<p>Hvis du\u00a0<strong>l\u00e6se<\/strong>\u00a0eller hvor end du kigger hen\u00a0<strong>animeen\u00a0<\/strong><strong>Japansk<\/strong>, Der er en god chance for, at du er blevet\u00a0<strong>vild med One Piece<\/strong>\u00a0Med dette!\u00a0<strong>5-panelsmaleri af Shanks og Mihawk<\/strong>, slutte sig til\u2019<strong>en gruppe fans af franchisen<\/strong><\/p>\n<p>Denne\u00a0<strong>maleri<\/strong>\u00a0er tilg\u00e6ngelig med en\u00a0<strong>tr\u00e6ramme<\/strong>\u00a0varianten &quot;\u00ab\u00a0<strong>Med ramme<\/strong>\u00ab&quot;Det er ogs\u00e5 muligt kun at have\u00a0<strong>kl\u00e6de<\/strong>\u00a0med varianten &quot;\u00ab\u00a0<strong>Rammel\u00f8s<\/strong>\u00ab&quot;Du finder bordet i st\u00f8rrelserne\u00a0<strong>Lidt<\/strong>,<strong>\u00a0GENNEMSNIT<\/strong>,<strong>\u00a0Stor<\/strong>,<strong>\u00a0XL<\/strong>, Det passer til alle typer pirater, selvom du ikke har\u00a0<strong>sv\u00e6rd<\/strong>\u00a0eller\u00a0<strong>dj\u00e6velfrugt<\/strong>\u00a0du kan stadig stolt h\u00e6nge den op derhjemme<\/p>\n<p>P\u00e5 dette <strong>femdelt maleri<\/strong>, <strong>Shanks den R\u00f8de<\/strong> Og <strong>Dracule Mihawk<\/strong> Eller <strong>H\u00f8gens \u00f8je<\/strong> er side om side. Kraften, der udg\u00e5r fra dem, er h\u00e5ndgribelig. <strong>bedste sv\u00e6rdk\u00e6mper<\/strong>\u00a0af verden og en af de fire <strong>kejsere<\/strong><\/p>\n<h2>Information om maleriet:<\/h2>\n<ul>\n<li>\n<strong>Trykt l\u00e6rred i h\u00f8j kvalitet\u00a0<\/strong>v\u00e6gl\u00e6rred lavet af <strong>bomuld<\/strong> og <strong>linned<\/strong>, for at opn\u00e5 en <strong>kl\u00e6de<\/strong> v\u00e6rdig til navnet<\/li>\n<\/ul>\n<ul>\n<li>\n<strong>Ultra Design Maleri<\/strong>\u00a0Den femdelte tabel giver meget <strong>stil<\/strong> til en <strong>stykke<\/strong>, Fans kan ikke lade v\u00e6re med at elske det<\/li>\n<\/ul>\n<ul style=\"font-weight: 400\">\n<li>\n<strong>Farve og trykning\u00a0<\/strong>One Piece-maleri med et tryk <strong>Canva<\/strong> standarden inden for l\u00e6rredstryk<\/li>\n<\/ul>\n<ul style=\"font-weight: 400\">\n<li>\n<strong>Letv\u00e6gts v\u00e6gkunst<\/strong>\u00a0Fantastisk beliggenhed <strong>lys,<\/strong> alt det kr\u00e6ver er \u00e9n <strong>s\u00f8m<\/strong> eller af <strong>fast ben<\/strong> for den <strong>opretholde<\/strong> P\u00e5 <strong>v\u00e6g<\/strong>\n<\/li>\n<\/ul>\n<ul style=\"font-weight: 400\">\n<li>\n<strong>Tr\u00e6ramme<\/strong>\u00a0: varianten &quot;\u00ab\u00a0<strong>Med ramme<\/strong>\u00a0\u00bb er ledsaget af en <strong>tr\u00e6ramme<\/strong> og versionen&quot;\u00ab\u00a0<strong>Rammel\u00f8s<\/strong>\u00a0\u00bb er leveret <strong>uden tr\u00e6rammen<\/strong>\n<\/li>\n<\/ul>\n<ul style=\"font-weight: 400\">\n<li>\n<strong>Gratis levering\u00a0<\/strong>for ethvert k\u00f8b<strong>\u00a0<\/strong>\n<\/li>\n<\/ul>\n<h3>Glem ikke at tage et kig p\u00e5 st\u00f8rrelsesguiden nedenfor.<\/h3>\n<h2>\n<strong style=\"font-size: 15px\">One Piece 5-delt maleri<\/strong><span style=\"font-size: 15px\">,<\/span><strong style=\"font-size: 15px\"> <\/strong><span style=\"font-size: 15px\">St\u00f8rrelse<\/span><strong style=\"font-size: 15px\"> <\/strong><span style=\"font-size: 15px\">: <\/span><strong style=\"font-size: 15px\">Lidt<\/strong><br \/>\n<\/h2>\n<p>\u00a0<img decoding=\"async\" src=\"https:\/\/cdn.shopify.com\/s\/files\/1\/0087\/7556\/5348\/files\/guide_taille_tableau_one_piece_petit_boutique_one_piece_large.jpg?v=1560247451\" alt=\"St\u00f8rrelsesguide til 5-delt t\u00f8j (lille)\"><\/p>\n<p><strong>One Piece 5-delt maleri<\/strong>, St\u00f8rrelse<strong> <\/strong>:<strong> GENNEMSNIT<\/strong><\/p>\n<p>\u00a0<img decoding=\"async\" src=\"https:\/\/cdn.shopify.com\/s\/files\/1\/0087\/7556\/5348\/files\/guide_taille_tableau_one_piece_moyen_boutique_one_piece_large.jpg?v=1560247519\" alt=\"St\u00f8rrelsesguide \u00e9t stykke 5 stykker Medium\"><\/p>\n<p><strong>One Piece 5-delt maleri<\/strong>, St\u00f8rrelse<strong> <\/strong>: <strong>Stor<\/strong><\/p>\n<p>\u00a0<img decoding=\"async\" src=\"https:\/\/cdn.shopify.com\/s\/files\/1\/0087\/7556\/5348\/files\/guide_taille_tableau_one_piece_grand_boutique_one_piece_large.jpg?v=1560247582\" alt=\"St\u00f8rrelsesguide til 5-delt One Piece (stor)\"><\/p>\n<p><strong>One Piece 5-delt maleri<\/strong>, St\u00f8rrelse: <strong>XL<\/strong><\/p>\n<p><img decoding=\"async\" src=\"https:\/\/cdn.shopify.com\/s\/files\/1\/0087\/7556\/5348\/files\/guide_taille_tableau_one_piece_xl_boutique_one_piece_large.jpg?v=1560247610\" alt=\"One Piece 5-delt XL st\u00f8rrelsesguide\"><\/p>","protected":false},"excerpt":{"rendered":"<p>Tableau One Piece 5 Panneaux avec Shanks le Roux et Dracule Mihawk, Les Deux Anciens Rivaux, Un Tableau de qualit\u00e9 pour un pirate comme\u00a0toi\u00a0! Si tu es un\u00a0v\u00e9ritable pirate, tu seras appr\u00e9cier la\u00a0qualit\u00e9\u00a0de la toile, de la peinture et du cadre\u00a0pour leurs\u00a0conceptions\u00a0et\u00a0l&rsquo;impression 3D Canvas\u00a0de ce\u00a0tableau 5 panneaux\u00a0One Piece\u00a0!\u00a0Mais le plus important, avec ce\u00a0tableau\u00a0c\u0092est que tu\u00a0feras [&hellip;]<\/p>","protected":false},"featured_media":12234,"comment_status":"open","ping_status":"open","template":"","meta":[],"product_brand":[],"product_cat":[141],"product_tag":[272,127,142,143],"class_list":{"0":"post-12232","1":"product","2":"type-product","3":"status-publish","4":"has-post-thumbnail","6":"product_cat-tableaux-one-piece","7":"product_tag-mihawk","8":"product_tag-shanks","9":"product_tag-tableau-5-pieces","10":"product_tag-toile","12":"first","13":"instock","14":"purchasable","15":"product-type-variable"},"yoast_head":"<!-- This site is optimized with the Yoast SEO plugin v27.5 - https:\/\/yoast.com\/product\/yoast-seo-wordpress\/ -->\n<title>Tableau Cinq Pi\u00e8ces Shanks et Mihawk | Boutique One Piece<\/title>\n<meta name=\"description\" content=\"Tableau 5 Pi\u00e8ces avec L&#039;empreur Shanks le Roux et Le Corssaire Dracule Mihawk de Tr\u00e8s Haute Qualit\u00e9 : Fan de One Piece ce Tableau 5 Panneaux est Fait Pour Vous!\" \/>\n<meta name=\"robots\" content=\"index, follow, max-snippet:-1, max-image-preview:large, max-video-preview:-1\" \/>\n<link rel=\"canonical\" href=\"https:\/\/boutique-one-piece.com\/da\/one-piece-dekorationer\/one-piece-malerier\/malerskaft-og-mihawk-i-et-stykke\/\" \/>\n<meta property=\"og:locale\" content=\"da_DK\" \/>\n<meta property=\"og:type\" content=\"article\" \/>\n<meta property=\"og:title\" content=\"Tableau Cinq Pi\u00e8ces Shanks et Mihawk | Boutique One Piece\" \/>\n<meta property=\"og:description\" content=\"Tableau 5 Pi\u00e8ces avec L&#039;empreur Shanks le Roux et Le Corssaire Dracule Mihawk de Tr\u00e8s Haute Qualit\u00e9 : Fan de One Piece ce Tableau 5 Panneaux est Fait Pour Vous!\" \/>\n<meta property=\"og:url\" content=\"https:\/\/boutique-one-piece.com\/da\/one-piece-dekorationer\/one-piece-malerier\/malerskaft-og-mihawk-i-et-stykke\/\" \/>\n<meta property=\"og:site_name\" content=\"Boutique One Piece\" \/>\n<meta property=\"article:modified_time\" content=\"2024-09-26T03:33:55+00:00\" \/>\n<meta property=\"og:image\" content=\"https:\/\/boutique-one-piece.com\/wp-content\/uploads\/2022\/09\/Tableau-One-Piece-Shanks-et-Mihawk.jpg\" \/>\n\t<meta property=\"og:image:width\" content=\"600\" \/>\n\t<meta property=\"og:image:height\" content=\"600\" \/>\n\t<meta property=\"og:image:type\" content=\"image\/jpeg\" \/>\n<meta name=\"twitter:card\" content=\"summary_large_image\" \/>\n<meta name=\"twitter:label1\" content=\"Estimeret l\u00e6setid\" \/>\n\t<meta name=\"twitter:data1\" content=\"4 minutter\" \/>\n<script type=\"application\/ld+json\" class=\"yoast-schema-graph\">{\"@context\":\"https:\\\/\\\/schema.org\",\"@graph\":[{\"@type\":\"WebPage\",\"@id\":\"https:\\\/\\\/boutique-one-piece.com\\\/decorations-one-piece\\\/tableaux-one-piece\\\/tableau-one-piece-shanks-et-mihawk\\\/\",\"url\":\"https:\\\/\\\/boutique-one-piece.com\\\/decorations-one-piece\\\/tableaux-one-piece\\\/tableau-one-piece-shanks-et-mihawk\\\/\",\"name\":\"Tableau Cinq Pi\u00e8ces Shanks et Mihawk | Boutique One Piece\",\"isPartOf\":{\"@id\":\"https:\\\/\\\/boutique-one-piece.com\\\/#website\"},\"primaryImageOfPage\":{\"@id\":\"https:\\\/\\\/boutique-one-piece.com\\\/decorations-one-piece\\\/tableaux-one-piece\\\/tableau-one-piece-shanks-et-mihawk\\\/#primaryimage\"},\"image\":{\"@id\":\"https:\\\/\\\/boutique-one-piece.com\\\/decorations-one-piece\\\/tableaux-one-piece\\\/tableau-one-piece-shanks-et-mihawk\\\/#primaryimage\"},\"thumbnailUrl\":\"https:\\\/\\\/boutique-one-piece.com\\\/wp-content\\\/uploads\\\/2022\\\/09\\\/Tableau-One-Piece-Shanks-et-Mihawk.jpg\",\"datePublished\":\"2022-09-27T20:54:24+00:00\",\"dateModified\":\"2024-09-26T03:33:55+00:00\",\"description\":\"Tableau 5 Pi\u00e8ces avec L'empreur Shanks le Roux et Le Corssaire Dracule Mihawk de Tr\u00e8s Haute Qualit\u00e9 : Fan de One Piece ce Tableau 5 Panneaux est Fait Pour Vous!\",\"breadcrumb\":{\"@id\":\"https:\\\/\\\/boutique-one-piece.com\\\/decorations-one-piece\\\/tableaux-one-piece\\\/tableau-one-piece-shanks-et-mihawk\\\/#breadcrumb\"},\"inLanguage\":\"da-DK\",\"potentialAction\":[{\"@type\":\"ReadAction\",\"target\":[\"https:\\\/\\\/boutique-one-piece.com\\\/decorations-one-piece\\\/tableaux-one-piece\\\/tableau-one-piece-shanks-et-mihawk\\\/\"]}]},{\"@type\":\"ImageObject\",\"inLanguage\":\"da-DK\",\"@id\":\"https:\\\/\\\/boutique-one-piece.com\\\/decorations-one-piece\\\/tableaux-one-piece\\\/tableau-one-piece-shanks-et-mihawk\\\/#primaryimage\",\"url\":\"https:\\\/\\\/boutique-one-piece.com\\\/wp-content\\\/uploads\\\/2022\\\/09\\\/Tableau-One-Piece-Shanks-et-Mihawk.jpg\",\"contentUrl\":\"https:\\\/\\\/boutique-one-piece.com\\\/wp-content\\\/uploads\\\/2022\\\/09\\\/Tableau-One-Piece-Shanks-et-Mihawk.jpg\",\"width\":600,\"height\":600,\"caption\":\"Tableau One Piece Shanks et Mihawk XL Avec Cadre\"},{\"@type\":\"BreadcrumbList\",\"@id\":\"https:\\\/\\\/boutique-one-piece.com\\\/decorations-one-piece\\\/tableaux-one-piece\\\/tableau-one-piece-shanks-et-mihawk\\\/#breadcrumb\",\"itemListElement\":[{\"@type\":\"ListItem\",\"position\":1,\"name\":\"Home\",\"item\":\"https:\\\/\\\/boutique-one-piece.com\\\/\"},{\"@type\":\"ListItem\",\"position\":2,\"name\":\"Shop\",\"item\":\"https:\\\/\\\/boutique-one-piece.com\\\/shop\\\/\"},{\"@type\":\"ListItem\",\"position\":3,\"name\":\"Tableau One Piece Shanks et Mihawk\"}]},{\"@type\":\"WebSite\",\"@id\":\"https:\\\/\\\/boutique-one-piece.com\\\/#website\",\"url\":\"https:\\\/\\\/boutique-one-piece.com\\\/\",\"name\":\"Boutique One Piece\",\"description\":\"Magasin Sp\u00e9cialis\u00e9 du Manga et l&#039;Anime One Piece\",\"publisher\":{\"@id\":\"https:\\\/\\\/boutique-one-piece.com\\\/#organization\"},\"potentialAction\":[{\"@type\":\"SearchAction\",\"target\":{\"@type\":\"EntryPoint\",\"urlTemplate\":\"https:\\\/\\\/boutique-one-piece.com\\\/?s={search_term_string}\"},\"query-input\":{\"@type\":\"PropertyValueSpecification\",\"valueRequired\":true,\"valueName\":\"search_term_string\"}}],\"inLanguage\":\"da-DK\"},{\"@type\":\"Organization\",\"@id\":\"https:\\\/\\\/boutique-one-piece.com\\\/#organization\",\"name\":\"Boutique One Piece\",\"url\":\"https:\\\/\\\/boutique-one-piece.com\\\/\",\"logo\":{\"@type\":\"ImageObject\",\"inLanguage\":\"da-DK\",\"@id\":\"https:\\\/\\\/boutique-one-piece.com\\\/#\\\/schema\\\/logo\\\/image\\\/\",\"url\":\"https:\\\/\\\/boutique-one-piece.com\\\/wp-content\\\/uploads\\\/2022\\\/09\\\/Logo-01.png\",\"contentUrl\":\"https:\\\/\\\/boutique-one-piece.com\\\/wp-content\\\/uploads\\\/2022\\\/09\\\/Logo-01.png\",\"width\":2318,\"height\":957,\"caption\":\"Boutique One Piece\"},\"image\":{\"@id\":\"https:\\\/\\\/boutique-one-piece.com\\\/#\\\/schema\\\/logo\\\/image\\\/\"}}]}<\/script>\n<!-- \/ Yoast SEO plugin. -->","yoast_head_json":{"title":"Femdelt Shanks og Mihawk-maling | One Piece Shop","description":"5-delt l\u00e6rredstryk med Kejser Shanks den R\u00f8de og Krigsherren Dracule Mihawk - Meget h\u00f8j kvalitet: One Piece-fan, dette 5-panels l\u00e6rredstryk er skabt til dig!","robots":{"index":"index","follow":"follow","max-snippet":"max-snippet:-1","max-image-preview":"max-image-preview:large","max-video-preview":"max-video-preview:-1"},"canonical":"https:\/\/boutique-one-piece.com\/da\/one-piece-dekorationer\/one-piece-malerier\/malerskaft-og-mihawk-i-et-stykke\/","og_locale":"da_DK","og_type":"article","og_title":"Tableau Cinq Pi\u00e8ces Shanks et Mihawk | Boutique One Piece","og_description":"Tableau 5 Pi\u00e8ces avec L'empreur Shanks le Roux et Le Corssaire Dracule Mihawk de Tr\u00e8s Haute Qualit\u00e9 : Fan de One Piece ce Tableau 5 Panneaux est Fait Pour Vous!","og_url":"https:\/\/boutique-one-piece.com\/da\/one-piece-dekorationer\/one-piece-malerier\/malerskaft-og-mihawk-i-et-stykke\/","og_site_name":"Boutique One Piece","article_modified_time":"2024-09-26T03:33:55+00:00","og_image":[{"width":600,"height":600,"url":"https:\/\/boutique-one-piece.com\/wp-content\/uploads\/2022\/09\/Tableau-One-Piece-Shanks-et-Mihawk.jpg","type":"image\/jpeg"}],"twitter_card":"summary_large_image","twitter_misc":{"Estimeret l\u00e6setid":"4 minutter"},"schema":{"@context":"https:\/\/schema.org","@graph":[{"@type":"WebPage","@id":"https:\/\/boutique-one-piece.com\/decorations-one-piece\/tableaux-one-piece\/tableau-one-piece-shanks-et-mihawk\/","url":"https:\/\/boutique-one-piece.com\/decorations-one-piece\/tableaux-one-piece\/tableau-one-piece-shanks-et-mihawk\/","name":"Femdelt Shanks og Mihawk-maling | One Piece Shop","isPartOf":{"@id":"https:\/\/boutique-one-piece.com\/#website"},"primaryImageOfPage":{"@id":"https:\/\/boutique-one-piece.com\/decorations-one-piece\/tableaux-one-piece\/tableau-one-piece-shanks-et-mihawk\/#primaryimage"},"image":{"@id":"https:\/\/boutique-one-piece.com\/decorations-one-piece\/tableaux-one-piece\/tableau-one-piece-shanks-et-mihawk\/#primaryimage"},"thumbnailUrl":"https:\/\/boutique-one-piece.com\/wp-content\/uploads\/2022\/09\/Tableau-One-Piece-Shanks-et-Mihawk.jpg","datePublished":"2022-09-27T20:54:24+00:00","dateModified":"2024-09-26T03:33:55+00:00","description":"5-delt l\u00e6rredstryk med Kejser Shanks den R\u00f8de og Krigsherren Dracule Mihawk - Meget h\u00f8j kvalitet: One Piece-fan, dette 5-panels l\u00e6rredstryk er skabt til dig!","breadcrumb":{"@id":"https:\/\/boutique-one-piece.com\/decorations-one-piece\/tableaux-one-piece\/tableau-one-piece-shanks-et-mihawk\/#breadcrumb"},"inLanguage":"da-DK","potentialAction":[{"@type":"ReadAction","target":["https:\/\/boutique-one-piece.com\/decorations-one-piece\/tableaux-one-piece\/tableau-one-piece-shanks-et-mihawk\/"]}]},{"@type":"ImageObject","inLanguage":"da-DK","@id":"https:\/\/boutique-one-piece.com\/decorations-one-piece\/tableaux-one-piece\/tableau-one-piece-shanks-et-mihawk\/#primaryimage","url":"https:\/\/boutique-one-piece.com\/wp-content\/uploads\/2022\/09\/Tableau-One-Piece-Shanks-et-Mihawk.jpg","contentUrl":"https:\/\/boutique-one-piece.com\/wp-content\/uploads\/2022\/09\/Tableau-One-Piece-Shanks-et-Mihawk.jpg","width":600,"height":600,"caption":"Tableau One Piece Shanks et Mihawk XL Avec Cadre"},{"@type":"BreadcrumbList","@id":"https:\/\/boutique-one-piece.com\/decorations-one-piece\/tableaux-one-piece\/tableau-one-piece-shanks-et-mihawk\/#breadcrumb","itemListElement":[{"@type":"ListItem","position":1,"name":"Home","item":"https:\/\/boutique-one-piece.com\/"},{"@type":"ListItem","position":2,"name":"Shop","item":"https:\/\/boutique-one-piece.com\/shop\/"},{"@type":"ListItem","position":3,"name":"Tableau One Piece Shanks et Mihawk"}]},{"@type":"WebSite","@id":"https:\/\/boutique-one-piece.com\/#website","url":"https:\/\/boutique-one-piece.com\/","name":"One Piece Shop","description":"Specialbutik for One Piece Manga og Anime","publisher":{"@id":"https:\/\/boutique-one-piece.com\/#organization"},"potentialAction":[{"@type":"SearchAction","target":{"@type":"EntryPoint","urlTemplate":"https:\/\/boutique-one-piece.com\/?s={search_term_string}"},"query-input":{"@type":"PropertyValueSpecification","valueRequired":true,"valueName":"search_term_string"}}],"inLanguage":"da-DK"},{"@type":"Organization","@id":"https:\/\/boutique-one-piece.com\/#organization","name":"One Piece Shop","url":"https:\/\/boutique-one-piece.com\/","logo":{"@type":"ImageObject","inLanguage":"da-DK","@id":"https:\/\/boutique-one-piece.com\/#\/schema\/logo\/image\/","url":"https:\/\/boutique-one-piece.com\/wp-content\/uploads\/2022\/09\/Logo-01.png","contentUrl":"https:\/\/boutique-one-piece.com\/wp-content\/uploads\/2022\/09\/Logo-01.png","width":2318,"height":957,"caption":"Boutique One Piece"},"image":{"@id":"https:\/\/boutique-one-piece.com\/#\/schema\/logo\/image\/"}}]}},"_links":{"self":[{"href":"https:\/\/boutique-one-piece.com\/da\/wp-json\/wp\/v2\/product\/12232","targetHints":{"allow":["GET"]}}],"collection":[{"href":"https:\/\/boutique-one-piece.com\/da\/wp-json\/wp\/v2\/product"}],"about":[{"href":"https:\/\/boutique-one-piece.com\/da\/wp-json\/wp\/v2\/types\/product"}],"replies":[{"embeddable":true,"href":"https:\/\/boutique-one-piece.com\/da\/wp-json\/wp\/v2\/comments?post=12232"}],"wp:featuredmedia":[{"embeddable":true,"href":"https:\/\/boutique-one-piece.com\/da\/wp-json\/wp\/v2\/media\/12234"}],"wp:attachment":[{"href":"https:\/\/boutique-one-piece.com\/da\/wp-json\/wp\/v2\/media?parent=12232"}],"wp:term":[{"taxonomy":"product_brand","embeddable":true,"href":"https:\/\/boutique-one-piece.com\/da\/wp-json\/wp\/v2\/product_brand?post=12232"},{"taxonomy":"product_cat","embeddable":true,"href":"https:\/\/boutique-one-piece.com\/da\/wp-json\/wp\/v2\/product_cat?post=12232"},{"taxonomy":"product_tag","embeddable":true,"href":"https:\/\/boutique-one-piece.com\/da\/wp-json\/wp\/v2\/product_tag?post=12232"}],"curies":[{"name":"wp","href":"https:\/\/api.w.org\/{rel}","templated":true}]}}