{"id":12249,"date":"2022-09-27T20:54:24","date_gmt":"2022-09-27T20:54:24","guid":{"rendered":"https:\/\/boutique-one-piece.com\/uncategorized\/drapeau-equipage-du-clown\/"},"modified":"2024-09-16T12:50:43","modified_gmt":"2024-09-16T12:50:43","slug":"klovnebesaetningsflag","status":"publish","type":"product","link":"https:\/\/boutique-one-piece.com\/da\/one-piece-dekorationer\/one-piece-flag\/klovnebesaetningsflag\/","title":{"rendered":"Klovnebes\u00e6tningsflag"},"content":{"rendered":"<h2>Unge Nakama, k\u00f8b dig dette klovneholdsflag nu.<\/h2>\n<p>Du er uden tvivl klar over, at Jolly Roger repr\u00e6senterer bes\u00e6tningen; det er deres symbol. Generelt set <strong>flaget<\/strong> henviser enten til bes\u00e6tningens tema eller til et af dens medlemmer (ofte kaptajnen). S\u00e5ledes kan man blot ved at se en <strong>Jolly Roger<\/strong> G\u00e6t hvilken type bes\u00e6tning vi har med at g\u00f8re.<\/p>\n<p>Her har du at g\u00f8re med <strong>bes\u00e6tningen p\u00e5 Klovnen<\/strong>. Her er hvad du beh\u00f8ver at vide om denne bes\u00e6tning; Clown Pirates, ogs\u00e5 kendt som Buggy Pirates, er en piratbes\u00e6tning ledet af Buggy i One Piece-verdenen. Deres kaptajn var engang en del af Roger Pirates-bes\u00e6tningen sammen med Shanks. Hvis du forresten \u00f8nsker at skifte bes\u00e6tning, er... <a title=\"ROUX CREW FLAG\" href=\"https:\/\/boutique-one-piece.com\/da\/besaetningsflag-af-det-rode\/\" target=\"_blank\" rel=\"noopener\">Flag for Redhead-bes\u00e6tningen<\/a> er inden for din r\u00e6kkevidde.<\/p>\n<h3>S\u00e5, unge s\u00f8mand, er du overbevist af din nye bes\u00e6tning? Hvis ja, s\u00e5 g\u00f8r stolt krav p\u00e5 dit medlemskab af Klovnebes\u00e6tningen. Dette flag vil aldrig forlade dig og vil f\u00f8lge dig p\u00e5 alle dine eventyr.<\/h3>\n<p>Hvis du er her, er det fordi du er en sand fan af serien. <strong>\u00c9t stykke<\/strong>. Du har truffet det rigtige valg! Her finder du alle de legendariske genstande, der vil fordybe dig endnu engang i dit yndlings-animeunivers. S\u00e5 grib denne mulighed for at udvide din One Piece-samling. <strong>Piratkopiering<\/strong> Det er ikke f\u00e6rdigt endnu!<\/p>\n<h2>Information om Buggy the Clown-bes\u00e6tningsflaget:<\/h2>\n<ul>\n<li>\n<strong><u>One Piece-flag<\/u><\/strong>\u00a0Et \u00e6gte One Piece piratflag til sande fans<\/li>\n<\/ul>\n<ul>\n<li>\n<strong>Udskrivning i h\u00f8j kvalitet<\/strong>\u00a0pr\u00e6cise farver<\/li>\n<\/ul>\n<ul>\n<li>\n<strong>Materie<\/strong> Polyester<\/li>\n<\/ul>\n<ul>\n<li>\n<strong>Dimension<\/strong>\u00a065 cm x 90<\/li>\n<\/ul>\n<ul>\n<li><strong>GRATIS LEVERING<\/strong><\/li>\n<\/ul>","protected":false},"excerpt":{"rendered":"<p>Jeune Nakama, procure-toi d\u00e8s \u00e0 pr\u00e9sent ce Drapeau \u00c9quipage du Clown. Tu n&rsquo;es pas sans savoir que le Jolly Roger repr\u00e9sente l&rsquo;\u00e9quipage, il s&rsquo;agit de son symbole. De mani\u00e8re g\u00e9n\u00e9rale le drapeau fait soit r\u00e9f\u00e9rence au th\u00e8me de l&rsquo;\u00e9quipage, soit \u00e0 un de ses membres (souvent le capitaine). On peut ainsi juste en voyant un [&hellip;]<\/p>","protected":false},"featured_media":12251,"comment_status":"open","ping_status":"open","template":"","meta":[],"product_brand":[],"product_cat":[212],"product_tag":[354],"class_list":{"0":"post-12249","1":"product","2":"type-product","3":"status-publish","4":"has-post-thumbnail","6":"product_cat-drapeaux-one-piece","7":"product_tag-baggy","9":"first","10":"instock","11":"purchasable","12":"product-type-simple"},"yoast_head":"<!-- This site is optimized with the Yoast SEO plugin v27.5 - https:\/\/yoast.com\/product\/yoast-seo-wordpress\/ -->\n<title>Drapeau \u00c9quipage du Clown | Boutique One Piece<\/title>\n<meta name=\"description\" content=\"D\u00e9couvrez le Drapeau One Piece Baggy, d\u00e9corez votre pi\u00e8ce en portant les couleurs de Baggy ! Commencez votre aventure recherche du One Piece dans l&#039;\u00e9quipage du Clown\" \/>\n<meta name=\"robots\" content=\"index, follow, max-snippet:-1, max-image-preview:large, max-video-preview:-1\" \/>\n<link rel=\"canonical\" href=\"https:\/\/boutique-one-piece.com\/da\/one-piece-dekorationer\/one-piece-flag\/klovnebesaetningsflag\/\" \/>\n<meta property=\"og:locale\" content=\"da_DK\" \/>\n<meta property=\"og:type\" content=\"article\" \/>\n<meta property=\"og:title\" content=\"Drapeau \u00c9quipage du Clown | Boutique One Piece\" \/>\n<meta property=\"og:description\" content=\"D\u00e9couvrez le Drapeau One Piece Baggy, d\u00e9corez votre pi\u00e8ce en portant les couleurs de Baggy ! Commencez votre aventure recherche du One Piece dans l&#039;\u00e9quipage du Clown\" \/>\n<meta property=\"og:url\" content=\"https:\/\/boutique-one-piece.com\/da\/one-piece-dekorationer\/one-piece-flag\/klovnebesaetningsflag\/\" \/>\n<meta property=\"og:site_name\" content=\"Boutique One Piece\" \/>\n<meta property=\"article:modified_time\" content=\"2024-09-16T12:50:43+00:00\" \/>\n<meta property=\"og:image\" content=\"https:\/\/boutique-one-piece.com\/wp-content\/uploads\/2022\/09\/Drapeau-Equipage-du-Clown-1.jpg\" \/>\n\t<meta property=\"og:image:width\" content=\"800\" \/>\n\t<meta property=\"og:image:height\" content=\"800\" \/>\n\t<meta property=\"og:image:type\" content=\"image\/jpeg\" \/>\n<meta name=\"twitter:card\" content=\"summary_large_image\" \/>\n<meta name=\"twitter:label1\" content=\"Estimeret l\u00e6setid\" \/>\n\t<meta name=\"twitter:data1\" content=\"1 minut\" \/>\n<script type=\"application\/ld+json\" class=\"yoast-schema-graph\">{\"@context\":\"https:\\\/\\\/schema.org\",\"@graph\":[{\"@type\":\"WebPage\",\"@id\":\"https:\\\/\\\/boutique-one-piece.com\\\/decorations-one-piece\\\/drapeaux-one-piece\\\/drapeau-equipage-du-clown\\\/\",\"url\":\"https:\\\/\\\/boutique-one-piece.com\\\/decorations-one-piece\\\/drapeaux-one-piece\\\/drapeau-equipage-du-clown\\\/\",\"name\":\"Drapeau \u00c9quipage du Clown | Boutique One Piece\",\"isPartOf\":{\"@id\":\"https:\\\/\\\/boutique-one-piece.com\\\/#website\"},\"primaryImageOfPage\":{\"@id\":\"https:\\\/\\\/boutique-one-piece.com\\\/decorations-one-piece\\\/drapeaux-one-piece\\\/drapeau-equipage-du-clown\\\/#primaryimage\"},\"image\":{\"@id\":\"https:\\\/\\\/boutique-one-piece.com\\\/decorations-one-piece\\\/drapeaux-one-piece\\\/drapeau-equipage-du-clown\\\/#primaryimage\"},\"thumbnailUrl\":\"https:\\\/\\\/boutique-one-piece.com\\\/wp-content\\\/uploads\\\/2022\\\/09\\\/Drapeau-Equipage-du-Clown-1.jpg\",\"datePublished\":\"2022-09-27T20:54:24+00:00\",\"dateModified\":\"2024-09-16T12:50:43+00:00\",\"description\":\"D\u00e9couvrez le Drapeau One Piece Baggy, d\u00e9corez votre pi\u00e8ce en portant les couleurs de Baggy ! Commencez votre aventure recherche du One Piece dans l'\u00e9quipage du Clown\",\"breadcrumb\":{\"@id\":\"https:\\\/\\\/boutique-one-piece.com\\\/decorations-one-piece\\\/drapeaux-one-piece\\\/drapeau-equipage-du-clown\\\/#breadcrumb\"},\"inLanguage\":\"da-DK\",\"potentialAction\":[{\"@type\":\"ReadAction\",\"target\":[\"https:\\\/\\\/boutique-one-piece.com\\\/decorations-one-piece\\\/drapeaux-one-piece\\\/drapeau-equipage-du-clown\\\/\"]}]},{\"@type\":\"ImageObject\",\"inLanguage\":\"da-DK\",\"@id\":\"https:\\\/\\\/boutique-one-piece.com\\\/decorations-one-piece\\\/drapeaux-one-piece\\\/drapeau-equipage-du-clown\\\/#primaryimage\",\"url\":\"https:\\\/\\\/boutique-one-piece.com\\\/wp-content\\\/uploads\\\/2022\\\/09\\\/Drapeau-Equipage-du-Clown-1.jpg\",\"contentUrl\":\"https:\\\/\\\/boutique-one-piece.com\\\/wp-content\\\/uploads\\\/2022\\\/09\\\/Drapeau-Equipage-du-Clown-1.jpg\",\"width\":800,\"height\":800},{\"@type\":\"BreadcrumbList\",\"@id\":\"https:\\\/\\\/boutique-one-piece.com\\\/decorations-one-piece\\\/drapeaux-one-piece\\\/drapeau-equipage-du-clown\\\/#breadcrumb\",\"itemListElement\":[{\"@type\":\"ListItem\",\"position\":1,\"name\":\"Home\",\"item\":\"https:\\\/\\\/boutique-one-piece.com\\\/\"},{\"@type\":\"ListItem\",\"position\":2,\"name\":\"Shop\",\"item\":\"https:\\\/\\\/boutique-one-piece.com\\\/shop\\\/\"},{\"@type\":\"ListItem\",\"position\":3,\"name\":\"Drapeau \u00c9quipage du Clown\"}]},{\"@type\":\"WebSite\",\"@id\":\"https:\\\/\\\/boutique-one-piece.com\\\/#website\",\"url\":\"https:\\\/\\\/boutique-one-piece.com\\\/\",\"name\":\"Boutique One Piece\",\"description\":\"Magasin Sp\u00e9cialis\u00e9 du Manga et l&#039;Anime One Piece\",\"publisher\":{\"@id\":\"https:\\\/\\\/boutique-one-piece.com\\\/#organization\"},\"potentialAction\":[{\"@type\":\"SearchAction\",\"target\":{\"@type\":\"EntryPoint\",\"urlTemplate\":\"https:\\\/\\\/boutique-one-piece.com\\\/?s={search_term_string}\"},\"query-input\":{\"@type\":\"PropertyValueSpecification\",\"valueRequired\":true,\"valueName\":\"search_term_string\"}}],\"inLanguage\":\"da-DK\"},{\"@type\":\"Organization\",\"@id\":\"https:\\\/\\\/boutique-one-piece.com\\\/#organization\",\"name\":\"Boutique One Piece\",\"url\":\"https:\\\/\\\/boutique-one-piece.com\\\/\",\"logo\":{\"@type\":\"ImageObject\",\"inLanguage\":\"da-DK\",\"@id\":\"https:\\\/\\\/boutique-one-piece.com\\\/#\\\/schema\\\/logo\\\/image\\\/\",\"url\":\"https:\\\/\\\/boutique-one-piece.com\\\/wp-content\\\/uploads\\\/2022\\\/09\\\/Logo-01.png\",\"contentUrl\":\"https:\\\/\\\/boutique-one-piece.com\\\/wp-content\\\/uploads\\\/2022\\\/09\\\/Logo-01.png\",\"width\":2318,\"height\":957,\"caption\":\"Boutique One Piece\"},\"image\":{\"@id\":\"https:\\\/\\\/boutique-one-piece.com\\\/#\\\/schema\\\/logo\\\/image\\\/\"}}]}<\/script>\n<!-- \/ Yoast SEO plugin. -->","yoast_head_json":{"title":"Klovne Crew Flag | One Piece Shop","description":"Opdag One Piece Buggy-flaget, dekor\u00e9r dit v\u00e6relse i Buggys farver! Start dit One Piece-s\u00f8geeventyr med klovnepiraterne.","robots":{"index":"index","follow":"follow","max-snippet":"max-snippet:-1","max-image-preview":"max-image-preview:large","max-video-preview":"max-video-preview:-1"},"canonical":"https:\/\/boutique-one-piece.com\/da\/one-piece-dekorationer\/one-piece-flag\/klovnebesaetningsflag\/","og_locale":"da_DK","og_type":"article","og_title":"Drapeau \u00c9quipage du Clown | Boutique One Piece","og_description":"D\u00e9couvrez le Drapeau One Piece Baggy, d\u00e9corez votre pi\u00e8ce en portant les couleurs de Baggy ! Commencez votre aventure recherche du One Piece dans l'\u00e9quipage du Clown","og_url":"https:\/\/boutique-one-piece.com\/da\/one-piece-dekorationer\/one-piece-flag\/klovnebesaetningsflag\/","og_site_name":"Boutique One Piece","article_modified_time":"2024-09-16T12:50:43+00:00","og_image":[{"width":800,"height":800,"url":"https:\/\/boutique-one-piece.com\/wp-content\/uploads\/2022\/09\/Drapeau-Equipage-du-Clown-1.jpg","type":"image\/jpeg"}],"twitter_card":"summary_large_image","twitter_misc":{"Estimeret l\u00e6setid":"1 minut"},"schema":{"@context":"https:\/\/schema.org","@graph":[{"@type":"WebPage","@id":"https:\/\/boutique-one-piece.com\/decorations-one-piece\/drapeaux-one-piece\/drapeau-equipage-du-clown\/","url":"https:\/\/boutique-one-piece.com\/decorations-one-piece\/drapeaux-one-piece\/drapeau-equipage-du-clown\/","name":"Klovne Crew Flag | One Piece Shop","isPartOf":{"@id":"https:\/\/boutique-one-piece.com\/#website"},"primaryImageOfPage":{"@id":"https:\/\/boutique-one-piece.com\/decorations-one-piece\/drapeaux-one-piece\/drapeau-equipage-du-clown\/#primaryimage"},"image":{"@id":"https:\/\/boutique-one-piece.com\/decorations-one-piece\/drapeaux-one-piece\/drapeau-equipage-du-clown\/#primaryimage"},"thumbnailUrl":"https:\/\/boutique-one-piece.com\/wp-content\/uploads\/2022\/09\/Drapeau-Equipage-du-Clown-1.jpg","datePublished":"2022-09-27T20:54:24+00:00","dateModified":"2024-09-16T12:50:43+00:00","description":"Opdag One Piece Buggy-flaget, dekor\u00e9r dit v\u00e6relse i Buggys farver! Start dit One Piece-s\u00f8geeventyr med klovnepiraterne.","breadcrumb":{"@id":"https:\/\/boutique-one-piece.com\/decorations-one-piece\/drapeaux-one-piece\/drapeau-equipage-du-clown\/#breadcrumb"},"inLanguage":"da-DK","potentialAction":[{"@type":"ReadAction","target":["https:\/\/boutique-one-piece.com\/decorations-one-piece\/drapeaux-one-piece\/drapeau-equipage-du-clown\/"]}]},{"@type":"ImageObject","inLanguage":"da-DK","@id":"https:\/\/boutique-one-piece.com\/decorations-one-piece\/drapeaux-one-piece\/drapeau-equipage-du-clown\/#primaryimage","url":"https:\/\/boutique-one-piece.com\/wp-content\/uploads\/2022\/09\/Drapeau-Equipage-du-Clown-1.jpg","contentUrl":"https:\/\/boutique-one-piece.com\/wp-content\/uploads\/2022\/09\/Drapeau-Equipage-du-Clown-1.jpg","width":800,"height":800},{"@type":"BreadcrumbList","@id":"https:\/\/boutique-one-piece.com\/decorations-one-piece\/drapeaux-one-piece\/drapeau-equipage-du-clown\/#breadcrumb","itemListElement":[{"@type":"ListItem","position":1,"name":"Home","item":"https:\/\/boutique-one-piece.com\/"},{"@type":"ListItem","position":2,"name":"Shop","item":"https:\/\/boutique-one-piece.com\/shop\/"},{"@type":"ListItem","position":3,"name":"Drapeau \u00c9quipage du Clown"}]},{"@type":"WebSite","@id":"https:\/\/boutique-one-piece.com\/#website","url":"https:\/\/boutique-one-piece.com\/","name":"One Piece Shop","description":"Specialbutik for One Piece Manga og Anime","publisher":{"@id":"https:\/\/boutique-one-piece.com\/#organization"},"potentialAction":[{"@type":"SearchAction","target":{"@type":"EntryPoint","urlTemplate":"https:\/\/boutique-one-piece.com\/?s={search_term_string}"},"query-input":{"@type":"PropertyValueSpecification","valueRequired":true,"valueName":"search_term_string"}}],"inLanguage":"da-DK"},{"@type":"Organization","@id":"https:\/\/boutique-one-piece.com\/#organization","name":"One Piece Shop","url":"https:\/\/boutique-one-piece.com\/","logo":{"@type":"ImageObject","inLanguage":"da-DK","@id":"https:\/\/boutique-one-piece.com\/#\/schema\/logo\/image\/","url":"https:\/\/boutique-one-piece.com\/wp-content\/uploads\/2022\/09\/Logo-01.png","contentUrl":"https:\/\/boutique-one-piece.com\/wp-content\/uploads\/2022\/09\/Logo-01.png","width":2318,"height":957,"caption":"Boutique One Piece"},"image":{"@id":"https:\/\/boutique-one-piece.com\/#\/schema\/logo\/image\/"}}]}},"_links":{"self":[{"href":"https:\/\/boutique-one-piece.com\/da\/wp-json\/wp\/v2\/product\/12249","targetHints":{"allow":["GET"]}}],"collection":[{"href":"https:\/\/boutique-one-piece.com\/da\/wp-json\/wp\/v2\/product"}],"about":[{"href":"https:\/\/boutique-one-piece.com\/da\/wp-json\/wp\/v2\/types\/product"}],"replies":[{"embeddable":true,"href":"https:\/\/boutique-one-piece.com\/da\/wp-json\/wp\/v2\/comments?post=12249"}],"wp:featuredmedia":[{"embeddable":true,"href":"https:\/\/boutique-one-piece.com\/da\/wp-json\/wp\/v2\/media\/12251"}],"wp:attachment":[{"href":"https:\/\/boutique-one-piece.com\/da\/wp-json\/wp\/v2\/media?parent=12249"}],"wp:term":[{"taxonomy":"product_brand","embeddable":true,"href":"https:\/\/boutique-one-piece.com\/da\/wp-json\/wp\/v2\/product_brand?post=12249"},{"taxonomy":"product_cat","embeddable":true,"href":"https:\/\/boutique-one-piece.com\/da\/wp-json\/wp\/v2\/product_cat?post=12249"},{"taxonomy":"product_tag","embeddable":true,"href":"https:\/\/boutique-one-piece.com\/da\/wp-json\/wp\/v2\/product_tag?post=12249"}],"curies":[{"name":"wp","href":"https:\/\/api.w.org\/{rel}","templated":true}]}}