{"id":12277,"date":"2022-09-27T20:54:38","date_gmt":"2022-09-27T20:54:38","guid":{"rendered":"https:\/\/boutique-one-piece.com\/uncategorized\/avis-de-recherche-baggy-wanted\/"},"modified":"2024-09-16T12:51:05","modified_gmt":"2024-09-16T12:51:05","slug":"baggy-wanted-plakat","status":"publish","type":"product","link":"https:\/\/boutique-one-piece.com\/da\/one-piece-efterlysningsplakat\/baggy-wanted-plakat\/","title":{"rendered":"Baggy \u00d8nskes Meddelelse"},"content":{"rendered":"<h2>Er du fan af de sjove figurer fra One Piece? S\u00e5 lad dig overbevise af denne Baggy Wanted-plakat.<\/h2>\n<p>Baggy, ogs\u00e5 kaldet &quot;\u00ab\u00a0<strong>Baggy klovnen<\/strong>\u00a0\u00bb&quot; er en pirat, der optr\u00e6der meget ofte i den nuv\u00e6rende One Piece-historie. Han er <strong>Luffys f\u00f8rste fjende<\/strong> Som pirater vil de regelm\u00e6ssigt m\u00f8des i l\u00f8bet af deres eventyr. Selvom Buggy er Luffys fjende fra starten og er t\u00e6t p\u00e5 at dr\u00e6be ham, afsl\u00f8rer deres forskellige m\u00f8der en gensidig respekt for hinanden, p\u00e5 trods af udseendet.<\/p>\n<h3>Dekorer dit kontor med denne efterlysningsplakat med forbillede i klovnen Buggy.<\/h3>\n<p>Baggy spiste frugten af <strong>Bara Bara, nu mi<\/strong>, Dette g\u00f8r det muligt for ham at fragmentere efter behag, hvilket g\u00f8r ham immun over for skader fra skarpe genstande. Han ligner ogs\u00e5 Luffy, idet han form\u00e5r at vinde tilliden hos mange pirater og marinesoldater, han m\u00f8der. Det er s\u00e5dan, han form\u00e5r at opn\u00e5 positionen som <strong>Shichibukai<\/strong> efter Marineford, selvom han faktisk ikke bidrog til slaget. Dus\u00f8ren for hans tilfangetagelse eller d\u00f8d er 15 millioner b\u00e6r.<\/p>\n<p>Hvis du kan lide vores plakater, s\u00e5 <a href=\"https:\/\/boutique-one-piece.com\/da\/plakat-efterlyst-snigskytte\/\" target=\"_blank\" title=\"Sogeking \u00f8nskede besked\" rel=\"noopener noreferrer\">Sogeking \u00f8nskede besked<\/a> Du burde kunne lide det.<\/p>\n<h2>Information om One Piece Wanted: Buggy the Clown-plakaten<\/h2>\n<ul>\n<li><span><b><u>One Piece Wanted-plakat<\/u><\/b>\u00a0En \u00e6gte One Piece-efterlysningsplakat til \u00e6gte pirater<\/span><\/li>\n<\/ul>\n<ul>\n<li>\n<b><u>Baggys Prime<\/u><\/b>\u00a015.000.000 b\u00e6r<\/li>\n<\/ul>\n<ul>\n<li><span><strong>Udskrivning i h\u00f8j kvalitet<\/strong>\u00a0pr\u00e6cise farver<\/span><\/li>\n<\/ul>\n<ul>\n<li>\n<strong>Dimension<\/strong>\u00a042 cm x 30 cm<\/li>\n<\/ul>\n<ul>\n<li><span><strong>GRATIS LEVERING<\/strong><\/span><\/li>\n<\/ul>","protected":false},"excerpt":{"rendered":"<p>Tu es un adepte des personnages dr\u00f4les de One Piece ? Alors laisse-toi convaincre par cet Avis de Recherche Baggy Wanted. Baggy, \u00e9galement surnomm\u00e9 \u00ab\u00a0Baggy le Clown\u00a0\u00bb est un pirate que l&rsquo;on retrouve tr\u00e8s souvent dans l&rsquo;histoire actuelle de One Piece. Il est le premier ennemi de Luffy en tant que pirate et ils se [&hellip;]<\/p>","protected":false},"featured_media":12279,"comment_status":"open","ping_status":"open","template":"","meta":[],"product_brand":[],"product_cat":[171],"product_tag":[],"class_list":{"0":"post-12277","1":"product","2":"type-product","3":"status-publish","4":"has-post-thumbnail","6":"product_cat-avis-de-recherche-one-piece","8":"first","9":"instock","10":"purchasable","11":"product-type-simple"},"yoast_head":"<!-- This site is optimized with the Yoast SEO plugin v27.5 - https:\/\/yoast.com\/product\/yoast-seo-wordpress\/ -->\n<title>Avis De Recherche Baggy Wanted | D\u00e9coration One Piece \u2013 Boutique One Piece<\/title>\n<meta name=\"description\" content=\"Tu es un adepte des personnages dr\u00f4les de One Piece ? Alors laisse-toi convaincre par cet Avis de Recherche Baggy Wanted. Baggy, \u00e9galement surnomm\u00e9 &quot;Baggy le Clown&quot; est un pirate que l&#039;on retrouve tr\u00e8s souvent dans l&#039;histoire actuelle de One Piece. Il est le premier ennemi de Luffy en tant que pirate et ils se croisero\" \/>\n<meta name=\"robots\" content=\"index, follow, max-snippet:-1, max-image-preview:large, max-video-preview:-1\" \/>\n<link rel=\"canonical\" href=\"https:\/\/boutique-one-piece.com\/da\/one-piece-efterlysningsplakat\/baggy-wanted-plakat\/\" \/>\n<meta property=\"og:locale\" content=\"da_DK\" \/>\n<meta property=\"og:type\" content=\"article\" \/>\n<meta property=\"og:title\" content=\"Avis De Recherche Baggy Wanted | D\u00e9coration One Piece \u2013 Boutique One Piece\" \/>\n<meta property=\"og:description\" content=\"Tu es un adepte des personnages dr\u00f4les de One Piece ? Alors laisse-toi convaincre par cet Avis de Recherche Baggy Wanted. Baggy, \u00e9galement surnomm\u00e9 &quot;Baggy le Clown&quot; est un pirate que l&#039;on retrouve tr\u00e8s souvent dans l&#039;histoire actuelle de One Piece. Il est le premier ennemi de Luffy en tant que pirate et ils se croisero\" \/>\n<meta property=\"og:url\" content=\"https:\/\/boutique-one-piece.com\/da\/one-piece-efterlysningsplakat\/baggy-wanted-plakat\/\" \/>\n<meta property=\"og:site_name\" content=\"Boutique One Piece\" \/>\n<meta property=\"article:modified_time\" content=\"2024-09-16T12:51:05+00:00\" \/>\n<meta property=\"og:image\" content=\"https:\/\/boutique-one-piece.com\/wp-content\/uploads\/2022\/09\/Avis-De-Recherche-Baggy-Wanted-1.jpg\" \/>\n\t<meta property=\"og:image:width\" content=\"800\" \/>\n\t<meta property=\"og:image:height\" content=\"800\" \/>\n\t<meta property=\"og:image:type\" content=\"image\/jpeg\" \/>\n<meta name=\"twitter:card\" content=\"summary_large_image\" \/>\n<meta name=\"twitter:label1\" content=\"Estimeret l\u00e6setid\" \/>\n\t<meta name=\"twitter:data1\" content=\"1 minut\" \/>\n<script type=\"application\/ld+json\" class=\"yoast-schema-graph\">{\"@context\":\"https:\\\/\\\/schema.org\",\"@graph\":[{\"@type\":\"WebPage\",\"@id\":\"https:\\\/\\\/boutique-one-piece.com\\\/avis-de-recherche-one-piece\\\/avis-de-recherche-baggy-wanted\\\/\",\"url\":\"https:\\\/\\\/boutique-one-piece.com\\\/avis-de-recherche-one-piece\\\/avis-de-recherche-baggy-wanted\\\/\",\"name\":\"Avis De Recherche Baggy Wanted | D\u00e9coration One Piece \u2013 Boutique One Piece\",\"isPartOf\":{\"@id\":\"https:\\\/\\\/boutique-one-piece.com\\\/#website\"},\"primaryImageOfPage\":{\"@id\":\"https:\\\/\\\/boutique-one-piece.com\\\/avis-de-recherche-one-piece\\\/avis-de-recherche-baggy-wanted\\\/#primaryimage\"},\"image\":{\"@id\":\"https:\\\/\\\/boutique-one-piece.com\\\/avis-de-recherche-one-piece\\\/avis-de-recherche-baggy-wanted\\\/#primaryimage\"},\"thumbnailUrl\":\"https:\\\/\\\/boutique-one-piece.com\\\/wp-content\\\/uploads\\\/2022\\\/09\\\/Avis-De-Recherche-Baggy-Wanted-1.jpg\",\"datePublished\":\"2022-09-27T20:54:38+00:00\",\"dateModified\":\"2024-09-16T12:51:05+00:00\",\"description\":\"Tu es un adepte des personnages dr\u00f4les de One Piece ? Alors laisse-toi convaincre par cet Avis de Recherche Baggy Wanted. Baggy, \u00e9galement surnomm\u00e9 \\\"Baggy le Clown\\\" est un pirate que l'on retrouve tr\u00e8s souvent dans l'histoire actuelle de One Piece. Il est le premier ennemi de Luffy en tant que pirate et ils se croisero\",\"breadcrumb\":{\"@id\":\"https:\\\/\\\/boutique-one-piece.com\\\/avis-de-recherche-one-piece\\\/avis-de-recherche-baggy-wanted\\\/#breadcrumb\"},\"inLanguage\":\"da-DK\",\"potentialAction\":[{\"@type\":\"ReadAction\",\"target\":[\"https:\\\/\\\/boutique-one-piece.com\\\/avis-de-recherche-one-piece\\\/avis-de-recherche-baggy-wanted\\\/\"]}]},{\"@type\":\"ImageObject\",\"inLanguage\":\"da-DK\",\"@id\":\"https:\\\/\\\/boutique-one-piece.com\\\/avis-de-recherche-one-piece\\\/avis-de-recherche-baggy-wanted\\\/#primaryimage\",\"url\":\"https:\\\/\\\/boutique-one-piece.com\\\/wp-content\\\/uploads\\\/2022\\\/09\\\/Avis-De-Recherche-Baggy-Wanted-1.jpg\",\"contentUrl\":\"https:\\\/\\\/boutique-one-piece.com\\\/wp-content\\\/uploads\\\/2022\\\/09\\\/Avis-De-Recherche-Baggy-Wanted-1.jpg\",\"width\":800,\"height\":800},{\"@type\":\"BreadcrumbList\",\"@id\":\"https:\\\/\\\/boutique-one-piece.com\\\/avis-de-recherche-one-piece\\\/avis-de-recherche-baggy-wanted\\\/#breadcrumb\",\"itemListElement\":[{\"@type\":\"ListItem\",\"position\":1,\"name\":\"Home\",\"item\":\"https:\\\/\\\/boutique-one-piece.com\\\/\"},{\"@type\":\"ListItem\",\"position\":2,\"name\":\"Shop\",\"item\":\"https:\\\/\\\/boutique-one-piece.com\\\/shop\\\/\"},{\"@type\":\"ListItem\",\"position\":3,\"name\":\"Avis De Recherche Baggy Wanted\"}]},{\"@type\":\"WebSite\",\"@id\":\"https:\\\/\\\/boutique-one-piece.com\\\/#website\",\"url\":\"https:\\\/\\\/boutique-one-piece.com\\\/\",\"name\":\"Boutique One Piece\",\"description\":\"Magasin Sp\u00e9cialis\u00e9 du Manga et l&#039;Anime One Piece\",\"publisher\":{\"@id\":\"https:\\\/\\\/boutique-one-piece.com\\\/#organization\"},\"potentialAction\":[{\"@type\":\"SearchAction\",\"target\":{\"@type\":\"EntryPoint\",\"urlTemplate\":\"https:\\\/\\\/boutique-one-piece.com\\\/?s={search_term_string}\"},\"query-input\":{\"@type\":\"PropertyValueSpecification\",\"valueRequired\":true,\"valueName\":\"search_term_string\"}}],\"inLanguage\":\"da-DK\"},{\"@type\":\"Organization\",\"@id\":\"https:\\\/\\\/boutique-one-piece.com\\\/#organization\",\"name\":\"Boutique One Piece\",\"url\":\"https:\\\/\\\/boutique-one-piece.com\\\/\",\"logo\":{\"@type\":\"ImageObject\",\"inLanguage\":\"da-DK\",\"@id\":\"https:\\\/\\\/boutique-one-piece.com\\\/#\\\/schema\\\/logo\\\/image\\\/\",\"url\":\"https:\\\/\\\/boutique-one-piece.com\\\/wp-content\\\/uploads\\\/2022\\\/09\\\/Logo-01.png\",\"contentUrl\":\"https:\\\/\\\/boutique-one-piece.com\\\/wp-content\\\/uploads\\\/2022\\\/09\\\/Logo-01.png\",\"width\":2318,\"height\":957,\"caption\":\"Boutique One Piece\"},\"image\":{\"@id\":\"https:\\\/\\\/boutique-one-piece.com\\\/#\\\/schema\\\/logo\\\/image\\\/\"}}]}<\/script>\n<!-- \/ Yoast SEO plugin. -->","yoast_head_json":{"title":"Baggy Wanted-plakat | One Piece-dekoration \u2013 One Piece-butik","description":"Er du fan af de sjove figurer i One Piece? S\u00e5 lad dig overbevise af denne Baggy Wanted-plakat. Baggy, ogs\u00e5 kendt som &quot;Buggy the Clown&quot;, er en pirat, der optr\u00e6der meget ofte i den nuv\u00e6rende One Piece-historie. Han er Luffys f\u00f8rste fjende som pirat, og de vil krydse veje...","robots":{"index":"index","follow":"follow","max-snippet":"max-snippet:-1","max-image-preview":"max-image-preview:large","max-video-preview":"max-video-preview:-1"},"canonical":"https:\/\/boutique-one-piece.com\/da\/one-piece-efterlysningsplakat\/baggy-wanted-plakat\/","og_locale":"da_DK","og_type":"article","og_title":"Avis De Recherche Baggy Wanted | D\u00e9coration One Piece \u2013 Boutique One Piece","og_description":"Tu es un adepte des personnages dr\u00f4les de One Piece ? Alors laisse-toi convaincre par cet Avis de Recherche Baggy Wanted. Baggy, \u00e9galement surnomm\u00e9 \"Baggy le Clown\" est un pirate que l'on retrouve tr\u00e8s souvent dans l'histoire actuelle de One Piece. Il est le premier ennemi de Luffy en tant que pirate et ils se croisero","og_url":"https:\/\/boutique-one-piece.com\/da\/one-piece-efterlysningsplakat\/baggy-wanted-plakat\/","og_site_name":"Boutique One Piece","article_modified_time":"2024-09-16T12:51:05+00:00","og_image":[{"width":800,"height":800,"url":"https:\/\/boutique-one-piece.com\/wp-content\/uploads\/2022\/09\/Avis-De-Recherche-Baggy-Wanted-1.jpg","type":"image\/jpeg"}],"twitter_card":"summary_large_image","twitter_misc":{"Estimeret l\u00e6setid":"1 minut"},"schema":{"@context":"https:\/\/schema.org","@graph":[{"@type":"WebPage","@id":"https:\/\/boutique-one-piece.com\/avis-de-recherche-one-piece\/avis-de-recherche-baggy-wanted\/","url":"https:\/\/boutique-one-piece.com\/avis-de-recherche-one-piece\/avis-de-recherche-baggy-wanted\/","name":"Baggy Wanted-plakat | One Piece-dekoration \u2013 One Piece-butik","isPartOf":{"@id":"https:\/\/boutique-one-piece.com\/#website"},"primaryImageOfPage":{"@id":"https:\/\/boutique-one-piece.com\/avis-de-recherche-one-piece\/avis-de-recherche-baggy-wanted\/#primaryimage"},"image":{"@id":"https:\/\/boutique-one-piece.com\/avis-de-recherche-one-piece\/avis-de-recherche-baggy-wanted\/#primaryimage"},"thumbnailUrl":"https:\/\/boutique-one-piece.com\/wp-content\/uploads\/2022\/09\/Avis-De-Recherche-Baggy-Wanted-1.jpg","datePublished":"2022-09-27T20:54:38+00:00","dateModified":"2024-09-16T12:51:05+00:00","description":"Er du fan af de sjove figurer i One Piece? S\u00e5 lad dig overbevise af denne Baggy Wanted-plakat. Baggy, ogs\u00e5 kendt som &quot;Buggy the Clown&quot;, er en pirat, der optr\u00e6der meget ofte i den nuv\u00e6rende One Piece-historie. Han er Luffys f\u00f8rste fjende som pirat, og de vil krydse veje...","breadcrumb":{"@id":"https:\/\/boutique-one-piece.com\/avis-de-recherche-one-piece\/avis-de-recherche-baggy-wanted\/#breadcrumb"},"inLanguage":"da-DK","potentialAction":[{"@type":"ReadAction","target":["https:\/\/boutique-one-piece.com\/avis-de-recherche-one-piece\/avis-de-recherche-baggy-wanted\/"]}]},{"@type":"ImageObject","inLanguage":"da-DK","@id":"https:\/\/boutique-one-piece.com\/avis-de-recherche-one-piece\/avis-de-recherche-baggy-wanted\/#primaryimage","url":"https:\/\/boutique-one-piece.com\/wp-content\/uploads\/2022\/09\/Avis-De-Recherche-Baggy-Wanted-1.jpg","contentUrl":"https:\/\/boutique-one-piece.com\/wp-content\/uploads\/2022\/09\/Avis-De-Recherche-Baggy-Wanted-1.jpg","width":800,"height":800},{"@type":"BreadcrumbList","@id":"https:\/\/boutique-one-piece.com\/avis-de-recherche-one-piece\/avis-de-recherche-baggy-wanted\/#breadcrumb","itemListElement":[{"@type":"ListItem","position":1,"name":"Home","item":"https:\/\/boutique-one-piece.com\/"},{"@type":"ListItem","position":2,"name":"Shop","item":"https:\/\/boutique-one-piece.com\/shop\/"},{"@type":"ListItem","position":3,"name":"Avis De Recherche Baggy Wanted"}]},{"@type":"WebSite","@id":"https:\/\/boutique-one-piece.com\/#website","url":"https:\/\/boutique-one-piece.com\/","name":"One Piece Shop","description":"Specialbutik for One Piece Manga og Anime","publisher":{"@id":"https:\/\/boutique-one-piece.com\/#organization"},"potentialAction":[{"@type":"SearchAction","target":{"@type":"EntryPoint","urlTemplate":"https:\/\/boutique-one-piece.com\/?s={search_term_string}"},"query-input":{"@type":"PropertyValueSpecification","valueRequired":true,"valueName":"search_term_string"}}],"inLanguage":"da-DK"},{"@type":"Organization","@id":"https:\/\/boutique-one-piece.com\/#organization","name":"One Piece Shop","url":"https:\/\/boutique-one-piece.com\/","logo":{"@type":"ImageObject","inLanguage":"da-DK","@id":"https:\/\/boutique-one-piece.com\/#\/schema\/logo\/image\/","url":"https:\/\/boutique-one-piece.com\/wp-content\/uploads\/2022\/09\/Logo-01.png","contentUrl":"https:\/\/boutique-one-piece.com\/wp-content\/uploads\/2022\/09\/Logo-01.png","width":2318,"height":957,"caption":"Boutique One Piece"},"image":{"@id":"https:\/\/boutique-one-piece.com\/#\/schema\/logo\/image\/"}}]}},"_links":{"self":[{"href":"https:\/\/boutique-one-piece.com\/da\/wp-json\/wp\/v2\/product\/12277","targetHints":{"allow":["GET"]}}],"collection":[{"href":"https:\/\/boutique-one-piece.com\/da\/wp-json\/wp\/v2\/product"}],"about":[{"href":"https:\/\/boutique-one-piece.com\/da\/wp-json\/wp\/v2\/types\/product"}],"replies":[{"embeddable":true,"href":"https:\/\/boutique-one-piece.com\/da\/wp-json\/wp\/v2\/comments?post=12277"}],"wp:featuredmedia":[{"embeddable":true,"href":"https:\/\/boutique-one-piece.com\/da\/wp-json\/wp\/v2\/media\/12279"}],"wp:attachment":[{"href":"https:\/\/boutique-one-piece.com\/da\/wp-json\/wp\/v2\/media?parent=12277"}],"wp:term":[{"taxonomy":"product_brand","embeddable":true,"href":"https:\/\/boutique-one-piece.com\/da\/wp-json\/wp\/v2\/product_brand?post=12277"},{"taxonomy":"product_cat","embeddable":true,"href":"https:\/\/boutique-one-piece.com\/da\/wp-json\/wp\/v2\/product_cat?post=12277"},{"taxonomy":"product_tag","embeddable":true,"href":"https:\/\/boutique-one-piece.com\/da\/wp-json\/wp\/v2\/product_tag?post=12277"}],"curies":[{"name":"wp","href":"https:\/\/api.w.org\/{rel}","templated":true}]}}