{"id":12332,"date":"2022-09-27T20:55:08","date_gmt":"2022-09-27T20:55:08","guid":{"rendered":"https:\/\/boutique-one-piece.com\/uncategorized\/figurine-pop-zoro-bras-droit-de-luffy\/"},"modified":"2026-01-29T07:18:19","modified_gmt":"2026-01-29T07:18:19","slug":"zoro-pop-figur-luffys-hojre-arm","status":"publish","type":"product","link":"https:\/\/boutique-one-piece.com\/da\/one-piece-figurer-2\/zoro-pop-figur-luffys-hojre-arm\/","title":{"rendered":"Pop! Figur Zoro, Luffys h\u00f8jre arm"},"content":{"rendered":"<h2>Unge medlem af Straw Hat-holdet, tiden er kommet til, at du f\u00e5r fat i denne popfigur Zoro Luffys h\u00f8jre arm.<\/h2>\n<p>Her er hvad du beh\u00f8ver at vide om ham; ; <strong> Zoro<\/strong> var det f\u00f8rste medlem, der sluttede sig til Straw Hat Crew, han er den <strong>f\u00f8rste og vigtigste sv\u00e6rdk\u00e6mper<\/strong>. Hans ambition er at blive verdens bedste sv\u00e6rdk\u00e6mper, og han har vist en jernvilje for at opn\u00e5 dette.<\/p>\n<p>Han er en mester i sv\u00e6rdk\u00e6mper, der kan bruge adskillige kampstile, hvis karakteristiske tr\u00e6k ligger i antallet af sv\u00e6rd, han bruger. Hans kampf\u00e6rdigheder er s\u00e5 store, at han nogle gange giver dem uden for bes\u00e6tningen indtryk af, at han er den sande kaptajn.<\/p>\n<p>Desuden, hvis du er s\u00e6rligt glad for karakteren Zoro, <a title=\"ONE PIECE FIGURIN ZORO OG HANS SABLE\" href=\"https:\/\/boutique-one-piece.com\/da\/figurine-one-piece-%20zoro-et-ses-sabres\/\" target=\"_blank\" rel=\"noopener\" class=\"broken_link\">figur hvor han er med sine 3 sv\u00e6rd<\/a> er inden for din r\u00e6kkevidde. For at vende tilbage til Zoro og hans forhold til Luffy, b\u00f8r du vide, at Zoro implicit stoler p\u00e5 Luffy og altid f\u00f8lger hans beslutninger uanset konsekvenserne, idet han erkender, at det er kaptajnens beslutning, som en bes\u00e6tning skal udf\u00f8re uden sp\u00f8rgsm\u00e5l.<\/p>\n<h3>S\u00e5 er du betaget af Zoro-popfiguren? Hvis ja, s\u00e5 vent ikke l\u00e6ngere og grib chancen for at slutte dig til bes\u00e6tningen p\u00e5 Thousand Sunny.<\/h3>\n<p>Uanset om du er en mange\u00e5rig fan eller en erfaren samler, beh\u00f8ver du ikke lede l\u00e6ngere \u2013 disse genstande er helt sikkert noget for dig. Perfekte til at give som gave, dekorere eller tilf\u00f8je til din samling, vil disse genstande forbedre din stil. <strong>dit One Piece-univers<\/strong>. Tag din sk\u00e6bne i dine egne h\u00e6nder. <strong>ung pirat<\/strong> og oplevede mange eventyr, det ene mere sp\u00e6ndende end det forrige.<\/p>\n<h2>Information om Pop! Zoro-figuren, Luffys h\u00f8jre arm\u00a0<\/h2>\n<ul>\n<li><span><b><u>One Piece-figur<\/u><\/b>\u00a0Premium One Piece-figur til \u00e6gte pirater<\/span><\/li>\n<\/ul>\n<ul>\n<li>\n<b>Materie<\/b><span>\u00a0<\/span>PVC<\/li>\n<\/ul>\n<ul>\n<li><span><strong>Dimension<\/strong>\u00a0: 10 cm<\/span><\/li>\n<\/ul>\n<ul>\n<li><span><strong>GRATIS LEVERING<\/strong><\/span><\/li>\n<\/ul>","protected":false},"excerpt":{"rendered":"<p>Jeune membre de l&rsquo;\u00e9quipage de Chapeau de paille, le moment est venu pour toi de te procurer cette Figurine Pop Zoro Bras Droit De Luffy. Voici ce que tu dois savoir \u00e0 son sujet ; Zoro fut le premier membre \u00e0 rejoindre l&rsquo;\u00c9quipage du Chapeau de Paille, il en est le premier et principal \u00e9p\u00e9iste. [&hellip;]<\/p>","protected":false},"featured_media":12334,"comment_status":"open","ping_status":"open","template":"","meta":[],"product_brand":[],"product_cat":[76,334,162,151],"product_tag":[335,113],"class_list":{"0":"post-12332","1":"product","2":"type-product","3":"status-publish","4":"has-post-thumbnail","6":"product_cat-figurines-one-piece","7":"product_cat-figurines-pop-one-piece","8":"product_cat-figurines-roronoa-zoro","9":"product_cat-goodies-roronoa-zoro-one-piece","10":"product_tag-figurine-pop","11":"product_tag-zoro","13":"first","14":"instock","15":"purchasable","16":"product-type-simple"},"yoast_head":"<!-- This site is optimized with the Yoast SEO plugin v27.5 - https:\/\/yoast.com\/product\/yoast-seo-wordpress\/ -->\n<title>Figurine Pop Zoro Bras Droit De Luffy | Figurine One Piece \u2013 Boutique One Piece<\/title>\n<meta name=\"description\" content=\"Jeune membre de l&#039;\u00e9quipage de Chapeau de paille, le moment est venu pour toi de te procurer cette Figurine Pop Zoro Bras Droit De Luffy. Voici ce que tu dois savoir \u00e0 son sujet ; Zoro fut le premier membre \u00e0 rejoindre l&#039;\u00c9quipage du Chapeau de Paille, il en est le premier et principal \u00e9p\u00e9iste. Son ambition est de deveni\" \/>\n<meta name=\"robots\" content=\"index, follow, max-snippet:-1, max-image-preview:large, max-video-preview:-1\" \/>\n<link rel=\"canonical\" href=\"https:\/\/boutique-one-piece.com\/da\/one-piece-figurer-2\/zoro-pop-figur-luffys-hojre-arm\/\" \/>\n<meta property=\"og:locale\" content=\"da_DK\" \/>\n<meta property=\"og:type\" content=\"article\" \/>\n<meta property=\"og:title\" content=\"Figurine Pop Zoro Bras Droit De Luffy | Figurine One Piece \u2013 Boutique One Piece\" \/>\n<meta property=\"og:description\" content=\"Jeune membre de l&#039;\u00e9quipage de Chapeau de paille, le moment est venu pour toi de te procurer cette Figurine Pop Zoro Bras Droit De Luffy. Voici ce que tu dois savoir \u00e0 son sujet ; Zoro fut le premier membre \u00e0 rejoindre l&#039;\u00c9quipage du Chapeau de Paille, il en est le premier et principal \u00e9p\u00e9iste. Son ambition est de deveni\" \/>\n<meta property=\"og:url\" content=\"https:\/\/boutique-one-piece.com\/da\/one-piece-figurer-2\/zoro-pop-figur-luffys-hojre-arm\/\" \/>\n<meta property=\"og:site_name\" content=\"Boutique One Piece\" \/>\n<meta property=\"article:modified_time\" content=\"2026-01-29T07:18:19+00:00\" \/>\n<meta property=\"og:image\" content=\"https:\/\/boutique-one-piece.com\/wp-content\/uploads\/2022\/09\/Figurine-Pop-Zoro-Bras-Droit-De-Luffy.jpg\" \/>\n\t<meta property=\"og:image:width\" content=\"640\" \/>\n\t<meta property=\"og:image:height\" content=\"640\" \/>\n\t<meta property=\"og:image:type\" content=\"image\/jpeg\" \/>\n<meta name=\"twitter:card\" content=\"summary_large_image\" \/>\n<meta name=\"twitter:label1\" content=\"Estimeret l\u00e6setid\" \/>\n\t<meta name=\"twitter:data1\" content=\"2 minutter\" \/>\n<script type=\"application\/ld+json\" class=\"yoast-schema-graph\">{\"@context\":\"https:\\\/\\\/schema.org\",\"@graph\":[{\"@type\":\"WebPage\",\"@id\":\"https:\\\/\\\/boutique-one-piece.com\\\/figurines-one-piece\\\/figurine-pop-zoro-bras-droit-de-luffy\\\/\",\"url\":\"https:\\\/\\\/boutique-one-piece.com\\\/figurines-one-piece\\\/figurine-pop-zoro-bras-droit-de-luffy\\\/\",\"name\":\"Figurine Pop Zoro Bras Droit De Luffy | Figurine One Piece \u2013 Boutique One Piece\",\"isPartOf\":{\"@id\":\"https:\\\/\\\/boutique-one-piece.com\\\/#website\"},\"primaryImageOfPage\":{\"@id\":\"https:\\\/\\\/boutique-one-piece.com\\\/figurines-one-piece\\\/figurine-pop-zoro-bras-droit-de-luffy\\\/#primaryimage\"},\"image\":{\"@id\":\"https:\\\/\\\/boutique-one-piece.com\\\/figurines-one-piece\\\/figurine-pop-zoro-bras-droit-de-luffy\\\/#primaryimage\"},\"thumbnailUrl\":\"https:\\\/\\\/boutique-one-piece.com\\\/wp-content\\\/uploads\\\/2022\\\/09\\\/Figurine-Pop-Zoro-Bras-Droit-De-Luffy.jpg\",\"datePublished\":\"2022-09-27T20:55:08+00:00\",\"dateModified\":\"2026-01-29T07:18:19+00:00\",\"description\":\"Jeune membre de l'\u00e9quipage de Chapeau de paille, le moment est venu pour toi de te procurer cette Figurine Pop Zoro Bras Droit De Luffy. Voici ce que tu dois savoir \u00e0 son sujet ; Zoro fut le premier membre \u00e0 rejoindre l'\u00c9quipage du Chapeau de Paille, il en est le premier et principal \u00e9p\u00e9iste. Son ambition est de deveni\",\"breadcrumb\":{\"@id\":\"https:\\\/\\\/boutique-one-piece.com\\\/figurines-one-piece\\\/figurine-pop-zoro-bras-droit-de-luffy\\\/#breadcrumb\"},\"inLanguage\":\"da-DK\",\"potentialAction\":[{\"@type\":\"ReadAction\",\"target\":[\"https:\\\/\\\/boutique-one-piece.com\\\/figurines-one-piece\\\/figurine-pop-zoro-bras-droit-de-luffy\\\/\"]}]},{\"@type\":\"ImageObject\",\"inLanguage\":\"da-DK\",\"@id\":\"https:\\\/\\\/boutique-one-piece.com\\\/figurines-one-piece\\\/figurine-pop-zoro-bras-droit-de-luffy\\\/#primaryimage\",\"url\":\"https:\\\/\\\/boutique-one-piece.com\\\/wp-content\\\/uploads\\\/2022\\\/09\\\/Figurine-Pop-Zoro-Bras-Droit-De-Luffy.jpg\",\"contentUrl\":\"https:\\\/\\\/boutique-one-piece.com\\\/wp-content\\\/uploads\\\/2022\\\/09\\\/Figurine-Pop-Zoro-Bras-Droit-De-Luffy.jpg\",\"width\":640,\"height\":640,\"caption\":\"Figurine Pop Zoro Bras Droit De Luffy Default Title\"},{\"@type\":\"BreadcrumbList\",\"@id\":\"https:\\\/\\\/boutique-one-piece.com\\\/figurines-one-piece\\\/figurine-pop-zoro-bras-droit-de-luffy\\\/#breadcrumb\",\"itemListElement\":[{\"@type\":\"ListItem\",\"position\":1,\"name\":\"Home\",\"item\":\"https:\\\/\\\/boutique-one-piece.com\\\/\"},{\"@type\":\"ListItem\",\"position\":2,\"name\":\"Shop\",\"item\":\"https:\\\/\\\/boutique-one-piece.com\\\/shop\\\/\"},{\"@type\":\"ListItem\",\"position\":3,\"name\":\"Figurine Pop Zoro Bras Droit De Luffy\"}]},{\"@type\":\"WebSite\",\"@id\":\"https:\\\/\\\/boutique-one-piece.com\\\/#website\",\"url\":\"https:\\\/\\\/boutique-one-piece.com\\\/\",\"name\":\"Boutique One Piece\",\"description\":\"Magasin Sp\u00e9cialis\u00e9 du Manga et l&#039;Anime One Piece\",\"publisher\":{\"@id\":\"https:\\\/\\\/boutique-one-piece.com\\\/#organization\"},\"potentialAction\":[{\"@type\":\"SearchAction\",\"target\":{\"@type\":\"EntryPoint\",\"urlTemplate\":\"https:\\\/\\\/boutique-one-piece.com\\\/?s={search_term_string}\"},\"query-input\":{\"@type\":\"PropertyValueSpecification\",\"valueRequired\":true,\"valueName\":\"search_term_string\"}}],\"inLanguage\":\"da-DK\"},{\"@type\":\"Organization\",\"@id\":\"https:\\\/\\\/boutique-one-piece.com\\\/#organization\",\"name\":\"Boutique One Piece\",\"url\":\"https:\\\/\\\/boutique-one-piece.com\\\/\",\"logo\":{\"@type\":\"ImageObject\",\"inLanguage\":\"da-DK\",\"@id\":\"https:\\\/\\\/boutique-one-piece.com\\\/#\\\/schema\\\/logo\\\/image\\\/\",\"url\":\"https:\\\/\\\/boutique-one-piece.com\\\/wp-content\\\/uploads\\\/2022\\\/09\\\/Logo-01.png\",\"contentUrl\":\"https:\\\/\\\/boutique-one-piece.com\\\/wp-content\\\/uploads\\\/2022\\\/09\\\/Logo-01.png\",\"width\":2318,\"height\":957,\"caption\":\"Boutique One Piece\"},\"image\":{\"@id\":\"https:\\\/\\\/boutique-one-piece.com\\\/#\\\/schema\\\/logo\\\/image\\\/\"}}]}<\/script>\n<!-- \/ Yoast SEO plugin. -->","yoast_head_json":{"title":"Popfigur Zoro: H\u00f8jre Arm af Luffy | One Piece Figur \u2013 One Piece Shop","description":"Unge medlem af Straw Hat-holdet, tiden er kommet til, at du f\u00e5r fat i denne Zoro Pop!-figur, Luffys h\u00f8jre arm. Her er hvad du beh\u00f8ver at vide om ham: Zoro var det f\u00f8rste medlem, der sluttede sig til Straw Hat-holdet, og han er dets f\u00f8rste og vigtigste sv\u00e6rdk\u00e6mper. Hans ambition er at blive...","robots":{"index":"index","follow":"follow","max-snippet":"max-snippet:-1","max-image-preview":"max-image-preview:large","max-video-preview":"max-video-preview:-1"},"canonical":"https:\/\/boutique-one-piece.com\/da\/one-piece-figurer-2\/zoro-pop-figur-luffys-hojre-arm\/","og_locale":"da_DK","og_type":"article","og_title":"Figurine Pop Zoro Bras Droit De Luffy | Figurine One Piece \u2013 Boutique One Piece","og_description":"Jeune membre de l'\u00e9quipage de Chapeau de paille, le moment est venu pour toi de te procurer cette Figurine Pop Zoro Bras Droit De Luffy. Voici ce que tu dois savoir \u00e0 son sujet ; Zoro fut le premier membre \u00e0 rejoindre l'\u00c9quipage du Chapeau de Paille, il en est le premier et principal \u00e9p\u00e9iste. Son ambition est de deveni","og_url":"https:\/\/boutique-one-piece.com\/da\/one-piece-figurer-2\/zoro-pop-figur-luffys-hojre-arm\/","og_site_name":"Boutique One Piece","article_modified_time":"2026-01-29T07:18:19+00:00","og_image":[{"width":640,"height":640,"url":"https:\/\/boutique-one-piece.com\/wp-content\/uploads\/2022\/09\/Figurine-Pop-Zoro-Bras-Droit-De-Luffy.jpg","type":"image\/jpeg"}],"twitter_card":"summary_large_image","twitter_misc":{"Estimeret l\u00e6setid":"2 minutter"},"schema":{"@context":"https:\/\/schema.org","@graph":[{"@type":"WebPage","@id":"https:\/\/boutique-one-piece.com\/figurines-one-piece\/figurine-pop-zoro-bras-droit-de-luffy\/","url":"https:\/\/boutique-one-piece.com\/figurines-one-piece\/figurine-pop-zoro-bras-droit-de-luffy\/","name":"Popfigur Zoro: H\u00f8jre Arm af Luffy | One Piece Figur \u2013 One Piece Shop","isPartOf":{"@id":"https:\/\/boutique-one-piece.com\/#website"},"primaryImageOfPage":{"@id":"https:\/\/boutique-one-piece.com\/figurines-one-piece\/figurine-pop-zoro-bras-droit-de-luffy\/#primaryimage"},"image":{"@id":"https:\/\/boutique-one-piece.com\/figurines-one-piece\/figurine-pop-zoro-bras-droit-de-luffy\/#primaryimage"},"thumbnailUrl":"https:\/\/boutique-one-piece.com\/wp-content\/uploads\/2022\/09\/Figurine-Pop-Zoro-Bras-Droit-De-Luffy.jpg","datePublished":"2022-09-27T20:55:08+00:00","dateModified":"2026-01-29T07:18:19+00:00","description":"Unge medlem af Straw Hat-holdet, tiden er kommet til, at du f\u00e5r fat i denne Zoro Pop!-figur, Luffys h\u00f8jre arm. Her er hvad du beh\u00f8ver at vide om ham: Zoro var det f\u00f8rste medlem, der sluttede sig til Straw Hat-holdet, og han er dets f\u00f8rste og vigtigste sv\u00e6rdk\u00e6mper. Hans ambition er at blive...","breadcrumb":{"@id":"https:\/\/boutique-one-piece.com\/figurines-one-piece\/figurine-pop-zoro-bras-droit-de-luffy\/#breadcrumb"},"inLanguage":"da-DK","potentialAction":[{"@type":"ReadAction","target":["https:\/\/boutique-one-piece.com\/figurines-one-piece\/figurine-pop-zoro-bras-droit-de-luffy\/"]}]},{"@type":"ImageObject","inLanguage":"da-DK","@id":"https:\/\/boutique-one-piece.com\/figurines-one-piece\/figurine-pop-zoro-bras-droit-de-luffy\/#primaryimage","url":"https:\/\/boutique-one-piece.com\/wp-content\/uploads\/2022\/09\/Figurine-Pop-Zoro-Bras-Droit-De-Luffy.jpg","contentUrl":"https:\/\/boutique-one-piece.com\/wp-content\/uploads\/2022\/09\/Figurine-Pop-Zoro-Bras-Droit-De-Luffy.jpg","width":640,"height":640,"caption":"Figurine Pop Zoro Bras Droit De Luffy Default Title"},{"@type":"BreadcrumbList","@id":"https:\/\/boutique-one-piece.com\/figurines-one-piece\/figurine-pop-zoro-bras-droit-de-luffy\/#breadcrumb","itemListElement":[{"@type":"ListItem","position":1,"name":"Home","item":"https:\/\/boutique-one-piece.com\/"},{"@type":"ListItem","position":2,"name":"Shop","item":"https:\/\/boutique-one-piece.com\/shop\/"},{"@type":"ListItem","position":3,"name":"Figurine Pop Zoro Bras Droit De Luffy"}]},{"@type":"WebSite","@id":"https:\/\/boutique-one-piece.com\/#website","url":"https:\/\/boutique-one-piece.com\/","name":"One Piece Shop","description":"Specialbutik for One Piece Manga og Anime","publisher":{"@id":"https:\/\/boutique-one-piece.com\/#organization"},"potentialAction":[{"@type":"SearchAction","target":{"@type":"EntryPoint","urlTemplate":"https:\/\/boutique-one-piece.com\/?s={search_term_string}"},"query-input":{"@type":"PropertyValueSpecification","valueRequired":true,"valueName":"search_term_string"}}],"inLanguage":"da-DK"},{"@type":"Organization","@id":"https:\/\/boutique-one-piece.com\/#organization","name":"One Piece Shop","url":"https:\/\/boutique-one-piece.com\/","logo":{"@type":"ImageObject","inLanguage":"da-DK","@id":"https:\/\/boutique-one-piece.com\/#\/schema\/logo\/image\/","url":"https:\/\/boutique-one-piece.com\/wp-content\/uploads\/2022\/09\/Logo-01.png","contentUrl":"https:\/\/boutique-one-piece.com\/wp-content\/uploads\/2022\/09\/Logo-01.png","width":2318,"height":957,"caption":"Boutique One Piece"},"image":{"@id":"https:\/\/boutique-one-piece.com\/#\/schema\/logo\/image\/"}}]}},"_links":{"self":[{"href":"https:\/\/boutique-one-piece.com\/da\/wp-json\/wp\/v2\/product\/12332","targetHints":{"allow":["GET"]}}],"collection":[{"href":"https:\/\/boutique-one-piece.com\/da\/wp-json\/wp\/v2\/product"}],"about":[{"href":"https:\/\/boutique-one-piece.com\/da\/wp-json\/wp\/v2\/types\/product"}],"replies":[{"embeddable":true,"href":"https:\/\/boutique-one-piece.com\/da\/wp-json\/wp\/v2\/comments?post=12332"}],"wp:featuredmedia":[{"embeddable":true,"href":"https:\/\/boutique-one-piece.com\/da\/wp-json\/wp\/v2\/media\/12334"}],"wp:attachment":[{"href":"https:\/\/boutique-one-piece.com\/da\/wp-json\/wp\/v2\/media?parent=12332"}],"wp:term":[{"taxonomy":"product_brand","embeddable":true,"href":"https:\/\/boutique-one-piece.com\/da\/wp-json\/wp\/v2\/product_brand?post=12332"},{"taxonomy":"product_cat","embeddable":true,"href":"https:\/\/boutique-one-piece.com\/da\/wp-json\/wp\/v2\/product_cat?post=12332"},{"taxonomy":"product_tag","embeddable":true,"href":"https:\/\/boutique-one-piece.com\/da\/wp-json\/wp\/v2\/product_tag?post=12332"}],"curies":[{"name":"wp","href":"https:\/\/api.w.org\/{rel}","templated":true}]}}