{"id":12365,"date":"2022-09-27T20:55:17","date_gmt":"2022-09-27T20:55:17","guid":{"rendered":"https:\/\/boutique-one-piece.com\/uncategorized\/tee-shirt-one-piece-luffy-nakama-equipage-pirate\/"},"modified":"2024-09-16T12:53:29","modified_gmt":"2024-09-16T12:53:29","slug":"one-piece-t-shirt-med-luffy-nakama-piratbesaetning","status":"publish","type":"product","link":"https:\/\/boutique-one-piece.com\/da\/one-piece-godter\/godbidder-monkey-d-luffy-one-piece\/one-piece-t-shirt-med-luffy-nakama-piratbesaetning\/","title":{"rendered":"One Piece T-shirt Luffy og hans Nakamas"},"content":{"rendered":"<p><meta charset=\"utf-8\"><\/p>\n<h2>\n<b>One Piece T-shirt med Luffy og hans bes\u00e6tning, der v\u00e6kker piraten i os alle ved at f\u00f8lge Gol D. Rogers vej.<\/b>\u00a0!<\/h2>\n<p>Hvis du er en\u00a0<strong>rigtig pirat<\/strong>, Du vil s\u00e6tte pris p\u00e5\u00a0<strong>kvalitet<\/strong>\u00a0stof og\u00a0<strong>3D-l\u00e6rredsprint<\/strong>\u00a0af dette\u00a0<strong>One Piece t-shirt<\/strong>\u00a0Men vigtigst af alt, med dette\u00a0<strong>trykt jersey<\/strong>\u00a0det er fordi du vil v\u00e6re en del af\u00a0<strong>fanholdet<\/strong>\u00a0af\u00a0<strong>piratmanga<\/strong>\u00a0og du vil f\u00e5:<\/p>\n<ul>\n<li>\u00a0<strong>Beundring<\/strong>\u00a0af alle fans af\u00a0<strong>mugiwara<\/strong>\u00a0som du vil m\u00f8de<\/li>\n<\/ul>\n<ul>\n<li>En \u00e6gte\u00a0<strong>trykt t-shirt<\/strong>\u00a0med hvilket du kan <strong>deltage<\/strong> bes\u00e6tningen p\u00e5 <strong>Str\u00e5hat<\/strong>\n<\/li>\n<\/ul>\n<p>S\u00e5, klar til at b\u00e6re\u00a0<strong>farver\u00a0<\/strong>af fremtidens bes\u00e6tning <strong>Piraternes konge<\/strong>\u00a0?<\/p>\n<h2>Er du fan af One Piece manga eller anime? Vis det frem med denne One Piece-tr\u00f8je med print!<\/h2>\n<p>Hvis du\u00a0<strong>l\u00e6se<\/strong>\u00a0eller hvor end du kigger hen\u00a0<span>\u00a0<\/span><strong>Japansk anime<\/strong>, Der er en god chance for, at du er blevet\u00a0<strong>vild med One Piece<\/strong>\u00a0Med dette!<span>\u00a0<\/span><strong>One Piece T-shirt<span>\u00a0Luffy og hans Nakamas<\/span><\/strong>, slutte sig til\u2019<strong>en gruppe fans af franchisen<\/strong><\/p>\n<p>Denne\u00a0<strong>hvid t-shirt<\/strong>\u00a0f\u00e5s i st\u00f8rrelser\u00a0<strong>XS<\/strong>,<strong>\u00a0S<\/strong>,<strong>\u00a0M<\/strong>,<strong>\u00a0L<\/strong>,\u00a0<strong>XL<\/strong>,\u00a0<strong>XXL<\/strong>, Det vil passe til alle kategorier af pirater.,<span>\u00a0<\/span><strong>mand<\/strong>\u00a0Eller<span>\u00a0<\/span><strong>kvinder<\/strong>, selvom du ikke har\u00a0<strong>sv\u00e6rd<\/strong>\u00a0eller\u00a0<strong>dj\u00e6velfrugt<\/strong>\u00a0Du kan stadig b\u00e6re den med stolthed.<\/p>\n<h2>Information om T-shirten:\u00a0<\/h2>\n<ul>\n<li>\u00a0<strong>Jersey i premiumkvalitet\u00a0<\/strong>har en\u00a0<strong>h\u00f8j gramv\u00e6gt<\/strong>, med kvalitetsmaterialer<\/li>\n<\/ul>\n<ul>\n<li>\n<strong>L\u00f8s pasform<\/strong>\u00a0:\u00a0\u00a0<strong>t-shirt<\/strong>\u00a0med en\u00a0<strong>bredt snit<\/strong>, for ekstra komfort<\/li>\n<\/ul>\n<ul>\n<li>\n<strong>Meget behagelig\u00a0<\/strong>med disse\u00a0<strong>fibre<\/strong>\u00a0af\u00a0<strong>bomuld<\/strong>\u00a0stor\u00a0<strong>bl\u00f8d<\/strong>, der er ingen\u00a0<strong>friktion<\/strong>\n<\/li>\n<\/ul>\n<ul>\n<li>\n<strong>3D digital print<\/strong>\u00a0:\u00a0<strong>trykt t-shirt<\/strong>\u00a0med et originalt design,\u00a0<strong>L\u00e6rredstryk<\/strong>\n<\/li>\n<\/ul>\n<ul>\n<li>\n<strong>\u00d8kologisk bomuld\u00a0<\/strong>kvalitetsbomuld med\u00a0<strong>ekstra lange fibre<\/strong>\n<\/li>\n<\/ul>\n<ul>\n<li>\n<strong>Gratis levering\u00a0<\/strong>for ethvert k\u00f8b<\/li>\n<\/ul>\n<h2><strong>Glem ikke at tage et kig p\u00e5 st\u00f8rrelsesguiden nedenfor.<\/strong><\/h2>\n<p><span><img decoding=\"async\" alt=\"St\u00f8rrelsesguide til One Piece T-shirts\" src=\"https:\/\/cdn.shopify.com\/s\/files\/1\/0087\/7556\/5348\/files\/boutque__one__piece__tableau__taille__t-shirt_large.jpg?v=1559655065\"><\/span><\/p>\n<p><meta charset=\"utf-8\"><\/p>\n<h3>Vaskeanvisning:<\/h3>\n<ul>\n<li>Maskinvask ved 30\u00b0C, sk\u00e5neprogram<\/li>\n<\/ul>\n<ul>\n<li>G\u00e5 tilbage til<span>\u00a0<\/span>det modsatte<\/li>\n<\/ul>\n<p>For<span>\u00a0<\/span><strong>bevare kvaliteten<\/strong><span>\u00a0<\/span>af dette<span>\u00a0<\/span><strong>One Piece t-shirt<\/strong>, anbefaler vi, at du<span>\u00a0<\/span><strong>respekt<\/strong><span>\u00a0<\/span>DE<span>\u00a0<\/span><strong>vaskeanvisninger<\/strong>.<\/p>","protected":false},"excerpt":{"rendered":"<p>T-Shirt One Piece\u00a0Luffy et son \u00c9quipage, R\u00e9veil le Pirate qui est en Chacun de Nous, en Suivant la Voie de\u00a0Gol D. Roger\u00a0! Si tu es un\u00a0v\u00e9ritable pirate, tu sauras appr\u00e9cier la\u00a0qualit\u00e9\u00a0du tissu et de\u00a0l&rsquo;impression 3D Canvas\u00a0de ce\u00a0t-shirt\u00a0One Piece\u00a0!\u00a0Mais le plus important, avec ce\u00a0maillot\u00a0imprim\u00e9\u00a0c\u0092est que tu\u00a0feras partie de\u00a0l&rsquo;\u00e9quipage\u00a0des fans\u00a0du\u00a0manga de pirates\u00a0et tu obtiendras\u00a0: \u00a0L&rsquo;admiration\u00a0de tous les [&hellip;]<\/p>","protected":false},"featured_media":12367,"comment_status":"open","ping_status":"open","template":"","meta":[],"product_brand":[],"product_cat":[157,80,153,198,151,163,155,164,53,54],"product_tag":[158,165,129,274,92,154,205,112,144,113],"class_list":{"0":"post-12365","1":"product","2":"type-product","3":"status-publish","4":"has-post-thumbnail","6":"product_cat-goodies-brook-one-piece","7":"product_cat-goodies-monkey-d-luffy-one-piece","8":"product_cat-goodies-nami-one-piece","9":"product_cat-goodies-nico-robin-one-piece","10":"product_cat-goodies-roronoa-zoro-one-piece","11":"product_cat-goodies-tony-tony-chopper-one-piece","12":"product_cat-goodies-usopp-one-piece","13":"product_cat-goodies-vinsmoke-sanji-one-piece","14":"product_cat-t-shirts-one-piece","15":"product_cat-vetements-one-piece","16":"product_tag-brook","17":"product_tag-chopper","18":"product_tag-franky","19":"product_tag-jinbe","20":"product_tag-luffy","21":"product_tag-nami","22":"product_tag-robin","23":"product_tag-sanji","24":"product_tag-usopp","25":"product_tag-zoro","27":"first","28":"instock","29":"purchasable","30":"product-type-variable","31":"has-default-attributes"},"yoast_head":"<!-- This site is optimized with the Yoast SEO plugin v27.5 - https:\/\/yoast.com\/product\/yoast-seo-wordpress\/ -->\n<title>T-Shirt Luffy et ses Nakamas | Boutique One Piece<\/title>\n<meta name=\"description\" content=\"T-Shirt One Piece Luffy et son \u00c9quiage de pirate au Grand Complet Tr\u00e8s Haute Qualit\u00e9 R\u00e9veil le Pirate en Chacun de Nous, Rejoins l&#039;Equipage du Chapeau de Paille\" \/>\n<meta name=\"robots\" content=\"index, follow, max-snippet:-1, max-image-preview:large, max-video-preview:-1\" \/>\n<link rel=\"canonical\" href=\"https:\/\/boutique-one-piece.com\/da\/one-piece-godter\/nico-robin-one-piece-merchandise\/one-piece-t-shirt-med-luffy-nakama-piratbesaetning\/\" \/>\n<meta property=\"og:locale\" content=\"da_DK\" \/>\n<meta property=\"og:type\" content=\"article\" \/>\n<meta property=\"og:title\" content=\"T-Shirt Luffy et ses Nakamas | Boutique One Piece\" \/>\n<meta property=\"og:description\" content=\"T-Shirt One Piece Luffy et son \u00c9quiage de pirate au Grand Complet Tr\u00e8s Haute Qualit\u00e9 R\u00e9veil le Pirate en Chacun de Nous, Rejoins l&#039;Equipage du Chapeau de Paille\" \/>\n<meta property=\"og:url\" content=\"https:\/\/boutique-one-piece.com\/da\/one-piece-godter\/nico-robin-one-piece-merchandise\/one-piece-t-shirt-med-luffy-nakama-piratbesaetning\/\" \/>\n<meta property=\"og:site_name\" content=\"Boutique One Piece\" \/>\n<meta property=\"article:modified_time\" content=\"2024-09-16T12:53:29+00:00\" \/>\n<meta property=\"og:image\" content=\"https:\/\/boutique-one-piece.com\/wp-content\/uploads\/2022\/09\/T-Shirt-One-Piece-Luffy-et-ses-Nakamas.jpg\" \/>\n\t<meta property=\"og:image:width\" content=\"600\" \/>\n\t<meta property=\"og:image:height\" content=\"600\" \/>\n\t<meta property=\"og:image:type\" content=\"image\/jpeg\" \/>\n<meta name=\"twitter:card\" content=\"summary_large_image\" \/>\n<meta name=\"twitter:label1\" content=\"Estimeret l\u00e6setid\" \/>\n\t<meta name=\"twitter:data1\" content=\"2 minutter\" \/>\n<script type=\"application\/ld+json\" class=\"yoast-schema-graph\">{\"@context\":\"https:\\\/\\\/schema.org\",\"@graph\":[{\"@type\":\"WebPage\",\"@id\":\"https:\\\/\\\/boutique-one-piece.com\\\/goodies-one-piece\\\/goodies-nico-robin-one-piece\\\/tee-shirt-one-piece-luffy-nakama-equipage-pirate\\\/\",\"url\":\"https:\\\/\\\/boutique-one-piece.com\\\/goodies-one-piece\\\/goodies-nico-robin-one-piece\\\/tee-shirt-one-piece-luffy-nakama-equipage-pirate\\\/\",\"name\":\"T-Shirt Luffy et ses Nakamas | Boutique One Piece\",\"isPartOf\":{\"@id\":\"https:\\\/\\\/boutique-one-piece.com\\\/#website\"},\"primaryImageOfPage\":{\"@id\":\"https:\\\/\\\/boutique-one-piece.com\\\/goodies-one-piece\\\/goodies-nico-robin-one-piece\\\/tee-shirt-one-piece-luffy-nakama-equipage-pirate\\\/#primaryimage\"},\"image\":{\"@id\":\"https:\\\/\\\/boutique-one-piece.com\\\/goodies-one-piece\\\/goodies-nico-robin-one-piece\\\/tee-shirt-one-piece-luffy-nakama-equipage-pirate\\\/#primaryimage\"},\"thumbnailUrl\":\"https:\\\/\\\/boutique-one-piece.com\\\/wp-content\\\/uploads\\\/2022\\\/09\\\/T-Shirt-One-Piece-Luffy-et-ses-Nakamas.jpg\",\"datePublished\":\"2022-09-27T20:55:17+00:00\",\"dateModified\":\"2024-09-16T12:53:29+00:00\",\"description\":\"T-Shirt One Piece Luffy et son \u00c9quiage de pirate au Grand Complet Tr\u00e8s Haute Qualit\u00e9 R\u00e9veil le Pirate en Chacun de Nous, Rejoins l'Equipage du Chapeau de Paille\",\"breadcrumb\":{\"@id\":\"https:\\\/\\\/boutique-one-piece.com\\\/goodies-one-piece\\\/goodies-nico-robin-one-piece\\\/tee-shirt-one-piece-luffy-nakama-equipage-pirate\\\/#breadcrumb\"},\"inLanguage\":\"da-DK\",\"potentialAction\":[{\"@type\":\"ReadAction\",\"target\":[\"https:\\\/\\\/boutique-one-piece.com\\\/goodies-one-piece\\\/goodies-nico-robin-one-piece\\\/tee-shirt-one-piece-luffy-nakama-equipage-pirate\\\/\"]}]},{\"@type\":\"ImageObject\",\"inLanguage\":\"da-DK\",\"@id\":\"https:\\\/\\\/boutique-one-piece.com\\\/goodies-one-piece\\\/goodies-nico-robin-one-piece\\\/tee-shirt-one-piece-luffy-nakama-equipage-pirate\\\/#primaryimage\",\"url\":\"https:\\\/\\\/boutique-one-piece.com\\\/wp-content\\\/uploads\\\/2022\\\/09\\\/T-Shirt-One-Piece-Luffy-et-ses-Nakamas.jpg\",\"contentUrl\":\"https:\\\/\\\/boutique-one-piece.com\\\/wp-content\\\/uploads\\\/2022\\\/09\\\/T-Shirt-One-Piece-Luffy-et-ses-Nakamas.jpg\",\"width\":600,\"height\":600,\"caption\":\"T-Shirt One Piece Luffy et ses Nakamas xxl\"},{\"@type\":\"BreadcrumbList\",\"@id\":\"https:\\\/\\\/boutique-one-piece.com\\\/goodies-one-piece\\\/goodies-nico-robin-one-piece\\\/tee-shirt-one-piece-luffy-nakama-equipage-pirate\\\/#breadcrumb\",\"itemListElement\":[{\"@type\":\"ListItem\",\"position\":1,\"name\":\"Home\",\"item\":\"https:\\\/\\\/boutique-one-piece.com\\\/\"},{\"@type\":\"ListItem\",\"position\":2,\"name\":\"Shop\",\"item\":\"https:\\\/\\\/boutique-one-piece.com\\\/shop\\\/\"},{\"@type\":\"ListItem\",\"position\":3,\"name\":\"T-Shirt One Piece Luffy et ses Nakamas\"}]},{\"@type\":\"WebSite\",\"@id\":\"https:\\\/\\\/boutique-one-piece.com\\\/#website\",\"url\":\"https:\\\/\\\/boutique-one-piece.com\\\/\",\"name\":\"Boutique One Piece\",\"description\":\"Magasin Sp\u00e9cialis\u00e9 du Manga et l&#039;Anime One Piece\",\"publisher\":{\"@id\":\"https:\\\/\\\/boutique-one-piece.com\\\/#organization\"},\"potentialAction\":[{\"@type\":\"SearchAction\",\"target\":{\"@type\":\"EntryPoint\",\"urlTemplate\":\"https:\\\/\\\/boutique-one-piece.com\\\/?s={search_term_string}\"},\"query-input\":{\"@type\":\"PropertyValueSpecification\",\"valueRequired\":true,\"valueName\":\"search_term_string\"}}],\"inLanguage\":\"da-DK\"},{\"@type\":\"Organization\",\"@id\":\"https:\\\/\\\/boutique-one-piece.com\\\/#organization\",\"name\":\"Boutique One Piece\",\"url\":\"https:\\\/\\\/boutique-one-piece.com\\\/\",\"logo\":{\"@type\":\"ImageObject\",\"inLanguage\":\"da-DK\",\"@id\":\"https:\\\/\\\/boutique-one-piece.com\\\/#\\\/schema\\\/logo\\\/image\\\/\",\"url\":\"https:\\\/\\\/boutique-one-piece.com\\\/wp-content\\\/uploads\\\/2022\\\/09\\\/Logo-01.png\",\"contentUrl\":\"https:\\\/\\\/boutique-one-piece.com\\\/wp-content\\\/uploads\\\/2022\\\/09\\\/Logo-01.png\",\"width\":2318,\"height\":957,\"caption\":\"Boutique One Piece\"},\"image\":{\"@id\":\"https:\\\/\\\/boutique-one-piece.com\\\/#\\\/schema\\\/logo\\\/image\\\/\"}}]}<\/script>\n<!-- \/ Yoast SEO plugin. -->","yoast_head_json":{"title":"Luffy og hans Nakamas T-shirt | One Piece Shop","description":"One Piece T-shirt med Ruffy og hele hans piratbes\u00e6tning. Meget h\u00f8j kvalitet. V\u00e6k piraten i alle! Slut dig til str\u00e5hat-holdet!","robots":{"index":"index","follow":"follow","max-snippet":"max-snippet:-1","max-image-preview":"max-image-preview:large","max-video-preview":"max-video-preview:-1"},"canonical":"https:\/\/boutique-one-piece.com\/da\/one-piece-godter\/nico-robin-one-piece-merchandise\/one-piece-t-shirt-med-luffy-nakama-piratbesaetning\/","og_locale":"da_DK","og_type":"article","og_title":"T-Shirt Luffy et ses Nakamas | Boutique One Piece","og_description":"T-Shirt One Piece Luffy et son \u00c9quiage de pirate au Grand Complet Tr\u00e8s Haute Qualit\u00e9 R\u00e9veil le Pirate en Chacun de Nous, Rejoins l'Equipage du Chapeau de Paille","og_url":"https:\/\/boutique-one-piece.com\/da\/one-piece-godter\/nico-robin-one-piece-merchandise\/one-piece-t-shirt-med-luffy-nakama-piratbesaetning\/","og_site_name":"Boutique One Piece","article_modified_time":"2024-09-16T12:53:29+00:00","og_image":[{"width":600,"height":600,"url":"https:\/\/boutique-one-piece.com\/wp-content\/uploads\/2022\/09\/T-Shirt-One-Piece-Luffy-et-ses-Nakamas.jpg","type":"image\/jpeg"}],"twitter_card":"summary_large_image","twitter_misc":{"Estimeret l\u00e6setid":"2 minutter"},"schema":{"@context":"https:\/\/schema.org","@graph":[{"@type":"WebPage","@id":"https:\/\/boutique-one-piece.com\/goodies-one-piece\/goodies-nico-robin-one-piece\/tee-shirt-one-piece-luffy-nakama-equipage-pirate\/","url":"https:\/\/boutique-one-piece.com\/goodies-one-piece\/goodies-nico-robin-one-piece\/tee-shirt-one-piece-luffy-nakama-equipage-pirate\/","name":"Luffy og hans Nakamas T-shirt | One Piece Shop","isPartOf":{"@id":"https:\/\/boutique-one-piece.com\/#website"},"primaryImageOfPage":{"@id":"https:\/\/boutique-one-piece.com\/goodies-one-piece\/goodies-nico-robin-one-piece\/tee-shirt-one-piece-luffy-nakama-equipage-pirate\/#primaryimage"},"image":{"@id":"https:\/\/boutique-one-piece.com\/goodies-one-piece\/goodies-nico-robin-one-piece\/tee-shirt-one-piece-luffy-nakama-equipage-pirate\/#primaryimage"},"thumbnailUrl":"https:\/\/boutique-one-piece.com\/wp-content\/uploads\/2022\/09\/T-Shirt-One-Piece-Luffy-et-ses-Nakamas.jpg","datePublished":"2022-09-27T20:55:17+00:00","dateModified":"2024-09-16T12:53:29+00:00","description":"One Piece T-shirt med Ruffy og hele hans piratbes\u00e6tning. Meget h\u00f8j kvalitet. V\u00e6k piraten i alle! Slut dig til str\u00e5hat-holdet!","breadcrumb":{"@id":"https:\/\/boutique-one-piece.com\/goodies-one-piece\/goodies-nico-robin-one-piece\/tee-shirt-one-piece-luffy-nakama-equipage-pirate\/#breadcrumb"},"inLanguage":"da-DK","potentialAction":[{"@type":"ReadAction","target":["https:\/\/boutique-one-piece.com\/goodies-one-piece\/goodies-nico-robin-one-piece\/tee-shirt-one-piece-luffy-nakama-equipage-pirate\/"]}]},{"@type":"ImageObject","inLanguage":"da-DK","@id":"https:\/\/boutique-one-piece.com\/goodies-one-piece\/goodies-nico-robin-one-piece\/tee-shirt-one-piece-luffy-nakama-equipage-pirate\/#primaryimage","url":"https:\/\/boutique-one-piece.com\/wp-content\/uploads\/2022\/09\/T-Shirt-One-Piece-Luffy-et-ses-Nakamas.jpg","contentUrl":"https:\/\/boutique-one-piece.com\/wp-content\/uploads\/2022\/09\/T-Shirt-One-Piece-Luffy-et-ses-Nakamas.jpg","width":600,"height":600,"caption":"T-Shirt One Piece Luffy et ses Nakamas xxl"},{"@type":"BreadcrumbList","@id":"https:\/\/boutique-one-piece.com\/goodies-one-piece\/goodies-nico-robin-one-piece\/tee-shirt-one-piece-luffy-nakama-equipage-pirate\/#breadcrumb","itemListElement":[{"@type":"ListItem","position":1,"name":"Home","item":"https:\/\/boutique-one-piece.com\/"},{"@type":"ListItem","position":2,"name":"Shop","item":"https:\/\/boutique-one-piece.com\/shop\/"},{"@type":"ListItem","position":3,"name":"T-Shirt One Piece Luffy et ses Nakamas"}]},{"@type":"WebSite","@id":"https:\/\/boutique-one-piece.com\/#website","url":"https:\/\/boutique-one-piece.com\/","name":"One Piece Shop","description":"Specialbutik for One Piece Manga og Anime","publisher":{"@id":"https:\/\/boutique-one-piece.com\/#organization"},"potentialAction":[{"@type":"SearchAction","target":{"@type":"EntryPoint","urlTemplate":"https:\/\/boutique-one-piece.com\/?s={search_term_string}"},"query-input":{"@type":"PropertyValueSpecification","valueRequired":true,"valueName":"search_term_string"}}],"inLanguage":"da-DK"},{"@type":"Organization","@id":"https:\/\/boutique-one-piece.com\/#organization","name":"One Piece Shop","url":"https:\/\/boutique-one-piece.com\/","logo":{"@type":"ImageObject","inLanguage":"da-DK","@id":"https:\/\/boutique-one-piece.com\/#\/schema\/logo\/image\/","url":"https:\/\/boutique-one-piece.com\/wp-content\/uploads\/2022\/09\/Logo-01.png","contentUrl":"https:\/\/boutique-one-piece.com\/wp-content\/uploads\/2022\/09\/Logo-01.png","width":2318,"height":957,"caption":"Boutique One Piece"},"image":{"@id":"https:\/\/boutique-one-piece.com\/#\/schema\/logo\/image\/"}}]}},"_links":{"self":[{"href":"https:\/\/boutique-one-piece.com\/da\/wp-json\/wp\/v2\/product\/12365","targetHints":{"allow":["GET"]}}],"collection":[{"href":"https:\/\/boutique-one-piece.com\/da\/wp-json\/wp\/v2\/product"}],"about":[{"href":"https:\/\/boutique-one-piece.com\/da\/wp-json\/wp\/v2\/types\/product"}],"replies":[{"embeddable":true,"href":"https:\/\/boutique-one-piece.com\/da\/wp-json\/wp\/v2\/comments?post=12365"}],"wp:featuredmedia":[{"embeddable":true,"href":"https:\/\/boutique-one-piece.com\/da\/wp-json\/wp\/v2\/media\/12367"}],"wp:attachment":[{"href":"https:\/\/boutique-one-piece.com\/da\/wp-json\/wp\/v2\/media?parent=12365"}],"wp:term":[{"taxonomy":"product_brand","embeddable":true,"href":"https:\/\/boutique-one-piece.com\/da\/wp-json\/wp\/v2\/product_brand?post=12365"},{"taxonomy":"product_cat","embeddable":true,"href":"https:\/\/boutique-one-piece.com\/da\/wp-json\/wp\/v2\/product_cat?post=12365"},{"taxonomy":"product_tag","embeddable":true,"href":"https:\/\/boutique-one-piece.com\/da\/wp-json\/wp\/v2\/product_tag?post=12365"}],"curies":[{"name":"wp","href":"https:\/\/api.w.org\/{rel}","templated":true}]}}