{"id":12428,"date":"2022-09-27T20:55:42","date_gmt":"2022-09-27T20:55:42","guid":{"rendered":"https:\/\/boutique-one-piece.com\/uncategorized\/maillot-imprime-one-piece-barbe-noire-aokiji-luffy\/"},"modified":"2024-09-16T12:54:53","modified_gmt":"2024-09-16T12:54:53","slug":"one-piece-troje-med-tryk-blackbeard-aokiji-luffy","status":"publish","type":"product","link":"https:\/\/boutique-one-piece.com\/da\/one-piece-toj\/one-piece-t-shirts-2\/one-piece-troje-med-tryk-blackbeard-aokiji-luffy\/","title":{"rendered":"One Piece-skjorte med print og Blackbeard, Aokiji og Luffy"},"content":{"rendered":"<h2>\n<b>One Piece-undertr\u00f8je med tryk for at vise Marshall D. Teach, Kuzan Aokiji og Luffy, der laver en Gomu Gomu No Red Hawk.\u00a0<\/b>En tr\u00f8je af super kvalitet til en pirat som dig!<\/h2>\n<p>Hvis du er en\u00a0<strong>rigtig pirat<\/strong>, Du vil s\u00e6tte pris p\u00e5\u00a0<strong>kvalitet<\/strong>\u00a0stof og\u00a0<strong>3D-l\u00e6rredsprint<\/strong>\u00a0af dette\u00a0<strong>One Piece t-shirt<\/strong>\u00a0Men vigtigst af alt, med dette\u00a0<strong>sort trykt jersey<\/strong>\u00a0det er fordi du vil v\u00e6re en del af\u00a0<strong>fanholdet<\/strong>\u00a0af\u00a0<strong>piratmanga<\/strong>\u00a0og du vil f\u00e5:<\/p>\n<ul>\n<li>\u00a0<strong>Beundring<\/strong>\u00a0af alle fans af\u00a0<strong>mugiwara<\/strong>\u00a0som du vil m\u00f8de<\/li>\n<\/ul>\n<ul>\n<li>En \u00e6gte\u00a0<strong>trykt t-shirt<\/strong>\u00a0med hvilket du kan<strong>\u00a0at forestille sig<\/strong>\u00a0med\u00a0<strong>Abe D. Luffy<\/strong>?, <strong>Sortsk\u00e6g<\/strong> Og <strong>Kuzan Aokiji<\/strong>\n<\/li>\n<\/ul>\n<p>S\u00e5, klar til at b\u00e6re\u00a0<strong>farver\u00a0<\/strong>af <strong>Spist<\/strong>\u00a0?<\/p>\n<h2>Er du fan af One Piece manga eller anime? Vis det frem med denne One Piece-printede T-shirt!<\/h2>\n<p>Hvis du\u00a0<strong>l\u00e6se<\/strong>\u00a0eller hvor end du kigger hen\u00a0<span>\u00a0<\/span><strong>Japansk anime<\/strong>, Der er en god chance for, at du er blevet\u00a0<strong>vild med One Piece<\/strong>\u00a0Med dette!\u00a0<strong>T-shirt med print fra Blackbeard, Aokiji og Luffy<\/strong>, slutte sig til\u2019<strong>en gruppe fans af franchisen<\/strong><\/p>\n<p>Denne\u00a0<strong>sort tr\u00f8je<\/strong>\u00a0f\u00e5s i st\u00f8rrelser\u00a0<strong>XS<\/strong>,<strong>\u00a0S<\/strong>,<strong>\u00a0M<\/strong>,<strong>\u00a0L<\/strong>,\u00a0<strong>XL<\/strong>,\u00a0<strong>XXL<\/strong>, Det passer til alle typer pirater, selvom du ikke har\u00a0<strong>sv\u00e6rd<\/strong>\u00a0eller\u00a0<strong>dj\u00e6velfrugt<\/strong>\u00a0Du kan stadig b\u00e6re den med stolthed.<\/p>\n<p><strong>Abe D. Luffy<\/strong>\u00a0s\u00e6tter sig selv i stand til at\u00a0<strong>k\u00e6mpe<\/strong>, han er klar til at bruge sin\u00a0<strong>Gear<\/strong>. Der er den\u00a0<strong>logo<\/strong>\u00a0af\u00a0<strong>Luffy<\/strong>\u00a0i baggrunden.<\/p>\n<h2>Information om T-shirten:\u00a0<\/h2>\n<ul>\n<li>\u00a0<strong>Jersey i premiumkvalitet\u00a0<\/strong>har en\u00a0<strong>h\u00f8j gramv\u00e6gt<\/strong>, med kvalitetsmaterialer<\/li>\n<\/ul>\n<ul>\n<li>\n<strong>L\u00f8s pasform<\/strong>\u00a0:\u00a0\u00a0<strong>t-shirt<\/strong>\u00a0med en\u00a0<strong>bredt snit<\/strong>, for ekstra komfort<\/li>\n<\/ul>\n<ul>\n<li>\n<strong>Meget behagelig\u00a0<\/strong>med disse\u00a0<strong>fibre<\/strong>\u00a0af\u00a0<strong>bomuld<\/strong>\u00a0stor\u00a0<strong>bl\u00f8d<\/strong>, der er ingen\u00a0<strong>friktion<\/strong>\n<\/li>\n<\/ul>\n<ul>\n<li>\n<strong>3D digital print<\/strong>\u00a0:\u00a0<strong>trykt t-shirt<\/strong>\u00a0med et originalt design,\u00a0<strong>L\u00e6rredstryk<\/strong>\n<\/li>\n<\/ul>\n<ul>\n<li>\n<strong>\u00d8kologisk bomuld\u00a0<\/strong>kvalitetsbomuld med\u00a0<strong>ekstra lange fibre<\/strong>\n<\/li>\n<\/ul>\n<ul>\n<li>\n<strong>Gratis levering\u00a0<\/strong>for ethvert k\u00f8b<\/li>\n<\/ul>\n<h2><strong>Glem ikke at tage et kig p\u00e5 st\u00f8rrelsesguiden nedenfor.<\/strong><\/h2>\n<h2><img decoding=\"async\" src=\"https:\/\/cdn.shopify.com\/s\/files\/1\/0087\/7556\/5348\/files\/boutque_one__piece_tableau_taille_maillot-imprime_large.jpg?v=1560345982\" alt=\"St\u00f8rrelsesguide til badedragt med tryk i \u00e9n del\"><\/h2>\n<h3>Vaskeanvisning:<\/h3>\n<ul>\n<li>Maskinvask ved 30\u00b0C, sk\u00e5neprogram<\/li>\n<\/ul>\n<ul>\n<li>Stryges p\u00e5 bagsiden<\/li>\n<\/ul>\n<p>For<span>\u00a0<\/span><strong>bevare kvaliteten<\/strong><span>\u00a0<\/span>af dette<span>\u00a0Jersey<\/span><strong>\u00a0\u00c9t stykke<\/strong>, anbefaler vi, at du<span>\u00a0<\/span><strong>respekt<\/strong><span>\u00a0<\/span>DE<span>\u00a0<\/span><strong>vaskeanvisninger<\/strong>.<\/p>","protected":false},"excerpt":{"rendered":"<p>Maillot de Corps\u00a0One Piece Imprim\u00e9 avec\u00a0Marshall D. Teach, Kuzan Aokiji Et Luffy Qui Fait un Gomu Gomu No Red Hawk.\u00a0Un Maillot de super qualit\u00e9 pour un pirate comme\u00a0toi\u00a0! Si tu es un\u00a0v\u00e9ritable pirate, tu sauras appr\u00e9cier la\u00a0qualit\u00e9\u00a0du tissu et de\u00a0l&rsquo;impression 3D Canvas\u00a0de ce\u00a0t-shirt\u00a0One Piece\u00a0!\u00a0Mais le plus important, avec ce\u00a0maillot noir imprim\u00e9\u00a0c\u0092est que tu\u00a0feras partie de\u00a0l&rsquo;\u00e9quipage\u00a0des [&hellip;]<\/p>","protected":false},"featured_media":12430,"comment_status":"open","ping_status":"open","template":"","meta":[],"product_brand":[],"product_cat":[53],"product_tag":[68,286,92],"class_list":{"0":"post-12428","1":"product","2":"type-product","3":"status-publish","4":"has-post-thumbnail","6":"product_cat-t-shirts-one-piece","7":"product_tag-aokiji","8":"product_tag-barbe-noire","9":"product_tag-luffy","11":"first","12":"instock","13":"purchasable","14":"product-type-variable"},"yoast_head":"<!-- This site is optimized with the Yoast SEO plugin v27.5 - https:\/\/yoast.com\/product\/yoast-seo-wordpress\/ -->\n<title>Maillot Imprim\u00e9 Barbe Noire Aokiji Luffy | Boutique One Piece<\/title>\n<meta name=\"description\" content=\"Maillot de Corps One Piece Imprim\u00e9 avec Marshall D. Teach, Kuzan Aokiji Et Luffy Qui Fait un Gomu Gomu No Red Hawk de Tr\u00e8s Haute Qualit\u00e9 pour les Fans de Manga\" \/>\n<meta name=\"robots\" content=\"index, follow, max-snippet:-1, max-image-preview:large, max-video-preview:-1\" \/>\n<link rel=\"canonical\" href=\"https:\/\/boutique-one-piece.com\/da\/one-piece-toj\/one-piece-t-shirts-2\/one-piece-troje-med-tryk-blackbeard-aokiji-luffy\/\" \/>\n<meta property=\"og:locale\" content=\"da_DK\" \/>\n<meta property=\"og:type\" content=\"article\" \/>\n<meta property=\"og:title\" content=\"Maillot Imprim\u00e9 Barbe Noire Aokiji Luffy | Boutique One Piece\" \/>\n<meta property=\"og:description\" content=\"Maillot de Corps One Piece Imprim\u00e9 avec Marshall D. Teach, Kuzan Aokiji Et Luffy Qui Fait un Gomu Gomu No Red Hawk de Tr\u00e8s Haute Qualit\u00e9 pour les Fans de Manga\" \/>\n<meta property=\"og:url\" content=\"https:\/\/boutique-one-piece.com\/da\/one-piece-toj\/one-piece-t-shirts-2\/one-piece-troje-med-tryk-blackbeard-aokiji-luffy\/\" \/>\n<meta property=\"og:site_name\" content=\"Boutique One Piece\" \/>\n<meta property=\"article:modified_time\" content=\"2024-09-16T12:54:53+00:00\" \/>\n<meta property=\"og:image\" content=\"https:\/\/boutique-one-piece.com\/wp-content\/uploads\/2022\/09\/Maillot-Imprime-One-Piece-Barbe-Noire-Aokiji-Luffy.jpg\" \/>\n\t<meta property=\"og:image:width\" content=\"552\" \/>\n\t<meta property=\"og:image:height\" content=\"600\" \/>\n\t<meta property=\"og:image:type\" content=\"image\/jpeg\" \/>\n<meta name=\"twitter:card\" content=\"summary_large_image\" \/>\n<meta name=\"twitter:label1\" content=\"Estimeret l\u00e6setid\" \/>\n\t<meta name=\"twitter:data1\" content=\"3 minutter\" \/>\n<script type=\"application\/ld+json\" class=\"yoast-schema-graph\">{\"@context\":\"https:\\\/\\\/schema.org\",\"@graph\":[{\"@type\":\"WebPage\",\"@id\":\"https:\\\/\\\/boutique-one-piece.com\\\/vetements-one-piece\\\/t-shirts-one-piece\\\/maillot-imprime-one-piece-barbe-noire-aokiji-luffy\\\/\",\"url\":\"https:\\\/\\\/boutique-one-piece.com\\\/vetements-one-piece\\\/t-shirts-one-piece\\\/maillot-imprime-one-piece-barbe-noire-aokiji-luffy\\\/\",\"name\":\"Maillot Imprim\u00e9 Barbe Noire Aokiji Luffy | Boutique One Piece\",\"isPartOf\":{\"@id\":\"https:\\\/\\\/boutique-one-piece.com\\\/#website\"},\"primaryImageOfPage\":{\"@id\":\"https:\\\/\\\/boutique-one-piece.com\\\/vetements-one-piece\\\/t-shirts-one-piece\\\/maillot-imprime-one-piece-barbe-noire-aokiji-luffy\\\/#primaryimage\"},\"image\":{\"@id\":\"https:\\\/\\\/boutique-one-piece.com\\\/vetements-one-piece\\\/t-shirts-one-piece\\\/maillot-imprime-one-piece-barbe-noire-aokiji-luffy\\\/#primaryimage\"},\"thumbnailUrl\":\"https:\\\/\\\/boutique-one-piece.com\\\/wp-content\\\/uploads\\\/2022\\\/09\\\/Maillot-Imprime-One-Piece-Barbe-Noire-Aokiji-Luffy.jpg\",\"datePublished\":\"2022-09-27T20:55:42+00:00\",\"dateModified\":\"2024-09-16T12:54:53+00:00\",\"description\":\"Maillot de Corps One Piece Imprim\u00e9 avec Marshall D. Teach, Kuzan Aokiji Et Luffy Qui Fait un Gomu Gomu No Red Hawk de Tr\u00e8s Haute Qualit\u00e9 pour les Fans de Manga\",\"breadcrumb\":{\"@id\":\"https:\\\/\\\/boutique-one-piece.com\\\/vetements-one-piece\\\/t-shirts-one-piece\\\/maillot-imprime-one-piece-barbe-noire-aokiji-luffy\\\/#breadcrumb\"},\"inLanguage\":\"da-DK\",\"potentialAction\":[{\"@type\":\"ReadAction\",\"target\":[\"https:\\\/\\\/boutique-one-piece.com\\\/vetements-one-piece\\\/t-shirts-one-piece\\\/maillot-imprime-one-piece-barbe-noire-aokiji-luffy\\\/\"]}]},{\"@type\":\"ImageObject\",\"inLanguage\":\"da-DK\",\"@id\":\"https:\\\/\\\/boutique-one-piece.com\\\/vetements-one-piece\\\/t-shirts-one-piece\\\/maillot-imprime-one-piece-barbe-noire-aokiji-luffy\\\/#primaryimage\",\"url\":\"https:\\\/\\\/boutique-one-piece.com\\\/wp-content\\\/uploads\\\/2022\\\/09\\\/Maillot-Imprime-One-Piece-Barbe-Noire-Aokiji-Luffy.jpg\",\"contentUrl\":\"https:\\\/\\\/boutique-one-piece.com\\\/wp-content\\\/uploads\\\/2022\\\/09\\\/Maillot-Imprime-One-Piece-Barbe-Noire-Aokiji-Luffy.jpg\",\"width\":552,\"height\":600,\"caption\":\"Maillot Imprim\u00e9 One Piece Barbe Noire\"},{\"@type\":\"BreadcrumbList\",\"@id\":\"https:\\\/\\\/boutique-one-piece.com\\\/vetements-one-piece\\\/t-shirts-one-piece\\\/maillot-imprime-one-piece-barbe-noire-aokiji-luffy\\\/#breadcrumb\",\"itemListElement\":[{\"@type\":\"ListItem\",\"position\":1,\"name\":\"Home\",\"item\":\"https:\\\/\\\/boutique-one-piece.com\\\/\"},{\"@type\":\"ListItem\",\"position\":2,\"name\":\"Shop\",\"item\":\"https:\\\/\\\/boutique-one-piece.com\\\/shop\\\/\"},{\"@type\":\"ListItem\",\"position\":3,\"name\":\"Maillot Imprim\u00e9 One Piece Barbe Noire, Aokiji, Luffy\"}]},{\"@type\":\"WebSite\",\"@id\":\"https:\\\/\\\/boutique-one-piece.com\\\/#website\",\"url\":\"https:\\\/\\\/boutique-one-piece.com\\\/\",\"name\":\"Boutique One Piece\",\"description\":\"Magasin Sp\u00e9cialis\u00e9 du Manga et l&#039;Anime One Piece\",\"publisher\":{\"@id\":\"https:\\\/\\\/boutique-one-piece.com\\\/#organization\"},\"potentialAction\":[{\"@type\":\"SearchAction\",\"target\":{\"@type\":\"EntryPoint\",\"urlTemplate\":\"https:\\\/\\\/boutique-one-piece.com\\\/?s={search_term_string}\"},\"query-input\":{\"@type\":\"PropertyValueSpecification\",\"valueRequired\":true,\"valueName\":\"search_term_string\"}}],\"inLanguage\":\"da-DK\"},{\"@type\":\"Organization\",\"@id\":\"https:\\\/\\\/boutique-one-piece.com\\\/#organization\",\"name\":\"Boutique One Piece\",\"url\":\"https:\\\/\\\/boutique-one-piece.com\\\/\",\"logo\":{\"@type\":\"ImageObject\",\"inLanguage\":\"da-DK\",\"@id\":\"https:\\\/\\\/boutique-one-piece.com\\\/#\\\/schema\\\/logo\\\/image\\\/\",\"url\":\"https:\\\/\\\/boutique-one-piece.com\\\/wp-content\\\/uploads\\\/2022\\\/09\\\/Logo-01.png\",\"contentUrl\":\"https:\\\/\\\/boutique-one-piece.com\\\/wp-content\\\/uploads\\\/2022\\\/09\\\/Logo-01.png\",\"width\":2318,\"height\":957,\"caption\":\"Boutique One Piece\"},\"image\":{\"@id\":\"https:\\\/\\\/boutique-one-piece.com\\\/#\\\/schema\\\/logo\\\/image\\\/\"}}]}<\/script>\n<!-- \/ Yoast SEO plugin. -->","yoast_head_json":{"title":"Sortsk\u00e6g Aokiji Luffy Printet T-shirt | One Piece Shop","description":"One Piece-undertr\u00f8je med print, hvor Marshall D. Teach, Kuzan Aokiji og Luffy udf\u00f8rer en Gomu Gomu no Red Hawk. H\u00f8j kvalitet til manga-fans.","robots":{"index":"index","follow":"follow","max-snippet":"max-snippet:-1","max-image-preview":"max-image-preview:large","max-video-preview":"max-video-preview:-1"},"canonical":"https:\/\/boutique-one-piece.com\/da\/one-piece-toj\/one-piece-t-shirts-2\/one-piece-troje-med-tryk-blackbeard-aokiji-luffy\/","og_locale":"da_DK","og_type":"article","og_title":"Maillot Imprim\u00e9 Barbe Noire Aokiji Luffy | Boutique One Piece","og_description":"Maillot de Corps One Piece Imprim\u00e9 avec Marshall D. Teach, Kuzan Aokiji Et Luffy Qui Fait un Gomu Gomu No Red Hawk de Tr\u00e8s Haute Qualit\u00e9 pour les Fans de Manga","og_url":"https:\/\/boutique-one-piece.com\/da\/one-piece-toj\/one-piece-t-shirts-2\/one-piece-troje-med-tryk-blackbeard-aokiji-luffy\/","og_site_name":"Boutique One Piece","article_modified_time":"2024-09-16T12:54:53+00:00","og_image":[{"width":552,"height":600,"url":"https:\/\/boutique-one-piece.com\/wp-content\/uploads\/2022\/09\/Maillot-Imprime-One-Piece-Barbe-Noire-Aokiji-Luffy.jpg","type":"image\/jpeg"}],"twitter_card":"summary_large_image","twitter_misc":{"Estimeret l\u00e6setid":"3 minutter"},"schema":{"@context":"https:\/\/schema.org","@graph":[{"@type":"WebPage","@id":"https:\/\/boutique-one-piece.com\/vetements-one-piece\/t-shirts-one-piece\/maillot-imprime-one-piece-barbe-noire-aokiji-luffy\/","url":"https:\/\/boutique-one-piece.com\/vetements-one-piece\/t-shirts-one-piece\/maillot-imprime-one-piece-barbe-noire-aokiji-luffy\/","name":"Sortsk\u00e6g Aokiji Luffy Printet T-shirt | One Piece Shop","isPartOf":{"@id":"https:\/\/boutique-one-piece.com\/#website"},"primaryImageOfPage":{"@id":"https:\/\/boutique-one-piece.com\/vetements-one-piece\/t-shirts-one-piece\/maillot-imprime-one-piece-barbe-noire-aokiji-luffy\/#primaryimage"},"image":{"@id":"https:\/\/boutique-one-piece.com\/vetements-one-piece\/t-shirts-one-piece\/maillot-imprime-one-piece-barbe-noire-aokiji-luffy\/#primaryimage"},"thumbnailUrl":"https:\/\/boutique-one-piece.com\/wp-content\/uploads\/2022\/09\/Maillot-Imprime-One-Piece-Barbe-Noire-Aokiji-Luffy.jpg","datePublished":"2022-09-27T20:55:42+00:00","dateModified":"2024-09-16T12:54:53+00:00","description":"One Piece-undertr\u00f8je med print, hvor Marshall D. Teach, Kuzan Aokiji og Luffy udf\u00f8rer en Gomu Gomu no Red Hawk. H\u00f8j kvalitet til manga-fans.","breadcrumb":{"@id":"https:\/\/boutique-one-piece.com\/vetements-one-piece\/t-shirts-one-piece\/maillot-imprime-one-piece-barbe-noire-aokiji-luffy\/#breadcrumb"},"inLanguage":"da-DK","potentialAction":[{"@type":"ReadAction","target":["https:\/\/boutique-one-piece.com\/vetements-one-piece\/t-shirts-one-piece\/maillot-imprime-one-piece-barbe-noire-aokiji-luffy\/"]}]},{"@type":"ImageObject","inLanguage":"da-DK","@id":"https:\/\/boutique-one-piece.com\/vetements-one-piece\/t-shirts-one-piece\/maillot-imprime-one-piece-barbe-noire-aokiji-luffy\/#primaryimage","url":"https:\/\/boutique-one-piece.com\/wp-content\/uploads\/2022\/09\/Maillot-Imprime-One-Piece-Barbe-Noire-Aokiji-Luffy.jpg","contentUrl":"https:\/\/boutique-one-piece.com\/wp-content\/uploads\/2022\/09\/Maillot-Imprime-One-Piece-Barbe-Noire-Aokiji-Luffy.jpg","width":552,"height":600,"caption":"Maillot Imprim\u00e9 One Piece Barbe Noire"},{"@type":"BreadcrumbList","@id":"https:\/\/boutique-one-piece.com\/vetements-one-piece\/t-shirts-one-piece\/maillot-imprime-one-piece-barbe-noire-aokiji-luffy\/#breadcrumb","itemListElement":[{"@type":"ListItem","position":1,"name":"Home","item":"https:\/\/boutique-one-piece.com\/"},{"@type":"ListItem","position":2,"name":"Shop","item":"https:\/\/boutique-one-piece.com\/shop\/"},{"@type":"ListItem","position":3,"name":"Maillot Imprim\u00e9 One Piece Barbe Noire, Aokiji, Luffy"}]},{"@type":"WebSite","@id":"https:\/\/boutique-one-piece.com\/#website","url":"https:\/\/boutique-one-piece.com\/","name":"One Piece Shop","description":"Specialbutik for One Piece Manga og Anime","publisher":{"@id":"https:\/\/boutique-one-piece.com\/#organization"},"potentialAction":[{"@type":"SearchAction","target":{"@type":"EntryPoint","urlTemplate":"https:\/\/boutique-one-piece.com\/?s={search_term_string}"},"query-input":{"@type":"PropertyValueSpecification","valueRequired":true,"valueName":"search_term_string"}}],"inLanguage":"da-DK"},{"@type":"Organization","@id":"https:\/\/boutique-one-piece.com\/#organization","name":"One Piece Shop","url":"https:\/\/boutique-one-piece.com\/","logo":{"@type":"ImageObject","inLanguage":"da-DK","@id":"https:\/\/boutique-one-piece.com\/#\/schema\/logo\/image\/","url":"https:\/\/boutique-one-piece.com\/wp-content\/uploads\/2022\/09\/Logo-01.png","contentUrl":"https:\/\/boutique-one-piece.com\/wp-content\/uploads\/2022\/09\/Logo-01.png","width":2318,"height":957,"caption":"Boutique One Piece"},"image":{"@id":"https:\/\/boutique-one-piece.com\/#\/schema\/logo\/image\/"}}]}},"_links":{"self":[{"href":"https:\/\/boutique-one-piece.com\/da\/wp-json\/wp\/v2\/product\/12428","targetHints":{"allow":["GET"]}}],"collection":[{"href":"https:\/\/boutique-one-piece.com\/da\/wp-json\/wp\/v2\/product"}],"about":[{"href":"https:\/\/boutique-one-piece.com\/da\/wp-json\/wp\/v2\/types\/product"}],"replies":[{"embeddable":true,"href":"https:\/\/boutique-one-piece.com\/da\/wp-json\/wp\/v2\/comments?post=12428"}],"wp:featuredmedia":[{"embeddable":true,"href":"https:\/\/boutique-one-piece.com\/da\/wp-json\/wp\/v2\/media\/12430"}],"wp:attachment":[{"href":"https:\/\/boutique-one-piece.com\/da\/wp-json\/wp\/v2\/media?parent=12428"}],"wp:term":[{"taxonomy":"product_brand","embeddable":true,"href":"https:\/\/boutique-one-piece.com\/da\/wp-json\/wp\/v2\/product_brand?post=12428"},{"taxonomy":"product_cat","embeddable":true,"href":"https:\/\/boutique-one-piece.com\/da\/wp-json\/wp\/v2\/product_cat?post=12428"},{"taxonomy":"product_tag","embeddable":true,"href":"https:\/\/boutique-one-piece.com\/da\/wp-json\/wp\/v2\/product_tag?post=12428"}],"curies":[{"name":"wp","href":"https:\/\/api.w.org\/{rel}","templated":true}]}}