{"id":12473,"date":"2022-09-27T20:55:55","date_gmt":"2022-09-27T20:55:55","guid":{"rendered":"https:\/\/boutique-one-piece.com\/uncategorized\/tableau-one-piece-lequipage-du-chapeau-de-paille\/"},"modified":"2024-09-16T12:56:12","modified_gmt":"2024-09-16T12:56:12","slug":"one-piece-maleri-strahat-holdet","status":"publish","type":"product","link":"https:\/\/boutique-one-piece.com\/da\/one-piece-godter\/roronoa-zoro-laekkerier-i-et-stykke\/one-piece-maleri-strahat-holdet\/","title":{"rendered":"One Piece str\u00e5hat bes\u00e6tningsmaleri"},"content":{"rendered":"<p><meta charset=\"utf-8\"><meta charset=\"utf-8\"><\/p>\n<h2>One Piece 3-panels l\u00e6rredstryk med str\u00e5hatpirater i tre forskellige situationer - Et kvalitetsl\u00e6rredstryk til en pirat som dig!<\/h2>\n<p>Hvis du er en\u00a0<strong>rigtig pirat<\/strong>, Du vil s\u00e6tte pris p\u00e5\u00a0<strong>kvalitet<\/strong>\u00a0l\u00e6rred, maling og en ramme til deres\u00a0<strong>design\u00a0<\/strong>Og\u00a0<strong>3D-l\u00e6rredsprint<\/strong>\u00a0d\u00f8d <strong>3<\/strong>\u00a0<strong>One Piece firkantede malerier<\/strong>\u00a0Men vigtigst af alt, med disse diagrammer, vil du v\u00e6re en del af\u00a0<strong>fanholdet<\/strong>\u00a0af\u00a0<strong>piratmanga<\/strong>\u00a0og du vil f\u00e5:<\/p>\n<ul>\n<li>\u00a0<strong>Beundring<\/strong>\u00a0af alle fans af\u00a0<strong>Mugiwaras<\/strong>\u00a0som du vil invitere hjem til dig<\/li>\n<\/ul>\n<ul>\n<li>\n<strong>3 trykte kvadratiske diagrammer<\/strong>\u00a0med hvilket du vil v\u00e6re i stand til at<strong>\u00a0at forestille sig\u00a0<\/strong>med<b>\u00a0Abe D. Luffy <\/b>og hans Mugawaras<\/li>\n<\/ul>\n<p>S\u00e5, klar til at vise frem\u00a0<strong>farver <\/strong>af <strong>Straw Hat-holdet<\/strong>\u00a0?<\/p>\n<h2>Er du fan af One Piece manga eller anime? Vis det med disse 3 One Piece firkantede l\u00e6rredstryk!<\/h2>\n<p>Hvis du\u00a0<strong>l\u00e6se<\/strong>\u00a0eller hvor end du kigger hen\u00a0<strong>animeen\u00a0<\/strong><strong>Japansk<\/strong>, Der er en god chance for, at du er blevet\u00a0<strong>vild med One Piece<\/strong>\u00a0Med disse <strong>3<\/strong>\u00a0<strong>Kvadratiske malerier af str\u00e5hatteholdet<\/strong>, slutte sig til\u2019<strong>en gruppe fans af franchisen<\/strong><\/p>\n<p>Disse\u00a0<strong>v\u00e6gkunst<\/strong>\u00a0er tilg\u00e6ngelige med en\u00a0<strong>tr\u00e6ramme<\/strong>\u00a0varianten &quot;\u00ab\u00a0<strong>Med ramme<\/strong>\u00ab&quot;Det er ogs\u00e5 muligt kun at have\u00a0<strong>kl\u00e6de<\/strong>\u00a0med varianten &quot;\u00ab\u00a0<strong>Rammel\u00f8s<\/strong>\u00ab&quot;Du finder diagrammerne i st\u00f8rrelse T&quot;<strong>meget<\/strong>\u00a0<strong>Lidt<\/strong>, <strong>Lidt<\/strong>,<strong>\u00a0GENNEMSNIT<\/strong>,<strong>\u00a0Stor<\/strong>,<strong>\u00a0Meget stor.<\/strong>\u00a0Disse 3 malerier kan k\u00f8bes enkeltvis eller som en pakke. De vil passe til alle typer pirater, selvom du ikke har\u00a0<strong>sv\u00e6rd<\/strong>\u00a0eller\u00a0<strong>dj\u00e6velfrugt<\/strong>\u00a0du kan stadig stolt h\u00e6nge den op derhjemme<\/p>\n<p>Disse malerier har <strong>tre forskellige billeder<\/strong>, den f\u00f8rste <strong>firkantet bord<\/strong>\u00a0repr\u00e6senterer\u00a0<strong>Mugiara No Luffy <\/strong>og dens <strong>mandskab<\/strong>\u00a0der l\u00f8ber, det andet firkantede bord med <strong>bes\u00e6tningen<\/strong> af\u00a0<strong>Str\u00e5hat <\/strong>med <strong>Tusind solrige<\/strong>\u00a0og det tredje firkantede maleri\u00a0<strong><\/strong>med den <strong>Mugiwaras<\/strong> i <strong>Mini<\/strong><\/p>\n<h2>Information om maleriet:<\/h2>\n<ul>\n<li>\n<strong>Trykt l\u00e6rred i h\u00f8j kvalitet\u00a0<\/strong>v\u00e6gl\u00e6rred lavet af <strong>bomuld<\/strong> og <strong>linned<\/strong>, for at opn\u00e5 en <strong>kl\u00e6de<\/strong> v\u00e6rdig til navnet<\/li>\n<\/ul>\n<ul>\n<li>\n<strong>Ultra Design Maleri<\/strong>\u00a0Det tredelte bord giver meget <strong>stil<\/strong> til en <strong>stykke<\/strong>, Fans kan ikke lade v\u00e6re med at elske det<\/li>\n<\/ul>\n<ul style=\"font-weight: 400;\">\n<li>\n<strong>Farve og trykning\u00a0<\/strong>One Piece-maleri med et tryk <strong>Canva<\/strong> standarden inden for l\u00e6rredstryk<\/li>\n<\/ul>\n<ul style=\"font-weight: 400;\">\n<li>\n<strong>Letv\u00e6gts v\u00e6gkunst<\/strong>\u00a0Fantastisk beliggenhed <strong>lys,<\/strong> alt det kr\u00e6ver er \u00e9n <strong>s\u00f8m<\/strong> eller af <strong>fast ben<\/strong> for den <strong>opretholde<\/strong> P\u00e5 <strong>v\u00e6g<\/strong>\n<\/li>\n<\/ul>\n<ul style=\"font-weight: 400;\">\n<li>\n<strong>Tr\u00e6ramme<\/strong>\u00a0: varianten &quot;\u00ab\u00a0<strong>Med ramme<\/strong>\u00a0\u00bb er ledsaget af en <strong>tr\u00e6ramme<\/strong> og versionen&quot;\u00ab\u00a0<strong>Rammel\u00f8s<\/strong>\u00a0\u00bb er leveret <strong>uden tr\u00e6rammen<\/strong>\n<\/li>\n<\/ul>\n<ul style=\"font-weight: 400;\">\n<li>\n<strong>Gratis levering\u00a0<\/strong>for ethvert k\u00f8b<strong>\u00a0<\/strong>\n<\/li>\n<\/ul>\n<h3>Glem ikke at tage et kig p\u00e5 st\u00f8rrelsesguiden nedenfor.<\/h3>\n<h2><strong style=\"font-size: 15px;\"><\/strong><\/h2>\n<p>\u00a0<strong>Bord i \u00e9t stykke 3<span>\u00a0<\/span>Stykker af st\u00f8rrelse<span>\u00a0<\/span><\/strong>Meget lille<\/p>\n<p style=\"text-align: left;\"><img decoding=\"async\" alt=\"St\u00f8rrelsesguide til One Piece Shop - St\u00f8rrelsesguide for 3 dele - Meget lille\" src=\"\/\/cdn.shopify.com\/s\/files\/1\/0087\/7556\/5348\/files\/guide_taille_tableau_3_pieces_boutique_one_piece_tres_petit_large.jpg?v=1560419504\" style=\"float: none;\"><\/p>\n<p>\u00a0<strong>\u00c9t stykke 3-delt maleri, st\u00f8rrelse<span>\u00a0<\/span><\/strong>Lille<\/p>\n<p><img decoding=\"async\" src=\"\/\/cdn.shopify.com\/s\/files\/1\/0087\/7556\/5348\/files\/guide_taille_tableau_3_pieces_boutique_one_piece_petit_large.jpg?v=1560419608\" alt=\"St\u00f8rrelsesguide til One Piece Shop, 3-delt st\u00f8rrelsesguide\">\u00a0<\/p>\n<p><strong>Bord i \u00e9t stykke 3<span>\u00a0<\/span>Stykker af st\u00f8rrelse<span>\u00a0<\/span><\/strong>:<strong><span>\u00a0<\/span><\/strong>GENNEMSNIT<\/p>\n<p>\u00a0<img decoding=\"async\" src=\"\/\/cdn.shopify.com\/s\/files\/1\/0087\/7556\/5348\/files\/guide_taille_tableau_3_pieces_boutique_one_piece_moyen_large.jpg?v=1560419636\" alt=\"St\u00f8rrelsesguide til One Piece Shop - St\u00f8rrelsesguide for 3-delte mellemstore\"><\/p>\n<p><strong>Bord i \u00e9t stykke 3<span>\u00a0<\/span>Stykker af st\u00f8rrelse<span>\u00a0<\/span><\/strong>Stor<\/p>\n<p>\u00a0<img decoding=\"async\" src=\"\/\/cdn.shopify.com\/s\/files\/1\/0087\/7556\/5348\/files\/guide_taille_tableau_3_pieces_boutique_one_piece_grand_large.jpg?v=1560419663\" alt=\"St\u00f8rrelsesguide til One Piece Shop, 3-delt, stor\"><\/p>\n<p><strong>Bord i \u00e9t stykke 3<span>\u00a0<\/span>Stykker af st\u00f8rrelse<span>\u00a0<\/span><\/strong>:<strong><span>\u00a0<\/span><\/strong>Meget stor<\/p>\n<p><img decoding=\"async\" src=\"\/\/cdn.shopify.com\/s\/files\/1\/0087\/7556\/5348\/files\/guide_taille_tableau_3_pieces_boutique_one_piece_tres_grand_large.jpg?v=1560419691\" alt=\"St\u00f8rrelsesguide til One Piece Shop - 3-delt ekstra stor\"><\/p>","protected":false},"excerpt":{"rendered":"<p>Tableau One Piece\u00a03 Panneaux avec les\u00a0Mugiwaras dans Trois Situations Diff\u00e9rentes,Un Tableau de qualit\u00e9 pour un pirate comme\u00a0toi\u00a0! Si tu es un\u00a0v\u00e9ritable pirate, tu sauras appr\u00e9cier la\u00a0qualit\u00e9\u00a0de la toile, de la peinture et du cadre\u00a0pour leurs\u00a0conceptions\u00a0et\u00a0l&rsquo;impression 3D Canvas\u00a0de ces 3\u00a0tableaux carr\u00e9s One Piece\u00a0!\u00a0Mais le plus important, avec ces tableaux, c\u0092est que tu\u00a0feras partie de\u00a0l&rsquo;\u00e9quipage\u00a0des fans\u00a0du\u00a0manga de [&hellip;]<\/p>","protected":false},"featured_media":12475,"comment_status":"open","ping_status":"open","template":"","meta":[],"product_brand":[],"product_cat":[150,157,153,198,151,163,155,164,141],"product_tag":[158,165,129,92,154,205,112,364,143,144,113],"class_list":{"0":"post-12473","1":"product","2":"type-product","3":"status-publish","4":"has-post-thumbnail","6":"product_cat-decorations-one-piece","7":"product_cat-goodies-brook-one-piece","8":"product_cat-goodies-nami-one-piece","9":"product_cat-goodies-nico-robin-one-piece","10":"product_cat-goodies-roronoa-zoro-one-piece","11":"product_cat-goodies-tony-tony-chopper-one-piece","12":"product_cat-goodies-usopp-one-piece","13":"product_cat-goodies-vinsmoke-sanji-one-piece","14":"product_cat-tableaux-one-piece","15":"product_tag-brook","16":"product_tag-chopper","17":"product_tag-franky","18":"product_tag-luffy","19":"product_tag-nami","20":"product_tag-robin","21":"product_tag-sanji","22":"product_tag-tableau-3-pieces","23":"product_tag-toile","24":"product_tag-usopp","25":"product_tag-zoro","27":"first","28":"instock","29":"purchasable","30":"product-type-variable","31":"has-default-attributes"},"yoast_head":"<!-- This site is optimized with the Yoast SEO plugin v27.5 - https:\/\/yoast.com\/product\/yoast-seo-wordpress\/ -->\n<title>3 Tableaux Carr\u00e9s One Piece l&#039;\u00c9quipage au Chapeau de Paille \u2013 Boutique One Piece<\/title>\n<meta name=\"description\" content=\"3 Tableaux One Piece avec L&#039;\u00c9quipage du Chapeau de Paille dans Plusieurs Situations Fan du Manga de Pirates ces Troix Tableaux sont les D\u00e9corations Parfaites\" \/>\n<meta name=\"robots\" content=\"index, follow, max-snippet:-1, max-image-preview:large, max-video-preview:-1\" \/>\n<link rel=\"canonical\" href=\"https:\/\/boutique-one-piece.com\/da\/one-piece-godter\/nico-robin-one-piece-merchandise\/one-piece-maleri-strahat-holdet\/\" \/>\n<meta property=\"og:locale\" content=\"da_DK\" \/>\n<meta property=\"og:type\" content=\"article\" \/>\n<meta property=\"og:title\" content=\"3 Tableaux Carr\u00e9s One Piece l&#039;\u00c9quipage au Chapeau de Paille \u2013 Boutique One Piece\" \/>\n<meta property=\"og:description\" content=\"3 Tableaux One Piece avec L&#039;\u00c9quipage du Chapeau de Paille dans Plusieurs Situations Fan du Manga de Pirates ces Troix Tableaux sont les D\u00e9corations Parfaites\" \/>\n<meta property=\"og:url\" content=\"https:\/\/boutique-one-piece.com\/da\/one-piece-godter\/nico-robin-one-piece-merchandise\/one-piece-maleri-strahat-holdet\/\" \/>\n<meta property=\"og:site_name\" content=\"Boutique One Piece\" \/>\n<meta property=\"article:modified_time\" content=\"2024-09-16T12:56:12+00:00\" \/>\n<meta property=\"og:image\" content=\"https:\/\/boutique-one-piece.com\/wp-content\/uploads\/2022\/09\/Tableau-One-Piece-lEquipage-du-Chapeau-de-Paille.jpg\" \/>\n\t<meta property=\"og:image:width\" content=\"600\" \/>\n\t<meta property=\"og:image:height\" content=\"594\" \/>\n\t<meta property=\"og:image:type\" content=\"image\/jpeg\" \/>\n<meta name=\"twitter:card\" content=\"summary_large_image\" \/>\n<meta name=\"twitter:label1\" content=\"Estimeret l\u00e6setid\" \/>\n\t<meta name=\"twitter:data1\" content=\"2 minutter\" \/>\n<script type=\"application\/ld+json\" class=\"yoast-schema-graph\">{\"@context\":\"https:\\\/\\\/schema.org\",\"@graph\":[{\"@type\":\"WebPage\",\"@id\":\"https:\\\/\\\/boutique-one-piece.com\\\/goodies-one-piece\\\/goodies-nico-robin-one-piece\\\/tableau-one-piece-lequipage-du-chapeau-de-paille\\\/\",\"url\":\"https:\\\/\\\/boutique-one-piece.com\\\/goodies-one-piece\\\/goodies-nico-robin-one-piece\\\/tableau-one-piece-lequipage-du-chapeau-de-paille\\\/\",\"name\":\"3 Tableaux Carr\u00e9s One Piece l'\u00c9quipage au Chapeau de Paille \u2013 Boutique One Piece\",\"isPartOf\":{\"@id\":\"https:\\\/\\\/boutique-one-piece.com\\\/#website\"},\"primaryImageOfPage\":{\"@id\":\"https:\\\/\\\/boutique-one-piece.com\\\/goodies-one-piece\\\/goodies-nico-robin-one-piece\\\/tableau-one-piece-lequipage-du-chapeau-de-paille\\\/#primaryimage\"},\"image\":{\"@id\":\"https:\\\/\\\/boutique-one-piece.com\\\/goodies-one-piece\\\/goodies-nico-robin-one-piece\\\/tableau-one-piece-lequipage-du-chapeau-de-paille\\\/#primaryimage\"},\"thumbnailUrl\":\"https:\\\/\\\/boutique-one-piece.com\\\/wp-content\\\/uploads\\\/2022\\\/09\\\/Tableau-One-Piece-lEquipage-du-Chapeau-de-Paille.jpg\",\"datePublished\":\"2022-09-27T20:55:55+00:00\",\"dateModified\":\"2024-09-16T12:56:12+00:00\",\"description\":\"3 Tableaux One Piece avec L'\u00c9quipage du Chapeau de Paille dans Plusieurs Situations Fan du Manga de Pirates ces Troix Tableaux sont les D\u00e9corations Parfaites\",\"breadcrumb\":{\"@id\":\"https:\\\/\\\/boutique-one-piece.com\\\/goodies-one-piece\\\/goodies-nico-robin-one-piece\\\/tableau-one-piece-lequipage-du-chapeau-de-paille\\\/#breadcrumb\"},\"inLanguage\":\"da-DK\",\"potentialAction\":[{\"@type\":\"ReadAction\",\"target\":[\"https:\\\/\\\/boutique-one-piece.com\\\/goodies-one-piece\\\/goodies-nico-robin-one-piece\\\/tableau-one-piece-lequipage-du-chapeau-de-paille\\\/\"]}]},{\"@type\":\"ImageObject\",\"inLanguage\":\"da-DK\",\"@id\":\"https:\\\/\\\/boutique-one-piece.com\\\/goodies-one-piece\\\/goodies-nico-robin-one-piece\\\/tableau-one-piece-lequipage-du-chapeau-de-paille\\\/#primaryimage\",\"url\":\"https:\\\/\\\/boutique-one-piece.com\\\/wp-content\\\/uploads\\\/2022\\\/09\\\/Tableau-One-Piece-lEquipage-du-Chapeau-de-Paille.jpg\",\"contentUrl\":\"https:\\\/\\\/boutique-one-piece.com\\\/wp-content\\\/uploads\\\/2022\\\/09\\\/Tableau-One-Piece-lEquipage-du-Chapeau-de-Paille.jpg\",\"width\":600,\"height\":594,\"caption\":\"Tableau One Piece l'\u00c9quipage du Chapeau de Paille Moyen 1 Avec Cadre\"},{\"@type\":\"BreadcrumbList\",\"@id\":\"https:\\\/\\\/boutique-one-piece.com\\\/goodies-one-piece\\\/goodies-nico-robin-one-piece\\\/tableau-one-piece-lequipage-du-chapeau-de-paille\\\/#breadcrumb\",\"itemListElement\":[{\"@type\":\"ListItem\",\"position\":1,\"name\":\"Home\",\"item\":\"https:\\\/\\\/boutique-one-piece.com\\\/\"},{\"@type\":\"ListItem\",\"position\":2,\"name\":\"Shop\",\"item\":\"https:\\\/\\\/boutique-one-piece.com\\\/shop\\\/\"},{\"@type\":\"ListItem\",\"position\":3,\"name\":\"Tableau One Piece l&#8217;\u00c9quipage du Chapeau de Paille\"}]},{\"@type\":\"WebSite\",\"@id\":\"https:\\\/\\\/boutique-one-piece.com\\\/#website\",\"url\":\"https:\\\/\\\/boutique-one-piece.com\\\/\",\"name\":\"Boutique One Piece\",\"description\":\"Magasin Sp\u00e9cialis\u00e9 du Manga et l&#039;Anime One Piece\",\"publisher\":{\"@id\":\"https:\\\/\\\/boutique-one-piece.com\\\/#organization\"},\"potentialAction\":[{\"@type\":\"SearchAction\",\"target\":{\"@type\":\"EntryPoint\",\"urlTemplate\":\"https:\\\/\\\/boutique-one-piece.com\\\/?s={search_term_string}\"},\"query-input\":{\"@type\":\"PropertyValueSpecification\",\"valueRequired\":true,\"valueName\":\"search_term_string\"}}],\"inLanguage\":\"da-DK\"},{\"@type\":\"Organization\",\"@id\":\"https:\\\/\\\/boutique-one-piece.com\\\/#organization\",\"name\":\"Boutique One Piece\",\"url\":\"https:\\\/\\\/boutique-one-piece.com\\\/\",\"logo\":{\"@type\":\"ImageObject\",\"inLanguage\":\"da-DK\",\"@id\":\"https:\\\/\\\/boutique-one-piece.com\\\/#\\\/schema\\\/logo\\\/image\\\/\",\"url\":\"https:\\\/\\\/boutique-one-piece.com\\\/wp-content\\\/uploads\\\/2022\\\/09\\\/Logo-01.png\",\"contentUrl\":\"https:\\\/\\\/boutique-one-piece.com\\\/wp-content\\\/uploads\\\/2022\\\/09\\\/Logo-01.png\",\"width\":2318,\"height\":957,\"caption\":\"Boutique One Piece\"},\"image\":{\"@id\":\"https:\\\/\\\/boutique-one-piece.com\\\/#\\\/schema\\\/logo\\\/image\\\/\"}}]}<\/script>\n<!-- \/ Yoast SEO plugin. -->","yoast_head_json":{"title":"3 Kvadratiske Str\u00e5hatte i One Piece-print \u2013 One Piece Shop","description":"3 One Piece-malerier med str\u00e5hat-crewet i forskellige situationer. For fans af piratmangaen er disse tre malerier den perfekte dekoration.","robots":{"index":"index","follow":"follow","max-snippet":"max-snippet:-1","max-image-preview":"max-image-preview:large","max-video-preview":"max-video-preview:-1"},"canonical":"https:\/\/boutique-one-piece.com\/da\/one-piece-godter\/nico-robin-one-piece-merchandise\/one-piece-maleri-strahat-holdet\/","og_locale":"da_DK","og_type":"article","og_title":"3 Tableaux Carr\u00e9s One Piece l'\u00c9quipage au Chapeau de Paille \u2013 Boutique One Piece","og_description":"3 Tableaux One Piece avec L'\u00c9quipage du Chapeau de Paille dans Plusieurs Situations Fan du Manga de Pirates ces Troix Tableaux sont les D\u00e9corations Parfaites","og_url":"https:\/\/boutique-one-piece.com\/da\/one-piece-godter\/nico-robin-one-piece-merchandise\/one-piece-maleri-strahat-holdet\/","og_site_name":"Boutique One Piece","article_modified_time":"2024-09-16T12:56:12+00:00","og_image":[{"width":600,"height":594,"url":"https:\/\/boutique-one-piece.com\/wp-content\/uploads\/2022\/09\/Tableau-One-Piece-lEquipage-du-Chapeau-de-Paille.jpg","type":"image\/jpeg"}],"twitter_card":"summary_large_image","twitter_misc":{"Estimeret l\u00e6setid":"2 minutter"},"schema":{"@context":"https:\/\/schema.org","@graph":[{"@type":"WebPage","@id":"https:\/\/boutique-one-piece.com\/goodies-one-piece\/goodies-nico-robin-one-piece\/tableau-one-piece-lequipage-du-chapeau-de-paille\/","url":"https:\/\/boutique-one-piece.com\/goodies-one-piece\/goodies-nico-robin-one-piece\/tableau-one-piece-lequipage-du-chapeau-de-paille\/","name":"3 Kvadratiske Str\u00e5hatte i One Piece-print \u2013 One Piece Shop","isPartOf":{"@id":"https:\/\/boutique-one-piece.com\/#website"},"primaryImageOfPage":{"@id":"https:\/\/boutique-one-piece.com\/goodies-one-piece\/goodies-nico-robin-one-piece\/tableau-one-piece-lequipage-du-chapeau-de-paille\/#primaryimage"},"image":{"@id":"https:\/\/boutique-one-piece.com\/goodies-one-piece\/goodies-nico-robin-one-piece\/tableau-one-piece-lequipage-du-chapeau-de-paille\/#primaryimage"},"thumbnailUrl":"https:\/\/boutique-one-piece.com\/wp-content\/uploads\/2022\/09\/Tableau-One-Piece-lEquipage-du-Chapeau-de-Paille.jpg","datePublished":"2022-09-27T20:55:55+00:00","dateModified":"2024-09-16T12:56:12+00:00","description":"3 One Piece-malerier med str\u00e5hat-crewet i forskellige situationer. For fans af piratmangaen er disse tre malerier den perfekte dekoration.","breadcrumb":{"@id":"https:\/\/boutique-one-piece.com\/goodies-one-piece\/goodies-nico-robin-one-piece\/tableau-one-piece-lequipage-du-chapeau-de-paille\/#breadcrumb"},"inLanguage":"da-DK","potentialAction":[{"@type":"ReadAction","target":["https:\/\/boutique-one-piece.com\/goodies-one-piece\/goodies-nico-robin-one-piece\/tableau-one-piece-lequipage-du-chapeau-de-paille\/"]}]},{"@type":"ImageObject","inLanguage":"da-DK","@id":"https:\/\/boutique-one-piece.com\/goodies-one-piece\/goodies-nico-robin-one-piece\/tableau-one-piece-lequipage-du-chapeau-de-paille\/#primaryimage","url":"https:\/\/boutique-one-piece.com\/wp-content\/uploads\/2022\/09\/Tableau-One-Piece-lEquipage-du-Chapeau-de-Paille.jpg","contentUrl":"https:\/\/boutique-one-piece.com\/wp-content\/uploads\/2022\/09\/Tableau-One-Piece-lEquipage-du-Chapeau-de-Paille.jpg","width":600,"height":594,"caption":"Tableau One Piece l'\u00c9quipage du Chapeau de Paille Moyen 1 Avec Cadre"},{"@type":"BreadcrumbList","@id":"https:\/\/boutique-one-piece.com\/goodies-one-piece\/goodies-nico-robin-one-piece\/tableau-one-piece-lequipage-du-chapeau-de-paille\/#breadcrumb","itemListElement":[{"@type":"ListItem","position":1,"name":"Home","item":"https:\/\/boutique-one-piece.com\/"},{"@type":"ListItem","position":2,"name":"Shop","item":"https:\/\/boutique-one-piece.com\/shop\/"},{"@type":"ListItem","position":3,"name":"Tableau One Piece l&#8217;\u00c9quipage du Chapeau de Paille"}]},{"@type":"WebSite","@id":"https:\/\/boutique-one-piece.com\/#website","url":"https:\/\/boutique-one-piece.com\/","name":"One Piece Shop","description":"Specialbutik for One Piece Manga og Anime","publisher":{"@id":"https:\/\/boutique-one-piece.com\/#organization"},"potentialAction":[{"@type":"SearchAction","target":{"@type":"EntryPoint","urlTemplate":"https:\/\/boutique-one-piece.com\/?s={search_term_string}"},"query-input":{"@type":"PropertyValueSpecification","valueRequired":true,"valueName":"search_term_string"}}],"inLanguage":"da-DK"},{"@type":"Organization","@id":"https:\/\/boutique-one-piece.com\/#organization","name":"One Piece Shop","url":"https:\/\/boutique-one-piece.com\/","logo":{"@type":"ImageObject","inLanguage":"da-DK","@id":"https:\/\/boutique-one-piece.com\/#\/schema\/logo\/image\/","url":"https:\/\/boutique-one-piece.com\/wp-content\/uploads\/2022\/09\/Logo-01.png","contentUrl":"https:\/\/boutique-one-piece.com\/wp-content\/uploads\/2022\/09\/Logo-01.png","width":2318,"height":957,"caption":"Boutique One Piece"},"image":{"@id":"https:\/\/boutique-one-piece.com\/#\/schema\/logo\/image\/"}}]}},"_links":{"self":[{"href":"https:\/\/boutique-one-piece.com\/da\/wp-json\/wp\/v2\/product\/12473","targetHints":{"allow":["GET"]}}],"collection":[{"href":"https:\/\/boutique-one-piece.com\/da\/wp-json\/wp\/v2\/product"}],"about":[{"href":"https:\/\/boutique-one-piece.com\/da\/wp-json\/wp\/v2\/types\/product"}],"replies":[{"embeddable":true,"href":"https:\/\/boutique-one-piece.com\/da\/wp-json\/wp\/v2\/comments?post=12473"}],"wp:featuredmedia":[{"embeddable":true,"href":"https:\/\/boutique-one-piece.com\/da\/wp-json\/wp\/v2\/media\/12475"}],"wp:attachment":[{"href":"https:\/\/boutique-one-piece.com\/da\/wp-json\/wp\/v2\/media?parent=12473"}],"wp:term":[{"taxonomy":"product_brand","embeddable":true,"href":"https:\/\/boutique-one-piece.com\/da\/wp-json\/wp\/v2\/product_brand?post=12473"},{"taxonomy":"product_cat","embeddable":true,"href":"https:\/\/boutique-one-piece.com\/da\/wp-json\/wp\/v2\/product_cat?post=12473"},{"taxonomy":"product_tag","embeddable":true,"href":"https:\/\/boutique-one-piece.com\/da\/wp-json\/wp\/v2\/product_tag?post=12473"}],"curies":[{"name":"wp","href":"https:\/\/api.w.org\/{rel}","templated":true}]}}