{"id":12496,"date":"2022-09-27T20:56:13","date_gmt":"2022-09-27T20:56:13","guid":{"rendered":"https:\/\/boutique-one-piece.com\/uncategorized\/avis-de-recherche-one-piece-edward-newgate-wanted\/"},"modified":"2024-12-12T13:44:13","modified_gmt":"2024-12-12T13:44:13","slug":"onsket-meddelelse-one-piece-edward-newgate-onskede","status":"publish","type":"product","link":"https:\/\/boutique-one-piece.com\/da\/one-piece-dekorationer\/onsket-meddelelse-one-piece-edward-newgate-onskede\/","title":{"rendered":"Edward Newgate efterlyses"},"content":{"rendered":"<h2>Hvis du br\u00e6nder for One Piece-dus\u00f8rer og de mest magtfulde pirater, hvad synes du s\u00e5 om denne Edward Newgate Wanted-plakat?<\/h2>\n<p>Edward Newgate, ogs\u00e5 kendt som Whitebeard, er kendt som verdens st\u00e6rkeste mand. I betragtning af de mange magtfulde pirater, der befolker One Piece-universet, er Edward Newgates kampf\u00e6rdigheder endnu mere imponerende. Han er en af de fire <strong>Yonko<\/strong> af den Nye Verden.<\/p>\n<p>I mods\u00e6tning til den nye generation, der s\u00f8ger efter One Piece, var han aldrig interesseret i det, da han udelukkende var drevet af m\u00e5let om <strong>at stifte en stor familie<\/strong> af pirater og sejlads fra hav til hav i fuld frihed. Det lykkedes ham at n\u00e5 sit m\u00e5l med sin store bes\u00e6tning, som han samlede, og som han alle betragtede som sine egne s\u00f8nner.<\/p>\n<h3>Tilf\u00f8j denne plakat af verdens st\u00e6rkeste mand fra One Piece til din indretning.<\/h3>\n<p>Edward Newgate spiste Dj\u00e6velens frugt <strong>Gura Gura no mi<\/strong>, hvilket g\u00f8r det muligt for ham at skabe jordsk\u00e6lv, n\u00e5r han rammer noget med sine n\u00e6ver. Det menes, at han kan \u00f8del\u00e6gge hele \u00f8er med sin kraft.<\/p>\n<p>Newgates hengivenhed til sine underordnede kender ingen gr\u00e6nser; for at redde Ace, en af sin bes\u00e6tnings kommand\u00f8rer, vil han k\u00e6mpe sammen med hele sin bes\u00e6tning mod Verdensregeringen, der holder ham fanget, og vil endda g\u00e5 s\u00e5 langt som til at d\u00f8 p\u00e5 slagmarken. <strong>Marineford<\/strong> for at fors\u00f8ge at h\u00e6vne Ace, som vil blive dr\u00e6bt i kampen. Edward Newgates dus\u00f8r er 5 milliarder og 46 millioner b\u00e6r.<\/p>\n<p>Hvis du br\u00e6nder for bonusser, s\u00e5 er dette<a href=\"https:\/\/boutique-one-piece.com\/da\/plakat-med-efterlysning-af-krokodille\/\" target=\"_blank\" title=\"Efterlysning af krokodille\" rel=\"noopener noreferrer\"> Plakat med efterlysning af krokodille<\/a> er lavet til dig.<\/p>\n<h2>Information om One Piece Wanted Whitebeard-plakaten<\/h2>\n<ul>\n<li><span><b><u>One Piece Wanted-plakat<\/u><\/b>\u00a0En \u00e6gte One Piece-efterlysningsplakat til \u00e6gte pirater<\/span><\/li>\n<\/ul>\n<ul>\n<li>\n<b><u>Edward Newgates dus\u00f8r<\/u><\/b>\u00a05.046.000.000 b\u00e6r<\/li>\n<\/ul>\n<ul>\n<li><span><strong>Udskrivning i h\u00f8j kvalitet<\/strong>\u00a0pr\u00e6cise farver<\/span><\/li>\n<\/ul>\n<ul>\n<li>\n<strong>Dimension<\/strong>\u00a0: 30 cm x 21 cm og 42 cm x 30 cm<\/li>\n<\/ul>\n<ul>\n<li><span><strong>GRATIS LEVERING<\/strong><\/span><\/li>\n<\/ul>","protected":false},"excerpt":{"rendered":"<p>Hvis du er vild med One Piece-dus\u00f8rer og de mest magtfulde pirater, hvad synes du s\u00e5 om denne Edward Newgate Wanted-plakat? Edward Newgate, ogs\u00e5 kendt som Whitebeard, er kendt for at v\u00e6re verdens st\u00e6rkeste mand. I betragtning af de mange utroligt magtfulde pirater, der befolker One Piece-universet ...<\/p>","protected":false},"featured_media":12498,"comment_status":"open","ping_status":"open","template":"","meta":[],"product_brand":[],"product_cat":[171,150],"product_tag":[],"class_list":{"0":"post-12496","1":"product","2":"type-product","3":"status-publish","4":"has-post-thumbnail","6":"product_cat-avis-de-recherche-one-piece","7":"product_cat-decorations-one-piece","9":"first","10":"instock","11":"purchasable","12":"product-type-variable"},"yoast_head":"<!-- This site is optimized with the Yoast SEO plugin v27.5 - https:\/\/yoast.com\/product\/yoast-seo-wordpress\/ -->\n<title>Avis de Recherche One Piece Edward Newgate Wanted | D\u00e9coration One Piece \u2013 Boutique One Piece<\/title>\n<meta name=\"description\" content=\"Si tu es passionn\u00e9 par les primes de One Piece et les pirates les plus puissants, que penses-tu de cet Avis de Recherche Edward Newgate Wanted ? Edward Newgate, alias Barbe Blanche est r\u00e9put\u00e9 pour \u00eatre l&#039;homme le plus fort au monde. Quand on connait les nombreux pirates tr\u00e8s puissants qui peuplent l&#039;univers de One Piec\" \/>\n<meta name=\"robots\" content=\"index, follow, max-snippet:-1, max-image-preview:large, max-video-preview:-1\" \/>\n<link rel=\"canonical\" href=\"https:\/\/boutique-one-piece.com\/da\/one-piece-efterlysningsplakat\/onsket-meddelelse-one-piece-edward-newgate-onskede\/\" \/>\n<meta property=\"og:locale\" content=\"da_DK\" \/>\n<meta property=\"og:type\" content=\"article\" \/>\n<meta property=\"og:title\" content=\"Avis de Recherche One Piece Edward Newgate Wanted | D\u00e9coration One Piece \u2013 Boutique One Piece\" \/>\n<meta property=\"og:description\" content=\"Si tu es passionn\u00e9 par les primes de One Piece et les pirates les plus puissants, que penses-tu de cet Avis de Recherche Edward Newgate Wanted ? Edward Newgate, alias Barbe Blanche est r\u00e9put\u00e9 pour \u00eatre l&#039;homme le plus fort au monde. Quand on connait les nombreux pirates tr\u00e8s puissants qui peuplent l&#039;univers de One Piec\" \/>\n<meta property=\"og:url\" content=\"https:\/\/boutique-one-piece.com\/da\/one-piece-efterlysningsplakat\/onsket-meddelelse-one-piece-edward-newgate-onskede\/\" \/>\n<meta property=\"og:site_name\" content=\"Boutique One Piece\" \/>\n<meta property=\"article:modified_time\" content=\"2024-12-12T13:44:13+00:00\" \/>\n<meta property=\"og:image\" content=\"https:\/\/boutique-one-piece.com\/wp-content\/uploads\/2022\/09\/Avis-de-Recherche-Edward-Newgate-Wanted.jpg\" \/>\n\t<meta property=\"og:image:width\" content=\"800\" \/>\n\t<meta property=\"og:image:height\" content=\"800\" \/>\n\t<meta property=\"og:image:type\" content=\"image\/jpeg\" \/>\n<meta name=\"twitter:card\" content=\"summary_large_image\" \/>\n<meta name=\"twitter:label1\" content=\"Estimeret l\u00e6setid\" \/>\n\t<meta name=\"twitter:data1\" content=\"2 minutter\" \/>\n<script type=\"application\/ld+json\" class=\"yoast-schema-graph\">{\"@context\":\"https:\\\/\\\/schema.org\",\"@graph\":[{\"@type\":\"WebPage\",\"@id\":\"https:\\\/\\\/boutique-one-piece.com\\\/avis-de-recherche-one-piece\\\/avis-de-recherche-one-piece-edward-newgate-wanted\\\/\",\"url\":\"https:\\\/\\\/boutique-one-piece.com\\\/avis-de-recherche-one-piece\\\/avis-de-recherche-one-piece-edward-newgate-wanted\\\/\",\"name\":\"Avis de Recherche One Piece Edward Newgate Wanted | D\u00e9coration One Piece \u2013 Boutique One Piece\",\"isPartOf\":{\"@id\":\"https:\\\/\\\/boutique-one-piece.com\\\/#website\"},\"primaryImageOfPage\":{\"@id\":\"https:\\\/\\\/boutique-one-piece.com\\\/avis-de-recherche-one-piece\\\/avis-de-recherche-one-piece-edward-newgate-wanted\\\/#primaryimage\"},\"image\":{\"@id\":\"https:\\\/\\\/boutique-one-piece.com\\\/avis-de-recherche-one-piece\\\/avis-de-recherche-one-piece-edward-newgate-wanted\\\/#primaryimage\"},\"thumbnailUrl\":\"https:\\\/\\\/boutique-one-piece.com\\\/wp-content\\\/uploads\\\/2022\\\/09\\\/Avis-de-Recherche-Edward-Newgate-Wanted.jpg\",\"datePublished\":\"2022-09-27T20:56:13+00:00\",\"dateModified\":\"2024-12-12T13:44:13+00:00\",\"description\":\"Si tu es passionn\u00e9 par les primes de One Piece et les pirates les plus puissants, que penses-tu de cet Avis de Recherche Edward Newgate Wanted ? Edward Newgate, alias Barbe Blanche est r\u00e9put\u00e9 pour \u00eatre l'homme le plus fort au monde. Quand on connait les nombreux pirates tr\u00e8s puissants qui peuplent l'univers de One Piec\",\"breadcrumb\":{\"@id\":\"https:\\\/\\\/boutique-one-piece.com\\\/avis-de-recherche-one-piece\\\/avis-de-recherche-one-piece-edward-newgate-wanted\\\/#breadcrumb\"},\"inLanguage\":\"da-DK\",\"potentialAction\":[{\"@type\":\"ReadAction\",\"target\":[\"https:\\\/\\\/boutique-one-piece.com\\\/avis-de-recherche-one-piece\\\/avis-de-recherche-one-piece-edward-newgate-wanted\\\/\"]}]},{\"@type\":\"ImageObject\",\"inLanguage\":\"da-DK\",\"@id\":\"https:\\\/\\\/boutique-one-piece.com\\\/avis-de-recherche-one-piece\\\/avis-de-recherche-one-piece-edward-newgate-wanted\\\/#primaryimage\",\"url\":\"https:\\\/\\\/boutique-one-piece.com\\\/wp-content\\\/uploads\\\/2022\\\/09\\\/Avis-de-Recherche-Edward-Newgate-Wanted.jpg\",\"contentUrl\":\"https:\\\/\\\/boutique-one-piece.com\\\/wp-content\\\/uploads\\\/2022\\\/09\\\/Avis-de-Recherche-Edward-Newgate-Wanted.jpg\",\"width\":800,\"height\":800,\"caption\":\"Avis de Recherche Edward Newgate Wanted 42 X 30 cm\"},{\"@type\":\"BreadcrumbList\",\"@id\":\"https:\\\/\\\/boutique-one-piece.com\\\/avis-de-recherche-one-piece\\\/avis-de-recherche-one-piece-edward-newgate-wanted\\\/#breadcrumb\",\"itemListElement\":[{\"@type\":\"ListItem\",\"position\":1,\"name\":\"Home\",\"item\":\"https:\\\/\\\/boutique-one-piece.com\\\/\"},{\"@type\":\"ListItem\",\"position\":2,\"name\":\"Shop\",\"item\":\"https:\\\/\\\/boutique-one-piece.com\\\/shop\\\/\"},{\"@type\":\"ListItem\",\"position\":3,\"name\":\"Avis de Recherche Edward Newgate Wanted\"}]},{\"@type\":\"WebSite\",\"@id\":\"https:\\\/\\\/boutique-one-piece.com\\\/#website\",\"url\":\"https:\\\/\\\/boutique-one-piece.com\\\/\",\"name\":\"Boutique One Piece\",\"description\":\"Magasin Sp\u00e9cialis\u00e9 du Manga et l&#039;Anime One Piece\",\"publisher\":{\"@id\":\"https:\\\/\\\/boutique-one-piece.com\\\/#organization\"},\"potentialAction\":[{\"@type\":\"SearchAction\",\"target\":{\"@type\":\"EntryPoint\",\"urlTemplate\":\"https:\\\/\\\/boutique-one-piece.com\\\/?s={search_term_string}\"},\"query-input\":{\"@type\":\"PropertyValueSpecification\",\"valueRequired\":true,\"valueName\":\"search_term_string\"}}],\"inLanguage\":\"da-DK\"},{\"@type\":\"Organization\",\"@id\":\"https:\\\/\\\/boutique-one-piece.com\\\/#organization\",\"name\":\"Boutique One Piece\",\"url\":\"https:\\\/\\\/boutique-one-piece.com\\\/\",\"logo\":{\"@type\":\"ImageObject\",\"inLanguage\":\"da-DK\",\"@id\":\"https:\\\/\\\/boutique-one-piece.com\\\/#\\\/schema\\\/logo\\\/image\\\/\",\"url\":\"https:\\\/\\\/boutique-one-piece.com\\\/wp-content\\\/uploads\\\/2022\\\/09\\\/Logo-01.png\",\"contentUrl\":\"https:\\\/\\\/boutique-one-piece.com\\\/wp-content\\\/uploads\\\/2022\\\/09\\\/Logo-01.png\",\"width\":2318,\"height\":957,\"caption\":\"Boutique One Piece\"},\"image\":{\"@id\":\"https:\\\/\\\/boutique-one-piece.com\\\/#\\\/schema\\\/logo\\\/image\\\/\"}}]}<\/script>\n<!-- \/ Yoast SEO plugin. -->","yoast_head_json":{"title":"One Piece Wanted-plakat: Edward Newgate | One Piece-dekorationer \u2013 One Piece Shop","description":"Hvis du er passioneret omkring One Piece-dus\u00f8rer og de mest magtfulde pirater, hvad synes du s\u00e5 om denne Edward Newgate-efterlysning? Edward Newgate, ogs\u00e5 kendt som Whitebeard, er kendt for at v\u00e6re verdens st\u00e6rkeste mand. I betragtning af de mange utroligt magtfulde pirater, der befolker One Piece-universet...","robots":{"index":"index","follow":"follow","max-snippet":"max-snippet:-1","max-image-preview":"max-image-preview:large","max-video-preview":"max-video-preview:-1"},"canonical":"https:\/\/boutique-one-piece.com\/da\/one-piece-efterlysningsplakat\/onsket-meddelelse-one-piece-edward-newgate-onskede\/","og_locale":"da_DK","og_type":"article","og_title":"Avis de Recherche One Piece Edward Newgate Wanted | D\u00e9coration One Piece \u2013 Boutique One Piece","og_description":"Si tu es passionn\u00e9 par les primes de One Piece et les pirates les plus puissants, que penses-tu de cet Avis de Recherche Edward Newgate Wanted ? Edward Newgate, alias Barbe Blanche est r\u00e9put\u00e9 pour \u00eatre l'homme le plus fort au monde. Quand on connait les nombreux pirates tr\u00e8s puissants qui peuplent l'univers de One Piec","og_url":"https:\/\/boutique-one-piece.com\/da\/one-piece-efterlysningsplakat\/onsket-meddelelse-one-piece-edward-newgate-onskede\/","og_site_name":"Boutique One Piece","article_modified_time":"2024-12-12T13:44:13+00:00","og_image":[{"width":800,"height":800,"url":"https:\/\/boutique-one-piece.com\/wp-content\/uploads\/2022\/09\/Avis-de-Recherche-Edward-Newgate-Wanted.jpg","type":"image\/jpeg"}],"twitter_card":"summary_large_image","twitter_misc":{"Estimeret l\u00e6setid":"2 minutter"},"schema":{"@context":"https:\/\/schema.org","@graph":[{"@type":"WebPage","@id":"https:\/\/boutique-one-piece.com\/avis-de-recherche-one-piece\/avis-de-recherche-one-piece-edward-newgate-wanted\/","url":"https:\/\/boutique-one-piece.com\/avis-de-recherche-one-piece\/avis-de-recherche-one-piece-edward-newgate-wanted\/","name":"One Piece Wanted-plakat: Edward Newgate | One Piece-dekorationer \u2013 One Piece Shop","isPartOf":{"@id":"https:\/\/boutique-one-piece.com\/#website"},"primaryImageOfPage":{"@id":"https:\/\/boutique-one-piece.com\/avis-de-recherche-one-piece\/avis-de-recherche-one-piece-edward-newgate-wanted\/#primaryimage"},"image":{"@id":"https:\/\/boutique-one-piece.com\/avis-de-recherche-one-piece\/avis-de-recherche-one-piece-edward-newgate-wanted\/#primaryimage"},"thumbnailUrl":"https:\/\/boutique-one-piece.com\/wp-content\/uploads\/2022\/09\/Avis-de-Recherche-Edward-Newgate-Wanted.jpg","datePublished":"2022-09-27T20:56:13+00:00","dateModified":"2024-12-12T13:44:13+00:00","description":"Hvis du er passioneret omkring One Piece-dus\u00f8rer og de mest magtfulde pirater, hvad synes du s\u00e5 om denne Edward Newgate-efterlysning? Edward Newgate, ogs\u00e5 kendt som Whitebeard, er kendt for at v\u00e6re verdens st\u00e6rkeste mand. I betragtning af de mange utroligt magtfulde pirater, der befolker One Piece-universet...","breadcrumb":{"@id":"https:\/\/boutique-one-piece.com\/avis-de-recherche-one-piece\/avis-de-recherche-one-piece-edward-newgate-wanted\/#breadcrumb"},"inLanguage":"da-DK","potentialAction":[{"@type":"ReadAction","target":["https:\/\/boutique-one-piece.com\/avis-de-recherche-one-piece\/avis-de-recherche-one-piece-edward-newgate-wanted\/"]}]},{"@type":"ImageObject","inLanguage":"da-DK","@id":"https:\/\/boutique-one-piece.com\/avis-de-recherche-one-piece\/avis-de-recherche-one-piece-edward-newgate-wanted\/#primaryimage","url":"https:\/\/boutique-one-piece.com\/wp-content\/uploads\/2022\/09\/Avis-de-Recherche-Edward-Newgate-Wanted.jpg","contentUrl":"https:\/\/boutique-one-piece.com\/wp-content\/uploads\/2022\/09\/Avis-de-Recherche-Edward-Newgate-Wanted.jpg","width":800,"height":800,"caption":"Avis de Recherche Edward Newgate Wanted 42 X 30 cm"},{"@type":"BreadcrumbList","@id":"https:\/\/boutique-one-piece.com\/avis-de-recherche-one-piece\/avis-de-recherche-one-piece-edward-newgate-wanted\/#breadcrumb","itemListElement":[{"@type":"ListItem","position":1,"name":"Home","item":"https:\/\/boutique-one-piece.com\/"},{"@type":"ListItem","position":2,"name":"Shop","item":"https:\/\/boutique-one-piece.com\/shop\/"},{"@type":"ListItem","position":3,"name":"Avis de Recherche Edward Newgate Wanted"}]},{"@type":"WebSite","@id":"https:\/\/boutique-one-piece.com\/#website","url":"https:\/\/boutique-one-piece.com\/","name":"One Piece Shop","description":"Specialbutik for One Piece Manga og Anime","publisher":{"@id":"https:\/\/boutique-one-piece.com\/#organization"},"potentialAction":[{"@type":"SearchAction","target":{"@type":"EntryPoint","urlTemplate":"https:\/\/boutique-one-piece.com\/?s={search_term_string}"},"query-input":{"@type":"PropertyValueSpecification","valueRequired":true,"valueName":"search_term_string"}}],"inLanguage":"da-DK"},{"@type":"Organization","@id":"https:\/\/boutique-one-piece.com\/#organization","name":"One Piece Shop","url":"https:\/\/boutique-one-piece.com\/","logo":{"@type":"ImageObject","inLanguage":"da-DK","@id":"https:\/\/boutique-one-piece.com\/#\/schema\/logo\/image\/","url":"https:\/\/boutique-one-piece.com\/wp-content\/uploads\/2022\/09\/Logo-01.png","contentUrl":"https:\/\/boutique-one-piece.com\/wp-content\/uploads\/2022\/09\/Logo-01.png","width":2318,"height":957,"caption":"Boutique One Piece"},"image":{"@id":"https:\/\/boutique-one-piece.com\/#\/schema\/logo\/image\/"}}]}},"_links":{"self":[{"href":"https:\/\/boutique-one-piece.com\/da\/wp-json\/wp\/v2\/product\/12496","targetHints":{"allow":["GET"]}}],"collection":[{"href":"https:\/\/boutique-one-piece.com\/da\/wp-json\/wp\/v2\/product"}],"about":[{"href":"https:\/\/boutique-one-piece.com\/da\/wp-json\/wp\/v2\/types\/product"}],"replies":[{"embeddable":true,"href":"https:\/\/boutique-one-piece.com\/da\/wp-json\/wp\/v2\/comments?post=12496"}],"wp:featuredmedia":[{"embeddable":true,"href":"https:\/\/boutique-one-piece.com\/da\/wp-json\/wp\/v2\/media\/12498"}],"wp:attachment":[{"href":"https:\/\/boutique-one-piece.com\/da\/wp-json\/wp\/v2\/media?parent=12496"}],"wp:term":[{"taxonomy":"product_brand","embeddable":true,"href":"https:\/\/boutique-one-piece.com\/da\/wp-json\/wp\/v2\/product_brand?post=12496"},{"taxonomy":"product_cat","embeddable":true,"href":"https:\/\/boutique-one-piece.com\/da\/wp-json\/wp\/v2\/product_cat?post=12496"},{"taxonomy":"product_tag","embeddable":true,"href":"https:\/\/boutique-one-piece.com\/da\/wp-json\/wp\/v2\/product_tag?post=12496"}],"curies":[{"name":"wp","href":"https:\/\/api.w.org\/{rel}","templated":true}]}}