{"id":12638,"date":"2022-09-27T20:57:05","date_gmt":"2022-09-27T20:57:05","guid":{"rendered":"https:\/\/boutique-one-piece.com\/uncategorized\/veste-one-piece-mini-zoro\/"},"modified":"2025-09-26T09:55:32","modified_gmt":"2025-09-26T09:55:32","slug":"one-piece-mini-zoro-jakke","status":"publish","type":"product","link":"https:\/\/boutique-one-piece.com\/da\/one-piece-toj\/jakker-i-et-stykke\/one-piece-mini-zoro-jakke\/","title":{"rendered":"One Piece Mini Zoro Jakke"},"content":{"rendered":"<h2>\n<b>One Piece gr\u00e5 h\u00e6ttejakke med Roronoa Zoro, fremtidens verdens st\u00f8rste sv\u00e6rdk\u00e6mper, Zoro piratj\u00e6geren\u00a0<\/b><b>og Luffys flag<\/b><br \/>\n<\/h2>\n<p>Hvis du er en\u00a0<strong>rigtig pirat<\/strong>, Du vil s\u00e6tte pris p\u00e5\u00a0<strong>kvalitet<\/strong>\u00a0stof og\u00a0<strong>3D-l\u00e6rredsprint<\/strong>\u00a0af dette\u00a0<strong>One Piece-jakke<\/strong>\u00a0Men vigtigst af alt, med dette\u00a0<strong>trykt jakke<\/strong>\u00a0det er fordi du vil v\u00e6re en del af\u00a0<strong>fanholdet<\/strong>\u00a0af\u00a0<strong>piratmanga<\/strong>\u00a0og du vil f\u00e5:<\/p>\n<ul>\n<li>\u00a0<strong>Beundring<\/strong>\u00a0af alle fans af\u00a0<strong>universet<\/strong>\u00a0af\u00a0<strong>licens<\/strong>\u00a0af\u00a0<strong>manga<\/strong>\u00a0som du vil m\u00f8de<\/li>\n<\/ul>\n<ul>\n<li>En \u00e6gte\u00a0<strong>h\u00e6ttetr\u00f8je<\/strong>\u00a0med hvilket du kan\u00a0<strong>dele<\/strong>\u00a0dine\u00a0<strong>passion<\/strong>\u00a0For\u00a0<strong>\u00c9t stykke<\/strong>\n<\/li>\n<\/ul>\n<p>S\u00e5, klar til at b\u00e6re\u00a0<strong>farver\u00a0<\/strong>af<strong>\u00a0<\/strong>dine<strong>\u00a0yndlingsmanga<\/strong>\u00a0?<\/p>\n<h2>Er du fan af One Piece manga eller anime? Vis det frem med denne One Piece-jakke!<\/h2>\n<p>Hvis du\u00a0<strong>l\u00e6se<\/strong>\u00a0eller hvor end du kigger hen\u00a0\u00a0<strong>Japansk anime<\/strong>, Der er en god chance for, at du er blevet\u00a0<strong>vild med One Piece<\/strong>\u00a0Med dette\u00a0<strong>One Piece Mini Zoro Jakke<\/strong>, slutte sig til\u2019<strong>en gruppe fans af franchisen<\/strong><\/p>\n<p>Denne\u00a0<strong>gr\u00e5 joggingjakke<\/strong>\u00a0f\u00e5s i st\u00f8rrelser\u00a0<strong>S<\/strong>,<strong>\u00a0M<\/strong>,<strong>\u00a0L<\/strong>,\u00a0<strong>XL<\/strong>,\u00a0<strong>XXL<\/strong>, Det vil passe til alle kategorier af pirater.,\u00a0<strong>mand<\/strong>\u00a0Eller\u00a0<strong>kvinder<\/strong>, selvom du ikke har\u00a0<strong>sv\u00e6rd<\/strong>\u00a0eller\u00a0<strong>dj\u00e6velfrugt<\/strong>\u00a0Du kan stadig b\u00e6re den med stolthed.<\/p>\n<h2>Jakkeinformation:\u00a0<\/h2>\n<ul>\n<li>\u00a0<strong>H\u00e6ttetr\u00f8je i premiumkvalitet\u00a0<\/strong>har en\u00a0<strong>h\u00f8j gramv\u00e6gt<\/strong>, med kvalitetsmaterialer<\/li>\n<\/ul>\n<ul>\n<li>\n<strong>Fleeceforing<\/strong>\u00a0med sin\u00a0<strong>indvendig foring<\/strong>\u00a0i\u00a0<strong>pol\u00e6r<\/strong>, Denne jakke tilbyder en perfekt\u00a0<strong>isolering<\/strong>\u00a0mod\u00a0<strong>kold<\/strong>.\u00a0<\/li>\n<\/ul>\n<ul>\n<li>\n<strong>Meget behagelig\u00a0<\/strong>med<span>\u00a0<\/span>hans\u00a0<strong>fibre<\/strong>\u00a0af\u00a0<strong>bomuld<\/strong>\u00a0stor\u00a0<strong>bl\u00f8d<\/strong>, der er ingen\u00a0<strong>friktion<\/strong>\n<\/li>\n<\/ul>\n<ul>\n<li>\n<strong>3D digital print<\/strong>\u00a0:\u00a0<strong>trykt jakke<\/strong>\u00a0med et originalt design,\u00a0<strong>L\u00e6rredstryk<\/strong>\n<\/li>\n<\/ul>\n<ul>\n<li>\n<strong>\u00d8kologisk bomuld\u00a0<\/strong>kvalitetsbomuld med\u00a0<strong>ekstra lange fibre<\/strong>\n<\/li>\n<\/ul>\n<ul>\n<li>\n<strong>Gratis levering\u00a0<\/strong>for ethvert k\u00f8b<\/li>\n<\/ul>\n<h2>\n<strong>Glem ikke at tage et kig p\u00e5 st\u00f8rrelsesguiden nedenfor.<\/strong>\u00a0<\/h2>\n<p><img decoding=\"async\" src=\"https:\/\/cdn.shopify.com\/s\/files\/1\/0087\/7556\/5348\/files\/boutque_one__piece__tableau__taille__veste-capuche_dd43e497-5488-4b5e-b6dc-182a264e1217_large.jpg?v=1559823789\" alt=\"St\u00f8rrelsesguide til One Piece Shop-jakke\"><\/p>\n<h3>Vaskeanvisning:<\/h3>\n<ul>\n<li>Maskinvask ved 30\u00b0C, sk\u00e5neprogram<\/li>\n<\/ul>\n<ul>\n<li>Stryges p\u00e5 bagsiden<\/li>\n<\/ul>\n<p>For<span>\u00a0<\/span><strong>bevare kvaliteten<\/strong><span>\u00a0<\/span>af dette<span>\u00a0<\/span><strong>One Piece h\u00e6ttetr\u00f8je<\/strong>, anbefaler vi, at du<span>\u00a0<\/span><strong>respekt<\/strong><span>\u00a0<\/span>DE<span>\u00a0<\/span><strong>vaskeanvisninger<\/strong>.<\/p>","protected":false},"excerpt":{"rendered":"<p>Veste \u00e0 Capuche Grise One Piece avec Roronoa Zoro, Le Futur Meilleur \u00c9p\u00e9iste au Monde zoro le Chasseur de Pirates\u00a0et le drapeau de Luffy Si tu es un\u00a0v\u00e9ritable pirate, tu sauras appr\u00e9cier la\u00a0qualit\u00e9\u00a0du tissu et de\u00a0l&rsquo;impression 3D Canvas\u00a0de cette\u00a0veste One Piece\u00a0!\u00a0Mais le plus important, avec cette\u00a0veste\u00a0imprim\u00e9e\u00a0c\u0092est que tu\u00a0feras partie de\u00a0l&rsquo;\u00e9quipage\u00a0des fans\u00a0du\u00a0manga de pirates\u00a0et tu obtiendras\u00a0: [&hellip;]<\/p>","protected":false},"featured_media":12640,"comment_status":"open","ping_status":"open","template":"","meta":[],"product_brand":[],"product_cat":[183],"product_tag":[113],"class_list":{"0":"post-12638","1":"product","2":"type-product","3":"status-publish","4":"has-post-thumbnail","6":"product_cat-vestes-one-piece","7":"product_tag-zoro","9":"first","10":"instock","11":"purchasable","12":"product-type-variable"},"yoast_head":"<!-- This site is optimized with the Yoast SEO plugin v27.5 - https:\/\/yoast.com\/product\/yoast-seo-wordpress\/ -->\n<title>Veste One Piece Mini Roronoa Zoro | Boutique One Piece<\/title>\n<meta name=\"description\" content=\"Veste \u00e0 Capuche Grise One Piece avec Roronoa Zoro en Petit et le drapeau de Luffy Haute Qualit\u00e9 : Le Futur Meilleur \u00c9p\u00e9iste au Monde zoro le Chasseur de Pirates\" \/>\n<meta name=\"robots\" content=\"index, follow, max-snippet:-1, max-image-preview:large, max-video-preview:-1\" \/>\n<link rel=\"canonical\" href=\"https:\/\/boutique-one-piece.com\/da\/one-piece-toj\/jakker-i-et-stykke\/one-piece-mini-zoro-jakke\/\" \/>\n<meta property=\"og:locale\" content=\"da_DK\" \/>\n<meta property=\"og:type\" content=\"article\" \/>\n<meta property=\"og:title\" content=\"Veste One Piece Mini Roronoa Zoro | Boutique One Piece\" \/>\n<meta property=\"og:description\" content=\"Veste \u00e0 Capuche Grise One Piece avec Roronoa Zoro en Petit et le drapeau de Luffy Haute Qualit\u00e9 : Le Futur Meilleur \u00c9p\u00e9iste au Monde zoro le Chasseur de Pirates\" \/>\n<meta property=\"og:url\" content=\"https:\/\/boutique-one-piece.com\/da\/one-piece-toj\/jakker-i-et-stykke\/one-piece-mini-zoro-jakke\/\" \/>\n<meta property=\"og:site_name\" content=\"Boutique One Piece\" \/>\n<meta property=\"article:modified_time\" content=\"2025-09-26T09:55:32+00:00\" \/>\n<meta property=\"og:image\" content=\"https:\/\/boutique-one-piece.com\/wp-content\/uploads\/2022\/09\/Veste-One-Piece-Mini-Zoro.jpg\" \/>\n\t<meta property=\"og:image:width\" content=\"600\" \/>\n\t<meta property=\"og:image:height\" content=\"600\" \/>\n\t<meta property=\"og:image:type\" content=\"image\/jpeg\" \/>\n<meta name=\"twitter:card\" content=\"summary_large_image\" \/>\n<meta name=\"twitter:label1\" content=\"Estimeret l\u00e6setid\" \/>\n\t<meta name=\"twitter:data1\" content=\"2 minutter\" \/>\n<script type=\"application\/ld+json\" class=\"yoast-schema-graph\">{\"@context\":\"https:\\\/\\\/schema.org\",\"@graph\":[{\"@type\":\"WebPage\",\"@id\":\"https:\\\/\\\/boutique-one-piece.com\\\/vetements-one-piece\\\/vestes-one-piece\\\/veste-one-piece-mini-zoro\\\/\",\"url\":\"https:\\\/\\\/boutique-one-piece.com\\\/vetements-one-piece\\\/vestes-one-piece\\\/veste-one-piece-mini-zoro\\\/\",\"name\":\"Veste One Piece Mini Roronoa Zoro | Boutique One Piece\",\"isPartOf\":{\"@id\":\"https:\\\/\\\/boutique-one-piece.com\\\/#website\"},\"primaryImageOfPage\":{\"@id\":\"https:\\\/\\\/boutique-one-piece.com\\\/vetements-one-piece\\\/vestes-one-piece\\\/veste-one-piece-mini-zoro\\\/#primaryimage\"},\"image\":{\"@id\":\"https:\\\/\\\/boutique-one-piece.com\\\/vetements-one-piece\\\/vestes-one-piece\\\/veste-one-piece-mini-zoro\\\/#primaryimage\"},\"thumbnailUrl\":\"https:\\\/\\\/boutique-one-piece.com\\\/wp-content\\\/uploads\\\/2022\\\/09\\\/Veste-One-Piece-Mini-Zoro.jpg\",\"datePublished\":\"2022-09-27T20:57:05+00:00\",\"dateModified\":\"2025-09-26T09:55:32+00:00\",\"description\":\"Veste \u00e0 Capuche Grise One Piece avec Roronoa Zoro en Petit et le drapeau de Luffy Haute Qualit\u00e9 : Le Futur Meilleur \u00c9p\u00e9iste au Monde zoro le Chasseur de Pirates\",\"breadcrumb\":{\"@id\":\"https:\\\/\\\/boutique-one-piece.com\\\/vetements-one-piece\\\/vestes-one-piece\\\/veste-one-piece-mini-zoro\\\/#breadcrumb\"},\"inLanguage\":\"da-DK\",\"potentialAction\":[{\"@type\":\"ReadAction\",\"target\":[\"https:\\\/\\\/boutique-one-piece.com\\\/vetements-one-piece\\\/vestes-one-piece\\\/veste-one-piece-mini-zoro\\\/\"]}]},{\"@type\":\"ImageObject\",\"inLanguage\":\"da-DK\",\"@id\":\"https:\\\/\\\/boutique-one-piece.com\\\/vetements-one-piece\\\/vestes-one-piece\\\/veste-one-piece-mini-zoro\\\/#primaryimage\",\"url\":\"https:\\\/\\\/boutique-one-piece.com\\\/wp-content\\\/uploads\\\/2022\\\/09\\\/Veste-One-Piece-Mini-Zoro.jpg\",\"contentUrl\":\"https:\\\/\\\/boutique-one-piece.com\\\/wp-content\\\/uploads\\\/2022\\\/09\\\/Veste-One-Piece-Mini-Zoro.jpg\",\"width\":600,\"height\":600,\"caption\":\"Veste One Piece Mini Zoro xxl\"},{\"@type\":\"BreadcrumbList\",\"@id\":\"https:\\\/\\\/boutique-one-piece.com\\\/vetements-one-piece\\\/vestes-one-piece\\\/veste-one-piece-mini-zoro\\\/#breadcrumb\",\"itemListElement\":[{\"@type\":\"ListItem\",\"position\":1,\"name\":\"Home\",\"item\":\"https:\\\/\\\/boutique-one-piece.com\\\/\"},{\"@type\":\"ListItem\",\"position\":2,\"name\":\"Shop\",\"item\":\"https:\\\/\\\/boutique-one-piece.com\\\/shop\\\/\"},{\"@type\":\"ListItem\",\"position\":3,\"name\":\"Veste One Piece Mini Zoro\"}]},{\"@type\":\"WebSite\",\"@id\":\"https:\\\/\\\/boutique-one-piece.com\\\/#website\",\"url\":\"https:\\\/\\\/boutique-one-piece.com\\\/\",\"name\":\"Boutique One Piece\",\"description\":\"Magasin Sp\u00e9cialis\u00e9 du Manga et l&#039;Anime One Piece\",\"publisher\":{\"@id\":\"https:\\\/\\\/boutique-one-piece.com\\\/#organization\"},\"potentialAction\":[{\"@type\":\"SearchAction\",\"target\":{\"@type\":\"EntryPoint\",\"urlTemplate\":\"https:\\\/\\\/boutique-one-piece.com\\\/?s={search_term_string}\"},\"query-input\":{\"@type\":\"PropertyValueSpecification\",\"valueRequired\":true,\"valueName\":\"search_term_string\"}}],\"inLanguage\":\"da-DK\"},{\"@type\":\"Organization\",\"@id\":\"https:\\\/\\\/boutique-one-piece.com\\\/#organization\",\"name\":\"Boutique One Piece\",\"url\":\"https:\\\/\\\/boutique-one-piece.com\\\/\",\"logo\":{\"@type\":\"ImageObject\",\"inLanguage\":\"da-DK\",\"@id\":\"https:\\\/\\\/boutique-one-piece.com\\\/#\\\/schema\\\/logo\\\/image\\\/\",\"url\":\"https:\\\/\\\/boutique-one-piece.com\\\/wp-content\\\/uploads\\\/2022\\\/09\\\/Logo-01.png\",\"contentUrl\":\"https:\\\/\\\/boutique-one-piece.com\\\/wp-content\\\/uploads\\\/2022\\\/09\\\/Logo-01.png\",\"width\":2318,\"height\":957,\"caption\":\"Boutique One Piece\"},\"image\":{\"@id\":\"https:\\\/\\\/boutique-one-piece.com\\\/#\\\/schema\\\/logo\\\/image\\\/\"}}]}<\/script>\n<!-- \/ Yoast SEO plugin. -->","yoast_head_json":{"title":"One Piece Mini Roronoa Zoro Jakke | One Piece Shop","description":"One Piece Gr\u00e5 H\u00e6ttetr\u00f8je med Roronoa Zoro (Lille) og Luffys Flag - H\u00f8j Kvalitet: Zoro Piratj\u00e6geren, Verdens Fremtidige St\u00f8rste Sv\u00e6rdk\u00e6mper","robots":{"index":"index","follow":"follow","max-snippet":"max-snippet:-1","max-image-preview":"max-image-preview:large","max-video-preview":"max-video-preview:-1"},"canonical":"https:\/\/boutique-one-piece.com\/da\/one-piece-toj\/jakker-i-et-stykke\/one-piece-mini-zoro-jakke\/","og_locale":"da_DK","og_type":"article","og_title":"Veste One Piece Mini Roronoa Zoro | Boutique One Piece","og_description":"Veste \u00e0 Capuche Grise One Piece avec Roronoa Zoro en Petit et le drapeau de Luffy Haute Qualit\u00e9 : Le Futur Meilleur \u00c9p\u00e9iste au Monde zoro le Chasseur de Pirates","og_url":"https:\/\/boutique-one-piece.com\/da\/one-piece-toj\/jakker-i-et-stykke\/one-piece-mini-zoro-jakke\/","og_site_name":"Boutique One Piece","article_modified_time":"2025-09-26T09:55:32+00:00","og_image":[{"width":600,"height":600,"url":"https:\/\/boutique-one-piece.com\/wp-content\/uploads\/2022\/09\/Veste-One-Piece-Mini-Zoro.jpg","type":"image\/jpeg"}],"twitter_card":"summary_large_image","twitter_misc":{"Estimeret l\u00e6setid":"2 minutter"},"schema":{"@context":"https:\/\/schema.org","@graph":[{"@type":"WebPage","@id":"https:\/\/boutique-one-piece.com\/vetements-one-piece\/vestes-one-piece\/veste-one-piece-mini-zoro\/","url":"https:\/\/boutique-one-piece.com\/vetements-one-piece\/vestes-one-piece\/veste-one-piece-mini-zoro\/","name":"One Piece Mini Roronoa Zoro Jakke | One Piece Shop","isPartOf":{"@id":"https:\/\/boutique-one-piece.com\/#website"},"primaryImageOfPage":{"@id":"https:\/\/boutique-one-piece.com\/vetements-one-piece\/vestes-one-piece\/veste-one-piece-mini-zoro\/#primaryimage"},"image":{"@id":"https:\/\/boutique-one-piece.com\/vetements-one-piece\/vestes-one-piece\/veste-one-piece-mini-zoro\/#primaryimage"},"thumbnailUrl":"https:\/\/boutique-one-piece.com\/wp-content\/uploads\/2022\/09\/Veste-One-Piece-Mini-Zoro.jpg","datePublished":"2022-09-27T20:57:05+00:00","dateModified":"2025-09-26T09:55:32+00:00","description":"One Piece Gr\u00e5 H\u00e6ttetr\u00f8je med Roronoa Zoro (Lille) og Luffys Flag - H\u00f8j Kvalitet: Zoro Piratj\u00e6geren, Verdens Fremtidige St\u00f8rste Sv\u00e6rdk\u00e6mper","breadcrumb":{"@id":"https:\/\/boutique-one-piece.com\/vetements-one-piece\/vestes-one-piece\/veste-one-piece-mini-zoro\/#breadcrumb"},"inLanguage":"da-DK","potentialAction":[{"@type":"ReadAction","target":["https:\/\/boutique-one-piece.com\/vetements-one-piece\/vestes-one-piece\/veste-one-piece-mini-zoro\/"]}]},{"@type":"ImageObject","inLanguage":"da-DK","@id":"https:\/\/boutique-one-piece.com\/vetements-one-piece\/vestes-one-piece\/veste-one-piece-mini-zoro\/#primaryimage","url":"https:\/\/boutique-one-piece.com\/wp-content\/uploads\/2022\/09\/Veste-One-Piece-Mini-Zoro.jpg","contentUrl":"https:\/\/boutique-one-piece.com\/wp-content\/uploads\/2022\/09\/Veste-One-Piece-Mini-Zoro.jpg","width":600,"height":600,"caption":"Veste One Piece Mini Zoro xxl"},{"@type":"BreadcrumbList","@id":"https:\/\/boutique-one-piece.com\/vetements-one-piece\/vestes-one-piece\/veste-one-piece-mini-zoro\/#breadcrumb","itemListElement":[{"@type":"ListItem","position":1,"name":"Home","item":"https:\/\/boutique-one-piece.com\/"},{"@type":"ListItem","position":2,"name":"Shop","item":"https:\/\/boutique-one-piece.com\/shop\/"},{"@type":"ListItem","position":3,"name":"Veste One Piece Mini Zoro"}]},{"@type":"WebSite","@id":"https:\/\/boutique-one-piece.com\/#website","url":"https:\/\/boutique-one-piece.com\/","name":"One Piece Shop","description":"Specialbutik for One Piece Manga og Anime","publisher":{"@id":"https:\/\/boutique-one-piece.com\/#organization"},"potentialAction":[{"@type":"SearchAction","target":{"@type":"EntryPoint","urlTemplate":"https:\/\/boutique-one-piece.com\/?s={search_term_string}"},"query-input":{"@type":"PropertyValueSpecification","valueRequired":true,"valueName":"search_term_string"}}],"inLanguage":"da-DK"},{"@type":"Organization","@id":"https:\/\/boutique-one-piece.com\/#organization","name":"One Piece Shop","url":"https:\/\/boutique-one-piece.com\/","logo":{"@type":"ImageObject","inLanguage":"da-DK","@id":"https:\/\/boutique-one-piece.com\/#\/schema\/logo\/image\/","url":"https:\/\/boutique-one-piece.com\/wp-content\/uploads\/2022\/09\/Logo-01.png","contentUrl":"https:\/\/boutique-one-piece.com\/wp-content\/uploads\/2022\/09\/Logo-01.png","width":2318,"height":957,"caption":"Boutique One Piece"},"image":{"@id":"https:\/\/boutique-one-piece.com\/#\/schema\/logo\/image\/"}}]}},"_links":{"self":[{"href":"https:\/\/boutique-one-piece.com\/da\/wp-json\/wp\/v2\/product\/12638","targetHints":{"allow":["GET"]}}],"collection":[{"href":"https:\/\/boutique-one-piece.com\/da\/wp-json\/wp\/v2\/product"}],"about":[{"href":"https:\/\/boutique-one-piece.com\/da\/wp-json\/wp\/v2\/types\/product"}],"replies":[{"embeddable":true,"href":"https:\/\/boutique-one-piece.com\/da\/wp-json\/wp\/v2\/comments?post=12638"}],"wp:featuredmedia":[{"embeddable":true,"href":"https:\/\/boutique-one-piece.com\/da\/wp-json\/wp\/v2\/media\/12640"}],"wp:attachment":[{"href":"https:\/\/boutique-one-piece.com\/da\/wp-json\/wp\/v2\/media?parent=12638"}],"wp:term":[{"taxonomy":"product_brand","embeddable":true,"href":"https:\/\/boutique-one-piece.com\/da\/wp-json\/wp\/v2\/product_brand?post=12638"},{"taxonomy":"product_cat","embeddable":true,"href":"https:\/\/boutique-one-piece.com\/da\/wp-json\/wp\/v2\/product_cat?post=12638"},{"taxonomy":"product_tag","embeddable":true,"href":"https:\/\/boutique-one-piece.com\/da\/wp-json\/wp\/v2\/product_tag?post=12638"}],"curies":[{"name":"wp","href":"https:\/\/api.w.org\/{rel}","templated":true}]}}