{"id":12802,"date":"2022-09-27T20:58:24","date_gmt":"2022-09-27T20:58:24","guid":{"rendered":"https:\/\/boutique-one-piece.com\/uncategorized\/figurine-one-piece-luffy-gear-fourth-kong-man\/"},"modified":"2024-09-16T13:03:10","modified_gmt":"2024-09-16T13:03:10","slug":"one-piece-luffy-gear-fourth-kong-man-figur","status":"publish","type":"product","link":"https:\/\/boutique-one-piece.com\/da\/one-piece-godter\/godbidder-monkey-d-luffy-one-piece\/one-piece-luffy-gear-fourth-kong-man-figur\/","title":{"rendered":"One Piece Luffy Gear Fjerde Kong Man Figur"},"content":{"rendered":"<h2>Unge pirat, tiden er kommet til at du f\u00e5r fat i denne One Piece Luffy Gear Fourth Kong Man-figur.<\/h2>\n<p>Her er hvad du beh\u00f8ver at vide om dette; ; <strong>Gear Fourth<\/strong> er navnet p\u00e5 en kampteknik brugt af Monkey D. Luffy, som f\u00f8rst dukkede op i hans kamp mod <strong>Doflamingo<\/strong>. Denne teknik blev udviklet af Luffy under hans tr\u00e6ning p\u00e5 Rusukaina.<\/p>\n<p>Hvad ang\u00e5r <strong>Gum Gum Kong Gun<\/strong>, som bogstaveligt talt betyder &quot;Gorilla Strike&quot;; det er den f\u00f8rste teknik, Luffy bruger i Gear Fourth mod Doflamingo. Ved at presse sin knytn\u00e6ve tilbage i sin forst\u00f8rrede underarm, er Luffy i stand til at udl\u00f8se et \u00f8del\u00e6ggende slag, der bryder Doflamingos forsvar og sender ham flyvende. Forresten, hvis du gerne vil udvide din figursamling, er <a title=\"ONE PIECE DON QUIXOTE DOFLAMINGO FIGUR\" href=\"https:\/\/boutique-one-piece.com\/da\/one-piece-figur-don-quixote-doflamingo\/\" target=\"_blank\" rel=\"noopener\">Doflamingo-figur<\/a> er inden for din r\u00e6kkevidde.<\/p>\n<h3>S\u00e5 er du fascineret af Luffy-figuren og hans Gear Fourth Gum Gum Kong Gun-kampteknik? Hvis ja, s\u00e5 t\u00f8v ikke l\u00e6ngere og slut dig til ham i alle hans kampe.<\/h3>\n<p>Uanset om du er en inkarneret fan eller en erfaren samler, beh\u00f8ver du ikke lede l\u00e6ngere, disse genstande er helt sikkert noget for dig. Perfekte til gave, dekoration eller samling, disse genstande vil supplere <strong>dit One Piece-univers<\/strong>. Du har kun \u00e9n ting tilbage at g\u00f8re. <strong>ung pirat<\/strong>, Tag din sk\u00e6bne i dine egne h\u00e6nder, og forts\u00e6t med at leve mange flere sp\u00e6ndende eventyr!<\/p>\n<h2>Information om Luffy Gear Fourth Kong Man-figur\u00a0<\/h2>\n<ul>\n<li><span><b><u>One Piece-figur<\/u><\/b>\u00a0Premium One Piece-figur til \u00e6gte pirater<\/span><\/li>\n<\/ul>\n<ul>\n<li>\n<b>Materie<\/b><span>\u00a0<\/span>PVC<\/li>\n<\/ul>\n<ul>\n<li><span><strong>Dimension<\/strong>\u00a0: 16 cm<\/span><\/li>\n<\/ul>\n<ul>\n<li><span><strong>GRATIS LEVERING<\/strong><\/span><\/li>\n<\/ul>","protected":false},"excerpt":{"rendered":"<p>Jeune pirate, le moment est venu pour toi de te procurer cette Figurine One Piece Luffy Gear Fourth Kong Man. Voici ce que tu dois savoir \u00e0 ce sujet ; Gear Fourth est le nom d&rsquo;une technique de combat de Monkey D. Luffy qui appara\u00eet pour la premi\u00e8re fois dans le combat de ce dernier [&hellip;]<\/p>","protected":false},"featured_media":12804,"comment_status":"open","ping_status":"open","template":"","meta":[],"product_brand":[],"product_cat":[181,76,80],"product_tag":[92],"class_list":{"0":"post-12802","1":"product","2":"type-product","3":"status-publish","4":"has-post-thumbnail","6":"product_cat-figurines-monkey-d-luffy","7":"product_cat-figurines-one-piece","8":"product_cat-goodies-monkey-d-luffy-one-piece","9":"product_tag-luffy","11":"first","12":"instock","13":"purchasable","14":"product-type-simple"},"yoast_head":"<!-- This site is optimized with the Yoast SEO plugin v27.5 - https:\/\/yoast.com\/product\/yoast-seo-wordpress\/ -->\n<title>Figurine One Piece Luffy Gear Fourth Kong Man | Figurine One Piece \u2013 Boutique One Piece<\/title>\n<meta name=\"description\" content=\"Jeune pirate, le moment est venu pour toi de te procurer cette Figurine One Piece Luffy Gear Fourth Kong Man. Voici ce que tu dois savoir \u00e0 ce sujet ; Gear Fourth est le nom d&#039;une technique de combat de Monkey D. Luffy qui appara\u00eet pour la premi\u00e8re fois dans le combat de ce dernier contre Doflamingo. Cette technique a\" \/>\n<meta name=\"robots\" content=\"index, follow, max-snippet:-1, max-image-preview:large, max-video-preview:-1\" \/>\n<link rel=\"canonical\" href=\"https:\/\/boutique-one-piece.com\/da\/one-piece-figurer-2\/monkey-d-luffy-figurer\/one-piece-luffy-gear-fourth-kong-man-figur\/\" \/>\n<meta property=\"og:locale\" content=\"da_DK\" \/>\n<meta property=\"og:type\" content=\"article\" \/>\n<meta property=\"og:title\" content=\"Figurine One Piece Luffy Gear Fourth Kong Man | Figurine One Piece \u2013 Boutique One Piece\" \/>\n<meta property=\"og:description\" content=\"Jeune pirate, le moment est venu pour toi de te procurer cette Figurine One Piece Luffy Gear Fourth Kong Man. Voici ce que tu dois savoir \u00e0 ce sujet ; Gear Fourth est le nom d&#039;une technique de combat de Monkey D. Luffy qui appara\u00eet pour la premi\u00e8re fois dans le combat de ce dernier contre Doflamingo. Cette technique a\" \/>\n<meta property=\"og:url\" content=\"https:\/\/boutique-one-piece.com\/da\/one-piece-figurer-2\/monkey-d-luffy-figurer\/one-piece-luffy-gear-fourth-kong-man-figur\/\" \/>\n<meta property=\"og:site_name\" content=\"Boutique One Piece\" \/>\n<meta property=\"article:modified_time\" content=\"2024-09-16T13:03:10+00:00\" \/>\n<meta property=\"og:image\" content=\"https:\/\/boutique-one-piece.com\/wp-content\/uploads\/2022\/09\/Figurine-One-Piece-Luffy-Gear-Fourth-Kong-Man.jpg\" \/>\n\t<meta property=\"og:image:width\" content=\"640\" \/>\n\t<meta property=\"og:image:height\" content=\"640\" \/>\n\t<meta property=\"og:image:type\" content=\"image\/jpeg\" \/>\n<meta name=\"twitter:card\" content=\"summary_large_image\" \/>\n<meta name=\"twitter:label1\" content=\"Estimeret l\u00e6setid\" \/>\n\t<meta name=\"twitter:data1\" content=\"1 minut\" \/>\n<script type=\"application\/ld+json\" class=\"yoast-schema-graph\">{\"@context\":\"https:\\\/\\\/schema.org\",\"@graph\":[{\"@type\":\"WebPage\",\"@id\":\"https:\\\/\\\/boutique-one-piece.com\\\/figurines-one-piece\\\/figurines-monkey-d-luffy\\\/figurine-one-piece-luffy-gear-fourth-kong-man\\\/\",\"url\":\"https:\\\/\\\/boutique-one-piece.com\\\/figurines-one-piece\\\/figurines-monkey-d-luffy\\\/figurine-one-piece-luffy-gear-fourth-kong-man\\\/\",\"name\":\"Figurine One Piece Luffy Gear Fourth Kong Man | Figurine One Piece \u2013 Boutique One Piece\",\"isPartOf\":{\"@id\":\"https:\\\/\\\/boutique-one-piece.com\\\/#website\"},\"primaryImageOfPage\":{\"@id\":\"https:\\\/\\\/boutique-one-piece.com\\\/figurines-one-piece\\\/figurines-monkey-d-luffy\\\/figurine-one-piece-luffy-gear-fourth-kong-man\\\/#primaryimage\"},\"image\":{\"@id\":\"https:\\\/\\\/boutique-one-piece.com\\\/figurines-one-piece\\\/figurines-monkey-d-luffy\\\/figurine-one-piece-luffy-gear-fourth-kong-man\\\/#primaryimage\"},\"thumbnailUrl\":\"https:\\\/\\\/boutique-one-piece.com\\\/wp-content\\\/uploads\\\/2022\\\/09\\\/Figurine-One-Piece-Luffy-Gear-Fourth-Kong-Man.jpg\",\"datePublished\":\"2022-09-27T20:58:24+00:00\",\"dateModified\":\"2024-09-16T13:03:10+00:00\",\"description\":\"Jeune pirate, le moment est venu pour toi de te procurer cette Figurine One Piece Luffy Gear Fourth Kong Man. Voici ce que tu dois savoir \u00e0 ce sujet ; Gear Fourth est le nom d'une technique de combat de Monkey D. Luffy qui appara\u00eet pour la premi\u00e8re fois dans le combat de ce dernier contre Doflamingo. Cette technique a\",\"breadcrumb\":{\"@id\":\"https:\\\/\\\/boutique-one-piece.com\\\/figurines-one-piece\\\/figurines-monkey-d-luffy\\\/figurine-one-piece-luffy-gear-fourth-kong-man\\\/#breadcrumb\"},\"inLanguage\":\"da-DK\",\"potentialAction\":[{\"@type\":\"ReadAction\",\"target\":[\"https:\\\/\\\/boutique-one-piece.com\\\/figurines-one-piece\\\/figurines-monkey-d-luffy\\\/figurine-one-piece-luffy-gear-fourth-kong-man\\\/\"]}]},{\"@type\":\"ImageObject\",\"inLanguage\":\"da-DK\",\"@id\":\"https:\\\/\\\/boutique-one-piece.com\\\/figurines-one-piece\\\/figurines-monkey-d-luffy\\\/figurine-one-piece-luffy-gear-fourth-kong-man\\\/#primaryimage\",\"url\":\"https:\\\/\\\/boutique-one-piece.com\\\/wp-content\\\/uploads\\\/2022\\\/09\\\/Figurine-One-Piece-Luffy-Gear-Fourth-Kong-Man.jpg\",\"contentUrl\":\"https:\\\/\\\/boutique-one-piece.com\\\/wp-content\\\/uploads\\\/2022\\\/09\\\/Figurine-One-Piece-Luffy-Gear-Fourth-Kong-Man.jpg\",\"width\":640,\"height\":640,\"caption\":\"Figurine One Piece Luffy Gear Fourth Kong Man Default Title\"},{\"@type\":\"BreadcrumbList\",\"@id\":\"https:\\\/\\\/boutique-one-piece.com\\\/figurines-one-piece\\\/figurines-monkey-d-luffy\\\/figurine-one-piece-luffy-gear-fourth-kong-man\\\/#breadcrumb\",\"itemListElement\":[{\"@type\":\"ListItem\",\"position\":1,\"name\":\"Home\",\"item\":\"https:\\\/\\\/boutique-one-piece.com\\\/\"},{\"@type\":\"ListItem\",\"position\":2,\"name\":\"Shop\",\"item\":\"https:\\\/\\\/boutique-one-piece.com\\\/shop\\\/\"},{\"@type\":\"ListItem\",\"position\":3,\"name\":\"Figurine One Piece Luffy Gear Fourth Kong Man\"}]},{\"@type\":\"WebSite\",\"@id\":\"https:\\\/\\\/boutique-one-piece.com\\\/#website\",\"url\":\"https:\\\/\\\/boutique-one-piece.com\\\/\",\"name\":\"Boutique One Piece\",\"description\":\"Magasin Sp\u00e9cialis\u00e9 du Manga et l&#039;Anime One Piece\",\"publisher\":{\"@id\":\"https:\\\/\\\/boutique-one-piece.com\\\/#organization\"},\"potentialAction\":[{\"@type\":\"SearchAction\",\"target\":{\"@type\":\"EntryPoint\",\"urlTemplate\":\"https:\\\/\\\/boutique-one-piece.com\\\/?s={search_term_string}\"},\"query-input\":{\"@type\":\"PropertyValueSpecification\",\"valueRequired\":true,\"valueName\":\"search_term_string\"}}],\"inLanguage\":\"da-DK\"},{\"@type\":\"Organization\",\"@id\":\"https:\\\/\\\/boutique-one-piece.com\\\/#organization\",\"name\":\"Boutique One Piece\",\"url\":\"https:\\\/\\\/boutique-one-piece.com\\\/\",\"logo\":{\"@type\":\"ImageObject\",\"inLanguage\":\"da-DK\",\"@id\":\"https:\\\/\\\/boutique-one-piece.com\\\/#\\\/schema\\\/logo\\\/image\\\/\",\"url\":\"https:\\\/\\\/boutique-one-piece.com\\\/wp-content\\\/uploads\\\/2022\\\/09\\\/Logo-01.png\",\"contentUrl\":\"https:\\\/\\\/boutique-one-piece.com\\\/wp-content\\\/uploads\\\/2022\\\/09\\\/Logo-01.png\",\"width\":2318,\"height\":957,\"caption\":\"Boutique One Piece\"},\"image\":{\"@id\":\"https:\\\/\\\/boutique-one-piece.com\\\/#\\\/schema\\\/logo\\\/image\\\/\"}}]}<\/script>\n<!-- \/ Yoast SEO plugin. -->","yoast_head_json":{"title":"One Piece Luffy Gear Fourth Kong Man Figur | One Piece Figur \u2013 One Piece Shop","description":"Unge pirat, tiden er kommet til at f\u00e5 fingrene i denne One Piece Luffy Gear Fourth Kong Man-figur. Her er hvad du beh\u00f8ver at vide om den: Gear Fourth er navnet p\u00e5 en kampteknik, der bruges af Monkey D. Luffy, og som f\u00f8rst dukkede op under hans kamp mod Doflamingo. Denne teknik har...","robots":{"index":"index","follow":"follow","max-snippet":"max-snippet:-1","max-image-preview":"max-image-preview:large","max-video-preview":"max-video-preview:-1"},"canonical":"https:\/\/boutique-one-piece.com\/da\/one-piece-figurer-2\/monkey-d-luffy-figurer\/one-piece-luffy-gear-fourth-kong-man-figur\/","og_locale":"da_DK","og_type":"article","og_title":"Figurine One Piece Luffy Gear Fourth Kong Man | Figurine One Piece \u2013 Boutique One Piece","og_description":"Jeune pirate, le moment est venu pour toi de te procurer cette Figurine One Piece Luffy Gear Fourth Kong Man. Voici ce que tu dois savoir \u00e0 ce sujet ; Gear Fourth est le nom d'une technique de combat de Monkey D. Luffy qui appara\u00eet pour la premi\u00e8re fois dans le combat de ce dernier contre Doflamingo. Cette technique a","og_url":"https:\/\/boutique-one-piece.com\/da\/one-piece-figurer-2\/monkey-d-luffy-figurer\/one-piece-luffy-gear-fourth-kong-man-figur\/","og_site_name":"Boutique One Piece","article_modified_time":"2024-09-16T13:03:10+00:00","og_image":[{"width":640,"height":640,"url":"https:\/\/boutique-one-piece.com\/wp-content\/uploads\/2022\/09\/Figurine-One-Piece-Luffy-Gear-Fourth-Kong-Man.jpg","type":"image\/jpeg"}],"twitter_card":"summary_large_image","twitter_misc":{"Estimeret l\u00e6setid":"1 minut"},"schema":{"@context":"https:\/\/schema.org","@graph":[{"@type":"WebPage","@id":"https:\/\/boutique-one-piece.com\/figurines-one-piece\/figurines-monkey-d-luffy\/figurine-one-piece-luffy-gear-fourth-kong-man\/","url":"https:\/\/boutique-one-piece.com\/figurines-one-piece\/figurines-monkey-d-luffy\/figurine-one-piece-luffy-gear-fourth-kong-man\/","name":"One Piece Luffy Gear Fourth Kong Man Figur | One Piece Figur \u2013 One Piece Shop","isPartOf":{"@id":"https:\/\/boutique-one-piece.com\/#website"},"primaryImageOfPage":{"@id":"https:\/\/boutique-one-piece.com\/figurines-one-piece\/figurines-monkey-d-luffy\/figurine-one-piece-luffy-gear-fourth-kong-man\/#primaryimage"},"image":{"@id":"https:\/\/boutique-one-piece.com\/figurines-one-piece\/figurines-monkey-d-luffy\/figurine-one-piece-luffy-gear-fourth-kong-man\/#primaryimage"},"thumbnailUrl":"https:\/\/boutique-one-piece.com\/wp-content\/uploads\/2022\/09\/Figurine-One-Piece-Luffy-Gear-Fourth-Kong-Man.jpg","datePublished":"2022-09-27T20:58:24+00:00","dateModified":"2024-09-16T13:03:10+00:00","description":"Unge pirat, tiden er kommet til at f\u00e5 fingrene i denne One Piece Luffy Gear Fourth Kong Man-figur. Her er hvad du beh\u00f8ver at vide om den: Gear Fourth er navnet p\u00e5 en kampteknik, der bruges af Monkey D. Luffy, og som f\u00f8rst dukkede op under hans kamp mod Doflamingo. Denne teknik har...","breadcrumb":{"@id":"https:\/\/boutique-one-piece.com\/figurines-one-piece\/figurines-monkey-d-luffy\/figurine-one-piece-luffy-gear-fourth-kong-man\/#breadcrumb"},"inLanguage":"da-DK","potentialAction":[{"@type":"ReadAction","target":["https:\/\/boutique-one-piece.com\/figurines-one-piece\/figurines-monkey-d-luffy\/figurine-one-piece-luffy-gear-fourth-kong-man\/"]}]},{"@type":"ImageObject","inLanguage":"da-DK","@id":"https:\/\/boutique-one-piece.com\/figurines-one-piece\/figurines-monkey-d-luffy\/figurine-one-piece-luffy-gear-fourth-kong-man\/#primaryimage","url":"https:\/\/boutique-one-piece.com\/wp-content\/uploads\/2022\/09\/Figurine-One-Piece-Luffy-Gear-Fourth-Kong-Man.jpg","contentUrl":"https:\/\/boutique-one-piece.com\/wp-content\/uploads\/2022\/09\/Figurine-One-Piece-Luffy-Gear-Fourth-Kong-Man.jpg","width":640,"height":640,"caption":"Figurine One Piece Luffy Gear Fourth Kong Man Default Title"},{"@type":"BreadcrumbList","@id":"https:\/\/boutique-one-piece.com\/figurines-one-piece\/figurines-monkey-d-luffy\/figurine-one-piece-luffy-gear-fourth-kong-man\/#breadcrumb","itemListElement":[{"@type":"ListItem","position":1,"name":"Home","item":"https:\/\/boutique-one-piece.com\/"},{"@type":"ListItem","position":2,"name":"Shop","item":"https:\/\/boutique-one-piece.com\/shop\/"},{"@type":"ListItem","position":3,"name":"Figurine One Piece Luffy Gear Fourth Kong Man"}]},{"@type":"WebSite","@id":"https:\/\/boutique-one-piece.com\/#website","url":"https:\/\/boutique-one-piece.com\/","name":"One Piece Shop","description":"Specialbutik for One Piece Manga og Anime","publisher":{"@id":"https:\/\/boutique-one-piece.com\/#organization"},"potentialAction":[{"@type":"SearchAction","target":{"@type":"EntryPoint","urlTemplate":"https:\/\/boutique-one-piece.com\/?s={search_term_string}"},"query-input":{"@type":"PropertyValueSpecification","valueRequired":true,"valueName":"search_term_string"}}],"inLanguage":"da-DK"},{"@type":"Organization","@id":"https:\/\/boutique-one-piece.com\/#organization","name":"One Piece Shop","url":"https:\/\/boutique-one-piece.com\/","logo":{"@type":"ImageObject","inLanguage":"da-DK","@id":"https:\/\/boutique-one-piece.com\/#\/schema\/logo\/image\/","url":"https:\/\/boutique-one-piece.com\/wp-content\/uploads\/2022\/09\/Logo-01.png","contentUrl":"https:\/\/boutique-one-piece.com\/wp-content\/uploads\/2022\/09\/Logo-01.png","width":2318,"height":957,"caption":"Boutique One Piece"},"image":{"@id":"https:\/\/boutique-one-piece.com\/#\/schema\/logo\/image\/"}}]}},"_links":{"self":[{"href":"https:\/\/boutique-one-piece.com\/da\/wp-json\/wp\/v2\/product\/12802","targetHints":{"allow":["GET"]}}],"collection":[{"href":"https:\/\/boutique-one-piece.com\/da\/wp-json\/wp\/v2\/product"}],"about":[{"href":"https:\/\/boutique-one-piece.com\/da\/wp-json\/wp\/v2\/types\/product"}],"replies":[{"embeddable":true,"href":"https:\/\/boutique-one-piece.com\/da\/wp-json\/wp\/v2\/comments?post=12802"}],"wp:featuredmedia":[{"embeddable":true,"href":"https:\/\/boutique-one-piece.com\/da\/wp-json\/wp\/v2\/media\/12804"}],"wp:attachment":[{"href":"https:\/\/boutique-one-piece.com\/da\/wp-json\/wp\/v2\/media?parent=12802"}],"wp:term":[{"taxonomy":"product_brand","embeddable":true,"href":"https:\/\/boutique-one-piece.com\/da\/wp-json\/wp\/v2\/product_brand?post=12802"},{"taxonomy":"product_cat","embeddable":true,"href":"https:\/\/boutique-one-piece.com\/da\/wp-json\/wp\/v2\/product_cat?post=12802"},{"taxonomy":"product_tag","embeddable":true,"href":"https:\/\/boutique-one-piece.com\/da\/wp-json\/wp\/v2\/product_tag?post=12802"}],"curies":[{"name":"wp","href":"https:\/\/api.w.org\/{rel}","templated":true}]}}