{"id":12870,"date":"2022-09-27T20:58:56","date_gmt":"2022-09-27T20:58:56","guid":{"rendered":"https:\/\/boutique-one-piece.com\/uncategorized\/tableau-lumineux-one-piece-edward-newgate-marinford\/"},"modified":"2024-09-16T13:04:41","modified_gmt":"2024-09-16T13:04:41","slug":"lysbraet-i-et-stykke-edward-newgate-i-marinford","status":"publish","type":"product","link":"https:\/\/boutique-one-piece.com\/da\/one-piece-dekorationer\/one-piece-malerier\/lysbraet-i-et-stykke-edward-newgate-i-marinford\/","title":{"rendered":"One Piece Light Board Edward Newgate Marinford"},"content":{"rendered":"<p><span><strong>M\u00e6rkenavn:<\/strong> Liupurhome<\/span><br \/><span><strong>Slags:<\/strong> Atmosf\u00e6re<\/span><br \/><span><strong>Form:<\/strong> bog<\/span><br \/><span><strong>Er p\u00e6rer inkluderet?<\/strong> Ja<\/span><br \/><span><strong>Modelnummer:<\/strong> Juledekoration<\/span><br \/><span><strong>Kropsmateriale:<\/strong> PVC<\/span><br \/><span><strong>Batteritype<\/strong> INGEN<\/span><br \/><span><strong>Lyskilde:<\/strong> LED-p\u00e6rer<\/span><br \/><span><strong>Str\u00f8mproduktion:<\/strong> Altid t\u00e6ndt<\/span><br \/><span><strong>Sp\u00e6nding:<\/strong> 4,5V<\/span><br \/><span><strong>Str\u00f8mkilde:<\/strong> DC<\/span><br \/><span><strong>N\u00f8dvendige batterier:<\/strong> Ingen<\/span><br \/><span><strong>Bruge:<\/strong> Ferie<\/span><br \/><span><strong>Effekt:<\/strong> 0-5W<\/span><br \/><span><strong>Certificering:<\/strong> CCC<\/span><br \/><span><strong>Certificering:<\/strong> Denne<\/span><br \/><span><strong>Certificering:<\/strong> CQC<\/span><br \/><span><strong>St\u00f8rrelse:<\/strong> 159*209*45mm<\/span><br \/><span><strong>Dropship:<\/strong> St\u00f8tte<\/span><br \/><span><strong>Engroshandel:<\/strong> Ja<\/span><br \/><span><strong>Funktion 1:<\/strong> Milj\u00f8venlig p\u00e5 lager<\/span><br \/><span><strong>Ramme:<\/strong> ABS<\/span><br \/><span><strong>Str\u00f8mforsyning:<\/strong> USB<\/span><br \/><span><strong>Type 1:<\/strong> Julelampe til udsk\u00e6ring af papir<\/span><\/p>","protected":false},"excerpt":{"rendered":"<p>M\u00e6rkenavn: LiupurhomeType: AtmosphereForm: bogEr p\u00e6rer inkluderet: JaModelnummer: JuledekorationKropsmateriale: PVCBatteritype: INGENLyskilde: LED-p\u00e6rerStr\u00f8mgenerering: Altid t\u00e6ndtSp\u00e6nding: 4,5 VStr\u00f8mkilde: DCi&#039;erKr\u00e6vede batterier: NejBrug: FerieEffekt: 0-5 WCertificering: CCCCertificering: ceCertificering: CQCSt\u00f8rrelse:: 159 * 209 * 45 mmDrop Ship: SupportEngros: JaFunktion 1: Lagerf\u00f8rt milj\u00f8venligRamme:: ABSStr\u00f8mforsyning:: USBType 1: Julepapirudsk\u00e6ringslampe<\/p>","protected":false},"featured_media":12872,"comment_status":"open","ping_status":"open","template":"","meta":[],"product_brand":[],"product_cat":[141],"product_tag":[],"class_list":{"0":"post-12870","1":"product","2":"type-product","3":"status-publish","4":"has-post-thumbnail","6":"product_cat-tableaux-one-piece","8":"first","9":"instock","10":"purchasable","11":"product-type-simple"},"yoast_head":"<!-- This site is optimized with the Yoast SEO plugin v27.5 - https:\/\/yoast.com\/product\/yoast-seo-wordpress\/ -->\n<title>Tableau Lumineux One Piece Edward Newgate Marinford \u2013 Boutique One Piece<\/title>\n<meta name=\"description\" content=\"Brand Name: LiupurhomeType: AtmosphereShape: bookIs Bulbs Included: YesModel Number: Christmas decorationBody Material: PVCBattery Type: NONELight Source: LED BulbsPower Generation: Always OnVoltage: 4.5VPower Source: DCIs Batteries Required: NoUsage: HolidayWattage: 0-5WCertification: CCCCertification: ceCertification\" \/>\n<meta name=\"robots\" content=\"index, follow, max-snippet:-1, max-image-preview:large, max-video-preview:-1\" \/>\n<link rel=\"canonical\" href=\"https:\/\/boutique-one-piece.com\/da\/one-piece-dekorationer\/one-piece-malerier\/lysbraet-i-et-stykke-edward-newgate-i-marinford\/\" \/>\n<meta property=\"og:locale\" content=\"da_DK\" \/>\n<meta property=\"og:type\" content=\"article\" \/>\n<meta property=\"og:title\" content=\"Tableau Lumineux One Piece Edward Newgate Marinford \u2013 Boutique One Piece\" \/>\n<meta property=\"og:description\" content=\"Brand Name: LiupurhomeType: AtmosphereShape: bookIs Bulbs Included: YesModel Number: Christmas decorationBody Material: PVCBattery Type: NONELight Source: LED BulbsPower Generation: Always OnVoltage: 4.5VPower Source: DCIs Batteries Required: NoUsage: HolidayWattage: 0-5WCertification: CCCCertification: ceCertification\" \/>\n<meta property=\"og:url\" content=\"https:\/\/boutique-one-piece.com\/da\/one-piece-dekorationer\/one-piece-malerier\/lysbraet-i-et-stykke-edward-newgate-i-marinford\/\" \/>\n<meta property=\"og:site_name\" content=\"Boutique One Piece\" \/>\n<meta property=\"article:modified_time\" content=\"2024-09-16T13:04:41+00:00\" \/>\n<meta property=\"og:image\" content=\"https:\/\/boutique-one-piece.com\/wp-content\/uploads\/2022\/09\/Tableau-Lumineux-One-Piece-Edward-Newgate-Marinford.jpg\" \/>\n\t<meta property=\"og:image:width\" content=\"640\" \/>\n\t<meta property=\"og:image:height\" content=\"640\" \/>\n\t<meta property=\"og:image:type\" content=\"image\/jpeg\" \/>\n<meta name=\"twitter:card\" content=\"summary_large_image\" \/>\n<script type=\"application\/ld+json\" class=\"yoast-schema-graph\">{\"@context\":\"https:\\\/\\\/schema.org\",\"@graph\":[{\"@type\":\"WebPage\",\"@id\":\"https:\\\/\\\/boutique-one-piece.com\\\/decorations-one-piece\\\/tableaux-one-piece\\\/tableau-lumineux-one-piece-edward-newgate-marinford\\\/\",\"url\":\"https:\\\/\\\/boutique-one-piece.com\\\/decorations-one-piece\\\/tableaux-one-piece\\\/tableau-lumineux-one-piece-edward-newgate-marinford\\\/\",\"name\":\"Tableau Lumineux One Piece Edward Newgate Marinford \u2013 Boutique One Piece\",\"isPartOf\":{\"@id\":\"https:\\\/\\\/boutique-one-piece.com\\\/#website\"},\"primaryImageOfPage\":{\"@id\":\"https:\\\/\\\/boutique-one-piece.com\\\/decorations-one-piece\\\/tableaux-one-piece\\\/tableau-lumineux-one-piece-edward-newgate-marinford\\\/#primaryimage\"},\"image\":{\"@id\":\"https:\\\/\\\/boutique-one-piece.com\\\/decorations-one-piece\\\/tableaux-one-piece\\\/tableau-lumineux-one-piece-edward-newgate-marinford\\\/#primaryimage\"},\"thumbnailUrl\":\"https:\\\/\\\/boutique-one-piece.com\\\/wp-content\\\/uploads\\\/2022\\\/09\\\/Tableau-Lumineux-One-Piece-Edward-Newgate-Marinford.jpg\",\"datePublished\":\"2022-09-27T20:58:56+00:00\",\"dateModified\":\"2024-09-16T13:04:41+00:00\",\"description\":\"Brand Name: LiupurhomeType: AtmosphereShape: bookIs Bulbs Included: YesModel Number: Christmas decorationBody Material: PVCBattery Type: NONELight Source: LED BulbsPower Generation: Always OnVoltage: 4.5VPower Source: DCIs Batteries Required: NoUsage: HolidayWattage: 0-5WCertification: CCCCertification: ceCertification\",\"breadcrumb\":{\"@id\":\"https:\\\/\\\/boutique-one-piece.com\\\/decorations-one-piece\\\/tableaux-one-piece\\\/tableau-lumineux-one-piece-edward-newgate-marinford\\\/#breadcrumb\"},\"inLanguage\":\"da-DK\",\"potentialAction\":[{\"@type\":\"ReadAction\",\"target\":[\"https:\\\/\\\/boutique-one-piece.com\\\/decorations-one-piece\\\/tableaux-one-piece\\\/tableau-lumineux-one-piece-edward-newgate-marinford\\\/\"]}]},{\"@type\":\"ImageObject\",\"inLanguage\":\"da-DK\",\"@id\":\"https:\\\/\\\/boutique-one-piece.com\\\/decorations-one-piece\\\/tableaux-one-piece\\\/tableau-lumineux-one-piece-edward-newgate-marinford\\\/#primaryimage\",\"url\":\"https:\\\/\\\/boutique-one-piece.com\\\/wp-content\\\/uploads\\\/2022\\\/09\\\/Tableau-Lumineux-One-Piece-Edward-Newgate-Marinford.jpg\",\"contentUrl\":\"https:\\\/\\\/boutique-one-piece.com\\\/wp-content\\\/uploads\\\/2022\\\/09\\\/Tableau-Lumineux-One-Piece-Edward-Newgate-Marinford.jpg\",\"width\":640,\"height\":640,\"caption\":\"Tableau Lumineux One Piece Edward Newgate Marinford Default Title\"},{\"@type\":\"BreadcrumbList\",\"@id\":\"https:\\\/\\\/boutique-one-piece.com\\\/decorations-one-piece\\\/tableaux-one-piece\\\/tableau-lumineux-one-piece-edward-newgate-marinford\\\/#breadcrumb\",\"itemListElement\":[{\"@type\":\"ListItem\",\"position\":1,\"name\":\"Home\",\"item\":\"https:\\\/\\\/boutique-one-piece.com\\\/\"},{\"@type\":\"ListItem\",\"position\":2,\"name\":\"Shop\",\"item\":\"https:\\\/\\\/boutique-one-piece.com\\\/shop\\\/\"},{\"@type\":\"ListItem\",\"position\":3,\"name\":\"Tableau Lumineux One Piece Edward Newgate Marinford\"}]},{\"@type\":\"WebSite\",\"@id\":\"https:\\\/\\\/boutique-one-piece.com\\\/#website\",\"url\":\"https:\\\/\\\/boutique-one-piece.com\\\/\",\"name\":\"Boutique One Piece\",\"description\":\"Magasin Sp\u00e9cialis\u00e9 du Manga et l&#039;Anime One Piece\",\"publisher\":{\"@id\":\"https:\\\/\\\/boutique-one-piece.com\\\/#organization\"},\"potentialAction\":[{\"@type\":\"SearchAction\",\"target\":{\"@type\":\"EntryPoint\",\"urlTemplate\":\"https:\\\/\\\/boutique-one-piece.com\\\/?s={search_term_string}\"},\"query-input\":{\"@type\":\"PropertyValueSpecification\",\"valueRequired\":true,\"valueName\":\"search_term_string\"}}],\"inLanguage\":\"da-DK\"},{\"@type\":\"Organization\",\"@id\":\"https:\\\/\\\/boutique-one-piece.com\\\/#organization\",\"name\":\"Boutique One Piece\",\"url\":\"https:\\\/\\\/boutique-one-piece.com\\\/\",\"logo\":{\"@type\":\"ImageObject\",\"inLanguage\":\"da-DK\",\"@id\":\"https:\\\/\\\/boutique-one-piece.com\\\/#\\\/schema\\\/logo\\\/image\\\/\",\"url\":\"https:\\\/\\\/boutique-one-piece.com\\\/wp-content\\\/uploads\\\/2022\\\/09\\\/Logo-01.png\",\"contentUrl\":\"https:\\\/\\\/boutique-one-piece.com\\\/wp-content\\\/uploads\\\/2022\\\/09\\\/Logo-01.png\",\"width\":2318,\"height\":957,\"caption\":\"Boutique One Piece\"},\"image\":{\"@id\":\"https:\\\/\\\/boutique-one-piece.com\\\/#\\\/schema\\\/logo\\\/image\\\/\"}}]}<\/script>\n<!-- \/ Yoast SEO plugin. -->","yoast_head_json":{"title":"One Piece Edward Newgate Marinford lysbr\u00e6t \u2013 One Piece Shop","description":"M\u00e6rkenavn: LiupurhomeType: AtmosphereForm: bogEr p\u00e6rer inkluderet: JaModelnummer: JuledekorationHusmateriale: PVCBatteritype: INGENLyskilde: LED-p\u00e6rerStr\u00f8mgenerering: Altid t\u00e6ndtSp\u00e6nding: 4,5 VStr\u00f8mkilde: DCi&#039;erKr\u00e6vede batterier: NejBrug: FerieEffekt: 0-5 WCertificering: CCCCertificering: ceCertificering","robots":{"index":"index","follow":"follow","max-snippet":"max-snippet:-1","max-image-preview":"max-image-preview:large","max-video-preview":"max-video-preview:-1"},"canonical":"https:\/\/boutique-one-piece.com\/da\/one-piece-dekorationer\/one-piece-malerier\/lysbraet-i-et-stykke-edward-newgate-i-marinford\/","og_locale":"da_DK","og_type":"article","og_title":"Tableau Lumineux One Piece Edward Newgate Marinford \u2013 Boutique One Piece","og_description":"Brand Name: LiupurhomeType: AtmosphereShape: bookIs Bulbs Included: YesModel Number: Christmas decorationBody Material: PVCBattery Type: NONELight Source: LED BulbsPower Generation: Always OnVoltage: 4.5VPower Source: DCIs Batteries Required: NoUsage: HolidayWattage: 0-5WCertification: CCCCertification: ceCertification","og_url":"https:\/\/boutique-one-piece.com\/da\/one-piece-dekorationer\/one-piece-malerier\/lysbraet-i-et-stykke-edward-newgate-i-marinford\/","og_site_name":"Boutique One Piece","article_modified_time":"2024-09-16T13:04:41+00:00","og_image":[{"width":640,"height":640,"url":"https:\/\/boutique-one-piece.com\/wp-content\/uploads\/2022\/09\/Tableau-Lumineux-One-Piece-Edward-Newgate-Marinford.jpg","type":"image\/jpeg"}],"twitter_card":"summary_large_image","schema":{"@context":"https:\/\/schema.org","@graph":[{"@type":"WebPage","@id":"https:\/\/boutique-one-piece.com\/decorations-one-piece\/tableaux-one-piece\/tableau-lumineux-one-piece-edward-newgate-marinford\/","url":"https:\/\/boutique-one-piece.com\/decorations-one-piece\/tableaux-one-piece\/tableau-lumineux-one-piece-edward-newgate-marinford\/","name":"One Piece Edward Newgate Marinford lysbr\u00e6t \u2013 One Piece Shop","isPartOf":{"@id":"https:\/\/boutique-one-piece.com\/#website"},"primaryImageOfPage":{"@id":"https:\/\/boutique-one-piece.com\/decorations-one-piece\/tableaux-one-piece\/tableau-lumineux-one-piece-edward-newgate-marinford\/#primaryimage"},"image":{"@id":"https:\/\/boutique-one-piece.com\/decorations-one-piece\/tableaux-one-piece\/tableau-lumineux-one-piece-edward-newgate-marinford\/#primaryimage"},"thumbnailUrl":"https:\/\/boutique-one-piece.com\/wp-content\/uploads\/2022\/09\/Tableau-Lumineux-One-Piece-Edward-Newgate-Marinford.jpg","datePublished":"2022-09-27T20:58:56+00:00","dateModified":"2024-09-16T13:04:41+00:00","description":"M\u00e6rkenavn: LiupurhomeType: AtmosphereForm: bogEr p\u00e6rer inkluderet: JaModelnummer: JuledekorationHusmateriale: PVCBatteritype: INGENLyskilde: LED-p\u00e6rerStr\u00f8mgenerering: Altid t\u00e6ndtSp\u00e6nding: 4,5 VStr\u00f8mkilde: DCi&#039;erKr\u00e6vede batterier: NejBrug: FerieEffekt: 0-5 WCertificering: CCCCertificering: ceCertificering","breadcrumb":{"@id":"https:\/\/boutique-one-piece.com\/decorations-one-piece\/tableaux-one-piece\/tableau-lumineux-one-piece-edward-newgate-marinford\/#breadcrumb"},"inLanguage":"da-DK","potentialAction":[{"@type":"ReadAction","target":["https:\/\/boutique-one-piece.com\/decorations-one-piece\/tableaux-one-piece\/tableau-lumineux-one-piece-edward-newgate-marinford\/"]}]},{"@type":"ImageObject","inLanguage":"da-DK","@id":"https:\/\/boutique-one-piece.com\/decorations-one-piece\/tableaux-one-piece\/tableau-lumineux-one-piece-edward-newgate-marinford\/#primaryimage","url":"https:\/\/boutique-one-piece.com\/wp-content\/uploads\/2022\/09\/Tableau-Lumineux-One-Piece-Edward-Newgate-Marinford.jpg","contentUrl":"https:\/\/boutique-one-piece.com\/wp-content\/uploads\/2022\/09\/Tableau-Lumineux-One-Piece-Edward-Newgate-Marinford.jpg","width":640,"height":640,"caption":"Tableau Lumineux One Piece Edward Newgate Marinford Default Title"},{"@type":"BreadcrumbList","@id":"https:\/\/boutique-one-piece.com\/decorations-one-piece\/tableaux-one-piece\/tableau-lumineux-one-piece-edward-newgate-marinford\/#breadcrumb","itemListElement":[{"@type":"ListItem","position":1,"name":"Home","item":"https:\/\/boutique-one-piece.com\/"},{"@type":"ListItem","position":2,"name":"Shop","item":"https:\/\/boutique-one-piece.com\/shop\/"},{"@type":"ListItem","position":3,"name":"Tableau Lumineux One Piece Edward Newgate Marinford"}]},{"@type":"WebSite","@id":"https:\/\/boutique-one-piece.com\/#website","url":"https:\/\/boutique-one-piece.com\/","name":"One Piece Shop","description":"Specialbutik for One Piece Manga og Anime","publisher":{"@id":"https:\/\/boutique-one-piece.com\/#organization"},"potentialAction":[{"@type":"SearchAction","target":{"@type":"EntryPoint","urlTemplate":"https:\/\/boutique-one-piece.com\/?s={search_term_string}"},"query-input":{"@type":"PropertyValueSpecification","valueRequired":true,"valueName":"search_term_string"}}],"inLanguage":"da-DK"},{"@type":"Organization","@id":"https:\/\/boutique-one-piece.com\/#organization","name":"One Piece Shop","url":"https:\/\/boutique-one-piece.com\/","logo":{"@type":"ImageObject","inLanguage":"da-DK","@id":"https:\/\/boutique-one-piece.com\/#\/schema\/logo\/image\/","url":"https:\/\/boutique-one-piece.com\/wp-content\/uploads\/2022\/09\/Logo-01.png","contentUrl":"https:\/\/boutique-one-piece.com\/wp-content\/uploads\/2022\/09\/Logo-01.png","width":2318,"height":957,"caption":"Boutique One Piece"},"image":{"@id":"https:\/\/boutique-one-piece.com\/#\/schema\/logo\/image\/"}}]}},"_links":{"self":[{"href":"https:\/\/boutique-one-piece.com\/da\/wp-json\/wp\/v2\/product\/12870","targetHints":{"allow":["GET"]}}],"collection":[{"href":"https:\/\/boutique-one-piece.com\/da\/wp-json\/wp\/v2\/product"}],"about":[{"href":"https:\/\/boutique-one-piece.com\/da\/wp-json\/wp\/v2\/types\/product"}],"replies":[{"embeddable":true,"href":"https:\/\/boutique-one-piece.com\/da\/wp-json\/wp\/v2\/comments?post=12870"}],"wp:featuredmedia":[{"embeddable":true,"href":"https:\/\/boutique-one-piece.com\/da\/wp-json\/wp\/v2\/media\/12872"}],"wp:attachment":[{"href":"https:\/\/boutique-one-piece.com\/da\/wp-json\/wp\/v2\/media?parent=12870"}],"wp:term":[{"taxonomy":"product_brand","embeddable":true,"href":"https:\/\/boutique-one-piece.com\/da\/wp-json\/wp\/v2\/product_brand?post=12870"},{"taxonomy":"product_cat","embeddable":true,"href":"https:\/\/boutique-one-piece.com\/da\/wp-json\/wp\/v2\/product_cat?post=12870"},{"taxonomy":"product_tag","embeddable":true,"href":"https:\/\/boutique-one-piece.com\/da\/wp-json\/wp\/v2\/product_tag?post=12870"}],"curies":[{"name":"wp","href":"https:\/\/api.w.org\/{rel}","templated":true}]}}