{"id":12987,"date":"2022-09-27T20:59:43","date_gmt":"2022-09-27T20:59:43","guid":{"rendered":"https:\/\/boutique-one-piece.com\/uncategorized\/figurine-one-piece-la-course-dace\/"},"modified":"2024-09-16T13:07:00","modified_gmt":"2024-09-16T13:07:00","slug":"one-piece-figur-dace-race","status":"publish","type":"product","link":"https:\/\/boutique-one-piece.com\/da\/one-piece-figurer-2\/portgas-dace-figurer\/one-piece-figur-dace-race\/","title":{"rendered":"One Piece Figur Ace&#039;s Race"},"content":{"rendered":"<h2>Unge pirat, tiden er kommet til, at du f\u00e5r fat i denne One Piece Ace&#039;s Race-figur.<\/h2>\n<p>Du er uden tvivl klar over det<strong> Portgas D. Ace<\/strong>, Han er kendt som &quot;Ildn\u00e6ve-es&quot; og er den \u00e5ndelige bror til Monkey D. Luffy og Sabo. Han er ogs\u00e5 den eneste s\u00f8n af den afd\u00f8de piratkonge.<strong> Gol D. Roger<\/strong> og hans kone, Portgas D. Rouge. Hvis du forresten gerne vil udvide din figursamling, s\u00e5 <a title=\"S\u00c6T MED 3 ONE PIECE FIRE BROTHERS FIGURER\" href=\"https:\/\/boutique-one-piece.com\/da\/saet-med-3-one-piece-figurer-fire-brothers\/\" target=\"_blank\" rel=\"noopener\">figurer af de tre br\u00f8dre<\/a> er inden for din r\u00e6kkevidde.<\/p>\n<p>Tilbage til Ace, her er en anekdote om hans begyndelse inden for pirateri: Lige efter at have forladt Fuchsia Village, grundlagde han Spade Pirates. Han opn\u00e5ede hurtigt enorm ber\u00f8mmelse, til det punkt, hvor Verdensregeringen tilb\u00f8d ham stillingen som Krigsherre over Havet, hvilket han afslog. En dus\u00f8r blev derefter sat p\u00e5 hans hoved. Han m\u00f8dte senere Shanks p\u00e5 Grand Line. Han takkede ham for at have reddet Luffy fra Bay Monster.<\/p>\n<h3>S\u00e5 er du begejstret for Ace-figuren? Hvis ja, s\u00e5 tag med ham p\u00e5 hans rejser til den Nye Verden.<\/h3>\n<p><strong>\u00c9t stykke<\/strong> er den bedst s\u00e6lgende manga i verden. Forts\u00e6t med at opleve mange eventyr i dette univers af uendelige eventyr. Fordyb dig endnu engang i<strong> Luffys univers<\/strong>, Takket v\u00e6re disse legendariske genstande. Perfekte til at give som gave, dekorere eller samle p\u00e5, vil disse genstande udvide dit One Piece-univers.<\/p>\n<h2>Information om Ace&#039;s Race-figuren\u00a0<\/h2>\n<ul data-mce-fragment=\"1\">\n<li data-mce-fragment=\"1\"><span data-mce-fragment=\"1\"><b data-mce-fragment=\"1\"><u data-mce-fragment=\"1\">One Piece-figur<\/u><\/b>\u00a0Premium One Piece-figur til \u00e6gte pirater<\/span><\/li>\n<\/ul>\n<ul data-mce-fragment=\"1\">\n<li data-mce-fragment=\"1\">\n<b data-mce-fragment=\"1\">Materie<\/b><span data-mce-fragment=\"1\">\u00a0<\/span>PVC<\/li>\n<\/ul>\n<ul data-mce-fragment=\"1\">\n<li data-mce-fragment=\"1\"><span data-mce-fragment=\"1\"><strong data-mce-fragment=\"1\">Dimension<\/strong>\u00a0: 20 cm<\/span><\/li>\n<\/ul>\n<ul data-mce-fragment=\"1\">\n<li data-mce-fragment=\"1\"><span data-mce-fragment=\"1\"><strong data-mce-fragment=\"1\">GRATIS LEVERING<\/strong><\/span><\/li>\n<\/ul>","protected":false},"excerpt":{"rendered":"<p>Jeune pirate, le moment est venu pour toi de te procurer cette Figurine One Piece La Course d&rsquo;Ace. Tu n&rsquo;es pas sans savoir que Portgas D. Ace, connu sous le nom d\u00a0\u00bbAce aux Poings Ardents\u00a0\u00bb est le fr\u00e8re spirituel de Monkey D. Luffy et de Sabo. Il est aussi le seul fils du d\u00e9funt Roi [&hellip;]<\/p>","protected":false},"featured_media":12989,"comment_status":"open","ping_status":"open","template":"","meta":[],"product_brand":[],"product_cat":[76,179],"product_tag":[176],"class_list":{"0":"post-12987","1":"product","2":"type-product","3":"status-publish","4":"has-post-thumbnail","6":"product_cat-figurines-one-piece","7":"product_cat-figurines-portgas-d-ace","8":"product_tag-ace","10":"first","11":"instock","12":"purchasable","13":"product-type-simple"},"yoast_head":"<!-- This site is optimized with the Yoast SEO plugin v27.5 - https:\/\/yoast.com\/product\/yoast-seo-wordpress\/ -->\n<title>Figurine One Piece La Course d&#039;Ace | Figurine One Piece \u2013 Boutique One Piece<\/title>\n<meta name=\"description\" content=\"Jeune pirate, le moment est venu pour toi de te procurer cette Figurine One Piece La Course d&#039;Ace. Tu n&#039;es pas sans savoir que Portgas D. Ace, connu sous le nom d&quot;Ace aux Poings Ardents&quot; est le fr\u00e8re spirituel de Monkey D. Luffy et de Sabo. Il est aussi le seul fils du d\u00e9funt Roi des Pirates Gol D. Roger et de son \u00e9pou\" \/>\n<meta name=\"robots\" content=\"index, follow, max-snippet:-1, max-image-preview:large, max-video-preview:-1\" \/>\n<link rel=\"canonical\" href=\"https:\/\/boutique-one-piece.com\/da\/one-piece-figurer-2\/portgas-dace-figurer\/one-piece-figur-dace-race\/\" \/>\n<meta property=\"og:locale\" content=\"da_DK\" \/>\n<meta property=\"og:type\" content=\"article\" \/>\n<meta property=\"og:title\" content=\"Figurine One Piece La Course d&#039;Ace | Figurine One Piece \u2013 Boutique One Piece\" \/>\n<meta property=\"og:description\" content=\"Jeune pirate, le moment est venu pour toi de te procurer cette Figurine One Piece La Course d&#039;Ace. Tu n&#039;es pas sans savoir que Portgas D. Ace, connu sous le nom d&quot;Ace aux Poings Ardents&quot; est le fr\u00e8re spirituel de Monkey D. Luffy et de Sabo. Il est aussi le seul fils du d\u00e9funt Roi des Pirates Gol D. Roger et de son \u00e9pou\" \/>\n<meta property=\"og:url\" content=\"https:\/\/boutique-one-piece.com\/da\/one-piece-figurer-2\/portgas-dace-figurer\/one-piece-figur-dace-race\/\" \/>\n<meta property=\"og:site_name\" content=\"Boutique One Piece\" \/>\n<meta property=\"article:modified_time\" content=\"2024-09-16T13:07:00+00:00\" \/>\n<meta property=\"og:image\" content=\"https:\/\/boutique-one-piece.com\/wp-content\/uploads\/2022\/09\/Figurine-One-Piece-La-Course-dAce.jpg\" \/>\n\t<meta property=\"og:image:width\" content=\"640\" \/>\n\t<meta property=\"og:image:height\" content=\"640\" \/>\n\t<meta property=\"og:image:type\" content=\"image\/jpeg\" \/>\n<meta name=\"twitter:card\" content=\"summary_large_image\" \/>\n<meta name=\"twitter:label1\" content=\"Estimeret l\u00e6setid\" \/>\n\t<meta name=\"twitter:data1\" content=\"1 minut\" \/>\n<script type=\"application\/ld+json\" class=\"yoast-schema-graph\">{\"@context\":\"https:\\\/\\\/schema.org\",\"@graph\":[{\"@type\":\"WebPage\",\"@id\":\"https:\\\/\\\/boutique-one-piece.com\\\/figurines-one-piece\\\/figurines-portgas-d-ace\\\/figurine-one-piece-la-course-dace\\\/\",\"url\":\"https:\\\/\\\/boutique-one-piece.com\\\/figurines-one-piece\\\/figurines-portgas-d-ace\\\/figurine-one-piece-la-course-dace\\\/\",\"name\":\"Figurine One Piece La Course d'Ace | Figurine One Piece \u2013 Boutique One Piece\",\"isPartOf\":{\"@id\":\"https:\\\/\\\/boutique-one-piece.com\\\/#website\"},\"primaryImageOfPage\":{\"@id\":\"https:\\\/\\\/boutique-one-piece.com\\\/figurines-one-piece\\\/figurines-portgas-d-ace\\\/figurine-one-piece-la-course-dace\\\/#primaryimage\"},\"image\":{\"@id\":\"https:\\\/\\\/boutique-one-piece.com\\\/figurines-one-piece\\\/figurines-portgas-d-ace\\\/figurine-one-piece-la-course-dace\\\/#primaryimage\"},\"thumbnailUrl\":\"https:\\\/\\\/boutique-one-piece.com\\\/wp-content\\\/uploads\\\/2022\\\/09\\\/Figurine-One-Piece-La-Course-dAce.jpg\",\"datePublished\":\"2022-09-27T20:59:43+00:00\",\"dateModified\":\"2024-09-16T13:07:00+00:00\",\"description\":\"Jeune pirate, le moment est venu pour toi de te procurer cette Figurine One Piece La Course d'Ace. Tu n'es pas sans savoir que Portgas D. Ace, connu sous le nom d\\\"Ace aux Poings Ardents\\\" est le fr\u00e8re spirituel de Monkey D. Luffy et de Sabo. Il est aussi le seul fils du d\u00e9funt Roi des Pirates Gol D. Roger et de son \u00e9pou\",\"breadcrumb\":{\"@id\":\"https:\\\/\\\/boutique-one-piece.com\\\/figurines-one-piece\\\/figurines-portgas-d-ace\\\/figurine-one-piece-la-course-dace\\\/#breadcrumb\"},\"inLanguage\":\"da-DK\",\"potentialAction\":[{\"@type\":\"ReadAction\",\"target\":[\"https:\\\/\\\/boutique-one-piece.com\\\/figurines-one-piece\\\/figurines-portgas-d-ace\\\/figurine-one-piece-la-course-dace\\\/\"]}]},{\"@type\":\"ImageObject\",\"inLanguage\":\"da-DK\",\"@id\":\"https:\\\/\\\/boutique-one-piece.com\\\/figurines-one-piece\\\/figurines-portgas-d-ace\\\/figurine-one-piece-la-course-dace\\\/#primaryimage\",\"url\":\"https:\\\/\\\/boutique-one-piece.com\\\/wp-content\\\/uploads\\\/2022\\\/09\\\/Figurine-One-Piece-La-Course-dAce.jpg\",\"contentUrl\":\"https:\\\/\\\/boutique-one-piece.com\\\/wp-content\\\/uploads\\\/2022\\\/09\\\/Figurine-One-Piece-La-Course-dAce.jpg\",\"width\":640,\"height\":640,\"caption\":\"Figurine One Piece La Course d'Ace Default Title\"},{\"@type\":\"BreadcrumbList\",\"@id\":\"https:\\\/\\\/boutique-one-piece.com\\\/figurines-one-piece\\\/figurines-portgas-d-ace\\\/figurine-one-piece-la-course-dace\\\/#breadcrumb\",\"itemListElement\":[{\"@type\":\"ListItem\",\"position\":1,\"name\":\"Home\",\"item\":\"https:\\\/\\\/boutique-one-piece.com\\\/\"},{\"@type\":\"ListItem\",\"position\":2,\"name\":\"Shop\",\"item\":\"https:\\\/\\\/boutique-one-piece.com\\\/shop\\\/\"},{\"@type\":\"ListItem\",\"position\":3,\"name\":\"Figurine One Piece La Course d&#8217;Ace\"}]},{\"@type\":\"WebSite\",\"@id\":\"https:\\\/\\\/boutique-one-piece.com\\\/#website\",\"url\":\"https:\\\/\\\/boutique-one-piece.com\\\/\",\"name\":\"Boutique One Piece\",\"description\":\"Magasin Sp\u00e9cialis\u00e9 du Manga et l&#039;Anime One Piece\",\"publisher\":{\"@id\":\"https:\\\/\\\/boutique-one-piece.com\\\/#organization\"},\"potentialAction\":[{\"@type\":\"SearchAction\",\"target\":{\"@type\":\"EntryPoint\",\"urlTemplate\":\"https:\\\/\\\/boutique-one-piece.com\\\/?s={search_term_string}\"},\"query-input\":{\"@type\":\"PropertyValueSpecification\",\"valueRequired\":true,\"valueName\":\"search_term_string\"}}],\"inLanguage\":\"da-DK\"},{\"@type\":\"Organization\",\"@id\":\"https:\\\/\\\/boutique-one-piece.com\\\/#organization\",\"name\":\"Boutique One Piece\",\"url\":\"https:\\\/\\\/boutique-one-piece.com\\\/\",\"logo\":{\"@type\":\"ImageObject\",\"inLanguage\":\"da-DK\",\"@id\":\"https:\\\/\\\/boutique-one-piece.com\\\/#\\\/schema\\\/logo\\\/image\\\/\",\"url\":\"https:\\\/\\\/boutique-one-piece.com\\\/wp-content\\\/uploads\\\/2022\\\/09\\\/Logo-01.png\",\"contentUrl\":\"https:\\\/\\\/boutique-one-piece.com\\\/wp-content\\\/uploads\\\/2022\\\/09\\\/Logo-01.png\",\"width\":2318,\"height\":957,\"caption\":\"Boutique One Piece\"},\"image\":{\"@id\":\"https:\\\/\\\/boutique-one-piece.com\\\/#\\\/schema\\\/logo\\\/image\\\/\"}}]}<\/script>\n<!-- \/ Yoast SEO plugin. -->","yoast_head_json":{"title":"One Piece Figur Ace&#039;s Race | One Piece Figur \u2013 One Piece Shop","description":"Unge pirat, tiden er kommet til at f\u00e5 fingrene i denne One Piece Ace&#039;s Race-figur. Du ved sikkert, at Portgas D. Ace, kendt som &quot;Fire Fist Ace&quot;, er den svorne bror til Monkey D. Luffy og Sabo. Han er ogs\u00e5 den eneste s\u00f8n af den afd\u00f8de piratkonge Gol D. Roger og hans kone.","robots":{"index":"index","follow":"follow","max-snippet":"max-snippet:-1","max-image-preview":"max-image-preview:large","max-video-preview":"max-video-preview:-1"},"canonical":"https:\/\/boutique-one-piece.com\/da\/one-piece-figurer-2\/portgas-dace-figurer\/one-piece-figur-dace-race\/","og_locale":"da_DK","og_type":"article","og_title":"Figurine One Piece La Course d'Ace | Figurine One Piece \u2013 Boutique One Piece","og_description":"Jeune pirate, le moment est venu pour toi de te procurer cette Figurine One Piece La Course d'Ace. Tu n'es pas sans savoir que Portgas D. Ace, connu sous le nom d\"Ace aux Poings Ardents\" est le fr\u00e8re spirituel de Monkey D. Luffy et de Sabo. Il est aussi le seul fils du d\u00e9funt Roi des Pirates Gol D. Roger et de son \u00e9pou","og_url":"https:\/\/boutique-one-piece.com\/da\/one-piece-figurer-2\/portgas-dace-figurer\/one-piece-figur-dace-race\/","og_site_name":"Boutique One Piece","article_modified_time":"2024-09-16T13:07:00+00:00","og_image":[{"width":640,"height":640,"url":"https:\/\/boutique-one-piece.com\/wp-content\/uploads\/2022\/09\/Figurine-One-Piece-La-Course-dAce.jpg","type":"image\/jpeg"}],"twitter_card":"summary_large_image","twitter_misc":{"Estimeret l\u00e6setid":"1 minut"},"schema":{"@context":"https:\/\/schema.org","@graph":[{"@type":"WebPage","@id":"https:\/\/boutique-one-piece.com\/figurines-one-piece\/figurines-portgas-d-ace\/figurine-one-piece-la-course-dace\/","url":"https:\/\/boutique-one-piece.com\/figurines-one-piece\/figurines-portgas-d-ace\/figurine-one-piece-la-course-dace\/","name":"One Piece Figur Ace&#039;s Race | One Piece Figur \u2013 One Piece Shop","isPartOf":{"@id":"https:\/\/boutique-one-piece.com\/#website"},"primaryImageOfPage":{"@id":"https:\/\/boutique-one-piece.com\/figurines-one-piece\/figurines-portgas-d-ace\/figurine-one-piece-la-course-dace\/#primaryimage"},"image":{"@id":"https:\/\/boutique-one-piece.com\/figurines-one-piece\/figurines-portgas-d-ace\/figurine-one-piece-la-course-dace\/#primaryimage"},"thumbnailUrl":"https:\/\/boutique-one-piece.com\/wp-content\/uploads\/2022\/09\/Figurine-One-Piece-La-Course-dAce.jpg","datePublished":"2022-09-27T20:59:43+00:00","dateModified":"2024-09-16T13:07:00+00:00","description":"Unge pirat, tiden er kommet til at f\u00e5 fingrene i denne One Piece Ace&#039;s Race-figur. Du ved sikkert, at Portgas D. Ace, kendt som &quot;Fire Fist Ace&quot;, er den svorne bror til Monkey D. Luffy og Sabo. Han er ogs\u00e5 den eneste s\u00f8n af den afd\u00f8de piratkonge Gol D. Roger og hans kone.","breadcrumb":{"@id":"https:\/\/boutique-one-piece.com\/figurines-one-piece\/figurines-portgas-d-ace\/figurine-one-piece-la-course-dace\/#breadcrumb"},"inLanguage":"da-DK","potentialAction":[{"@type":"ReadAction","target":["https:\/\/boutique-one-piece.com\/figurines-one-piece\/figurines-portgas-d-ace\/figurine-one-piece-la-course-dace\/"]}]},{"@type":"ImageObject","inLanguage":"da-DK","@id":"https:\/\/boutique-one-piece.com\/figurines-one-piece\/figurines-portgas-d-ace\/figurine-one-piece-la-course-dace\/#primaryimage","url":"https:\/\/boutique-one-piece.com\/wp-content\/uploads\/2022\/09\/Figurine-One-Piece-La-Course-dAce.jpg","contentUrl":"https:\/\/boutique-one-piece.com\/wp-content\/uploads\/2022\/09\/Figurine-One-Piece-La-Course-dAce.jpg","width":640,"height":640,"caption":"Figurine One Piece La Course d'Ace Default Title"},{"@type":"BreadcrumbList","@id":"https:\/\/boutique-one-piece.com\/figurines-one-piece\/figurines-portgas-d-ace\/figurine-one-piece-la-course-dace\/#breadcrumb","itemListElement":[{"@type":"ListItem","position":1,"name":"Home","item":"https:\/\/boutique-one-piece.com\/"},{"@type":"ListItem","position":2,"name":"Shop","item":"https:\/\/boutique-one-piece.com\/shop\/"},{"@type":"ListItem","position":3,"name":"Figurine One Piece La Course d&#8217;Ace"}]},{"@type":"WebSite","@id":"https:\/\/boutique-one-piece.com\/#website","url":"https:\/\/boutique-one-piece.com\/","name":"One Piece Shop","description":"Specialbutik for One Piece Manga og Anime","publisher":{"@id":"https:\/\/boutique-one-piece.com\/#organization"},"potentialAction":[{"@type":"SearchAction","target":{"@type":"EntryPoint","urlTemplate":"https:\/\/boutique-one-piece.com\/?s={search_term_string}"},"query-input":{"@type":"PropertyValueSpecification","valueRequired":true,"valueName":"search_term_string"}}],"inLanguage":"da-DK"},{"@type":"Organization","@id":"https:\/\/boutique-one-piece.com\/#organization","name":"One Piece Shop","url":"https:\/\/boutique-one-piece.com\/","logo":{"@type":"ImageObject","inLanguage":"da-DK","@id":"https:\/\/boutique-one-piece.com\/#\/schema\/logo\/image\/","url":"https:\/\/boutique-one-piece.com\/wp-content\/uploads\/2022\/09\/Logo-01.png","contentUrl":"https:\/\/boutique-one-piece.com\/wp-content\/uploads\/2022\/09\/Logo-01.png","width":2318,"height":957,"caption":"Boutique One Piece"},"image":{"@id":"https:\/\/boutique-one-piece.com\/#\/schema\/logo\/image\/"}}]}},"_links":{"self":[{"href":"https:\/\/boutique-one-piece.com\/da\/wp-json\/wp\/v2\/product\/12987","targetHints":{"allow":["GET"]}}],"collection":[{"href":"https:\/\/boutique-one-piece.com\/da\/wp-json\/wp\/v2\/product"}],"about":[{"href":"https:\/\/boutique-one-piece.com\/da\/wp-json\/wp\/v2\/types\/product"}],"replies":[{"embeddable":true,"href":"https:\/\/boutique-one-piece.com\/da\/wp-json\/wp\/v2\/comments?post=12987"}],"wp:featuredmedia":[{"embeddable":true,"href":"https:\/\/boutique-one-piece.com\/da\/wp-json\/wp\/v2\/media\/12989"}],"wp:attachment":[{"href":"https:\/\/boutique-one-piece.com\/da\/wp-json\/wp\/v2\/media?parent=12987"}],"wp:term":[{"taxonomy":"product_brand","embeddable":true,"href":"https:\/\/boutique-one-piece.com\/da\/wp-json\/wp\/v2\/product_brand?post=12987"},{"taxonomy":"product_cat","embeddable":true,"href":"https:\/\/boutique-one-piece.com\/da\/wp-json\/wp\/v2\/product_cat?post=12987"},{"taxonomy":"product_tag","embeddable":true,"href":"https:\/\/boutique-one-piece.com\/da\/wp-json\/wp\/v2\/product_tag?post=12987"}],"curies":[{"name":"wp","href":"https:\/\/api.w.org\/{rel}","templated":true}]}}