{"id":13191,"date":"2022-09-27T21:01:33","date_gmt":"2022-09-27T21:01:33","guid":{"rendered":"https:\/\/boutique-one-piece.com\/uncategorized\/avis-de-recherche-coby-wanted\/"},"modified":"2024-09-16T13:11:44","modified_gmt":"2024-09-16T13:11:44","slug":"onsket-besked-coby-onskede","status":"publish","type":"product","link":"https:\/\/boutique-one-piece.com\/da\/one-piece-efterlysningsplakat\/onsket-besked-coby-onskede\/","title":{"rendered":"Coby \u00f8nskede besked"},"content":{"rendered":"<h2>Hvis du vil give din dekoration et frisk look, s\u00e5 pynt din v\u00e6g med denne Coby Wanted-plakat.<\/h2>\n<p>Coby (ogs\u00e5 stavet Koby) er den f\u00f8rste figur, Luffy m\u00f8der p\u00e5 sit eventyr. P\u00e5 dette tidspunkt er han piratens slave. <strong>Alvida<\/strong> og han udf\u00f8rer alle huslige pligter p\u00e5 skibet. Han bliver befriet fra hendes kontrol af Luffy, og efter et eventyr p\u00e5 <strong>Shells Town<\/strong> hvor han indser, at ikke hele fl\u00e5den er \u00e6rlig, styrkes hans \u00f8nske om at blive marinesoldat, s\u00e5 fl\u00e5den vil v\u00e6re retf\u00e6rdig over for alle.<\/p>\n<h3>Dekorer dine v\u00e6gge med denne fan-lavede efterlysningsplakat, for du ved jo, at Coby ikke har en dus\u00f8r p\u00e5 sit hoved, da han er i marinesoldaterne.<\/h3>\n<p>Selvom han sluttede sig til marinesoldaterne, er Coby taknemmelig for Luffy, og de lover at forblive venner, selvom deres veje skiller sig dramatisk, mens marinesoldaterne jager pirater. Coby er en sympatisk figur, fordi selvom han kan virke kujonagtig ved f\u00f8rste \u00f8jekast, er han styret af sine f\u00f8lelser og sin retf\u00e6rdighedssans, hvilket i sidste ende f\u00f8rte til, at han stod op mod admiral Akainu og stoppede kampen, i den tro, at det havde resulteret i, at &quot;for mange liv blev spildt&quot;. Efter tidsspringet er han en <strong>kaptajn<\/strong> af <strong>Marine<\/strong>.<\/p>\n<p>If\u00f8lge denne efterlysningsplakat og baseret p\u00e5 dens magtvurdering er dus\u00f8ren 250 millioner b\u00e6r for Cobys hoved.<\/p>\n<p>Hvis du kan lide <strong>bonusser<\/strong>, Du vil sikkert kunne lide det.\u2019<a href=\"https:\/\/boutique-one-piece.com\/da\/one-piece-efterlysningsplakat\/produkter\/one-piece-plakat-shanks-soges\/\" target=\"_blank\" title=\"Shanks \u00f8nskede besked\" rel=\"noopener noreferrer\">Shanks efterlyst plakat<\/a>.<\/p>\n<h2>Information om One Piece Wanted Coby-plakaten<\/h2>\n<ul>\n<li><span><b><u>One Piece Wanted-plakat<\/u><\/b>\u00a0En \u00e6gte One Piece-efterlysningsplakat til \u00e6gte pirater<\/span><\/li>\n<\/ul>\n<ul>\n<li>\n<b><u>Cobys Prime<\/u><\/b>\u00a0250.000.000 b\u00e6r<\/li>\n<\/ul>\n<ul>\n<li><span><strong>Udskrivning i h\u00f8j kvalitet<\/strong>\u00a0pr\u00e6cise farver<\/span><\/li>\n<\/ul>\n<ul>\n<li>\n<strong>Dimension<\/strong>\u00a0: 30 cm x 21 cm og 42 cm x 30 cm<\/li>\n<\/ul>\n<ul>\n<li><span><strong>GRATIS LEVERING<\/strong><\/span><\/li>\n<\/ul>","protected":false},"excerpt":{"rendered":"<p>Si tu veux donner un nouveau souffle \u00e0 ta d\u00e9coration, orne ton mur avec cet Avis de Recherche Coby Wanted. Coby (que l&rsquo;on \u00e9crit \u00e9galement Koby), est le premier personnage que rencontre Luffy dans son aventure. \u00c0 ce moment, il est l&rsquo;esclave de la pirate Alvida et il effectue toutes les t\u00e2ches m\u00e9nag\u00e8res sur le [&hellip;]<\/p>","protected":false},"featured_media":13193,"comment_status":"open","ping_status":"open","template":"","meta":[],"product_brand":[],"product_cat":[171],"product_tag":[],"class_list":{"0":"post-13191","1":"product","2":"type-product","3":"status-publish","4":"has-post-thumbnail","6":"product_cat-avis-de-recherche-one-piece","8":"first","9":"instock","10":"purchasable","11":"product-type-variable","12":"has-default-attributes"},"yoast_head":"<!-- This site is optimized with the Yoast SEO plugin v27.5 - https:\/\/yoast.com\/product\/yoast-seo-wordpress\/ -->\n<title>Avis De Recherche Coby Wanted | D\u00e9coration One Piece \u2013 Boutique One Piece<\/title>\n<meta name=\"description\" content=\"Si tu veux donner un nouveau souffle \u00e0 ta d\u00e9coration, orne ton mur avec cet Avis de Recherche Coby Wanted. Coby (que l&#039;on \u00e9crit \u00e9galement Koby), est le premier personnage que rencontre Luffy dans son aventure. \u00c0 ce moment, il est l&#039;esclave de la pirate Alvida et il effectue toutes les t\u00e2ches m\u00e9nag\u00e8res sur le bateau. Il\" \/>\n<meta name=\"robots\" content=\"index, follow, max-snippet:-1, max-image-preview:large, max-video-preview:-1\" \/>\n<link rel=\"canonical\" href=\"https:\/\/boutique-one-piece.com\/da\/one-piece-efterlysningsplakat\/onsket-besked-coby-onskede\/\" \/>\n<meta property=\"og:locale\" content=\"da_DK\" \/>\n<meta property=\"og:type\" content=\"article\" \/>\n<meta property=\"og:title\" content=\"Avis De Recherche Coby Wanted | D\u00e9coration One Piece \u2013 Boutique One Piece\" \/>\n<meta property=\"og:description\" content=\"Si tu veux donner un nouveau souffle \u00e0 ta d\u00e9coration, orne ton mur avec cet Avis de Recherche Coby Wanted. Coby (que l&#039;on \u00e9crit \u00e9galement Koby), est le premier personnage que rencontre Luffy dans son aventure. \u00c0 ce moment, il est l&#039;esclave de la pirate Alvida et il effectue toutes les t\u00e2ches m\u00e9nag\u00e8res sur le bateau. Il\" \/>\n<meta property=\"og:url\" content=\"https:\/\/boutique-one-piece.com\/da\/one-piece-efterlysningsplakat\/onsket-besked-coby-onskede\/\" \/>\n<meta property=\"og:site_name\" content=\"Boutique One Piece\" \/>\n<meta property=\"article:modified_time\" content=\"2024-09-16T13:11:44+00:00\" \/>\n<meta property=\"og:image\" content=\"https:\/\/boutique-one-piece.com\/wp-content\/uploads\/2022\/09\/Avis-De-Recherche-Coby-Wanted.jpg\" \/>\n\t<meta property=\"og:image:width\" content=\"800\" \/>\n\t<meta property=\"og:image:height\" content=\"800\" \/>\n\t<meta property=\"og:image:type\" content=\"image\/jpeg\" \/>\n<meta name=\"twitter:card\" content=\"summary_large_image\" \/>\n<meta name=\"twitter:label1\" content=\"Estimeret l\u00e6setid\" \/>\n\t<meta name=\"twitter:data1\" content=\"2 minutter\" \/>\n<script type=\"application\/ld+json\" class=\"yoast-schema-graph\">{\"@context\":\"https:\\\/\\\/schema.org\",\"@graph\":[{\"@type\":\"WebPage\",\"@id\":\"https:\\\/\\\/boutique-one-piece.com\\\/avis-de-recherche-one-piece\\\/avis-de-recherche-coby-wanted\\\/\",\"url\":\"https:\\\/\\\/boutique-one-piece.com\\\/avis-de-recherche-one-piece\\\/avis-de-recherche-coby-wanted\\\/\",\"name\":\"Avis De Recherche Coby Wanted | D\u00e9coration One Piece \u2013 Boutique One Piece\",\"isPartOf\":{\"@id\":\"https:\\\/\\\/boutique-one-piece.com\\\/#website\"},\"primaryImageOfPage\":{\"@id\":\"https:\\\/\\\/boutique-one-piece.com\\\/avis-de-recherche-one-piece\\\/avis-de-recherche-coby-wanted\\\/#primaryimage\"},\"image\":{\"@id\":\"https:\\\/\\\/boutique-one-piece.com\\\/avis-de-recherche-one-piece\\\/avis-de-recherche-coby-wanted\\\/#primaryimage\"},\"thumbnailUrl\":\"https:\\\/\\\/boutique-one-piece.com\\\/wp-content\\\/uploads\\\/2022\\\/09\\\/Avis-De-Recherche-Coby-Wanted.jpg\",\"datePublished\":\"2022-09-27T21:01:33+00:00\",\"dateModified\":\"2024-09-16T13:11:44+00:00\",\"description\":\"Si tu veux donner un nouveau souffle \u00e0 ta d\u00e9coration, orne ton mur avec cet Avis de Recherche Coby Wanted. Coby (que l'on \u00e9crit \u00e9galement Koby), est le premier personnage que rencontre Luffy dans son aventure. \u00c0 ce moment, il est l'esclave de la pirate Alvida et il effectue toutes les t\u00e2ches m\u00e9nag\u00e8res sur le bateau. Il\",\"breadcrumb\":{\"@id\":\"https:\\\/\\\/boutique-one-piece.com\\\/avis-de-recherche-one-piece\\\/avis-de-recherche-coby-wanted\\\/#breadcrumb\"},\"inLanguage\":\"da-DK\",\"potentialAction\":[{\"@type\":\"ReadAction\",\"target\":[\"https:\\\/\\\/boutique-one-piece.com\\\/avis-de-recherche-one-piece\\\/avis-de-recherche-coby-wanted\\\/\"]}]},{\"@type\":\"ImageObject\",\"inLanguage\":\"da-DK\",\"@id\":\"https:\\\/\\\/boutique-one-piece.com\\\/avis-de-recherche-one-piece\\\/avis-de-recherche-coby-wanted\\\/#primaryimage\",\"url\":\"https:\\\/\\\/boutique-one-piece.com\\\/wp-content\\\/uploads\\\/2022\\\/09\\\/Avis-De-Recherche-Coby-Wanted.jpg\",\"contentUrl\":\"https:\\\/\\\/boutique-one-piece.com\\\/wp-content\\\/uploads\\\/2022\\\/09\\\/Avis-De-Recherche-Coby-Wanted.jpg\",\"width\":800,\"height\":800,\"caption\":\"Avis De Recherche Coby Wanted 42X30cm\"},{\"@type\":\"BreadcrumbList\",\"@id\":\"https:\\\/\\\/boutique-one-piece.com\\\/avis-de-recherche-one-piece\\\/avis-de-recherche-coby-wanted\\\/#breadcrumb\",\"itemListElement\":[{\"@type\":\"ListItem\",\"position\":1,\"name\":\"Home\",\"item\":\"https:\\\/\\\/boutique-one-piece.com\\\/\"},{\"@type\":\"ListItem\",\"position\":2,\"name\":\"Shop\",\"item\":\"https:\\\/\\\/boutique-one-piece.com\\\/shop\\\/\"},{\"@type\":\"ListItem\",\"position\":3,\"name\":\"Avis De Recherche Coby Wanted\"}]},{\"@type\":\"WebSite\",\"@id\":\"https:\\\/\\\/boutique-one-piece.com\\\/#website\",\"url\":\"https:\\\/\\\/boutique-one-piece.com\\\/\",\"name\":\"Boutique One Piece\",\"description\":\"Magasin Sp\u00e9cialis\u00e9 du Manga et l&#039;Anime One Piece\",\"publisher\":{\"@id\":\"https:\\\/\\\/boutique-one-piece.com\\\/#organization\"},\"potentialAction\":[{\"@type\":\"SearchAction\",\"target\":{\"@type\":\"EntryPoint\",\"urlTemplate\":\"https:\\\/\\\/boutique-one-piece.com\\\/?s={search_term_string}\"},\"query-input\":{\"@type\":\"PropertyValueSpecification\",\"valueRequired\":true,\"valueName\":\"search_term_string\"}}],\"inLanguage\":\"da-DK\"},{\"@type\":\"Organization\",\"@id\":\"https:\\\/\\\/boutique-one-piece.com\\\/#organization\",\"name\":\"Boutique One Piece\",\"url\":\"https:\\\/\\\/boutique-one-piece.com\\\/\",\"logo\":{\"@type\":\"ImageObject\",\"inLanguage\":\"da-DK\",\"@id\":\"https:\\\/\\\/boutique-one-piece.com\\\/#\\\/schema\\\/logo\\\/image\\\/\",\"url\":\"https:\\\/\\\/boutique-one-piece.com\\\/wp-content\\\/uploads\\\/2022\\\/09\\\/Logo-01.png\",\"contentUrl\":\"https:\\\/\\\/boutique-one-piece.com\\\/wp-content\\\/uploads\\\/2022\\\/09\\\/Logo-01.png\",\"width\":2318,\"height\":957,\"caption\":\"Boutique One Piece\"},\"image\":{\"@id\":\"https:\\\/\\\/boutique-one-piece.com\\\/#\\\/schema\\\/logo\\\/image\\\/\"}}]}<\/script>\n<!-- \/ Yoast SEO plugin. -->","yoast_head_json":{"title":"Coby s\u00f8ges | One Piece dekorationer \u2013 One Piece Shop","description":"Hvis du vil give din indretning et frisk look, s\u00e5 pynt din v\u00e6g med denne Coby Wanted-plakat. Coby (ogs\u00e5 stavet Koby) er den f\u00f8rste figur, Luffy m\u00f8der p\u00e5 sit eventyr. P\u00e5 det tidspunkt er han slave af piraten Alvida og udf\u00f8rer alle huslige pligter p\u00e5 skibet.","robots":{"index":"index","follow":"follow","max-snippet":"max-snippet:-1","max-image-preview":"max-image-preview:large","max-video-preview":"max-video-preview:-1"},"canonical":"https:\/\/boutique-one-piece.com\/da\/one-piece-efterlysningsplakat\/onsket-besked-coby-onskede\/","og_locale":"da_DK","og_type":"article","og_title":"Avis De Recherche Coby Wanted | D\u00e9coration One Piece \u2013 Boutique One Piece","og_description":"Si tu veux donner un nouveau souffle \u00e0 ta d\u00e9coration, orne ton mur avec cet Avis de Recherche Coby Wanted. Coby (que l'on \u00e9crit \u00e9galement Koby), est le premier personnage que rencontre Luffy dans son aventure. \u00c0 ce moment, il est l'esclave de la pirate Alvida et il effectue toutes les t\u00e2ches m\u00e9nag\u00e8res sur le bateau. Il","og_url":"https:\/\/boutique-one-piece.com\/da\/one-piece-efterlysningsplakat\/onsket-besked-coby-onskede\/","og_site_name":"Boutique One Piece","article_modified_time":"2024-09-16T13:11:44+00:00","og_image":[{"width":800,"height":800,"url":"https:\/\/boutique-one-piece.com\/wp-content\/uploads\/2022\/09\/Avis-De-Recherche-Coby-Wanted.jpg","type":"image\/jpeg"}],"twitter_card":"summary_large_image","twitter_misc":{"Estimeret l\u00e6setid":"2 minutter"},"schema":{"@context":"https:\/\/schema.org","@graph":[{"@type":"WebPage","@id":"https:\/\/boutique-one-piece.com\/avis-de-recherche-one-piece\/avis-de-recherche-coby-wanted\/","url":"https:\/\/boutique-one-piece.com\/avis-de-recherche-one-piece\/avis-de-recherche-coby-wanted\/","name":"Coby s\u00f8ges | One Piece dekorationer \u2013 One Piece Shop","isPartOf":{"@id":"https:\/\/boutique-one-piece.com\/#website"},"primaryImageOfPage":{"@id":"https:\/\/boutique-one-piece.com\/avis-de-recherche-one-piece\/avis-de-recherche-coby-wanted\/#primaryimage"},"image":{"@id":"https:\/\/boutique-one-piece.com\/avis-de-recherche-one-piece\/avis-de-recherche-coby-wanted\/#primaryimage"},"thumbnailUrl":"https:\/\/boutique-one-piece.com\/wp-content\/uploads\/2022\/09\/Avis-De-Recherche-Coby-Wanted.jpg","datePublished":"2022-09-27T21:01:33+00:00","dateModified":"2024-09-16T13:11:44+00:00","description":"Hvis du vil give din indretning et frisk look, s\u00e5 pynt din v\u00e6g med denne Coby Wanted-plakat. Coby (ogs\u00e5 stavet Koby) er den f\u00f8rste figur, Luffy m\u00f8der p\u00e5 sit eventyr. P\u00e5 det tidspunkt er han slave af piraten Alvida og udf\u00f8rer alle huslige pligter p\u00e5 skibet.","breadcrumb":{"@id":"https:\/\/boutique-one-piece.com\/avis-de-recherche-one-piece\/avis-de-recherche-coby-wanted\/#breadcrumb"},"inLanguage":"da-DK","potentialAction":[{"@type":"ReadAction","target":["https:\/\/boutique-one-piece.com\/avis-de-recherche-one-piece\/avis-de-recherche-coby-wanted\/"]}]},{"@type":"ImageObject","inLanguage":"da-DK","@id":"https:\/\/boutique-one-piece.com\/avis-de-recherche-one-piece\/avis-de-recherche-coby-wanted\/#primaryimage","url":"https:\/\/boutique-one-piece.com\/wp-content\/uploads\/2022\/09\/Avis-De-Recherche-Coby-Wanted.jpg","contentUrl":"https:\/\/boutique-one-piece.com\/wp-content\/uploads\/2022\/09\/Avis-De-Recherche-Coby-Wanted.jpg","width":800,"height":800,"caption":"Avis De Recherche Coby Wanted 42X30cm"},{"@type":"BreadcrumbList","@id":"https:\/\/boutique-one-piece.com\/avis-de-recherche-one-piece\/avis-de-recherche-coby-wanted\/#breadcrumb","itemListElement":[{"@type":"ListItem","position":1,"name":"Home","item":"https:\/\/boutique-one-piece.com\/"},{"@type":"ListItem","position":2,"name":"Shop","item":"https:\/\/boutique-one-piece.com\/shop\/"},{"@type":"ListItem","position":3,"name":"Avis De Recherche Coby Wanted"}]},{"@type":"WebSite","@id":"https:\/\/boutique-one-piece.com\/#website","url":"https:\/\/boutique-one-piece.com\/","name":"One Piece Shop","description":"Specialbutik for One Piece Manga og Anime","publisher":{"@id":"https:\/\/boutique-one-piece.com\/#organization"},"potentialAction":[{"@type":"SearchAction","target":{"@type":"EntryPoint","urlTemplate":"https:\/\/boutique-one-piece.com\/?s={search_term_string}"},"query-input":{"@type":"PropertyValueSpecification","valueRequired":true,"valueName":"search_term_string"}}],"inLanguage":"da-DK"},{"@type":"Organization","@id":"https:\/\/boutique-one-piece.com\/#organization","name":"One Piece Shop","url":"https:\/\/boutique-one-piece.com\/","logo":{"@type":"ImageObject","inLanguage":"da-DK","@id":"https:\/\/boutique-one-piece.com\/#\/schema\/logo\/image\/","url":"https:\/\/boutique-one-piece.com\/wp-content\/uploads\/2022\/09\/Logo-01.png","contentUrl":"https:\/\/boutique-one-piece.com\/wp-content\/uploads\/2022\/09\/Logo-01.png","width":2318,"height":957,"caption":"Boutique One Piece"},"image":{"@id":"https:\/\/boutique-one-piece.com\/#\/schema\/logo\/image\/"}}]}},"_links":{"self":[{"href":"https:\/\/boutique-one-piece.com\/da\/wp-json\/wp\/v2\/product\/13191","targetHints":{"allow":["GET"]}}],"collection":[{"href":"https:\/\/boutique-one-piece.com\/da\/wp-json\/wp\/v2\/product"}],"about":[{"href":"https:\/\/boutique-one-piece.com\/da\/wp-json\/wp\/v2\/types\/product"}],"replies":[{"embeddable":true,"href":"https:\/\/boutique-one-piece.com\/da\/wp-json\/wp\/v2\/comments?post=13191"}],"wp:featuredmedia":[{"embeddable":true,"href":"https:\/\/boutique-one-piece.com\/da\/wp-json\/wp\/v2\/media\/13193"}],"wp:attachment":[{"href":"https:\/\/boutique-one-piece.com\/da\/wp-json\/wp\/v2\/media?parent=13191"}],"wp:term":[{"taxonomy":"product_brand","embeddable":true,"href":"https:\/\/boutique-one-piece.com\/da\/wp-json\/wp\/v2\/product_brand?post=13191"},{"taxonomy":"product_cat","embeddable":true,"href":"https:\/\/boutique-one-piece.com\/da\/wp-json\/wp\/v2\/product_cat?post=13191"},{"taxonomy":"product_tag","embeddable":true,"href":"https:\/\/boutique-one-piece.com\/da\/wp-json\/wp\/v2\/product_tag?post=13191"}],"curies":[{"name":"wp","href":"https:\/\/api.w.org\/{rel}","templated":true}]}}