{"id":13273,"date":"2022-09-27T21:02:01","date_gmt":"2022-09-27T21:02:01","guid":{"rendered":"https:\/\/boutique-one-piece.com\/uncategorized\/coussin-one-piece-ace\/"},"modified":"2024-09-16T13:13:02","modified_gmt":"2024-09-16T13:13:02","slug":"one-piece-ace-pude","status":"publish","type":"product","link":"https:\/\/boutique-one-piece.com\/da\/one-piece-dekorationer\/puder-og-hynder-i-et-stykke\/one-piece-ace-pude\/","title":{"rendered":"\u00c9t stykke Ace-pude"},"content":{"rendered":"<p><meta charset=\"utf-8\"><\/p>\n<ul>\n<li><span><b><u>Ace Mera Mera No Mi Pudebetr\u00e6k i \u00e9t stykke<\/u><\/b>\u00a0Fantastisk One Piece manga pudebetr\u00e6k til \u00e6gte pirater<\/span><\/li>\n<\/ul>\n<ul>\n<li><span><strong>Pudebetr\u00e6k af h\u00f8j kvalitet<\/strong>\u00a0Lavet med gode materialer<\/span><\/li>\n<\/ul>\n<ul>\n<li><span><strong>Dimension<\/strong>\u00a0: 45 cm x 45 cm<\/span><\/li>\n<\/ul>\n<ul>\n<li><span><strong>GRATIS LEVERING<\/strong><\/span><\/li>\n<\/ul>","protected":false},"excerpt":{"rendered":"<p>Housse de Coussin Ace Mera Mera No Mi One Piece\u00a0:\u00a0Superbe taie d&rsquo;oreiller\u00a0du manga One Piece pour les vrais pirates Taie d&rsquo;Oreiller\u00a0de Haute Qualit\u00e9\u00a0:\u00a0fabriqu\u00e9 avec de bon mat\u00e9riaux Dimension\u00a0:\u00a045 cm X\u00a045 cm LIVRAISON OFFERTE<\/p>","protected":false},"featured_media":13275,"comment_status":"open","ping_status":"open","template":"","meta":[],"product_brand":[],"product_cat":[300],"product_tag":[176],"class_list":{"0":"post-13273","1":"product","2":"type-product","3":"status-publish","4":"has-post-thumbnail","6":"product_cat-coussins-et-oreiller-one-piece","7":"product_tag-ace","9":"first","10":"instock","11":"purchasable","12":"product-type-simple"},"yoast_head":"<!-- This site is optimized with the Yoast SEO plugin v27.5 - https:\/\/yoast.com\/product\/yoast-seo-wordpress\/ -->\n<title>Coussin One Piece Ace | Boutique One Piece<\/title>\n<meta name=\"description\" content=\"Housse de Coussin Ace Mera Mera No Mi One Piece\u00a0:\u00a0Superbe taie d&#039;oreiller\u00a0du manga One Piece pour les vrais pirates Taie d&#039;Oreiller\u00a0de Haute Qualit\u00e9\u00a0:\u00a0fabriqu\u00e9 avec de bon mat\u00e9riaux Dimension\u00a0:\u00a045 cm X\u00a045 cm LIVRAISON OFFERTE\" \/>\n<meta name=\"robots\" content=\"index, follow, max-snippet:-1, max-image-preview:large, max-video-preview:-1\" \/>\n<link rel=\"canonical\" href=\"https:\/\/boutique-one-piece.com\/da\/one-piece-dekorationer\/puder-og-hynder-i-et-stykke\/one-piece-ace-pude\/\" \/>\n<meta property=\"og:locale\" content=\"da_DK\" \/>\n<meta property=\"og:type\" content=\"article\" \/>\n<meta property=\"og:title\" content=\"Coussin One Piece Ace | Boutique One Piece\" \/>\n<meta property=\"og:description\" content=\"Housse de Coussin Ace Mera Mera No Mi One Piece\u00a0:\u00a0Superbe taie d&#039;oreiller\u00a0du manga One Piece pour les vrais pirates Taie d&#039;Oreiller\u00a0de Haute Qualit\u00e9\u00a0:\u00a0fabriqu\u00e9 avec de bon mat\u00e9riaux Dimension\u00a0:\u00a045 cm X\u00a045 cm LIVRAISON OFFERTE\" \/>\n<meta property=\"og:url\" content=\"https:\/\/boutique-one-piece.com\/da\/one-piece-dekorationer\/puder-og-hynder-i-et-stykke\/one-piece-ace-pude\/\" \/>\n<meta property=\"og:site_name\" content=\"Boutique One Piece\" \/>\n<meta property=\"article:modified_time\" content=\"2024-09-16T13:13:02+00:00\" \/>\n<meta property=\"og:image\" content=\"https:\/\/boutique-one-piece.com\/wp-content\/uploads\/2022\/09\/Coussin-One-Piece-Ace.jpg\" \/>\n\t<meta property=\"og:image:width\" content=\"640\" \/>\n\t<meta property=\"og:image:height\" content=\"640\" \/>\n\t<meta property=\"og:image:type\" content=\"image\/jpeg\" \/>\n<meta name=\"twitter:card\" content=\"summary_large_image\" \/>\n<script type=\"application\/ld+json\" class=\"yoast-schema-graph\">{\"@context\":\"https:\\\/\\\/schema.org\",\"@graph\":[{\"@type\":\"WebPage\",\"@id\":\"https:\\\/\\\/boutique-one-piece.com\\\/decorations-one-piece\\\/coussins-et-oreiller-one-piece\\\/coussin-one-piece-ace\\\/\",\"url\":\"https:\\\/\\\/boutique-one-piece.com\\\/decorations-one-piece\\\/coussins-et-oreiller-one-piece\\\/coussin-one-piece-ace\\\/\",\"name\":\"Coussin One Piece Ace | Boutique One Piece\",\"isPartOf\":{\"@id\":\"https:\\\/\\\/boutique-one-piece.com\\\/#website\"},\"primaryImageOfPage\":{\"@id\":\"https:\\\/\\\/boutique-one-piece.com\\\/decorations-one-piece\\\/coussins-et-oreiller-one-piece\\\/coussin-one-piece-ace\\\/#primaryimage\"},\"image\":{\"@id\":\"https:\\\/\\\/boutique-one-piece.com\\\/decorations-one-piece\\\/coussins-et-oreiller-one-piece\\\/coussin-one-piece-ace\\\/#primaryimage\"},\"thumbnailUrl\":\"https:\\\/\\\/boutique-one-piece.com\\\/wp-content\\\/uploads\\\/2022\\\/09\\\/Coussin-One-Piece-Ace.jpg\",\"datePublished\":\"2022-09-27T21:02:01+00:00\",\"dateModified\":\"2024-09-16T13:13:02+00:00\",\"description\":\"Housse de Coussin Ace Mera Mera No Mi One Piece\u00a0:\u00a0Superbe taie d'oreiller\u00a0du manga One Piece pour les vrais pirates Taie d'Oreiller\u00a0de Haute Qualit\u00e9\u00a0:\u00a0fabriqu\u00e9 avec de bon mat\u00e9riaux Dimension\u00a0:\u00a045 cm X\u00a045 cm LIVRAISON OFFERTE\",\"breadcrumb\":{\"@id\":\"https:\\\/\\\/boutique-one-piece.com\\\/decorations-one-piece\\\/coussins-et-oreiller-one-piece\\\/coussin-one-piece-ace\\\/#breadcrumb\"},\"inLanguage\":\"da-DK\",\"potentialAction\":[{\"@type\":\"ReadAction\",\"target\":[\"https:\\\/\\\/boutique-one-piece.com\\\/decorations-one-piece\\\/coussins-et-oreiller-one-piece\\\/coussin-one-piece-ace\\\/\"]}]},{\"@type\":\"ImageObject\",\"inLanguage\":\"da-DK\",\"@id\":\"https:\\\/\\\/boutique-one-piece.com\\\/decorations-one-piece\\\/coussins-et-oreiller-one-piece\\\/coussin-one-piece-ace\\\/#primaryimage\",\"url\":\"https:\\\/\\\/boutique-one-piece.com\\\/wp-content\\\/uploads\\\/2022\\\/09\\\/Coussin-One-Piece-Ace.jpg\",\"contentUrl\":\"https:\\\/\\\/boutique-one-piece.com\\\/wp-content\\\/uploads\\\/2022\\\/09\\\/Coussin-One-Piece-Ace.jpg\",\"width\":640,\"height\":640,\"caption\":\"Coussin One Piece Ace Default Title\"},{\"@type\":\"BreadcrumbList\",\"@id\":\"https:\\\/\\\/boutique-one-piece.com\\\/decorations-one-piece\\\/coussins-et-oreiller-one-piece\\\/coussin-one-piece-ace\\\/#breadcrumb\",\"itemListElement\":[{\"@type\":\"ListItem\",\"position\":1,\"name\":\"Home\",\"item\":\"https:\\\/\\\/boutique-one-piece.com\\\/\"},{\"@type\":\"ListItem\",\"position\":2,\"name\":\"Shop\",\"item\":\"https:\\\/\\\/boutique-one-piece.com\\\/shop\\\/\"},{\"@type\":\"ListItem\",\"position\":3,\"name\":\"Coussin One Piece Ace\"}]},{\"@type\":\"WebSite\",\"@id\":\"https:\\\/\\\/boutique-one-piece.com\\\/#website\",\"url\":\"https:\\\/\\\/boutique-one-piece.com\\\/\",\"name\":\"Boutique One Piece\",\"description\":\"Magasin Sp\u00e9cialis\u00e9 du Manga et l&#039;Anime One Piece\",\"publisher\":{\"@id\":\"https:\\\/\\\/boutique-one-piece.com\\\/#organization\"},\"potentialAction\":[{\"@type\":\"SearchAction\",\"target\":{\"@type\":\"EntryPoint\",\"urlTemplate\":\"https:\\\/\\\/boutique-one-piece.com\\\/?s={search_term_string}\"},\"query-input\":{\"@type\":\"PropertyValueSpecification\",\"valueRequired\":true,\"valueName\":\"search_term_string\"}}],\"inLanguage\":\"da-DK\"},{\"@type\":\"Organization\",\"@id\":\"https:\\\/\\\/boutique-one-piece.com\\\/#organization\",\"name\":\"Boutique One Piece\",\"url\":\"https:\\\/\\\/boutique-one-piece.com\\\/\",\"logo\":{\"@type\":\"ImageObject\",\"inLanguage\":\"da-DK\",\"@id\":\"https:\\\/\\\/boutique-one-piece.com\\\/#\\\/schema\\\/logo\\\/image\\\/\",\"url\":\"https:\\\/\\\/boutique-one-piece.com\\\/wp-content\\\/uploads\\\/2022\\\/09\\\/Logo-01.png\",\"contentUrl\":\"https:\\\/\\\/boutique-one-piece.com\\\/wp-content\\\/uploads\\\/2022\\\/09\\\/Logo-01.png\",\"width\":2318,\"height\":957,\"caption\":\"Boutique One Piece\"},\"image\":{\"@id\":\"https:\\\/\\\/boutique-one-piece.com\\\/#\\\/schema\\\/logo\\\/image\\\/\"}}]}<\/script>\n<!-- \/ Yoast SEO plugin. -->","yoast_head_json":{"title":"One Piece Ace Pude | One Piece Shop","description":"Ace Mera Mera No Mi One Piece Pudebetr\u00e6k: Fremragende One Piece manga pudebetr\u00e6k til \u00e6gte pirater. Pudebetr\u00e6k i h\u00f8j kvalitet: Lavet af gode materialer. M\u00e5l: 45 cm x 45 cm. GRATIS FRAGT","robots":{"index":"index","follow":"follow","max-snippet":"max-snippet:-1","max-image-preview":"max-image-preview:large","max-video-preview":"max-video-preview:-1"},"canonical":"https:\/\/boutique-one-piece.com\/da\/one-piece-dekorationer\/puder-og-hynder-i-et-stykke\/one-piece-ace-pude\/","og_locale":"da_DK","og_type":"article","og_title":"Coussin One Piece Ace | Boutique One Piece","og_description":"Housse de Coussin Ace Mera Mera No Mi One Piece\u00a0:\u00a0Superbe taie d'oreiller\u00a0du manga One Piece pour les vrais pirates Taie d'Oreiller\u00a0de Haute Qualit\u00e9\u00a0:\u00a0fabriqu\u00e9 avec de bon mat\u00e9riaux Dimension\u00a0:\u00a045 cm X\u00a045 cm LIVRAISON OFFERTE","og_url":"https:\/\/boutique-one-piece.com\/da\/one-piece-dekorationer\/puder-og-hynder-i-et-stykke\/one-piece-ace-pude\/","og_site_name":"Boutique One Piece","article_modified_time":"2024-09-16T13:13:02+00:00","og_image":[{"width":640,"height":640,"url":"https:\/\/boutique-one-piece.com\/wp-content\/uploads\/2022\/09\/Coussin-One-Piece-Ace.jpg","type":"image\/jpeg"}],"twitter_card":"summary_large_image","schema":{"@context":"https:\/\/schema.org","@graph":[{"@type":"WebPage","@id":"https:\/\/boutique-one-piece.com\/decorations-one-piece\/coussins-et-oreiller-one-piece\/coussin-one-piece-ace\/","url":"https:\/\/boutique-one-piece.com\/decorations-one-piece\/coussins-et-oreiller-one-piece\/coussin-one-piece-ace\/","name":"One Piece Ace Pude | One Piece Shop","isPartOf":{"@id":"https:\/\/boutique-one-piece.com\/#website"},"primaryImageOfPage":{"@id":"https:\/\/boutique-one-piece.com\/decorations-one-piece\/coussins-et-oreiller-one-piece\/coussin-one-piece-ace\/#primaryimage"},"image":{"@id":"https:\/\/boutique-one-piece.com\/decorations-one-piece\/coussins-et-oreiller-one-piece\/coussin-one-piece-ace\/#primaryimage"},"thumbnailUrl":"https:\/\/boutique-one-piece.com\/wp-content\/uploads\/2022\/09\/Coussin-One-Piece-Ace.jpg","datePublished":"2022-09-27T21:02:01+00:00","dateModified":"2024-09-16T13:13:02+00:00","description":"Ace Mera Mera No Mi One Piece Pudebetr\u00e6k: Fremragende One Piece manga pudebetr\u00e6k til \u00e6gte pirater. Pudebetr\u00e6k i h\u00f8j kvalitet: Lavet af gode materialer. M\u00e5l: 45 cm x 45 cm. GRATIS FRAGT","breadcrumb":{"@id":"https:\/\/boutique-one-piece.com\/decorations-one-piece\/coussins-et-oreiller-one-piece\/coussin-one-piece-ace\/#breadcrumb"},"inLanguage":"da-DK","potentialAction":[{"@type":"ReadAction","target":["https:\/\/boutique-one-piece.com\/decorations-one-piece\/coussins-et-oreiller-one-piece\/coussin-one-piece-ace\/"]}]},{"@type":"ImageObject","inLanguage":"da-DK","@id":"https:\/\/boutique-one-piece.com\/decorations-one-piece\/coussins-et-oreiller-one-piece\/coussin-one-piece-ace\/#primaryimage","url":"https:\/\/boutique-one-piece.com\/wp-content\/uploads\/2022\/09\/Coussin-One-Piece-Ace.jpg","contentUrl":"https:\/\/boutique-one-piece.com\/wp-content\/uploads\/2022\/09\/Coussin-One-Piece-Ace.jpg","width":640,"height":640,"caption":"Coussin One Piece Ace Default Title"},{"@type":"BreadcrumbList","@id":"https:\/\/boutique-one-piece.com\/decorations-one-piece\/coussins-et-oreiller-one-piece\/coussin-one-piece-ace\/#breadcrumb","itemListElement":[{"@type":"ListItem","position":1,"name":"Home","item":"https:\/\/boutique-one-piece.com\/"},{"@type":"ListItem","position":2,"name":"Shop","item":"https:\/\/boutique-one-piece.com\/shop\/"},{"@type":"ListItem","position":3,"name":"Coussin One Piece Ace"}]},{"@type":"WebSite","@id":"https:\/\/boutique-one-piece.com\/#website","url":"https:\/\/boutique-one-piece.com\/","name":"One Piece Shop","description":"Specialbutik for One Piece Manga og Anime","publisher":{"@id":"https:\/\/boutique-one-piece.com\/#organization"},"potentialAction":[{"@type":"SearchAction","target":{"@type":"EntryPoint","urlTemplate":"https:\/\/boutique-one-piece.com\/?s={search_term_string}"},"query-input":{"@type":"PropertyValueSpecification","valueRequired":true,"valueName":"search_term_string"}}],"inLanguage":"da-DK"},{"@type":"Organization","@id":"https:\/\/boutique-one-piece.com\/#organization","name":"One Piece Shop","url":"https:\/\/boutique-one-piece.com\/","logo":{"@type":"ImageObject","inLanguage":"da-DK","@id":"https:\/\/boutique-one-piece.com\/#\/schema\/logo\/image\/","url":"https:\/\/boutique-one-piece.com\/wp-content\/uploads\/2022\/09\/Logo-01.png","contentUrl":"https:\/\/boutique-one-piece.com\/wp-content\/uploads\/2022\/09\/Logo-01.png","width":2318,"height":957,"caption":"Boutique One Piece"},"image":{"@id":"https:\/\/boutique-one-piece.com\/#\/schema\/logo\/image\/"}}]}},"_links":{"self":[{"href":"https:\/\/boutique-one-piece.com\/da\/wp-json\/wp\/v2\/product\/13273","targetHints":{"allow":["GET"]}}],"collection":[{"href":"https:\/\/boutique-one-piece.com\/da\/wp-json\/wp\/v2\/product"}],"about":[{"href":"https:\/\/boutique-one-piece.com\/da\/wp-json\/wp\/v2\/types\/product"}],"replies":[{"embeddable":true,"href":"https:\/\/boutique-one-piece.com\/da\/wp-json\/wp\/v2\/comments?post=13273"}],"wp:featuredmedia":[{"embeddable":true,"href":"https:\/\/boutique-one-piece.com\/da\/wp-json\/wp\/v2\/media\/13275"}],"wp:attachment":[{"href":"https:\/\/boutique-one-piece.com\/da\/wp-json\/wp\/v2\/media?parent=13273"}],"wp:term":[{"taxonomy":"product_brand","embeddable":true,"href":"https:\/\/boutique-one-piece.com\/da\/wp-json\/wp\/v2\/product_brand?post=13273"},{"taxonomy":"product_cat","embeddable":true,"href":"https:\/\/boutique-one-piece.com\/da\/wp-json\/wp\/v2\/product_cat?post=13273"},{"taxonomy":"product_tag","embeddable":true,"href":"https:\/\/boutique-one-piece.com\/da\/wp-json\/wp\/v2\/product_tag?post=13273"}],"curies":[{"name":"wp","href":"https:\/\/api.w.org\/{rel}","templated":true}]}}