{"id":13282,"date":"2022-09-27T21:02:01","date_gmt":"2022-09-27T21:02:01","guid":{"rendered":"https:\/\/boutique-one-piece.com\/uncategorized\/avis-de-recherche-marco-wanted\/"},"modified":"2026-03-29T22:44:12","modified_gmt":"2026-03-29T22:44:12","slug":"marco-onskede-plakat","status":"publish","type":"product","link":"https:\/\/boutique-one-piece.com\/da\/one-piece-efterlysningsplakat\/marco-onskede-plakat\/","title":{"rendered":"Marco \u00f8nskede besked"},"content":{"rendered":"<h2>Har du et svagt punkt for Whitebeards bes\u00e6tning, is\u00e6r under Slaget ved Marineford? S\u00e5 vent ikke l\u00e6ngere, og giv efter for denne Marco Wanted-plakat.<\/h2>\n<p>Marco, ogs\u00e5 kendt som &quot;Marco F\u00f8niksen&quot;, er uden tvivl det mest karismatiske medlem af Hvidsk\u00e6gs bes\u00e6tning, og han er den <strong>kommand\u00f8r for f\u00f8rste division<\/strong> af hans fl\u00e5de, s\u00e5vel som kejserens h\u00f8jre h\u00e5nd.<\/p>\n<p>Hans karisma stammer ogs\u00e5 fra den Dj\u00e6vlefrugt, han besidder, <strong>Tori Tori, nej, jeg<\/strong>, hvilket er en <strong>Det gamle Zoan<\/strong> Det giver ham mulighed for at forvandle sig til en f\u00f8niks og flyve, men ogs\u00e5 at regenerere sig efter behag, n\u00e5r han bliver skadet. Han kan ogs\u00e5 bruge sin kraft til at hj\u00e6lpe med at hele, men han er aldrig set g\u00f8re det.<\/p>\n<h3>H\u00e6ng efterlysningsplakaten for en af de mest karismatiske karakterer fra One Piece, Marco, op p\u00e5 din v\u00e6g.<\/h3>\n<p>Marco er en af de mest mindev\u00e6rdige karakterer under Slaget ved Marineford, hvor han viser sin magt ved at k\u00e6mpe p\u00e5 lige fod med admiraler og f\u00e5 admiral Akainu, som er meget st\u00e6rk, til at rase.<\/p>\n<p>Han optr\u00e6der ogs\u00e5 i Wano-landet, hvor han viser sin styrke ved at besejre to ulykker samtidigt: Dronning og Konge. Dus\u00f8ren p\u00e5 Marcos hoved svarer til <strong>700 millioner b\u00e6r<\/strong>.<\/p>\n<p>Hvis du kan lide bonusser, hvad siger du s\u00e5 til...\u2019<a title=\"Arlong \u00f8nskede besked\" href=\"https:\/\/boutique-one-piece.com\/da\/arlong-eftersogte-plakat\/\" target=\"_blank\" rel=\"noopener noreferrer\">Arlong \u00f8nskede besked<\/a> ?<\/p>\n<h2>Information om One Piece Wanted Marco the Phoenix-plakaten<\/h2>\n<ul>\n<li><b><u>One Piece Wanted-plakat<\/u><\/b>\u00a0En \u00e6gte One Piece-efterlysningsplakat til \u00e6gte pirater<\/li>\n<\/ul>\n<ul>\n<li><b><u>Marcos bonus<\/u><\/b>\u00a0700.000.000 b\u00e6r<\/li>\n<\/ul>\n<ul>\n<li><strong>Udskrivning i h\u00f8j kvalitet<\/strong>\u00a0pr\u00e6cise farver<\/li>\n<\/ul>\n<ul>\n<li><strong>Dimension<\/strong> : 52 cm x 36 cm<\/li>\n<\/ul>\n<ul>\n<li><strong>GRATIS LEVERING<\/strong><\/li>\n<\/ul>","protected":false},"excerpt":{"rendered":"<p>As-tu un faible pour l&rsquo;\u00e9quipage de Barbe Blanche, notamment lors de la bataille de Marineford ? Alors n&rsquo;attend plus et laisse-toi tenter par cet Avis de Recherche Marco Wanted. Marco, aussi appel\u00e9 \u00ab\u00a0Marco le Ph\u00e9nix\u00a0\u00bb est sans doute le membre le plus charismatique de l&rsquo;\u00e9quipage de Barbe Blanche et il est le commandant de la [&hellip;]<\/p>","protected":false},"featured_media":13284,"comment_status":"open","ping_status":"open","template":"","meta":[],"product_brand":[],"product_cat":[171],"product_tag":[],"class_list":{"0":"post-13282","1":"product","2":"type-product","3":"status-publish","4":"has-post-thumbnail","6":"product_cat-avis-de-recherche-one-piece","8":"first","9":"outofstock","10":"purchasable","11":"product-type-simple"},"yoast_head":"<!-- This site is optimized with the Yoast SEO plugin v27.5 - https:\/\/yoast.com\/product\/yoast-seo-wordpress\/ -->\n<title>Avis De Recherche Marco Wanted | D\u00e9coration One Piece \u2013 Boutique One Piece<\/title>\n<meta name=\"description\" content=\"As-tu un faible pour l&#039;\u00e9quipage de Barbe Blanche, notamment lors de la bataille de Marineford ? Alors n&#039;attend plus et laisse-toi tenter par cet Avis de Recherche Marco Wanted. Marco, aussi appel\u00e9 &quot;Marco le Ph\u00e9nix&quot; est sans doute le membre le plus charismatique de l&#039;\u00e9quipage de Barbe Blanche et il est le commandant de\" \/>\n<meta name=\"robots\" content=\"index, follow, max-snippet:-1, max-image-preview:large, max-video-preview:-1\" \/>\n<link rel=\"canonical\" href=\"https:\/\/boutique-one-piece.com\/da\/one-piece-efterlysningsplakat\/marco-onskede-plakat\/\" \/>\n<meta property=\"og:locale\" content=\"da_DK\" \/>\n<meta property=\"og:type\" content=\"article\" \/>\n<meta property=\"og:title\" content=\"Avis De Recherche Marco Wanted | D\u00e9coration One Piece \u2013 Boutique One Piece\" \/>\n<meta property=\"og:description\" content=\"As-tu un faible pour l&#039;\u00e9quipage de Barbe Blanche, notamment lors de la bataille de Marineford ? Alors n&#039;attend plus et laisse-toi tenter par cet Avis de Recherche Marco Wanted. Marco, aussi appel\u00e9 &quot;Marco le Ph\u00e9nix&quot; est sans doute le membre le plus charismatique de l&#039;\u00e9quipage de Barbe Blanche et il est le commandant de\" \/>\n<meta property=\"og:url\" content=\"https:\/\/boutique-one-piece.com\/da\/one-piece-efterlysningsplakat\/marco-onskede-plakat\/\" \/>\n<meta property=\"og:site_name\" content=\"Boutique One Piece\" \/>\n<meta property=\"article:modified_time\" content=\"2026-03-29T22:44:12+00:00\" \/>\n<meta property=\"og:image\" content=\"https:\/\/boutique-one-piece.com\/wp-content\/uploads\/2022\/09\/Avis-De-Recherche-Marco-Wanted-1.jpg\" \/>\n\t<meta property=\"og:image:width\" content=\"796\" \/>\n\t<meta property=\"og:image:height\" content=\"797\" \/>\n\t<meta property=\"og:image:type\" content=\"image\/jpeg\" \/>\n<meta name=\"twitter:card\" content=\"summary_large_image\" \/>\n<meta name=\"twitter:label1\" content=\"Estimeret l\u00e6setid\" \/>\n\t<meta name=\"twitter:data1\" content=\"2 minutter\" \/>\n<script type=\"application\/ld+json\" class=\"yoast-schema-graph\">{\"@context\":\"https:\\\/\\\/schema.org\",\"@graph\":[{\"@type\":\"WebPage\",\"@id\":\"https:\\\/\\\/boutique-one-piece.com\\\/avis-de-recherche-one-piece\\\/avis-de-recherche-marco-wanted\\\/\",\"url\":\"https:\\\/\\\/boutique-one-piece.com\\\/avis-de-recherche-one-piece\\\/avis-de-recherche-marco-wanted\\\/\",\"name\":\"Avis De Recherche Marco Wanted | D\u00e9coration One Piece \u2013 Boutique One Piece\",\"isPartOf\":{\"@id\":\"https:\\\/\\\/boutique-one-piece.com\\\/#website\"},\"primaryImageOfPage\":{\"@id\":\"https:\\\/\\\/boutique-one-piece.com\\\/avis-de-recherche-one-piece\\\/avis-de-recherche-marco-wanted\\\/#primaryimage\"},\"image\":{\"@id\":\"https:\\\/\\\/boutique-one-piece.com\\\/avis-de-recherche-one-piece\\\/avis-de-recherche-marco-wanted\\\/#primaryimage\"},\"thumbnailUrl\":\"https:\\\/\\\/boutique-one-piece.com\\\/wp-content\\\/uploads\\\/2022\\\/09\\\/Avis-De-Recherche-Marco-Wanted-1.jpg\",\"datePublished\":\"2022-09-27T21:02:01+00:00\",\"dateModified\":\"2026-03-29T22:44:12+00:00\",\"description\":\"As-tu un faible pour l'\u00e9quipage de Barbe Blanche, notamment lors de la bataille de Marineford ? Alors n'attend plus et laisse-toi tenter par cet Avis de Recherche Marco Wanted. Marco, aussi appel\u00e9 \\\"Marco le Ph\u00e9nix\\\" est sans doute le membre le plus charismatique de l'\u00e9quipage de Barbe Blanche et il est le commandant de\",\"breadcrumb\":{\"@id\":\"https:\\\/\\\/boutique-one-piece.com\\\/avis-de-recherche-one-piece\\\/avis-de-recherche-marco-wanted\\\/#breadcrumb\"},\"inLanguage\":\"da-DK\",\"potentialAction\":[{\"@type\":\"ReadAction\",\"target\":[\"https:\\\/\\\/boutique-one-piece.com\\\/avis-de-recherche-one-piece\\\/avis-de-recherche-marco-wanted\\\/\"]}]},{\"@type\":\"ImageObject\",\"inLanguage\":\"da-DK\",\"@id\":\"https:\\\/\\\/boutique-one-piece.com\\\/avis-de-recherche-one-piece\\\/avis-de-recherche-marco-wanted\\\/#primaryimage\",\"url\":\"https:\\\/\\\/boutique-one-piece.com\\\/wp-content\\\/uploads\\\/2022\\\/09\\\/Avis-De-Recherche-Marco-Wanted-1.jpg\",\"contentUrl\":\"https:\\\/\\\/boutique-one-piece.com\\\/wp-content\\\/uploads\\\/2022\\\/09\\\/Avis-De-Recherche-Marco-Wanted-1.jpg\",\"width\":796,\"height\":797},{\"@type\":\"BreadcrumbList\",\"@id\":\"https:\\\/\\\/boutique-one-piece.com\\\/avis-de-recherche-one-piece\\\/avis-de-recherche-marco-wanted\\\/#breadcrumb\",\"itemListElement\":[{\"@type\":\"ListItem\",\"position\":1,\"name\":\"Home\",\"item\":\"https:\\\/\\\/boutique-one-piece.com\\\/\"},{\"@type\":\"ListItem\",\"position\":2,\"name\":\"Shop\",\"item\":\"https:\\\/\\\/boutique-one-piece.com\\\/shop\\\/\"},{\"@type\":\"ListItem\",\"position\":3,\"name\":\"Avis De Recherche Marco Wanted\"}]},{\"@type\":\"WebSite\",\"@id\":\"https:\\\/\\\/boutique-one-piece.com\\\/#website\",\"url\":\"https:\\\/\\\/boutique-one-piece.com\\\/\",\"name\":\"Boutique One Piece\",\"description\":\"Magasin Sp\u00e9cialis\u00e9 du Manga et l&#039;Anime One Piece\",\"publisher\":{\"@id\":\"https:\\\/\\\/boutique-one-piece.com\\\/#organization\"},\"potentialAction\":[{\"@type\":\"SearchAction\",\"target\":{\"@type\":\"EntryPoint\",\"urlTemplate\":\"https:\\\/\\\/boutique-one-piece.com\\\/?s={search_term_string}\"},\"query-input\":{\"@type\":\"PropertyValueSpecification\",\"valueRequired\":true,\"valueName\":\"search_term_string\"}}],\"inLanguage\":\"da-DK\"},{\"@type\":\"Organization\",\"@id\":\"https:\\\/\\\/boutique-one-piece.com\\\/#organization\",\"name\":\"Boutique One Piece\",\"url\":\"https:\\\/\\\/boutique-one-piece.com\\\/\",\"logo\":{\"@type\":\"ImageObject\",\"inLanguage\":\"da-DK\",\"@id\":\"https:\\\/\\\/boutique-one-piece.com\\\/#\\\/schema\\\/logo\\\/image\\\/\",\"url\":\"https:\\\/\\\/boutique-one-piece.com\\\/wp-content\\\/uploads\\\/2022\\\/09\\\/Logo-01.png\",\"contentUrl\":\"https:\\\/\\\/boutique-one-piece.com\\\/wp-content\\\/uploads\\\/2022\\\/09\\\/Logo-01.png\",\"width\":2318,\"height\":957,\"caption\":\"Boutique One Piece\"},\"image\":{\"@id\":\"https:\\\/\\\/boutique-one-piece.com\\\/#\\\/schema\\\/logo\\\/image\\\/\"}}]}<\/script>\n<!-- \/ Yoast SEO plugin. -->","yoast_head_json":{"title":"Marco \u00f8nskede besked | One Piece dekorationer \u2013 One Piece Shop","description":"Har du et svagt punkt for Whitebeards bes\u00e6tning, is\u00e6r under Slaget ved Marineford? S\u00e5 vent ikke l\u00e6ngere, og giv efter for denne Marco Wanted-plakat. Marco, ogs\u00e5 kendt som &quot;Marco F\u00f8niksen&quot;, er uden tvivl det mest karismatiske medlem af Whitebeards bes\u00e6tning, og han er kommand\u00f8r for","robots":{"index":"index","follow":"follow","max-snippet":"max-snippet:-1","max-image-preview":"max-image-preview:large","max-video-preview":"max-video-preview:-1"},"canonical":"https:\/\/boutique-one-piece.com\/da\/one-piece-efterlysningsplakat\/marco-onskede-plakat\/","og_locale":"da_DK","og_type":"article","og_title":"Avis De Recherche Marco Wanted | D\u00e9coration One Piece \u2013 Boutique One Piece","og_description":"As-tu un faible pour l'\u00e9quipage de Barbe Blanche, notamment lors de la bataille de Marineford ? Alors n'attend plus et laisse-toi tenter par cet Avis de Recherche Marco Wanted. Marco, aussi appel\u00e9 \"Marco le Ph\u00e9nix\" est sans doute le membre le plus charismatique de l'\u00e9quipage de Barbe Blanche et il est le commandant de","og_url":"https:\/\/boutique-one-piece.com\/da\/one-piece-efterlysningsplakat\/marco-onskede-plakat\/","og_site_name":"Boutique One Piece","article_modified_time":"2026-03-29T22:44:12+00:00","og_image":[{"width":796,"height":797,"url":"https:\/\/boutique-one-piece.com\/wp-content\/uploads\/2022\/09\/Avis-De-Recherche-Marco-Wanted-1.jpg","type":"image\/jpeg"}],"twitter_card":"summary_large_image","twitter_misc":{"Estimeret l\u00e6setid":"2 minutter"},"schema":{"@context":"https:\/\/schema.org","@graph":[{"@type":"WebPage","@id":"https:\/\/boutique-one-piece.com\/avis-de-recherche-one-piece\/avis-de-recherche-marco-wanted\/","url":"https:\/\/boutique-one-piece.com\/avis-de-recherche-one-piece\/avis-de-recherche-marco-wanted\/","name":"Marco \u00f8nskede besked | One Piece dekorationer \u2013 One Piece Shop","isPartOf":{"@id":"https:\/\/boutique-one-piece.com\/#website"},"primaryImageOfPage":{"@id":"https:\/\/boutique-one-piece.com\/avis-de-recherche-one-piece\/avis-de-recherche-marco-wanted\/#primaryimage"},"image":{"@id":"https:\/\/boutique-one-piece.com\/avis-de-recherche-one-piece\/avis-de-recherche-marco-wanted\/#primaryimage"},"thumbnailUrl":"https:\/\/boutique-one-piece.com\/wp-content\/uploads\/2022\/09\/Avis-De-Recherche-Marco-Wanted-1.jpg","datePublished":"2022-09-27T21:02:01+00:00","dateModified":"2026-03-29T22:44:12+00:00","description":"Har du et svagt punkt for Whitebeards bes\u00e6tning, is\u00e6r under Slaget ved Marineford? S\u00e5 vent ikke l\u00e6ngere, og giv efter for denne Marco Wanted-plakat. Marco, ogs\u00e5 kendt som &quot;Marco F\u00f8niksen&quot;, er uden tvivl det mest karismatiske medlem af Whitebeards bes\u00e6tning, og han er kommand\u00f8r for","breadcrumb":{"@id":"https:\/\/boutique-one-piece.com\/avis-de-recherche-one-piece\/avis-de-recherche-marco-wanted\/#breadcrumb"},"inLanguage":"da-DK","potentialAction":[{"@type":"ReadAction","target":["https:\/\/boutique-one-piece.com\/avis-de-recherche-one-piece\/avis-de-recherche-marco-wanted\/"]}]},{"@type":"ImageObject","inLanguage":"da-DK","@id":"https:\/\/boutique-one-piece.com\/avis-de-recherche-one-piece\/avis-de-recherche-marco-wanted\/#primaryimage","url":"https:\/\/boutique-one-piece.com\/wp-content\/uploads\/2022\/09\/Avis-De-Recherche-Marco-Wanted-1.jpg","contentUrl":"https:\/\/boutique-one-piece.com\/wp-content\/uploads\/2022\/09\/Avis-De-Recherche-Marco-Wanted-1.jpg","width":796,"height":797},{"@type":"BreadcrumbList","@id":"https:\/\/boutique-one-piece.com\/avis-de-recherche-one-piece\/avis-de-recherche-marco-wanted\/#breadcrumb","itemListElement":[{"@type":"ListItem","position":1,"name":"Home","item":"https:\/\/boutique-one-piece.com\/"},{"@type":"ListItem","position":2,"name":"Shop","item":"https:\/\/boutique-one-piece.com\/shop\/"},{"@type":"ListItem","position":3,"name":"Avis De Recherche Marco Wanted"}]},{"@type":"WebSite","@id":"https:\/\/boutique-one-piece.com\/#website","url":"https:\/\/boutique-one-piece.com\/","name":"One Piece Shop","description":"Specialbutik for One Piece Manga og Anime","publisher":{"@id":"https:\/\/boutique-one-piece.com\/#organization"},"potentialAction":[{"@type":"SearchAction","target":{"@type":"EntryPoint","urlTemplate":"https:\/\/boutique-one-piece.com\/?s={search_term_string}"},"query-input":{"@type":"PropertyValueSpecification","valueRequired":true,"valueName":"search_term_string"}}],"inLanguage":"da-DK"},{"@type":"Organization","@id":"https:\/\/boutique-one-piece.com\/#organization","name":"One Piece Shop","url":"https:\/\/boutique-one-piece.com\/","logo":{"@type":"ImageObject","inLanguage":"da-DK","@id":"https:\/\/boutique-one-piece.com\/#\/schema\/logo\/image\/","url":"https:\/\/boutique-one-piece.com\/wp-content\/uploads\/2022\/09\/Logo-01.png","contentUrl":"https:\/\/boutique-one-piece.com\/wp-content\/uploads\/2022\/09\/Logo-01.png","width":2318,"height":957,"caption":"Boutique One Piece"},"image":{"@id":"https:\/\/boutique-one-piece.com\/#\/schema\/logo\/image\/"}}]}},"_links":{"self":[{"href":"https:\/\/boutique-one-piece.com\/da\/wp-json\/wp\/v2\/product\/13282","targetHints":{"allow":["GET"]}}],"collection":[{"href":"https:\/\/boutique-one-piece.com\/da\/wp-json\/wp\/v2\/product"}],"about":[{"href":"https:\/\/boutique-one-piece.com\/da\/wp-json\/wp\/v2\/types\/product"}],"replies":[{"embeddable":true,"href":"https:\/\/boutique-one-piece.com\/da\/wp-json\/wp\/v2\/comments?post=13282"}],"wp:featuredmedia":[{"embeddable":true,"href":"https:\/\/boutique-one-piece.com\/da\/wp-json\/wp\/v2\/media\/13284"}],"wp:attachment":[{"href":"https:\/\/boutique-one-piece.com\/da\/wp-json\/wp\/v2\/media?parent=13282"}],"wp:term":[{"taxonomy":"product_brand","embeddable":true,"href":"https:\/\/boutique-one-piece.com\/da\/wp-json\/wp\/v2\/product_brand?post=13282"},{"taxonomy":"product_cat","embeddable":true,"href":"https:\/\/boutique-one-piece.com\/da\/wp-json\/wp\/v2\/product_cat?post=13282"},{"taxonomy":"product_tag","embeddable":true,"href":"https:\/\/boutique-one-piece.com\/da\/wp-json\/wp\/v2\/product_tag?post=13282"}],"curies":[{"name":"wp","href":"https:\/\/api.w.org\/{rel}","templated":true}]}}