{"id":13428,"date":"2022-09-27T21:03:01","date_gmt":"2022-09-27T21:03:01","guid":{"rendered":"https:\/\/boutique-one-piece.com\/uncategorized\/avis-de-recherche-one-piece-god-usopp-wanted\/"},"modified":"2026-03-23T00:35:10","modified_gmt":"2026-03-23T00:35:10","slug":"onskede-varsel-one-piece-gud-usopp-onskede","status":"publish","type":"product","link":"https:\/\/boutique-one-piece.com\/da\/one-piece-dekorationer\/onskede-varsel-one-piece-gud-usopp-onskede\/","title":{"rendered":"Gud Usopp \u00f8nskede"},"content":{"rendered":"<h2>Hvis du foretr\u00e6kker skarpskytter blandt pirater frem for ren styrke, s\u00e5 er denne God Usopp Wanted-plakat noget for dig.<\/h2>\n<p>Usopp er en pirat, som er<strong> snigskytte<\/strong> af Straw Hat-bes\u00e6tningen. Hans navn kommer fra &quot;l\u00f8gn&quot; p\u00e5 japansk, fordi han, da han var lille, elskede at fort\u00e6lle l\u00f8gne til sin mor og landsbyboerne for at fort\u00e6lle om sine eventyr, hvilket gl\u00e6dede hans mor, men irriterede landsbyboerne.<\/p>\n<p>Hans dr\u00f8m er at blive en stor pirat, og ogs\u00e5 at tage til en \u00f8, der kun er beboet af k\u00e6mper. Han affyrer projektiler med en <strong>katapult<\/strong>, som efter ellipsen er st\u00f8rre for at have en st\u00f8rre r\u00e6kkevidde.<\/p>\n<h3>Vis hvor meget du v\u00e6rds\u00e6tter Usopp med denne episke efterlysningsplakat.<\/h3>\n<p>Her taler vi om Gud Ussop, det vil sige Ussop i en meget specifik kontekst. <strong>Dressrosa<\/strong>, Efter han l\u00f8j for Tontattaerne, besluttede de at g\u00f8re Usopp til deres helt ved at kalde ham <strong>Ussoland<\/strong> og forveksler ham med en gud. Efterf\u00f8lgende vil Tontattaerne g\u00f8re opr\u00f8r og for\u00e5rsage store problemer for Doflamingo, som vil organisere en menneskejagt med guden Usopp, der har den h\u00f8jeste dus\u00f8r p\u00e5 sit hoved.<\/p>\n<p>Guden Usopp har en dus\u00f8r p\u00e5 200 millioner b\u00e6r.<\/p>\n<p>Hvad synes du om at opbygge en samling med bonusserne? I s\u00e5 fald skal du absolut have dette. <a href=\"https:\/\/boutique-one-piece.com\/da\/one-piece-plakat-nami-efterlyses\/\" target=\"_blank\" title=\"Nami \u00f8nskede besked\" rel=\"noopener noreferrer\">Nami \u00f8nskede plakat<\/a>.<\/p>\n<p>\u00a0<\/p>\n<h2>Information om One Piece Wanted Usopp-plakaten<\/h2>\n<ul>\n<li><span><b><u>One Piece Wanted-plakat<\/u><\/b>\u00a0En \u00e6gte One Piece-efterlysningsplakat til \u00e6gte pirater<\/span><\/li>\n<\/ul>\n<ul>\n<li>\n<b><u>Gud Usopps premierminister<\/u><\/b>\u00a0200.000.000 b\u00e6r<\/li>\n<\/ul>\n<ul>\n<li><span><strong>Udskrivning i h\u00f8j kvalitet<\/strong>\u00a0pr\u00e6cise farver<\/span><\/li>\n<\/ul>\n<ul>\n<li>\n<strong>Dimension<\/strong>\u00a0: 51 cm x 36 cm<\/li>\n<\/ul>\n<ul>\n<li><span><strong>GRATIS LEVERING<\/strong><\/span><\/li>\n<\/ul>\n<div id=\"gtx-trans\" style=\"position: absolute; left: 184px; top: 177.5px;\">\n<div class=\"gtx-trans-icon\"><\/div>\n<\/div>","protected":false},"excerpt":{"rendered":"<p>Si tu pr\u00e9f\u00e8res les tireurs d&rsquo;\u00e9lite parmi les pirates que la force pure, cet Avis de Recherche God Usopp est fait pour toi. Usopp est un pirate qui est le tireur d&rsquo;\u00e9lite de l&rsquo;\u00e9quipage des Mugiwaras. Son pr\u00e9nom vient de \u00ab\u00a0mensonge\u00a0\u00bb en japonais puisque quand il \u00e9tait petit, il adorait racontait des mensonges \u00e0 sa [&hellip;]<\/p>","protected":false},"featured_media":13430,"comment_status":"open","ping_status":"open","template":"","meta":[],"product_brand":[],"product_cat":[171,150],"product_tag":[],"class_list":{"0":"post-13428","1":"product","2":"type-product","3":"status-publish","4":"has-post-thumbnail","6":"product_cat-avis-de-recherche-one-piece","7":"product_cat-decorations-one-piece","9":"first","10":"instock","11":"purchasable","12":"product-type-simple"},"yoast_head":"<!-- This site is optimized with the Yoast SEO plugin v27.5 - https:\/\/yoast.com\/product\/yoast-seo-wordpress\/ -->\n<title>Avis de Recherche One Piece God Usopp Wanted | D\u00e9coration One Piece \u2013 Boutique One Piece<\/title>\n<meta name=\"description\" content=\"Si tu pr\u00e9f\u00e8res les tireurs d&#039;\u00e9lite parmi les pirates que la force pure, cet Avis de Recherche God Usopp est fait pour toi. Usopp est un pirate qui est le tireur d&#039;\u00e9lite de l&#039;\u00e9quipage des Mugiwaras. Son pr\u00e9nom vient de &quot;mensonge&quot; en japonais puisque quand il \u00e9tait petit, il adorait racontait des mensonges \u00e0 sa m\u00e8re et a\" \/>\n<meta name=\"robots\" content=\"index, follow, max-snippet:-1, max-image-preview:large, max-video-preview:-1\" \/>\n<link rel=\"canonical\" href=\"https:\/\/boutique-one-piece.com\/da\/one-piece-efterlysningsplakat\/onskede-varsel-one-piece-gud-usopp-onskede\/\" \/>\n<meta property=\"og:locale\" content=\"da_DK\" \/>\n<meta property=\"og:type\" content=\"article\" \/>\n<meta property=\"og:title\" content=\"Avis de Recherche One Piece God Usopp Wanted | D\u00e9coration One Piece \u2013 Boutique One Piece\" \/>\n<meta property=\"og:description\" content=\"Si tu pr\u00e9f\u00e8res les tireurs d&#039;\u00e9lite parmi les pirates que la force pure, cet Avis de Recherche God Usopp est fait pour toi. Usopp est un pirate qui est le tireur d&#039;\u00e9lite de l&#039;\u00e9quipage des Mugiwaras. Son pr\u00e9nom vient de &quot;mensonge&quot; en japonais puisque quand il \u00e9tait petit, il adorait racontait des mensonges \u00e0 sa m\u00e8re et a\" \/>\n<meta property=\"og:url\" content=\"https:\/\/boutique-one-piece.com\/da\/one-piece-efterlysningsplakat\/onskede-varsel-one-piece-gud-usopp-onskede\/\" \/>\n<meta property=\"og:site_name\" content=\"Boutique One Piece\" \/>\n<meta property=\"article:modified_time\" content=\"2026-03-23T00:35:10+00:00\" \/>\n<meta property=\"og:image\" content=\"https:\/\/boutique-one-piece.com\/wp-content\/uploads\/2022\/09\/Avis-de-Recherche-God-Usopp-Wanted-1.jpg\" \/>\n\t<meta property=\"og:image:width\" content=\"800\" \/>\n\t<meta property=\"og:image:height\" content=\"800\" \/>\n\t<meta property=\"og:image:type\" content=\"image\/jpeg\" \/>\n<meta name=\"twitter:card\" content=\"summary_large_image\" \/>\n<meta name=\"twitter:label1\" content=\"Estimeret l\u00e6setid\" \/>\n\t<meta name=\"twitter:data1\" content=\"1 minut\" \/>\n<script type=\"application\/ld+json\" class=\"yoast-schema-graph\">{\"@context\":\"https:\\\/\\\/schema.org\",\"@graph\":[{\"@type\":\"WebPage\",\"@id\":\"https:\\\/\\\/boutique-one-piece.com\\\/avis-de-recherche-one-piece\\\/avis-de-recherche-one-piece-god-usopp-wanted\\\/\",\"url\":\"https:\\\/\\\/boutique-one-piece.com\\\/avis-de-recherche-one-piece\\\/avis-de-recherche-one-piece-god-usopp-wanted\\\/\",\"name\":\"Avis de Recherche One Piece God Usopp Wanted | D\u00e9coration One Piece \u2013 Boutique One Piece\",\"isPartOf\":{\"@id\":\"https:\\\/\\\/boutique-one-piece.com\\\/#website\"},\"primaryImageOfPage\":{\"@id\":\"https:\\\/\\\/boutique-one-piece.com\\\/avis-de-recherche-one-piece\\\/avis-de-recherche-one-piece-god-usopp-wanted\\\/#primaryimage\"},\"image\":{\"@id\":\"https:\\\/\\\/boutique-one-piece.com\\\/avis-de-recherche-one-piece\\\/avis-de-recherche-one-piece-god-usopp-wanted\\\/#primaryimage\"},\"thumbnailUrl\":\"https:\\\/\\\/boutique-one-piece.com\\\/wp-content\\\/uploads\\\/2022\\\/09\\\/Avis-de-Recherche-God-Usopp-Wanted-1.jpg\",\"datePublished\":\"2022-09-27T21:03:01+00:00\",\"dateModified\":\"2026-03-23T00:35:10+00:00\",\"description\":\"Si tu pr\u00e9f\u00e8res les tireurs d'\u00e9lite parmi les pirates que la force pure, cet Avis de Recherche God Usopp est fait pour toi. Usopp est un pirate qui est le tireur d'\u00e9lite de l'\u00e9quipage des Mugiwaras. Son pr\u00e9nom vient de \\\"mensonge\\\" en japonais puisque quand il \u00e9tait petit, il adorait racontait des mensonges \u00e0 sa m\u00e8re et a\",\"breadcrumb\":{\"@id\":\"https:\\\/\\\/boutique-one-piece.com\\\/avis-de-recherche-one-piece\\\/avis-de-recherche-one-piece-god-usopp-wanted\\\/#breadcrumb\"},\"inLanguage\":\"da-DK\",\"potentialAction\":[{\"@type\":\"ReadAction\",\"target\":[\"https:\\\/\\\/boutique-one-piece.com\\\/avis-de-recherche-one-piece\\\/avis-de-recherche-one-piece-god-usopp-wanted\\\/\"]}]},{\"@type\":\"ImageObject\",\"inLanguage\":\"da-DK\",\"@id\":\"https:\\\/\\\/boutique-one-piece.com\\\/avis-de-recherche-one-piece\\\/avis-de-recherche-one-piece-god-usopp-wanted\\\/#primaryimage\",\"url\":\"https:\\\/\\\/boutique-one-piece.com\\\/wp-content\\\/uploads\\\/2022\\\/09\\\/Avis-de-Recherche-God-Usopp-Wanted-1.jpg\",\"contentUrl\":\"https:\\\/\\\/boutique-one-piece.com\\\/wp-content\\\/uploads\\\/2022\\\/09\\\/Avis-de-Recherche-God-Usopp-Wanted-1.jpg\",\"width\":800,\"height\":800},{\"@type\":\"BreadcrumbList\",\"@id\":\"https:\\\/\\\/boutique-one-piece.com\\\/avis-de-recherche-one-piece\\\/avis-de-recherche-one-piece-god-usopp-wanted\\\/#breadcrumb\",\"itemListElement\":[{\"@type\":\"ListItem\",\"position\":1,\"name\":\"Home\",\"item\":\"https:\\\/\\\/boutique-one-piece.com\\\/\"},{\"@type\":\"ListItem\",\"position\":2,\"name\":\"Shop\",\"item\":\"https:\\\/\\\/boutique-one-piece.com\\\/shop\\\/\"},{\"@type\":\"ListItem\",\"position\":3,\"name\":\"Avis de Recherche God Usopp Wanted\"}]},{\"@type\":\"WebSite\",\"@id\":\"https:\\\/\\\/boutique-one-piece.com\\\/#website\",\"url\":\"https:\\\/\\\/boutique-one-piece.com\\\/\",\"name\":\"Boutique One Piece\",\"description\":\"Magasin Sp\u00e9cialis\u00e9 du Manga et l&#039;Anime One Piece\",\"publisher\":{\"@id\":\"https:\\\/\\\/boutique-one-piece.com\\\/#organization\"},\"potentialAction\":[{\"@type\":\"SearchAction\",\"target\":{\"@type\":\"EntryPoint\",\"urlTemplate\":\"https:\\\/\\\/boutique-one-piece.com\\\/?s={search_term_string}\"},\"query-input\":{\"@type\":\"PropertyValueSpecification\",\"valueRequired\":true,\"valueName\":\"search_term_string\"}}],\"inLanguage\":\"da-DK\"},{\"@type\":\"Organization\",\"@id\":\"https:\\\/\\\/boutique-one-piece.com\\\/#organization\",\"name\":\"Boutique One Piece\",\"url\":\"https:\\\/\\\/boutique-one-piece.com\\\/\",\"logo\":{\"@type\":\"ImageObject\",\"inLanguage\":\"da-DK\",\"@id\":\"https:\\\/\\\/boutique-one-piece.com\\\/#\\\/schema\\\/logo\\\/image\\\/\",\"url\":\"https:\\\/\\\/boutique-one-piece.com\\\/wp-content\\\/uploads\\\/2022\\\/09\\\/Logo-01.png\",\"contentUrl\":\"https:\\\/\\\/boutique-one-piece.com\\\/wp-content\\\/uploads\\\/2022\\\/09\\\/Logo-01.png\",\"width\":2318,\"height\":957,\"caption\":\"Boutique One Piece\"},\"image\":{\"@id\":\"https:\\\/\\\/boutique-one-piece.com\\\/#\\\/schema\\\/logo\\\/image\\\/\"}}]}<\/script>\n<!-- \/ Yoast SEO plugin. -->","yoast_head_json":{"title":"One Piece Gud Usopp Wanted Plakat | One Piece Dekorationer \u2013 One Piece Shop","description":"Hvis du foretr\u00e6kker skarpskytter blandt pirater frem for r\u00e5 magt, s\u00e5 er denne &quot;Gud Usopp Wanted&quot;-plakat noget for dig. Usopp er pirat og str\u00e5hatpiraternes skarpskytte. Hans navn kommer fra det japanske ord for &quot;l\u00f8gn&quot;, fordi han elskede at fort\u00e6lle l\u00f8gne til sin mor, da han var lille, og...","robots":{"index":"index","follow":"follow","max-snippet":"max-snippet:-1","max-image-preview":"max-image-preview:large","max-video-preview":"max-video-preview:-1"},"canonical":"https:\/\/boutique-one-piece.com\/da\/one-piece-efterlysningsplakat\/onskede-varsel-one-piece-gud-usopp-onskede\/","og_locale":"da_DK","og_type":"article","og_title":"Avis de Recherche One Piece God Usopp Wanted | D\u00e9coration One Piece \u2013 Boutique One Piece","og_description":"Si tu pr\u00e9f\u00e8res les tireurs d'\u00e9lite parmi les pirates que la force pure, cet Avis de Recherche God Usopp est fait pour toi. Usopp est un pirate qui est le tireur d'\u00e9lite de l'\u00e9quipage des Mugiwaras. Son pr\u00e9nom vient de \"mensonge\" en japonais puisque quand il \u00e9tait petit, il adorait racontait des mensonges \u00e0 sa m\u00e8re et a","og_url":"https:\/\/boutique-one-piece.com\/da\/one-piece-efterlysningsplakat\/onskede-varsel-one-piece-gud-usopp-onskede\/","og_site_name":"Boutique One Piece","article_modified_time":"2026-03-23T00:35:10+00:00","og_image":[{"width":800,"height":800,"url":"https:\/\/boutique-one-piece.com\/wp-content\/uploads\/2022\/09\/Avis-de-Recherche-God-Usopp-Wanted-1.jpg","type":"image\/jpeg"}],"twitter_card":"summary_large_image","twitter_misc":{"Estimeret l\u00e6setid":"1 minut"},"schema":{"@context":"https:\/\/schema.org","@graph":[{"@type":"WebPage","@id":"https:\/\/boutique-one-piece.com\/avis-de-recherche-one-piece\/avis-de-recherche-one-piece-god-usopp-wanted\/","url":"https:\/\/boutique-one-piece.com\/avis-de-recherche-one-piece\/avis-de-recherche-one-piece-god-usopp-wanted\/","name":"One Piece Gud Usopp Wanted Plakat | One Piece Dekorationer \u2013 One Piece Shop","isPartOf":{"@id":"https:\/\/boutique-one-piece.com\/#website"},"primaryImageOfPage":{"@id":"https:\/\/boutique-one-piece.com\/avis-de-recherche-one-piece\/avis-de-recherche-one-piece-god-usopp-wanted\/#primaryimage"},"image":{"@id":"https:\/\/boutique-one-piece.com\/avis-de-recherche-one-piece\/avis-de-recherche-one-piece-god-usopp-wanted\/#primaryimage"},"thumbnailUrl":"https:\/\/boutique-one-piece.com\/wp-content\/uploads\/2022\/09\/Avis-de-Recherche-God-Usopp-Wanted-1.jpg","datePublished":"2022-09-27T21:03:01+00:00","dateModified":"2026-03-23T00:35:10+00:00","description":"Hvis du foretr\u00e6kker skarpskytter blandt pirater frem for r\u00e5 magt, s\u00e5 er denne &quot;Gud Usopp Wanted&quot;-plakat noget for dig. Usopp er pirat og str\u00e5hatpiraternes skarpskytte. Hans navn kommer fra det japanske ord for &quot;l\u00f8gn&quot;, fordi han elskede at fort\u00e6lle l\u00f8gne til sin mor, da han var lille, og...","breadcrumb":{"@id":"https:\/\/boutique-one-piece.com\/avis-de-recherche-one-piece\/avis-de-recherche-one-piece-god-usopp-wanted\/#breadcrumb"},"inLanguage":"da-DK","potentialAction":[{"@type":"ReadAction","target":["https:\/\/boutique-one-piece.com\/avis-de-recherche-one-piece\/avis-de-recherche-one-piece-god-usopp-wanted\/"]}]},{"@type":"ImageObject","inLanguage":"da-DK","@id":"https:\/\/boutique-one-piece.com\/avis-de-recherche-one-piece\/avis-de-recherche-one-piece-god-usopp-wanted\/#primaryimage","url":"https:\/\/boutique-one-piece.com\/wp-content\/uploads\/2022\/09\/Avis-de-Recherche-God-Usopp-Wanted-1.jpg","contentUrl":"https:\/\/boutique-one-piece.com\/wp-content\/uploads\/2022\/09\/Avis-de-Recherche-God-Usopp-Wanted-1.jpg","width":800,"height":800},{"@type":"BreadcrumbList","@id":"https:\/\/boutique-one-piece.com\/avis-de-recherche-one-piece\/avis-de-recherche-one-piece-god-usopp-wanted\/#breadcrumb","itemListElement":[{"@type":"ListItem","position":1,"name":"Home","item":"https:\/\/boutique-one-piece.com\/"},{"@type":"ListItem","position":2,"name":"Shop","item":"https:\/\/boutique-one-piece.com\/shop\/"},{"@type":"ListItem","position":3,"name":"Avis de Recherche God Usopp Wanted"}]},{"@type":"WebSite","@id":"https:\/\/boutique-one-piece.com\/#website","url":"https:\/\/boutique-one-piece.com\/","name":"One Piece Shop","description":"Specialbutik for One Piece Manga og Anime","publisher":{"@id":"https:\/\/boutique-one-piece.com\/#organization"},"potentialAction":[{"@type":"SearchAction","target":{"@type":"EntryPoint","urlTemplate":"https:\/\/boutique-one-piece.com\/?s={search_term_string}"},"query-input":{"@type":"PropertyValueSpecification","valueRequired":true,"valueName":"search_term_string"}}],"inLanguage":"da-DK"},{"@type":"Organization","@id":"https:\/\/boutique-one-piece.com\/#organization","name":"One Piece Shop","url":"https:\/\/boutique-one-piece.com\/","logo":{"@type":"ImageObject","inLanguage":"da-DK","@id":"https:\/\/boutique-one-piece.com\/#\/schema\/logo\/image\/","url":"https:\/\/boutique-one-piece.com\/wp-content\/uploads\/2022\/09\/Logo-01.png","contentUrl":"https:\/\/boutique-one-piece.com\/wp-content\/uploads\/2022\/09\/Logo-01.png","width":2318,"height":957,"caption":"Boutique One Piece"},"image":{"@id":"https:\/\/boutique-one-piece.com\/#\/schema\/logo\/image\/"}}]}},"_links":{"self":[{"href":"https:\/\/boutique-one-piece.com\/da\/wp-json\/wp\/v2\/product\/13428","targetHints":{"allow":["GET"]}}],"collection":[{"href":"https:\/\/boutique-one-piece.com\/da\/wp-json\/wp\/v2\/product"}],"about":[{"href":"https:\/\/boutique-one-piece.com\/da\/wp-json\/wp\/v2\/types\/product"}],"replies":[{"embeddable":true,"href":"https:\/\/boutique-one-piece.com\/da\/wp-json\/wp\/v2\/comments?post=13428"}],"wp:featuredmedia":[{"embeddable":true,"href":"https:\/\/boutique-one-piece.com\/da\/wp-json\/wp\/v2\/media\/13430"}],"wp:attachment":[{"href":"https:\/\/boutique-one-piece.com\/da\/wp-json\/wp\/v2\/media?parent=13428"}],"wp:term":[{"taxonomy":"product_brand","embeddable":true,"href":"https:\/\/boutique-one-piece.com\/da\/wp-json\/wp\/v2\/product_brand?post=13428"},{"taxonomy":"product_cat","embeddable":true,"href":"https:\/\/boutique-one-piece.com\/da\/wp-json\/wp\/v2\/product_cat?post=13428"},{"taxonomy":"product_tag","embeddable":true,"href":"https:\/\/boutique-one-piece.com\/da\/wp-json\/wp\/v2\/product_tag?post=13428"}],"curies":[{"name":"wp","href":"https:\/\/api.w.org\/{rel}","templated":true}]}}