{"id":13530,"date":"2022-09-27T21:20:53","date_gmt":"2022-09-27T21:20:53","guid":{"rendered":"https:\/\/boutique-one-piece.com\/uncategorized\/tableau-one-piece-luffy-gangster\/"},"modified":"2024-09-18T03:11:57","modified_gmt":"2024-09-18T03:11:57","slug":"et-stykke-maleri-luffy-gangster","status":"publish","type":"product","link":"https:\/\/boutique-one-piece.com\/da\/one-piece-godter\/roronoa-zoro-laekkerier-i-et-stykke\/et-stykke-maleri-luffy-gangster\/","title":{"rendered":"One Piece Luffy Gangster Maleri"},"content":{"rendered":"<h2>One Piece 5-panels l\u00e6rredstryk med str\u00e5hat-crewet som mafiosi. Et kvalitetsl\u00e6rredstryk til en pirat som dig!<\/h2>\n<p>Hvis du er en\u00a0<strong>rigtig pirat<\/strong>, Du vil s\u00e6tte pris p\u00e5\u00a0<strong>kvalitet<\/strong>\u00a0l\u00e6rred, maling og en ramme til deres\u00a0<strong>design\u00a0<\/strong>Og\u00a0<strong>3D-l\u00e6rredsprint<\/strong>\u00a0af dette\u00a0<strong>One Piece 5-panel maleri<\/strong>\u00a0Men vigtigst af alt, med dette diagram vil du v\u00e6re en del af\u00a0<strong>fanholdet<\/strong>\u00a0af\u00a0<strong>piratmanga<\/strong>\u00a0og du vil f\u00e5:<\/p>\n<ul>\n<li>\u00a0<strong>Beundring<\/strong>\u00a0af alle fans af\u00a0<strong>mugiwara<\/strong>\u00a0som du vil invitere hjem til dig<\/li>\n<\/ul>\n<ul>\n<li>En \u00e6gte\u00a0<strong>5-delt trykt diagram<\/strong>\u00a0med hvilket du kan<strong>\u00a0at forestille sig <\/strong>i <strong>mafiaen<\/strong>\u00a0med\u00a0<strong>Straw Hat-holdet<\/strong>\n<\/li>\n<\/ul>\n<p>S\u00e5, klar til at vise frem\u00a0<strong>farver <\/strong>af<strong><\/strong>s<b>\u00a0Mugiwaras<\/b>\u00a0?<\/p>\n<h2>Er du fan af One Piece manga eller anime? Vis det frem med dette 5-delte One Piece l\u00e6rredstryk!<\/h2>\n<p>Hvis du\u00a0<strong>l\u00e6se<\/strong>\u00a0eller hvor end du kigger hen\u00a0<strong>animeen\u00a0<\/strong><strong>Japansk<\/strong>, Der er en god chance for, at du er blevet\u00a0<strong>vild med One Piece<\/strong>\u00a0Med dette!\u00a0<strong>5-panels maleri Luffy Gangster<\/strong>, slutte sig til\u2019<strong>en gruppe fans af franchisen<\/strong><\/p>\n<p>Denne\u00a0<strong>maleri<\/strong>\u00a0er tilg\u00e6ngelig med en\u00a0<strong>tr\u00e6ramme<\/strong>\u00a0varianten &quot;\u00ab\u00a0<strong>Med ramme<\/strong>\u00ab&quot;Det er ogs\u00e5 muligt kun at have\u00a0<strong>kl\u00e6de<\/strong>\u00a0med varianten &quot;\u00ab\u00a0<strong>Rammel\u00f8s<\/strong>\u00ab&quot;Du finder bordet i st\u00f8rrelserne\u00a0<strong>Lidt<\/strong>,<strong>\u00a0GENNEMSNIT<\/strong>,<strong>\u00a0Stor<\/strong>,<strong>\u00a0XL<\/strong>, Det passer til alle typer pirater, selvom du ikke har\u00a0<strong>sv\u00e6rd<\/strong>\u00a0eller\u00a0<strong>dj\u00e6velfrugt<\/strong>\u00a0du kan stadig stolt h\u00e6nge den op derhjemme<\/p>\n<p>P\u00e5 dette <strong>femdelt maleri<\/strong>, du kan se <strong>Luffy<\/strong>, <strong>Zoro<\/strong>, <strong>Nami<\/strong>, <strong>Sanji<\/strong>, <strong>Robin<\/strong>, <strong>Chopper<\/strong>, <strong>Franky<\/strong>, <strong>Brook<\/strong> Og <strong>Usopp<\/strong> som er kl\u00e6dt i <strong>Mafiosi<\/strong> og bev\u00e6bnet til t\u00e6nderne.<\/p>\n<h2>Information om maleriet:<\/h2>\n<ul>\n<li>\n<strong>Trykt l\u00e6rred i h\u00f8j kvalitet\u00a0<\/strong>v\u00e6gl\u00e6rred lavet af <strong>bomuld<\/strong> og <strong>linned<\/strong>, for at opn\u00e5 en <strong>kl\u00e6de<\/strong> v\u00e6rdig til navnet<\/li>\n<\/ul>\n<ul>\n<li>\n<strong>Ultra Design Maleri<\/strong>\u00a0Den femdelte tabel giver meget <strong>stil<\/strong> til en <strong>stykke<\/strong>, Fans kan ikke lade v\u00e6re med at elske det<\/li>\n<\/ul>\n<ul style=\"font-weight: 400\">\n<li>\n<strong>Farve og trykning\u00a0<\/strong>One Piece-maleri med et tryk <strong>Canva<\/strong> standarden inden for l\u00e6rredstryk<\/li>\n<\/ul>\n<ul style=\"font-weight: 400\">\n<li>\n<strong>Letv\u00e6gts v\u00e6gkunst<\/strong>\u00a0Fantastisk beliggenhed <strong>lys,<\/strong> alt det kr\u00e6ver er \u00e9n <strong>s\u00f8m<\/strong> eller af <strong>fast ben<\/strong> for den <strong>opretholde<\/strong> P\u00e5 <strong>v\u00e6g<\/strong>\n<\/li>\n<\/ul>\n<ul style=\"font-weight: 400\">\n<li>\n<strong>Tr\u00e6ramme<\/strong>\u00a0: varianten &quot;\u00ab\u00a0<strong>Med ramme<\/strong>\u00a0\u00bb er ledsaget af en <strong>tr\u00e6ramme<\/strong> og versionen&quot;\u00ab\u00a0<strong>Rammel\u00f8s<\/strong>\u00a0\u00bb er leveret <strong>uden tr\u00e6rammen<\/strong>\n<\/li>\n<\/ul>\n<ul style=\"font-weight: 400\">\n<li>\n<strong>Gratis levering\u00a0<\/strong>for ethvert k\u00f8b<strong>\u00a0<\/strong>\n<\/li>\n<\/ul>\n<h3>Glem ikke at tage et kig p\u00e5 st\u00f8rrelsesguiden nedenfor.<\/h3>\n<h2>\n<strong style=\"font-size: 15px\">One Piece 5-delt maleri<\/strong><span style=\"font-size: 15px\">,<\/span><strong style=\"font-size: 15px\"> <\/strong><span style=\"font-size: 15px\">St\u00f8rrelse<\/span><strong style=\"font-size: 15px\"> <\/strong><span style=\"font-size: 15px\">: <\/span><strong style=\"font-size: 15px\">Lidt<\/strong><br \/>\n<\/h2>\n<p>\u00a0<img decoding=\"async\" src=\"https:\/\/cdn.shopify.com\/s\/files\/1\/0087\/7556\/5348\/files\/guide_taille_tableau_one_piece_petit_boutique_one_piece_large.jpg?v=1560247451\" alt=\"St\u00f8rrelsesguide til 5-delt t\u00f8j (lille)\"><\/p>\n<p><strong>One Piece 5-delt maleri<\/strong>, St\u00f8rrelse<strong> <\/strong>:<strong> GENNEMSNIT<\/strong><\/p>\n<p>\u00a0<img decoding=\"async\" src=\"https:\/\/cdn.shopify.com\/s\/files\/1\/0087\/7556\/5348\/files\/guide_taille_tableau_one_piece_moyen_boutique_one_piece_large.jpg?v=1560247519\" alt=\"St\u00f8rrelsesguide \u00e9t stykke 5 stykker Medium\"><\/p>\n<p><strong>One Piece 5-delt maleri<\/strong>, St\u00f8rrelse<strong> <\/strong>: <strong>Stor<\/strong><\/p>\n<p>\u00a0<img decoding=\"async\" src=\"https:\/\/cdn.shopify.com\/s\/files\/1\/0087\/7556\/5348\/files\/guide_taille_tableau_one_piece_grand_boutique_one_piece_large.jpg?v=1560247582\" alt=\"St\u00f8rrelsesguide til 5-delt One Piece (stor)\"><\/p>\n<p><strong>One Piece 5-delt maleri<\/strong>, St\u00f8rrelse: <strong>XL<\/strong><\/p>\n<p><img decoding=\"async\" src=\"https:\/\/cdn.shopify.com\/s\/files\/1\/0087\/7556\/5348\/files\/guide_taille_tableau_one_piece_xl_boutique_one_piece_large.jpg?v=1560247610\" alt=\"One Piece 5-delt XL st\u00f8rrelsesguide\"><\/p>","protected":false},"excerpt":{"rendered":"<p>Tableau One Piece 5 Panneaux avec L&rsquo;\u00c9quipage du Chapeau de Paille en Mafieux, Un Tableau de qualit\u00e9 pour un pirate comme\u00a0toi\u00a0! Si tu es un\u00a0v\u00e9ritable pirate, tu sauras appr\u00e9cier la\u00a0qualit\u00e9\u00a0de la toile, de la peinture et du cadre\u00a0pour leurs\u00a0conceptions\u00a0et\u00a0l&rsquo;impression 3D Canvas\u00a0de ce\u00a0tableau 5 panneaux\u00a0One Piece\u00a0!\u00a0Mais le plus important, avec ce\u00a0tableau\u00a0c\u0092est que tu\u00a0feras partie de\u00a0l&rsquo;\u00e9quipage\u00a0des fans\u00a0du\u00a0manga [&hellip;]<\/p>","protected":false},"featured_media":18200,"comment_status":"open","ping_status":"open","template":"","meta":[],"product_brand":[],"product_cat":[157,153,198,151,163,155,164,141],"product_tag":[158,165,129,92,154,205,112,142,143,144,113],"class_list":{"0":"post-13530","1":"product","2":"type-product","3":"status-publish","4":"has-post-thumbnail","6":"product_cat-goodies-brook-one-piece","7":"product_cat-goodies-nami-one-piece","8":"product_cat-goodies-nico-robin-one-piece","9":"product_cat-goodies-roronoa-zoro-one-piece","10":"product_cat-goodies-tony-tony-chopper-one-piece","11":"product_cat-goodies-usopp-one-piece","12":"product_cat-goodies-vinsmoke-sanji-one-piece","13":"product_cat-tableaux-one-piece","14":"product_tag-brook","15":"product_tag-chopper","16":"product_tag-franky","17":"product_tag-luffy","18":"product_tag-nami","19":"product_tag-robin","20":"product_tag-sanji","21":"product_tag-tableau-5-pieces","22":"product_tag-toile","23":"product_tag-usopp","24":"product_tag-zoro","26":"first","27":"instock","28":"purchasable","29":"product-type-variable"},"yoast_head":"<!-- This site is optimized with the Yoast SEO plugin v27.5 - https:\/\/yoast.com\/product\/yoast-seo-wordpress\/ -->\n<title>Tableau Cinq Pi\u00e8ces Luffy Gangster | Boutique One Piece<\/title>\n<meta name=\"description\" content=\"Tableau 5 Pi\u00e8ces One Piece avec Les Mugiwara Mode Gangster, Arm\u00e9s jusqu&#039;aux Dents Tr\u00e8s Haute Qualit\u00e9 Fan du Manga de Pirates ce Tableau 5 Panneaux est Pour Vous\" \/>\n<meta name=\"robots\" content=\"index, follow, max-snippet:-1, max-image-preview:large, max-video-preview:-1\" \/>\n<link rel=\"canonical\" href=\"https:\/\/boutique-one-piece.com\/da\/one-piece-godter\/nico-robin-one-piece-merchandise\/et-stykke-maleri-luffy-gangster\/\" \/>\n<meta property=\"og:locale\" content=\"da_DK\" \/>\n<meta property=\"og:type\" content=\"article\" \/>\n<meta property=\"og:title\" content=\"Tableau Cinq Pi\u00e8ces Luffy Gangster | Boutique One Piece\" \/>\n<meta property=\"og:description\" content=\"Tableau 5 Pi\u00e8ces One Piece avec Les Mugiwara Mode Gangster, Arm\u00e9s jusqu&#039;aux Dents Tr\u00e8s Haute Qualit\u00e9 Fan du Manga de Pirates ce Tableau 5 Panneaux est Pour Vous\" \/>\n<meta property=\"og:url\" content=\"https:\/\/boutique-one-piece.com\/da\/one-piece-godter\/nico-robin-one-piece-merchandise\/et-stykke-maleri-luffy-gangster\/\" \/>\n<meta property=\"og:site_name\" content=\"Boutique One Piece\" \/>\n<meta property=\"article:modified_time\" content=\"2024-09-18T03:11:57+00:00\" \/>\n<meta property=\"og:image\" content=\"https:\/\/boutique-one-piece.com\/wp-content\/uploads\/2022\/09\/tableau-one-piece-luffy-gangster-28467633848356.jpg\" \/>\n\t<meta property=\"og:image:width\" content=\"600\" \/>\n\t<meta property=\"og:image:height\" content=\"600\" \/>\n\t<meta property=\"og:image:type\" content=\"image\/jpeg\" \/>\n<meta name=\"twitter:card\" content=\"summary_large_image\" \/>\n<meta name=\"twitter:label1\" content=\"Estimeret l\u00e6setid\" \/>\n\t<meta name=\"twitter:data1\" content=\"4 minutter\" \/>\n<script type=\"application\/ld+json\" class=\"yoast-schema-graph\">{\"@context\":\"https:\\\/\\\/schema.org\",\"@graph\":[{\"@type\":\"WebPage\",\"@id\":\"https:\\\/\\\/boutique-one-piece.com\\\/goodies-one-piece\\\/goodies-nico-robin-one-piece\\\/tableau-one-piece-luffy-gangster\\\/\",\"url\":\"https:\\\/\\\/boutique-one-piece.com\\\/goodies-one-piece\\\/goodies-nico-robin-one-piece\\\/tableau-one-piece-luffy-gangster\\\/\",\"name\":\"Tableau Cinq Pi\u00e8ces Luffy Gangster | Boutique One Piece\",\"isPartOf\":{\"@id\":\"https:\\\/\\\/boutique-one-piece.com\\\/#website\"},\"primaryImageOfPage\":{\"@id\":\"https:\\\/\\\/boutique-one-piece.com\\\/goodies-one-piece\\\/goodies-nico-robin-one-piece\\\/tableau-one-piece-luffy-gangster\\\/#primaryimage\"},\"image\":{\"@id\":\"https:\\\/\\\/boutique-one-piece.com\\\/goodies-one-piece\\\/goodies-nico-robin-one-piece\\\/tableau-one-piece-luffy-gangster\\\/#primaryimage\"},\"thumbnailUrl\":\"https:\\\/\\\/boutique-one-piece.com\\\/wp-content\\\/uploads\\\/2022\\\/09\\\/tableau-one-piece-luffy-gangster-28467633848356.jpg\",\"datePublished\":\"2022-09-27T21:20:53+00:00\",\"dateModified\":\"2024-09-18T03:11:57+00:00\",\"description\":\"Tableau 5 Pi\u00e8ces One Piece avec Les Mugiwara Mode Gangster, Arm\u00e9s jusqu'aux Dents Tr\u00e8s Haute Qualit\u00e9 Fan du Manga de Pirates ce Tableau 5 Panneaux est Pour Vous\",\"breadcrumb\":{\"@id\":\"https:\\\/\\\/boutique-one-piece.com\\\/goodies-one-piece\\\/goodies-nico-robin-one-piece\\\/tableau-one-piece-luffy-gangster\\\/#breadcrumb\"},\"inLanguage\":\"da-DK\",\"potentialAction\":[{\"@type\":\"ReadAction\",\"target\":[\"https:\\\/\\\/boutique-one-piece.com\\\/goodies-one-piece\\\/goodies-nico-robin-one-piece\\\/tableau-one-piece-luffy-gangster\\\/\"]}]},{\"@type\":\"ImageObject\",\"inLanguage\":\"da-DK\",\"@id\":\"https:\\\/\\\/boutique-one-piece.com\\\/goodies-one-piece\\\/goodies-nico-robin-one-piece\\\/tableau-one-piece-luffy-gangster\\\/#primaryimage\",\"url\":\"https:\\\/\\\/boutique-one-piece.com\\\/wp-content\\\/uploads\\\/2022\\\/09\\\/tableau-one-piece-luffy-gangster-28467633848356.jpg\",\"contentUrl\":\"https:\\\/\\\/boutique-one-piece.com\\\/wp-content\\\/uploads\\\/2022\\\/09\\\/tableau-one-piece-luffy-gangster-28467633848356.jpg\",\"width\":600,\"height\":600},{\"@type\":\"BreadcrumbList\",\"@id\":\"https:\\\/\\\/boutique-one-piece.com\\\/goodies-one-piece\\\/goodies-nico-robin-one-piece\\\/tableau-one-piece-luffy-gangster\\\/#breadcrumb\",\"itemListElement\":[{\"@type\":\"ListItem\",\"position\":1,\"name\":\"Home\",\"item\":\"https:\\\/\\\/boutique-one-piece.com\\\/\"},{\"@type\":\"ListItem\",\"position\":2,\"name\":\"Shop\",\"item\":\"https:\\\/\\\/boutique-one-piece.com\\\/shop\\\/\"},{\"@type\":\"ListItem\",\"position\":3,\"name\":\"Tableau One Piece Luffy Gangster\"}]},{\"@type\":\"WebSite\",\"@id\":\"https:\\\/\\\/boutique-one-piece.com\\\/#website\",\"url\":\"https:\\\/\\\/boutique-one-piece.com\\\/\",\"name\":\"Boutique One Piece\",\"description\":\"Magasin Sp\u00e9cialis\u00e9 du Manga et l&#039;Anime One Piece\",\"publisher\":{\"@id\":\"https:\\\/\\\/boutique-one-piece.com\\\/#organization\"},\"potentialAction\":[{\"@type\":\"SearchAction\",\"target\":{\"@type\":\"EntryPoint\",\"urlTemplate\":\"https:\\\/\\\/boutique-one-piece.com\\\/?s={search_term_string}\"},\"query-input\":{\"@type\":\"PropertyValueSpecification\",\"valueRequired\":true,\"valueName\":\"search_term_string\"}}],\"inLanguage\":\"da-DK\"},{\"@type\":\"Organization\",\"@id\":\"https:\\\/\\\/boutique-one-piece.com\\\/#organization\",\"name\":\"Boutique One Piece\",\"url\":\"https:\\\/\\\/boutique-one-piece.com\\\/\",\"logo\":{\"@type\":\"ImageObject\",\"inLanguage\":\"da-DK\",\"@id\":\"https:\\\/\\\/boutique-one-piece.com\\\/#\\\/schema\\\/logo\\\/image\\\/\",\"url\":\"https:\\\/\\\/boutique-one-piece.com\\\/wp-content\\\/uploads\\\/2022\\\/09\\\/Logo-01.png\",\"contentUrl\":\"https:\\\/\\\/boutique-one-piece.com\\\/wp-content\\\/uploads\\\/2022\\\/09\\\/Logo-01.png\",\"width\":2318,\"height\":957,\"caption\":\"Boutique One Piece\"},\"image\":{\"@id\":\"https:\\\/\\\/boutique-one-piece.com\\\/#\\\/schema\\\/logo\\\/image\\\/\"}}]}<\/script>\n<!-- \/ Yoast SEO plugin. -->","yoast_head_json":{"title":"Femdelt Luffy Gangster-maleri | One Piece Shop","description":"5-delt l\u00e6rredstryk med str\u00e5hatpirater i gangstertilstand, bev\u00e6bnet til t\u00e6nderne. Meget h\u00f8j kvalitet. Fans af piratmangaen, dette 5-panels l\u00e6rredstryk er til dig!","robots":{"index":"index","follow":"follow","max-snippet":"max-snippet:-1","max-image-preview":"max-image-preview:large","max-video-preview":"max-video-preview:-1"},"canonical":"https:\/\/boutique-one-piece.com\/da\/one-piece-godter\/nico-robin-one-piece-merchandise\/et-stykke-maleri-luffy-gangster\/","og_locale":"da_DK","og_type":"article","og_title":"Tableau Cinq Pi\u00e8ces Luffy Gangster | Boutique One Piece","og_description":"Tableau 5 Pi\u00e8ces One Piece avec Les Mugiwara Mode Gangster, Arm\u00e9s jusqu'aux Dents Tr\u00e8s Haute Qualit\u00e9 Fan du Manga de Pirates ce Tableau 5 Panneaux est Pour Vous","og_url":"https:\/\/boutique-one-piece.com\/da\/one-piece-godter\/nico-robin-one-piece-merchandise\/et-stykke-maleri-luffy-gangster\/","og_site_name":"Boutique One Piece","article_modified_time":"2024-09-18T03:11:57+00:00","og_image":[{"width":600,"height":600,"url":"https:\/\/boutique-one-piece.com\/wp-content\/uploads\/2022\/09\/tableau-one-piece-luffy-gangster-28467633848356.jpg","type":"image\/jpeg"}],"twitter_card":"summary_large_image","twitter_misc":{"Estimeret l\u00e6setid":"4 minutter"},"schema":{"@context":"https:\/\/schema.org","@graph":[{"@type":"WebPage","@id":"https:\/\/boutique-one-piece.com\/goodies-one-piece\/goodies-nico-robin-one-piece\/tableau-one-piece-luffy-gangster\/","url":"https:\/\/boutique-one-piece.com\/goodies-one-piece\/goodies-nico-robin-one-piece\/tableau-one-piece-luffy-gangster\/","name":"Femdelt Luffy Gangster-maleri | One Piece Shop","isPartOf":{"@id":"https:\/\/boutique-one-piece.com\/#website"},"primaryImageOfPage":{"@id":"https:\/\/boutique-one-piece.com\/goodies-one-piece\/goodies-nico-robin-one-piece\/tableau-one-piece-luffy-gangster\/#primaryimage"},"image":{"@id":"https:\/\/boutique-one-piece.com\/goodies-one-piece\/goodies-nico-robin-one-piece\/tableau-one-piece-luffy-gangster\/#primaryimage"},"thumbnailUrl":"https:\/\/boutique-one-piece.com\/wp-content\/uploads\/2022\/09\/tableau-one-piece-luffy-gangster-28467633848356.jpg","datePublished":"2022-09-27T21:20:53+00:00","dateModified":"2024-09-18T03:11:57+00:00","description":"5-delt l\u00e6rredstryk med str\u00e5hatpirater i gangstertilstand, bev\u00e6bnet til t\u00e6nderne. Meget h\u00f8j kvalitet. Fans af piratmangaen, dette 5-panels l\u00e6rredstryk er til dig!","breadcrumb":{"@id":"https:\/\/boutique-one-piece.com\/goodies-one-piece\/goodies-nico-robin-one-piece\/tableau-one-piece-luffy-gangster\/#breadcrumb"},"inLanguage":"da-DK","potentialAction":[{"@type":"ReadAction","target":["https:\/\/boutique-one-piece.com\/goodies-one-piece\/goodies-nico-robin-one-piece\/tableau-one-piece-luffy-gangster\/"]}]},{"@type":"ImageObject","inLanguage":"da-DK","@id":"https:\/\/boutique-one-piece.com\/goodies-one-piece\/goodies-nico-robin-one-piece\/tableau-one-piece-luffy-gangster\/#primaryimage","url":"https:\/\/boutique-one-piece.com\/wp-content\/uploads\/2022\/09\/tableau-one-piece-luffy-gangster-28467633848356.jpg","contentUrl":"https:\/\/boutique-one-piece.com\/wp-content\/uploads\/2022\/09\/tableau-one-piece-luffy-gangster-28467633848356.jpg","width":600,"height":600},{"@type":"BreadcrumbList","@id":"https:\/\/boutique-one-piece.com\/goodies-one-piece\/goodies-nico-robin-one-piece\/tableau-one-piece-luffy-gangster\/#breadcrumb","itemListElement":[{"@type":"ListItem","position":1,"name":"Home","item":"https:\/\/boutique-one-piece.com\/"},{"@type":"ListItem","position":2,"name":"Shop","item":"https:\/\/boutique-one-piece.com\/shop\/"},{"@type":"ListItem","position":3,"name":"Tableau One Piece Luffy Gangster"}]},{"@type":"WebSite","@id":"https:\/\/boutique-one-piece.com\/#website","url":"https:\/\/boutique-one-piece.com\/","name":"One Piece Shop","description":"Specialbutik for One Piece Manga og Anime","publisher":{"@id":"https:\/\/boutique-one-piece.com\/#organization"},"potentialAction":[{"@type":"SearchAction","target":{"@type":"EntryPoint","urlTemplate":"https:\/\/boutique-one-piece.com\/?s={search_term_string}"},"query-input":{"@type":"PropertyValueSpecification","valueRequired":true,"valueName":"search_term_string"}}],"inLanguage":"da-DK"},{"@type":"Organization","@id":"https:\/\/boutique-one-piece.com\/#organization","name":"One Piece Shop","url":"https:\/\/boutique-one-piece.com\/","logo":{"@type":"ImageObject","inLanguage":"da-DK","@id":"https:\/\/boutique-one-piece.com\/#\/schema\/logo\/image\/","url":"https:\/\/boutique-one-piece.com\/wp-content\/uploads\/2022\/09\/Logo-01.png","contentUrl":"https:\/\/boutique-one-piece.com\/wp-content\/uploads\/2022\/09\/Logo-01.png","width":2318,"height":957,"caption":"Boutique One Piece"},"image":{"@id":"https:\/\/boutique-one-piece.com\/#\/schema\/logo\/image\/"}}]}},"_links":{"self":[{"href":"https:\/\/boutique-one-piece.com\/da\/wp-json\/wp\/v2\/product\/13530","targetHints":{"allow":["GET"]}}],"collection":[{"href":"https:\/\/boutique-one-piece.com\/da\/wp-json\/wp\/v2\/product"}],"about":[{"href":"https:\/\/boutique-one-piece.com\/da\/wp-json\/wp\/v2\/types\/product"}],"replies":[{"embeddable":true,"href":"https:\/\/boutique-one-piece.com\/da\/wp-json\/wp\/v2\/comments?post=13530"}],"wp:featuredmedia":[{"embeddable":true,"href":"https:\/\/boutique-one-piece.com\/da\/wp-json\/wp\/v2\/media\/18200"}],"wp:attachment":[{"href":"https:\/\/boutique-one-piece.com\/da\/wp-json\/wp\/v2\/media?parent=13530"}],"wp:term":[{"taxonomy":"product_brand","embeddable":true,"href":"https:\/\/boutique-one-piece.com\/da\/wp-json\/wp\/v2\/product_brand?post=13530"},{"taxonomy":"product_cat","embeddable":true,"href":"https:\/\/boutique-one-piece.com\/da\/wp-json\/wp\/v2\/product_cat?post=13530"},{"taxonomy":"product_tag","embeddable":true,"href":"https:\/\/boutique-one-piece.com\/da\/wp-json\/wp\/v2\/product_tag?post=13530"}],"curies":[{"name":"wp","href":"https:\/\/api.w.org\/{rel}","templated":true}]}}