{"id":13549,"date":"2022-09-27T21:21:16","date_gmt":"2022-09-27T21:21:16","guid":{"rendered":"https:\/\/boutique-one-piece.com\/uncategorized\/figurine-one-piece-ace-accroupi\/"},"modified":"2024-09-16T13:18:32","modified_gmt":"2024-09-16T13:18:32","slug":"one-piece-ace-crouching-figur","status":"publish","type":"product","link":"https:\/\/boutique-one-piece.com\/da\/one-piece-figurer-2\/portgas-dace-figurer\/one-piece-ace-crouching-figur\/","title":{"rendered":"One Piece Ace Crouching-figur"},"content":{"rendered":"<h2>Unge tr\u00e6ner, tiden er kommet til, at du f\u00e5r fat i denne One Piece Crouching Ace-figur.<\/h2>\n<p>Her er hvad du beh\u00f8ver at vide om <strong>Ace<\/strong> ; Selvom de ikke er blodsbesl\u00e6gtede, betragter Luffy og Ace sig selv som sande br\u00f8dre. De udvekslede en kop sake med Sabo for at symbolisere <strong>deres broderskab<\/strong>. Selv som barn slog Ace altid Luffy, n\u00e5r de k\u00e6mpede, selvom han ikke havde nogen kr\u00e6fter p\u00e5 det tidspunkt, mens Luffy allerede havde spist Gomu Gomu no Mi, hvilket beviser hans enorme kampevner.<\/p>\n<p>Men efter tidsspringet forbedrede Luffy sig betydeligt, men forblev stadig langt fra sin \u00e6ldre brors niveau. Til sidst blev Ace dr\u00e6bt af admiral Akainu, mens han fors\u00f8gte at beskytte Luffy under Marineford-buen. Desuden... <a title=\"ONE PIECE MONKEY D. LUFFY PIRATEKINGEN FIGUR\" href=\"https:\/\/boutique-one-piece.com\/da\/one-piece-figur-monkey-d-luffy-piraternes-konge\/\" target=\"_blank\" rel=\"noopener\">Monkey D. Luffy figur<\/a> er inden for din r\u00e6kkevidde.<\/p>\n<h3>S\u00e5 er du fascineret af Ace-figuren? T\u00f8v ikke l\u00e6ngere, og grib denne mulighed for at m\u00f8de den modige Ace. Bliv en kriger, der er lige s\u00e5 adr\u00e6t og kraftfuld som ham.<\/h3>\n<p>Uanset om du er en inkarneret fan eller en erfaren samler, er disse ikoniske genstande helt sikkert noget for dig. Perfekte til at give som gave, samle p\u00e5 eller dekorere, vil disse genstande forbedre din samling. <strong>dit One Piece-univers<\/strong>. Vent ikke et sekund mere og kom ombord! <strong>Tusind solrige<\/strong>, Mange eventyr venter dig der!<\/p>\n<h2>Information om Ace Crouching-figur\u00a0<\/h2>\n<ul>\n<li><span><b><u>One Piece-figur<\/u><\/b>\u00a0Premium One Piece-figur til \u00e6gte pirater<\/span><\/li>\n<\/ul>\n<ul>\n<li>\n<b>Materie<\/b><span>\u00a0<\/span>PVC<\/li>\n<\/ul>\n<ul>\n<li><span><strong>Dimension<\/strong>\u00a0: 15 cm<\/span><\/li>\n<\/ul>\n<ul>\n<li><span><strong>GRATIS LEVERING<\/strong><\/span><\/li>\n<\/ul>","protected":false},"excerpt":{"rendered":"<p>Jeune dresseur, le moment est venu pour toi de te procurer cette Figurine One Piece Ace Accroupi. Voici ce que tu dois savoir au sujet de Ace ; m\u00eame s&rsquo;ils ne sont pas du m\u00eame sang, Luffy et Ace se consid\u00e8rent comme de vrais fr\u00e8res. Ils ont \u00e9chang\u00e9, avec Sabo, une coupe de sak\u00e9 pour [&hellip;]<\/p>","protected":false},"featured_media":13551,"comment_status":"open","ping_status":"open","template":"","meta":[],"product_brand":[],"product_cat":[76,179],"product_tag":[176],"class_list":{"0":"post-13549","1":"product","2":"type-product","3":"status-publish","4":"has-post-thumbnail","6":"product_cat-figurines-one-piece","7":"product_cat-figurines-portgas-d-ace","8":"product_tag-ace","10":"first","11":"instock","12":"purchasable","13":"product-type-simple"},"yoast_head":"<!-- This site is optimized with the Yoast SEO plugin v27.5 - https:\/\/yoast.com\/product\/yoast-seo-wordpress\/ -->\n<title>Figurine One Piece Ace Accroupi | Figurine One Piece \u2013 Boutique One Piece<\/title>\n<meta name=\"description\" content=\"Jeune dresseur, le moment est venu pour toi de te procurer cette Figurine One Piece Ace Accroupi. Voici ce que tu dois savoir au sujet de Ace ; m\u00eame s&#039;ils ne sont pas du m\u00eame sang, Luffy et Ace se consid\u00e8rent comme de vrais fr\u00e8res. Ils ont \u00e9chang\u00e9, avec Sabo, une coupe de sak\u00e9 pour symboliser leur fraternit\u00e9. D\u00e9j\u00e0 enfa\" \/>\n<meta name=\"robots\" content=\"index, follow, max-snippet:-1, max-image-preview:large, max-video-preview:-1\" \/>\n<link rel=\"canonical\" href=\"https:\/\/boutique-one-piece.com\/da\/one-piece-figurer-2\/portgas-dace-figurer\/one-piece-ace-crouching-figur\/\" \/>\n<meta property=\"og:locale\" content=\"da_DK\" \/>\n<meta property=\"og:type\" content=\"article\" \/>\n<meta property=\"og:title\" content=\"Figurine One Piece Ace Accroupi | Figurine One Piece \u2013 Boutique One Piece\" \/>\n<meta property=\"og:description\" content=\"Jeune dresseur, le moment est venu pour toi de te procurer cette Figurine One Piece Ace Accroupi. Voici ce que tu dois savoir au sujet de Ace ; m\u00eame s&#039;ils ne sont pas du m\u00eame sang, Luffy et Ace se consid\u00e8rent comme de vrais fr\u00e8res. Ils ont \u00e9chang\u00e9, avec Sabo, une coupe de sak\u00e9 pour symboliser leur fraternit\u00e9. D\u00e9j\u00e0 enfa\" \/>\n<meta property=\"og:url\" content=\"https:\/\/boutique-one-piece.com\/da\/one-piece-figurer-2\/portgas-dace-figurer\/one-piece-ace-crouching-figur\/\" \/>\n<meta property=\"og:site_name\" content=\"Boutique One Piece\" \/>\n<meta property=\"article:modified_time\" content=\"2024-09-16T13:18:32+00:00\" \/>\n<meta property=\"og:image\" content=\"https:\/\/boutique-one-piece.com\/wp-content\/uploads\/2022\/09\/Figurine-One-Piece-Ace-Accroupi-1.jpg\" \/>\n\t<meta property=\"og:image:width\" content=\"776\" \/>\n\t<meta property=\"og:image:height\" content=\"721\" \/>\n\t<meta property=\"og:image:type\" content=\"image\/jpeg\" \/>\n<meta name=\"twitter:card\" content=\"summary_large_image\" \/>\n<meta name=\"twitter:label1\" content=\"Estimeret l\u00e6setid\" \/>\n\t<meta name=\"twitter:data1\" content=\"1 minut\" \/>\n<script type=\"application\/ld+json\" class=\"yoast-schema-graph\">{\"@context\":\"https:\\\/\\\/schema.org\",\"@graph\":[{\"@type\":\"WebPage\",\"@id\":\"https:\\\/\\\/boutique-one-piece.com\\\/figurines-one-piece\\\/figurines-portgas-d-ace\\\/figurine-one-piece-ace-accroupi\\\/\",\"url\":\"https:\\\/\\\/boutique-one-piece.com\\\/figurines-one-piece\\\/figurines-portgas-d-ace\\\/figurine-one-piece-ace-accroupi\\\/\",\"name\":\"Figurine One Piece Ace Accroupi | Figurine One Piece \u2013 Boutique One Piece\",\"isPartOf\":{\"@id\":\"https:\\\/\\\/boutique-one-piece.com\\\/#website\"},\"primaryImageOfPage\":{\"@id\":\"https:\\\/\\\/boutique-one-piece.com\\\/figurines-one-piece\\\/figurines-portgas-d-ace\\\/figurine-one-piece-ace-accroupi\\\/#primaryimage\"},\"image\":{\"@id\":\"https:\\\/\\\/boutique-one-piece.com\\\/figurines-one-piece\\\/figurines-portgas-d-ace\\\/figurine-one-piece-ace-accroupi\\\/#primaryimage\"},\"thumbnailUrl\":\"https:\\\/\\\/boutique-one-piece.com\\\/wp-content\\\/uploads\\\/2022\\\/09\\\/Figurine-One-Piece-Ace-Accroupi-1.jpg\",\"datePublished\":\"2022-09-27T21:21:16+00:00\",\"dateModified\":\"2024-09-16T13:18:32+00:00\",\"description\":\"Jeune dresseur, le moment est venu pour toi de te procurer cette Figurine One Piece Ace Accroupi. Voici ce que tu dois savoir au sujet de Ace ; m\u00eame s'ils ne sont pas du m\u00eame sang, Luffy et Ace se consid\u00e8rent comme de vrais fr\u00e8res. Ils ont \u00e9chang\u00e9, avec Sabo, une coupe de sak\u00e9 pour symboliser leur fraternit\u00e9. D\u00e9j\u00e0 enfa\",\"breadcrumb\":{\"@id\":\"https:\\\/\\\/boutique-one-piece.com\\\/figurines-one-piece\\\/figurines-portgas-d-ace\\\/figurine-one-piece-ace-accroupi\\\/#breadcrumb\"},\"inLanguage\":\"da-DK\",\"potentialAction\":[{\"@type\":\"ReadAction\",\"target\":[\"https:\\\/\\\/boutique-one-piece.com\\\/figurines-one-piece\\\/figurines-portgas-d-ace\\\/figurine-one-piece-ace-accroupi\\\/\"]}]},{\"@type\":\"ImageObject\",\"inLanguage\":\"da-DK\",\"@id\":\"https:\\\/\\\/boutique-one-piece.com\\\/figurines-one-piece\\\/figurines-portgas-d-ace\\\/figurine-one-piece-ace-accroupi\\\/#primaryimage\",\"url\":\"https:\\\/\\\/boutique-one-piece.com\\\/wp-content\\\/uploads\\\/2022\\\/09\\\/Figurine-One-Piece-Ace-Accroupi-1.jpg\",\"contentUrl\":\"https:\\\/\\\/boutique-one-piece.com\\\/wp-content\\\/uploads\\\/2022\\\/09\\\/Figurine-One-Piece-Ace-Accroupi-1.jpg\",\"width\":776,\"height\":721},{\"@type\":\"BreadcrumbList\",\"@id\":\"https:\\\/\\\/boutique-one-piece.com\\\/figurines-one-piece\\\/figurines-portgas-d-ace\\\/figurine-one-piece-ace-accroupi\\\/#breadcrumb\",\"itemListElement\":[{\"@type\":\"ListItem\",\"position\":1,\"name\":\"Home\",\"item\":\"https:\\\/\\\/boutique-one-piece.com\\\/\"},{\"@type\":\"ListItem\",\"position\":2,\"name\":\"Shop\",\"item\":\"https:\\\/\\\/boutique-one-piece.com\\\/shop\\\/\"},{\"@type\":\"ListItem\",\"position\":3,\"name\":\"Figurine One Piece Ace Accroupi\"}]},{\"@type\":\"WebSite\",\"@id\":\"https:\\\/\\\/boutique-one-piece.com\\\/#website\",\"url\":\"https:\\\/\\\/boutique-one-piece.com\\\/\",\"name\":\"Boutique One Piece\",\"description\":\"Magasin Sp\u00e9cialis\u00e9 du Manga et l&#039;Anime One Piece\",\"publisher\":{\"@id\":\"https:\\\/\\\/boutique-one-piece.com\\\/#organization\"},\"potentialAction\":[{\"@type\":\"SearchAction\",\"target\":{\"@type\":\"EntryPoint\",\"urlTemplate\":\"https:\\\/\\\/boutique-one-piece.com\\\/?s={search_term_string}\"},\"query-input\":{\"@type\":\"PropertyValueSpecification\",\"valueRequired\":true,\"valueName\":\"search_term_string\"}}],\"inLanguage\":\"da-DK\"},{\"@type\":\"Organization\",\"@id\":\"https:\\\/\\\/boutique-one-piece.com\\\/#organization\",\"name\":\"Boutique One Piece\",\"url\":\"https:\\\/\\\/boutique-one-piece.com\\\/\",\"logo\":{\"@type\":\"ImageObject\",\"inLanguage\":\"da-DK\",\"@id\":\"https:\\\/\\\/boutique-one-piece.com\\\/#\\\/schema\\\/logo\\\/image\\\/\",\"url\":\"https:\\\/\\\/boutique-one-piece.com\\\/wp-content\\\/uploads\\\/2022\\\/09\\\/Logo-01.png\",\"contentUrl\":\"https:\\\/\\\/boutique-one-piece.com\\\/wp-content\\\/uploads\\\/2022\\\/09\\\/Logo-01.png\",\"width\":2318,\"height\":957,\"caption\":\"Boutique One Piece\"},\"image\":{\"@id\":\"https:\\\/\\\/boutique-one-piece.com\\\/#\\\/schema\\\/logo\\\/image\\\/\"}}]}<\/script>\n<!-- \/ Yoast SEO plugin. -->","yoast_head_json":{"title":"One Piece Ace Crouching Figur | One Piece Figur \u2013 One Piece Shop","description":"Unge tr\u00e6ner, tiden er kommet til at du f\u00e5r fingrene i denne One Piece Crouching Ace-figur. Her er hvad du beh\u00f8ver at vide om Ace: Selvom de ikke er blodsbesl\u00e6gtede, betragter Luffy og Ace sig selv som sande br\u00f8dre. De delte en kop sake med Sabo for at symbolisere deres broderskab. Allerede i barndommen.","robots":{"index":"index","follow":"follow","max-snippet":"max-snippet:-1","max-image-preview":"max-image-preview:large","max-video-preview":"max-video-preview:-1"},"canonical":"https:\/\/boutique-one-piece.com\/da\/one-piece-figurer-2\/portgas-dace-figurer\/one-piece-ace-crouching-figur\/","og_locale":"da_DK","og_type":"article","og_title":"Figurine One Piece Ace Accroupi | Figurine One Piece \u2013 Boutique One Piece","og_description":"Jeune dresseur, le moment est venu pour toi de te procurer cette Figurine One Piece Ace Accroupi. Voici ce que tu dois savoir au sujet de Ace ; m\u00eame s'ils ne sont pas du m\u00eame sang, Luffy et Ace se consid\u00e8rent comme de vrais fr\u00e8res. Ils ont \u00e9chang\u00e9, avec Sabo, une coupe de sak\u00e9 pour symboliser leur fraternit\u00e9. D\u00e9j\u00e0 enfa","og_url":"https:\/\/boutique-one-piece.com\/da\/one-piece-figurer-2\/portgas-dace-figurer\/one-piece-ace-crouching-figur\/","og_site_name":"Boutique One Piece","article_modified_time":"2024-09-16T13:18:32+00:00","og_image":[{"width":776,"height":721,"url":"https:\/\/boutique-one-piece.com\/wp-content\/uploads\/2022\/09\/Figurine-One-Piece-Ace-Accroupi-1.jpg","type":"image\/jpeg"}],"twitter_card":"summary_large_image","twitter_misc":{"Estimeret l\u00e6setid":"1 minut"},"schema":{"@context":"https:\/\/schema.org","@graph":[{"@type":"WebPage","@id":"https:\/\/boutique-one-piece.com\/figurines-one-piece\/figurines-portgas-d-ace\/figurine-one-piece-ace-accroupi\/","url":"https:\/\/boutique-one-piece.com\/figurines-one-piece\/figurines-portgas-d-ace\/figurine-one-piece-ace-accroupi\/","name":"One Piece Ace Crouching Figur | One Piece Figur \u2013 One Piece Shop","isPartOf":{"@id":"https:\/\/boutique-one-piece.com\/#website"},"primaryImageOfPage":{"@id":"https:\/\/boutique-one-piece.com\/figurines-one-piece\/figurines-portgas-d-ace\/figurine-one-piece-ace-accroupi\/#primaryimage"},"image":{"@id":"https:\/\/boutique-one-piece.com\/figurines-one-piece\/figurines-portgas-d-ace\/figurine-one-piece-ace-accroupi\/#primaryimage"},"thumbnailUrl":"https:\/\/boutique-one-piece.com\/wp-content\/uploads\/2022\/09\/Figurine-One-Piece-Ace-Accroupi-1.jpg","datePublished":"2022-09-27T21:21:16+00:00","dateModified":"2024-09-16T13:18:32+00:00","description":"Unge tr\u00e6ner, tiden er kommet til at du f\u00e5r fingrene i denne One Piece Crouching Ace-figur. Her er hvad du beh\u00f8ver at vide om Ace: Selvom de ikke er blodsbesl\u00e6gtede, betragter Luffy og Ace sig selv som sande br\u00f8dre. De delte en kop sake med Sabo for at symbolisere deres broderskab. Allerede i barndommen.","breadcrumb":{"@id":"https:\/\/boutique-one-piece.com\/figurines-one-piece\/figurines-portgas-d-ace\/figurine-one-piece-ace-accroupi\/#breadcrumb"},"inLanguage":"da-DK","potentialAction":[{"@type":"ReadAction","target":["https:\/\/boutique-one-piece.com\/figurines-one-piece\/figurines-portgas-d-ace\/figurine-one-piece-ace-accroupi\/"]}]},{"@type":"ImageObject","inLanguage":"da-DK","@id":"https:\/\/boutique-one-piece.com\/figurines-one-piece\/figurines-portgas-d-ace\/figurine-one-piece-ace-accroupi\/#primaryimage","url":"https:\/\/boutique-one-piece.com\/wp-content\/uploads\/2022\/09\/Figurine-One-Piece-Ace-Accroupi-1.jpg","contentUrl":"https:\/\/boutique-one-piece.com\/wp-content\/uploads\/2022\/09\/Figurine-One-Piece-Ace-Accroupi-1.jpg","width":776,"height":721},{"@type":"BreadcrumbList","@id":"https:\/\/boutique-one-piece.com\/figurines-one-piece\/figurines-portgas-d-ace\/figurine-one-piece-ace-accroupi\/#breadcrumb","itemListElement":[{"@type":"ListItem","position":1,"name":"Home","item":"https:\/\/boutique-one-piece.com\/"},{"@type":"ListItem","position":2,"name":"Shop","item":"https:\/\/boutique-one-piece.com\/shop\/"},{"@type":"ListItem","position":3,"name":"Figurine One Piece Ace Accroupi"}]},{"@type":"WebSite","@id":"https:\/\/boutique-one-piece.com\/#website","url":"https:\/\/boutique-one-piece.com\/","name":"One Piece Shop","description":"Specialbutik for One Piece Manga og Anime","publisher":{"@id":"https:\/\/boutique-one-piece.com\/#organization"},"potentialAction":[{"@type":"SearchAction","target":{"@type":"EntryPoint","urlTemplate":"https:\/\/boutique-one-piece.com\/?s={search_term_string}"},"query-input":{"@type":"PropertyValueSpecification","valueRequired":true,"valueName":"search_term_string"}}],"inLanguage":"da-DK"},{"@type":"Organization","@id":"https:\/\/boutique-one-piece.com\/#organization","name":"One Piece Shop","url":"https:\/\/boutique-one-piece.com\/","logo":{"@type":"ImageObject","inLanguage":"da-DK","@id":"https:\/\/boutique-one-piece.com\/#\/schema\/logo\/image\/","url":"https:\/\/boutique-one-piece.com\/wp-content\/uploads\/2022\/09\/Logo-01.png","contentUrl":"https:\/\/boutique-one-piece.com\/wp-content\/uploads\/2022\/09\/Logo-01.png","width":2318,"height":957,"caption":"Boutique One Piece"},"image":{"@id":"https:\/\/boutique-one-piece.com\/#\/schema\/logo\/image\/"}}]}},"_links":{"self":[{"href":"https:\/\/boutique-one-piece.com\/da\/wp-json\/wp\/v2\/product\/13549","targetHints":{"allow":["GET"]}}],"collection":[{"href":"https:\/\/boutique-one-piece.com\/da\/wp-json\/wp\/v2\/product"}],"about":[{"href":"https:\/\/boutique-one-piece.com\/da\/wp-json\/wp\/v2\/types\/product"}],"replies":[{"embeddable":true,"href":"https:\/\/boutique-one-piece.com\/da\/wp-json\/wp\/v2\/comments?post=13549"}],"wp:featuredmedia":[{"embeddable":true,"href":"https:\/\/boutique-one-piece.com\/da\/wp-json\/wp\/v2\/media\/13551"}],"wp:attachment":[{"href":"https:\/\/boutique-one-piece.com\/da\/wp-json\/wp\/v2\/media?parent=13549"}],"wp:term":[{"taxonomy":"product_brand","embeddable":true,"href":"https:\/\/boutique-one-piece.com\/da\/wp-json\/wp\/v2\/product_brand?post=13549"},{"taxonomy":"product_cat","embeddable":true,"href":"https:\/\/boutique-one-piece.com\/da\/wp-json\/wp\/v2\/product_cat?post=13549"},{"taxonomy":"product_tag","embeddable":true,"href":"https:\/\/boutique-one-piece.com\/da\/wp-json\/wp\/v2\/product_tag?post=13549"}],"curies":[{"name":"wp","href":"https:\/\/api.w.org\/{rel}","templated":true}]}}