{"id":13605,"date":"2022-09-27T21:21:39","date_gmt":"2022-09-27T21:21:39","guid":{"rendered":"https:\/\/boutique-one-piece.com\/uncategorized\/figurine-one-piece-nico-robin-attaque\/"},"modified":"2024-09-16T13:19:32","modified_gmt":"2024-09-16T13:19:32","slug":"one-piece-figur-nico-robin-attack","status":"publish","type":"product","link":"https:\/\/boutique-one-piece.com\/da\/one-piece-godter\/nico-robin-one-piece-merchandise\/one-piece-figur-nico-robin-attack\/","title":{"rendered":"One Piece-figur Nico Robin Attack"},"content":{"rendered":"<h2>Unge pirat, vent ikke l\u00e6ngere, og grib chancen for at f\u00e5 fingrene i denne One Piece Nico Robin Attack-figur.<\/h2>\n<p>Her er hvad du beh\u00f8ver at vide om denne karakter; ; <strong>Nico Robin alias D\u00e6monbarnet<\/strong>, Hun er ark\u00e6ologen bag str\u00e5hat-holdet. Hun spiste <strong>Hana Hana no Mi<\/strong> (frugten af kl\u00e6kningen) i en meget ung alder, da vi ser hende bruge sine kr\u00e6fter i en alder af otte i et af hendes flashbacks i Enies Lobby.<\/p>\n<p>Det er en dj\u00e6vlefrugt af Paramecia-typen, der giver hende mulighed for at dyrke enhver del af sin krop p\u00e5 enhver overflade. N\u00e5r hun bruger sine kr\u00e6fter, krydser hun armene i en &quot;X&quot;-form. Nogle af hendes angreb fanger fjenden og stopper al bev\u00e6gelse med hendes h\u00e6nder, mens hun multiplicerer dem.<\/p>\n<p>Selvom den er meget kraftfuld, kan dens forl\u00e6ngede dele blive ramt eller strakt, hvilket for\u00e5rsager skade p\u00e5 dens egentlige krop, hvilket er dens svage punkt. Hvis du ogs\u00e5 gerne vil udvide din figursamling, er <a title=\"ONE PIECE NAMI THE NAVIGATOR FIGUR\" href=\"https:\/\/boutique-one-piece.com\/da\/one-piece-figur-nami-navigatoren\/\" target=\"_blank\" rel=\"noopener\">Nami Navigatoren-figur<\/a> er inden for din r\u00e6kkevidde.<\/p>\n<h3>S\u00e5 er du betaget af Nico Robin-figuren midt i et angreb? Hvis ja, s\u00e5 tag med hende ombord p\u00e5 Thousand Suny. Mange eventyr venter dig der.<\/h3>\n<p>Uanset om du er en inkarneret fan eller en erfaren samler, er disse genstande helt sikkert noget for dig. Perfekte til at give som gave, dekorere eller som et supplement til din samling, vil disse ikoniske genstande forbedre din samling. <strong>dit One Piece-univers<\/strong>. S\u00e5 vent ikke l\u00e6ngere, og grib chancen for at opleve mange eventyr! <strong>ung pirat<\/strong>.<\/p>\n<h2>Information om Nico Robin angrebsfigur\u00a0<\/h2>\n<ul>\n<li><span><b><u>One Piece-figur<\/u><\/b>\u00a0Premium One Piece-figur til \u00e6gte pirater<\/span><\/li>\n<\/ul>\n<ul>\n<li>\n<b>Materie<\/b><span>\u00a0<\/span>PVC<\/li>\n<\/ul>\n<ul>\n<li><span><strong>Dimension<\/strong>\u00a0: 15 cm<\/span><\/li>\n<\/ul>\n<ul>\n<li><span><strong>GRATIS LEVERING<\/strong><\/span><\/li>\n<\/ul>","protected":false},"excerpt":{"rendered":"<p>Jeune pirate, n&rsquo;attends plus et saute sur l&rsquo;occasion de mettre la main sur cette Figurine One Piece Nico Robin Attaque. Voici ce que tu dois savoir sur ce personnage ; Nico Robin alias l&rsquo;Enfant D\u00e9moniaque, est l&rsquo;Arch\u00e9ologue de L&rsquo;\u00c9quipage du Chapeau de Paille. Elle a mang\u00e9 le Hana Hana no Mi (fruit de l&rsquo;\u00e9closion) \u00e0 [&hellip;]<\/p>","protected":false},"featured_media":13607,"comment_status":"open","ping_status":"open","template":"","meta":[],"product_brand":[],"product_cat":[309,76,198],"product_tag":[205],"class_list":{"0":"post-13605","1":"product","2":"type-product","3":"status-publish","4":"has-post-thumbnail","6":"product_cat-figurines-nico-robin","7":"product_cat-figurines-one-piece","8":"product_cat-goodies-nico-robin-one-piece","9":"product_tag-robin","11":"first","12":"instock","13":"purchasable","14":"product-type-simple"},"yoast_head":"<!-- This site is optimized with the Yoast SEO plugin v27.5 - https:\/\/yoast.com\/product\/yoast-seo-wordpress\/ -->\n<title>Figurine One Piece Nico Robin Attaque | Figurine One Piece \u2013 Boutique One Piece<\/title>\n<meta name=\"description\" content=\"Jeune pirate, n&#039;attends plus et saute sur l&#039;occasion de mettre la main sur cette Figurine One Piece Nico Robin Attaque. Voici ce que tu dois savoir sur ce personnage ; Nico Robin alias l&#039;Enfant D\u00e9moniaque, est l&#039;Arch\u00e9ologue de L&#039;\u00c9quipage du Chapeau de Paille. Elle a mang\u00e9 le Hana Hana no Mi (fruit de l&#039;\u00e9closion) \u00e0 un t\" \/>\n<meta name=\"robots\" content=\"index, follow, max-snippet:-1, max-image-preview:large, max-video-preview:-1\" \/>\n<link rel=\"canonical\" href=\"https:\/\/boutique-one-piece.com\/da\/one-piece-figurer-2\/nico-robin-figurer\/one-piece-figur-nico-robin-attack\/\" \/>\n<meta property=\"og:locale\" content=\"da_DK\" \/>\n<meta property=\"og:type\" content=\"article\" \/>\n<meta property=\"og:title\" content=\"Figurine One Piece Nico Robin Attaque | Figurine One Piece \u2013 Boutique One Piece\" \/>\n<meta property=\"og:description\" content=\"Jeune pirate, n&#039;attends plus et saute sur l&#039;occasion de mettre la main sur cette Figurine One Piece Nico Robin Attaque. Voici ce que tu dois savoir sur ce personnage ; Nico Robin alias l&#039;Enfant D\u00e9moniaque, est l&#039;Arch\u00e9ologue de L&#039;\u00c9quipage du Chapeau de Paille. Elle a mang\u00e9 le Hana Hana no Mi (fruit de l&#039;\u00e9closion) \u00e0 un t\" \/>\n<meta property=\"og:url\" content=\"https:\/\/boutique-one-piece.com\/da\/one-piece-figurer-2\/nico-robin-figurer\/one-piece-figur-nico-robin-attack\/\" \/>\n<meta property=\"og:site_name\" content=\"Boutique One Piece\" \/>\n<meta property=\"article:modified_time\" content=\"2024-09-16T13:19:32+00:00\" \/>\n<meta property=\"og:image\" content=\"https:\/\/boutique-one-piece.com\/wp-content\/uploads\/2022\/09\/Figurine-One-Piece-Nico-Robin-Attaque-1.jpg\" \/>\n\t<meta property=\"og:image:width\" content=\"1080\" \/>\n\t<meta property=\"og:image:height\" content=\"1080\" \/>\n\t<meta property=\"og:image:type\" content=\"image\/jpeg\" \/>\n<meta name=\"twitter:card\" content=\"summary_large_image\" \/>\n<meta name=\"twitter:label1\" content=\"Estimeret l\u00e6setid\" \/>\n\t<meta name=\"twitter:data1\" content=\"1 minut\" \/>\n<script type=\"application\/ld+json\" class=\"yoast-schema-graph\">{\"@context\":\"https:\\\/\\\/schema.org\",\"@graph\":[{\"@type\":\"WebPage\",\"@id\":\"https:\\\/\\\/boutique-one-piece.com\\\/figurines-one-piece\\\/figurines-nico-robin\\\/figurine-one-piece-nico-robin-attaque\\\/\",\"url\":\"https:\\\/\\\/boutique-one-piece.com\\\/figurines-one-piece\\\/figurines-nico-robin\\\/figurine-one-piece-nico-robin-attaque\\\/\",\"name\":\"Figurine One Piece Nico Robin Attaque | Figurine One Piece \u2013 Boutique One Piece\",\"isPartOf\":{\"@id\":\"https:\\\/\\\/boutique-one-piece.com\\\/#website\"},\"primaryImageOfPage\":{\"@id\":\"https:\\\/\\\/boutique-one-piece.com\\\/figurines-one-piece\\\/figurines-nico-robin\\\/figurine-one-piece-nico-robin-attaque\\\/#primaryimage\"},\"image\":{\"@id\":\"https:\\\/\\\/boutique-one-piece.com\\\/figurines-one-piece\\\/figurines-nico-robin\\\/figurine-one-piece-nico-robin-attaque\\\/#primaryimage\"},\"thumbnailUrl\":\"https:\\\/\\\/boutique-one-piece.com\\\/wp-content\\\/uploads\\\/2022\\\/09\\\/Figurine-One-Piece-Nico-Robin-Attaque-1.jpg\",\"datePublished\":\"2022-09-27T21:21:39+00:00\",\"dateModified\":\"2024-09-16T13:19:32+00:00\",\"description\":\"Jeune pirate, n'attends plus et saute sur l'occasion de mettre la main sur cette Figurine One Piece Nico Robin Attaque. Voici ce que tu dois savoir sur ce personnage ; Nico Robin alias l'Enfant D\u00e9moniaque, est l'Arch\u00e9ologue de L'\u00c9quipage du Chapeau de Paille. Elle a mang\u00e9 le Hana Hana no Mi (fruit de l'\u00e9closion) \u00e0 un t\",\"breadcrumb\":{\"@id\":\"https:\\\/\\\/boutique-one-piece.com\\\/figurines-one-piece\\\/figurines-nico-robin\\\/figurine-one-piece-nico-robin-attaque\\\/#breadcrumb\"},\"inLanguage\":\"da-DK\",\"potentialAction\":[{\"@type\":\"ReadAction\",\"target\":[\"https:\\\/\\\/boutique-one-piece.com\\\/figurines-one-piece\\\/figurines-nico-robin\\\/figurine-one-piece-nico-robin-attaque\\\/\"]}]},{\"@type\":\"ImageObject\",\"inLanguage\":\"da-DK\",\"@id\":\"https:\\\/\\\/boutique-one-piece.com\\\/figurines-one-piece\\\/figurines-nico-robin\\\/figurine-one-piece-nico-robin-attaque\\\/#primaryimage\",\"url\":\"https:\\\/\\\/boutique-one-piece.com\\\/wp-content\\\/uploads\\\/2022\\\/09\\\/Figurine-One-Piece-Nico-Robin-Attaque-1.jpg\",\"contentUrl\":\"https:\\\/\\\/boutique-one-piece.com\\\/wp-content\\\/uploads\\\/2022\\\/09\\\/Figurine-One-Piece-Nico-Robin-Attaque-1.jpg\",\"width\":1080,\"height\":1080},{\"@type\":\"BreadcrumbList\",\"@id\":\"https:\\\/\\\/boutique-one-piece.com\\\/figurines-one-piece\\\/figurines-nico-robin\\\/figurine-one-piece-nico-robin-attaque\\\/#breadcrumb\",\"itemListElement\":[{\"@type\":\"ListItem\",\"position\":1,\"name\":\"Home\",\"item\":\"https:\\\/\\\/boutique-one-piece.com\\\/\"},{\"@type\":\"ListItem\",\"position\":2,\"name\":\"Shop\",\"item\":\"https:\\\/\\\/boutique-one-piece.com\\\/shop\\\/\"},{\"@type\":\"ListItem\",\"position\":3,\"name\":\"Figurine One Piece Nico Robin Attaque\"}]},{\"@type\":\"WebSite\",\"@id\":\"https:\\\/\\\/boutique-one-piece.com\\\/#website\",\"url\":\"https:\\\/\\\/boutique-one-piece.com\\\/\",\"name\":\"Boutique One Piece\",\"description\":\"Magasin Sp\u00e9cialis\u00e9 du Manga et l&#039;Anime One Piece\",\"publisher\":{\"@id\":\"https:\\\/\\\/boutique-one-piece.com\\\/#organization\"},\"potentialAction\":[{\"@type\":\"SearchAction\",\"target\":{\"@type\":\"EntryPoint\",\"urlTemplate\":\"https:\\\/\\\/boutique-one-piece.com\\\/?s={search_term_string}\"},\"query-input\":{\"@type\":\"PropertyValueSpecification\",\"valueRequired\":true,\"valueName\":\"search_term_string\"}}],\"inLanguage\":\"da-DK\"},{\"@type\":\"Organization\",\"@id\":\"https:\\\/\\\/boutique-one-piece.com\\\/#organization\",\"name\":\"Boutique One Piece\",\"url\":\"https:\\\/\\\/boutique-one-piece.com\\\/\",\"logo\":{\"@type\":\"ImageObject\",\"inLanguage\":\"da-DK\",\"@id\":\"https:\\\/\\\/boutique-one-piece.com\\\/#\\\/schema\\\/logo\\\/image\\\/\",\"url\":\"https:\\\/\\\/boutique-one-piece.com\\\/wp-content\\\/uploads\\\/2022\\\/09\\\/Logo-01.png\",\"contentUrl\":\"https:\\\/\\\/boutique-one-piece.com\\\/wp-content\\\/uploads\\\/2022\\\/09\\\/Logo-01.png\",\"width\":2318,\"height\":957,\"caption\":\"Boutique One Piece\"},\"image\":{\"@id\":\"https:\\\/\\\/boutique-one-piece.com\\\/#\\\/schema\\\/logo\\\/image\\\/\"}}]}<\/script>\n<!-- \/ Yoast SEO plugin. -->","yoast_head_json":{"title":"One Piece Figur Nico Robin Attack | One Piece Figur \u2013 One Piece Shop","description":"Unge pirat, vent ikke l\u00e6ngere, og grib chancen for at f\u00e5 fingrene i denne One Piece Nico Robin Attack-figur. Her er, hvad du beh\u00f8ver at vide om denne figur: Nico Robin, ogs\u00e5 kendt som D\u00e6monbarnet, er ark\u00e6ologen i str\u00e5hat-holdet. Hun spiste Hana Hana no Mi (blomst-blomstfrugt) i en meget ung alder.","robots":{"index":"index","follow":"follow","max-snippet":"max-snippet:-1","max-image-preview":"max-image-preview:large","max-video-preview":"max-video-preview:-1"},"canonical":"https:\/\/boutique-one-piece.com\/da\/one-piece-figurer-2\/nico-robin-figurer\/one-piece-figur-nico-robin-attack\/","og_locale":"da_DK","og_type":"article","og_title":"Figurine One Piece Nico Robin Attaque | Figurine One Piece \u2013 Boutique One Piece","og_description":"Jeune pirate, n'attends plus et saute sur l'occasion de mettre la main sur cette Figurine One Piece Nico Robin Attaque. Voici ce que tu dois savoir sur ce personnage ; Nico Robin alias l'Enfant D\u00e9moniaque, est l'Arch\u00e9ologue de L'\u00c9quipage du Chapeau de Paille. Elle a mang\u00e9 le Hana Hana no Mi (fruit de l'\u00e9closion) \u00e0 un t","og_url":"https:\/\/boutique-one-piece.com\/da\/one-piece-figurer-2\/nico-robin-figurer\/one-piece-figur-nico-robin-attack\/","og_site_name":"Boutique One Piece","article_modified_time":"2024-09-16T13:19:32+00:00","og_image":[{"width":1080,"height":1080,"url":"https:\/\/boutique-one-piece.com\/wp-content\/uploads\/2022\/09\/Figurine-One-Piece-Nico-Robin-Attaque-1.jpg","type":"image\/jpeg"}],"twitter_card":"summary_large_image","twitter_misc":{"Estimeret l\u00e6setid":"1 minut"},"schema":{"@context":"https:\/\/schema.org","@graph":[{"@type":"WebPage","@id":"https:\/\/boutique-one-piece.com\/figurines-one-piece\/figurines-nico-robin\/figurine-one-piece-nico-robin-attaque\/","url":"https:\/\/boutique-one-piece.com\/figurines-one-piece\/figurines-nico-robin\/figurine-one-piece-nico-robin-attaque\/","name":"One Piece Figur Nico Robin Attack | One Piece Figur \u2013 One Piece Shop","isPartOf":{"@id":"https:\/\/boutique-one-piece.com\/#website"},"primaryImageOfPage":{"@id":"https:\/\/boutique-one-piece.com\/figurines-one-piece\/figurines-nico-robin\/figurine-one-piece-nico-robin-attaque\/#primaryimage"},"image":{"@id":"https:\/\/boutique-one-piece.com\/figurines-one-piece\/figurines-nico-robin\/figurine-one-piece-nico-robin-attaque\/#primaryimage"},"thumbnailUrl":"https:\/\/boutique-one-piece.com\/wp-content\/uploads\/2022\/09\/Figurine-One-Piece-Nico-Robin-Attaque-1.jpg","datePublished":"2022-09-27T21:21:39+00:00","dateModified":"2024-09-16T13:19:32+00:00","description":"Unge pirat, vent ikke l\u00e6ngere, og grib chancen for at f\u00e5 fingrene i denne One Piece Nico Robin Attack-figur. Her er, hvad du beh\u00f8ver at vide om denne figur: Nico Robin, ogs\u00e5 kendt som D\u00e6monbarnet, er ark\u00e6ologen i str\u00e5hat-holdet. Hun spiste Hana Hana no Mi (blomst-blomstfrugt) i en meget ung alder.","breadcrumb":{"@id":"https:\/\/boutique-one-piece.com\/figurines-one-piece\/figurines-nico-robin\/figurine-one-piece-nico-robin-attaque\/#breadcrumb"},"inLanguage":"da-DK","potentialAction":[{"@type":"ReadAction","target":["https:\/\/boutique-one-piece.com\/figurines-one-piece\/figurines-nico-robin\/figurine-one-piece-nico-robin-attaque\/"]}]},{"@type":"ImageObject","inLanguage":"da-DK","@id":"https:\/\/boutique-one-piece.com\/figurines-one-piece\/figurines-nico-robin\/figurine-one-piece-nico-robin-attaque\/#primaryimage","url":"https:\/\/boutique-one-piece.com\/wp-content\/uploads\/2022\/09\/Figurine-One-Piece-Nico-Robin-Attaque-1.jpg","contentUrl":"https:\/\/boutique-one-piece.com\/wp-content\/uploads\/2022\/09\/Figurine-One-Piece-Nico-Robin-Attaque-1.jpg","width":1080,"height":1080},{"@type":"BreadcrumbList","@id":"https:\/\/boutique-one-piece.com\/figurines-one-piece\/figurines-nico-robin\/figurine-one-piece-nico-robin-attaque\/#breadcrumb","itemListElement":[{"@type":"ListItem","position":1,"name":"Home","item":"https:\/\/boutique-one-piece.com\/"},{"@type":"ListItem","position":2,"name":"Shop","item":"https:\/\/boutique-one-piece.com\/shop\/"},{"@type":"ListItem","position":3,"name":"Figurine One Piece Nico Robin Attaque"}]},{"@type":"WebSite","@id":"https:\/\/boutique-one-piece.com\/#website","url":"https:\/\/boutique-one-piece.com\/","name":"One Piece Shop","description":"Specialbutik for One Piece Manga og Anime","publisher":{"@id":"https:\/\/boutique-one-piece.com\/#organization"},"potentialAction":[{"@type":"SearchAction","target":{"@type":"EntryPoint","urlTemplate":"https:\/\/boutique-one-piece.com\/?s={search_term_string}"},"query-input":{"@type":"PropertyValueSpecification","valueRequired":true,"valueName":"search_term_string"}}],"inLanguage":"da-DK"},{"@type":"Organization","@id":"https:\/\/boutique-one-piece.com\/#organization","name":"One Piece Shop","url":"https:\/\/boutique-one-piece.com\/","logo":{"@type":"ImageObject","inLanguage":"da-DK","@id":"https:\/\/boutique-one-piece.com\/#\/schema\/logo\/image\/","url":"https:\/\/boutique-one-piece.com\/wp-content\/uploads\/2022\/09\/Logo-01.png","contentUrl":"https:\/\/boutique-one-piece.com\/wp-content\/uploads\/2022\/09\/Logo-01.png","width":2318,"height":957,"caption":"Boutique One Piece"},"image":{"@id":"https:\/\/boutique-one-piece.com\/#\/schema\/logo\/image\/"}}]}},"_links":{"self":[{"href":"https:\/\/boutique-one-piece.com\/da\/wp-json\/wp\/v2\/product\/13605","targetHints":{"allow":["GET"]}}],"collection":[{"href":"https:\/\/boutique-one-piece.com\/da\/wp-json\/wp\/v2\/product"}],"about":[{"href":"https:\/\/boutique-one-piece.com\/da\/wp-json\/wp\/v2\/types\/product"}],"replies":[{"embeddable":true,"href":"https:\/\/boutique-one-piece.com\/da\/wp-json\/wp\/v2\/comments?post=13605"}],"wp:featuredmedia":[{"embeddable":true,"href":"https:\/\/boutique-one-piece.com\/da\/wp-json\/wp\/v2\/media\/13607"}],"wp:attachment":[{"href":"https:\/\/boutique-one-piece.com\/da\/wp-json\/wp\/v2\/media?parent=13605"}],"wp:term":[{"taxonomy":"product_brand","embeddable":true,"href":"https:\/\/boutique-one-piece.com\/da\/wp-json\/wp\/v2\/product_brand?post=13605"},{"taxonomy":"product_cat","embeddable":true,"href":"https:\/\/boutique-one-piece.com\/da\/wp-json\/wp\/v2\/product_cat?post=13605"},{"taxonomy":"product_tag","embeddable":true,"href":"https:\/\/boutique-one-piece.com\/da\/wp-json\/wp\/v2\/product_tag?post=13605"}],"curies":[{"name":"wp","href":"https:\/\/api.w.org\/{rel}","templated":true}]}}