{"id":13695,"date":"2022-09-27T21:22:12","date_gmt":"2022-09-27T21:22:12","guid":{"rendered":"https:\/\/boutique-one-piece.com\/uncategorized\/figurine-one-piece-tashigi-de-la-marine\/"},"modified":"2024-09-16T13:21:37","modified_gmt":"2024-09-16T13:21:37","slug":"marinebla-one-piece-tashigi-figur","status":"publish","type":"product","link":"https:\/\/boutique-one-piece.com\/da\/one-piece-figurer-2\/marinebla-one-piece-tashigi-figur\/","title":{"rendered":"One Piece Tashigi-figur af fl\u00e5den"},"content":{"rendered":"<h2>Unge pirat, tiden er kommet til at du anskaffer dig denne One Piece Tashigi Marine Figur.<\/h2>\n<p>Det burde du vide <strong>Tashigi<\/strong> er en ung kvindelig kaptajn i fl\u00e5den, der tjener under kommando af <strong>Viceadmiral ryger<\/strong>. Han er ogs\u00e5 en af Straw Hat-holdets tilbagevendende modstandere. Derudover, hvis du \u00f8nsker at udvide din figursamling, <a title=\"One Piece Figur Smoker of the Navy\" href=\"https:\/\/boutique-one-piece.com\/da\/marinebla-rygerfigur-i-et-stykke\/\" target=\"_blank\" rel=\"noopener\">Rygerfigur<\/a> er inden for din r\u00e6kkevidde.<\/p>\n<p>For at vende tilbage til Tashigi, er hun en meget modig og dristig kvinde, n\u00e5r hun k\u00e6mper mod sine modstandere. Hun konfronterer enhver, hun anser for at v\u00e6re en fjende, uanset deres ry. Hun er dog ofte blevet besejret af sine modstandere og stormer hovedkulds uden at t\u00e6nke sig om, en kendsgerning Smoker ofte kritiserer hende for.<\/p>\n<p>Ligesom Kuina har hun et mindrev\u00e6rdskompleks over for m\u00e6nd og fortryder at v\u00e6re f\u00f8dt som kvinde. Hun hader at blive undervurderet, fordi hun er kvinde og \u00f8nsker at blive behandlet som ligev\u00e6rdig med m\u00e6nd. Hun har en drengepige-agtig side, som <strong>hans interesse for sv\u00e6rd<\/strong>.<\/p>\n<h3>S\u00e5 er du fascineret af Tashigi-figuren? Hvis ja, s\u00e5 tag med hende i fl\u00e5den; mange eventyr venter dig.<\/h3>\n<p>Uanset om du er en inkarneret fan eller en erfaren samler, er disse genstande helt sikkert noget for dig. De er perfekte til at give som gave, dekorere eller som et supplement til din samling. Vent ikke l\u00e6ngere, og grib denne mulighed for at udvide din samling. <strong>dit One Piece-univers<\/strong>. \u00c9n ting er sikkert, <strong>piratkopiering<\/strong> Det er aldrig slut!<\/p>\n<h2>Information om Tashigi Marine-figuren\u00a0<\/h2>\n<ul data-mce-fragment=\"1\">\n<li data-mce-fragment=\"1\"><span data-mce-fragment=\"1\"><b data-mce-fragment=\"1\"><u data-mce-fragment=\"1\">One Piece-figur<\/u><\/b>\u00a0Premium One Piece-figur til \u00e6gte pirater<\/span><\/li>\n<\/ul>\n<ul data-mce-fragment=\"1\">\n<li data-mce-fragment=\"1\">\n<b data-mce-fragment=\"1\">Materie<\/b><span data-mce-fragment=\"1\">\u00a0<\/span>PVC<\/li>\n<\/ul>\n<ul data-mce-fragment=\"1\">\n<li data-mce-fragment=\"1\"><span data-mce-fragment=\"1\"><strong data-mce-fragment=\"1\">Dimension<\/strong>\u00a0: 15 cm<\/span><\/li>\n<\/ul>\n<ul data-mce-fragment=\"1\">\n<li data-mce-fragment=\"1\"><span data-mce-fragment=\"1\"><strong data-mce-fragment=\"1\">GRATIS LEVERING<\/strong><\/span><\/li>\n<\/ul>","protected":false},"excerpt":{"rendered":"<p>Jeune pirate, le moment est venu pour toi d&rsquo;acqu\u00e9rir cette Figurine One Piece Tashigi de la Marine. Tu dois savoir que Tashigi est une jeune femme Capitaine de la Marine servant sous les ordres du Vice-Amiral Smoker. C&rsquo;est \u00e9galement l&rsquo;un des adversaires r\u00e9currents de l&rsquo;\u00c9quipage du Chapeau de Paille. D&rsquo;ailleurs, si tu souhaites agrandir ta [&hellip;]<\/p>","protected":false},"featured_media":13697,"comment_status":"open","ping_status":"open","template":"","meta":[],"product_brand":[],"product_cat":[76],"product_tag":[397],"class_list":{"0":"post-13695","1":"product","2":"type-product","3":"status-publish","4":"has-post-thumbnail","6":"product_cat-figurines-one-piece","7":"product_tag-tashigi","9":"first","10":"instock","11":"purchasable","12":"product-type-simple"},"yoast_head":"<!-- This site is optimized with the Yoast SEO plugin v27.5 - https:\/\/yoast.com\/product\/yoast-seo-wordpress\/ -->\n<title>Figurine One Piece Tashigi de la Marine | Figurine One Piece \u2013 Boutique One Piece<\/title>\n<meta name=\"description\" content=\"Jeune pirate, le moment est venu pour toi d&#039;acqu\u00e9rir cette Figurine One Piece Tashigi de la Marine. Tu dois savoir que Tashigi est une jeune femme Capitaine de la Marine servant sous les ordres du Vice-Amiral Smoker. C&#039;est \u00e9galement l&#039;un des adversaires r\u00e9currents de l&#039;\u00c9quipage du Chapeau de Paille. D&#039;ailleurs, si tu s\" \/>\n<meta name=\"robots\" content=\"index, follow, max-snippet:-1, max-image-preview:large, max-video-preview:-1\" \/>\n<link rel=\"canonical\" href=\"https:\/\/boutique-one-piece.com\/da\/one-piece-figurer-2\/marinebla-one-piece-tashigi-figur\/\" \/>\n<meta property=\"og:locale\" content=\"da_DK\" \/>\n<meta property=\"og:type\" content=\"article\" \/>\n<meta property=\"og:title\" content=\"Figurine One Piece Tashigi de la Marine | Figurine One Piece \u2013 Boutique One Piece\" \/>\n<meta property=\"og:description\" content=\"Jeune pirate, le moment est venu pour toi d&#039;acqu\u00e9rir cette Figurine One Piece Tashigi de la Marine. Tu dois savoir que Tashigi est une jeune femme Capitaine de la Marine servant sous les ordres du Vice-Amiral Smoker. C&#039;est \u00e9galement l&#039;un des adversaires r\u00e9currents de l&#039;\u00c9quipage du Chapeau de Paille. D&#039;ailleurs, si tu s\" \/>\n<meta property=\"og:url\" content=\"https:\/\/boutique-one-piece.com\/da\/one-piece-figurer-2\/marinebla-one-piece-tashigi-figur\/\" \/>\n<meta property=\"og:site_name\" content=\"Boutique One Piece\" \/>\n<meta property=\"article:modified_time\" content=\"2024-09-16T13:21:37+00:00\" \/>\n<meta property=\"og:image\" content=\"https:\/\/boutique-one-piece.com\/wp-content\/uploads\/2022\/09\/Figurine-One-Piece-Tashigi-de-la-Marine-1.jpg\" \/>\n\t<meta property=\"og:image:width\" content=\"640\" \/>\n\t<meta property=\"og:image:height\" content=\"640\" \/>\n\t<meta property=\"og:image:type\" content=\"image\/jpeg\" \/>\n<meta name=\"twitter:card\" content=\"summary_large_image\" \/>\n<meta name=\"twitter:label1\" content=\"Estimeret l\u00e6setid\" \/>\n\t<meta name=\"twitter:data1\" content=\"1 minut\" \/>\n<script type=\"application\/ld+json\" class=\"yoast-schema-graph\">{\"@context\":\"https:\\\/\\\/schema.org\",\"@graph\":[{\"@type\":\"WebPage\",\"@id\":\"https:\\\/\\\/boutique-one-piece.com\\\/figurines-one-piece\\\/figurine-one-piece-tashigi-de-la-marine\\\/\",\"url\":\"https:\\\/\\\/boutique-one-piece.com\\\/figurines-one-piece\\\/figurine-one-piece-tashigi-de-la-marine\\\/\",\"name\":\"Figurine One Piece Tashigi de la Marine | Figurine One Piece \u2013 Boutique One Piece\",\"isPartOf\":{\"@id\":\"https:\\\/\\\/boutique-one-piece.com\\\/#website\"},\"primaryImageOfPage\":{\"@id\":\"https:\\\/\\\/boutique-one-piece.com\\\/figurines-one-piece\\\/figurine-one-piece-tashigi-de-la-marine\\\/#primaryimage\"},\"image\":{\"@id\":\"https:\\\/\\\/boutique-one-piece.com\\\/figurines-one-piece\\\/figurine-one-piece-tashigi-de-la-marine\\\/#primaryimage\"},\"thumbnailUrl\":\"https:\\\/\\\/boutique-one-piece.com\\\/wp-content\\\/uploads\\\/2022\\\/09\\\/Figurine-One-Piece-Tashigi-de-la-Marine-1.jpg\",\"datePublished\":\"2022-09-27T21:22:12+00:00\",\"dateModified\":\"2024-09-16T13:21:37+00:00\",\"description\":\"Jeune pirate, le moment est venu pour toi d'acqu\u00e9rir cette Figurine One Piece Tashigi de la Marine. Tu dois savoir que Tashigi est une jeune femme Capitaine de la Marine servant sous les ordres du Vice-Amiral Smoker. C'est \u00e9galement l'un des adversaires r\u00e9currents de l'\u00c9quipage du Chapeau de Paille. D'ailleurs, si tu s\",\"breadcrumb\":{\"@id\":\"https:\\\/\\\/boutique-one-piece.com\\\/figurines-one-piece\\\/figurine-one-piece-tashigi-de-la-marine\\\/#breadcrumb\"},\"inLanguage\":\"da-DK\",\"potentialAction\":[{\"@type\":\"ReadAction\",\"target\":[\"https:\\\/\\\/boutique-one-piece.com\\\/figurines-one-piece\\\/figurine-one-piece-tashigi-de-la-marine\\\/\"]}]},{\"@type\":\"ImageObject\",\"inLanguage\":\"da-DK\",\"@id\":\"https:\\\/\\\/boutique-one-piece.com\\\/figurines-one-piece\\\/figurine-one-piece-tashigi-de-la-marine\\\/#primaryimage\",\"url\":\"https:\\\/\\\/boutique-one-piece.com\\\/wp-content\\\/uploads\\\/2022\\\/09\\\/Figurine-One-Piece-Tashigi-de-la-Marine-1.jpg\",\"contentUrl\":\"https:\\\/\\\/boutique-one-piece.com\\\/wp-content\\\/uploads\\\/2022\\\/09\\\/Figurine-One-Piece-Tashigi-de-la-Marine-1.jpg\",\"width\":640,\"height\":640},{\"@type\":\"BreadcrumbList\",\"@id\":\"https:\\\/\\\/boutique-one-piece.com\\\/figurines-one-piece\\\/figurine-one-piece-tashigi-de-la-marine\\\/#breadcrumb\",\"itemListElement\":[{\"@type\":\"ListItem\",\"position\":1,\"name\":\"Home\",\"item\":\"https:\\\/\\\/boutique-one-piece.com\\\/\"},{\"@type\":\"ListItem\",\"position\":2,\"name\":\"Shop\",\"item\":\"https:\\\/\\\/boutique-one-piece.com\\\/shop\\\/\"},{\"@type\":\"ListItem\",\"position\":3,\"name\":\"Figurine One Piece Tashigi de la Marine\"}]},{\"@type\":\"WebSite\",\"@id\":\"https:\\\/\\\/boutique-one-piece.com\\\/#website\",\"url\":\"https:\\\/\\\/boutique-one-piece.com\\\/\",\"name\":\"Boutique One Piece\",\"description\":\"Magasin Sp\u00e9cialis\u00e9 du Manga et l&#039;Anime One Piece\",\"publisher\":{\"@id\":\"https:\\\/\\\/boutique-one-piece.com\\\/#organization\"},\"potentialAction\":[{\"@type\":\"SearchAction\",\"target\":{\"@type\":\"EntryPoint\",\"urlTemplate\":\"https:\\\/\\\/boutique-one-piece.com\\\/?s={search_term_string}\"},\"query-input\":{\"@type\":\"PropertyValueSpecification\",\"valueRequired\":true,\"valueName\":\"search_term_string\"}}],\"inLanguage\":\"da-DK\"},{\"@type\":\"Organization\",\"@id\":\"https:\\\/\\\/boutique-one-piece.com\\\/#organization\",\"name\":\"Boutique One Piece\",\"url\":\"https:\\\/\\\/boutique-one-piece.com\\\/\",\"logo\":{\"@type\":\"ImageObject\",\"inLanguage\":\"da-DK\",\"@id\":\"https:\\\/\\\/boutique-one-piece.com\\\/#\\\/schema\\\/logo\\\/image\\\/\",\"url\":\"https:\\\/\\\/boutique-one-piece.com\\\/wp-content\\\/uploads\\\/2022\\\/09\\\/Logo-01.png\",\"contentUrl\":\"https:\\\/\\\/boutique-one-piece.com\\\/wp-content\\\/uploads\\\/2022\\\/09\\\/Logo-01.png\",\"width\":2318,\"height\":957,\"caption\":\"Boutique One Piece\"},\"image\":{\"@id\":\"https:\\\/\\\/boutique-one-piece.com\\\/#\\\/schema\\\/logo\\\/image\\\/\"}}]}<\/script>\n<!-- \/ Yoast SEO plugin. -->","yoast_head_json":{"title":"One Piece Tashigi-figur af fl\u00e5den | One Piece-figur \u2013 One Piece Shop","description":"Unge pirat, tiden er kommet til at du anskaffer dig denne One Piece Tashigi Marine-figur. Du b\u00f8r vide, at Tashigi er en ung kvindelig marinekaptajn, der tjener under viceadmiral Smoker. Hun er ogs\u00e5 en af Straw Hat-bes\u00e6tningens tilbagevendende modstandere. Desuden, hvis du...","robots":{"index":"index","follow":"follow","max-snippet":"max-snippet:-1","max-image-preview":"max-image-preview:large","max-video-preview":"max-video-preview:-1"},"canonical":"https:\/\/boutique-one-piece.com\/da\/one-piece-figurer-2\/marinebla-one-piece-tashigi-figur\/","og_locale":"da_DK","og_type":"article","og_title":"Figurine One Piece Tashigi de la Marine | Figurine One Piece \u2013 Boutique One Piece","og_description":"Jeune pirate, le moment est venu pour toi d'acqu\u00e9rir cette Figurine One Piece Tashigi de la Marine. Tu dois savoir que Tashigi est une jeune femme Capitaine de la Marine servant sous les ordres du Vice-Amiral Smoker. C'est \u00e9galement l'un des adversaires r\u00e9currents de l'\u00c9quipage du Chapeau de Paille. D'ailleurs, si tu s","og_url":"https:\/\/boutique-one-piece.com\/da\/one-piece-figurer-2\/marinebla-one-piece-tashigi-figur\/","og_site_name":"Boutique One Piece","article_modified_time":"2024-09-16T13:21:37+00:00","og_image":[{"width":640,"height":640,"url":"https:\/\/boutique-one-piece.com\/wp-content\/uploads\/2022\/09\/Figurine-One-Piece-Tashigi-de-la-Marine-1.jpg","type":"image\/jpeg"}],"twitter_card":"summary_large_image","twitter_misc":{"Estimeret l\u00e6setid":"1 minut"},"schema":{"@context":"https:\/\/schema.org","@graph":[{"@type":"WebPage","@id":"https:\/\/boutique-one-piece.com\/figurines-one-piece\/figurine-one-piece-tashigi-de-la-marine\/","url":"https:\/\/boutique-one-piece.com\/figurines-one-piece\/figurine-one-piece-tashigi-de-la-marine\/","name":"One Piece Tashigi-figur af fl\u00e5den | One Piece-figur \u2013 One Piece Shop","isPartOf":{"@id":"https:\/\/boutique-one-piece.com\/#website"},"primaryImageOfPage":{"@id":"https:\/\/boutique-one-piece.com\/figurines-one-piece\/figurine-one-piece-tashigi-de-la-marine\/#primaryimage"},"image":{"@id":"https:\/\/boutique-one-piece.com\/figurines-one-piece\/figurine-one-piece-tashigi-de-la-marine\/#primaryimage"},"thumbnailUrl":"https:\/\/boutique-one-piece.com\/wp-content\/uploads\/2022\/09\/Figurine-One-Piece-Tashigi-de-la-Marine-1.jpg","datePublished":"2022-09-27T21:22:12+00:00","dateModified":"2024-09-16T13:21:37+00:00","description":"Unge pirat, tiden er kommet til at du anskaffer dig denne One Piece Tashigi Marine-figur. Du b\u00f8r vide, at Tashigi er en ung kvindelig marinekaptajn, der tjener under viceadmiral Smoker. Hun er ogs\u00e5 en af Straw Hat-bes\u00e6tningens tilbagevendende modstandere. Desuden, hvis du...","breadcrumb":{"@id":"https:\/\/boutique-one-piece.com\/figurines-one-piece\/figurine-one-piece-tashigi-de-la-marine\/#breadcrumb"},"inLanguage":"da-DK","potentialAction":[{"@type":"ReadAction","target":["https:\/\/boutique-one-piece.com\/figurines-one-piece\/figurine-one-piece-tashigi-de-la-marine\/"]}]},{"@type":"ImageObject","inLanguage":"da-DK","@id":"https:\/\/boutique-one-piece.com\/figurines-one-piece\/figurine-one-piece-tashigi-de-la-marine\/#primaryimage","url":"https:\/\/boutique-one-piece.com\/wp-content\/uploads\/2022\/09\/Figurine-One-Piece-Tashigi-de-la-Marine-1.jpg","contentUrl":"https:\/\/boutique-one-piece.com\/wp-content\/uploads\/2022\/09\/Figurine-One-Piece-Tashigi-de-la-Marine-1.jpg","width":640,"height":640},{"@type":"BreadcrumbList","@id":"https:\/\/boutique-one-piece.com\/figurines-one-piece\/figurine-one-piece-tashigi-de-la-marine\/#breadcrumb","itemListElement":[{"@type":"ListItem","position":1,"name":"Home","item":"https:\/\/boutique-one-piece.com\/"},{"@type":"ListItem","position":2,"name":"Shop","item":"https:\/\/boutique-one-piece.com\/shop\/"},{"@type":"ListItem","position":3,"name":"Figurine One Piece Tashigi de la Marine"}]},{"@type":"WebSite","@id":"https:\/\/boutique-one-piece.com\/#website","url":"https:\/\/boutique-one-piece.com\/","name":"One Piece Shop","description":"Specialbutik for One Piece Manga og Anime","publisher":{"@id":"https:\/\/boutique-one-piece.com\/#organization"},"potentialAction":[{"@type":"SearchAction","target":{"@type":"EntryPoint","urlTemplate":"https:\/\/boutique-one-piece.com\/?s={search_term_string}"},"query-input":{"@type":"PropertyValueSpecification","valueRequired":true,"valueName":"search_term_string"}}],"inLanguage":"da-DK"},{"@type":"Organization","@id":"https:\/\/boutique-one-piece.com\/#organization","name":"One Piece Shop","url":"https:\/\/boutique-one-piece.com\/","logo":{"@type":"ImageObject","inLanguage":"da-DK","@id":"https:\/\/boutique-one-piece.com\/#\/schema\/logo\/image\/","url":"https:\/\/boutique-one-piece.com\/wp-content\/uploads\/2022\/09\/Logo-01.png","contentUrl":"https:\/\/boutique-one-piece.com\/wp-content\/uploads\/2022\/09\/Logo-01.png","width":2318,"height":957,"caption":"Boutique One Piece"},"image":{"@id":"https:\/\/boutique-one-piece.com\/#\/schema\/logo\/image\/"}}]}},"_links":{"self":[{"href":"https:\/\/boutique-one-piece.com\/da\/wp-json\/wp\/v2\/product\/13695","targetHints":{"allow":["GET"]}}],"collection":[{"href":"https:\/\/boutique-one-piece.com\/da\/wp-json\/wp\/v2\/product"}],"about":[{"href":"https:\/\/boutique-one-piece.com\/da\/wp-json\/wp\/v2\/types\/product"}],"replies":[{"embeddable":true,"href":"https:\/\/boutique-one-piece.com\/da\/wp-json\/wp\/v2\/comments?post=13695"}],"wp:featuredmedia":[{"embeddable":true,"href":"https:\/\/boutique-one-piece.com\/da\/wp-json\/wp\/v2\/media\/13697"}],"wp:attachment":[{"href":"https:\/\/boutique-one-piece.com\/da\/wp-json\/wp\/v2\/media?parent=13695"}],"wp:term":[{"taxonomy":"product_brand","embeddable":true,"href":"https:\/\/boutique-one-piece.com\/da\/wp-json\/wp\/v2\/product_brand?post=13695"},{"taxonomy":"product_cat","embeddable":true,"href":"https:\/\/boutique-one-piece.com\/da\/wp-json\/wp\/v2\/product_cat?post=13695"},{"taxonomy":"product_tag","embeddable":true,"href":"https:\/\/boutique-one-piece.com\/da\/wp-json\/wp\/v2\/product_tag?post=13695"}],"curies":[{"name":"wp","href":"https:\/\/api.w.org\/{rel}","templated":true}]}}