{"id":13861,"date":"2022-09-27T21:23:16","date_gmt":"2022-09-27T21:23:16","guid":{"rendered":"https:\/\/boutique-one-piece.com\/uncategorized\/figurine-one-piece-roronoa-zoro-wano-kuni\/"},"modified":"2024-09-16T13:25:21","modified_gmt":"2024-09-16T13:25:21","slug":"et-stykke-figur-roronoa-zoro-wano-kuni","status":"publish","type":"product","link":"https:\/\/boutique-one-piece.com\/da\/one-piece-godter\/roronoa-zoro-laekkerier-i-et-stykke\/et-stykke-figur-roronoa-zoro-wano-kuni\/","title":{"rendered":"One Piece Roronoa Zoro Wano Kuni figur"},"content":{"rendered":"<h2>Unge pirat, tiden er inde til at du f\u00e5r denne One Piece Roronoa Zoro Wano Kuni-figur.<\/h2>\n<p>Som en p\u00e5mindelse, <strong>Wa-landet<\/strong> (Wano Kuni), ogs\u00e5 tidligere kendt som &quot;Guldlandet&quot;, er et land, der prim\u00e6rt befolkes af samurai og ninja, som ikke er tilknyttet Verdensregeringen. Dette land er ekstremt rigt p\u00e5 ressourcer, da det engang blev kaldt <strong>det gyldne land<\/strong>, Det var konstant eftertragtet af udenforst\u00e5ende som pirater og fremmede lande.<\/p>\n<p>Hvad ang\u00e5r <strong>Roronoa Zoro<\/strong>, Han er en mester i sv\u00e6rdk\u00e6mper, der kan bruge adskillige kampstile, hvoraf den mest karakteristiske er antallet af sv\u00e6rd, han bruger. Hans kampf\u00e6rdigheder er s\u00e5 imponerende, at han nogle gange giver dem uden for Straw Hat-bes\u00e6tningen indtryk af, at han er den rigtige kaptajn. Hvis du forresten gerne vil udvide din figursamling, er... <a title=\"ET STK LUFFY SAMURAI SVERD KAMPFIGUR WANO KUNI\" href=\"https:\/\/boutique-one-piece.com\/da\/et-stykke-figur-luffy-samurai-fight-al-pee-wano-kuni\/\" target=\"_blank\" rel=\"noopener\">Luffy figur som samurai Wano Kuni<\/a> er inden for din r\u00e6kkevidde.<\/p>\n<h3>S\u00e5 er du fascineret af Roronoa Zoro Wano Kuni-figuren? Hvis ja, s\u00e5 tag med ham til Wano Land; mange eventyr venter dig.<\/h3>\n<p>Uanset om du er en livslang fan eller en dedikeret samler, s\u00e5 v\u00e6r stolt af at v\u00e6re en del af <strong>One Piece-eventyret<\/strong>. Vent ikke l\u00e6ngere, og f\u00e5 fingrene i disse legendariske genstande, der vil transportere dig tilbage til denne sh\u014dnen mangas verden. Tag din sk\u00e6bne i dine egne h\u00e6nder!,<strong> ung pirat<\/strong> og oplevede mange eventyr ombord p\u00e5 Thousand Sunny.<\/p>\n<h2>Information om Roronoa Zoro Wano Kuni Figur\u00a0<\/h2>\n<ul data-mce-fragment=\"1\">\n<li data-mce-fragment=\"1\"><span data-mce-fragment=\"1\"><b data-mce-fragment=\"1\"><u data-mce-fragment=\"1\">One Piece-figur<\/u><\/b>\u00a0Premium One Piece-figur til \u00e6gte pirater<\/span><\/li>\n<\/ul>\n<ul data-mce-fragment=\"1\">\n<li data-mce-fragment=\"1\">\n<b data-mce-fragment=\"1\">Materie<\/b><span data-mce-fragment=\"1\">\u00a0<\/span>PVC<\/li>\n<\/ul>\n<ul data-mce-fragment=\"1\">\n<li data-mce-fragment=\"1\"><span data-mce-fragment=\"1\"><strong data-mce-fragment=\"1\">Dimension<\/strong>\u00a0: 36 cm<\/span><\/li>\n<\/ul>\n<ul data-mce-fragment=\"1\">\n<li data-mce-fragment=\"1\"><span data-mce-fragment=\"1\"><strong data-mce-fragment=\"1\">GRATIS LEVERING<\/strong><\/span><\/li>\n<\/ul>","protected":false},"excerpt":{"rendered":"<p>Jeune pirate, le moment est venu pour toi de te procurer cette Figurine One Piece Roronoa Zoro Wano Kuni. Pour rappel, Le Pays des Wa (Wano Kuni) aussi appel\u00e9 anciennement \u00ab\u00a0Pays de l&rsquo;Or\u00a0\u00bb est un pays peupl\u00e9 essentiellement de samoura\u00efs et de ninjas, non affili\u00e9 au Gouvernement Mondial. Ce pays est extr\u00eamement riche en ressources, [&hellip;]<\/p>","protected":false},"featured_media":13863,"comment_status":"open","ping_status":"open","template":"","meta":[],"product_brand":[],"product_cat":[76,215,162,151],"product_tag":[217,113],"class_list":{"0":"post-13861","1":"product","2":"type-product","3":"status-publish","4":"has-post-thumbnail","6":"product_cat-figurines-one-piece","7":"product_cat-figurines-one-piece-wano-kuni","8":"product_cat-figurines-roronoa-zoro","9":"product_cat-goodies-roronoa-zoro-one-piece","10":"product_tag-wano-kuni","11":"product_tag-zoro","13":"first","14":"instock","15":"purchasable","16":"product-type-simple"},"yoast_head":"<!-- This site is optimized with the Yoast SEO plugin v27.5 - https:\/\/yoast.com\/product\/yoast-seo-wordpress\/ -->\n<title>Figurine One Piece Roronoa Zoro Wano Kuni | Figurine One Piece \u2013 Boutique One Piece<\/title>\n<meta name=\"description\" content=\"Jeune pirate, le moment est venu pour toi de te procurer cette Figurine One Piece Roronoa Zoro Wano Kuni. Pour rappel, Le Pays des Wa (Wano Kuni) aussi appel\u00e9 anciennement &quot;Pays de l&#039;Or&quot; est un pays peupl\u00e9 essentiellement de samoura\u00efs et de ninjas, non affili\u00e9 au Gouvernement Mondial. Ce pays est extr\u00eamement riche en r\" \/>\n<meta name=\"robots\" content=\"index, follow, max-snippet:-1, max-image-preview:large, max-video-preview:-1\" \/>\n<link rel=\"canonical\" href=\"https:\/\/boutique-one-piece.com\/da\/one-piece-figurer-2\/one-piece-wano-kuni-figurer\/et-stykke-figur-roronoa-zoro-wano-kuni\/\" \/>\n<meta property=\"og:locale\" content=\"da_DK\" \/>\n<meta property=\"og:type\" content=\"article\" \/>\n<meta property=\"og:title\" content=\"Figurine One Piece Roronoa Zoro Wano Kuni | Figurine One Piece \u2013 Boutique One Piece\" \/>\n<meta property=\"og:description\" content=\"Jeune pirate, le moment est venu pour toi de te procurer cette Figurine One Piece Roronoa Zoro Wano Kuni. Pour rappel, Le Pays des Wa (Wano Kuni) aussi appel\u00e9 anciennement &quot;Pays de l&#039;Or&quot; est un pays peupl\u00e9 essentiellement de samoura\u00efs et de ninjas, non affili\u00e9 au Gouvernement Mondial. Ce pays est extr\u00eamement riche en r\" \/>\n<meta property=\"og:url\" content=\"https:\/\/boutique-one-piece.com\/da\/one-piece-figurer-2\/one-piece-wano-kuni-figurer\/et-stykke-figur-roronoa-zoro-wano-kuni\/\" \/>\n<meta property=\"og:site_name\" content=\"Boutique One Piece\" \/>\n<meta property=\"article:modified_time\" content=\"2024-09-16T13:25:21+00:00\" \/>\n<meta property=\"og:image\" content=\"https:\/\/boutique-one-piece.com\/wp-content\/uploads\/2022\/09\/Figurine-One-Piece-Roronoa-Zoro-Wano-Kuni-1.jpg\" \/>\n\t<meta property=\"og:image:width\" content=\"800\" \/>\n\t<meta property=\"og:image:height\" content=\"800\" \/>\n\t<meta property=\"og:image:type\" content=\"image\/jpeg\" \/>\n<meta name=\"twitter:card\" content=\"summary_large_image\" \/>\n<meta name=\"twitter:label1\" content=\"Estimeret l\u00e6setid\" \/>\n\t<meta name=\"twitter:data1\" content=\"1 minut\" \/>\n<script type=\"application\/ld+json\" class=\"yoast-schema-graph\">{\"@context\":\"https:\\\/\\\/schema.org\",\"@graph\":[{\"@type\":\"WebPage\",\"@id\":\"https:\\\/\\\/boutique-one-piece.com\\\/figurines-one-piece\\\/figurines-one-piece-wano-kuni\\\/figurine-one-piece-roronoa-zoro-wano-kuni\\\/\",\"url\":\"https:\\\/\\\/boutique-one-piece.com\\\/figurines-one-piece\\\/figurines-one-piece-wano-kuni\\\/figurine-one-piece-roronoa-zoro-wano-kuni\\\/\",\"name\":\"Figurine One Piece Roronoa Zoro Wano Kuni | Figurine One Piece \u2013 Boutique One Piece\",\"isPartOf\":{\"@id\":\"https:\\\/\\\/boutique-one-piece.com\\\/#website\"},\"primaryImageOfPage\":{\"@id\":\"https:\\\/\\\/boutique-one-piece.com\\\/figurines-one-piece\\\/figurines-one-piece-wano-kuni\\\/figurine-one-piece-roronoa-zoro-wano-kuni\\\/#primaryimage\"},\"image\":{\"@id\":\"https:\\\/\\\/boutique-one-piece.com\\\/figurines-one-piece\\\/figurines-one-piece-wano-kuni\\\/figurine-one-piece-roronoa-zoro-wano-kuni\\\/#primaryimage\"},\"thumbnailUrl\":\"https:\\\/\\\/boutique-one-piece.com\\\/wp-content\\\/uploads\\\/2022\\\/09\\\/Figurine-One-Piece-Roronoa-Zoro-Wano-Kuni-1.jpg\",\"datePublished\":\"2022-09-27T21:23:16+00:00\",\"dateModified\":\"2024-09-16T13:25:21+00:00\",\"description\":\"Jeune pirate, le moment est venu pour toi de te procurer cette Figurine One Piece Roronoa Zoro Wano Kuni. Pour rappel, Le Pays des Wa (Wano Kuni) aussi appel\u00e9 anciennement \\\"Pays de l'Or\\\" est un pays peupl\u00e9 essentiellement de samoura\u00efs et de ninjas, non affili\u00e9 au Gouvernement Mondial. Ce pays est extr\u00eamement riche en r\",\"breadcrumb\":{\"@id\":\"https:\\\/\\\/boutique-one-piece.com\\\/figurines-one-piece\\\/figurines-one-piece-wano-kuni\\\/figurine-one-piece-roronoa-zoro-wano-kuni\\\/#breadcrumb\"},\"inLanguage\":\"da-DK\",\"potentialAction\":[{\"@type\":\"ReadAction\",\"target\":[\"https:\\\/\\\/boutique-one-piece.com\\\/figurines-one-piece\\\/figurines-one-piece-wano-kuni\\\/figurine-one-piece-roronoa-zoro-wano-kuni\\\/\"]}]},{\"@type\":\"ImageObject\",\"inLanguage\":\"da-DK\",\"@id\":\"https:\\\/\\\/boutique-one-piece.com\\\/figurines-one-piece\\\/figurines-one-piece-wano-kuni\\\/figurine-one-piece-roronoa-zoro-wano-kuni\\\/#primaryimage\",\"url\":\"https:\\\/\\\/boutique-one-piece.com\\\/wp-content\\\/uploads\\\/2022\\\/09\\\/Figurine-One-Piece-Roronoa-Zoro-Wano-Kuni-1.jpg\",\"contentUrl\":\"https:\\\/\\\/boutique-one-piece.com\\\/wp-content\\\/uploads\\\/2022\\\/09\\\/Figurine-One-Piece-Roronoa-Zoro-Wano-Kuni-1.jpg\",\"width\":800,\"height\":800},{\"@type\":\"BreadcrumbList\",\"@id\":\"https:\\\/\\\/boutique-one-piece.com\\\/figurines-one-piece\\\/figurines-one-piece-wano-kuni\\\/figurine-one-piece-roronoa-zoro-wano-kuni\\\/#breadcrumb\",\"itemListElement\":[{\"@type\":\"ListItem\",\"position\":1,\"name\":\"Home\",\"item\":\"https:\\\/\\\/boutique-one-piece.com\\\/\"},{\"@type\":\"ListItem\",\"position\":2,\"name\":\"Shop\",\"item\":\"https:\\\/\\\/boutique-one-piece.com\\\/shop\\\/\"},{\"@type\":\"ListItem\",\"position\":3,\"name\":\"Figurine One Piece Roronoa Zoro Wano Kuni\"}]},{\"@type\":\"WebSite\",\"@id\":\"https:\\\/\\\/boutique-one-piece.com\\\/#website\",\"url\":\"https:\\\/\\\/boutique-one-piece.com\\\/\",\"name\":\"Boutique One Piece\",\"description\":\"Magasin Sp\u00e9cialis\u00e9 du Manga et l&#039;Anime One Piece\",\"publisher\":{\"@id\":\"https:\\\/\\\/boutique-one-piece.com\\\/#organization\"},\"potentialAction\":[{\"@type\":\"SearchAction\",\"target\":{\"@type\":\"EntryPoint\",\"urlTemplate\":\"https:\\\/\\\/boutique-one-piece.com\\\/?s={search_term_string}\"},\"query-input\":{\"@type\":\"PropertyValueSpecification\",\"valueRequired\":true,\"valueName\":\"search_term_string\"}}],\"inLanguage\":\"da-DK\"},{\"@type\":\"Organization\",\"@id\":\"https:\\\/\\\/boutique-one-piece.com\\\/#organization\",\"name\":\"Boutique One Piece\",\"url\":\"https:\\\/\\\/boutique-one-piece.com\\\/\",\"logo\":{\"@type\":\"ImageObject\",\"inLanguage\":\"da-DK\",\"@id\":\"https:\\\/\\\/boutique-one-piece.com\\\/#\\\/schema\\\/logo\\\/image\\\/\",\"url\":\"https:\\\/\\\/boutique-one-piece.com\\\/wp-content\\\/uploads\\\/2022\\\/09\\\/Logo-01.png\",\"contentUrl\":\"https:\\\/\\\/boutique-one-piece.com\\\/wp-content\\\/uploads\\\/2022\\\/09\\\/Logo-01.png\",\"width\":2318,\"height\":957,\"caption\":\"Boutique One Piece\"},\"image\":{\"@id\":\"https:\\\/\\\/boutique-one-piece.com\\\/#\\\/schema\\\/logo\\\/image\\\/\"}}]}<\/script>\n<!-- \/ Yoast SEO plugin. -->","yoast_head_json":{"title":"One Piece Roronoa Zoro Wano Kuni figur | One Piece figur \u2013 One Piece Shop","description":"Unge pirat, tiden er kommet til at f\u00e5 fingrene i denne One Piece Roronoa Zoro Wano Country-figur. Som en p\u00e5mindelse er Wano-landet (Wano Country), ogs\u00e5 tidligere kendt som &quot;Guldlandet&quot;, et land, der hovedsageligt er beboet af samurai og ninjaer, og det er ikke tilknyttet Verdensregeringen. Dette land er ekstremt rigt p\u00e5 ressourcer.","robots":{"index":"index","follow":"follow","max-snippet":"max-snippet:-1","max-image-preview":"max-image-preview:large","max-video-preview":"max-video-preview:-1"},"canonical":"https:\/\/boutique-one-piece.com\/da\/one-piece-figurer-2\/one-piece-wano-kuni-figurer\/et-stykke-figur-roronoa-zoro-wano-kuni\/","og_locale":"da_DK","og_type":"article","og_title":"Figurine One Piece Roronoa Zoro Wano Kuni | Figurine One Piece \u2013 Boutique One Piece","og_description":"Jeune pirate, le moment est venu pour toi de te procurer cette Figurine One Piece Roronoa Zoro Wano Kuni. Pour rappel, Le Pays des Wa (Wano Kuni) aussi appel\u00e9 anciennement \"Pays de l'Or\" est un pays peupl\u00e9 essentiellement de samoura\u00efs et de ninjas, non affili\u00e9 au Gouvernement Mondial. Ce pays est extr\u00eamement riche en r","og_url":"https:\/\/boutique-one-piece.com\/da\/one-piece-figurer-2\/one-piece-wano-kuni-figurer\/et-stykke-figur-roronoa-zoro-wano-kuni\/","og_site_name":"Boutique One Piece","article_modified_time":"2024-09-16T13:25:21+00:00","og_image":[{"width":800,"height":800,"url":"https:\/\/boutique-one-piece.com\/wp-content\/uploads\/2022\/09\/Figurine-One-Piece-Roronoa-Zoro-Wano-Kuni-1.jpg","type":"image\/jpeg"}],"twitter_card":"summary_large_image","twitter_misc":{"Estimeret l\u00e6setid":"1 minut"},"schema":{"@context":"https:\/\/schema.org","@graph":[{"@type":"WebPage","@id":"https:\/\/boutique-one-piece.com\/figurines-one-piece\/figurines-one-piece-wano-kuni\/figurine-one-piece-roronoa-zoro-wano-kuni\/","url":"https:\/\/boutique-one-piece.com\/figurines-one-piece\/figurines-one-piece-wano-kuni\/figurine-one-piece-roronoa-zoro-wano-kuni\/","name":"One Piece Roronoa Zoro Wano Kuni figur | One Piece figur \u2013 One Piece Shop","isPartOf":{"@id":"https:\/\/boutique-one-piece.com\/#website"},"primaryImageOfPage":{"@id":"https:\/\/boutique-one-piece.com\/figurines-one-piece\/figurines-one-piece-wano-kuni\/figurine-one-piece-roronoa-zoro-wano-kuni\/#primaryimage"},"image":{"@id":"https:\/\/boutique-one-piece.com\/figurines-one-piece\/figurines-one-piece-wano-kuni\/figurine-one-piece-roronoa-zoro-wano-kuni\/#primaryimage"},"thumbnailUrl":"https:\/\/boutique-one-piece.com\/wp-content\/uploads\/2022\/09\/Figurine-One-Piece-Roronoa-Zoro-Wano-Kuni-1.jpg","datePublished":"2022-09-27T21:23:16+00:00","dateModified":"2024-09-16T13:25:21+00:00","description":"Unge pirat, tiden er kommet til at f\u00e5 fingrene i denne One Piece Roronoa Zoro Wano Country-figur. Som en p\u00e5mindelse er Wano-landet (Wano Country), ogs\u00e5 tidligere kendt som &quot;Guldlandet&quot;, et land, der hovedsageligt er beboet af samurai og ninjaer, og det er ikke tilknyttet Verdensregeringen. Dette land er ekstremt rigt p\u00e5 ressourcer.","breadcrumb":{"@id":"https:\/\/boutique-one-piece.com\/figurines-one-piece\/figurines-one-piece-wano-kuni\/figurine-one-piece-roronoa-zoro-wano-kuni\/#breadcrumb"},"inLanguage":"da-DK","potentialAction":[{"@type":"ReadAction","target":["https:\/\/boutique-one-piece.com\/figurines-one-piece\/figurines-one-piece-wano-kuni\/figurine-one-piece-roronoa-zoro-wano-kuni\/"]}]},{"@type":"ImageObject","inLanguage":"da-DK","@id":"https:\/\/boutique-one-piece.com\/figurines-one-piece\/figurines-one-piece-wano-kuni\/figurine-one-piece-roronoa-zoro-wano-kuni\/#primaryimage","url":"https:\/\/boutique-one-piece.com\/wp-content\/uploads\/2022\/09\/Figurine-One-Piece-Roronoa-Zoro-Wano-Kuni-1.jpg","contentUrl":"https:\/\/boutique-one-piece.com\/wp-content\/uploads\/2022\/09\/Figurine-One-Piece-Roronoa-Zoro-Wano-Kuni-1.jpg","width":800,"height":800},{"@type":"BreadcrumbList","@id":"https:\/\/boutique-one-piece.com\/figurines-one-piece\/figurines-one-piece-wano-kuni\/figurine-one-piece-roronoa-zoro-wano-kuni\/#breadcrumb","itemListElement":[{"@type":"ListItem","position":1,"name":"Home","item":"https:\/\/boutique-one-piece.com\/"},{"@type":"ListItem","position":2,"name":"Shop","item":"https:\/\/boutique-one-piece.com\/shop\/"},{"@type":"ListItem","position":3,"name":"Figurine One Piece Roronoa Zoro Wano Kuni"}]},{"@type":"WebSite","@id":"https:\/\/boutique-one-piece.com\/#website","url":"https:\/\/boutique-one-piece.com\/","name":"One Piece Shop","description":"Specialbutik for One Piece Manga og Anime","publisher":{"@id":"https:\/\/boutique-one-piece.com\/#organization"},"potentialAction":[{"@type":"SearchAction","target":{"@type":"EntryPoint","urlTemplate":"https:\/\/boutique-one-piece.com\/?s={search_term_string}"},"query-input":{"@type":"PropertyValueSpecification","valueRequired":true,"valueName":"search_term_string"}}],"inLanguage":"da-DK"},{"@type":"Organization","@id":"https:\/\/boutique-one-piece.com\/#organization","name":"One Piece Shop","url":"https:\/\/boutique-one-piece.com\/","logo":{"@type":"ImageObject","inLanguage":"da-DK","@id":"https:\/\/boutique-one-piece.com\/#\/schema\/logo\/image\/","url":"https:\/\/boutique-one-piece.com\/wp-content\/uploads\/2022\/09\/Logo-01.png","contentUrl":"https:\/\/boutique-one-piece.com\/wp-content\/uploads\/2022\/09\/Logo-01.png","width":2318,"height":957,"caption":"Boutique One Piece"},"image":{"@id":"https:\/\/boutique-one-piece.com\/#\/schema\/logo\/image\/"}}]}},"_links":{"self":[{"href":"https:\/\/boutique-one-piece.com\/da\/wp-json\/wp\/v2\/product\/13861","targetHints":{"allow":["GET"]}}],"collection":[{"href":"https:\/\/boutique-one-piece.com\/da\/wp-json\/wp\/v2\/product"}],"about":[{"href":"https:\/\/boutique-one-piece.com\/da\/wp-json\/wp\/v2\/types\/product"}],"replies":[{"embeddable":true,"href":"https:\/\/boutique-one-piece.com\/da\/wp-json\/wp\/v2\/comments?post=13861"}],"wp:featuredmedia":[{"embeddable":true,"href":"https:\/\/boutique-one-piece.com\/da\/wp-json\/wp\/v2\/media\/13863"}],"wp:attachment":[{"href":"https:\/\/boutique-one-piece.com\/da\/wp-json\/wp\/v2\/media?parent=13861"}],"wp:term":[{"taxonomy":"product_brand","embeddable":true,"href":"https:\/\/boutique-one-piece.com\/da\/wp-json\/wp\/v2\/product_brand?post=13861"},{"taxonomy":"product_cat","embeddable":true,"href":"https:\/\/boutique-one-piece.com\/da\/wp-json\/wp\/v2\/product_cat?post=13861"},{"taxonomy":"product_tag","embeddable":true,"href":"https:\/\/boutique-one-piece.com\/da\/wp-json\/wp\/v2\/product_tag?post=13861"}],"curies":[{"name":"wp","href":"https:\/\/api.w.org\/{rel}","templated":true}]}}