{"id":14473,"date":"2022-09-27T21:27:04","date_gmt":"2022-09-27T21:27:04","guid":{"rendered":"https:\/\/boutique-one-piece.com\/uncategorized\/avis-de-recherche-x-drake-wanted\/"},"modified":"2024-09-16T13:41:36","modified_gmt":"2024-09-16T13:41:36","slug":"efterlysningsplakat-x-drake-efterlyses","status":"publish","type":"product","link":"https:\/\/boutique-one-piece.com\/da\/one-piece-efterlysningsplakat\/efterlysningsplakat-x-drake-efterlyses\/","title":{"rendered":"\u00d8nskes varsel X Drake s\u00f8ges"},"content":{"rendered":"<h2>Hvis du kan lide dinosaurer og One Piece, har vi fundet en m\u00e5de at gl\u00e6de dig p\u00e5 med denne X Drake Wanted-plakat.<\/h2>\n<p>Har du nogensinde overvejet at tilf\u00f8je et strejf af noget, du br\u00e6nder for, til din indretning? Denne efterlysningsplakat til X Drake, en kompleks figur fra One Piece, er perfekt til dig. X Drake er en <strong>pirat<\/strong> og kaptajnen p\u00e5 sin egen bes\u00e6tning, en del af den v\u00e6rste generation, som virker ret rolig og eftert\u00e6nksom. F\u00f8r han blev pirat, var han en del af marinekorpset.<\/p>\n<p>Det var i hvert fald det, vi troede, da vi for nylig fandt ud af, at han stadig havde t\u00e6tte b\u00e5nd til fl\u00e5den, og at han blev pirat for at infiltrere milj\u00f8et og <strong>underrette fl\u00e5den<\/strong>.<\/p>\n<h3>Find din dr\u00f8mmeplakat med den figur, der passer bedst til dig, takket v\u00e6re denne efterlysningsplakat til X Drake.<\/h3>\n<p>Men hvad har dette at g\u00f8re med dinosauren? Hvis du kender figuren godt, kender du allerede svaret ... Ellers burde du vide, at X Drake spiste Dj\u00e6velens Frugt ... <strong>Ryu Ryu no mi<\/strong> som er en gammel Zoan, der tillader ham at forvandle sig til <strong>Allosaurus<\/strong> og til at vokse dramatisk i styrke og st\u00f8rrelse. Dus\u00f8ren p\u00e5 X Drakes hoved er 222 millioner b\u00e6r.<\/p>\n<p>Hvis du har en passion for bonusser,\u2019<a href=\"https:\/\/boutique-one-piece.com\/da\/one-piece-efterlysningsplakat\/produkter\/one-piece-trafalgar-law-efterlyst-plakat\/\" target=\"_blank\" title=\"Trafalgar Law \u00f8nskede besked\" rel=\"noopener noreferrer\">\u00f8nskede besked fra Trafalgar Law<\/a> Du vil kunne lide det.<\/p>\n<p>\u00a0<\/p>\n<h2>Information om One Piece Wanted X Drake-plakaten<\/h2>\n<ul>\n<li><span><b><u>One Piece Wanted-plakat<\/u><\/b>\u00a0En \u00e6gte One Piece-efterlysningsplakat til \u00e6gte pirater<\/span><\/li>\n<\/ul>\n<ul>\n<li>\n<b><u>X Drakes Prime<\/u><\/b>\u00a0222.000.000 b\u00e6r<\/li>\n<\/ul>\n<ul>\n<li><span><strong>Udskrivning i h\u00f8j kvalitet<\/strong>\u00a0pr\u00e6cise farver<\/span><\/li>\n<\/ul>\n<ul>\n<li>\n<strong>Dimension<\/strong>\u00a0: 51 cm x 36 cm<\/li>\n<\/ul>\n<ul>\n<li><span><strong>GRATIS LEVERING<\/strong><\/span><\/li>\n<\/ul>","protected":false},"excerpt":{"rendered":"<p>Si tu aimes les dinosaures et One Piece, nous avons trouv\u00e9 un moyen de te faire plaisir avec cet Avis de Recherche X Drake Wanted. N&rsquo;as-tu jamais pens\u00e9 \u00e0 ajouter une touche de quelque chose qui te passionne dans ta d\u00e9coration ? Cet avis de recherche \u00e0 propos de X Drake, un personnage complexe de [&hellip;]<\/p>","protected":false},"featured_media":14475,"comment_status":"open","ping_status":"open","template":"","meta":[],"product_brand":[],"product_cat":[171],"product_tag":[],"class_list":{"0":"post-14473","1":"product","2":"type-product","3":"status-publish","4":"has-post-thumbnail","6":"product_cat-avis-de-recherche-one-piece","8":"first","9":"instock","10":"purchasable","11":"product-type-simple"},"yoast_head":"<!-- This site is optimized with the Yoast SEO plugin v27.5 - https:\/\/yoast.com\/product\/yoast-seo-wordpress\/ -->\n<title>Avis De Recherche X Drake Wanted | D\u00e9coration One Piece \u2013 Boutique One Piece<\/title>\n<meta name=\"description\" content=\"Si tu aimes les dinosaures et One Piece, nous avons trouv\u00e9 un moyen de te faire plaisir avec cet Avis de Recherche X Drake Wanted. N&#039;as-tu jamais pens\u00e9 \u00e0 ajouter une touche de quelque chose qui te passionne dans ta d\u00e9coration ? Cet avis de recherche \u00e0 propos de X Drake, un personnage complexe de One Piece est parfait p\" \/>\n<meta name=\"robots\" content=\"index, follow, max-snippet:-1, max-image-preview:large, max-video-preview:-1\" \/>\n<link rel=\"canonical\" href=\"https:\/\/boutique-one-piece.com\/da\/one-piece-efterlysningsplakat\/efterlysningsplakat-x-drake-efterlyses\/\" \/>\n<meta property=\"og:locale\" content=\"da_DK\" \/>\n<meta property=\"og:type\" content=\"article\" \/>\n<meta property=\"og:title\" content=\"Avis De Recherche X Drake Wanted | D\u00e9coration One Piece \u2013 Boutique One Piece\" \/>\n<meta property=\"og:description\" content=\"Si tu aimes les dinosaures et One Piece, nous avons trouv\u00e9 un moyen de te faire plaisir avec cet Avis de Recherche X Drake Wanted. N&#039;as-tu jamais pens\u00e9 \u00e0 ajouter une touche de quelque chose qui te passionne dans ta d\u00e9coration ? Cet avis de recherche \u00e0 propos de X Drake, un personnage complexe de One Piece est parfait p\" \/>\n<meta property=\"og:url\" content=\"https:\/\/boutique-one-piece.com\/da\/one-piece-efterlysningsplakat\/efterlysningsplakat-x-drake-efterlyses\/\" \/>\n<meta property=\"og:site_name\" content=\"Boutique One Piece\" \/>\n<meta property=\"article:modified_time\" content=\"2024-09-16T13:41:36+00:00\" \/>\n<meta property=\"og:image\" content=\"https:\/\/boutique-one-piece.com\/wp-content\/uploads\/2022\/09\/Avis-De-Recherche-X-Drake-Wanted-1.jpg\" \/>\n\t<meta property=\"og:image:width\" content=\"800\" \/>\n\t<meta property=\"og:image:height\" content=\"800\" \/>\n\t<meta property=\"og:image:type\" content=\"image\/jpeg\" \/>\n<meta name=\"twitter:card\" content=\"summary_large_image\" \/>\n<meta name=\"twitter:label1\" content=\"Estimeret l\u00e6setid\" \/>\n\t<meta name=\"twitter:data1\" content=\"1 minut\" \/>\n<script type=\"application\/ld+json\" class=\"yoast-schema-graph\">{\"@context\":\"https:\\\/\\\/schema.org\",\"@graph\":[{\"@type\":\"WebPage\",\"@id\":\"https:\\\/\\\/boutique-one-piece.com\\\/avis-de-recherche-one-piece\\\/avis-de-recherche-x-drake-wanted\\\/\",\"url\":\"https:\\\/\\\/boutique-one-piece.com\\\/avis-de-recherche-one-piece\\\/avis-de-recherche-x-drake-wanted\\\/\",\"name\":\"Avis De Recherche X Drake Wanted | D\u00e9coration One Piece \u2013 Boutique One Piece\",\"isPartOf\":{\"@id\":\"https:\\\/\\\/boutique-one-piece.com\\\/#website\"},\"primaryImageOfPage\":{\"@id\":\"https:\\\/\\\/boutique-one-piece.com\\\/avis-de-recherche-one-piece\\\/avis-de-recherche-x-drake-wanted\\\/#primaryimage\"},\"image\":{\"@id\":\"https:\\\/\\\/boutique-one-piece.com\\\/avis-de-recherche-one-piece\\\/avis-de-recherche-x-drake-wanted\\\/#primaryimage\"},\"thumbnailUrl\":\"https:\\\/\\\/boutique-one-piece.com\\\/wp-content\\\/uploads\\\/2022\\\/09\\\/Avis-De-Recherche-X-Drake-Wanted-1.jpg\",\"datePublished\":\"2022-09-27T21:27:04+00:00\",\"dateModified\":\"2024-09-16T13:41:36+00:00\",\"description\":\"Si tu aimes les dinosaures et One Piece, nous avons trouv\u00e9 un moyen de te faire plaisir avec cet Avis de Recherche X Drake Wanted. N'as-tu jamais pens\u00e9 \u00e0 ajouter une touche de quelque chose qui te passionne dans ta d\u00e9coration ? Cet avis de recherche \u00e0 propos de X Drake, un personnage complexe de One Piece est parfait p\",\"breadcrumb\":{\"@id\":\"https:\\\/\\\/boutique-one-piece.com\\\/avis-de-recherche-one-piece\\\/avis-de-recherche-x-drake-wanted\\\/#breadcrumb\"},\"inLanguage\":\"da-DK\",\"potentialAction\":[{\"@type\":\"ReadAction\",\"target\":[\"https:\\\/\\\/boutique-one-piece.com\\\/avis-de-recherche-one-piece\\\/avis-de-recherche-x-drake-wanted\\\/\"]}]},{\"@type\":\"ImageObject\",\"inLanguage\":\"da-DK\",\"@id\":\"https:\\\/\\\/boutique-one-piece.com\\\/avis-de-recherche-one-piece\\\/avis-de-recherche-x-drake-wanted\\\/#primaryimage\",\"url\":\"https:\\\/\\\/boutique-one-piece.com\\\/wp-content\\\/uploads\\\/2022\\\/09\\\/Avis-De-Recherche-X-Drake-Wanted-1.jpg\",\"contentUrl\":\"https:\\\/\\\/boutique-one-piece.com\\\/wp-content\\\/uploads\\\/2022\\\/09\\\/Avis-De-Recherche-X-Drake-Wanted-1.jpg\",\"width\":800,\"height\":800},{\"@type\":\"BreadcrumbList\",\"@id\":\"https:\\\/\\\/boutique-one-piece.com\\\/avis-de-recherche-one-piece\\\/avis-de-recherche-x-drake-wanted\\\/#breadcrumb\",\"itemListElement\":[{\"@type\":\"ListItem\",\"position\":1,\"name\":\"Home\",\"item\":\"https:\\\/\\\/boutique-one-piece.com\\\/\"},{\"@type\":\"ListItem\",\"position\":2,\"name\":\"Shop\",\"item\":\"https:\\\/\\\/boutique-one-piece.com\\\/shop\\\/\"},{\"@type\":\"ListItem\",\"position\":3,\"name\":\"Avis De Recherche X Drake Wanted\"}]},{\"@type\":\"WebSite\",\"@id\":\"https:\\\/\\\/boutique-one-piece.com\\\/#website\",\"url\":\"https:\\\/\\\/boutique-one-piece.com\\\/\",\"name\":\"Boutique One Piece\",\"description\":\"Magasin Sp\u00e9cialis\u00e9 du Manga et l&#039;Anime One Piece\",\"publisher\":{\"@id\":\"https:\\\/\\\/boutique-one-piece.com\\\/#organization\"},\"potentialAction\":[{\"@type\":\"SearchAction\",\"target\":{\"@type\":\"EntryPoint\",\"urlTemplate\":\"https:\\\/\\\/boutique-one-piece.com\\\/?s={search_term_string}\"},\"query-input\":{\"@type\":\"PropertyValueSpecification\",\"valueRequired\":true,\"valueName\":\"search_term_string\"}}],\"inLanguage\":\"da-DK\"},{\"@type\":\"Organization\",\"@id\":\"https:\\\/\\\/boutique-one-piece.com\\\/#organization\",\"name\":\"Boutique One Piece\",\"url\":\"https:\\\/\\\/boutique-one-piece.com\\\/\",\"logo\":{\"@type\":\"ImageObject\",\"inLanguage\":\"da-DK\",\"@id\":\"https:\\\/\\\/boutique-one-piece.com\\\/#\\\/schema\\\/logo\\\/image\\\/\",\"url\":\"https:\\\/\\\/boutique-one-piece.com\\\/wp-content\\\/uploads\\\/2022\\\/09\\\/Logo-01.png\",\"contentUrl\":\"https:\\\/\\\/boutique-one-piece.com\\\/wp-content\\\/uploads\\\/2022\\\/09\\\/Logo-01.png\",\"width\":2318,\"height\":957,\"caption\":\"Boutique One Piece\"},\"image\":{\"@id\":\"https:\\\/\\\/boutique-one-piece.com\\\/#\\\/schema\\\/logo\\\/image\\\/\"}}]}<\/script>\n<!-- \/ Yoast SEO plugin. -->","yoast_head_json":{"title":"Wanted Poster X Drake | One Piece Dekoration \u2013 One Piece Shop","description":"Hvis du elsker dinosaurer og One Piece, har vi fundet en m\u00e5de at g\u00f8re dig glad p\u00e5 med denne X Drake Wanted-plakat. Har du nogensinde overvejet at tilf\u00f8je et strejf af noget, du br\u00e6nder for, til din indretning? Denne efterlysningsplakat til X Drake, en kompleks karakter fra One Piece, er perfekt!","robots":{"index":"index","follow":"follow","max-snippet":"max-snippet:-1","max-image-preview":"max-image-preview:large","max-video-preview":"max-video-preview:-1"},"canonical":"https:\/\/boutique-one-piece.com\/da\/one-piece-efterlysningsplakat\/efterlysningsplakat-x-drake-efterlyses\/","og_locale":"da_DK","og_type":"article","og_title":"Avis De Recherche X Drake Wanted | D\u00e9coration One Piece \u2013 Boutique One Piece","og_description":"Si tu aimes les dinosaures et One Piece, nous avons trouv\u00e9 un moyen de te faire plaisir avec cet Avis de Recherche X Drake Wanted. N'as-tu jamais pens\u00e9 \u00e0 ajouter une touche de quelque chose qui te passionne dans ta d\u00e9coration ? Cet avis de recherche \u00e0 propos de X Drake, un personnage complexe de One Piece est parfait p","og_url":"https:\/\/boutique-one-piece.com\/da\/one-piece-efterlysningsplakat\/efterlysningsplakat-x-drake-efterlyses\/","og_site_name":"Boutique One Piece","article_modified_time":"2024-09-16T13:41:36+00:00","og_image":[{"width":800,"height":800,"url":"https:\/\/boutique-one-piece.com\/wp-content\/uploads\/2022\/09\/Avis-De-Recherche-X-Drake-Wanted-1.jpg","type":"image\/jpeg"}],"twitter_card":"summary_large_image","twitter_misc":{"Estimeret l\u00e6setid":"1 minut"},"schema":{"@context":"https:\/\/schema.org","@graph":[{"@type":"WebPage","@id":"https:\/\/boutique-one-piece.com\/avis-de-recherche-one-piece\/avis-de-recherche-x-drake-wanted\/","url":"https:\/\/boutique-one-piece.com\/avis-de-recherche-one-piece\/avis-de-recherche-x-drake-wanted\/","name":"Wanted Poster X Drake | One Piece Dekoration \u2013 One Piece Shop","isPartOf":{"@id":"https:\/\/boutique-one-piece.com\/#website"},"primaryImageOfPage":{"@id":"https:\/\/boutique-one-piece.com\/avis-de-recherche-one-piece\/avis-de-recherche-x-drake-wanted\/#primaryimage"},"image":{"@id":"https:\/\/boutique-one-piece.com\/avis-de-recherche-one-piece\/avis-de-recherche-x-drake-wanted\/#primaryimage"},"thumbnailUrl":"https:\/\/boutique-one-piece.com\/wp-content\/uploads\/2022\/09\/Avis-De-Recherche-X-Drake-Wanted-1.jpg","datePublished":"2022-09-27T21:27:04+00:00","dateModified":"2024-09-16T13:41:36+00:00","description":"Hvis du elsker dinosaurer og One Piece, har vi fundet en m\u00e5de at g\u00f8re dig glad p\u00e5 med denne X Drake Wanted-plakat. Har du nogensinde overvejet at tilf\u00f8je et strejf af noget, du br\u00e6nder for, til din indretning? Denne efterlysningsplakat til X Drake, en kompleks karakter fra One Piece, er perfekt!","breadcrumb":{"@id":"https:\/\/boutique-one-piece.com\/avis-de-recherche-one-piece\/avis-de-recherche-x-drake-wanted\/#breadcrumb"},"inLanguage":"da-DK","potentialAction":[{"@type":"ReadAction","target":["https:\/\/boutique-one-piece.com\/avis-de-recherche-one-piece\/avis-de-recherche-x-drake-wanted\/"]}]},{"@type":"ImageObject","inLanguage":"da-DK","@id":"https:\/\/boutique-one-piece.com\/avis-de-recherche-one-piece\/avis-de-recherche-x-drake-wanted\/#primaryimage","url":"https:\/\/boutique-one-piece.com\/wp-content\/uploads\/2022\/09\/Avis-De-Recherche-X-Drake-Wanted-1.jpg","contentUrl":"https:\/\/boutique-one-piece.com\/wp-content\/uploads\/2022\/09\/Avis-De-Recherche-X-Drake-Wanted-1.jpg","width":800,"height":800},{"@type":"BreadcrumbList","@id":"https:\/\/boutique-one-piece.com\/avis-de-recherche-one-piece\/avis-de-recherche-x-drake-wanted\/#breadcrumb","itemListElement":[{"@type":"ListItem","position":1,"name":"Home","item":"https:\/\/boutique-one-piece.com\/"},{"@type":"ListItem","position":2,"name":"Shop","item":"https:\/\/boutique-one-piece.com\/shop\/"},{"@type":"ListItem","position":3,"name":"Avis De Recherche X Drake Wanted"}]},{"@type":"WebSite","@id":"https:\/\/boutique-one-piece.com\/#website","url":"https:\/\/boutique-one-piece.com\/","name":"One Piece Shop","description":"Specialbutik for One Piece Manga og Anime","publisher":{"@id":"https:\/\/boutique-one-piece.com\/#organization"},"potentialAction":[{"@type":"SearchAction","target":{"@type":"EntryPoint","urlTemplate":"https:\/\/boutique-one-piece.com\/?s={search_term_string}"},"query-input":{"@type":"PropertyValueSpecification","valueRequired":true,"valueName":"search_term_string"}}],"inLanguage":"da-DK"},{"@type":"Organization","@id":"https:\/\/boutique-one-piece.com\/#organization","name":"One Piece Shop","url":"https:\/\/boutique-one-piece.com\/","logo":{"@type":"ImageObject","inLanguage":"da-DK","@id":"https:\/\/boutique-one-piece.com\/#\/schema\/logo\/image\/","url":"https:\/\/boutique-one-piece.com\/wp-content\/uploads\/2022\/09\/Logo-01.png","contentUrl":"https:\/\/boutique-one-piece.com\/wp-content\/uploads\/2022\/09\/Logo-01.png","width":2318,"height":957,"caption":"Boutique One Piece"},"image":{"@id":"https:\/\/boutique-one-piece.com\/#\/schema\/logo\/image\/"}}]}},"_links":{"self":[{"href":"https:\/\/boutique-one-piece.com\/da\/wp-json\/wp\/v2\/product\/14473","targetHints":{"allow":["GET"]}}],"collection":[{"href":"https:\/\/boutique-one-piece.com\/da\/wp-json\/wp\/v2\/product"}],"about":[{"href":"https:\/\/boutique-one-piece.com\/da\/wp-json\/wp\/v2\/types\/product"}],"replies":[{"embeddable":true,"href":"https:\/\/boutique-one-piece.com\/da\/wp-json\/wp\/v2\/comments?post=14473"}],"wp:featuredmedia":[{"embeddable":true,"href":"https:\/\/boutique-one-piece.com\/da\/wp-json\/wp\/v2\/media\/14475"}],"wp:attachment":[{"href":"https:\/\/boutique-one-piece.com\/da\/wp-json\/wp\/v2\/media?parent=14473"}],"wp:term":[{"taxonomy":"product_brand","embeddable":true,"href":"https:\/\/boutique-one-piece.com\/da\/wp-json\/wp\/v2\/product_brand?post=14473"},{"taxonomy":"product_cat","embeddable":true,"href":"https:\/\/boutique-one-piece.com\/da\/wp-json\/wp\/v2\/product_cat?post=14473"},{"taxonomy":"product_tag","embeddable":true,"href":"https:\/\/boutique-one-piece.com\/da\/wp-json\/wp\/v2\/product_tag?post=14473"}],"curies":[{"name":"wp","href":"https:\/\/api.w.org\/{rel}","templated":true}]}}