{"id":14586,"date":"2022-09-27T21:33:08","date_gmt":"2022-09-27T21:33:08","guid":{"rendered":"https:\/\/boutique-one-piece.com\/uncategorized\/coque-de-telephone-one-piece-portgas-d-ace\/"},"modified":"2024-09-16T13:45:01","modified_gmt":"2024-09-16T13:45:01","slug":"one-piece-portgas-d-ace-telefoncover","status":"publish","type":"product","link":"https:\/\/boutique-one-piece.com\/da\/one-piece-tilbehor\/one-piece-portgas-d-ace-telefoncover\/","title":{"rendered":"One Piece Portgas D Ace telefoncover"},"content":{"rendered":"<p><span><strong>M\u00e6rkenavn:<\/strong> MaiYaCa<\/span><br \/><span><strong>Fungere:<\/strong> Smudsafvisende<\/span><br \/><span><strong>Fungere:<\/strong> Anti-banke<\/span><br \/><span><strong>Slags:<\/strong> Halvindpakket kasse<\/span><br \/><span><strong>Funktioner<\/strong> sort bl\u00f8dt TPU-cover<\/span><br \/><span><strong>Kompatibelt m\u00e6rke:<\/strong> Apple iPhones<\/span><br \/><span><strong>Kompatibel iPhone-model:<\/strong> iPhone 7 Plus<\/span><br \/><span><strong>Kompatibel iPhone-model:<\/strong> iPhone 5c<\/span><br \/><span><strong>Kompatibel iPhone-model:<\/strong> iPhone 6s Plus<\/span><br \/><span><strong>Kompatibel iPhone-model:<\/strong> iPhone 5<\/span><br \/><span><strong>Kompatibel iPhone-model:<\/strong> iPhone 6 Plus<\/span><br \/><span><strong>Kompatibel iPhone-model:<\/strong> iPhone 6S<\/span><br \/><span><strong>Kompatibel iPhone-model:<\/strong> iPhone 5s<\/span><br \/><span><strong>Kompatibel iPhone-model:<\/strong> iPhone 8 Plus<\/span><br \/><span><strong>Kompatibel iPhone-model:<\/strong> iPhone 8<\/span><br \/><span><strong>Kompatibel iPhone-model:<\/strong> iPhone 6<\/span><br \/><span><strong>Kompatibel iPhone-model:<\/strong> iPhone X<\/span><br \/><span><strong>Kompatibel iPhone-model:<\/strong> iPhone SE<\/span><br \/><span><strong>Kompatibel iPhone-model:<\/strong> iPhone 7<\/span><br \/><span><strong>Kompatibel iPhone-model:<\/strong> iPhone XR<\/span><br \/><span><strong>Kompatibel iPhone-model:<\/strong> iPhone XS Max<\/span><br \/><span><strong>Kompatibel iPhone-model:<\/strong> iPhone XS<\/span><br \/><span><strong>Kompatibel iPhone-model:<\/strong> iPhone 11<\/span><br \/><span><strong>Kompatibel iPhone-model:<\/strong> iPhone 11 Pro<\/span><br \/><span><strong>Kompatibel iPhone-model:<\/strong> iPhone 11 Pro Max<\/span><br \/><span><strong>St\u00f8rrelse:<\/strong> 5.5<\/span><br \/><span><strong>St\u00f8rrelse:<\/strong> 4.7<\/span><br \/><span><strong>St\u00f8rrelse:<\/strong> 4<\/span><br \/><span><strong>Design:<\/strong> Citater og beskeder<\/span><br \/><span><strong>Design:<\/strong> Mat<\/span><br \/><span><strong>Design:<\/strong> Almindelig<\/span><br \/><span><strong>Design:<\/strong> Geometrisk<\/span><br \/><span><strong>Snavset:<\/strong> Engros- og detailkvalitet<\/span><br \/><span><strong>Materiale:<\/strong> sort silikone bl\u00f8d tpu<\/span><br \/><span><strong>Kategori:<\/strong> mobiltelefontilbeh\u00f8r<\/span><br \/><span><strong>Mobilcover til iPhone 7 8Plus:<\/strong> Cover til iPhone 8\/7 Plus<\/span><br \/><span><strong>Etui til iPhone X XS MAX XR:<\/strong> cover til iPhone 8 5S 6S 7<\/span><br \/><span><strong>Til iPhone 8\/8 Plus cover:<\/strong> cover til iPhone 5S 6Plus<\/span><br \/><span><strong>iPhone 6 Plus\/6S cover:<\/strong> Cover til iPhone 6plus 6S 7 7plus fundas<\/span><br \/><span><strong>cover til iPhone x xs max:<\/strong> Mobilcover til iPhone XS XR XS Max 11 11Pro Max<\/span><br \/><span><strong>Punkt:<\/strong> One Piece Japan Anime Luffy Tony Chopper Baggrund<\/span><br \/><span><strong>Element:<\/strong> One Piece Japan Anime Luffy Tony Chopper-etui<\/span><\/p>","protected":false},"excerpt":{"rendered":"<p>M\u00e6rkenavn: MaiYaCaFunktion: SmudsafvisendeFunktion: Anti-knockType: Halvindpakket coverFunktioner: sort bl\u00f8dt tpu-coverKompatibelt m\u00e6rke: Apple iPhonesKompatibel iPhone-model: iPhone 7 PlusKompatibel iPhone-model: iPhone5cKompatibel iPhone-model: iPhone 6s plusKompatibel iPhone-model: iPhone 5Kompatibel iPhone-model: iPhone 6 PlusKompatibel iPhone-model: IPHONE 6SKompatibel iPhone-model: iPhone 5sKompatibel iPhone-model: IPHONE 8 PLUSKompatibel iPhone-model: IPHONE 8Kompatibel iPhone-model: [\u2026]<\/p>","protected":false},"featured_media":14588,"comment_status":"open","ping_status":"open","template":"","meta":[],"product_brand":[],"product_cat":[409],"product_tag":[],"class_list":{"0":"post-14586","1":"product","2":"type-product","3":"status-publish","4":"has-post-thumbnail","6":"product_cat-accessoires-one-piece","8":"first","9":"instock","10":"purchasable","11":"product-type-variable","12":"has-default-attributes"},"yoast_head":"<!-- This site is optimized with the Yoast SEO plugin v27.5 - https:\/\/yoast.com\/product\/yoast-seo-wordpress\/ -->\n<title>Coque De T\u00e9l\u00e9phone One Piece Portgas D Ace \u2013 Boutique One Piece<\/title>\n<meta name=\"description\" content=\"Brand Name: MaiYaCaFunction: Dirt-resistantFunction: Anti-knockType: Half-wrapped CaseFeatures: black soft tpu caseCompatible Brand: Apple iPhonesCompatible iPhone Model: iPhone 7 PlusCompatible iPhone Model: iPhone5cCompatible iPhone Model: iPhone 6s plusCompatible iPhone Model: iPhone 5Compatible iPhone Model: iPhone\" \/>\n<meta name=\"robots\" content=\"index, follow, max-snippet:-1, max-image-preview:large, max-video-preview:-1\" \/>\n<link rel=\"canonical\" href=\"https:\/\/boutique-one-piece.com\/da\/one-piece-tilbehor\/one-piece-portgas-d-ace-telefoncover\/\" \/>\n<meta property=\"og:locale\" content=\"da_DK\" \/>\n<meta property=\"og:type\" content=\"article\" \/>\n<meta property=\"og:title\" content=\"Coque De T\u00e9l\u00e9phone One Piece Portgas D Ace \u2013 Boutique One Piece\" \/>\n<meta property=\"og:description\" content=\"Brand Name: MaiYaCaFunction: Dirt-resistantFunction: Anti-knockType: Half-wrapped CaseFeatures: black soft tpu caseCompatible Brand: Apple iPhonesCompatible iPhone Model: iPhone 7 PlusCompatible iPhone Model: iPhone5cCompatible iPhone Model: iPhone 6s plusCompatible iPhone Model: iPhone 5Compatible iPhone Model: iPhone\" \/>\n<meta property=\"og:url\" content=\"https:\/\/boutique-one-piece.com\/da\/one-piece-tilbehor\/one-piece-portgas-d-ace-telefoncover\/\" \/>\n<meta property=\"og:site_name\" content=\"Boutique One Piece\" \/>\n<meta property=\"article:modified_time\" content=\"2024-09-16T13:45:01+00:00\" \/>\n<meta property=\"og:image\" content=\"https:\/\/boutique-one-piece.com\/wp-content\/uploads\/2022\/09\/Coque-De-Telephone-One-Piece-Portgas-D-Ace.jpg\" \/>\n\t<meta property=\"og:image:width\" content=\"640\" \/>\n\t<meta property=\"og:image:height\" content=\"640\" \/>\n\t<meta property=\"og:image:type\" content=\"image\/jpeg\" \/>\n<meta name=\"twitter:card\" content=\"summary_large_image\" \/>\n<meta name=\"twitter:label1\" content=\"Estimeret l\u00e6setid\" \/>\n\t<meta name=\"twitter:data1\" content=\"1 minut\" \/>\n<script type=\"application\/ld+json\" class=\"yoast-schema-graph\">{\"@context\":\"https:\\\/\\\/schema.org\",\"@graph\":[{\"@type\":\"WebPage\",\"@id\":\"https:\\\/\\\/boutique-one-piece.com\\\/accessoires-one-piece\\\/coque-de-telephone-one-piece-portgas-d-ace\\\/\",\"url\":\"https:\\\/\\\/boutique-one-piece.com\\\/accessoires-one-piece\\\/coque-de-telephone-one-piece-portgas-d-ace\\\/\",\"name\":\"Coque De T\u00e9l\u00e9phone One Piece Portgas D Ace \u2013 Boutique One Piece\",\"isPartOf\":{\"@id\":\"https:\\\/\\\/boutique-one-piece.com\\\/#website\"},\"primaryImageOfPage\":{\"@id\":\"https:\\\/\\\/boutique-one-piece.com\\\/accessoires-one-piece\\\/coque-de-telephone-one-piece-portgas-d-ace\\\/#primaryimage\"},\"image\":{\"@id\":\"https:\\\/\\\/boutique-one-piece.com\\\/accessoires-one-piece\\\/coque-de-telephone-one-piece-portgas-d-ace\\\/#primaryimage\"},\"thumbnailUrl\":\"https:\\\/\\\/boutique-one-piece.com\\\/wp-content\\\/uploads\\\/2022\\\/09\\\/Coque-De-Telephone-One-Piece-Portgas-D-Ace.jpg\",\"datePublished\":\"2022-09-27T21:33:08+00:00\",\"dateModified\":\"2024-09-16T13:45:01+00:00\",\"description\":\"Brand Name: MaiYaCaFunction: Dirt-resistantFunction: Anti-knockType: Half-wrapped CaseFeatures: black soft tpu caseCompatible Brand: Apple iPhonesCompatible iPhone Model: iPhone 7 PlusCompatible iPhone Model: iPhone5cCompatible iPhone Model: iPhone 6s plusCompatible iPhone Model: iPhone 5Compatible iPhone Model: iPhone\",\"breadcrumb\":{\"@id\":\"https:\\\/\\\/boutique-one-piece.com\\\/accessoires-one-piece\\\/coque-de-telephone-one-piece-portgas-d-ace\\\/#breadcrumb\"},\"inLanguage\":\"da-DK\",\"potentialAction\":[{\"@type\":\"ReadAction\",\"target\":[\"https:\\\/\\\/boutique-one-piece.com\\\/accessoires-one-piece\\\/coque-de-telephone-one-piece-portgas-d-ace\\\/\"]}]},{\"@type\":\"ImageObject\",\"inLanguage\":\"da-DK\",\"@id\":\"https:\\\/\\\/boutique-one-piece.com\\\/accessoires-one-piece\\\/coque-de-telephone-one-piece-portgas-d-ace\\\/#primaryimage\",\"url\":\"https:\\\/\\\/boutique-one-piece.com\\\/wp-content\\\/uploads\\\/2022\\\/09\\\/Coque-De-Telephone-One-Piece-Portgas-D-Ace.jpg\",\"contentUrl\":\"https:\\\/\\\/boutique-one-piece.com\\\/wp-content\\\/uploads\\\/2022\\\/09\\\/Coque-De-Telephone-One-Piece-Portgas-D-Ace.jpg\",\"width\":640,\"height\":640,\"caption\":\"Coque De T\u00e9l\u00e9phone One Piece Portgas D Ace For iphone 11 A2\"},{\"@type\":\"BreadcrumbList\",\"@id\":\"https:\\\/\\\/boutique-one-piece.com\\\/accessoires-one-piece\\\/coque-de-telephone-one-piece-portgas-d-ace\\\/#breadcrumb\",\"itemListElement\":[{\"@type\":\"ListItem\",\"position\":1,\"name\":\"Home\",\"item\":\"https:\\\/\\\/boutique-one-piece.com\\\/\"},{\"@type\":\"ListItem\",\"position\":2,\"name\":\"Shop\",\"item\":\"https:\\\/\\\/boutique-one-piece.com\\\/shop\\\/\"},{\"@type\":\"ListItem\",\"position\":3,\"name\":\"Coque De T\u00e9l\u00e9phone One Piece Portgas D Ace\"}]},{\"@type\":\"WebSite\",\"@id\":\"https:\\\/\\\/boutique-one-piece.com\\\/#website\",\"url\":\"https:\\\/\\\/boutique-one-piece.com\\\/\",\"name\":\"Boutique One Piece\",\"description\":\"Magasin Sp\u00e9cialis\u00e9 du Manga et l&#039;Anime One Piece\",\"publisher\":{\"@id\":\"https:\\\/\\\/boutique-one-piece.com\\\/#organization\"},\"potentialAction\":[{\"@type\":\"SearchAction\",\"target\":{\"@type\":\"EntryPoint\",\"urlTemplate\":\"https:\\\/\\\/boutique-one-piece.com\\\/?s={search_term_string}\"},\"query-input\":{\"@type\":\"PropertyValueSpecification\",\"valueRequired\":true,\"valueName\":\"search_term_string\"}}],\"inLanguage\":\"da-DK\"},{\"@type\":\"Organization\",\"@id\":\"https:\\\/\\\/boutique-one-piece.com\\\/#organization\",\"name\":\"Boutique One Piece\",\"url\":\"https:\\\/\\\/boutique-one-piece.com\\\/\",\"logo\":{\"@type\":\"ImageObject\",\"inLanguage\":\"da-DK\",\"@id\":\"https:\\\/\\\/boutique-one-piece.com\\\/#\\\/schema\\\/logo\\\/image\\\/\",\"url\":\"https:\\\/\\\/boutique-one-piece.com\\\/wp-content\\\/uploads\\\/2022\\\/09\\\/Logo-01.png\",\"contentUrl\":\"https:\\\/\\\/boutique-one-piece.com\\\/wp-content\\\/uploads\\\/2022\\\/09\\\/Logo-01.png\",\"width\":2318,\"height\":957,\"caption\":\"Boutique One Piece\"},\"image\":{\"@id\":\"https:\\\/\\\/boutique-one-piece.com\\\/#\\\/schema\\\/logo\\\/image\\\/\"}}]}<\/script>\n<!-- \/ Yoast SEO plugin. -->","yoast_head_json":{"title":"One Piece Portgas D Ace Telefoncover \u2013 One Piece Shop","description":"M\u00e6rkenavn: MaiYaCaFunktion: SmudsafvisendeFunktion: Anti-knockType: Halvindpakket coverFunktioner: sort bl\u00f8dt tpu-coverKompatibelt m\u00e6rke: Apple iPhonesKompatibel iPhone-model: iPhone 7 PlusKompatibel iPhone-model: iPhone5cKompatibel iPhone-model: iPhone 6s plusKompatibel iPhone-model: iPhone 5Kompatibel iPhone-model: iPhone","robots":{"index":"index","follow":"follow","max-snippet":"max-snippet:-1","max-image-preview":"max-image-preview:large","max-video-preview":"max-video-preview:-1"},"canonical":"https:\/\/boutique-one-piece.com\/da\/one-piece-tilbehor\/one-piece-portgas-d-ace-telefoncover\/","og_locale":"da_DK","og_type":"article","og_title":"Coque De T\u00e9l\u00e9phone One Piece Portgas D Ace \u2013 Boutique One Piece","og_description":"Brand Name: MaiYaCaFunction: Dirt-resistantFunction: Anti-knockType: Half-wrapped CaseFeatures: black soft tpu caseCompatible Brand: Apple iPhonesCompatible iPhone Model: iPhone 7 PlusCompatible iPhone Model: iPhone5cCompatible iPhone Model: iPhone 6s plusCompatible iPhone Model: iPhone 5Compatible iPhone Model: iPhone","og_url":"https:\/\/boutique-one-piece.com\/da\/one-piece-tilbehor\/one-piece-portgas-d-ace-telefoncover\/","og_site_name":"Boutique One Piece","article_modified_time":"2024-09-16T13:45:01+00:00","og_image":[{"width":640,"height":640,"url":"https:\/\/boutique-one-piece.com\/wp-content\/uploads\/2022\/09\/Coque-De-Telephone-One-Piece-Portgas-D-Ace.jpg","type":"image\/jpeg"}],"twitter_card":"summary_large_image","twitter_misc":{"Estimeret l\u00e6setid":"1 minut"},"schema":{"@context":"https:\/\/schema.org","@graph":[{"@type":"WebPage","@id":"https:\/\/boutique-one-piece.com\/accessoires-one-piece\/coque-de-telephone-one-piece-portgas-d-ace\/","url":"https:\/\/boutique-one-piece.com\/accessoires-one-piece\/coque-de-telephone-one-piece-portgas-d-ace\/","name":"One Piece Portgas D Ace Telefoncover \u2013 One Piece Shop","isPartOf":{"@id":"https:\/\/boutique-one-piece.com\/#website"},"primaryImageOfPage":{"@id":"https:\/\/boutique-one-piece.com\/accessoires-one-piece\/coque-de-telephone-one-piece-portgas-d-ace\/#primaryimage"},"image":{"@id":"https:\/\/boutique-one-piece.com\/accessoires-one-piece\/coque-de-telephone-one-piece-portgas-d-ace\/#primaryimage"},"thumbnailUrl":"https:\/\/boutique-one-piece.com\/wp-content\/uploads\/2022\/09\/Coque-De-Telephone-One-Piece-Portgas-D-Ace.jpg","datePublished":"2022-09-27T21:33:08+00:00","dateModified":"2024-09-16T13:45:01+00:00","description":"M\u00e6rkenavn: MaiYaCaFunktion: SmudsafvisendeFunktion: Anti-knockType: Halvindpakket coverFunktioner: sort bl\u00f8dt tpu-coverKompatibelt m\u00e6rke: Apple iPhonesKompatibel iPhone-model: iPhone 7 PlusKompatibel iPhone-model: iPhone5cKompatibel iPhone-model: iPhone 6s plusKompatibel iPhone-model: iPhone 5Kompatibel iPhone-model: iPhone","breadcrumb":{"@id":"https:\/\/boutique-one-piece.com\/accessoires-one-piece\/coque-de-telephone-one-piece-portgas-d-ace\/#breadcrumb"},"inLanguage":"da-DK","potentialAction":[{"@type":"ReadAction","target":["https:\/\/boutique-one-piece.com\/accessoires-one-piece\/coque-de-telephone-one-piece-portgas-d-ace\/"]}]},{"@type":"ImageObject","inLanguage":"da-DK","@id":"https:\/\/boutique-one-piece.com\/accessoires-one-piece\/coque-de-telephone-one-piece-portgas-d-ace\/#primaryimage","url":"https:\/\/boutique-one-piece.com\/wp-content\/uploads\/2022\/09\/Coque-De-Telephone-One-Piece-Portgas-D-Ace.jpg","contentUrl":"https:\/\/boutique-one-piece.com\/wp-content\/uploads\/2022\/09\/Coque-De-Telephone-One-Piece-Portgas-D-Ace.jpg","width":640,"height":640,"caption":"Coque De T\u00e9l\u00e9phone One Piece Portgas D Ace For iphone 11 A2"},{"@type":"BreadcrumbList","@id":"https:\/\/boutique-one-piece.com\/accessoires-one-piece\/coque-de-telephone-one-piece-portgas-d-ace\/#breadcrumb","itemListElement":[{"@type":"ListItem","position":1,"name":"Home","item":"https:\/\/boutique-one-piece.com\/"},{"@type":"ListItem","position":2,"name":"Shop","item":"https:\/\/boutique-one-piece.com\/shop\/"},{"@type":"ListItem","position":3,"name":"Coque De T\u00e9l\u00e9phone One Piece Portgas D Ace"}]},{"@type":"WebSite","@id":"https:\/\/boutique-one-piece.com\/#website","url":"https:\/\/boutique-one-piece.com\/","name":"One Piece Shop","description":"Specialbutik for One Piece Manga og Anime","publisher":{"@id":"https:\/\/boutique-one-piece.com\/#organization"},"potentialAction":[{"@type":"SearchAction","target":{"@type":"EntryPoint","urlTemplate":"https:\/\/boutique-one-piece.com\/?s={search_term_string}"},"query-input":{"@type":"PropertyValueSpecification","valueRequired":true,"valueName":"search_term_string"}}],"inLanguage":"da-DK"},{"@type":"Organization","@id":"https:\/\/boutique-one-piece.com\/#organization","name":"One Piece Shop","url":"https:\/\/boutique-one-piece.com\/","logo":{"@type":"ImageObject","inLanguage":"da-DK","@id":"https:\/\/boutique-one-piece.com\/#\/schema\/logo\/image\/","url":"https:\/\/boutique-one-piece.com\/wp-content\/uploads\/2022\/09\/Logo-01.png","contentUrl":"https:\/\/boutique-one-piece.com\/wp-content\/uploads\/2022\/09\/Logo-01.png","width":2318,"height":957,"caption":"Boutique One Piece"},"image":{"@id":"https:\/\/boutique-one-piece.com\/#\/schema\/logo\/image\/"}}]}},"_links":{"self":[{"href":"https:\/\/boutique-one-piece.com\/da\/wp-json\/wp\/v2\/product\/14586","targetHints":{"allow":["GET"]}}],"collection":[{"href":"https:\/\/boutique-one-piece.com\/da\/wp-json\/wp\/v2\/product"}],"about":[{"href":"https:\/\/boutique-one-piece.com\/da\/wp-json\/wp\/v2\/types\/product"}],"replies":[{"embeddable":true,"href":"https:\/\/boutique-one-piece.com\/da\/wp-json\/wp\/v2\/comments?post=14586"}],"wp:featuredmedia":[{"embeddable":true,"href":"https:\/\/boutique-one-piece.com\/da\/wp-json\/wp\/v2\/media\/14588"}],"wp:attachment":[{"href":"https:\/\/boutique-one-piece.com\/da\/wp-json\/wp\/v2\/media?parent=14586"}],"wp:term":[{"taxonomy":"product_brand","embeddable":true,"href":"https:\/\/boutique-one-piece.com\/da\/wp-json\/wp\/v2\/product_brand?post=14586"},{"taxonomy":"product_cat","embeddable":true,"href":"https:\/\/boutique-one-piece.com\/da\/wp-json\/wp\/v2\/product_cat?post=14586"},{"taxonomy":"product_tag","embeddable":true,"href":"https:\/\/boutique-one-piece.com\/da\/wp-json\/wp\/v2\/product_tag?post=14586"}],"curies":[{"name":"wp","href":"https:\/\/api.w.org\/{rel}","templated":true}]}}