{"id":15357,"date":"2022-09-27T21:38:06","date_gmt":"2022-09-27T21:38:06","guid":{"rendered":"https:\/\/boutique-one-piece.com\/uncategorized\/t-shirt-one-piece-le-vogue-merry\/"},"modified":"2024-09-16T14:07:50","modified_gmt":"2024-09-16T14:07:50","slug":"one-piece-t-shirt-le-vogue-merry","status":"publish","type":"product","link":"https:\/\/boutique-one-piece.com\/da\/one-piece-toj\/one-piece-t-shirts-2\/one-piece-t-shirt-le-vogue-merry\/","title":{"rendered":"One Piece T-shirt Vogue Merry"},"content":{"rendered":"<h2 >Information om T-shirten:\u00a0<\/h2>\n<ul >\n<li >\u00a0<strong >Jersey i premiumkvalitet\u00a0<\/strong>har en\u00a0<strong >h\u00f8j gramv\u00e6gt<\/strong>, med kvalitetsmaterialer<\/li>\n<\/ul>\n<ul >\n<li >\n<strong >L\u00f8s pasform<\/strong>\u00a0:\u00a0\u00a0<strong >t-shirt<\/strong>\u00a0med en\u00a0<strong >bredt snit<\/strong>, for ekstra komfort<\/li>\n<\/ul>\n<ul >\n<li >\n<strong >Meget behagelig\u00a0<\/strong>med disse\u00a0<strong >fibre<\/strong>\u00a0af\u00a0<strong >bomuld<\/strong>\u00a0stor\u00a0<strong >bl\u00f8d<\/strong>, der er ingen\u00a0<strong >friktion<\/strong>\n<\/li>\n<\/ul>\n<ul >\n<li >\n<strong >3D digital print<\/strong>\u00a0:\u00a0<strong >trykt t-shirt<\/strong>\u00a0med et originalt design,\u00a0<strong >L\u00e6rredstryk<\/strong>\n<\/li>\n<\/ul>\n<ul >\n<li >\n<strong >\u00d8kologisk bomuld\u00a0<\/strong>kvalitetsbomuld med\u00a0<strong >ekstra lange fibre<\/strong>\n<\/li>\n<\/ul>\n<ul >\n<li >\n<strong >Gratis levering\u00a0<\/strong>for ethvert k\u00f8b<\/li>\n<\/ul>","protected":false},"excerpt":{"rendered":"<p>T-shirtinformation: Premium kvalitetsjersey: Stof af h\u00f8j kvalitet med h\u00f8j gramv\u00e6gt. Afslappet pasform: L\u00f8stsiddende t-shirt for ekstra komfort. Meget behagelig: Superbl\u00f8de bomuldsfibre forhindrer gnaven. 3D digitaltryk: Trykt med et originalt design. L\u00e6rredstryk. \u00d8kologisk bomuld: Bomuld af h\u00f8j kvalitet med ekstra lange fibre. Gratis fragt p\u00e5 alle k\u00f8b.<\/p>","protected":false},"featured_media":15359,"comment_status":"open","ping_status":"open","template":"","meta":[],"product_brand":[],"product_cat":[53],"product_tag":[],"class_list":{"0":"post-15357","1":"product","2":"type-product","3":"status-publish","4":"has-post-thumbnail","6":"product_cat-t-shirts-one-piece","8":"first","9":"instock","10":"purchasable","11":"product-type-variable","12":"has-default-attributes"},"yoast_head":"<!-- This site is optimized with the Yoast SEO plugin v27.5 - https:\/\/yoast.com\/product\/yoast-seo-wordpress\/ -->\n<title>T-Shirt One Piece le Vogue Merry | Boutique One Piece<\/title>\n<meta name=\"description\" content=\"Informations sur le\u00a0T-Shirt\u00a0:\u00a0 \u00a0Maillot de qualit\u00e9 sup\u00e9rieure\u00a0:\u00a0poss\u00e8de un\u00a0grammage \u00e9lev\u00e9, avec des mat\u00e9riaux de qualit\u00e9s Coupe Ample\u00a0:\u00a0\u00a0tee-shirt\u00a0avec une\u00a0coupe\u00a0large, pour plus de confort Tr\u00e8s confortable\u00a0: avec ces\u00a0fibres\u00a0de\u00a0coton\u00a0super\u00a0doux, il n&#039;y a pas\u00a0de\u00a0frottements Impression digitale 3D\u00a0:\u00a0t-shirt imprim\u00e9\u00a0avec\" \/>\n<meta name=\"robots\" content=\"index, follow, max-snippet:-1, max-image-preview:large, max-video-preview:-1\" \/>\n<link rel=\"canonical\" href=\"https:\/\/boutique-one-piece.com\/da\/one-piece-toj\/one-piece-t-shirts-2\/one-piece-t-shirt-le-vogue-merry\/\" \/>\n<meta property=\"og:locale\" content=\"da_DK\" \/>\n<meta property=\"og:type\" content=\"article\" \/>\n<meta property=\"og:title\" content=\"T-Shirt One Piece le Vogue Merry | Boutique One Piece\" \/>\n<meta property=\"og:description\" content=\"Informations sur le\u00a0T-Shirt\u00a0:\u00a0 \u00a0Maillot de qualit\u00e9 sup\u00e9rieure\u00a0:\u00a0poss\u00e8de un\u00a0grammage \u00e9lev\u00e9, avec des mat\u00e9riaux de qualit\u00e9s Coupe Ample\u00a0:\u00a0\u00a0tee-shirt\u00a0avec une\u00a0coupe\u00a0large, pour plus de confort Tr\u00e8s confortable\u00a0: avec ces\u00a0fibres\u00a0de\u00a0coton\u00a0super\u00a0doux, il n&#039;y a pas\u00a0de\u00a0frottements Impression digitale 3D\u00a0:\u00a0t-shirt imprim\u00e9\u00a0avec\" \/>\n<meta property=\"og:url\" content=\"https:\/\/boutique-one-piece.com\/da\/one-piece-toj\/one-piece-t-shirts-2\/one-piece-t-shirt-le-vogue-merry\/\" \/>\n<meta property=\"og:site_name\" content=\"Boutique One Piece\" \/>\n<meta property=\"article:modified_time\" content=\"2024-09-16T14:07:50+00:00\" \/>\n<meta property=\"og:image\" content=\"https:\/\/boutique-one-piece.com\/wp-content\/uploads\/2022\/09\/T-Shirt-One-Piece-le-Vogue-Merry.jpg\" \/>\n\t<meta property=\"og:image:width\" content=\"640\" \/>\n\t<meta property=\"og:image:height\" content=\"640\" \/>\n\t<meta property=\"og:image:type\" content=\"image\/jpeg\" \/>\n<meta name=\"twitter:card\" content=\"summary_large_image\" \/>\n<script type=\"application\/ld+json\" class=\"yoast-schema-graph\">{\"@context\":\"https:\\\/\\\/schema.org\",\"@graph\":[{\"@type\":\"WebPage\",\"@id\":\"https:\\\/\\\/boutique-one-piece.com\\\/vetements-one-piece\\\/t-shirts-one-piece\\\/t-shirt-one-piece-le-vogue-merry\\\/\",\"url\":\"https:\\\/\\\/boutique-one-piece.com\\\/vetements-one-piece\\\/t-shirts-one-piece\\\/t-shirt-one-piece-le-vogue-merry\\\/\",\"name\":\"T-Shirt One Piece le Vogue Merry | Boutique One Piece\",\"isPartOf\":{\"@id\":\"https:\\\/\\\/boutique-one-piece.com\\\/#website\"},\"primaryImageOfPage\":{\"@id\":\"https:\\\/\\\/boutique-one-piece.com\\\/vetements-one-piece\\\/t-shirts-one-piece\\\/t-shirt-one-piece-le-vogue-merry\\\/#primaryimage\"},\"image\":{\"@id\":\"https:\\\/\\\/boutique-one-piece.com\\\/vetements-one-piece\\\/t-shirts-one-piece\\\/t-shirt-one-piece-le-vogue-merry\\\/#primaryimage\"},\"thumbnailUrl\":\"https:\\\/\\\/boutique-one-piece.com\\\/wp-content\\\/uploads\\\/2022\\\/09\\\/T-Shirt-One-Piece-le-Vogue-Merry.jpg\",\"datePublished\":\"2022-09-27T21:38:06+00:00\",\"dateModified\":\"2024-09-16T14:07:50+00:00\",\"description\":\"Informations sur le\u00a0T-Shirt\u00a0:\u00a0 \u00a0Maillot de qualit\u00e9 sup\u00e9rieure\u00a0:\u00a0poss\u00e8de un\u00a0grammage \u00e9lev\u00e9, avec des mat\u00e9riaux de qualit\u00e9s Coupe Ample\u00a0:\u00a0\u00a0tee-shirt\u00a0avec une\u00a0coupe\u00a0large, pour plus de confort Tr\u00e8s confortable\u00a0: avec ces\u00a0fibres\u00a0de\u00a0coton\u00a0super\u00a0doux, il n'y a pas\u00a0de\u00a0frottements Impression digitale 3D\u00a0:\u00a0t-shirt imprim\u00e9\u00a0avec\",\"breadcrumb\":{\"@id\":\"https:\\\/\\\/boutique-one-piece.com\\\/vetements-one-piece\\\/t-shirts-one-piece\\\/t-shirt-one-piece-le-vogue-merry\\\/#breadcrumb\"},\"inLanguage\":\"da-DK\",\"potentialAction\":[{\"@type\":\"ReadAction\",\"target\":[\"https:\\\/\\\/boutique-one-piece.com\\\/vetements-one-piece\\\/t-shirts-one-piece\\\/t-shirt-one-piece-le-vogue-merry\\\/\"]}]},{\"@type\":\"ImageObject\",\"inLanguage\":\"da-DK\",\"@id\":\"https:\\\/\\\/boutique-one-piece.com\\\/vetements-one-piece\\\/t-shirts-one-piece\\\/t-shirt-one-piece-le-vogue-merry\\\/#primaryimage\",\"url\":\"https:\\\/\\\/boutique-one-piece.com\\\/wp-content\\\/uploads\\\/2022\\\/09\\\/T-Shirt-One-Piece-le-Vogue-Merry.jpg\",\"contentUrl\":\"https:\\\/\\\/boutique-one-piece.com\\\/wp-content\\\/uploads\\\/2022\\\/09\\\/T-Shirt-One-Piece-le-Vogue-Merry.jpg\",\"width\":640,\"height\":640,\"caption\":\"T-Shirt One Piece le Vogue Merry XXXL\"},{\"@type\":\"BreadcrumbList\",\"@id\":\"https:\\\/\\\/boutique-one-piece.com\\\/vetements-one-piece\\\/t-shirts-one-piece\\\/t-shirt-one-piece-le-vogue-merry\\\/#breadcrumb\",\"itemListElement\":[{\"@type\":\"ListItem\",\"position\":1,\"name\":\"Home\",\"item\":\"https:\\\/\\\/boutique-one-piece.com\\\/\"},{\"@type\":\"ListItem\",\"position\":2,\"name\":\"Shop\",\"item\":\"https:\\\/\\\/boutique-one-piece.com\\\/shop\\\/\"},{\"@type\":\"ListItem\",\"position\":3,\"name\":\"T-Shirt One Piece le Vogue Merry\"}]},{\"@type\":\"WebSite\",\"@id\":\"https:\\\/\\\/boutique-one-piece.com\\\/#website\",\"url\":\"https:\\\/\\\/boutique-one-piece.com\\\/\",\"name\":\"Boutique One Piece\",\"description\":\"Magasin Sp\u00e9cialis\u00e9 du Manga et l&#039;Anime One Piece\",\"publisher\":{\"@id\":\"https:\\\/\\\/boutique-one-piece.com\\\/#organization\"},\"potentialAction\":[{\"@type\":\"SearchAction\",\"target\":{\"@type\":\"EntryPoint\",\"urlTemplate\":\"https:\\\/\\\/boutique-one-piece.com\\\/?s={search_term_string}\"},\"query-input\":{\"@type\":\"PropertyValueSpecification\",\"valueRequired\":true,\"valueName\":\"search_term_string\"}}],\"inLanguage\":\"da-DK\"},{\"@type\":\"Organization\",\"@id\":\"https:\\\/\\\/boutique-one-piece.com\\\/#organization\",\"name\":\"Boutique One Piece\",\"url\":\"https:\\\/\\\/boutique-one-piece.com\\\/\",\"logo\":{\"@type\":\"ImageObject\",\"inLanguage\":\"da-DK\",\"@id\":\"https:\\\/\\\/boutique-one-piece.com\\\/#\\\/schema\\\/logo\\\/image\\\/\",\"url\":\"https:\\\/\\\/boutique-one-piece.com\\\/wp-content\\\/uploads\\\/2022\\\/09\\\/Logo-01.png\",\"contentUrl\":\"https:\\\/\\\/boutique-one-piece.com\\\/wp-content\\\/uploads\\\/2022\\\/09\\\/Logo-01.png\",\"width\":2318,\"height\":957,\"caption\":\"Boutique One Piece\"},\"image\":{\"@id\":\"https:\\\/\\\/boutique-one-piece.com\\\/#\\\/schema\\\/logo\\\/image\\\/\"}}]}<\/script>\n<!-- \/ Yoast SEO plugin. -->","yoast_head_json":{"title":"One Piece T-shirt med Vogue Merry | One Piece Shop","description":"T-shirtinformation: Premium kvalitetsjersey: Stof af h\u00f8j kvalitet med h\u00f8j gramv\u00e6gt. Afslappet pasform: L\u00f8stsiddende t-shirt for ekstra komfort. Meget behagelig: Superbl\u00f8de bomuldsfibre forhindrer gnaven. 3D digitalt print: Trykt t-shirt med","robots":{"index":"index","follow":"follow","max-snippet":"max-snippet:-1","max-image-preview":"max-image-preview:large","max-video-preview":"max-video-preview:-1"},"canonical":"https:\/\/boutique-one-piece.com\/da\/one-piece-toj\/one-piece-t-shirts-2\/one-piece-t-shirt-le-vogue-merry\/","og_locale":"da_DK","og_type":"article","og_title":"T-Shirt One Piece le Vogue Merry | Boutique One Piece","og_description":"Informations sur le\u00a0T-Shirt\u00a0:\u00a0 \u00a0Maillot de qualit\u00e9 sup\u00e9rieure\u00a0:\u00a0poss\u00e8de un\u00a0grammage \u00e9lev\u00e9, avec des mat\u00e9riaux de qualit\u00e9s Coupe Ample\u00a0:\u00a0\u00a0tee-shirt\u00a0avec une\u00a0coupe\u00a0large, pour plus de confort Tr\u00e8s confortable\u00a0: avec ces\u00a0fibres\u00a0de\u00a0coton\u00a0super\u00a0doux, il n'y a pas\u00a0de\u00a0frottements Impression digitale 3D\u00a0:\u00a0t-shirt imprim\u00e9\u00a0avec","og_url":"https:\/\/boutique-one-piece.com\/da\/one-piece-toj\/one-piece-t-shirts-2\/one-piece-t-shirt-le-vogue-merry\/","og_site_name":"Boutique One Piece","article_modified_time":"2024-09-16T14:07:50+00:00","og_image":[{"width":640,"height":640,"url":"https:\/\/boutique-one-piece.com\/wp-content\/uploads\/2022\/09\/T-Shirt-One-Piece-le-Vogue-Merry.jpg","type":"image\/jpeg"}],"twitter_card":"summary_large_image","schema":{"@context":"https:\/\/schema.org","@graph":[{"@type":"WebPage","@id":"https:\/\/boutique-one-piece.com\/vetements-one-piece\/t-shirts-one-piece\/t-shirt-one-piece-le-vogue-merry\/","url":"https:\/\/boutique-one-piece.com\/vetements-one-piece\/t-shirts-one-piece\/t-shirt-one-piece-le-vogue-merry\/","name":"One Piece T-shirt med Vogue Merry | One Piece Shop","isPartOf":{"@id":"https:\/\/boutique-one-piece.com\/#website"},"primaryImageOfPage":{"@id":"https:\/\/boutique-one-piece.com\/vetements-one-piece\/t-shirts-one-piece\/t-shirt-one-piece-le-vogue-merry\/#primaryimage"},"image":{"@id":"https:\/\/boutique-one-piece.com\/vetements-one-piece\/t-shirts-one-piece\/t-shirt-one-piece-le-vogue-merry\/#primaryimage"},"thumbnailUrl":"https:\/\/boutique-one-piece.com\/wp-content\/uploads\/2022\/09\/T-Shirt-One-Piece-le-Vogue-Merry.jpg","datePublished":"2022-09-27T21:38:06+00:00","dateModified":"2024-09-16T14:07:50+00:00","description":"T-shirtinformation: Premium kvalitetsjersey: Stof af h\u00f8j kvalitet med h\u00f8j gramv\u00e6gt. Afslappet pasform: L\u00f8stsiddende t-shirt for ekstra komfort. Meget behagelig: Superbl\u00f8de bomuldsfibre forhindrer gnaven. 3D digitalt print: Trykt t-shirt med","breadcrumb":{"@id":"https:\/\/boutique-one-piece.com\/vetements-one-piece\/t-shirts-one-piece\/t-shirt-one-piece-le-vogue-merry\/#breadcrumb"},"inLanguage":"da-DK","potentialAction":[{"@type":"ReadAction","target":["https:\/\/boutique-one-piece.com\/vetements-one-piece\/t-shirts-one-piece\/t-shirt-one-piece-le-vogue-merry\/"]}]},{"@type":"ImageObject","inLanguage":"da-DK","@id":"https:\/\/boutique-one-piece.com\/vetements-one-piece\/t-shirts-one-piece\/t-shirt-one-piece-le-vogue-merry\/#primaryimage","url":"https:\/\/boutique-one-piece.com\/wp-content\/uploads\/2022\/09\/T-Shirt-One-Piece-le-Vogue-Merry.jpg","contentUrl":"https:\/\/boutique-one-piece.com\/wp-content\/uploads\/2022\/09\/T-Shirt-One-Piece-le-Vogue-Merry.jpg","width":640,"height":640,"caption":"T-Shirt One Piece le Vogue Merry XXXL"},{"@type":"BreadcrumbList","@id":"https:\/\/boutique-one-piece.com\/vetements-one-piece\/t-shirts-one-piece\/t-shirt-one-piece-le-vogue-merry\/#breadcrumb","itemListElement":[{"@type":"ListItem","position":1,"name":"Home","item":"https:\/\/boutique-one-piece.com\/"},{"@type":"ListItem","position":2,"name":"Shop","item":"https:\/\/boutique-one-piece.com\/shop\/"},{"@type":"ListItem","position":3,"name":"T-Shirt One Piece le Vogue Merry"}]},{"@type":"WebSite","@id":"https:\/\/boutique-one-piece.com\/#website","url":"https:\/\/boutique-one-piece.com\/","name":"One Piece Shop","description":"Specialbutik for One Piece Manga og Anime","publisher":{"@id":"https:\/\/boutique-one-piece.com\/#organization"},"potentialAction":[{"@type":"SearchAction","target":{"@type":"EntryPoint","urlTemplate":"https:\/\/boutique-one-piece.com\/?s={search_term_string}"},"query-input":{"@type":"PropertyValueSpecification","valueRequired":true,"valueName":"search_term_string"}}],"inLanguage":"da-DK"},{"@type":"Organization","@id":"https:\/\/boutique-one-piece.com\/#organization","name":"One Piece Shop","url":"https:\/\/boutique-one-piece.com\/","logo":{"@type":"ImageObject","inLanguage":"da-DK","@id":"https:\/\/boutique-one-piece.com\/#\/schema\/logo\/image\/","url":"https:\/\/boutique-one-piece.com\/wp-content\/uploads\/2022\/09\/Logo-01.png","contentUrl":"https:\/\/boutique-one-piece.com\/wp-content\/uploads\/2022\/09\/Logo-01.png","width":2318,"height":957,"caption":"Boutique One Piece"},"image":{"@id":"https:\/\/boutique-one-piece.com\/#\/schema\/logo\/image\/"}}]}},"_links":{"self":[{"href":"https:\/\/boutique-one-piece.com\/da\/wp-json\/wp\/v2\/product\/15357","targetHints":{"allow":["GET"]}}],"collection":[{"href":"https:\/\/boutique-one-piece.com\/da\/wp-json\/wp\/v2\/product"}],"about":[{"href":"https:\/\/boutique-one-piece.com\/da\/wp-json\/wp\/v2\/types\/product"}],"replies":[{"embeddable":true,"href":"https:\/\/boutique-one-piece.com\/da\/wp-json\/wp\/v2\/comments?post=15357"}],"wp:featuredmedia":[{"embeddable":true,"href":"https:\/\/boutique-one-piece.com\/da\/wp-json\/wp\/v2\/media\/15359"}],"wp:attachment":[{"href":"https:\/\/boutique-one-piece.com\/da\/wp-json\/wp\/v2\/media?parent=15357"}],"wp:term":[{"taxonomy":"product_brand","embeddable":true,"href":"https:\/\/boutique-one-piece.com\/da\/wp-json\/wp\/v2\/product_brand?post=15357"},{"taxonomy":"product_cat","embeddable":true,"href":"https:\/\/boutique-one-piece.com\/da\/wp-json\/wp\/v2\/product_cat?post=15357"},{"taxonomy":"product_tag","embeddable":true,"href":"https:\/\/boutique-one-piece.com\/da\/wp-json\/wp\/v2\/product_tag?post=15357"}],"curies":[{"name":"wp","href":"https:\/\/api.w.org\/{rel}","templated":true}]}}