{"id":16585,"date":"2022-09-27T21:54:22","date_gmt":"2022-09-27T21:54:22","guid":{"rendered":"https:\/\/boutique-one-piece.com\/uncategorized\/avis-de-recherche-dracule-mihawk-wanted\/"},"modified":"2024-09-16T14:42:59","modified_gmt":"2024-09-16T14:42:59","slug":"dracule-mihawk-efterlysningsplakat","status":"publish","type":"product","link":"https:\/\/boutique-one-piece.com\/da\/one-piece-efterlysningsplakat\/dracule-mihawk-efterlysningsplakat\/","title":{"rendered":"Dracule Mihawk \u00d8nskes Opsigelse"},"content":{"rendered":"<h2>Er du klar til at se et af de mest popul\u00e6re samleobjekter fra One Pieces st\u00f8rste sv\u00e6rdk\u00e6mper? Kom og tag et n\u00e6rmere kig p\u00e5 denne Dracule Mihawk Wanted-plakat.<\/h2>\n<p>Dracule Mihawk, ogs\u00e5 kendt som &quot;\u00ab\u00a0<strong>H\u00f8gens \u00f8je<\/strong>\u00a0\u00bb&quot;er uden tvivl <strong>den st\u00f8rste sv\u00e6rdk\u00e6mper i One Piece-universet<\/strong>. Han er respekteret af alle sv\u00e6rdk\u00e6mpere, og alle vil teste sig selv mod ham mindst \u00e9n gang i deres liv. Mihawk er en af antagonisterne under Baratie-buen, hvor han besejrer Zoro, men han er overrasket over Zoros mod og \u00e6resf\u00f8lelse.<\/p>\n<p>Han vil ogs\u00e5 v\u00e6re en af antagonisterne under Slaget ved Marineford, da han er en <strong>Shichibukai<\/strong>. Han k\u00e6mper derfor sammen med marinesoldaterne. I l\u00f8bet af tidsspringet tr\u00e6ner han Zoro i to \u00e5r.<\/p>\n<h3>Lav en samling af efterlysningsplakater til dine yndlingsmangafigurer, startende med Hawkeye.<\/h3>\n<p>Dracule Mihawk er en meget karismatisk karakter i One Piece-universet, og hans optr\u00e6dener resulterer altid i mindev\u00e6rdige scener p\u00e5 grund af hans imponerende kraft. Dette skyldes ogs\u00e5, at han er en ensom figur, der driver p\u00e5 en lille b\u00e5d for at n\u00e5 havet, og at han kan sk\u00e6re et skib i to med sit karakteristiske krucifiksformede sv\u00e6rd., <strong>Kokuto Yoru<\/strong>. Dracule Mihawks dus\u00f8r er 600 millioner b\u00e6r.<\/p>\n<p>Hvis du kan lide gode bonusser, hvad synes du s\u00e5 om...\u2019<a href=\"https:\/\/boutique-one-piece.com\/da\/avis-de-recherche-van-augur-wanted\/\" target=\"_blank\" title=\"Van Augur s\u00f8ges\" rel=\"noopener noreferrer\">Van Augur \u00f8nskede besked<\/a> ?<\/p>\n<h2>Information om One Piece Wanted Dracule Mihawk-plakaten<\/h2>\n<ul>\n<li><span><b><u>One Piece Wanted-plakat<\/u><\/b>\u00a0En \u00e6gte One Piece-efterlysningsplakat til \u00e6gte pirater<\/span><\/li>\n<\/ul>\n<ul>\n<li>\n<b><u>Dracule Mihawks dus\u00f8r<\/u><\/b>\u00a0600.000.000 b\u00e6r<\/li>\n<\/ul>\n<ul>\n<li><span><strong>Udskrivning i h\u00f8j kvalitet<\/strong>\u00a0pr\u00e6cise farver<\/span><\/li>\n<\/ul>\n<ul>\n<li>\n<strong>Dimension<\/strong>\u00a0: 51 cm x 36 cm<\/li>\n<\/ul>\n<ul>\n<li><span><strong>GRATIS LEVERING<\/strong><\/span><\/li>\n<\/ul>","protected":false},"excerpt":{"rendered":"<p>Es-tu pr\u00eat \u00e0 voir un des goodies les plus appr\u00e9cies du plus grand Sabreur de One Piece ? Viens voir de plus pr\u00e8s cet Avis de Recherche Dracule Mihawk Wanted. Dracule Mihawk, aussi appel\u00e9 \u00ab\u00a0Oeil de Faucon\u00a0\u00bb est sans conteste le plus grand \u00e9p\u00e9iste de l&rsquo;univers de One Piece. Il est respect\u00e9 par tous les [&hellip;]<\/p>","protected":false},"featured_media":16587,"comment_status":"open","ping_status":"open","template":"","meta":[],"product_brand":[],"product_cat":[171],"product_tag":[325],"class_list":{"0":"post-16585","1":"product","2":"type-product","3":"status-publish","4":"has-post-thumbnail","6":"product_cat-avis-de-recherche-one-piece","7":"product_tag-avalo-pizarro","9":"first","10":"instock","11":"purchasable","12":"product-type-simple"},"yoast_head":"<!-- This site is optimized with the Yoast SEO plugin v27.5 - https:\/\/yoast.com\/product\/yoast-seo-wordpress\/ -->\n<title>Avis De Recherche Dracule Mihawk Wanted | Boutique One Piece<\/title>\n<meta name=\"description\" content=\"Es-tu pr\u00eat \u00e0 voir un des goodies les plus appr\u00e9cies du plus grand Sabreur de One Piece ? Viens voir de plus pr\u00e8s cet Avis de Recherche Dracule Mihawk Wanted. Dracule Mihawk, aussi appel\u00e9 &quot;Oeil de Faucon&quot; est sans conteste le plus grand \u00e9p\u00e9iste de l&#039;univers de One Piece. Il est respect\u00e9 par tous les escrimeurs et tous v\" \/>\n<meta name=\"robots\" content=\"index, follow, max-snippet:-1, max-image-preview:large, max-video-preview:-1\" \/>\n<link rel=\"canonical\" href=\"https:\/\/boutique-one-piece.com\/da\/one-piece-efterlysningsplakat\/dracule-mihawk-efterlysningsplakat\/\" \/>\n<meta property=\"og:locale\" content=\"da_DK\" \/>\n<meta property=\"og:type\" content=\"article\" \/>\n<meta property=\"og:title\" content=\"Avis De Recherche Dracule Mihawk Wanted | Boutique One Piece\" \/>\n<meta property=\"og:description\" content=\"Es-tu pr\u00eat \u00e0 voir un des goodies les plus appr\u00e9cies du plus grand Sabreur de One Piece ? Viens voir de plus pr\u00e8s cet Avis de Recherche Dracule Mihawk Wanted. Dracule Mihawk, aussi appel\u00e9 &quot;Oeil de Faucon&quot; est sans conteste le plus grand \u00e9p\u00e9iste de l&#039;univers de One Piece. Il est respect\u00e9 par tous les escrimeurs et tous v\" \/>\n<meta property=\"og:url\" content=\"https:\/\/boutique-one-piece.com\/da\/one-piece-efterlysningsplakat\/dracule-mihawk-efterlysningsplakat\/\" \/>\n<meta property=\"og:site_name\" content=\"Boutique One Piece\" \/>\n<meta property=\"article:modified_time\" content=\"2024-09-16T14:42:59+00:00\" \/>\n<meta property=\"og:image\" content=\"https:\/\/boutique-one-piece.com\/wp-content\/uploads\/2022\/09\/Avis-De-Recherche-Dracule-Mihawk-Wanted-1.jpg\" \/>\n\t<meta property=\"og:image:width\" content=\"800\" \/>\n\t<meta property=\"og:image:height\" content=\"800\" \/>\n\t<meta property=\"og:image:type\" content=\"image\/jpeg\" \/>\n<meta name=\"twitter:card\" content=\"summary_large_image\" \/>\n<meta name=\"twitter:label1\" content=\"Estimeret l\u00e6setid\" \/>\n\t<meta name=\"twitter:data1\" content=\"2 minutter\" \/>\n<script type=\"application\/ld+json\" class=\"yoast-schema-graph\">{\"@context\":\"https:\\\/\\\/schema.org\",\"@graph\":[{\"@type\":\"WebPage\",\"@id\":\"https:\\\/\\\/boutique-one-piece.com\\\/avis-de-recherche-one-piece\\\/avis-de-recherche-dracule-mihawk-wanted\\\/\",\"url\":\"https:\\\/\\\/boutique-one-piece.com\\\/avis-de-recherche-one-piece\\\/avis-de-recherche-dracule-mihawk-wanted\\\/\",\"name\":\"Avis De Recherche Dracule Mihawk Wanted | Boutique One Piece\",\"isPartOf\":{\"@id\":\"https:\\\/\\\/boutique-one-piece.com\\\/#website\"},\"primaryImageOfPage\":{\"@id\":\"https:\\\/\\\/boutique-one-piece.com\\\/avis-de-recherche-one-piece\\\/avis-de-recherche-dracule-mihawk-wanted\\\/#primaryimage\"},\"image\":{\"@id\":\"https:\\\/\\\/boutique-one-piece.com\\\/avis-de-recherche-one-piece\\\/avis-de-recherche-dracule-mihawk-wanted\\\/#primaryimage\"},\"thumbnailUrl\":\"https:\\\/\\\/boutique-one-piece.com\\\/wp-content\\\/uploads\\\/2022\\\/09\\\/Avis-De-Recherche-Dracule-Mihawk-Wanted-1.jpg\",\"datePublished\":\"2022-09-27T21:54:22+00:00\",\"dateModified\":\"2024-09-16T14:42:59+00:00\",\"description\":\"Es-tu pr\u00eat \u00e0 voir un des goodies les plus appr\u00e9cies du plus grand Sabreur de One Piece ? Viens voir de plus pr\u00e8s cet Avis de Recherche Dracule Mihawk Wanted. Dracule Mihawk, aussi appel\u00e9 \\\"Oeil de Faucon\\\" est sans conteste le plus grand \u00e9p\u00e9iste de l'univers de One Piece. Il est respect\u00e9 par tous les escrimeurs et tous v\",\"breadcrumb\":{\"@id\":\"https:\\\/\\\/boutique-one-piece.com\\\/avis-de-recherche-one-piece\\\/avis-de-recherche-dracule-mihawk-wanted\\\/#breadcrumb\"},\"inLanguage\":\"da-DK\",\"potentialAction\":[{\"@type\":\"ReadAction\",\"target\":[\"https:\\\/\\\/boutique-one-piece.com\\\/avis-de-recherche-one-piece\\\/avis-de-recherche-dracule-mihawk-wanted\\\/\"]}]},{\"@type\":\"ImageObject\",\"inLanguage\":\"da-DK\",\"@id\":\"https:\\\/\\\/boutique-one-piece.com\\\/avis-de-recherche-one-piece\\\/avis-de-recherche-dracule-mihawk-wanted\\\/#primaryimage\",\"url\":\"https:\\\/\\\/boutique-one-piece.com\\\/wp-content\\\/uploads\\\/2022\\\/09\\\/Avis-De-Recherche-Dracule-Mihawk-Wanted-1.jpg\",\"contentUrl\":\"https:\\\/\\\/boutique-one-piece.com\\\/wp-content\\\/uploads\\\/2022\\\/09\\\/Avis-De-Recherche-Dracule-Mihawk-Wanted-1.jpg\",\"width\":800,\"height\":800},{\"@type\":\"BreadcrumbList\",\"@id\":\"https:\\\/\\\/boutique-one-piece.com\\\/avis-de-recherche-one-piece\\\/avis-de-recherche-dracule-mihawk-wanted\\\/#breadcrumb\",\"itemListElement\":[{\"@type\":\"ListItem\",\"position\":1,\"name\":\"Home\",\"item\":\"https:\\\/\\\/boutique-one-piece.com\\\/\"},{\"@type\":\"ListItem\",\"position\":2,\"name\":\"Shop\",\"item\":\"https:\\\/\\\/boutique-one-piece.com\\\/shop\\\/\"},{\"@type\":\"ListItem\",\"position\":3,\"name\":\"Avis De Recherche Dracule Mihawk Wanted\"}]},{\"@type\":\"WebSite\",\"@id\":\"https:\\\/\\\/boutique-one-piece.com\\\/#website\",\"url\":\"https:\\\/\\\/boutique-one-piece.com\\\/\",\"name\":\"Boutique One Piece\",\"description\":\"Magasin Sp\u00e9cialis\u00e9 du Manga et l&#039;Anime One Piece\",\"publisher\":{\"@id\":\"https:\\\/\\\/boutique-one-piece.com\\\/#organization\"},\"potentialAction\":[{\"@type\":\"SearchAction\",\"target\":{\"@type\":\"EntryPoint\",\"urlTemplate\":\"https:\\\/\\\/boutique-one-piece.com\\\/?s={search_term_string}\"},\"query-input\":{\"@type\":\"PropertyValueSpecification\",\"valueRequired\":true,\"valueName\":\"search_term_string\"}}],\"inLanguage\":\"da-DK\"},{\"@type\":\"Organization\",\"@id\":\"https:\\\/\\\/boutique-one-piece.com\\\/#organization\",\"name\":\"Boutique One Piece\",\"url\":\"https:\\\/\\\/boutique-one-piece.com\\\/\",\"logo\":{\"@type\":\"ImageObject\",\"inLanguage\":\"da-DK\",\"@id\":\"https:\\\/\\\/boutique-one-piece.com\\\/#\\\/schema\\\/logo\\\/image\\\/\",\"url\":\"https:\\\/\\\/boutique-one-piece.com\\\/wp-content\\\/uploads\\\/2022\\\/09\\\/Logo-01.png\",\"contentUrl\":\"https:\\\/\\\/boutique-one-piece.com\\\/wp-content\\\/uploads\\\/2022\\\/09\\\/Logo-01.png\",\"width\":2318,\"height\":957,\"caption\":\"Boutique One Piece\"},\"image\":{\"@id\":\"https:\\\/\\\/boutique-one-piece.com\\\/#\\\/schema\\\/logo\\\/image\\\/\"}}]}<\/script>\n<!-- \/ Yoast SEO plugin. -->","yoast_head_json":{"title":"Dracule Mihawk \u00d8nskes Annonce | One Piece Shop","description":"Er du klar til at se et af de mest popul\u00e6re samleobjekter af One Pieces st\u00f8rste sv\u00e6rdk\u00e6mper? Kom og tag et n\u00e6rmere kig p\u00e5 denne Dracule Mihawk Wanted-plakat. Dracule Mihawk, ogs\u00e5 kendt som &quot;Hawkeye&quot;, er uden tvivl den st\u00f8rste sv\u00e6rdk\u00e6mper i One Piece-universet. Han er respekteret af alle sv\u00e6rdk\u00e6mpere og alle...","robots":{"index":"index","follow":"follow","max-snippet":"max-snippet:-1","max-image-preview":"max-image-preview:large","max-video-preview":"max-video-preview:-1"},"canonical":"https:\/\/boutique-one-piece.com\/da\/one-piece-efterlysningsplakat\/dracule-mihawk-efterlysningsplakat\/","og_locale":"da_DK","og_type":"article","og_title":"Avis De Recherche Dracule Mihawk Wanted | Boutique One Piece","og_description":"Es-tu pr\u00eat \u00e0 voir un des goodies les plus appr\u00e9cies du plus grand Sabreur de One Piece ? Viens voir de plus pr\u00e8s cet Avis de Recherche Dracule Mihawk Wanted. Dracule Mihawk, aussi appel\u00e9 \"Oeil de Faucon\" est sans conteste le plus grand \u00e9p\u00e9iste de l'univers de One Piece. Il est respect\u00e9 par tous les escrimeurs et tous v","og_url":"https:\/\/boutique-one-piece.com\/da\/one-piece-efterlysningsplakat\/dracule-mihawk-efterlysningsplakat\/","og_site_name":"Boutique One Piece","article_modified_time":"2024-09-16T14:42:59+00:00","og_image":[{"width":800,"height":800,"url":"https:\/\/boutique-one-piece.com\/wp-content\/uploads\/2022\/09\/Avis-De-Recherche-Dracule-Mihawk-Wanted-1.jpg","type":"image\/jpeg"}],"twitter_card":"summary_large_image","twitter_misc":{"Estimeret l\u00e6setid":"2 minutter"},"schema":{"@context":"https:\/\/schema.org","@graph":[{"@type":"WebPage","@id":"https:\/\/boutique-one-piece.com\/avis-de-recherche-one-piece\/avis-de-recherche-dracule-mihawk-wanted\/","url":"https:\/\/boutique-one-piece.com\/avis-de-recherche-one-piece\/avis-de-recherche-dracule-mihawk-wanted\/","name":"Dracule Mihawk \u00d8nskes Annonce | One Piece Shop","isPartOf":{"@id":"https:\/\/boutique-one-piece.com\/#website"},"primaryImageOfPage":{"@id":"https:\/\/boutique-one-piece.com\/avis-de-recherche-one-piece\/avis-de-recherche-dracule-mihawk-wanted\/#primaryimage"},"image":{"@id":"https:\/\/boutique-one-piece.com\/avis-de-recherche-one-piece\/avis-de-recherche-dracule-mihawk-wanted\/#primaryimage"},"thumbnailUrl":"https:\/\/boutique-one-piece.com\/wp-content\/uploads\/2022\/09\/Avis-De-Recherche-Dracule-Mihawk-Wanted-1.jpg","datePublished":"2022-09-27T21:54:22+00:00","dateModified":"2024-09-16T14:42:59+00:00","description":"Er du klar til at se et af de mest popul\u00e6re samleobjekter af One Pieces st\u00f8rste sv\u00e6rdk\u00e6mper? Kom og tag et n\u00e6rmere kig p\u00e5 denne Dracule Mihawk Wanted-plakat. Dracule Mihawk, ogs\u00e5 kendt som &quot;Hawkeye&quot;, er uden tvivl den st\u00f8rste sv\u00e6rdk\u00e6mper i One Piece-universet. Han er respekteret af alle sv\u00e6rdk\u00e6mpere og alle...","breadcrumb":{"@id":"https:\/\/boutique-one-piece.com\/avis-de-recherche-one-piece\/avis-de-recherche-dracule-mihawk-wanted\/#breadcrumb"},"inLanguage":"da-DK","potentialAction":[{"@type":"ReadAction","target":["https:\/\/boutique-one-piece.com\/avis-de-recherche-one-piece\/avis-de-recherche-dracule-mihawk-wanted\/"]}]},{"@type":"ImageObject","inLanguage":"da-DK","@id":"https:\/\/boutique-one-piece.com\/avis-de-recherche-one-piece\/avis-de-recherche-dracule-mihawk-wanted\/#primaryimage","url":"https:\/\/boutique-one-piece.com\/wp-content\/uploads\/2022\/09\/Avis-De-Recherche-Dracule-Mihawk-Wanted-1.jpg","contentUrl":"https:\/\/boutique-one-piece.com\/wp-content\/uploads\/2022\/09\/Avis-De-Recherche-Dracule-Mihawk-Wanted-1.jpg","width":800,"height":800},{"@type":"BreadcrumbList","@id":"https:\/\/boutique-one-piece.com\/avis-de-recherche-one-piece\/avis-de-recherche-dracule-mihawk-wanted\/#breadcrumb","itemListElement":[{"@type":"ListItem","position":1,"name":"Home","item":"https:\/\/boutique-one-piece.com\/"},{"@type":"ListItem","position":2,"name":"Shop","item":"https:\/\/boutique-one-piece.com\/shop\/"},{"@type":"ListItem","position":3,"name":"Avis De Recherche Dracule Mihawk Wanted"}]},{"@type":"WebSite","@id":"https:\/\/boutique-one-piece.com\/#website","url":"https:\/\/boutique-one-piece.com\/","name":"One Piece Shop","description":"Specialbutik for One Piece Manga og Anime","publisher":{"@id":"https:\/\/boutique-one-piece.com\/#organization"},"potentialAction":[{"@type":"SearchAction","target":{"@type":"EntryPoint","urlTemplate":"https:\/\/boutique-one-piece.com\/?s={search_term_string}"},"query-input":{"@type":"PropertyValueSpecification","valueRequired":true,"valueName":"search_term_string"}}],"inLanguage":"da-DK"},{"@type":"Organization","@id":"https:\/\/boutique-one-piece.com\/#organization","name":"One Piece Shop","url":"https:\/\/boutique-one-piece.com\/","logo":{"@type":"ImageObject","inLanguage":"da-DK","@id":"https:\/\/boutique-one-piece.com\/#\/schema\/logo\/image\/","url":"https:\/\/boutique-one-piece.com\/wp-content\/uploads\/2022\/09\/Logo-01.png","contentUrl":"https:\/\/boutique-one-piece.com\/wp-content\/uploads\/2022\/09\/Logo-01.png","width":2318,"height":957,"caption":"Boutique One Piece"},"image":{"@id":"https:\/\/boutique-one-piece.com\/#\/schema\/logo\/image\/"}}]}},"_links":{"self":[{"href":"https:\/\/boutique-one-piece.com\/da\/wp-json\/wp\/v2\/product\/16585","targetHints":{"allow":["GET"]}}],"collection":[{"href":"https:\/\/boutique-one-piece.com\/da\/wp-json\/wp\/v2\/product"}],"about":[{"href":"https:\/\/boutique-one-piece.com\/da\/wp-json\/wp\/v2\/types\/product"}],"replies":[{"embeddable":true,"href":"https:\/\/boutique-one-piece.com\/da\/wp-json\/wp\/v2\/comments?post=16585"}],"wp:featuredmedia":[{"embeddable":true,"href":"https:\/\/boutique-one-piece.com\/da\/wp-json\/wp\/v2\/media\/16587"}],"wp:attachment":[{"href":"https:\/\/boutique-one-piece.com\/da\/wp-json\/wp\/v2\/media?parent=16585"}],"wp:term":[{"taxonomy":"product_brand","embeddable":true,"href":"https:\/\/boutique-one-piece.com\/da\/wp-json\/wp\/v2\/product_brand?post=16585"},{"taxonomy":"product_cat","embeddable":true,"href":"https:\/\/boutique-one-piece.com\/da\/wp-json\/wp\/v2\/product_cat?post=16585"},{"taxonomy":"product_tag","embeddable":true,"href":"https:\/\/boutique-one-piece.com\/da\/wp-json\/wp\/v2\/product_tag?post=16585"}],"curies":[{"name":"wp","href":"https:\/\/api.w.org\/{rel}","templated":true}]}}