{"id":16899,"date":"2022-09-27T21:56:20","date_gmt":"2022-09-27T21:56:20","guid":{"rendered":"https:\/\/boutique-one-piece.com\/uncategorized\/mitaine-one-piece-trafalgar-law\/"},"modified":"2024-09-16T14:52:27","modified_gmt":"2024-09-16T14:52:27","slug":"vante-i-et-stykke-trafalgar-law","status":"publish","type":"product","link":"https:\/\/boutique-one-piece.com\/da\/one-piece-tilbehor\/vante-i-et-stykke-trafalgar-law\/","title":{"rendered":"One Piece Trafalgar Law Handske"},"content":{"rendered":"<p><span><strong>M\u00e6rkenavn:<\/strong> ikkkue<\/span><br \/><span><strong>K\u00f8n:<\/strong> Unisex<\/span><br \/><span><strong>Materialets tekstur:<\/strong> strikning<\/span><br \/><span><strong>Klassificering af brug:<\/strong> Daglig handske<\/span><br \/><span><strong>G\u00e6ldende k\u00f8n:<\/strong> Neutrale m\u00e6nd og kvinder<\/span><br \/><span><strong>fungere:<\/strong> Hold dig varm<\/span><br \/><span><strong>stil:<\/strong> Handsker med halve fingre<\/span><br \/><span><strong>Egnet s\u00e6son:<\/strong> Efter\u00e5r<\/span><br \/><span><strong>G\u00e6ldende alder:<\/strong> voksen<\/span><\/p>","protected":false},"excerpt":{"rendered":"<p>M\u00e6rkenavn: ikkkue K\u00f8n: Unisex Materialestruktur: Strikning Brugsklassificering: Daglig handske Anvendeligt k\u00f8n: Neutralt k\u00f8n til m\u00e6nd og kvinder Funktion: Hold varm Stil: Halvfingerhandsker Egnet s\u00e6son: Efter\u00e5r Anvendelig alder: Voksen<\/p>","protected":false},"featured_media":16901,"comment_status":"open","ping_status":"open","template":"","meta":[],"product_brand":[],"product_cat":[409],"product_tag":[],"class_list":{"0":"post-16899","1":"product","2":"type-product","3":"status-publish","4":"has-post-thumbnail","6":"product_cat-accessoires-one-piece","8":"first","9":"instock","10":"purchasable","11":"product-type-simple"},"yoast_head":"<!-- This site is optimized with the Yoast SEO plugin v27.5 - https:\/\/yoast.com\/product\/yoast-seo-wordpress\/ -->\n<title>Mitaine One Piece Trafalgar Law \u2013 Boutique One Piece<\/title>\n<meta name=\"description\" content=\"Brand Name: ikkkueGender: UnisexTexture of material: knittingClassification of use: Daily gloveApplicable gender: Neutral men and womenfunction: Keep warmstyle: Half finger glovesSuitable season: AutumnApplicable age: adult\" \/>\n<meta name=\"robots\" content=\"index, follow, max-snippet:-1, max-image-preview:large, max-video-preview:-1\" \/>\n<link rel=\"canonical\" href=\"https:\/\/boutique-one-piece.com\/da\/one-piece-tilbehor\/vante-i-et-stykke-trafalgar-law\/\" \/>\n<meta property=\"og:locale\" content=\"da_DK\" \/>\n<meta property=\"og:type\" content=\"article\" \/>\n<meta property=\"og:title\" content=\"Mitaine One Piece Trafalgar Law \u2013 Boutique One Piece\" \/>\n<meta property=\"og:description\" content=\"Brand Name: ikkkueGender: UnisexTexture of material: knittingClassification of use: Daily gloveApplicable gender: Neutral men and womenfunction: Keep warmstyle: Half finger glovesSuitable season: AutumnApplicable age: adult\" \/>\n<meta property=\"og:url\" content=\"https:\/\/boutique-one-piece.com\/da\/one-piece-tilbehor\/vante-i-et-stykke-trafalgar-law\/\" \/>\n<meta property=\"og:site_name\" content=\"Boutique One Piece\" \/>\n<meta property=\"article:modified_time\" content=\"2024-09-16T14:52:27+00:00\" \/>\n<meta property=\"og:image\" content=\"https:\/\/boutique-one-piece.com\/wp-content\/uploads\/2022\/09\/Mitaine-One-Piece-Trafalgar-Law.jpg\" \/>\n\t<meta property=\"og:image:width\" content=\"640\" \/>\n\t<meta property=\"og:image:height\" content=\"640\" \/>\n\t<meta property=\"og:image:type\" content=\"image\/jpeg\" \/>\n<meta name=\"twitter:card\" content=\"summary_large_image\" \/>\n<script type=\"application\/ld+json\" class=\"yoast-schema-graph\">{\"@context\":\"https:\\\/\\\/schema.org\",\"@graph\":[{\"@type\":\"WebPage\",\"@id\":\"https:\\\/\\\/boutique-one-piece.com\\\/accessoires-one-piece\\\/mitaine-one-piece-trafalgar-law\\\/\",\"url\":\"https:\\\/\\\/boutique-one-piece.com\\\/accessoires-one-piece\\\/mitaine-one-piece-trafalgar-law\\\/\",\"name\":\"Mitaine One Piece Trafalgar Law \u2013 Boutique One Piece\",\"isPartOf\":{\"@id\":\"https:\\\/\\\/boutique-one-piece.com\\\/#website\"},\"primaryImageOfPage\":{\"@id\":\"https:\\\/\\\/boutique-one-piece.com\\\/accessoires-one-piece\\\/mitaine-one-piece-trafalgar-law\\\/#primaryimage\"},\"image\":{\"@id\":\"https:\\\/\\\/boutique-one-piece.com\\\/accessoires-one-piece\\\/mitaine-one-piece-trafalgar-law\\\/#primaryimage\"},\"thumbnailUrl\":\"https:\\\/\\\/boutique-one-piece.com\\\/wp-content\\\/uploads\\\/2022\\\/09\\\/Mitaine-One-Piece-Trafalgar-Law.jpg\",\"datePublished\":\"2022-09-27T21:56:20+00:00\",\"dateModified\":\"2024-09-16T14:52:27+00:00\",\"description\":\"Brand Name: ikkkueGender: UnisexTexture of material: knittingClassification of use: Daily gloveApplicable gender: Neutral men and womenfunction: Keep warmstyle: Half finger glovesSuitable season: AutumnApplicable age: adult\",\"breadcrumb\":{\"@id\":\"https:\\\/\\\/boutique-one-piece.com\\\/accessoires-one-piece\\\/mitaine-one-piece-trafalgar-law\\\/#breadcrumb\"},\"inLanguage\":\"da-DK\",\"potentialAction\":[{\"@type\":\"ReadAction\",\"target\":[\"https:\\\/\\\/boutique-one-piece.com\\\/accessoires-one-piece\\\/mitaine-one-piece-trafalgar-law\\\/\"]}]},{\"@type\":\"ImageObject\",\"inLanguage\":\"da-DK\",\"@id\":\"https:\\\/\\\/boutique-one-piece.com\\\/accessoires-one-piece\\\/mitaine-one-piece-trafalgar-law\\\/#primaryimage\",\"url\":\"https:\\\/\\\/boutique-one-piece.com\\\/wp-content\\\/uploads\\\/2022\\\/09\\\/Mitaine-One-Piece-Trafalgar-Law.jpg\",\"contentUrl\":\"https:\\\/\\\/boutique-one-piece.com\\\/wp-content\\\/uploads\\\/2022\\\/09\\\/Mitaine-One-Piece-Trafalgar-Law.jpg\",\"width\":640,\"height\":640,\"caption\":\"Mitaine One Piece Trafalgar Law Default Title\"},{\"@type\":\"BreadcrumbList\",\"@id\":\"https:\\\/\\\/boutique-one-piece.com\\\/accessoires-one-piece\\\/mitaine-one-piece-trafalgar-law\\\/#breadcrumb\",\"itemListElement\":[{\"@type\":\"ListItem\",\"position\":1,\"name\":\"Home\",\"item\":\"https:\\\/\\\/boutique-one-piece.com\\\/\"},{\"@type\":\"ListItem\",\"position\":2,\"name\":\"Shop\",\"item\":\"https:\\\/\\\/boutique-one-piece.com\\\/shop\\\/\"},{\"@type\":\"ListItem\",\"position\":3,\"name\":\"Mitaine One Piece Trafalgar Law\"}]},{\"@type\":\"WebSite\",\"@id\":\"https:\\\/\\\/boutique-one-piece.com\\\/#website\",\"url\":\"https:\\\/\\\/boutique-one-piece.com\\\/\",\"name\":\"Boutique One Piece\",\"description\":\"Magasin Sp\u00e9cialis\u00e9 du Manga et l&#039;Anime One Piece\",\"publisher\":{\"@id\":\"https:\\\/\\\/boutique-one-piece.com\\\/#organization\"},\"potentialAction\":[{\"@type\":\"SearchAction\",\"target\":{\"@type\":\"EntryPoint\",\"urlTemplate\":\"https:\\\/\\\/boutique-one-piece.com\\\/?s={search_term_string}\"},\"query-input\":{\"@type\":\"PropertyValueSpecification\",\"valueRequired\":true,\"valueName\":\"search_term_string\"}}],\"inLanguage\":\"da-DK\"},{\"@type\":\"Organization\",\"@id\":\"https:\\\/\\\/boutique-one-piece.com\\\/#organization\",\"name\":\"Boutique One Piece\",\"url\":\"https:\\\/\\\/boutique-one-piece.com\\\/\",\"logo\":{\"@type\":\"ImageObject\",\"inLanguage\":\"da-DK\",\"@id\":\"https:\\\/\\\/boutique-one-piece.com\\\/#\\\/schema\\\/logo\\\/image\\\/\",\"url\":\"https:\\\/\\\/boutique-one-piece.com\\\/wp-content\\\/uploads\\\/2022\\\/09\\\/Logo-01.png\",\"contentUrl\":\"https:\\\/\\\/boutique-one-piece.com\\\/wp-content\\\/uploads\\\/2022\\\/09\\\/Logo-01.png\",\"width\":2318,\"height\":957,\"caption\":\"Boutique One Piece\"},\"image\":{\"@id\":\"https:\\\/\\\/boutique-one-piece.com\\\/#\\\/schema\\\/logo\\\/image\\\/\"}}]}<\/script>\n<!-- \/ Yoast SEO plugin. -->","yoast_head_json":{"title":"One Piece Trafalgar Law Handske \u2013 One Piece Shop","description":"M\u00e6rkenavn: ikkkue K\u00f8n: Unisex Materialestruktur: Strikning Brugsklassificering: Daglig handske Anvendeligt k\u00f8n: Neutralt k\u00f8n til m\u00e6nd og kvinder Funktion: Hold varm Stil: Halvfingerhandsker Egnet s\u00e6son: Efter\u00e5r Anvendelig alder: Voksen","robots":{"index":"index","follow":"follow","max-snippet":"max-snippet:-1","max-image-preview":"max-image-preview:large","max-video-preview":"max-video-preview:-1"},"canonical":"https:\/\/boutique-one-piece.com\/da\/one-piece-tilbehor\/vante-i-et-stykke-trafalgar-law\/","og_locale":"da_DK","og_type":"article","og_title":"Mitaine One Piece Trafalgar Law \u2013 Boutique One Piece","og_description":"Brand Name: ikkkueGender: UnisexTexture of material: knittingClassification of use: Daily gloveApplicable gender: Neutral men and womenfunction: Keep warmstyle: Half finger glovesSuitable season: AutumnApplicable age: adult","og_url":"https:\/\/boutique-one-piece.com\/da\/one-piece-tilbehor\/vante-i-et-stykke-trafalgar-law\/","og_site_name":"Boutique One Piece","article_modified_time":"2024-09-16T14:52:27+00:00","og_image":[{"width":640,"height":640,"url":"https:\/\/boutique-one-piece.com\/wp-content\/uploads\/2022\/09\/Mitaine-One-Piece-Trafalgar-Law.jpg","type":"image\/jpeg"}],"twitter_card":"summary_large_image","schema":{"@context":"https:\/\/schema.org","@graph":[{"@type":"WebPage","@id":"https:\/\/boutique-one-piece.com\/accessoires-one-piece\/mitaine-one-piece-trafalgar-law\/","url":"https:\/\/boutique-one-piece.com\/accessoires-one-piece\/mitaine-one-piece-trafalgar-law\/","name":"One Piece Trafalgar Law Handske \u2013 One Piece Shop","isPartOf":{"@id":"https:\/\/boutique-one-piece.com\/#website"},"primaryImageOfPage":{"@id":"https:\/\/boutique-one-piece.com\/accessoires-one-piece\/mitaine-one-piece-trafalgar-law\/#primaryimage"},"image":{"@id":"https:\/\/boutique-one-piece.com\/accessoires-one-piece\/mitaine-one-piece-trafalgar-law\/#primaryimage"},"thumbnailUrl":"https:\/\/boutique-one-piece.com\/wp-content\/uploads\/2022\/09\/Mitaine-One-Piece-Trafalgar-Law.jpg","datePublished":"2022-09-27T21:56:20+00:00","dateModified":"2024-09-16T14:52:27+00:00","description":"M\u00e6rkenavn: ikkkue K\u00f8n: Unisex Materialestruktur: Strikning Brugsklassificering: Daglig handske Anvendeligt k\u00f8n: Neutralt k\u00f8n til m\u00e6nd og kvinder Funktion: Hold varm Stil: Halvfingerhandsker Egnet s\u00e6son: Efter\u00e5r Anvendelig alder: Voksen","breadcrumb":{"@id":"https:\/\/boutique-one-piece.com\/accessoires-one-piece\/mitaine-one-piece-trafalgar-law\/#breadcrumb"},"inLanguage":"da-DK","potentialAction":[{"@type":"ReadAction","target":["https:\/\/boutique-one-piece.com\/accessoires-one-piece\/mitaine-one-piece-trafalgar-law\/"]}]},{"@type":"ImageObject","inLanguage":"da-DK","@id":"https:\/\/boutique-one-piece.com\/accessoires-one-piece\/mitaine-one-piece-trafalgar-law\/#primaryimage","url":"https:\/\/boutique-one-piece.com\/wp-content\/uploads\/2022\/09\/Mitaine-One-Piece-Trafalgar-Law.jpg","contentUrl":"https:\/\/boutique-one-piece.com\/wp-content\/uploads\/2022\/09\/Mitaine-One-Piece-Trafalgar-Law.jpg","width":640,"height":640,"caption":"Mitaine One Piece Trafalgar Law Default Title"},{"@type":"BreadcrumbList","@id":"https:\/\/boutique-one-piece.com\/accessoires-one-piece\/mitaine-one-piece-trafalgar-law\/#breadcrumb","itemListElement":[{"@type":"ListItem","position":1,"name":"Home","item":"https:\/\/boutique-one-piece.com\/"},{"@type":"ListItem","position":2,"name":"Shop","item":"https:\/\/boutique-one-piece.com\/shop\/"},{"@type":"ListItem","position":3,"name":"Mitaine One Piece Trafalgar Law"}]},{"@type":"WebSite","@id":"https:\/\/boutique-one-piece.com\/#website","url":"https:\/\/boutique-one-piece.com\/","name":"One Piece Shop","description":"Specialbutik for One Piece Manga og Anime","publisher":{"@id":"https:\/\/boutique-one-piece.com\/#organization"},"potentialAction":[{"@type":"SearchAction","target":{"@type":"EntryPoint","urlTemplate":"https:\/\/boutique-one-piece.com\/?s={search_term_string}"},"query-input":{"@type":"PropertyValueSpecification","valueRequired":true,"valueName":"search_term_string"}}],"inLanguage":"da-DK"},{"@type":"Organization","@id":"https:\/\/boutique-one-piece.com\/#organization","name":"One Piece Shop","url":"https:\/\/boutique-one-piece.com\/","logo":{"@type":"ImageObject","inLanguage":"da-DK","@id":"https:\/\/boutique-one-piece.com\/#\/schema\/logo\/image\/","url":"https:\/\/boutique-one-piece.com\/wp-content\/uploads\/2022\/09\/Logo-01.png","contentUrl":"https:\/\/boutique-one-piece.com\/wp-content\/uploads\/2022\/09\/Logo-01.png","width":2318,"height":957,"caption":"Boutique One Piece"},"image":{"@id":"https:\/\/boutique-one-piece.com\/#\/schema\/logo\/image\/"}}]}},"_links":{"self":[{"href":"https:\/\/boutique-one-piece.com\/da\/wp-json\/wp\/v2\/product\/16899","targetHints":{"allow":["GET"]}}],"collection":[{"href":"https:\/\/boutique-one-piece.com\/da\/wp-json\/wp\/v2\/product"}],"about":[{"href":"https:\/\/boutique-one-piece.com\/da\/wp-json\/wp\/v2\/types\/product"}],"replies":[{"embeddable":true,"href":"https:\/\/boutique-one-piece.com\/da\/wp-json\/wp\/v2\/comments?post=16899"}],"wp:featuredmedia":[{"embeddable":true,"href":"https:\/\/boutique-one-piece.com\/da\/wp-json\/wp\/v2\/media\/16901"}],"wp:attachment":[{"href":"https:\/\/boutique-one-piece.com\/da\/wp-json\/wp\/v2\/media?parent=16899"}],"wp:term":[{"taxonomy":"product_brand","embeddable":true,"href":"https:\/\/boutique-one-piece.com\/da\/wp-json\/wp\/v2\/product_brand?post=16899"},{"taxonomy":"product_cat","embeddable":true,"href":"https:\/\/boutique-one-piece.com\/da\/wp-json\/wp\/v2\/product_cat?post=16899"},{"taxonomy":"product_tag","embeddable":true,"href":"https:\/\/boutique-one-piece.com\/da\/wp-json\/wp\/v2\/product_tag?post=16899"}],"curies":[{"name":"wp","href":"https:\/\/api.w.org\/{rel}","templated":true}]}}