{"id":17152,"date":"2022-09-27T21:57:58","date_gmt":"2022-09-27T21:57:58","guid":{"rendered":"https:\/\/boutique-one-piece.com\/uncategorized\/figurine-one-piece-kid-de-la-pire-generation\/"},"modified":"2024-09-16T14:59:49","modified_gmt":"2024-09-16T14:59:49","slug":"one-piece-bornefigur-fra-den-vaerste-generation","status":"publish","type":"product","link":"https:\/\/boutique-one-piece.com\/da\/one-piece-figurer-2\/one-piece-bornefigur-fra-den-vaerste-generation\/","title":{"rendered":"One Piece Kid Figur fra den v\u00e6rste generation"},"content":{"rendered":"<h2>Unge pirat, tiden er inde til, at du f\u00e5r fat i denne One Piece Kid of the Worst Generation-figur.<\/h2>\n<p>Her er hvad du beh\u00f8ver at vide om denne karakter; ; <strong>Eustass eller &quot;Kaptajn&quot; Kid<\/strong> er en berygtet pirat, oprindeligt fra South Blue, og kaptajnen for Kid&#039;s Pirates. Han er en af de elleve <strong>Supernovaer<\/strong> s\u00e5vel som den &quot;V\u00e6rste Generation&quot;. Hans f\u00f8rste dus\u00f8r var 315.000.000 B\u00e6r, p\u00e5 det tidspunkt hvor Straw Hat Crew ankom til Sabaody-\u00f8gruppen, den h\u00f8jeste blandt Supernovaerne.<\/p>\n<p>Grunden til at hans dus\u00f8r var h\u00f8jere end Luffys, da de ankom til Sabaody-\u00f8gruppen, skyldtes de mange civile tab for\u00e5rsaget af hans bes\u00e6tning under deres aktiviteter. Efter det to\u00e5rige tidsspring er hans dus\u00f8r p\u00e5 470.000.000 b\u00e6r. Endelig skal man vide, at Eustass anser Luffy for at v\u00e6re en stor rival. <strong>titlen p\u00e5 den fremtidige piraternes konge<\/strong>. Desuden er <a title=\"ONE PIECE MONKEY D. LUFFY PIRATEKINGEN FIGUR\" href=\"https:\/\/boutique-one-piece.com\/da\/one-piece-figurer-2\/produkter\/one-piece-figur-monkey-d-luffy-piraternes-konge\/\" target=\"_blank\" rel=\"noopener\">Luffy-figur &quot;Piraternes Konge&quot;\u00ab<\/a> er inden for din r\u00e6kkevidde.<\/p>\n<h3>S\u00e5 er du overbevist af Kid-figuren? Hvis ja, s\u00e5 tag med b\u00f8rneholdet. Mange eventyr venter dig.<\/h3>\n<p>Uanset om du er en inkarneret fan eller en erfaren samler, er disse genstande helt sikkert noget for dig. Perfekte til at give som gave, dekorere eller samle p\u00e5, vil disse genstande forbedre din samling.<strong> dit One Piece-univers<\/strong>. Tag din sk\u00e6bne i dine egne h\u00e6nder, unge pirat., <strong>One Piece-skatten<\/strong> Den venter bare p\u00e5 dig!<\/p>\n<h2>Information om Kid-figuren fra The Worst Generation\u00a0<\/h2>\n<ul>\n<li><span><b><u>One Piece-figur<\/u><\/b>\u00a0Premium One Piece-figur til \u00e6gte pirater<\/span><\/li>\n<\/ul>\n<ul>\n<li>\n<b>Materie<\/b><span>\u00a0<\/span>PVC<\/li>\n<\/ul>\n<ul>\n<li><span><strong>Dimension<\/strong>\u00a017 cm<\/span><\/li>\n<\/ul>\n<ul>\n<li><span><strong>GRATIS LEVERING<\/strong><\/span><\/li>\n<\/ul>","protected":false},"excerpt":{"rendered":"<p>Jeune pirate, le moment est venu pour toi de te procurer cette Figurine One Piece Kid De La Pire G\u00e9n\u00e9ration. Voici ce que tu dois savoir au sujet de ce personnage ; Eustass ou \u00ab\u00a0Capitaine\u00a0\u00bb Kid est un pirate notoire, originaire de South Blue ainsi que le capitaine de L&rsquo;\u00c9quipage de Kid. Il fait partie [&hellip;]<\/p>","protected":false},"featured_media":17154,"comment_status":"open","ping_status":"open","template":"","meta":[],"product_brand":[],"product_cat":[76],"product_tag":[201],"class_list":{"0":"post-17152","1":"product","2":"type-product","3":"status-publish","4":"has-post-thumbnail","6":"product_cat-figurines-one-piece","7":"product_tag-kid","9":"first","10":"instock","11":"purchasable","12":"product-type-simple"},"yoast_head":"<!-- This site is optimized with the Yoast SEO plugin v27.5 - https:\/\/yoast.com\/product\/yoast-seo-wordpress\/ -->\n<title>Figurine One Piece Kid De La Pire G\u00e9n\u00e9ration \u2013 Boutique One Piece<\/title>\n<meta name=\"description\" content=\"Jeune pirate, le moment est venu pour toi de te procurer cette Figurine One Piece Kid De La Pire G\u00e9n\u00e9ration. Voici ce que tu dois savoir au sujet de ce personnage ; Eustass ou &quot;Capitaine&quot; Kid est un pirate notoire, originaire de South Blue ainsi que le capitaine de L&#039;\u00c9quipage de Kid. Il fait partie des Onze Supernovae\" \/>\n<meta name=\"robots\" content=\"index, follow, max-snippet:-1, max-image-preview:large, max-video-preview:-1\" \/>\n<link rel=\"canonical\" href=\"https:\/\/boutique-one-piece.com\/da\/one-piece-figurer-2\/one-piece-bornefigur-fra-den-vaerste-generation\/\" \/>\n<meta property=\"og:locale\" content=\"da_DK\" \/>\n<meta property=\"og:type\" content=\"article\" \/>\n<meta property=\"og:title\" content=\"Figurine One Piece Kid De La Pire G\u00e9n\u00e9ration \u2013 Boutique One Piece\" \/>\n<meta property=\"og:description\" content=\"Jeune pirate, le moment est venu pour toi de te procurer cette Figurine One Piece Kid De La Pire G\u00e9n\u00e9ration. Voici ce que tu dois savoir au sujet de ce personnage ; Eustass ou &quot;Capitaine&quot; Kid est un pirate notoire, originaire de South Blue ainsi que le capitaine de L&#039;\u00c9quipage de Kid. Il fait partie des Onze Supernovae\" \/>\n<meta property=\"og:url\" content=\"https:\/\/boutique-one-piece.com\/da\/one-piece-figurer-2\/one-piece-bornefigur-fra-den-vaerste-generation\/\" \/>\n<meta property=\"og:site_name\" content=\"Boutique One Piece\" \/>\n<meta property=\"article:modified_time\" content=\"2024-09-16T14:59:49+00:00\" \/>\n<meta property=\"og:image\" content=\"https:\/\/boutique-one-piece.com\/wp-content\/uploads\/2022\/09\/Figurine-One-Piece-Kid-De-La-Pire-Generation-1.jpg\" \/>\n\t<meta property=\"og:image:width\" content=\"786\" \/>\n\t<meta property=\"og:image:height\" content=\"786\" \/>\n\t<meta property=\"og:image:type\" content=\"image\/jpeg\" \/>\n<meta name=\"twitter:card\" content=\"summary_large_image\" \/>\n<meta name=\"twitter:label1\" content=\"Estimeret l\u00e6setid\" \/>\n\t<meta name=\"twitter:data1\" content=\"1 minut\" \/>\n<script type=\"application\/ld+json\" class=\"yoast-schema-graph\">{\"@context\":\"https:\\\/\\\/schema.org\",\"@graph\":[{\"@type\":\"WebPage\",\"@id\":\"https:\\\/\\\/boutique-one-piece.com\\\/figurines-one-piece\\\/figurine-one-piece-kid-de-la-pire-generation\\\/\",\"url\":\"https:\\\/\\\/boutique-one-piece.com\\\/figurines-one-piece\\\/figurine-one-piece-kid-de-la-pire-generation\\\/\",\"name\":\"Figurine One Piece Kid De La Pire G\u00e9n\u00e9ration \u2013 Boutique One Piece\",\"isPartOf\":{\"@id\":\"https:\\\/\\\/boutique-one-piece.com\\\/#website\"},\"primaryImageOfPage\":{\"@id\":\"https:\\\/\\\/boutique-one-piece.com\\\/figurines-one-piece\\\/figurine-one-piece-kid-de-la-pire-generation\\\/#primaryimage\"},\"image\":{\"@id\":\"https:\\\/\\\/boutique-one-piece.com\\\/figurines-one-piece\\\/figurine-one-piece-kid-de-la-pire-generation\\\/#primaryimage\"},\"thumbnailUrl\":\"https:\\\/\\\/boutique-one-piece.com\\\/wp-content\\\/uploads\\\/2022\\\/09\\\/Figurine-One-Piece-Kid-De-La-Pire-Generation-1.jpg\",\"datePublished\":\"2022-09-27T21:57:58+00:00\",\"dateModified\":\"2024-09-16T14:59:49+00:00\",\"description\":\"Jeune pirate, le moment est venu pour toi de te procurer cette Figurine One Piece Kid De La Pire G\u00e9n\u00e9ration. Voici ce que tu dois savoir au sujet de ce personnage ; Eustass ou \\\"Capitaine\\\" Kid est un pirate notoire, originaire de South Blue ainsi que le capitaine de L'\u00c9quipage de Kid. Il fait partie des Onze Supernovae\",\"breadcrumb\":{\"@id\":\"https:\\\/\\\/boutique-one-piece.com\\\/figurines-one-piece\\\/figurine-one-piece-kid-de-la-pire-generation\\\/#breadcrumb\"},\"inLanguage\":\"da-DK\",\"potentialAction\":[{\"@type\":\"ReadAction\",\"target\":[\"https:\\\/\\\/boutique-one-piece.com\\\/figurines-one-piece\\\/figurine-one-piece-kid-de-la-pire-generation\\\/\"]}]},{\"@type\":\"ImageObject\",\"inLanguage\":\"da-DK\",\"@id\":\"https:\\\/\\\/boutique-one-piece.com\\\/figurines-one-piece\\\/figurine-one-piece-kid-de-la-pire-generation\\\/#primaryimage\",\"url\":\"https:\\\/\\\/boutique-one-piece.com\\\/wp-content\\\/uploads\\\/2022\\\/09\\\/Figurine-One-Piece-Kid-De-La-Pire-Generation-1.jpg\",\"contentUrl\":\"https:\\\/\\\/boutique-one-piece.com\\\/wp-content\\\/uploads\\\/2022\\\/09\\\/Figurine-One-Piece-Kid-De-La-Pire-Generation-1.jpg\",\"width\":786,\"height\":786},{\"@type\":\"BreadcrumbList\",\"@id\":\"https:\\\/\\\/boutique-one-piece.com\\\/figurines-one-piece\\\/figurine-one-piece-kid-de-la-pire-generation\\\/#breadcrumb\",\"itemListElement\":[{\"@type\":\"ListItem\",\"position\":1,\"name\":\"Home\",\"item\":\"https:\\\/\\\/boutique-one-piece.com\\\/\"},{\"@type\":\"ListItem\",\"position\":2,\"name\":\"Shop\",\"item\":\"https:\\\/\\\/boutique-one-piece.com\\\/shop\\\/\"},{\"@type\":\"ListItem\",\"position\":3,\"name\":\"Figurine One Piece Kid De La Pire G\u00e9n\u00e9ration\"}]},{\"@type\":\"WebSite\",\"@id\":\"https:\\\/\\\/boutique-one-piece.com\\\/#website\",\"url\":\"https:\\\/\\\/boutique-one-piece.com\\\/\",\"name\":\"Boutique One Piece\",\"description\":\"Magasin Sp\u00e9cialis\u00e9 du Manga et l&#039;Anime One Piece\",\"publisher\":{\"@id\":\"https:\\\/\\\/boutique-one-piece.com\\\/#organization\"},\"potentialAction\":[{\"@type\":\"SearchAction\",\"target\":{\"@type\":\"EntryPoint\",\"urlTemplate\":\"https:\\\/\\\/boutique-one-piece.com\\\/?s={search_term_string}\"},\"query-input\":{\"@type\":\"PropertyValueSpecification\",\"valueRequired\":true,\"valueName\":\"search_term_string\"}}],\"inLanguage\":\"da-DK\"},{\"@type\":\"Organization\",\"@id\":\"https:\\\/\\\/boutique-one-piece.com\\\/#organization\",\"name\":\"Boutique One Piece\",\"url\":\"https:\\\/\\\/boutique-one-piece.com\\\/\",\"logo\":{\"@type\":\"ImageObject\",\"inLanguage\":\"da-DK\",\"@id\":\"https:\\\/\\\/boutique-one-piece.com\\\/#\\\/schema\\\/logo\\\/image\\\/\",\"url\":\"https:\\\/\\\/boutique-one-piece.com\\\/wp-content\\\/uploads\\\/2022\\\/09\\\/Logo-01.png\",\"contentUrl\":\"https:\\\/\\\/boutique-one-piece.com\\\/wp-content\\\/uploads\\\/2022\\\/09\\\/Logo-01.png\",\"width\":2318,\"height\":957,\"caption\":\"Boutique One Piece\"},\"image\":{\"@id\":\"https:\\\/\\\/boutique-one-piece.com\\\/#\\\/schema\\\/logo\\\/image\\\/\"}}]}<\/script>\n<!-- \/ Yoast SEO plugin. -->","yoast_head_json":{"title":"One Piece Kid of the Worst Generation Figur \u2013 One Piece Shop","description":"Unge pirat, tiden er kommet til at f\u00e5 fingrene i denne One Piece Kid Worst Generation-figur. Her er hvad du beh\u00f8ver at vide om denne figur: Eustass, eller &quot;Kaptajn&quot; Kid, er en berygtet pirat fra South Blue og kaptajn for Kid Pirates. Han er en af de elleve supernovaer.","robots":{"index":"index","follow":"follow","max-snippet":"max-snippet:-1","max-image-preview":"max-image-preview:large","max-video-preview":"max-video-preview:-1"},"canonical":"https:\/\/boutique-one-piece.com\/da\/one-piece-figurer-2\/one-piece-bornefigur-fra-den-vaerste-generation\/","og_locale":"da_DK","og_type":"article","og_title":"Figurine One Piece Kid De La Pire G\u00e9n\u00e9ration \u2013 Boutique One Piece","og_description":"Jeune pirate, le moment est venu pour toi de te procurer cette Figurine One Piece Kid De La Pire G\u00e9n\u00e9ration. Voici ce que tu dois savoir au sujet de ce personnage ; Eustass ou \"Capitaine\" Kid est un pirate notoire, originaire de South Blue ainsi que le capitaine de L'\u00c9quipage de Kid. Il fait partie des Onze Supernovae","og_url":"https:\/\/boutique-one-piece.com\/da\/one-piece-figurer-2\/one-piece-bornefigur-fra-den-vaerste-generation\/","og_site_name":"Boutique One Piece","article_modified_time":"2024-09-16T14:59:49+00:00","og_image":[{"width":786,"height":786,"url":"https:\/\/boutique-one-piece.com\/wp-content\/uploads\/2022\/09\/Figurine-One-Piece-Kid-De-La-Pire-Generation-1.jpg","type":"image\/jpeg"}],"twitter_card":"summary_large_image","twitter_misc":{"Estimeret l\u00e6setid":"1 minut"},"schema":{"@context":"https:\/\/schema.org","@graph":[{"@type":"WebPage","@id":"https:\/\/boutique-one-piece.com\/figurines-one-piece\/figurine-one-piece-kid-de-la-pire-generation\/","url":"https:\/\/boutique-one-piece.com\/figurines-one-piece\/figurine-one-piece-kid-de-la-pire-generation\/","name":"One Piece Kid of the Worst Generation Figur \u2013 One Piece Shop","isPartOf":{"@id":"https:\/\/boutique-one-piece.com\/#website"},"primaryImageOfPage":{"@id":"https:\/\/boutique-one-piece.com\/figurines-one-piece\/figurine-one-piece-kid-de-la-pire-generation\/#primaryimage"},"image":{"@id":"https:\/\/boutique-one-piece.com\/figurines-one-piece\/figurine-one-piece-kid-de-la-pire-generation\/#primaryimage"},"thumbnailUrl":"https:\/\/boutique-one-piece.com\/wp-content\/uploads\/2022\/09\/Figurine-One-Piece-Kid-De-La-Pire-Generation-1.jpg","datePublished":"2022-09-27T21:57:58+00:00","dateModified":"2024-09-16T14:59:49+00:00","description":"Unge pirat, tiden er kommet til at f\u00e5 fingrene i denne One Piece Kid Worst Generation-figur. Her er hvad du beh\u00f8ver at vide om denne figur: Eustass, eller &quot;Kaptajn&quot; Kid, er en berygtet pirat fra South Blue og kaptajn for Kid Pirates. Han er en af de elleve supernovaer.","breadcrumb":{"@id":"https:\/\/boutique-one-piece.com\/figurines-one-piece\/figurine-one-piece-kid-de-la-pire-generation\/#breadcrumb"},"inLanguage":"da-DK","potentialAction":[{"@type":"ReadAction","target":["https:\/\/boutique-one-piece.com\/figurines-one-piece\/figurine-one-piece-kid-de-la-pire-generation\/"]}]},{"@type":"ImageObject","inLanguage":"da-DK","@id":"https:\/\/boutique-one-piece.com\/figurines-one-piece\/figurine-one-piece-kid-de-la-pire-generation\/#primaryimage","url":"https:\/\/boutique-one-piece.com\/wp-content\/uploads\/2022\/09\/Figurine-One-Piece-Kid-De-La-Pire-Generation-1.jpg","contentUrl":"https:\/\/boutique-one-piece.com\/wp-content\/uploads\/2022\/09\/Figurine-One-Piece-Kid-De-La-Pire-Generation-1.jpg","width":786,"height":786},{"@type":"BreadcrumbList","@id":"https:\/\/boutique-one-piece.com\/figurines-one-piece\/figurine-one-piece-kid-de-la-pire-generation\/#breadcrumb","itemListElement":[{"@type":"ListItem","position":1,"name":"Home","item":"https:\/\/boutique-one-piece.com\/"},{"@type":"ListItem","position":2,"name":"Shop","item":"https:\/\/boutique-one-piece.com\/shop\/"},{"@type":"ListItem","position":3,"name":"Figurine One Piece Kid De La Pire G\u00e9n\u00e9ration"}]},{"@type":"WebSite","@id":"https:\/\/boutique-one-piece.com\/#website","url":"https:\/\/boutique-one-piece.com\/","name":"One Piece Shop","description":"Specialbutik for One Piece Manga og Anime","publisher":{"@id":"https:\/\/boutique-one-piece.com\/#organization"},"potentialAction":[{"@type":"SearchAction","target":{"@type":"EntryPoint","urlTemplate":"https:\/\/boutique-one-piece.com\/?s={search_term_string}"},"query-input":{"@type":"PropertyValueSpecification","valueRequired":true,"valueName":"search_term_string"}}],"inLanguage":"da-DK"},{"@type":"Organization","@id":"https:\/\/boutique-one-piece.com\/#organization","name":"One Piece Shop","url":"https:\/\/boutique-one-piece.com\/","logo":{"@type":"ImageObject","inLanguage":"da-DK","@id":"https:\/\/boutique-one-piece.com\/#\/schema\/logo\/image\/","url":"https:\/\/boutique-one-piece.com\/wp-content\/uploads\/2022\/09\/Logo-01.png","contentUrl":"https:\/\/boutique-one-piece.com\/wp-content\/uploads\/2022\/09\/Logo-01.png","width":2318,"height":957,"caption":"Boutique One Piece"},"image":{"@id":"https:\/\/boutique-one-piece.com\/#\/schema\/logo\/image\/"}}]}},"_links":{"self":[{"href":"https:\/\/boutique-one-piece.com\/da\/wp-json\/wp\/v2\/product\/17152","targetHints":{"allow":["GET"]}}],"collection":[{"href":"https:\/\/boutique-one-piece.com\/da\/wp-json\/wp\/v2\/product"}],"about":[{"href":"https:\/\/boutique-one-piece.com\/da\/wp-json\/wp\/v2\/types\/product"}],"replies":[{"embeddable":true,"href":"https:\/\/boutique-one-piece.com\/da\/wp-json\/wp\/v2\/comments?post=17152"}],"wp:featuredmedia":[{"embeddable":true,"href":"https:\/\/boutique-one-piece.com\/da\/wp-json\/wp\/v2\/media\/17154"}],"wp:attachment":[{"href":"https:\/\/boutique-one-piece.com\/da\/wp-json\/wp\/v2\/media?parent=17152"}],"wp:term":[{"taxonomy":"product_brand","embeddable":true,"href":"https:\/\/boutique-one-piece.com\/da\/wp-json\/wp\/v2\/product_brand?post=17152"},{"taxonomy":"product_cat","embeddable":true,"href":"https:\/\/boutique-one-piece.com\/da\/wp-json\/wp\/v2\/product_cat?post=17152"},{"taxonomy":"product_tag","embeddable":true,"href":"https:\/\/boutique-one-piece.com\/da\/wp-json\/wp\/v2\/product_tag?post=17152"}],"curies":[{"name":"wp","href":"https:\/\/api.w.org\/{rel}","templated":true}]}}