{"id":17165,"date":"2022-09-27T21:57:58","date_gmt":"2022-09-27T21:57:58","guid":{"rendered":"https:\/\/boutique-one-piece.com\/uncategorized\/parures-de-lit-one-piece-monster-trio-des-mugiwara\/"},"modified":"2024-09-16T15:00:28","modified_gmt":"2024-09-16T15:00:28","slug":"one-piece-monster-trio-strahat-sengetojssaet","status":"publish","type":"product","link":"https:\/\/boutique-one-piece.com\/da\/one-piece-dekorationer\/dynebetraek-i-et-stykke\/one-piece-monster-trio-strahat-sengetojssaet\/","title":{"rendered":"One Piece Monster Trio str\u00e5hat senget\u00f8jss\u00e6t"},"content":{"rendered":"<ul >\n<li ><span ><b ><u >Dynebetr\u00e6k i \u00e9t stykke<\/u><\/b>\u00a0One Piece univers senget\u00f8jss\u00e6t til \u00e6gte pirater<\/span><\/li>\n<\/ul>\n<ul >\n<li >\n<b >Materialer<\/b><span >\u00a0<\/span>Polyesterfiber<\/li>\n<\/ul>\n<ul >\n<li >\n<b >St\u00f8rrelse<\/b>\u00a0135x200cm 140x210cm 173x218cm 180x210cm 200x200cm 210x210cm 200x230cm 228x228cm 220x240cm 230x260cm<\/li>\n<\/ul>\n<ul >\n<li ><span ><strong >GRATIS LEVERING<\/strong><\/span><\/li>\n<\/ul>","protected":false},"excerpt":{"rendered":"<p>One Piece dynebetr\u00e6k: Senget\u00f8jss\u00e6t fra One Piece-universet til \u00e6gte pirater. Materialer: Polyesterfiber. St\u00f8rrelser: 135x200cm, 140x210cm, 173x218cm, 180x210cm, 200x200cm, 210x210cm, 200x230cm, 228x228cm, 220x240cm, 230x260cm. GRATIS LEVERING<\/p>","protected":false},"featured_media":17167,"comment_status":"open","ping_status":"closed","template":"","meta":[],"product_brand":[],"product_cat":[708,1607],"product_tag":[],"class_list":{"0":"post-17165","1":"product","2":"type-product","3":"status-publish","4":"has-post-thumbnail","6":"product_cat-housses-de-couette-one-piece","7":"product_cat-parures-de-lit-one-piece","9":"first","10":"instock","11":"purchasable","12":"product-type-variable","13":"has-default-attributes"},"yoast_head":"<!-- This site is optimized with the Yoast SEO plugin v27.5 - https:\/\/yoast.com\/product\/yoast-seo-wordpress\/ -->\n<title>Parures De Lit One Piece Monster Trio des Mugiwara | Housse De Couette One Piece<\/title>\n<meta name=\"description\" content=\"Housse de couette One Piece\u00a0: Parures de lit de l&#039;univers One Piece pour les vrais pirates Mati\u00e8res\u00a0: Fibre polyester Taille\u00a0:\u00a0135x200cm 140x210cm 173x218cm 180x210cm\u00a0 200x200cm 210x210cm\u00a0200x230cm 228x228cm 220x240cm 230x260cm LIVRAISON OFFERTE\" \/>\n<meta name=\"robots\" content=\"index, follow, max-snippet:-1, max-image-preview:large, max-video-preview:-1\" \/>\n<link rel=\"canonical\" href=\"https:\/\/boutique-one-piece.com\/da\/one-piece-dekorationer\/sengetojssaet-i-et-stykke\/one-piece-monster-trio-strahat-sengetojssaet\/\" \/>\n<meta property=\"og:locale\" content=\"da_DK\" \/>\n<meta property=\"og:type\" content=\"article\" \/>\n<meta property=\"og:title\" content=\"Parures De Lit One Piece Monster Trio des Mugiwara | Housse De Couette One Piece\" \/>\n<meta property=\"og:description\" content=\"Housse de couette One Piece\u00a0: Parures de lit de l&#039;univers One Piece pour les vrais pirates Mati\u00e8res\u00a0: Fibre polyester Taille\u00a0:\u00a0135x200cm 140x210cm 173x218cm 180x210cm\u00a0 200x200cm 210x210cm\u00a0200x230cm 228x228cm 220x240cm 230x260cm LIVRAISON OFFERTE\" \/>\n<meta property=\"og:url\" content=\"https:\/\/boutique-one-piece.com\/da\/one-piece-dekorationer\/sengetojssaet-i-et-stykke\/one-piece-monster-trio-strahat-sengetojssaet\/\" \/>\n<meta property=\"og:site_name\" content=\"Boutique One Piece\" \/>\n<meta property=\"article:modified_time\" content=\"2024-09-16T15:00:28+00:00\" \/>\n<meta property=\"og:image\" content=\"https:\/\/boutique-one-piece.com\/wp-content\/uploads\/2022\/09\/Parures-De-Lit-One-Piece-Monster-Trio-des-Mugiwara.jpg\" \/>\n\t<meta property=\"og:image:width\" content=\"640\" \/>\n\t<meta property=\"og:image:height\" content=\"640\" \/>\n\t<meta property=\"og:image:type\" content=\"image\/jpeg\" \/>\n<meta name=\"twitter:card\" content=\"summary_large_image\" \/>\n<script type=\"application\/ld+json\" class=\"yoast-schema-graph\">{\"@context\":\"https:\\\/\\\/schema.org\",\"@graph\":[{\"@type\":\"WebPage\",\"@id\":\"https:\\\/\\\/boutique-one-piece.com\\\/decorations-one-piece\\\/parures-de-lit-one-piece\\\/parures-de-lit-one-piece-monster-trio-des-mugiwara\\\/\",\"url\":\"https:\\\/\\\/boutique-one-piece.com\\\/decorations-one-piece\\\/parures-de-lit-one-piece\\\/parures-de-lit-one-piece-monster-trio-des-mugiwara\\\/\",\"name\":\"Parures De Lit One Piece Monster Trio des Mugiwara | Housse De Couette One Piece\",\"isPartOf\":{\"@id\":\"https:\\\/\\\/boutique-one-piece.com\\\/#website\"},\"primaryImageOfPage\":{\"@id\":\"https:\\\/\\\/boutique-one-piece.com\\\/decorations-one-piece\\\/parures-de-lit-one-piece\\\/parures-de-lit-one-piece-monster-trio-des-mugiwara\\\/#primaryimage\"},\"image\":{\"@id\":\"https:\\\/\\\/boutique-one-piece.com\\\/decorations-one-piece\\\/parures-de-lit-one-piece\\\/parures-de-lit-one-piece-monster-trio-des-mugiwara\\\/#primaryimage\"},\"thumbnailUrl\":\"https:\\\/\\\/boutique-one-piece.com\\\/wp-content\\\/uploads\\\/2022\\\/09\\\/Parures-De-Lit-One-Piece-Monster-Trio-des-Mugiwara.jpg\",\"datePublished\":\"2022-09-27T21:57:58+00:00\",\"dateModified\":\"2024-09-16T15:00:28+00:00\",\"description\":\"Housse de couette One Piece\u00a0: Parures de lit de l'univers One Piece pour les vrais pirates Mati\u00e8res\u00a0: Fibre polyester Taille\u00a0:\u00a0135x200cm 140x210cm 173x218cm 180x210cm\u00a0 200x200cm 210x210cm\u00a0200x230cm 228x228cm 220x240cm 230x260cm LIVRAISON OFFERTE\",\"breadcrumb\":{\"@id\":\"https:\\\/\\\/boutique-one-piece.com\\\/decorations-one-piece\\\/parures-de-lit-one-piece\\\/parures-de-lit-one-piece-monster-trio-des-mugiwara\\\/#breadcrumb\"},\"inLanguage\":\"da-DK\",\"potentialAction\":[{\"@type\":\"ReadAction\",\"target\":[\"https:\\\/\\\/boutique-one-piece.com\\\/decorations-one-piece\\\/parures-de-lit-one-piece\\\/parures-de-lit-one-piece-monster-trio-des-mugiwara\\\/\"]}]},{\"@type\":\"ImageObject\",\"inLanguage\":\"da-DK\",\"@id\":\"https:\\\/\\\/boutique-one-piece.com\\\/decorations-one-piece\\\/parures-de-lit-one-piece\\\/parures-de-lit-one-piece-monster-trio-des-mugiwara\\\/#primaryimage\",\"url\":\"https:\\\/\\\/boutique-one-piece.com\\\/wp-content\\\/uploads\\\/2022\\\/09\\\/Parures-De-Lit-One-Piece-Monster-Trio-des-Mugiwara.jpg\",\"contentUrl\":\"https:\\\/\\\/boutique-one-piece.com\\\/wp-content\\\/uploads\\\/2022\\\/09\\\/Parures-De-Lit-One-Piece-Monster-Trio-des-Mugiwara.jpg\",\"width\":640,\"height\":640,\"caption\":\"Parures De Lit One Piece Monster Trio des Mugiwara 230x260cm\"},{\"@type\":\"BreadcrumbList\",\"@id\":\"https:\\\/\\\/boutique-one-piece.com\\\/decorations-one-piece\\\/parures-de-lit-one-piece\\\/parures-de-lit-one-piece-monster-trio-des-mugiwara\\\/#breadcrumb\",\"itemListElement\":[{\"@type\":\"ListItem\",\"position\":1,\"name\":\"Home\",\"item\":\"https:\\\/\\\/boutique-one-piece.com\\\/\"},{\"@type\":\"ListItem\",\"position\":2,\"name\":\"Shop\",\"item\":\"https:\\\/\\\/boutique-one-piece.com\\\/shop\\\/\"},{\"@type\":\"ListItem\",\"position\":3,\"name\":\"Parures De Lit One Piece Monster Trio des Mugiwara\"}]},{\"@type\":\"WebSite\",\"@id\":\"https:\\\/\\\/boutique-one-piece.com\\\/#website\",\"url\":\"https:\\\/\\\/boutique-one-piece.com\\\/\",\"name\":\"Boutique One Piece\",\"description\":\"Magasin Sp\u00e9cialis\u00e9 du Manga et l&#039;Anime One Piece\",\"publisher\":{\"@id\":\"https:\\\/\\\/boutique-one-piece.com\\\/#organization\"},\"potentialAction\":[{\"@type\":\"SearchAction\",\"target\":{\"@type\":\"EntryPoint\",\"urlTemplate\":\"https:\\\/\\\/boutique-one-piece.com\\\/?s={search_term_string}\"},\"query-input\":{\"@type\":\"PropertyValueSpecification\",\"valueRequired\":true,\"valueName\":\"search_term_string\"}}],\"inLanguage\":\"da-DK\"},{\"@type\":\"Organization\",\"@id\":\"https:\\\/\\\/boutique-one-piece.com\\\/#organization\",\"name\":\"Boutique One Piece\",\"url\":\"https:\\\/\\\/boutique-one-piece.com\\\/\",\"logo\":{\"@type\":\"ImageObject\",\"inLanguage\":\"da-DK\",\"@id\":\"https:\\\/\\\/boutique-one-piece.com\\\/#\\\/schema\\\/logo\\\/image\\\/\",\"url\":\"https:\\\/\\\/boutique-one-piece.com\\\/wp-content\\\/uploads\\\/2022\\\/09\\\/Logo-01.png\",\"contentUrl\":\"https:\\\/\\\/boutique-one-piece.com\\\/wp-content\\\/uploads\\\/2022\\\/09\\\/Logo-01.png\",\"width\":2318,\"height\":957,\"caption\":\"Boutique One Piece\"},\"image\":{\"@id\":\"https:\\\/\\\/boutique-one-piece.com\\\/#\\\/schema\\\/logo\\\/image\\\/\"}}]}<\/script>\n<!-- \/ Yoast SEO plugin. -->","yoast_head_json":{"title":"One Piece Monster Trio str\u00e5hat senget\u00f8jss\u00e6t | One Piece dynebetr\u00e6k","description":"One Piece dynebetr\u00e6k: Senget\u00f8jss\u00e6t fra One Piece-universet til \u00e6gte pirater. Materialer: Polyesterfiber. St\u00f8rrelser: 135x200cm, 140x210cm, 173x218cm, 180x210cm, 200x200cm, 210x210cm, 200x230cm, 228x228cm, 220x240cm, 230x260cm. GRATIS LEVERING","robots":{"index":"index","follow":"follow","max-snippet":"max-snippet:-1","max-image-preview":"max-image-preview:large","max-video-preview":"max-video-preview:-1"},"canonical":"https:\/\/boutique-one-piece.com\/da\/one-piece-dekorationer\/sengetojssaet-i-et-stykke\/one-piece-monster-trio-strahat-sengetojssaet\/","og_locale":"da_DK","og_type":"article","og_title":"Parures De Lit One Piece Monster Trio des Mugiwara | Housse De Couette One Piece","og_description":"Housse de couette One Piece\u00a0: Parures de lit de l'univers One Piece pour les vrais pirates Mati\u00e8res\u00a0: Fibre polyester Taille\u00a0:\u00a0135x200cm 140x210cm 173x218cm 180x210cm\u00a0 200x200cm 210x210cm\u00a0200x230cm 228x228cm 220x240cm 230x260cm LIVRAISON OFFERTE","og_url":"https:\/\/boutique-one-piece.com\/da\/one-piece-dekorationer\/sengetojssaet-i-et-stykke\/one-piece-monster-trio-strahat-sengetojssaet\/","og_site_name":"Boutique One Piece","article_modified_time":"2024-09-16T15:00:28+00:00","og_image":[{"width":640,"height":640,"url":"https:\/\/boutique-one-piece.com\/wp-content\/uploads\/2022\/09\/Parures-De-Lit-One-Piece-Monster-Trio-des-Mugiwara.jpg","type":"image\/jpeg"}],"twitter_card":"summary_large_image","schema":{"@context":"https:\/\/schema.org","@graph":[{"@type":"WebPage","@id":"https:\/\/boutique-one-piece.com\/decorations-one-piece\/parures-de-lit-one-piece\/parures-de-lit-one-piece-monster-trio-des-mugiwara\/","url":"https:\/\/boutique-one-piece.com\/decorations-one-piece\/parures-de-lit-one-piece\/parures-de-lit-one-piece-monster-trio-des-mugiwara\/","name":"One Piece Monster Trio str\u00e5hat senget\u00f8jss\u00e6t | One Piece dynebetr\u00e6k","isPartOf":{"@id":"https:\/\/boutique-one-piece.com\/#website"},"primaryImageOfPage":{"@id":"https:\/\/boutique-one-piece.com\/decorations-one-piece\/parures-de-lit-one-piece\/parures-de-lit-one-piece-monster-trio-des-mugiwara\/#primaryimage"},"image":{"@id":"https:\/\/boutique-one-piece.com\/decorations-one-piece\/parures-de-lit-one-piece\/parures-de-lit-one-piece-monster-trio-des-mugiwara\/#primaryimage"},"thumbnailUrl":"https:\/\/boutique-one-piece.com\/wp-content\/uploads\/2022\/09\/Parures-De-Lit-One-Piece-Monster-Trio-des-Mugiwara.jpg","datePublished":"2022-09-27T21:57:58+00:00","dateModified":"2024-09-16T15:00:28+00:00","description":"One Piece dynebetr\u00e6k: Senget\u00f8jss\u00e6t fra One Piece-universet til \u00e6gte pirater. Materialer: Polyesterfiber. St\u00f8rrelser: 135x200cm, 140x210cm, 173x218cm, 180x210cm, 200x200cm, 210x210cm, 200x230cm, 228x228cm, 220x240cm, 230x260cm. GRATIS LEVERING","breadcrumb":{"@id":"https:\/\/boutique-one-piece.com\/decorations-one-piece\/parures-de-lit-one-piece\/parures-de-lit-one-piece-monster-trio-des-mugiwara\/#breadcrumb"},"inLanguage":"da-DK","potentialAction":[{"@type":"ReadAction","target":["https:\/\/boutique-one-piece.com\/decorations-one-piece\/parures-de-lit-one-piece\/parures-de-lit-one-piece-monster-trio-des-mugiwara\/"]}]},{"@type":"ImageObject","inLanguage":"da-DK","@id":"https:\/\/boutique-one-piece.com\/decorations-one-piece\/parures-de-lit-one-piece\/parures-de-lit-one-piece-monster-trio-des-mugiwara\/#primaryimage","url":"https:\/\/boutique-one-piece.com\/wp-content\/uploads\/2022\/09\/Parures-De-Lit-One-Piece-Monster-Trio-des-Mugiwara.jpg","contentUrl":"https:\/\/boutique-one-piece.com\/wp-content\/uploads\/2022\/09\/Parures-De-Lit-One-Piece-Monster-Trio-des-Mugiwara.jpg","width":640,"height":640,"caption":"Parures De Lit One Piece Monster Trio des Mugiwara 230x260cm"},{"@type":"BreadcrumbList","@id":"https:\/\/boutique-one-piece.com\/decorations-one-piece\/parures-de-lit-one-piece\/parures-de-lit-one-piece-monster-trio-des-mugiwara\/#breadcrumb","itemListElement":[{"@type":"ListItem","position":1,"name":"Home","item":"https:\/\/boutique-one-piece.com\/"},{"@type":"ListItem","position":2,"name":"Shop","item":"https:\/\/boutique-one-piece.com\/shop\/"},{"@type":"ListItem","position":3,"name":"Parures De Lit One Piece Monster Trio des Mugiwara"}]},{"@type":"WebSite","@id":"https:\/\/boutique-one-piece.com\/#website","url":"https:\/\/boutique-one-piece.com\/","name":"One Piece Shop","description":"Specialbutik for One Piece Manga og Anime","publisher":{"@id":"https:\/\/boutique-one-piece.com\/#organization"},"potentialAction":[{"@type":"SearchAction","target":{"@type":"EntryPoint","urlTemplate":"https:\/\/boutique-one-piece.com\/?s={search_term_string}"},"query-input":{"@type":"PropertyValueSpecification","valueRequired":true,"valueName":"search_term_string"}}],"inLanguage":"da-DK"},{"@type":"Organization","@id":"https:\/\/boutique-one-piece.com\/#organization","name":"One Piece Shop","url":"https:\/\/boutique-one-piece.com\/","logo":{"@type":"ImageObject","inLanguage":"da-DK","@id":"https:\/\/boutique-one-piece.com\/#\/schema\/logo\/image\/","url":"https:\/\/boutique-one-piece.com\/wp-content\/uploads\/2022\/09\/Logo-01.png","contentUrl":"https:\/\/boutique-one-piece.com\/wp-content\/uploads\/2022\/09\/Logo-01.png","width":2318,"height":957,"caption":"Boutique One Piece"},"image":{"@id":"https:\/\/boutique-one-piece.com\/#\/schema\/logo\/image\/"}}]}},"_links":{"self":[{"href":"https:\/\/boutique-one-piece.com\/da\/wp-json\/wp\/v2\/product\/17165","targetHints":{"allow":["GET"]}}],"collection":[{"href":"https:\/\/boutique-one-piece.com\/da\/wp-json\/wp\/v2\/product"}],"about":[{"href":"https:\/\/boutique-one-piece.com\/da\/wp-json\/wp\/v2\/types\/product"}],"replies":[{"embeddable":true,"href":"https:\/\/boutique-one-piece.com\/da\/wp-json\/wp\/v2\/comments?post=17165"}],"wp:featuredmedia":[{"embeddable":true,"href":"https:\/\/boutique-one-piece.com\/da\/wp-json\/wp\/v2\/media\/17167"}],"wp:attachment":[{"href":"https:\/\/boutique-one-piece.com\/da\/wp-json\/wp\/v2\/media?parent=17165"}],"wp:term":[{"taxonomy":"product_brand","embeddable":true,"href":"https:\/\/boutique-one-piece.com\/da\/wp-json\/wp\/v2\/product_brand?post=17165"},{"taxonomy":"product_cat","embeddable":true,"href":"https:\/\/boutique-one-piece.com\/da\/wp-json\/wp\/v2\/product_cat?post=17165"},{"taxonomy":"product_tag","embeddable":true,"href":"https:\/\/boutique-one-piece.com\/da\/wp-json\/wp\/v2\/product_tag?post=17165"}],"curies":[{"name":"wp","href":"https:\/\/api.w.org\/{rel}","templated":true}]}}