{"id":17273,"date":"2022-09-27T22:00:14","date_gmt":"2022-09-27T22:00:14","guid":{"rendered":"https:\/\/boutique-one-piece.com\/uncategorized\/tableau-one-piece-fan-art-ace-aux-poing-ardent\/"},"modified":"2024-09-16T15:03:32","modified_gmt":"2024-09-16T15:03:32","slug":"one-piece-fan-art-maleri-af-ace-med-den-flammende-knytnaeve","status":"publish","type":"product","link":"https:\/\/boutique-one-piece.com\/da\/one-piece-dekorationer\/one-piece-fan-art-maleri-af-ace-med-den-flammende-knytnaeve\/","title":{"rendered":"One Piece fan art-maleri af Ace med ildn\u00e6ven"},"content":{"rendered":"<p><span><strong>Slags:<\/strong> L\u00e6rredstryk<\/span><br \/><span><strong>Emner:<\/strong> Animation<\/span><br \/><span><strong>Rammetilstand:<\/strong> Uden ramme<\/span><br \/><span><strong>Materiale:<\/strong> L\u00e6rred<\/span><br \/><span><strong>Stil:<\/strong> Klassisk<\/span><br \/><span><strong>Ramme:<\/strong> Ja<\/span><br \/><span><strong>Medium:<\/strong> Olie<\/span><br \/><span><strong>Basisst\u00f8tte:<\/strong> L\u00e6rred<\/span><br \/><span><strong>Form:<\/strong> Kombineret<\/span><br \/><span><strong>Teknik:<\/strong> Spr\u00f8jtemaling<\/span><br \/><span><strong>Modelnummer:<\/strong> Maleri<\/span><br \/><span><strong>Form:<\/strong> Uregelm\u00e6ssig<\/span><br \/><span><strong>Original:<\/strong> Ja<\/span><br \/><span><strong>Materiale:<\/strong> L\u00e6rred af h\u00f8j kvalitet<\/span><br \/><span><strong>Oliemaleri stil:<\/strong> Moderne v\u00e6gkunst Gicl\u00e9e-tryk<\/span><br \/><span><strong>Billedmateriale:<\/strong> Gr\u00f8n bl\u00e6ktryk p\u00e5 l\u00e6rred<\/span><br \/><span><strong>Med eller uden ramme:<\/strong> Kun l\u00e6rred (kontakt os for indrammede)<\/span><br \/><span><strong>Malestil og teknik:<\/strong> Moderne dekorative l\u00e6rredstryk<\/span><br \/><span><strong>Bel\u00e6gning:<\/strong> UV, vandt\u00e6t, fugtt\u00e6t<\/span><br \/><span><strong>Dekoration:<\/strong> Stuer, sovev\u00e6relser, b\u00f8rnev\u00e6relser, kontorer, caf\u00e9er, hoteller, restauranter<\/span><br \/><span><strong>Moderne maleri:<\/strong> Trykt oliemaleri<\/span><br \/><span><strong>Form:<\/strong> Rektangel<\/span><br \/><span><strong>Kunstv\u00e6rk:<\/strong> L\u00e6rredstryk<\/span><\/p>","protected":false},"excerpt":{"rendered":"<p>Type: L\u00e6rredstrykEmner: AnimationRammetilstand: UindrammetMateriale: L\u00e6rredStil: KlassiskRamme: JaMedium: OlieSt\u00f8ttebase: L\u00e6rredForm: KombineretTeknik: SpraymalingModelnummer: MaleriForm: Uregelm\u00e6ssigOriginal: JaMateriale: L\u00e6rred af h\u00f8j kvalitetOliemaleristil: Moderne v\u00e6gkunstGicl\u00e9e-trykBilledmateriale: Gr\u00f8n bl\u00e6ktryk p\u00e5 l\u00e6rredMed ramme eller ej: Kun l\u00e6rred (Kontakt os for indrammede)Malestil og teknik: Moderne dekorative l\u00e6rredstrykBel\u00e6gning: UV, vandt\u00e6t, fugtt\u00e6tDekoration: Stuer, [\u2026]<\/p>","protected":false},"featured_media":17275,"comment_status":"open","ping_status":"open","template":"","meta":[],"product_brand":[],"product_cat":[150],"product_tag":[],"class_list":{"0":"post-17273","1":"product","2":"type-product","3":"status-publish","4":"has-post-thumbnail","6":"product_cat-decorations-one-piece","8":"first","9":"instock","10":"purchasable","11":"product-type-variable","12":"has-default-attributes"},"yoast_head":"<!-- This site is optimized with the Yoast SEO plugin v27.5 - https:\/\/yoast.com\/product\/yoast-seo-wordpress\/ -->\n<title>Tableau One Piece Fan Art Ace Aux Poing Ardent \u2013 Boutique One Piece<\/title>\n<meta name=\"description\" content=\"Type: Canvas PrintingsSubjects: AnimationFrame mode: UnframedMaterial: CanvasStyle: ClassicalFrame: YesMedium: OilSupport Base: CanvasForm: CombinedTechnics: Spray PaintingModel Number: PaintingShape: IrregularOriginal: YesMeterial: High Quality CanvasOil Painting Style: Modern Wall Art Giclee PrintsPicure Material: Gr\" \/>\n<meta name=\"robots\" content=\"index, follow, max-snippet:-1, max-image-preview:large, max-video-preview:-1\" \/>\n<link rel=\"canonical\" href=\"https:\/\/boutique-one-piece.com\/da\/one-piece-dekorationer\/one-piece-fan-art-maleri-af-ace-med-den-flammende-knytnaeve\/\" \/>\n<meta property=\"og:locale\" content=\"da_DK\" \/>\n<meta property=\"og:type\" content=\"article\" \/>\n<meta property=\"og:title\" content=\"Tableau One Piece Fan Art Ace Aux Poing Ardent \u2013 Boutique One Piece\" \/>\n<meta property=\"og:description\" content=\"Type: Canvas PrintingsSubjects: AnimationFrame mode: UnframedMaterial: CanvasStyle: ClassicalFrame: YesMedium: OilSupport Base: CanvasForm: CombinedTechnics: Spray PaintingModel Number: PaintingShape: IrregularOriginal: YesMeterial: High Quality CanvasOil Painting Style: Modern Wall Art Giclee PrintsPicure Material: Gr\" \/>\n<meta property=\"og:url\" content=\"https:\/\/boutique-one-piece.com\/da\/one-piece-dekorationer\/one-piece-fan-art-maleri-af-ace-med-den-flammende-knytnaeve\/\" \/>\n<meta property=\"og:site_name\" content=\"Boutique One Piece\" \/>\n<meta property=\"article:modified_time\" content=\"2024-09-16T15:03:32+00:00\" \/>\n<meta property=\"og:image\" content=\"https:\/\/boutique-one-piece.com\/wp-content\/uploads\/2022\/09\/Tableau-One-Piece-Fan-Art-Ace-Aux-Poing-Ardent.jpg\" \/>\n\t<meta property=\"og:image:width\" content=\"640\" \/>\n\t<meta property=\"og:image:height\" content=\"640\" \/>\n\t<meta property=\"og:image:type\" content=\"image\/jpeg\" \/>\n<meta name=\"twitter:card\" content=\"summary_large_image\" \/>\n<script type=\"application\/ld+json\" class=\"yoast-schema-graph\">{\"@context\":\"https:\\\/\\\/schema.org\",\"@graph\":[{\"@type\":\"WebPage\",\"@id\":\"https:\\\/\\\/boutique-one-piece.com\\\/decorations-one-piece\\\/tableau-one-piece-fan-art-ace-aux-poing-ardent\\\/\",\"url\":\"https:\\\/\\\/boutique-one-piece.com\\\/decorations-one-piece\\\/tableau-one-piece-fan-art-ace-aux-poing-ardent\\\/\",\"name\":\"Tableau One Piece Fan Art Ace Aux Poing Ardent \u2013 Boutique One Piece\",\"isPartOf\":{\"@id\":\"https:\\\/\\\/boutique-one-piece.com\\\/#website\"},\"primaryImageOfPage\":{\"@id\":\"https:\\\/\\\/boutique-one-piece.com\\\/decorations-one-piece\\\/tableau-one-piece-fan-art-ace-aux-poing-ardent\\\/#primaryimage\"},\"image\":{\"@id\":\"https:\\\/\\\/boutique-one-piece.com\\\/decorations-one-piece\\\/tableau-one-piece-fan-art-ace-aux-poing-ardent\\\/#primaryimage\"},\"thumbnailUrl\":\"https:\\\/\\\/boutique-one-piece.com\\\/wp-content\\\/uploads\\\/2022\\\/09\\\/Tableau-One-Piece-Fan-Art-Ace-Aux-Poing-Ardent.jpg\",\"datePublished\":\"2022-09-27T22:00:14+00:00\",\"dateModified\":\"2024-09-16T15:03:32+00:00\",\"description\":\"Type: Canvas PrintingsSubjects: AnimationFrame mode: UnframedMaterial: CanvasStyle: ClassicalFrame: YesMedium: OilSupport Base: CanvasForm: CombinedTechnics: Spray PaintingModel Number: PaintingShape: IrregularOriginal: YesMeterial: High Quality CanvasOil Painting Style: Modern Wall Art Giclee PrintsPicure Material: Gr\",\"breadcrumb\":{\"@id\":\"https:\\\/\\\/boutique-one-piece.com\\\/decorations-one-piece\\\/tableau-one-piece-fan-art-ace-aux-poing-ardent\\\/#breadcrumb\"},\"inLanguage\":\"da-DK\",\"potentialAction\":[{\"@type\":\"ReadAction\",\"target\":[\"https:\\\/\\\/boutique-one-piece.com\\\/decorations-one-piece\\\/tableau-one-piece-fan-art-ace-aux-poing-ardent\\\/\"]}]},{\"@type\":\"ImageObject\",\"inLanguage\":\"da-DK\",\"@id\":\"https:\\\/\\\/boutique-one-piece.com\\\/decorations-one-piece\\\/tableau-one-piece-fan-art-ace-aux-poing-ardent\\\/#primaryimage\",\"url\":\"https:\\\/\\\/boutique-one-piece.com\\\/wp-content\\\/uploads\\\/2022\\\/09\\\/Tableau-One-Piece-Fan-Art-Ace-Aux-Poing-Ardent.jpg\",\"contentUrl\":\"https:\\\/\\\/boutique-one-piece.com\\\/wp-content\\\/uploads\\\/2022\\\/09\\\/Tableau-One-Piece-Fan-Art-Ace-Aux-Poing-Ardent.jpg\",\"width\":640,\"height\":640,\"caption\":\"Tableau One Piece Fan Art Ace Aux Poing Ardent 60x85cm Frame HE2981-05\"},{\"@type\":\"BreadcrumbList\",\"@id\":\"https:\\\/\\\/boutique-one-piece.com\\\/decorations-one-piece\\\/tableau-one-piece-fan-art-ace-aux-poing-ardent\\\/#breadcrumb\",\"itemListElement\":[{\"@type\":\"ListItem\",\"position\":1,\"name\":\"Home\",\"item\":\"https:\\\/\\\/boutique-one-piece.com\\\/\"},{\"@type\":\"ListItem\",\"position\":2,\"name\":\"Shop\",\"item\":\"https:\\\/\\\/boutique-one-piece.com\\\/shop\\\/\"},{\"@type\":\"ListItem\",\"position\":3,\"name\":\"Tableau One Piece Fan Art Ace Aux Poing Ardent\"}]},{\"@type\":\"WebSite\",\"@id\":\"https:\\\/\\\/boutique-one-piece.com\\\/#website\",\"url\":\"https:\\\/\\\/boutique-one-piece.com\\\/\",\"name\":\"Boutique One Piece\",\"description\":\"Magasin Sp\u00e9cialis\u00e9 du Manga et l&#039;Anime One Piece\",\"publisher\":{\"@id\":\"https:\\\/\\\/boutique-one-piece.com\\\/#organization\"},\"potentialAction\":[{\"@type\":\"SearchAction\",\"target\":{\"@type\":\"EntryPoint\",\"urlTemplate\":\"https:\\\/\\\/boutique-one-piece.com\\\/?s={search_term_string}\"},\"query-input\":{\"@type\":\"PropertyValueSpecification\",\"valueRequired\":true,\"valueName\":\"search_term_string\"}}],\"inLanguage\":\"da-DK\"},{\"@type\":\"Organization\",\"@id\":\"https:\\\/\\\/boutique-one-piece.com\\\/#organization\",\"name\":\"Boutique One Piece\",\"url\":\"https:\\\/\\\/boutique-one-piece.com\\\/\",\"logo\":{\"@type\":\"ImageObject\",\"inLanguage\":\"da-DK\",\"@id\":\"https:\\\/\\\/boutique-one-piece.com\\\/#\\\/schema\\\/logo\\\/image\\\/\",\"url\":\"https:\\\/\\\/boutique-one-piece.com\\\/wp-content\\\/uploads\\\/2022\\\/09\\\/Logo-01.png\",\"contentUrl\":\"https:\\\/\\\/boutique-one-piece.com\\\/wp-content\\\/uploads\\\/2022\\\/09\\\/Logo-01.png\",\"width\":2318,\"height\":957,\"caption\":\"Boutique One Piece\"},\"image\":{\"@id\":\"https:\\\/\\\/boutique-one-piece.com\\\/#\\\/schema\\\/logo\\\/image\\\/\"}}]}<\/script>\n<!-- \/ Yoast SEO plugin. -->","yoast_head_json":{"title":"One Piece Fan Art-tryk af Ace med ildn\u00e6ver \u2013 One Piece Shop","description":"Type: L\u00e6rredstrykEmner: AnimationRammetilstand: UindrammetMateriale: L\u00e6rredStil: KlassiskRamme: JaMedium: OlieSupportbase: L\u00e6rredForm: KombineretTeknik: Spr\u00f8jtemalingModelnummer: MaleriForm: Uregelm\u00e6ssigOriginal: JaMateriale: L\u00e6rred af h\u00f8j kvalitetOliemaleristil: Moderne v\u00e6gkunstGicl\u00e9e-trykBilledmateriale: Gr","robots":{"index":"index","follow":"follow","max-snippet":"max-snippet:-1","max-image-preview":"max-image-preview:large","max-video-preview":"max-video-preview:-1"},"canonical":"https:\/\/boutique-one-piece.com\/da\/one-piece-dekorationer\/one-piece-fan-art-maleri-af-ace-med-den-flammende-knytnaeve\/","og_locale":"da_DK","og_type":"article","og_title":"Tableau One Piece Fan Art Ace Aux Poing Ardent \u2013 Boutique One Piece","og_description":"Type: Canvas PrintingsSubjects: AnimationFrame mode: UnframedMaterial: CanvasStyle: ClassicalFrame: YesMedium: OilSupport Base: CanvasForm: CombinedTechnics: Spray PaintingModel Number: PaintingShape: IrregularOriginal: YesMeterial: High Quality CanvasOil Painting Style: Modern Wall Art Giclee PrintsPicure Material: Gr","og_url":"https:\/\/boutique-one-piece.com\/da\/one-piece-dekorationer\/one-piece-fan-art-maleri-af-ace-med-den-flammende-knytnaeve\/","og_site_name":"Boutique One Piece","article_modified_time":"2024-09-16T15:03:32+00:00","og_image":[{"width":640,"height":640,"url":"https:\/\/boutique-one-piece.com\/wp-content\/uploads\/2022\/09\/Tableau-One-Piece-Fan-Art-Ace-Aux-Poing-Ardent.jpg","type":"image\/jpeg"}],"twitter_card":"summary_large_image","schema":{"@context":"https:\/\/schema.org","@graph":[{"@type":"WebPage","@id":"https:\/\/boutique-one-piece.com\/decorations-one-piece\/tableau-one-piece-fan-art-ace-aux-poing-ardent\/","url":"https:\/\/boutique-one-piece.com\/decorations-one-piece\/tableau-one-piece-fan-art-ace-aux-poing-ardent\/","name":"One Piece Fan Art-tryk af Ace med ildn\u00e6ver \u2013 One Piece Shop","isPartOf":{"@id":"https:\/\/boutique-one-piece.com\/#website"},"primaryImageOfPage":{"@id":"https:\/\/boutique-one-piece.com\/decorations-one-piece\/tableau-one-piece-fan-art-ace-aux-poing-ardent\/#primaryimage"},"image":{"@id":"https:\/\/boutique-one-piece.com\/decorations-one-piece\/tableau-one-piece-fan-art-ace-aux-poing-ardent\/#primaryimage"},"thumbnailUrl":"https:\/\/boutique-one-piece.com\/wp-content\/uploads\/2022\/09\/Tableau-One-Piece-Fan-Art-Ace-Aux-Poing-Ardent.jpg","datePublished":"2022-09-27T22:00:14+00:00","dateModified":"2024-09-16T15:03:32+00:00","description":"Type: L\u00e6rredstrykEmner: AnimationRammetilstand: UindrammetMateriale: L\u00e6rredStil: KlassiskRamme: JaMedium: OlieSupportbase: L\u00e6rredForm: KombineretTeknik: Spr\u00f8jtemalingModelnummer: MaleriForm: Uregelm\u00e6ssigOriginal: JaMateriale: L\u00e6rred af h\u00f8j kvalitetOliemaleristil: Moderne v\u00e6gkunstGicl\u00e9e-trykBilledmateriale: Gr","breadcrumb":{"@id":"https:\/\/boutique-one-piece.com\/decorations-one-piece\/tableau-one-piece-fan-art-ace-aux-poing-ardent\/#breadcrumb"},"inLanguage":"da-DK","potentialAction":[{"@type":"ReadAction","target":["https:\/\/boutique-one-piece.com\/decorations-one-piece\/tableau-one-piece-fan-art-ace-aux-poing-ardent\/"]}]},{"@type":"ImageObject","inLanguage":"da-DK","@id":"https:\/\/boutique-one-piece.com\/decorations-one-piece\/tableau-one-piece-fan-art-ace-aux-poing-ardent\/#primaryimage","url":"https:\/\/boutique-one-piece.com\/wp-content\/uploads\/2022\/09\/Tableau-One-Piece-Fan-Art-Ace-Aux-Poing-Ardent.jpg","contentUrl":"https:\/\/boutique-one-piece.com\/wp-content\/uploads\/2022\/09\/Tableau-One-Piece-Fan-Art-Ace-Aux-Poing-Ardent.jpg","width":640,"height":640,"caption":"Tableau One Piece Fan Art Ace Aux Poing Ardent 60x85cm Frame HE2981-05"},{"@type":"BreadcrumbList","@id":"https:\/\/boutique-one-piece.com\/decorations-one-piece\/tableau-one-piece-fan-art-ace-aux-poing-ardent\/#breadcrumb","itemListElement":[{"@type":"ListItem","position":1,"name":"Home","item":"https:\/\/boutique-one-piece.com\/"},{"@type":"ListItem","position":2,"name":"Shop","item":"https:\/\/boutique-one-piece.com\/shop\/"},{"@type":"ListItem","position":3,"name":"Tableau One Piece Fan Art Ace Aux Poing Ardent"}]},{"@type":"WebSite","@id":"https:\/\/boutique-one-piece.com\/#website","url":"https:\/\/boutique-one-piece.com\/","name":"One Piece Shop","description":"Specialbutik for One Piece Manga og Anime","publisher":{"@id":"https:\/\/boutique-one-piece.com\/#organization"},"potentialAction":[{"@type":"SearchAction","target":{"@type":"EntryPoint","urlTemplate":"https:\/\/boutique-one-piece.com\/?s={search_term_string}"},"query-input":{"@type":"PropertyValueSpecification","valueRequired":true,"valueName":"search_term_string"}}],"inLanguage":"da-DK"},{"@type":"Organization","@id":"https:\/\/boutique-one-piece.com\/#organization","name":"One Piece Shop","url":"https:\/\/boutique-one-piece.com\/","logo":{"@type":"ImageObject","inLanguage":"da-DK","@id":"https:\/\/boutique-one-piece.com\/#\/schema\/logo\/image\/","url":"https:\/\/boutique-one-piece.com\/wp-content\/uploads\/2022\/09\/Logo-01.png","contentUrl":"https:\/\/boutique-one-piece.com\/wp-content\/uploads\/2022\/09\/Logo-01.png","width":2318,"height":957,"caption":"Boutique One Piece"},"image":{"@id":"https:\/\/boutique-one-piece.com\/#\/schema\/logo\/image\/"}}]}},"_links":{"self":[{"href":"https:\/\/boutique-one-piece.com\/da\/wp-json\/wp\/v2\/product\/17273","targetHints":{"allow":["GET"]}}],"collection":[{"href":"https:\/\/boutique-one-piece.com\/da\/wp-json\/wp\/v2\/product"}],"about":[{"href":"https:\/\/boutique-one-piece.com\/da\/wp-json\/wp\/v2\/types\/product"}],"replies":[{"embeddable":true,"href":"https:\/\/boutique-one-piece.com\/da\/wp-json\/wp\/v2\/comments?post=17273"}],"wp:featuredmedia":[{"embeddable":true,"href":"https:\/\/boutique-one-piece.com\/da\/wp-json\/wp\/v2\/media\/17275"}],"wp:attachment":[{"href":"https:\/\/boutique-one-piece.com\/da\/wp-json\/wp\/v2\/media?parent=17273"}],"wp:term":[{"taxonomy":"product_brand","embeddable":true,"href":"https:\/\/boutique-one-piece.com\/da\/wp-json\/wp\/v2\/product_brand?post=17273"},{"taxonomy":"product_cat","embeddable":true,"href":"https:\/\/boutique-one-piece.com\/da\/wp-json\/wp\/v2\/product_cat?post=17273"},{"taxonomy":"product_tag","embeddable":true,"href":"https:\/\/boutique-one-piece.com\/da\/wp-json\/wp\/v2\/product_tag?post=17273"}],"curies":[{"name":"wp","href":"https:\/\/api.w.org\/{rel}","templated":true}]}}