{"id":17333,"date":"2022-09-27T22:00:36","date_gmt":"2022-09-27T22:00:36","guid":{"rendered":"https:\/\/boutique-one-piece.com\/uncategorized\/avis-de-recherche-arlong-wanted\/"},"modified":"2024-09-16T15:05:11","modified_gmt":"2024-09-16T15:05:11","slug":"arlong-eftersogte-plakat","status":"publish","type":"product","link":"https:\/\/boutique-one-piece.com\/da\/one-piece-efterlysningsplakat\/arlong-eftersogte-plakat\/","title":{"rendered":"Arlong \u00f8nskede besked"},"content":{"rendered":"<h2>Hvis du kunne lide Fish-Man-historien, vil denne Arlong Wanted-plakat bringe gode minder frem.<\/h2>\n<p>Arlong er en fiskemand inspireret af en <strong>Savhaj<\/strong>. Han er en hensynsl\u00f8s pirat.\u2019<strong>\u00d8stbl\u00e5<\/strong> som plyndrer hele landsbyer. Da vi f\u00f8rste gang m\u00f8der ham i Luffys eventyr, er de fjender, fordi Luffy vil have Nami til at slutte sig til hans bes\u00e6tning, hvilket Arlong n\u00e6gter. Efter Luffy opdager, at Arlong dr\u00e6bte Namis mor og tvang hende til at tegne kort for ham, beslutter han sig for at redde hende og endelig besejre Arlong for at lette byrden p\u00e5 sin ven, som fors\u00f8ger at redde sin landsby fra tyrannen.<\/p>\n<h3>N\u00f8d du Arlongs kamp mod Luffy, hvor Namis fremtid h\u00e6nger i en tynd tr\u00e5d? Vis det med denne efterlysningsplakat for den frygtindgydende fiskemands d\u00f8d eller tilfangetagelse.<\/h3>\n<p>Arlong er den f\u00f8rste fiskemand, vi m\u00f8der under Luffys eventyr, og han n\u00e6rer et dybt had til mennesker, fordi fiskem\u00e6nd var...<strong> slaver<\/strong> For de Himmelske Drager er der adelsm\u00e6nd, som ingen kan r\u00f8re uden at udl\u00f8se total krig og udslettelse af \u00f8en, hvor handlingen blev beg\u00e5et. Arlongs hoved er 20 millioner b\u00e6r v\u00e6rd.<\/p>\n<p>Hvis du br\u00e6nder for store tal, s\u00e5 er dette <a href=\"https:\/\/boutique-one-piece.com\/da\/avis-de-recherche-vista-wanted\/\" target=\"_blank\" title=\"Vista \u00f8nskede besked\" rel=\"noopener noreferrer\">Vista \u00f8nskede besked<\/a> Det vil gl\u00e6de dig.<\/p>\n<h2>Information om One Piece Wanted Arlong-plakaten<\/h2>\n<ul>\n<li><span><b><u>One Piece Wanted-plakat<\/u><\/b>\u00a0En \u00e6gte One Piece-efterlysningsplakat til \u00e6gte pirater<\/span><\/li>\n<\/ul>\n<ul>\n<li>\n<b><u>Arlongs Prime<\/u><\/b>\u00a020.000.000 b\u00e6r<\/li>\n<\/ul>\n<ul>\n<li><span><strong>Udskrivning i h\u00f8j kvalitet<\/strong>\u00a0pr\u00e6cise farver<\/span><\/li>\n<\/ul>\n<ul>\n<li>\n<strong>Dimension<\/strong>\u00a0: 51 cm x 36 cm<\/li>\n<\/ul>\n<ul>\n<li><span><strong>GRATIS LEVERING<\/strong><\/span><\/li>\n<\/ul>","protected":false},"excerpt":{"rendered":"<p>Si tu as aim\u00e9 l&rsquo;arc des hommes poissons, cet Avis de Recherche Arlong Wanted va te rappeler des bons souvenirs. Arlong est un homme poisson inspir\u00e9 d&rsquo;un requin scie. C&rsquo;est un pirate impitoyable d&rsquo;East Blue qui pille des villages entiers. Quand nous le rencontrons dans les aventures de Luffy, ils sont ennemis car Luffy souhaite [&hellip;]<\/p>","protected":false},"featured_media":17335,"comment_status":"open","ping_status":"open","template":"","meta":[],"product_brand":[],"product_cat":[171],"product_tag":[],"class_list":{"0":"post-17333","1":"product","2":"type-product","3":"status-publish","4":"has-post-thumbnail","6":"product_cat-avis-de-recherche-one-piece","8":"first","9":"instock","10":"purchasable","11":"product-type-simple"},"yoast_head":"<!-- This site is optimized with the Yoast SEO plugin v27.5 - https:\/\/yoast.com\/product\/yoast-seo-wordpress\/ -->\n<title>Avis De Recherche Arlong Wanted | D\u00e9coration One Piece \u2013 Boutique One Piece<\/title>\n<meta name=\"description\" content=\"Si tu as aim\u00e9 l&#039;arc des hommes poissons, cet Avis de Recherche Arlong Wanted va te rappeler des bons souvenirs. Arlong est un homme poisson inspir\u00e9 d&#039;un requin scie. C&#039;est un pirate impitoyable d&#039;East Blue qui pille des villages entiers. Quand nous le rencontrons dans les aventures de Luffy, ils sont ennemis car Luffy\" \/>\n<meta name=\"robots\" content=\"index, follow, max-snippet:-1, max-image-preview:large, max-video-preview:-1\" \/>\n<link rel=\"canonical\" href=\"https:\/\/boutique-one-piece.com\/da\/one-piece-efterlysningsplakat\/arlong-eftersogte-plakat\/\" \/>\n<meta property=\"og:locale\" content=\"da_DK\" \/>\n<meta property=\"og:type\" content=\"article\" \/>\n<meta property=\"og:title\" content=\"Avis De Recherche Arlong Wanted | D\u00e9coration One Piece \u2013 Boutique One Piece\" \/>\n<meta property=\"og:description\" content=\"Si tu as aim\u00e9 l&#039;arc des hommes poissons, cet Avis de Recherche Arlong Wanted va te rappeler des bons souvenirs. Arlong est un homme poisson inspir\u00e9 d&#039;un requin scie. C&#039;est un pirate impitoyable d&#039;East Blue qui pille des villages entiers. Quand nous le rencontrons dans les aventures de Luffy, ils sont ennemis car Luffy\" \/>\n<meta property=\"og:url\" content=\"https:\/\/boutique-one-piece.com\/da\/one-piece-efterlysningsplakat\/arlong-eftersogte-plakat\/\" \/>\n<meta property=\"og:site_name\" content=\"Boutique One Piece\" \/>\n<meta property=\"article:modified_time\" content=\"2024-09-16T15:05:11+00:00\" \/>\n<meta property=\"og:image\" content=\"https:\/\/boutique-one-piece.com\/wp-content\/uploads\/2022\/09\/Avis-De-Recherche-Arlong-Wanted-1.jpg\" \/>\n\t<meta property=\"og:image:width\" content=\"798\" \/>\n\t<meta property=\"og:image:height\" content=\"797\" \/>\n\t<meta property=\"og:image:type\" content=\"image\/jpeg\" \/>\n<meta name=\"twitter:card\" content=\"summary_large_image\" \/>\n<meta name=\"twitter:label1\" content=\"Estimeret l\u00e6setid\" \/>\n\t<meta name=\"twitter:data1\" content=\"1 minut\" \/>\n<script type=\"application\/ld+json\" class=\"yoast-schema-graph\">{\"@context\":\"https:\\\/\\\/schema.org\",\"@graph\":[{\"@type\":\"WebPage\",\"@id\":\"https:\\\/\\\/boutique-one-piece.com\\\/avis-de-recherche-one-piece\\\/avis-de-recherche-arlong-wanted\\\/\",\"url\":\"https:\\\/\\\/boutique-one-piece.com\\\/avis-de-recherche-one-piece\\\/avis-de-recherche-arlong-wanted\\\/\",\"name\":\"Avis De Recherche Arlong Wanted | D\u00e9coration One Piece \u2013 Boutique One Piece\",\"isPartOf\":{\"@id\":\"https:\\\/\\\/boutique-one-piece.com\\\/#website\"},\"primaryImageOfPage\":{\"@id\":\"https:\\\/\\\/boutique-one-piece.com\\\/avis-de-recherche-one-piece\\\/avis-de-recherche-arlong-wanted\\\/#primaryimage\"},\"image\":{\"@id\":\"https:\\\/\\\/boutique-one-piece.com\\\/avis-de-recherche-one-piece\\\/avis-de-recherche-arlong-wanted\\\/#primaryimage\"},\"thumbnailUrl\":\"https:\\\/\\\/boutique-one-piece.com\\\/wp-content\\\/uploads\\\/2022\\\/09\\\/Avis-De-Recherche-Arlong-Wanted-1.jpg\",\"datePublished\":\"2022-09-27T22:00:36+00:00\",\"dateModified\":\"2024-09-16T15:05:11+00:00\",\"description\":\"Si tu as aim\u00e9 l'arc des hommes poissons, cet Avis de Recherche Arlong Wanted va te rappeler des bons souvenirs. Arlong est un homme poisson inspir\u00e9 d'un requin scie. C'est un pirate impitoyable d'East Blue qui pille des villages entiers. Quand nous le rencontrons dans les aventures de Luffy, ils sont ennemis car Luffy\",\"breadcrumb\":{\"@id\":\"https:\\\/\\\/boutique-one-piece.com\\\/avis-de-recherche-one-piece\\\/avis-de-recherche-arlong-wanted\\\/#breadcrumb\"},\"inLanguage\":\"da-DK\",\"potentialAction\":[{\"@type\":\"ReadAction\",\"target\":[\"https:\\\/\\\/boutique-one-piece.com\\\/avis-de-recherche-one-piece\\\/avis-de-recherche-arlong-wanted\\\/\"]}]},{\"@type\":\"ImageObject\",\"inLanguage\":\"da-DK\",\"@id\":\"https:\\\/\\\/boutique-one-piece.com\\\/avis-de-recherche-one-piece\\\/avis-de-recherche-arlong-wanted\\\/#primaryimage\",\"url\":\"https:\\\/\\\/boutique-one-piece.com\\\/wp-content\\\/uploads\\\/2022\\\/09\\\/Avis-De-Recherche-Arlong-Wanted-1.jpg\",\"contentUrl\":\"https:\\\/\\\/boutique-one-piece.com\\\/wp-content\\\/uploads\\\/2022\\\/09\\\/Avis-De-Recherche-Arlong-Wanted-1.jpg\",\"width\":798,\"height\":797},{\"@type\":\"BreadcrumbList\",\"@id\":\"https:\\\/\\\/boutique-one-piece.com\\\/avis-de-recherche-one-piece\\\/avis-de-recherche-arlong-wanted\\\/#breadcrumb\",\"itemListElement\":[{\"@type\":\"ListItem\",\"position\":1,\"name\":\"Home\",\"item\":\"https:\\\/\\\/boutique-one-piece.com\\\/\"},{\"@type\":\"ListItem\",\"position\":2,\"name\":\"Shop\",\"item\":\"https:\\\/\\\/boutique-one-piece.com\\\/shop\\\/\"},{\"@type\":\"ListItem\",\"position\":3,\"name\":\"Avis De Recherche Arlong Wanted\"}]},{\"@type\":\"WebSite\",\"@id\":\"https:\\\/\\\/boutique-one-piece.com\\\/#website\",\"url\":\"https:\\\/\\\/boutique-one-piece.com\\\/\",\"name\":\"Boutique One Piece\",\"description\":\"Magasin Sp\u00e9cialis\u00e9 du Manga et l&#039;Anime One Piece\",\"publisher\":{\"@id\":\"https:\\\/\\\/boutique-one-piece.com\\\/#organization\"},\"potentialAction\":[{\"@type\":\"SearchAction\",\"target\":{\"@type\":\"EntryPoint\",\"urlTemplate\":\"https:\\\/\\\/boutique-one-piece.com\\\/?s={search_term_string}\"},\"query-input\":{\"@type\":\"PropertyValueSpecification\",\"valueRequired\":true,\"valueName\":\"search_term_string\"}}],\"inLanguage\":\"da-DK\"},{\"@type\":\"Organization\",\"@id\":\"https:\\\/\\\/boutique-one-piece.com\\\/#organization\",\"name\":\"Boutique One Piece\",\"url\":\"https:\\\/\\\/boutique-one-piece.com\\\/\",\"logo\":{\"@type\":\"ImageObject\",\"inLanguage\":\"da-DK\",\"@id\":\"https:\\\/\\\/boutique-one-piece.com\\\/#\\\/schema\\\/logo\\\/image\\\/\",\"url\":\"https:\\\/\\\/boutique-one-piece.com\\\/wp-content\\\/uploads\\\/2022\\\/09\\\/Logo-01.png\",\"contentUrl\":\"https:\\\/\\\/boutique-one-piece.com\\\/wp-content\\\/uploads\\\/2022\\\/09\\\/Logo-01.png\",\"width\":2318,\"height\":957,\"caption\":\"Boutique One Piece\"},\"image\":{\"@id\":\"https:\\\/\\\/boutique-one-piece.com\\\/#\\\/schema\\\/logo\\\/image\\\/\"}}]}<\/script>\n<!-- \/ Yoast SEO plugin. -->","yoast_head_json":{"title":"Arlong \u00d8nskes Meddelelse | One Piece Dekorationer \u2013 One Piece Shop","description":"Hvis du n\u00f8d Fish-Man Island-historien, vil denne Arlong Wanted-plakat v\u00e6kke gode minder. Arlong er en fiskemand inspireret af en savhaj. Han er en hensynsl\u00f8s pirat fra East Blue, der plyndrer hele landsbyer. Da vi f\u00f8rste gang m\u00f8der ham i Luffys eventyr, er de fjender, fordi Luffy...","robots":{"index":"index","follow":"follow","max-snippet":"max-snippet:-1","max-image-preview":"max-image-preview:large","max-video-preview":"max-video-preview:-1"},"canonical":"https:\/\/boutique-one-piece.com\/da\/one-piece-efterlysningsplakat\/arlong-eftersogte-plakat\/","og_locale":"da_DK","og_type":"article","og_title":"Avis De Recherche Arlong Wanted | D\u00e9coration One Piece \u2013 Boutique One Piece","og_description":"Si tu as aim\u00e9 l'arc des hommes poissons, cet Avis de Recherche Arlong Wanted va te rappeler des bons souvenirs. Arlong est un homme poisson inspir\u00e9 d'un requin scie. C'est un pirate impitoyable d'East Blue qui pille des villages entiers. Quand nous le rencontrons dans les aventures de Luffy, ils sont ennemis car Luffy","og_url":"https:\/\/boutique-one-piece.com\/da\/one-piece-efterlysningsplakat\/arlong-eftersogte-plakat\/","og_site_name":"Boutique One Piece","article_modified_time":"2024-09-16T15:05:11+00:00","og_image":[{"width":798,"height":797,"url":"https:\/\/boutique-one-piece.com\/wp-content\/uploads\/2022\/09\/Avis-De-Recherche-Arlong-Wanted-1.jpg","type":"image\/jpeg"}],"twitter_card":"summary_large_image","twitter_misc":{"Estimeret l\u00e6setid":"1 minut"},"schema":{"@context":"https:\/\/schema.org","@graph":[{"@type":"WebPage","@id":"https:\/\/boutique-one-piece.com\/avis-de-recherche-one-piece\/avis-de-recherche-arlong-wanted\/","url":"https:\/\/boutique-one-piece.com\/avis-de-recherche-one-piece\/avis-de-recherche-arlong-wanted\/","name":"Arlong \u00d8nskes Meddelelse | One Piece Dekorationer \u2013 One Piece Shop","isPartOf":{"@id":"https:\/\/boutique-one-piece.com\/#website"},"primaryImageOfPage":{"@id":"https:\/\/boutique-one-piece.com\/avis-de-recherche-one-piece\/avis-de-recherche-arlong-wanted\/#primaryimage"},"image":{"@id":"https:\/\/boutique-one-piece.com\/avis-de-recherche-one-piece\/avis-de-recherche-arlong-wanted\/#primaryimage"},"thumbnailUrl":"https:\/\/boutique-one-piece.com\/wp-content\/uploads\/2022\/09\/Avis-De-Recherche-Arlong-Wanted-1.jpg","datePublished":"2022-09-27T22:00:36+00:00","dateModified":"2024-09-16T15:05:11+00:00","description":"Hvis du n\u00f8d Fish-Man Island-historien, vil denne Arlong Wanted-plakat v\u00e6kke gode minder. Arlong er en fiskemand inspireret af en savhaj. Han er en hensynsl\u00f8s pirat fra East Blue, der plyndrer hele landsbyer. Da vi f\u00f8rste gang m\u00f8der ham i Luffys eventyr, er de fjender, fordi Luffy...","breadcrumb":{"@id":"https:\/\/boutique-one-piece.com\/avis-de-recherche-one-piece\/avis-de-recherche-arlong-wanted\/#breadcrumb"},"inLanguage":"da-DK","potentialAction":[{"@type":"ReadAction","target":["https:\/\/boutique-one-piece.com\/avis-de-recherche-one-piece\/avis-de-recherche-arlong-wanted\/"]}]},{"@type":"ImageObject","inLanguage":"da-DK","@id":"https:\/\/boutique-one-piece.com\/avis-de-recherche-one-piece\/avis-de-recherche-arlong-wanted\/#primaryimage","url":"https:\/\/boutique-one-piece.com\/wp-content\/uploads\/2022\/09\/Avis-De-Recherche-Arlong-Wanted-1.jpg","contentUrl":"https:\/\/boutique-one-piece.com\/wp-content\/uploads\/2022\/09\/Avis-De-Recherche-Arlong-Wanted-1.jpg","width":798,"height":797},{"@type":"BreadcrumbList","@id":"https:\/\/boutique-one-piece.com\/avis-de-recherche-one-piece\/avis-de-recherche-arlong-wanted\/#breadcrumb","itemListElement":[{"@type":"ListItem","position":1,"name":"Home","item":"https:\/\/boutique-one-piece.com\/"},{"@type":"ListItem","position":2,"name":"Shop","item":"https:\/\/boutique-one-piece.com\/shop\/"},{"@type":"ListItem","position":3,"name":"Avis De Recherche Arlong Wanted"}]},{"@type":"WebSite","@id":"https:\/\/boutique-one-piece.com\/#website","url":"https:\/\/boutique-one-piece.com\/","name":"One Piece Shop","description":"Specialbutik for One Piece Manga og Anime","publisher":{"@id":"https:\/\/boutique-one-piece.com\/#organization"},"potentialAction":[{"@type":"SearchAction","target":{"@type":"EntryPoint","urlTemplate":"https:\/\/boutique-one-piece.com\/?s={search_term_string}"},"query-input":{"@type":"PropertyValueSpecification","valueRequired":true,"valueName":"search_term_string"}}],"inLanguage":"da-DK"},{"@type":"Organization","@id":"https:\/\/boutique-one-piece.com\/#organization","name":"One Piece Shop","url":"https:\/\/boutique-one-piece.com\/","logo":{"@type":"ImageObject","inLanguage":"da-DK","@id":"https:\/\/boutique-one-piece.com\/#\/schema\/logo\/image\/","url":"https:\/\/boutique-one-piece.com\/wp-content\/uploads\/2022\/09\/Logo-01.png","contentUrl":"https:\/\/boutique-one-piece.com\/wp-content\/uploads\/2022\/09\/Logo-01.png","width":2318,"height":957,"caption":"Boutique One Piece"},"image":{"@id":"https:\/\/boutique-one-piece.com\/#\/schema\/logo\/image\/"}}]}},"_links":{"self":[{"href":"https:\/\/boutique-one-piece.com\/da\/wp-json\/wp\/v2\/product\/17333","targetHints":{"allow":["GET"]}}],"collection":[{"href":"https:\/\/boutique-one-piece.com\/da\/wp-json\/wp\/v2\/product"}],"about":[{"href":"https:\/\/boutique-one-piece.com\/da\/wp-json\/wp\/v2\/types\/product"}],"replies":[{"embeddable":true,"href":"https:\/\/boutique-one-piece.com\/da\/wp-json\/wp\/v2\/comments?post=17333"}],"wp:featuredmedia":[{"embeddable":true,"href":"https:\/\/boutique-one-piece.com\/da\/wp-json\/wp\/v2\/media\/17335"}],"wp:attachment":[{"href":"https:\/\/boutique-one-piece.com\/da\/wp-json\/wp\/v2\/media?parent=17333"}],"wp:term":[{"taxonomy":"product_brand","embeddable":true,"href":"https:\/\/boutique-one-piece.com\/da\/wp-json\/wp\/v2\/product_brand?post=17333"},{"taxonomy":"product_cat","embeddable":true,"href":"https:\/\/boutique-one-piece.com\/da\/wp-json\/wp\/v2\/product_cat?post=17333"},{"taxonomy":"product_tag","embeddable":true,"href":"https:\/\/boutique-one-piece.com\/da\/wp-json\/wp\/v2\/product_tag?post=17333"}],"curies":[{"name":"wp","href":"https:\/\/api.w.org\/{rel}","templated":true}]}}