{"id":8140,"date":"2022-09-27T18:53:09","date_gmt":"2022-09-27T18:53:09","guid":{"rendered":"https:\/\/boutique-one-piece.com\/uncategorized\/short-de-bain-one-piece-aokiji-vs-akainu\/"},"modified":"2024-09-16T11:12:02","modified_gmt":"2024-09-16T11:12:02","slug":"aokiji-vs-akainu-badeshorts-i-et-stykke","status":"publish","type":"product","link":"https:\/\/boutique-one-piece.com\/da\/one-piece-toj\/badeshorts-i-et-stykke\/aokiji-vs-akainu-badeshorts-i-et-stykke\/","title":{"rendered":"One Piece Badeshorts Aokiji Vs Akainu"},"content":{"rendered":"<p><meta charset=\"utf-8\"><meta charset=\"utf-8\"><meta charset=\"utf-8\"><\/p>\n<h2>Badebukser i \u00e9t stykke med Kuzan vs. Sakazuki, en kvalitetsbadedragt til en pirat som dig!<\/h2>\n<p>Hvis du er en<span>\u00a0<\/span><strong>rigtig pirat<\/strong>, Du vil blive v\u00e6rdsat<span>\u00a0<\/span><strong>materialernes kvalitet,<\/strong>\u00a0af<span>\u00a0<\/span><strong>design<span>\u00a0<\/span><\/strong>og<strong><span>\u00a0<\/span>3D-printning<\/strong>\u00a0af dette<span>\u00a0<\/span><strong>Badebukser i \u00e9t stykke<\/strong><span>\u00a0<\/span>Men vigtigst af alt, med disse shorts bliver du en del af<span>\u00a0<\/span><strong>fanholdet<\/strong><span>\u00a0<\/span>af<span>\u00a0<\/span><strong>piratmanga<\/strong><span>\u00a0<\/span>og du vil f\u00e5:<\/p>\n<ul>\n<li>\u00a0<strong>Beundring<\/strong><span>\u00a0<\/span>af alle fans af<span>\u00a0<\/span><strong>mugiwara<\/strong><span>\u00a0<\/span>som du vil m\u00f8de<\/li>\n<\/ul>\n<ul>\n<li>En \u00e6gte<span>\u00a0<\/span><strong>badeshorts med tryk<\/strong><span>\u00a0<\/span>som du kan sv\u00f8mme med<span>\u00a0<\/span><strong>Grand Line<\/strong>, Men v\u00e6r forsigtig, det anbefales ikke at g\u00e5 i havet, hvis du har spist en.<span>\u00a0<\/span><strong>dj\u00e6velfrugt<\/strong>\n<\/li>\n<\/ul>\n<p>S\u00e5, klar til at tage p\u00e5<span>\u00a0<\/span><strong>farver <\/strong>af din<strong> Yndlingsmanga<\/strong><span>\u00a0<\/span>?<\/p>\n<h2>Er du fan af One Piece manga eller anime? Vis det frem med disse badeshorts!<\/h2>\n<p>Hvis du<span>\u00a0<\/span><strong>l\u00e6se<\/strong><span>\u00a0<\/span>eller hvor end du kigger hen<span>\u00a0<\/span><strong>Japansk anime<\/strong>, Der er en god chance for, at du er blevet<span>\u00a0<\/span><strong>vild med One Piece<\/strong><span>\u00a0<\/span>Med dette!<span>\u00a0<\/span><strong>badeshorts<\/strong><span>\u00a0<\/span><strong>Akainu vs. Aokiji<\/strong>, slutte sig til hans<span>\u00a0<\/span><strong>mandskab<\/strong><\/p>\n<p>Disse shorts f\u00e5s i st\u00f8rrelser<span>\u00a0<\/span><strong>XXS, XS, S, M, L, XL<\/strong>, Det passer til alle typer pirater, selvom du ikke har<span>\u00a0<\/span><strong>sv\u00e6rd<\/strong>\u00a0eller<span>\u00a0<\/span><strong>dj\u00e6velfrugt<\/strong><span>\u00a0<\/span>du kan stadig have den p\u00e5\u00a0<\/p>\n<p><strong>Sakasuki <\/strong>Og <strong>Kuzan<\/strong> var <strong>to admiraler<\/strong> af fl\u00e5den, efter afgang af <strong>Sengoku<\/strong> p\u00e5 sin post <strong>af \u00f8verstkommanderende admiral<\/strong>, A <strong>k\u00e6mpe<\/strong> fandt sted mellem <strong>Aokiji og Akainu den r\u00f8de hund<\/strong>. Konfrontationen varede <strong>10 dage<\/strong> og det fandt sted p\u00e5 \u00f8en <strong>Punk Hazard<\/strong>, \u00d8en blev \u00f8delagt af <strong>magt<\/strong> befriet af disse to karakterer. Endelig, efter denne utrolige kamp <strong>Sakasuki gik sejrrigt ud<\/strong>, Han fik derfor stillingen som \u00f8verste admiral og <strong>Kuzan forlod fl\u00e5den<\/strong>.<\/p>\n<h3><span>Glem ikke at tage et kig p\u00e5 st\u00f8rrelsesguiden nedenfor.<\/span><\/h3>\n<p><span><img decoding=\"async\" alt=\"St\u00f8rrelsesguide Baim shorts i \u00e9t stykke xxs, xs, s, m, l, xl\" src=\"https:\/\/cdn.shopify.com\/s\/files\/1\/0087\/7556\/5348\/files\/boutque_one__piece_tableau_taille_short_de_bain_large.jpg?v=1560446518\"><\/span><\/p>\n<h3>Vaskeanvisning:<\/h3>\n<ul>\n<li>Maskinvask ved 30\u00b0C, sk\u00e5neprogram<\/li>\n<\/ul>\n<ul>\n<li>Stryges p\u00e5 bagsiden<\/li>\n<\/ul>\n<p>For<span>\u00a0<\/span><strong>bevare kvaliteten<\/strong><span>\u00a0<\/span>af dette\u00a0<strong>Badebukser i \u00e9t stykke<\/strong>, Vi anbefaler, at du<span>\u00a0<\/span><strong>respekt<\/strong><span>\u00a0<\/span>DE<span>\u00a0<\/span><strong>vaskeanvisninger<\/strong>.<\/p>\n<ul><\/ul>\n<ul><\/ul>\n<ul><\/ul>","protected":false},"excerpt":{"rendered":"<p>Short de Bain One Piece avec Kuzan contre Sakazuki, Un\u00a0Maillot de Bain de qualit\u00e9 pour un pirate comme\u00a0toi\u00a0! Si tu es un\u00a0v\u00e9ritable pirate, tu seras appr\u00e9ci\u00e9 la\u00a0qualit\u00e9 des mat\u00e9riaux,\u00a0de la\u00a0conception\u00a0et de\u00a0l&rsquo;impression 3D\u00a0de ce\u00a0short de bain One Piece\u00a0!\u00a0Mais le plus important, avec ce short tu\u00a0feras partie de\u00a0l&rsquo;\u00e9quipage\u00a0des fans\u00a0du\u00a0manga de pirates\u00a0et tu obtiendras\u00a0: \u00a0L&rsquo;admiration\u00a0de tous les fans [&hellip;]<\/p>","protected":false},"featured_media":8142,"comment_status":"open","ping_status":"open","template":"","meta":[],"product_brand":[],"product_cat":[66],"product_tag":[67,68],"class_list":{"0":"post-8140","1":"product","2":"type-product","3":"status-publish","4":"has-post-thumbnail","6":"product_cat-shorts-de-bain-one-piece","7":"product_tag-akainu","8":"product_tag-aokiji","10":"first","11":"instock","12":"purchasable","13":"product-type-variable","14":"has-default-attributes"},"yoast_head":"<!-- This site is optimized with the Yoast SEO plugin v27.5 - https:\/\/yoast.com\/product\/yoast-seo-wordpress\/ -->\n<title>Short De Bain Aokiji Vs Akainu | Boutique One Piece<\/title>\n<meta name=\"description\" content=\"Short Imprim\u00e9 One Piece avec Sakasuki et Kuzane l&#039;Affrontement \u00c9pic Fan de l&#039;Univers du Manga de Pirates Portez ce Short de Bain de Votre Licence Pr\u00e9f\u00e9r\u00e9\" \/>\n<meta name=\"robots\" content=\"index, follow, max-snippet:-1, max-image-preview:large, max-video-preview:-1\" \/>\n<link rel=\"canonical\" href=\"https:\/\/boutique-one-piece.com\/da\/one-piece-toj\/badeshorts-i-et-stykke\/aokiji-vs-akainu-badeshorts-i-et-stykke\/\" \/>\n<meta property=\"og:locale\" content=\"da_DK\" \/>\n<meta property=\"og:type\" content=\"article\" \/>\n<meta property=\"og:title\" content=\"Short De Bain Aokiji Vs Akainu | Boutique One Piece\" \/>\n<meta property=\"og:description\" content=\"Short Imprim\u00e9 One Piece avec Sakasuki et Kuzane l&#039;Affrontement \u00c9pic Fan de l&#039;Univers du Manga de Pirates Portez ce Short de Bain de Votre Licence Pr\u00e9f\u00e9r\u00e9\" \/>\n<meta property=\"og:url\" content=\"https:\/\/boutique-one-piece.com\/da\/one-piece-toj\/badeshorts-i-et-stykke\/aokiji-vs-akainu-badeshorts-i-et-stykke\/\" \/>\n<meta property=\"og:site_name\" content=\"Boutique One Piece\" \/>\n<meta property=\"article:modified_time\" content=\"2024-09-16T11:12:02+00:00\" \/>\n<meta property=\"og:image\" content=\"https:\/\/boutique-one-piece.com\/wp-content\/uploads\/2022\/09\/Short-De-Bain-One-Piece-Aokiji-Vs-Akainu-1.jpg\" \/>\n\t<meta property=\"og:image:width\" content=\"800\" \/>\n\t<meta property=\"og:image:height\" content=\"800\" \/>\n\t<meta property=\"og:image:type\" content=\"image\/jpeg\" \/>\n<meta name=\"twitter:card\" content=\"summary_large_image\" \/>\n<meta name=\"twitter:label1\" content=\"Estimeret l\u00e6setid\" \/>\n\t<meta name=\"twitter:data1\" content=\"2 minutter\" \/>\n<script type=\"application\/ld+json\" class=\"yoast-schema-graph\">{\"@context\":\"https:\\\/\\\/schema.org\",\"@graph\":[{\"@type\":\"WebPage\",\"@id\":\"https:\\\/\\\/boutique-one-piece.com\\\/vetements-one-piece\\\/shorts-de-bain-one-piece\\\/short-de-bain-one-piece-aokiji-vs-akainu\\\/\",\"url\":\"https:\\\/\\\/boutique-one-piece.com\\\/vetements-one-piece\\\/shorts-de-bain-one-piece\\\/short-de-bain-one-piece-aokiji-vs-akainu\\\/\",\"name\":\"Short De Bain Aokiji Vs Akainu | Boutique One Piece\",\"isPartOf\":{\"@id\":\"https:\\\/\\\/boutique-one-piece.com\\\/#website\"},\"primaryImageOfPage\":{\"@id\":\"https:\\\/\\\/boutique-one-piece.com\\\/vetements-one-piece\\\/shorts-de-bain-one-piece\\\/short-de-bain-one-piece-aokiji-vs-akainu\\\/#primaryimage\"},\"image\":{\"@id\":\"https:\\\/\\\/boutique-one-piece.com\\\/vetements-one-piece\\\/shorts-de-bain-one-piece\\\/short-de-bain-one-piece-aokiji-vs-akainu\\\/#primaryimage\"},\"thumbnailUrl\":\"https:\\\/\\\/boutique-one-piece.com\\\/wp-content\\\/uploads\\\/2022\\\/09\\\/Short-De-Bain-One-Piece-Aokiji-Vs-Akainu-1.jpg\",\"datePublished\":\"2022-09-27T18:53:09+00:00\",\"dateModified\":\"2024-09-16T11:12:02+00:00\",\"description\":\"Short Imprim\u00e9 One Piece avec Sakasuki et Kuzane l'Affrontement \u00c9pic Fan de l'Univers du Manga de Pirates Portez ce Short de Bain de Votre Licence Pr\u00e9f\u00e9r\u00e9\",\"breadcrumb\":{\"@id\":\"https:\\\/\\\/boutique-one-piece.com\\\/vetements-one-piece\\\/shorts-de-bain-one-piece\\\/short-de-bain-one-piece-aokiji-vs-akainu\\\/#breadcrumb\"},\"inLanguage\":\"da-DK\",\"potentialAction\":[{\"@type\":\"ReadAction\",\"target\":[\"https:\\\/\\\/boutique-one-piece.com\\\/vetements-one-piece\\\/shorts-de-bain-one-piece\\\/short-de-bain-one-piece-aokiji-vs-akainu\\\/\"]}]},{\"@type\":\"ImageObject\",\"inLanguage\":\"da-DK\",\"@id\":\"https:\\\/\\\/boutique-one-piece.com\\\/vetements-one-piece\\\/shorts-de-bain-one-piece\\\/short-de-bain-one-piece-aokiji-vs-akainu\\\/#primaryimage\",\"url\":\"https:\\\/\\\/boutique-one-piece.com\\\/wp-content\\\/uploads\\\/2022\\\/09\\\/Short-De-Bain-One-Piece-Aokiji-Vs-Akainu-1.jpg\",\"contentUrl\":\"https:\\\/\\\/boutique-one-piece.com\\\/wp-content\\\/uploads\\\/2022\\\/09\\\/Short-De-Bain-One-Piece-Aokiji-Vs-Akainu-1.jpg\",\"width\":800,\"height\":800},{\"@type\":\"BreadcrumbList\",\"@id\":\"https:\\\/\\\/boutique-one-piece.com\\\/vetements-one-piece\\\/shorts-de-bain-one-piece\\\/short-de-bain-one-piece-aokiji-vs-akainu\\\/#breadcrumb\",\"itemListElement\":[{\"@type\":\"ListItem\",\"position\":1,\"name\":\"Home\",\"item\":\"https:\\\/\\\/boutique-one-piece.com\\\/\"},{\"@type\":\"ListItem\",\"position\":2,\"name\":\"Shop\",\"item\":\"https:\\\/\\\/boutique-one-piece.com\\\/shop\\\/\"},{\"@type\":\"ListItem\",\"position\":3,\"name\":\"Short De Bain One Piece Aokiji Vs Akainu\"}]},{\"@type\":\"WebSite\",\"@id\":\"https:\\\/\\\/boutique-one-piece.com\\\/#website\",\"url\":\"https:\\\/\\\/boutique-one-piece.com\\\/\",\"name\":\"Boutique One Piece\",\"description\":\"Magasin Sp\u00e9cialis\u00e9 du Manga et l&#039;Anime One Piece\",\"publisher\":{\"@id\":\"https:\\\/\\\/boutique-one-piece.com\\\/#organization\"},\"potentialAction\":[{\"@type\":\"SearchAction\",\"target\":{\"@type\":\"EntryPoint\",\"urlTemplate\":\"https:\\\/\\\/boutique-one-piece.com\\\/?s={search_term_string}\"},\"query-input\":{\"@type\":\"PropertyValueSpecification\",\"valueRequired\":true,\"valueName\":\"search_term_string\"}}],\"inLanguage\":\"da-DK\"},{\"@type\":\"Organization\",\"@id\":\"https:\\\/\\\/boutique-one-piece.com\\\/#organization\",\"name\":\"Boutique One Piece\",\"url\":\"https:\\\/\\\/boutique-one-piece.com\\\/\",\"logo\":{\"@type\":\"ImageObject\",\"inLanguage\":\"da-DK\",\"@id\":\"https:\\\/\\\/boutique-one-piece.com\\\/#\\\/schema\\\/logo\\\/image\\\/\",\"url\":\"https:\\\/\\\/boutique-one-piece.com\\\/wp-content\\\/uploads\\\/2022\\\/09\\\/Logo-01.png\",\"contentUrl\":\"https:\\\/\\\/boutique-one-piece.com\\\/wp-content\\\/uploads\\\/2022\\\/09\\\/Logo-01.png\",\"width\":2318,\"height\":957,\"caption\":\"Boutique One Piece\"},\"image\":{\"@id\":\"https:\\\/\\\/boutique-one-piece.com\\\/#\\\/schema\\\/logo\\\/image\\\/\"}}]}<\/script>\n<!-- \/ Yoast SEO plugin. -->","yoast_head_json":{"title":"Aokiji vs. Akainu badeshorts | One Piece Shop","description":"One Piece-printede badeshorts med Sakasuki og Kuzane fra det episke opg\u00f8r. Fans af piratmanga-universet b\u00f8r b\u00e6re disse badeshorts fra deres yndlingsfranchise.","robots":{"index":"index","follow":"follow","max-snippet":"max-snippet:-1","max-image-preview":"max-image-preview:large","max-video-preview":"max-video-preview:-1"},"canonical":"https:\/\/boutique-one-piece.com\/da\/one-piece-toj\/badeshorts-i-et-stykke\/aokiji-vs-akainu-badeshorts-i-et-stykke\/","og_locale":"da_DK","og_type":"article","og_title":"Short De Bain Aokiji Vs Akainu | Boutique One Piece","og_description":"Short Imprim\u00e9 One Piece avec Sakasuki et Kuzane l'Affrontement \u00c9pic Fan de l'Univers du Manga de Pirates Portez ce Short de Bain de Votre Licence Pr\u00e9f\u00e9r\u00e9","og_url":"https:\/\/boutique-one-piece.com\/da\/one-piece-toj\/badeshorts-i-et-stykke\/aokiji-vs-akainu-badeshorts-i-et-stykke\/","og_site_name":"Boutique One Piece","article_modified_time":"2024-09-16T11:12:02+00:00","og_image":[{"width":800,"height":800,"url":"https:\/\/boutique-one-piece.com\/wp-content\/uploads\/2022\/09\/Short-De-Bain-One-Piece-Aokiji-Vs-Akainu-1.jpg","type":"image\/jpeg"}],"twitter_card":"summary_large_image","twitter_misc":{"Estimeret l\u00e6setid":"2 minutter"},"schema":{"@context":"https:\/\/schema.org","@graph":[{"@type":"WebPage","@id":"https:\/\/boutique-one-piece.com\/vetements-one-piece\/shorts-de-bain-one-piece\/short-de-bain-one-piece-aokiji-vs-akainu\/","url":"https:\/\/boutique-one-piece.com\/vetements-one-piece\/shorts-de-bain-one-piece\/short-de-bain-one-piece-aokiji-vs-akainu\/","name":"Aokiji vs. Akainu badeshorts | One Piece Shop","isPartOf":{"@id":"https:\/\/boutique-one-piece.com\/#website"},"primaryImageOfPage":{"@id":"https:\/\/boutique-one-piece.com\/vetements-one-piece\/shorts-de-bain-one-piece\/short-de-bain-one-piece-aokiji-vs-akainu\/#primaryimage"},"image":{"@id":"https:\/\/boutique-one-piece.com\/vetements-one-piece\/shorts-de-bain-one-piece\/short-de-bain-one-piece-aokiji-vs-akainu\/#primaryimage"},"thumbnailUrl":"https:\/\/boutique-one-piece.com\/wp-content\/uploads\/2022\/09\/Short-De-Bain-One-Piece-Aokiji-Vs-Akainu-1.jpg","datePublished":"2022-09-27T18:53:09+00:00","dateModified":"2024-09-16T11:12:02+00:00","description":"One Piece-printede badeshorts med Sakasuki og Kuzane fra det episke opg\u00f8r. Fans af piratmanga-universet b\u00f8r b\u00e6re disse badeshorts fra deres yndlingsfranchise.","breadcrumb":{"@id":"https:\/\/boutique-one-piece.com\/vetements-one-piece\/shorts-de-bain-one-piece\/short-de-bain-one-piece-aokiji-vs-akainu\/#breadcrumb"},"inLanguage":"da-DK","potentialAction":[{"@type":"ReadAction","target":["https:\/\/boutique-one-piece.com\/vetements-one-piece\/shorts-de-bain-one-piece\/short-de-bain-one-piece-aokiji-vs-akainu\/"]}]},{"@type":"ImageObject","inLanguage":"da-DK","@id":"https:\/\/boutique-one-piece.com\/vetements-one-piece\/shorts-de-bain-one-piece\/short-de-bain-one-piece-aokiji-vs-akainu\/#primaryimage","url":"https:\/\/boutique-one-piece.com\/wp-content\/uploads\/2022\/09\/Short-De-Bain-One-Piece-Aokiji-Vs-Akainu-1.jpg","contentUrl":"https:\/\/boutique-one-piece.com\/wp-content\/uploads\/2022\/09\/Short-De-Bain-One-Piece-Aokiji-Vs-Akainu-1.jpg","width":800,"height":800},{"@type":"BreadcrumbList","@id":"https:\/\/boutique-one-piece.com\/vetements-one-piece\/shorts-de-bain-one-piece\/short-de-bain-one-piece-aokiji-vs-akainu\/#breadcrumb","itemListElement":[{"@type":"ListItem","position":1,"name":"Home","item":"https:\/\/boutique-one-piece.com\/"},{"@type":"ListItem","position":2,"name":"Shop","item":"https:\/\/boutique-one-piece.com\/shop\/"},{"@type":"ListItem","position":3,"name":"Short De Bain One Piece Aokiji Vs Akainu"}]},{"@type":"WebSite","@id":"https:\/\/boutique-one-piece.com\/#website","url":"https:\/\/boutique-one-piece.com\/","name":"One Piece Shop","description":"Specialbutik for One Piece Manga og Anime","publisher":{"@id":"https:\/\/boutique-one-piece.com\/#organization"},"potentialAction":[{"@type":"SearchAction","target":{"@type":"EntryPoint","urlTemplate":"https:\/\/boutique-one-piece.com\/?s={search_term_string}"},"query-input":{"@type":"PropertyValueSpecification","valueRequired":true,"valueName":"search_term_string"}}],"inLanguage":"da-DK"},{"@type":"Organization","@id":"https:\/\/boutique-one-piece.com\/#organization","name":"One Piece Shop","url":"https:\/\/boutique-one-piece.com\/","logo":{"@type":"ImageObject","inLanguage":"da-DK","@id":"https:\/\/boutique-one-piece.com\/#\/schema\/logo\/image\/","url":"https:\/\/boutique-one-piece.com\/wp-content\/uploads\/2022\/09\/Logo-01.png","contentUrl":"https:\/\/boutique-one-piece.com\/wp-content\/uploads\/2022\/09\/Logo-01.png","width":2318,"height":957,"caption":"Boutique One Piece"},"image":{"@id":"https:\/\/boutique-one-piece.com\/#\/schema\/logo\/image\/"}}]}},"_links":{"self":[{"href":"https:\/\/boutique-one-piece.com\/da\/wp-json\/wp\/v2\/product\/8140","targetHints":{"allow":["GET"]}}],"collection":[{"href":"https:\/\/boutique-one-piece.com\/da\/wp-json\/wp\/v2\/product"}],"about":[{"href":"https:\/\/boutique-one-piece.com\/da\/wp-json\/wp\/v2\/types\/product"}],"replies":[{"embeddable":true,"href":"https:\/\/boutique-one-piece.com\/da\/wp-json\/wp\/v2\/comments?post=8140"}],"wp:featuredmedia":[{"embeddable":true,"href":"https:\/\/boutique-one-piece.com\/da\/wp-json\/wp\/v2\/media\/8142"}],"wp:attachment":[{"href":"https:\/\/boutique-one-piece.com\/da\/wp-json\/wp\/v2\/media?parent=8140"}],"wp:term":[{"taxonomy":"product_brand","embeddable":true,"href":"https:\/\/boutique-one-piece.com\/da\/wp-json\/wp\/v2\/product_brand?post=8140"},{"taxonomy":"product_cat","embeddable":true,"href":"https:\/\/boutique-one-piece.com\/da\/wp-json\/wp\/v2\/product_cat?post=8140"},{"taxonomy":"product_tag","embeddable":true,"href":"https:\/\/boutique-one-piece.com\/da\/wp-json\/wp\/v2\/product_tag?post=8140"}],"curies":[{"name":"wp","href":"https:\/\/api.w.org\/{rel}","templated":true}]}}