{"id":8149,"date":"2022-09-27T18:53:21","date_gmt":"2022-09-27T18:53:21","guid":{"rendered":"https:\/\/boutique-one-piece.com\/uncategorized\/tapis-de-douche-one-piece-pavillon-des-mugiwara\/"},"modified":"2024-09-16T11:12:08","modified_gmt":"2024-09-16T11:12:08","slug":"one-piece-strahat-pirater-brusematte","status":"publish","type":"product","link":"https:\/\/boutique-one-piece.com\/da\/one-piece-dekorationer\/badematte\/one-piece-strahat-pirater-brusematte\/","title":{"rendered":"Brusem\u00e5tte i \u00e9t stykke str\u00e5hatte Pavilion"},"content":{"rendered":"<p><span><strong>Brusem\u00e5tte:<\/strong>\u00a0One Piece Universe Brusem\u00e5tte til \u00c6gte Pirater<\/span><br \/><span><strong>St\u00f8rrelse:<\/strong>\u00a060\u00d740 cm 50\u00d780 cm<\/span><br \/><span><strong>Gratis levering<\/strong><\/span><\/p>","protected":false},"excerpt":{"rendered":"<p>Brusem\u00e5tte: Universe brusem\u00e5tte i \u00e9t stykke til \u00e6gte pirater. St\u00f8rrelse: 60\u00d740 cm eller 50\u00d780 cm. Gratis fragt.<\/p>","protected":false},"featured_media":8151,"comment_status":"open","ping_status":"open","template":"","meta":[],"product_brand":[],"product_cat":[74,73],"product_tag":[],"class_list":{"0":"post-8149","1":"product","2":"type-product","3":"status-publish","4":"has-post-thumbnail","6":"product_cat-douche-et-wc-one-piece","7":"product_cat-tapis-de-bains","9":"first","10":"instock","11":"purchasable","12":"product-type-variable","13":"has-default-attributes"},"yoast_head":"<!-- This site is optimized with the Yoast SEO plugin v27.5 - https:\/\/yoast.com\/product\/yoast-seo-wordpress\/ -->\n<title>Tapis De Douche One Piece Pavillon Des Mugiwara | Tapis De Douche One Piece \u2013 Boutique One Piece<\/title>\n<meta name=\"description\" content=\"Tapis De Douche:\u00a0Tapis de Douche de L&#039;univers One Piece pour les vrais piratesTaille:\u00a060x40 cm 50x80 cmLivraison Offerte\" \/>\n<meta name=\"robots\" content=\"index, follow, max-snippet:-1, max-image-preview:large, max-video-preview:-1\" \/>\n<link rel=\"canonical\" href=\"https:\/\/boutique-one-piece.com\/da\/one-piece-dekorationer\/bruser-og-toilet-i-et-stykke\/one-piece-strahat-pirater-brusematte\/\" \/>\n<meta property=\"og:locale\" content=\"da_DK\" \/>\n<meta property=\"og:type\" content=\"article\" \/>\n<meta property=\"og:title\" content=\"Tapis De Douche One Piece Pavillon Des Mugiwara | Tapis De Douche One Piece \u2013 Boutique One Piece\" \/>\n<meta property=\"og:description\" content=\"Tapis De Douche:\u00a0Tapis de Douche de L&#039;univers One Piece pour les vrais piratesTaille:\u00a060x40 cm 50x80 cmLivraison Offerte\" \/>\n<meta property=\"og:url\" content=\"https:\/\/boutique-one-piece.com\/da\/one-piece-dekorationer\/bruser-og-toilet-i-et-stykke\/one-piece-strahat-pirater-brusematte\/\" \/>\n<meta property=\"og:site_name\" content=\"Boutique One Piece\" \/>\n<meta property=\"article:modified_time\" content=\"2024-09-16T11:12:08+00:00\" \/>\n<meta property=\"og:image\" content=\"https:\/\/boutique-one-piece.com\/wp-content\/uploads\/2022\/09\/Tapis-De-Douche-One-Piece-Pavillon-Des-Mugiwara.jpg\" \/>\n\t<meta property=\"og:image:width\" content=\"500\" \/>\n\t<meta property=\"og:image:height\" content=\"500\" \/>\n\t<meta property=\"og:image:type\" content=\"image\/jpeg\" \/>\n<meta name=\"twitter:card\" content=\"summary_large_image\" \/>\n<script type=\"application\/ld+json\" class=\"yoast-schema-graph\">{\"@context\":\"https:\\\/\\\/schema.org\",\"@graph\":[{\"@type\":\"WebPage\",\"@id\":\"https:\\\/\\\/boutique-one-piece.com\\\/decorations-one-piece\\\/douche-et-wc-one-piece\\\/tapis-de-douche-one-piece-pavillon-des-mugiwara\\\/\",\"url\":\"https:\\\/\\\/boutique-one-piece.com\\\/decorations-one-piece\\\/douche-et-wc-one-piece\\\/tapis-de-douche-one-piece-pavillon-des-mugiwara\\\/\",\"name\":\"Tapis De Douche One Piece Pavillon Des Mugiwara | Tapis De Douche One Piece \u2013 Boutique One Piece\",\"isPartOf\":{\"@id\":\"https:\\\/\\\/boutique-one-piece.com\\\/#website\"},\"primaryImageOfPage\":{\"@id\":\"https:\\\/\\\/boutique-one-piece.com\\\/decorations-one-piece\\\/douche-et-wc-one-piece\\\/tapis-de-douche-one-piece-pavillon-des-mugiwara\\\/#primaryimage\"},\"image\":{\"@id\":\"https:\\\/\\\/boutique-one-piece.com\\\/decorations-one-piece\\\/douche-et-wc-one-piece\\\/tapis-de-douche-one-piece-pavillon-des-mugiwara\\\/#primaryimage\"},\"thumbnailUrl\":\"https:\\\/\\\/boutique-one-piece.com\\\/wp-content\\\/uploads\\\/2022\\\/09\\\/Tapis-De-Douche-One-Piece-Pavillon-Des-Mugiwara.jpg\",\"datePublished\":\"2022-09-27T18:53:21+00:00\",\"dateModified\":\"2024-09-16T11:12:08+00:00\",\"description\":\"Tapis De Douche:\u00a0Tapis de Douche de L'univers One Piece pour les vrais piratesTaille:\u00a060x40 cm 50x80 cmLivraison Offerte\",\"breadcrumb\":{\"@id\":\"https:\\\/\\\/boutique-one-piece.com\\\/decorations-one-piece\\\/douche-et-wc-one-piece\\\/tapis-de-douche-one-piece-pavillon-des-mugiwara\\\/#breadcrumb\"},\"inLanguage\":\"da-DK\",\"potentialAction\":[{\"@type\":\"ReadAction\",\"target\":[\"https:\\\/\\\/boutique-one-piece.com\\\/decorations-one-piece\\\/douche-et-wc-one-piece\\\/tapis-de-douche-one-piece-pavillon-des-mugiwara\\\/\"]}]},{\"@type\":\"ImageObject\",\"inLanguage\":\"da-DK\",\"@id\":\"https:\\\/\\\/boutique-one-piece.com\\\/decorations-one-piece\\\/douche-et-wc-one-piece\\\/tapis-de-douche-one-piece-pavillon-des-mugiwara\\\/#primaryimage\",\"url\":\"https:\\\/\\\/boutique-one-piece.com\\\/wp-content\\\/uploads\\\/2022\\\/09\\\/Tapis-De-Douche-One-Piece-Pavillon-Des-Mugiwara.jpg\",\"contentUrl\":\"https:\\\/\\\/boutique-one-piece.com\\\/wp-content\\\/uploads\\\/2022\\\/09\\\/Tapis-De-Douche-One-Piece-Pavillon-Des-Mugiwara.jpg\",\"width\":500,\"height\":500,\"caption\":\"Tapis De Douche One Piece Pavillon Des Mugiwara50x80cm\"},{\"@type\":\"BreadcrumbList\",\"@id\":\"https:\\\/\\\/boutique-one-piece.com\\\/decorations-one-piece\\\/douche-et-wc-one-piece\\\/tapis-de-douche-one-piece-pavillon-des-mugiwara\\\/#breadcrumb\",\"itemListElement\":[{\"@type\":\"ListItem\",\"position\":1,\"name\":\"Home\",\"item\":\"https:\\\/\\\/boutique-one-piece.com\\\/\"},{\"@type\":\"ListItem\",\"position\":2,\"name\":\"Shop\",\"item\":\"https:\\\/\\\/boutique-one-piece.com\\\/shop\\\/\"},{\"@type\":\"ListItem\",\"position\":3,\"name\":\"Tapis De Douche One Piece Pavillon Des Mugiwara\"}]},{\"@type\":\"WebSite\",\"@id\":\"https:\\\/\\\/boutique-one-piece.com\\\/#website\",\"url\":\"https:\\\/\\\/boutique-one-piece.com\\\/\",\"name\":\"Boutique One Piece\",\"description\":\"Magasin Sp\u00e9cialis\u00e9 du Manga et l&#039;Anime One Piece\",\"publisher\":{\"@id\":\"https:\\\/\\\/boutique-one-piece.com\\\/#organization\"},\"potentialAction\":[{\"@type\":\"SearchAction\",\"target\":{\"@type\":\"EntryPoint\",\"urlTemplate\":\"https:\\\/\\\/boutique-one-piece.com\\\/?s={search_term_string}\"},\"query-input\":{\"@type\":\"PropertyValueSpecification\",\"valueRequired\":true,\"valueName\":\"search_term_string\"}}],\"inLanguage\":\"da-DK\"},{\"@type\":\"Organization\",\"@id\":\"https:\\\/\\\/boutique-one-piece.com\\\/#organization\",\"name\":\"Boutique One Piece\",\"url\":\"https:\\\/\\\/boutique-one-piece.com\\\/\",\"logo\":{\"@type\":\"ImageObject\",\"inLanguage\":\"da-DK\",\"@id\":\"https:\\\/\\\/boutique-one-piece.com\\\/#\\\/schema\\\/logo\\\/image\\\/\",\"url\":\"https:\\\/\\\/boutique-one-piece.com\\\/wp-content\\\/uploads\\\/2022\\\/09\\\/Logo-01.png\",\"contentUrl\":\"https:\\\/\\\/boutique-one-piece.com\\\/wp-content\\\/uploads\\\/2022\\\/09\\\/Logo-01.png\",\"width\":2318,\"height\":957,\"caption\":\"Boutique One Piece\"},\"image\":{\"@id\":\"https:\\\/\\\/boutique-one-piece.com\\\/#\\\/schema\\\/logo\\\/image\\\/\"}}]}<\/script>\n<!-- \/ Yoast SEO plugin. -->","yoast_head_json":{"title":"One Piece Straw Hat Pavilion brusem\u00e5tte | One Piece brusem\u00e5tte \u2013 One Piece Shop","description":"Brusem\u00e5tte: Universe brusem\u00e5tte i \u00e9t stykke til \u00e6gte pirater. St\u00f8rrelse: 60x40 cm eller 50x80 cm. Gratis fragt.","robots":{"index":"index","follow":"follow","max-snippet":"max-snippet:-1","max-image-preview":"max-image-preview:large","max-video-preview":"max-video-preview:-1"},"canonical":"https:\/\/boutique-one-piece.com\/da\/one-piece-dekorationer\/bruser-og-toilet-i-et-stykke\/one-piece-strahat-pirater-brusematte\/","og_locale":"da_DK","og_type":"article","og_title":"Tapis De Douche One Piece Pavillon Des Mugiwara | Tapis De Douche One Piece \u2013 Boutique One Piece","og_description":"Tapis De Douche:\u00a0Tapis de Douche de L'univers One Piece pour les vrais piratesTaille:\u00a060x40 cm 50x80 cmLivraison Offerte","og_url":"https:\/\/boutique-one-piece.com\/da\/one-piece-dekorationer\/bruser-og-toilet-i-et-stykke\/one-piece-strahat-pirater-brusematte\/","og_site_name":"Boutique One Piece","article_modified_time":"2024-09-16T11:12:08+00:00","og_image":[{"width":500,"height":500,"url":"https:\/\/boutique-one-piece.com\/wp-content\/uploads\/2022\/09\/Tapis-De-Douche-One-Piece-Pavillon-Des-Mugiwara.jpg","type":"image\/jpeg"}],"twitter_card":"summary_large_image","schema":{"@context":"https:\/\/schema.org","@graph":[{"@type":"WebPage","@id":"https:\/\/boutique-one-piece.com\/decorations-one-piece\/douche-et-wc-one-piece\/tapis-de-douche-one-piece-pavillon-des-mugiwara\/","url":"https:\/\/boutique-one-piece.com\/decorations-one-piece\/douche-et-wc-one-piece\/tapis-de-douche-one-piece-pavillon-des-mugiwara\/","name":"One Piece Straw Hat Pavilion brusem\u00e5tte | One Piece brusem\u00e5tte \u2013 One Piece Shop","isPartOf":{"@id":"https:\/\/boutique-one-piece.com\/#website"},"primaryImageOfPage":{"@id":"https:\/\/boutique-one-piece.com\/decorations-one-piece\/douche-et-wc-one-piece\/tapis-de-douche-one-piece-pavillon-des-mugiwara\/#primaryimage"},"image":{"@id":"https:\/\/boutique-one-piece.com\/decorations-one-piece\/douche-et-wc-one-piece\/tapis-de-douche-one-piece-pavillon-des-mugiwara\/#primaryimage"},"thumbnailUrl":"https:\/\/boutique-one-piece.com\/wp-content\/uploads\/2022\/09\/Tapis-De-Douche-One-Piece-Pavillon-Des-Mugiwara.jpg","datePublished":"2022-09-27T18:53:21+00:00","dateModified":"2024-09-16T11:12:08+00:00","description":"Brusem\u00e5tte: Universe brusem\u00e5tte i \u00e9t stykke til \u00e6gte pirater. St\u00f8rrelse: 60x40 cm eller 50x80 cm. Gratis fragt.","breadcrumb":{"@id":"https:\/\/boutique-one-piece.com\/decorations-one-piece\/douche-et-wc-one-piece\/tapis-de-douche-one-piece-pavillon-des-mugiwara\/#breadcrumb"},"inLanguage":"da-DK","potentialAction":[{"@type":"ReadAction","target":["https:\/\/boutique-one-piece.com\/decorations-one-piece\/douche-et-wc-one-piece\/tapis-de-douche-one-piece-pavillon-des-mugiwara\/"]}]},{"@type":"ImageObject","inLanguage":"da-DK","@id":"https:\/\/boutique-one-piece.com\/decorations-one-piece\/douche-et-wc-one-piece\/tapis-de-douche-one-piece-pavillon-des-mugiwara\/#primaryimage","url":"https:\/\/boutique-one-piece.com\/wp-content\/uploads\/2022\/09\/Tapis-De-Douche-One-Piece-Pavillon-Des-Mugiwara.jpg","contentUrl":"https:\/\/boutique-one-piece.com\/wp-content\/uploads\/2022\/09\/Tapis-De-Douche-One-Piece-Pavillon-Des-Mugiwara.jpg","width":500,"height":500,"caption":"Tapis De Douche One Piece Pavillon Des Mugiwara50x80cm"},{"@type":"BreadcrumbList","@id":"https:\/\/boutique-one-piece.com\/decorations-one-piece\/douche-et-wc-one-piece\/tapis-de-douche-one-piece-pavillon-des-mugiwara\/#breadcrumb","itemListElement":[{"@type":"ListItem","position":1,"name":"Home","item":"https:\/\/boutique-one-piece.com\/"},{"@type":"ListItem","position":2,"name":"Shop","item":"https:\/\/boutique-one-piece.com\/shop\/"},{"@type":"ListItem","position":3,"name":"Tapis De Douche One Piece Pavillon Des Mugiwara"}]},{"@type":"WebSite","@id":"https:\/\/boutique-one-piece.com\/#website","url":"https:\/\/boutique-one-piece.com\/","name":"One Piece Shop","description":"Specialbutik for One Piece Manga og Anime","publisher":{"@id":"https:\/\/boutique-one-piece.com\/#organization"},"potentialAction":[{"@type":"SearchAction","target":{"@type":"EntryPoint","urlTemplate":"https:\/\/boutique-one-piece.com\/?s={search_term_string}"},"query-input":{"@type":"PropertyValueSpecification","valueRequired":true,"valueName":"search_term_string"}}],"inLanguage":"da-DK"},{"@type":"Organization","@id":"https:\/\/boutique-one-piece.com\/#organization","name":"One Piece Shop","url":"https:\/\/boutique-one-piece.com\/","logo":{"@type":"ImageObject","inLanguage":"da-DK","@id":"https:\/\/boutique-one-piece.com\/#\/schema\/logo\/image\/","url":"https:\/\/boutique-one-piece.com\/wp-content\/uploads\/2022\/09\/Logo-01.png","contentUrl":"https:\/\/boutique-one-piece.com\/wp-content\/uploads\/2022\/09\/Logo-01.png","width":2318,"height":957,"caption":"Boutique One Piece"},"image":{"@id":"https:\/\/boutique-one-piece.com\/#\/schema\/logo\/image\/"}}]}},"_links":{"self":[{"href":"https:\/\/boutique-one-piece.com\/da\/wp-json\/wp\/v2\/product\/8149","targetHints":{"allow":["GET"]}}],"collection":[{"href":"https:\/\/boutique-one-piece.com\/da\/wp-json\/wp\/v2\/product"}],"about":[{"href":"https:\/\/boutique-one-piece.com\/da\/wp-json\/wp\/v2\/types\/product"}],"replies":[{"embeddable":true,"href":"https:\/\/boutique-one-piece.com\/da\/wp-json\/wp\/v2\/comments?post=8149"}],"wp:featuredmedia":[{"embeddable":true,"href":"https:\/\/boutique-one-piece.com\/da\/wp-json\/wp\/v2\/media\/8151"}],"wp:attachment":[{"href":"https:\/\/boutique-one-piece.com\/da\/wp-json\/wp\/v2\/media?parent=8149"}],"wp:term":[{"taxonomy":"product_brand","embeddable":true,"href":"https:\/\/boutique-one-piece.com\/da\/wp-json\/wp\/v2\/product_brand?post=8149"},{"taxonomy":"product_cat","embeddable":true,"href":"https:\/\/boutique-one-piece.com\/da\/wp-json\/wp\/v2\/product_cat?post=8149"},{"taxonomy":"product_tag","embeddable":true,"href":"https:\/\/boutique-one-piece.com\/da\/wp-json\/wp\/v2\/product_tag?post=8149"}],"curies":[{"name":"wp","href":"https:\/\/api.w.org\/{rel}","templated":true}]}}