{"id":8245,"date":"2022-09-27T18:53:47","date_gmt":"2022-09-27T18:53:47","guid":{"rendered":"https:\/\/boutique-one-piece.com\/uncategorized\/replique-one-piece-thousand-sunny\/"},"modified":"2024-09-16T11:14:25","modified_gmt":"2024-09-16T11:14:25","slug":"replika-af-et-stykke-tusind-solrige","status":"publish","type":"product","link":"https:\/\/boutique-one-piece.com\/da\/one-piece-figurer-2\/replika-af-et-stykke-tusind-solrige\/","title":{"rendered":"Tusind solrige b\u00e5d"},"content":{"rendered":"<h2>Ung pirat, tag med p\u00e5 One Piece-eventyret. For at g\u00f8re det, skal du k\u00f8be denne Sunny One Piece-figur nu.<\/h2>\n<p>Du er uden tvivl klar over, at <strong>Tusind solrige<\/strong>, som Franky, dens designer, k\u00e6rligt kaldet Sunny, er det andet og nuv\u00e6rende skib af <strong>Str\u00e5hat-holdet<\/strong>. Han efterf\u00f8lger <strong>Vogue Merry<\/strong> fordi sidstn\u00e6vnte var i for d\u00e5rlig stand til at de kunne forts\u00e6tte deres eventyr.<\/p>\n<p>Det er et robust skib, dobbelt s\u00e5 stort som Going Merry. Det indeholder forskellige tilf\u00f8jelser, som bes\u00e6tningen \u00f8nskede sig, inden de ankom til Water 7. Water 7 er en by kendt for sine skibsbyggere med exceptionelle f\u00e6rdigheder i at bygge alle slags fart\u00f8jer. Endelig, som en sand fan af serien, m\u00e5 du ikke g\u00e5 glip af dette! <a title=\"One Piece Going Merry B\u00e5dleget\u00f8j\" href=\"https:\/\/boutique-one-piece.com\/da\/one-piece-figurer-2\/produkter\/one-piece-replika-vogue-merry\/\" target=\"_blank\" rel=\"noopener\">kopi af Going Merry<\/a>.<\/p>\n<h3>S\u00e5 er du fascineret af replikaen af Thousand Sunny? Hvis ja, s\u00e5 t\u00f8v ikke l\u00e6ngere og g\u00e5 ombord p\u00e5 skibet sammen med hele bes\u00e6tningen.<\/h3>\n<p>Ung pirat, drog afsted for at erobre<strong> One Piece-skat<\/strong>. Straw Hat-holdet venter p\u00e5 dig. F\u00e5 fingrene i disse genstande fra denne episke saga nu. Perfekte til at give som gave, dekorere eller samle p\u00e5 \u2013 disse genstande vil udvide dit One Piece-univers. Bliv et fuldgyldigt medlem af holdet!, <strong>ung s\u00f8r\u00f8ver<\/strong>. Eventyret er kun lige begyndt!<\/p>\n<h2>Information om Thousand Sunshine-figuren\u00a0<\/h2>\n<ul>\n<li><span><b><u>One Piece-figur<\/u><\/b>\u00a0Premium One Piece-figur til \u00e6gte pirater<\/span><\/li>\n<\/ul>\n<ul>\n<li>\n<b>Materie<\/b><span>\u00a0<\/span>PVC<\/li>\n<\/ul>\n<ul>\n<li><span><strong>Dimension<\/strong>\u00a0: 28 cm<\/span><\/li>\n<\/ul>\n<ul>\n<li><span><strong>GRATIS LEVERING<\/strong><\/span><\/li>\n<\/ul>","protected":false},"excerpt":{"rendered":"<p>Jeune pirate, rejoins l&rsquo;aventure One Piece. Pour ce faire procure-toi d\u00e8s maintenant cette\u00a0Figurine\u00a0Sunny One Piece. Tu n&rsquo;es pas sans savoir que le Thousand Sunny, que Franky, son concepteur, surnomme tendrement Sunny, est le second et actuel navire de L&rsquo;\u00c9quipage du Chapeau de Paille. Il succ\u00e8de au Vogue Merry car ce dernier \u00e9tait en trop mauvais [&hellip;]<\/p>","protected":false},"featured_media":8247,"comment_status":"open","ping_status":"open","template":"","meta":[],"product_brand":[],"product_cat":[76],"product_tag":[138,139],"class_list":{"0":"post-8245","1":"product","2":"type-product","3":"status-publish","4":"has-post-thumbnail","6":"product_cat-figurines-one-piece","7":"product_tag-bateau","8":"product_tag-sunny","10":"first","11":"instock","12":"purchasable","13":"product-type-simple"},"yoast_head":"<!-- This site is optimized with the Yoast SEO plugin v27.5 - https:\/\/yoast.com\/product\/yoast-seo-wordpress\/ -->\n<title>Figurine Thousand Sunny One Piece | Boutique One Piece<\/title>\n<meta name=\"description\" content=\"Jeune pirate, rejoins l&#039;aventure One Piece. Pour ce faire procure-toi d\u00e8s maintenant cette\u00a0Figurine\u00a0Sunny One Piece. Tu n&#039;es pas sans savoir que le Thousand Sunny, que Franky, son concepteur, surnomme tendrement Sunny, est le second et actuel navire de L&#039;\u00c9quipage du Chapeau de Paille. Il succ\u00e8de au Vogue Merry car ce d\" \/>\n<meta name=\"robots\" content=\"index, follow, max-snippet:-1, max-image-preview:large, max-video-preview:-1\" \/>\n<link rel=\"canonical\" href=\"https:\/\/boutique-one-piece.com\/da\/one-piece-figurer-2\/replika-af-et-stykke-tusind-solrige\/\" \/>\n<meta property=\"og:locale\" content=\"da_DK\" \/>\n<meta property=\"og:type\" content=\"article\" \/>\n<meta property=\"og:title\" content=\"Figurine Thousand Sunny One Piece | Boutique One Piece\" \/>\n<meta property=\"og:description\" content=\"Jeune pirate, rejoins l&#039;aventure One Piece. Pour ce faire procure-toi d\u00e8s maintenant cette\u00a0Figurine\u00a0Sunny One Piece. Tu n&#039;es pas sans savoir que le Thousand Sunny, que Franky, son concepteur, surnomme tendrement Sunny, est le second et actuel navire de L&#039;\u00c9quipage du Chapeau de Paille. Il succ\u00e8de au Vogue Merry car ce d\" \/>\n<meta property=\"og:url\" content=\"https:\/\/boutique-one-piece.com\/da\/one-piece-figurer-2\/replika-af-et-stykke-tusind-solrige\/\" \/>\n<meta property=\"og:site_name\" content=\"Boutique One Piece\" \/>\n<meta property=\"article:modified_time\" content=\"2024-09-16T11:14:25+00:00\" \/>\n<meta property=\"og:image\" content=\"https:\/\/boutique-one-piece.com\/wp-content\/uploads\/2022\/09\/Bateau-Thousand-Sunny.jpg\" \/>\n\t<meta property=\"og:image:width\" content=\"638\" \/>\n\t<meta property=\"og:image:height\" content=\"640\" \/>\n\t<meta property=\"og:image:type\" content=\"image\/jpeg\" \/>\n<meta name=\"twitter:card\" content=\"summary_large_image\" \/>\n<meta name=\"twitter:label1\" content=\"Estimeret l\u00e6setid\" \/>\n\t<meta name=\"twitter:data1\" content=\"2 minutter\" \/>\n<script type=\"application\/ld+json\" class=\"yoast-schema-graph\">{\"@context\":\"https:\\\/\\\/schema.org\",\"@graph\":[{\"@type\":\"WebPage\",\"@id\":\"https:\\\/\\\/boutique-one-piece.com\\\/figurines-one-piece\\\/replique-one-piece-thousand-sunny\\\/\",\"url\":\"https:\\\/\\\/boutique-one-piece.com\\\/figurines-one-piece\\\/replique-one-piece-thousand-sunny\\\/\",\"name\":\"Figurine Thousand Sunny One Piece | Boutique One Piece\",\"isPartOf\":{\"@id\":\"https:\\\/\\\/boutique-one-piece.com\\\/#website\"},\"primaryImageOfPage\":{\"@id\":\"https:\\\/\\\/boutique-one-piece.com\\\/figurines-one-piece\\\/replique-one-piece-thousand-sunny\\\/#primaryimage\"},\"image\":{\"@id\":\"https:\\\/\\\/boutique-one-piece.com\\\/figurines-one-piece\\\/replique-one-piece-thousand-sunny\\\/#primaryimage\"},\"thumbnailUrl\":\"https:\\\/\\\/boutique-one-piece.com\\\/wp-content\\\/uploads\\\/2022\\\/09\\\/Bateau-Thousand-Sunny.jpg\",\"datePublished\":\"2022-09-27T18:53:47+00:00\",\"dateModified\":\"2024-09-16T11:14:25+00:00\",\"description\":\"Jeune pirate, rejoins l'aventure One Piece. Pour ce faire procure-toi d\u00e8s maintenant cette\u00a0Figurine\u00a0Sunny One Piece. Tu n'es pas sans savoir que le Thousand Sunny, que Franky, son concepteur, surnomme tendrement Sunny, est le second et actuel navire de L'\u00c9quipage du Chapeau de Paille. Il succ\u00e8de au Vogue Merry car ce d\",\"breadcrumb\":{\"@id\":\"https:\\\/\\\/boutique-one-piece.com\\\/figurines-one-piece\\\/replique-one-piece-thousand-sunny\\\/#breadcrumb\"},\"inLanguage\":\"da-DK\",\"potentialAction\":[{\"@type\":\"ReadAction\",\"target\":[\"https:\\\/\\\/boutique-one-piece.com\\\/figurines-one-piece\\\/replique-one-piece-thousand-sunny\\\/\"]}]},{\"@type\":\"ImageObject\",\"inLanguage\":\"da-DK\",\"@id\":\"https:\\\/\\\/boutique-one-piece.com\\\/figurines-one-piece\\\/replique-one-piece-thousand-sunny\\\/#primaryimage\",\"url\":\"https:\\\/\\\/boutique-one-piece.com\\\/wp-content\\\/uploads\\\/2022\\\/09\\\/Bateau-Thousand-Sunny.jpg\",\"contentUrl\":\"https:\\\/\\\/boutique-one-piece.com\\\/wp-content\\\/uploads\\\/2022\\\/09\\\/Bateau-Thousand-Sunny.jpg\",\"width\":638,\"height\":640,\"caption\":\"Bateau Thousand SunnyDefault Title\"},{\"@type\":\"BreadcrumbList\",\"@id\":\"https:\\\/\\\/boutique-one-piece.com\\\/figurines-one-piece\\\/replique-one-piece-thousand-sunny\\\/#breadcrumb\",\"itemListElement\":[{\"@type\":\"ListItem\",\"position\":1,\"name\":\"Home\",\"item\":\"https:\\\/\\\/boutique-one-piece.com\\\/\"},{\"@type\":\"ListItem\",\"position\":2,\"name\":\"Shop\",\"item\":\"https:\\\/\\\/boutique-one-piece.com\\\/shop\\\/\"},{\"@type\":\"ListItem\",\"position\":3,\"name\":\"Bateau Thousand Sunny\"}]},{\"@type\":\"WebSite\",\"@id\":\"https:\\\/\\\/boutique-one-piece.com\\\/#website\",\"url\":\"https:\\\/\\\/boutique-one-piece.com\\\/\",\"name\":\"Boutique One Piece\",\"description\":\"Magasin Sp\u00e9cialis\u00e9 du Manga et l&#039;Anime One Piece\",\"publisher\":{\"@id\":\"https:\\\/\\\/boutique-one-piece.com\\\/#organization\"},\"potentialAction\":[{\"@type\":\"SearchAction\",\"target\":{\"@type\":\"EntryPoint\",\"urlTemplate\":\"https:\\\/\\\/boutique-one-piece.com\\\/?s={search_term_string}\"},\"query-input\":{\"@type\":\"PropertyValueSpecification\",\"valueRequired\":true,\"valueName\":\"search_term_string\"}}],\"inLanguage\":\"da-DK\"},{\"@type\":\"Organization\",\"@id\":\"https:\\\/\\\/boutique-one-piece.com\\\/#organization\",\"name\":\"Boutique One Piece\",\"url\":\"https:\\\/\\\/boutique-one-piece.com\\\/\",\"logo\":{\"@type\":\"ImageObject\",\"inLanguage\":\"da-DK\",\"@id\":\"https:\\\/\\\/boutique-one-piece.com\\\/#\\\/schema\\\/logo\\\/image\\\/\",\"url\":\"https:\\\/\\\/boutique-one-piece.com\\\/wp-content\\\/uploads\\\/2022\\\/09\\\/Logo-01.png\",\"contentUrl\":\"https:\\\/\\\/boutique-one-piece.com\\\/wp-content\\\/uploads\\\/2022\\\/09\\\/Logo-01.png\",\"width\":2318,\"height\":957,\"caption\":\"Boutique One Piece\"},\"image\":{\"@id\":\"https:\\\/\\\/boutique-one-piece.com\\\/#\\\/schema\\\/logo\\\/image\\\/\"}}]}<\/script>\n<!-- \/ Yoast SEO plugin. -->","yoast_head_json":{"title":"Thousand Sunny One Piece Figur | One Piece Shop","description":"Unge pirat, tag med p\u00e5 One Piece-eventyret! For at g\u00f8re det, skal du f\u00e5 fingrene i denne Sunny One Piece-figur nu. Du er sikkert klar over, at Thousand Sunny, k\u00e6rligt kaldet Sunny af designeren Franky, er det andet og nuv\u00e6rende skib fra Straw Hat Crew. Det efterfulgte Going Merry, fordi dette...","robots":{"index":"index","follow":"follow","max-snippet":"max-snippet:-1","max-image-preview":"max-image-preview:large","max-video-preview":"max-video-preview:-1"},"canonical":"https:\/\/boutique-one-piece.com\/da\/one-piece-figurer-2\/replika-af-et-stykke-tusind-solrige\/","og_locale":"da_DK","og_type":"article","og_title":"Figurine Thousand Sunny One Piece | Boutique One Piece","og_description":"Jeune pirate, rejoins l'aventure One Piece. Pour ce faire procure-toi d\u00e8s maintenant cette\u00a0Figurine\u00a0Sunny One Piece. Tu n'es pas sans savoir que le Thousand Sunny, que Franky, son concepteur, surnomme tendrement Sunny, est le second et actuel navire de L'\u00c9quipage du Chapeau de Paille. Il succ\u00e8de au Vogue Merry car ce d","og_url":"https:\/\/boutique-one-piece.com\/da\/one-piece-figurer-2\/replika-af-et-stykke-tusind-solrige\/","og_site_name":"Boutique One Piece","article_modified_time":"2024-09-16T11:14:25+00:00","og_image":[{"width":638,"height":640,"url":"https:\/\/boutique-one-piece.com\/wp-content\/uploads\/2022\/09\/Bateau-Thousand-Sunny.jpg","type":"image\/jpeg"}],"twitter_card":"summary_large_image","twitter_misc":{"Estimeret l\u00e6setid":"2 minutter"},"schema":{"@context":"https:\/\/schema.org","@graph":[{"@type":"WebPage","@id":"https:\/\/boutique-one-piece.com\/figurines-one-piece\/replique-one-piece-thousand-sunny\/","url":"https:\/\/boutique-one-piece.com\/figurines-one-piece\/replique-one-piece-thousand-sunny\/","name":"Thousand Sunny One Piece Figur | One Piece Shop","isPartOf":{"@id":"https:\/\/boutique-one-piece.com\/#website"},"primaryImageOfPage":{"@id":"https:\/\/boutique-one-piece.com\/figurines-one-piece\/replique-one-piece-thousand-sunny\/#primaryimage"},"image":{"@id":"https:\/\/boutique-one-piece.com\/figurines-one-piece\/replique-one-piece-thousand-sunny\/#primaryimage"},"thumbnailUrl":"https:\/\/boutique-one-piece.com\/wp-content\/uploads\/2022\/09\/Bateau-Thousand-Sunny.jpg","datePublished":"2022-09-27T18:53:47+00:00","dateModified":"2024-09-16T11:14:25+00:00","description":"Unge pirat, tag med p\u00e5 One Piece-eventyret! For at g\u00f8re det, skal du f\u00e5 fingrene i denne Sunny One Piece-figur nu. Du er sikkert klar over, at Thousand Sunny, k\u00e6rligt kaldet Sunny af designeren Franky, er det andet og nuv\u00e6rende skib fra Straw Hat Crew. Det efterfulgte Going Merry, fordi dette...","breadcrumb":{"@id":"https:\/\/boutique-one-piece.com\/figurines-one-piece\/replique-one-piece-thousand-sunny\/#breadcrumb"},"inLanguage":"da-DK","potentialAction":[{"@type":"ReadAction","target":["https:\/\/boutique-one-piece.com\/figurines-one-piece\/replique-one-piece-thousand-sunny\/"]}]},{"@type":"ImageObject","inLanguage":"da-DK","@id":"https:\/\/boutique-one-piece.com\/figurines-one-piece\/replique-one-piece-thousand-sunny\/#primaryimage","url":"https:\/\/boutique-one-piece.com\/wp-content\/uploads\/2022\/09\/Bateau-Thousand-Sunny.jpg","contentUrl":"https:\/\/boutique-one-piece.com\/wp-content\/uploads\/2022\/09\/Bateau-Thousand-Sunny.jpg","width":638,"height":640,"caption":"Bateau Thousand SunnyDefault Title"},{"@type":"BreadcrumbList","@id":"https:\/\/boutique-one-piece.com\/figurines-one-piece\/replique-one-piece-thousand-sunny\/#breadcrumb","itemListElement":[{"@type":"ListItem","position":1,"name":"Home","item":"https:\/\/boutique-one-piece.com\/"},{"@type":"ListItem","position":2,"name":"Shop","item":"https:\/\/boutique-one-piece.com\/shop\/"},{"@type":"ListItem","position":3,"name":"Bateau Thousand Sunny"}]},{"@type":"WebSite","@id":"https:\/\/boutique-one-piece.com\/#website","url":"https:\/\/boutique-one-piece.com\/","name":"One Piece Shop","description":"Specialbutik for One Piece Manga og Anime","publisher":{"@id":"https:\/\/boutique-one-piece.com\/#organization"},"potentialAction":[{"@type":"SearchAction","target":{"@type":"EntryPoint","urlTemplate":"https:\/\/boutique-one-piece.com\/?s={search_term_string}"},"query-input":{"@type":"PropertyValueSpecification","valueRequired":true,"valueName":"search_term_string"}}],"inLanguage":"da-DK"},{"@type":"Organization","@id":"https:\/\/boutique-one-piece.com\/#organization","name":"One Piece Shop","url":"https:\/\/boutique-one-piece.com\/","logo":{"@type":"ImageObject","inLanguage":"da-DK","@id":"https:\/\/boutique-one-piece.com\/#\/schema\/logo\/image\/","url":"https:\/\/boutique-one-piece.com\/wp-content\/uploads\/2022\/09\/Logo-01.png","contentUrl":"https:\/\/boutique-one-piece.com\/wp-content\/uploads\/2022\/09\/Logo-01.png","width":2318,"height":957,"caption":"Boutique One Piece"},"image":{"@id":"https:\/\/boutique-one-piece.com\/#\/schema\/logo\/image\/"}}]}},"_links":{"self":[{"href":"https:\/\/boutique-one-piece.com\/da\/wp-json\/wp\/v2\/product\/8245","targetHints":{"allow":["GET"]}}],"collection":[{"href":"https:\/\/boutique-one-piece.com\/da\/wp-json\/wp\/v2\/product"}],"about":[{"href":"https:\/\/boutique-one-piece.com\/da\/wp-json\/wp\/v2\/types\/product"}],"replies":[{"embeddable":true,"href":"https:\/\/boutique-one-piece.com\/da\/wp-json\/wp\/v2\/comments?post=8245"}],"wp:featuredmedia":[{"embeddable":true,"href":"https:\/\/boutique-one-piece.com\/da\/wp-json\/wp\/v2\/media\/8247"}],"wp:attachment":[{"href":"https:\/\/boutique-one-piece.com\/da\/wp-json\/wp\/v2\/media?parent=8245"}],"wp:term":[{"taxonomy":"product_brand","embeddable":true,"href":"https:\/\/boutique-one-piece.com\/da\/wp-json\/wp\/v2\/product_brand?post=8245"},{"taxonomy":"product_cat","embeddable":true,"href":"https:\/\/boutique-one-piece.com\/da\/wp-json\/wp\/v2\/product_cat?post=8245"},{"taxonomy":"product_tag","embeddable":true,"href":"https:\/\/boutique-one-piece.com\/da\/wp-json\/wp\/v2\/product_tag?post=8245"}],"curies":[{"name":"wp","href":"https:\/\/api.w.org\/{rel}","templated":true}]}}